{"id":3408,"date":"2020-03-21T00:57:34","date_gmt":"2020-03-21T00:57:34","guid":{"rendered":"https:\/\/alliedmet.com\/?page_id=3408"},"modified":"2022-10-17T17:30:11","modified_gmt":"2022-10-17T17:30:11","slug":"1010-gewaschene-stanzlinge","status":"publish","type":"page","link":"https:\/\/alliedmet.com\/de\/1010-gewaschene-stanzlinge\/","title":{"rendered":"1010 GEWASCHENE STANZLINGE"},"content":{"rendered":"\n<div id=\"wp-block-themeisle-blocks-advanced-columns-7a70632f\" class=\"wp-block-themeisle-blocks-advanced-columns alignfull has-1-columns has-desktop-equal-layout has-tablet-equal-layout has-mobile-equal-layout has-vertical-unset\"><div class=\"wp-block-themeisle-blocks-advanced-columns-overlay\"><\/div><div class=\"innerblocks-wrap\">\n<div id=\"wp-block-themeisle-blocks-advanced-column-cfcad2b7\" class=\"wp-block-themeisle-blocks-advanced-column\">\n<div style=\"height:20px\" aria-hidden=\"true\" class=\"wp-block-spacer ticss-d5c866b1\"><\/div>\n<\/div>\n<\/div><\/div>\n\n\n\n<div id=\"wp-block-themeisle-blocks-advanced-columns-71cad746\" class=\"wp-block-themeisle-blocks-advanced-columns has-2-columns has-desktop-equal-layout has-tablet-collapsedRows-layout has-mobile-collapsedRows-layout has-vertical-unset\"><div class=\"wp-block-themeisle-blocks-advanced-columns-overlay\"><\/div><div class=\"innerblocks-wrap\">\n<div id=\"wp-block-themeisle-blocks-advanced-column-d195c761\" class=\"wp-block-themeisle-blocks-advanced-column\">\n<h1 class=\"wp-block-heading\" id=\"h-1010-gewaschene-stanzlinge\">1010 GEWASCHENE STANZLINGE<\/h1>\n\n\n\n<figure class=\"wp-block-image size-large ticss-9475543b\"><img decoding=\"async\" width=\"667\" height=\"274\" data-src=\"https:\/\/alliedmet.com\/wp-content\/uploads\/2019\/09\/allied-metal-products-image-washed-puching.png\" alt=\"1010 GEWASCHENE STANZLINGE ist weicher Stahl, der als Schmelzbasis f\u00fcr Eisen, niedrig legierte St\u00e4hle und rostfreie St\u00e4hle, als frei flie\u00dfendes K\u00fchlmittel und als Abdeckung verwendet werden kann. Dieses Material wird nach Grad, Gr\u00f6\u00dfe und Dichte getrennt.\" class=\"wp-image-3411 lazyload\" data-srcset=\"https:\/\/alliedmet.com\/wp-content\/uploads\/2019\/09\/allied-metal-products-image-washed-puching.png 667w, https:\/\/alliedmet.com\/wp-content\/uploads\/2019\/09\/allied-metal-products-image-washed-puching-300x123.png 300w\" data-sizes=\"(max-width: 667px) 100vw, 667px\" src=\"data:image\/svg+xml;base64,PHN2ZyB3aWR0aD0iMSIgaGVpZ2h0PSIxIiB4bWxucz0iaHR0cDovL3d3dy53My5vcmcvMjAwMC9zdmciPjwvc3ZnPg==\" style=\"--smush-placeholder-width: 667px; --smush-placeholder-aspect-ratio: 667\/274;\" \/><\/figure>\n\n\n\n<h3 class=\"has-text-align-center ticss-372cafef wp-block-heading\" id=\"h-1010-gewaschene-stanzlinge-1\">1010 GEWASCHENE STANZLINGE<\/h3>\n\n\n\n<figure class=\"wp-block-table ticss-96bfa389\"><table class=\"has-fixed-layout\"><tbody><tr><td><strong>Analysis (%)<\/strong><\/td><td>Typical<\/td><\/tr><tr><td><strong>C<\/strong><\/td><td>0.07<\/td><\/tr><tr><td><strong>S<\/strong><\/td><td>0.015<\/td><\/tr><tr><td><strong>P<\/strong><\/td><td>0.015<\/td><\/tr><tr><td><strong>Mn<\/strong><\/td><td>0.42<\/td><\/tr><tr><td><strong>Si<\/strong><\/td><td>0.010<\/td><\/tr><\/tbody><\/table><\/figure>\n<\/div>\n\n\n\n<div id=\"wp-block-themeisle-blocks-advanced-column-c4a06e6c\" class=\"wp-block-themeisle-blocks-advanced-column\">\n<p class=\"has-normal-font-size\">Unsere 1010 Stanzlinge werden getrennt und getestet, um die&nbsp;\u200bHaftung\u200b&nbsp;Einhaltung von Grad, Gr\u00f6\u00dfe und Dichte zu gew\u00e4hrleisten. Das Material wird dann gewaschen, getrocknet und verpackt, um die Integrit\u00e4t des Produkts zu sch\u00fctzen. Es eignet sich f\u00fcr die Herstellung einer breiten Palette von Niedriglegierungen und Edelstahl, die in Induktions\u00f6fen und Vakuuminduktions\u00f6fen hergestellt werden. Es ist auch ein hocheffizientes, frei flie\u00dfendes K\u00fchlmittel oder als Abdeckung bei der Herstellung von duktilem Gusseisen geeignet.<\/p>\n\n\n\n<p class=\"has-normal-font-size\">Unser gro\u00dfer Lagerbestand erm\u00f6glicht es uns, Form-, Gr\u00f6\u00dfen- und analytische Optionen anzubieten, um Ihre Schmelzanforderungen zu erf\u00fcllen. Die hohe Dichte und Sauberkeit unseres Materials reduziert den Rauch, wodurch weniger Einschl\u00fcsse und weniger Porosit\u00e4t entstehen. Dar\u00fcber hinaus stellen unsere Wasch- und Trocknungsprozesse sicher, dass das Material frei von jeglicher Verunreinigung ist. Allied Metals garantiert eine Produktchemie nach den Spezifikationen unserer Kunden. AISI 1006\/1010 (EN DIN C6\/C10) und 1018\/1020 (EN DIN C15\/C20) sind ebenfalls auf Anfrage erh\u00e4ltlich.<\/p>\n\n\n\n<p class=\"has-normal-font-size\"><strong>Form &amp; Gr\u00f6\u00dfe:&nbsp;<\/strong>\u200bGr\u00f6\u00dfe nach Kundenspezifikation 150 mm x 150 mm oder 50 mm x 50 mm, 3 mm Mindestdicke<br><strong>Verpackung:&nbsp;<\/strong>\u200bVerpackt nach individuellen Anforderungen<br><strong>Verf\u00fcgbarkeit:&nbsp;<\/strong>\u200bNord- und S\u00fcdamerika, Europa<\/p>\n\n\n\n<div class=\"wp-block-buttons is-content-justification-left is-layout-flex wp-block-buttons-is-layout-flex\">\n<div class=\"wp-block-button is-style-outline is-style-outline--1\"><a class=\"wp-block-button__link has-neve-link-color-color has-white-background-color has-text-color has-background\" href=\"https:\/\/alliedmet.com\/de\/produkte\/\">VOLLST\u00c4NDIGE PRODUKTLINIE<\/a><\/div>\n\n\n\n<div class=\"wp-block-button is-style-outline is-style-outline--2\"><a class=\"wp-block-button__link has-nv-site-bg-color has-neve-text-color-background-color has-text-color has-background\" href=\"https:\/\/alliedmet.com\/de\/produktangebot-anfordern\/\">EIN ANGEBOT BEKOMMEN<\/a><\/div>\n<\/div>\n\n\n\n<p><\/p>\n<\/div>\n<\/div><\/div>\n\n\n\n<p><\/p>\n","protected":false},"excerpt":{"rendered":"","protected":false},"author":1,"featured_media":0,"parent":0,"menu_order":0,"comment_status":"closed","ping_status":"closed","template":"","meta":{"neve_meta_sidebar":"full-width","neve_meta_container":"","neve_meta_enable_content_width":"on","neve_meta_content_width":100,"neve_meta_title_alignment":"","neve_meta_author_avatar":"","neve_post_elements_order":"","neve_meta_disable_header":"off","neve_meta_disable_footer":"off","neve_meta_disable_title":"on","_themeisle_gutenberg_block_has_review":false,"footnotes":""},"class_list":["post-3408","page","type-page","status-publish","hentry"],"yoast_head":"<!-- This site is optimized with the Yoast SEO Premium plugin v27.3 (Yoast SEO v27.3) - https:\/\/yoast.com\/product\/yoast-seo-premium-wordpress\/ -->\n<title>1010 GEWASCHENE STANZLINGE - Allied Metals Corporation<\/title>\n<meta name=\"description\" content=\"Unsere 1010 Stanzlinge werden getrennt und getestet, um die \u200bHaftung\u200b Einhaltung von Grad, Gr\u00f6\u00dfe und Dichte zu gew\u00e4hrleisten. Das Material wird dann gewaschen, getrocknet und verpackt, um die Integrit\u00e4t des Produkts zu sch\u00fctzen. Es eignet sich f\u00fcr die Herstellung einer breiten Palette von Niedriglegierungen und Edelstahl, die in Induktions\u00f6fen und Vakuuminduktions\u00f6fen hergestellt werden. Es ist auch ein hocheffizientes, frei flie\u00dfendes K\u00fchlmittel oder als Abdeckung bei der Herstellung von duktilem Gusseisen geeignet. Unser gro\u00dfer Lagerbestand erm\u00f6glicht es uns, Form-, Gr\u00f6\u00dfen- und analytische Optionen anzubieten, um Ihre Schmelzanforderungen zu erf\u00fcllen. Die hohe Dichte und Sauberkeit unseres Materials reduziert den Rauch, wodurch weniger Einschl\u00fcsse und weniger Porosit\u00e4t entstehen. Dar\u00fcber hinaus stellen unsere Wasch- und Trocknungsprozesse sicher, dass das Material frei von jeglicher Verunreinigung ist. Allied Metals garantiert eine Produktchemie nach den Spezifikationen unserer Kunden. AISI 1006\/1010 (EN DIN C6\/C10) und 1018\/1020 (EN DIN C15\/C20) sind ebenfalls auf Anfrage erh\u00e4ltlich.\" \/>\n<meta name=\"robots\" content=\"index, follow, max-snippet:-1, max-image-preview:large, max-video-preview:-1\" \/>\n<link rel=\"canonical\" href=\"https:\/\/alliedmet.com\/de\/1010-gewaschene-stanzlinge\/\" \/>\n<meta property=\"og:locale\" content=\"de_DE\" \/>\n<meta property=\"og:type\" content=\"article\" \/>\n<meta property=\"og:title\" content=\"1010 GEWASCHENE STANZLINGE\" \/>\n<meta property=\"og:description\" content=\"Unsere 1010 Stanzlinge werden getrennt und getestet, um die \u200bHaftung\u200b Einhaltung von Grad, Gr\u00f6\u00dfe und Dichte zu gew\u00e4hrleisten. Das Material wird dann gewaschen, getrocknet und verpackt, um die Integrit\u00e4t des Produkts zu sch\u00fctzen. Es eignet sich f\u00fcr die Herstellung einer breiten Palette von Niedriglegierungen und Edelstahl, die in Induktions\u00f6fen und Vakuuminduktions\u00f6fen hergestellt werden. Es ist auch ein hocheffizientes, frei flie\u00dfendes K\u00fchlmittel oder als Abdeckung bei der Herstellung von duktilem Gusseisen geeignet. Unser gro\u00dfer Lagerbestand erm\u00f6glicht es uns, Form-, Gr\u00f6\u00dfen- und analytische Optionen anzubieten, um Ihre Schmelzanforderungen zu erf\u00fcllen. Die hohe Dichte und Sauberkeit unseres Materials reduziert den Rauch, wodurch weniger Einschl\u00fcsse und weniger Porosit\u00e4t entstehen. Dar\u00fcber hinaus stellen unsere Wasch- und Trocknungsprozesse sicher, dass das Material frei von jeglicher Verunreinigung ist. Allied Metals garantiert eine Produktchemie nach den Spezifikationen unserer Kunden. AISI 1006\/1010 (EN DIN C6\/C10) und 1018\/1020 (EN DIN C15\/C20) sind ebenfalls auf Anfrage erh\u00e4ltlich.\" \/>\n<meta property=\"og:url\" content=\"https:\/\/alliedmet.com\/de\/1010-gewaschene-stanzlinge\/\" \/>\n<meta property=\"og:site_name\" content=\"Allied Metals Corporation\" \/>\n<meta property=\"article:modified_time\" content=\"2022-10-17T17:30:11+00:00\" \/>\n<meta property=\"og:image\" content=\"https:\/\/alliedmet.com\/wp-content\/uploads\/2019\/09\/allied-metal-products-image-washed-puching.png\" \/>\n<meta name=\"twitter:card\" content=\"summary_large_image\" \/>\n<meta name=\"twitter:label1\" content=\"Gesch\u00e4tzte Lesezeit\" \/>\n\t<meta name=\"twitter:data1\" content=\"2\u00a0Minuten\" \/>\n<script type=\"application\/ld+json\" class=\"yoast-schema-graph\">{\"@context\":\"https:\\\/\\\/schema.org\",\"@graph\":[{\"@type\":\"WebPage\",\"@id\":\"https:\\\/\\\/alliedmet.com\\\/de\\\/1010-gewaschene-stanzlinge\\\/\",\"url\":\"https:\\\/\\\/alliedmet.com\\\/de\\\/1010-gewaschene-stanzlinge\\\/\",\"name\":\"1010 GEWASCHENE STANZLINGE - Allied Metals Corporation\",\"isPartOf\":{\"@id\":\"https:\\\/\\\/alliedmet.com\\\/de\\\/#website\"},\"primaryImageOfPage\":{\"@id\":\"https:\\\/\\\/alliedmet.com\\\/de\\\/1010-gewaschene-stanzlinge\\\/#primaryimage\"},\"image\":{\"@id\":\"https:\\\/\\\/alliedmet.com\\\/de\\\/1010-gewaschene-stanzlinge\\\/#primaryimage\"},\"thumbnailUrl\":\"https:\\\/\\\/alliedmet.com\\\/wp-content\\\/uploads\\\/2019\\\/09\\\/allied-metal-products-image-washed-puching.png\",\"datePublished\":\"2020-03-21T00:57:34+00:00\",\"dateModified\":\"2022-10-17T17:30:11+00:00\",\"description\":\"Unsere 1010 Stanzlinge werden getrennt und getestet, um die \u200bHaftung\u200b Einhaltung von Grad, Gr\u00f6\u00dfe und Dichte zu gew\u00e4hrleisten. Das Material wird dann gewaschen, getrocknet und verpackt, um die Integrit\u00e4t des Produkts zu sch\u00fctzen. Es eignet sich f\u00fcr die Herstellung einer breiten Palette von Niedriglegierungen und Edelstahl, die in Induktions\u00f6fen und Vakuuminduktions\u00f6fen hergestellt werden. Es ist auch ein hocheffizientes, frei flie\u00dfendes K\u00fchlmittel oder als Abdeckung bei der Herstellung von duktilem Gusseisen geeignet. Unser gro\u00dfer Lagerbestand erm\u00f6glicht es uns, Form-, Gr\u00f6\u00dfen- und analytische Optionen anzubieten, um Ihre Schmelzanforderungen zu erf\u00fcllen. Die hohe Dichte und Sauberkeit unseres Materials reduziert den Rauch, wodurch weniger Einschl\u00fcsse und weniger Porosit\u00e4t entstehen. Dar\u00fcber hinaus stellen unsere Wasch- und Trocknungsprozesse sicher, dass das Material frei von jeglicher Verunreinigung ist. Allied Metals garantiert eine Produktchemie nach den Spezifikationen unserer Kunden. AISI 1006\\\/1010 (EN DIN C6\\\/C10) und 1018\\\/1020 (EN DIN C15\\\/C20) sind ebenfalls auf Anfrage erh\u00e4ltlich.\",\"breadcrumb\":{\"@id\":\"https:\\\/\\\/alliedmet.com\\\/de\\\/1010-gewaschene-stanzlinge\\\/#breadcrumb\"},\"inLanguage\":\"de\",\"potentialAction\":[{\"@type\":\"ReadAction\",\"target\":[\"https:\\\/\\\/alliedmet.com\\\/de\\\/1010-gewaschene-stanzlinge\\\/\"]}]},{\"@type\":\"ImageObject\",\"inLanguage\":\"de\",\"@id\":\"https:\\\/\\\/alliedmet.com\\\/de\\\/1010-gewaschene-stanzlinge\\\/#primaryimage\",\"url\":\"https:\\\/\\\/alliedmet.com\\\/wp-content\\\/uploads\\\/2019\\\/09\\\/allied-metal-products-image-washed-puching.png\",\"contentUrl\":\"https:\\\/\\\/alliedmet.com\\\/wp-content\\\/uploads\\\/2019\\\/09\\\/allied-metal-products-image-washed-puching.png\"},{\"@type\":\"BreadcrumbList\",\"@id\":\"https:\\\/\\\/alliedmet.com\\\/de\\\/1010-gewaschene-stanzlinge\\\/#breadcrumb\",\"itemListElement\":[{\"@type\":\"ListItem\",\"position\":1,\"name\":\"Home\",\"item\":\"https:\\\/\\\/alliedmet.com\\\/de\\\/\"},{\"@type\":\"ListItem\",\"position\":2,\"name\":\"1010 GEWASCHENE STANZLINGE\"}]},{\"@type\":\"WebSite\",\"@id\":\"https:\\\/\\\/alliedmet.com\\\/de\\\/#website\",\"url\":\"https:\\\/\\\/alliedmet.com\\\/de\\\/\",\"name\":\"Allied Metals Corporation\",\"description\":\"High Purity Iron and Low Carbon Iron\",\"publisher\":{\"@id\":\"https:\\\/\\\/alliedmet.com\\\/de\\\/#organization\"},\"potentialAction\":[{\"@type\":\"SearchAction\",\"target\":{\"@type\":\"EntryPoint\",\"urlTemplate\":\"https:\\\/\\\/alliedmet.com\\\/de\\\/?s={search_term_string}\"},\"query-input\":{\"@type\":\"PropertyValueSpecification\",\"valueRequired\":true,\"valueName\":\"search_term_string\"}}],\"inLanguage\":\"de\"},{\"@type\":\"Organization\",\"@id\":\"https:\\\/\\\/alliedmet.com\\\/de\\\/#organization\",\"name\":\"Allied Metals Corporation\",\"url\":\"https:\\\/\\\/alliedmet.com\\\/de\\\/\",\"logo\":{\"@type\":\"ImageObject\",\"inLanguage\":\"de\",\"@id\":\"https:\\\/\\\/alliedmet.com\\\/de\\\/#\\\/schema\\\/logo\\\/image\\\/\",\"url\":\"https:\\\/\\\/alliedmet.com\\\/wp-content\\\/uploads\\\/2019\\\/07\\\/AMC-English-logo.png\",\"contentUrl\":\"https:\\\/\\\/alliedmet.com\\\/wp-content\\\/uploads\\\/2019\\\/07\\\/AMC-English-logo.png\",\"width\":1029,\"height\":317,\"caption\":\"Allied Metals Corporation\"},\"image\":{\"@id\":\"https:\\\/\\\/alliedmet.com\\\/de\\\/#\\\/schema\\\/logo\\\/image\\\/\"},\"sameAs\":[\"https:\\\/\\\/www.linkedin.com\\\/company\\\/allied-metals\"]}]}<\/script>\n<!-- \/ Yoast SEO Premium plugin. -->","yoast_head_json":{"title":"1010 GEWASCHENE STANZLINGE - Allied Metals Corporation","description":"Unsere 1010 Stanzlinge werden getrennt und getestet, um die \u200bHaftung\u200b Einhaltung von Grad, Gr\u00f6\u00dfe und Dichte zu gew\u00e4hrleisten. Das Material wird dann gewaschen, getrocknet und verpackt, um die Integrit\u00e4t des Produkts zu sch\u00fctzen. Es eignet sich f\u00fcr die Herstellung einer breiten Palette von Niedriglegierungen und Edelstahl, die in Induktions\u00f6fen und Vakuuminduktions\u00f6fen hergestellt werden. Es ist auch ein hocheffizientes, frei flie\u00dfendes K\u00fchlmittel oder als Abdeckung bei der Herstellung von duktilem Gusseisen geeignet. Unser gro\u00dfer Lagerbestand erm\u00f6glicht es uns, Form-, Gr\u00f6\u00dfen- und analytische Optionen anzubieten, um Ihre Schmelzanforderungen zu erf\u00fcllen. Die hohe Dichte und Sauberkeit unseres Materials reduziert den Rauch, wodurch weniger Einschl\u00fcsse und weniger Porosit\u00e4t entstehen. Dar\u00fcber hinaus stellen unsere Wasch- und Trocknungsprozesse sicher, dass das Material frei von jeglicher Verunreinigung ist. Allied Metals garantiert eine Produktchemie nach den Spezifikationen unserer Kunden. AISI 1006\/1010 (EN DIN C6\/C10) und 1018\/1020 (EN DIN C15\/C20) sind ebenfalls auf Anfrage erh\u00e4ltlich.","robots":{"index":"index","follow":"follow","max-snippet":"max-snippet:-1","max-image-preview":"max-image-preview:large","max-video-preview":"max-video-preview:-1"},"canonical":"https:\/\/alliedmet.com\/de\/1010-gewaschene-stanzlinge\/","og_locale":"de_DE","og_type":"article","og_title":"1010 GEWASCHENE STANZLINGE","og_description":"Unsere 1010 Stanzlinge werden getrennt und getestet, um die \u200bHaftung\u200b Einhaltung von Grad, Gr\u00f6\u00dfe und Dichte zu gew\u00e4hrleisten. Das Material wird dann gewaschen, getrocknet und verpackt, um die Integrit\u00e4t des Produkts zu sch\u00fctzen. Es eignet sich f\u00fcr die Herstellung einer breiten Palette von Niedriglegierungen und Edelstahl, die in Induktions\u00f6fen und Vakuuminduktions\u00f6fen hergestellt werden. Es ist auch ein hocheffizientes, frei flie\u00dfendes K\u00fchlmittel oder als Abdeckung bei der Herstellung von duktilem Gusseisen geeignet. Unser gro\u00dfer Lagerbestand erm\u00f6glicht es uns, Form-, Gr\u00f6\u00dfen- und analytische Optionen anzubieten, um Ihre Schmelzanforderungen zu erf\u00fcllen. Die hohe Dichte und Sauberkeit unseres Materials reduziert den Rauch, wodurch weniger Einschl\u00fcsse und weniger Porosit\u00e4t entstehen. Dar\u00fcber hinaus stellen unsere Wasch- und Trocknungsprozesse sicher, dass das Material frei von jeglicher Verunreinigung ist. Allied Metals garantiert eine Produktchemie nach den Spezifikationen unserer Kunden. AISI 1006\/1010 (EN DIN C6\/C10) und 1018\/1020 (EN DIN C15\/C20) sind ebenfalls auf Anfrage erh\u00e4ltlich.","og_url":"https:\/\/alliedmet.com\/de\/1010-gewaschene-stanzlinge\/","og_site_name":"Allied Metals Corporation","article_modified_time":"2022-10-17T17:30:11+00:00","og_image":[{"url":"https:\/\/alliedmet.com\/wp-content\/uploads\/2019\/09\/allied-metal-products-image-washed-puching.png","type":"","width":"","height":""}],"twitter_card":"summary_large_image","twitter_misc":{"Gesch\u00e4tzte Lesezeit":"2\u00a0Minuten"},"schema":{"@context":"https:\/\/schema.org","@graph":[{"@type":"WebPage","@id":"https:\/\/alliedmet.com\/de\/1010-gewaschene-stanzlinge\/","url":"https:\/\/alliedmet.com\/de\/1010-gewaschene-stanzlinge\/","name":"1010 GEWASCHENE STANZLINGE - Allied Metals Corporation","isPartOf":{"@id":"https:\/\/alliedmet.com\/de\/#website"},"primaryImageOfPage":{"@id":"https:\/\/alliedmet.com\/de\/1010-gewaschene-stanzlinge\/#primaryimage"},"image":{"@id":"https:\/\/alliedmet.com\/de\/1010-gewaschene-stanzlinge\/#primaryimage"},"thumbnailUrl":"https:\/\/alliedmet.com\/wp-content\/uploads\/2019\/09\/allied-metal-products-image-washed-puching.png","datePublished":"2020-03-21T00:57:34+00:00","dateModified":"2022-10-17T17:30:11+00:00","description":"Unsere 1010 Stanzlinge werden getrennt und getestet, um die \u200bHaftung\u200b Einhaltung von Grad, Gr\u00f6\u00dfe und Dichte zu gew\u00e4hrleisten. Das Material wird dann gewaschen, getrocknet und verpackt, um die Integrit\u00e4t des Produkts zu sch\u00fctzen. Es eignet sich f\u00fcr die Herstellung einer breiten Palette von Niedriglegierungen und Edelstahl, die in Induktions\u00f6fen und Vakuuminduktions\u00f6fen hergestellt werden. Es ist auch ein hocheffizientes, frei flie\u00dfendes K\u00fchlmittel oder als Abdeckung bei der Herstellung von duktilem Gusseisen geeignet. Unser gro\u00dfer Lagerbestand erm\u00f6glicht es uns, Form-, Gr\u00f6\u00dfen- und analytische Optionen anzubieten, um Ihre Schmelzanforderungen zu erf\u00fcllen. Die hohe Dichte und Sauberkeit unseres Materials reduziert den Rauch, wodurch weniger Einschl\u00fcsse und weniger Porosit\u00e4t entstehen. Dar\u00fcber hinaus stellen unsere Wasch- und Trocknungsprozesse sicher, dass das Material frei von jeglicher Verunreinigung ist. Allied Metals garantiert eine Produktchemie nach den Spezifikationen unserer Kunden. AISI 1006\/1010 (EN DIN C6\/C10) und 1018\/1020 (EN DIN C15\/C20) sind ebenfalls auf Anfrage erh\u00e4ltlich.","breadcrumb":{"@id":"https:\/\/alliedmet.com\/de\/1010-gewaschene-stanzlinge\/#breadcrumb"},"inLanguage":"de","potentialAction":[{"@type":"ReadAction","target":["https:\/\/alliedmet.com\/de\/1010-gewaschene-stanzlinge\/"]}]},{"@type":"ImageObject","inLanguage":"de","@id":"https:\/\/alliedmet.com\/de\/1010-gewaschene-stanzlinge\/#primaryimage","url":"https:\/\/alliedmet.com\/wp-content\/uploads\/2019\/09\/allied-metal-products-image-washed-puching.png","contentUrl":"https:\/\/alliedmet.com\/wp-content\/uploads\/2019\/09\/allied-metal-products-image-washed-puching.png"},{"@type":"BreadcrumbList","@id":"https:\/\/alliedmet.com\/de\/1010-gewaschene-stanzlinge\/#breadcrumb","itemListElement":[{"@type":"ListItem","position":1,"name":"Home","item":"https:\/\/alliedmet.com\/de\/"},{"@type":"ListItem","position":2,"name":"1010 GEWASCHENE STANZLINGE"}]},{"@type":"WebSite","@id":"https:\/\/alliedmet.com\/de\/#website","url":"https:\/\/alliedmet.com\/de\/","name":"Allied Metals Corporation","description":"High Purity Iron and Low Carbon Iron","publisher":{"@id":"https:\/\/alliedmet.com\/de\/#organization"},"potentialAction":[{"@type":"SearchAction","target":{"@type":"EntryPoint","urlTemplate":"https:\/\/alliedmet.com\/de\/?s={search_term_string}"},"query-input":{"@type":"PropertyValueSpecification","valueRequired":true,"valueName":"search_term_string"}}],"inLanguage":"de"},{"@type":"Organization","@id":"https:\/\/alliedmet.com\/de\/#organization","name":"Allied Metals Corporation","url":"https:\/\/alliedmet.com\/de\/","logo":{"@type":"ImageObject","inLanguage":"de","@id":"https:\/\/alliedmet.com\/de\/#\/schema\/logo\/image\/","url":"https:\/\/alliedmet.com\/wp-content\/uploads\/2019\/07\/AMC-English-logo.png","contentUrl":"https:\/\/alliedmet.com\/wp-content\/uploads\/2019\/07\/AMC-English-logo.png","width":1029,"height":317,"caption":"Allied Metals Corporation"},"image":{"@id":"https:\/\/alliedmet.com\/de\/#\/schema\/logo\/image\/"},"sameAs":["https:\/\/www.linkedin.com\/company\/allied-metals"]}]}},"_links":{"self":[{"href":"https:\/\/alliedmet.com\/de\/wp-json\/wp\/v2\/pages\/3408","targetHints":{"allow":["GET"]}}],"collection":[{"href":"https:\/\/alliedmet.com\/de\/wp-json\/wp\/v2\/pages"}],"about":[{"href":"https:\/\/alliedmet.com\/de\/wp-json\/wp\/v2\/types\/page"}],"author":[{"embeddable":true,"href":"https:\/\/alliedmet.com\/de\/wp-json\/wp\/v2\/users\/1"}],"replies":[{"embeddable":true,"href":"https:\/\/alliedmet.com\/de\/wp-json\/wp\/v2\/comments?post=3408"}],"version-history":[{"count":0,"href":"https:\/\/alliedmet.com\/de\/wp-json\/wp\/v2\/pages\/3408\/revisions"}],"wp:attachment":[{"href":"https:\/\/alliedmet.com\/de\/wp-json\/wp\/v2\/media?parent=3408"}],"curies":[{"name":"wp","href":"https:\/\/api.w.org\/{rel}","templated":true}]}}