{"id":3414,"date":"2020-03-21T01:07:53","date_gmt":"2020-03-21T01:07:53","guid":{"rendered":"https:\/\/alliedmet.com\/?page_id=3414"},"modified":"2021-04-11T00:30:55","modified_gmt":"2021-04-11T00:30:55","slug":"luft-und-raumfahrt","status":"publish","type":"page","link":"https:\/\/alliedmet.com\/de\/luft-und-raumfahrt\/","title":{"rendered":"LUFT- UND RAUMFAHRT"},"content":{"rendered":"\n<div class=\"wp-block-themeisle-blocks-advanced-columns has-1-columns has-desktop-equal-layout has-tablet-equal-layout has-mobile-equal-layout has-nogap-gap has-vertical-unset\" id=\"wp-block-themeisle-blocks-advanced-columns-c152cdfd\"><div class=\"wp-block-themeisle-blocks-advanced-columns-overlay\"><\/div><div class=\"innerblocks-wrap\">\n<div class=\"wp-block-themeisle-blocks-advanced-column\" id=\"wp-block-themeisle-blocks-advanced-column-117f305c\">\n<div style=\"height:20px\" aria-hidden=\"true\" class=\"wp-block-spacer ticss-a631a353\"><\/div>\n<\/div>\n<\/div><\/div>\n\n\n\n<div class=\"wp-block-themeisle-blocks-advanced-columns has-2-columns has-desktop-equal-layout has-tablet-collapsedRows-layout has-mobile-collapsedRows-layout has-default-gap has-vertical-unset ticss-e5cee56a\" id=\"wp-block-themeisle-blocks-advanced-columns-cebef55c\"><div class=\"wp-block-themeisle-blocks-advanced-columns-overlay\"><\/div><div class=\"innerblocks-wrap\">\n<div class=\"wp-block-themeisle-blocks-advanced-column\" id=\"wp-block-themeisle-blocks-advanced-column-61e6b4e6\">\n<h1 id=\"wp-block-themeisle-blocks-advanced-heading-d6d2acd8\" class=\"wp-block-themeisle-blocks-advanced-heading wp-block-themeisle-blocks-advanced-heading-d6d2acd8\">LUFT- und RAUMFAHRT<\/h1>\n\n\n\n<figure class=\"wp-block-image size-large ticss-bdc48abf\"><img decoding=\"async\" width=\"1024\" height=\"623\" data-src=\"https:\/\/alliedmet.com\/wp-content\/uploads\/2019\/07\/allied-metal-header-aerospace-1024x623.jpg\" alt=\"Superlegierungen f\u00fcr die Luft- und Raumfahrt\" class=\"wp-image-3556 lazyload\" data-srcset=\"https:\/\/alliedmet.com\/wp-content\/uploads\/2019\/07\/allied-metal-header-aerospace-1024x623.jpg 1024w, https:\/\/alliedmet.com\/wp-content\/uploads\/2019\/07\/allied-metal-header-aerospace-300x183.jpg 300w, https:\/\/alliedmet.com\/wp-content\/uploads\/2019\/07\/allied-metal-header-aerospace-768x467.jpg 768w, https:\/\/alliedmet.com\/wp-content\/uploads\/2019\/07\/allied-metal-header-aerospace.jpg 1200w\" data-sizes=\"(max-width: 1024px) 100vw, 1024px\" src=\"data:image\/svg+xml;base64,PHN2ZyB3aWR0aD0iMSIgaGVpZ2h0PSIxIiB4bWxucz0iaHR0cDovL3d3dy53My5vcmcvMjAwMC9zdmciPjwvc3ZnPg==\" style=\"--smush-placeholder-width: 1024px; --smush-placeholder-aspect-ratio: 1024\/623;\" \/><\/figure>\n\n\n\n<h4 id=\"wp-block-themeisle-blocks-advanced-heading-b10ce96b\" class=\"wp-block-themeisle-blocks-advanced-heading wp-block-themeisle-blocks-advanced-heading-b10ce96b\">Die Integrit\u00e4t dieser hochentwickelten Systeme &#8211; ihre St\u00e4rke und Effizienz &#8211; steht in direktem Zusammenhang mit der extrem hohen Reinheit der von uns verkauften Produkte.<\/h4>\n<\/div>\n\n\n\n<div class=\"wp-block-themeisle-blocks-advanced-column\" id=\"wp-block-themeisle-blocks-advanced-column-99fe901a\">\n<p class=\"has-normal-font-size\">Superlegierungen sind integraler Bestandteil der Entwicklung, Konstruktion und Herstellung von immer anspruchsvolleren Komponenten und Systemen, die im Herzen der Luft- und Raumfahrtindustrie zu finden sind. Hohe Temperatur- und Korrosionsbest\u00e4ndigkeit, optimale Leistung sowie Kosten- und Betriebseffizienz geh\u00f6ren zu den bestimmenden Faktoren f\u00fcr eine optimale Leistung. Unsere Produkte spielen eine zentrale Rolle bei der Entwicklung und Anwendung einer Vielzahl dieser Legierungen. Unsere Produkte m\u00fcssen die optimale Leistung erf\u00fcllen, die in den Verbrennungs- und Kompressionsr\u00e4umen von D\u00fcsentriebwerken, mechanischen Fl\u00fcgelbet\u00e4tigungssystemen sowie in Fahrwerken und Bremsen gefordert wird. Tats\u00e4chlich enth\u00e4lt praktisch jedes weltweit hergestellte D\u00fcsenflugzeug &#8211; privat, gewerblich und milit\u00e4risch &#8211; kritische Komponenten, die unsere Produkte in ihrer Zusammensetzung enthalten.<br>W\u00e4hrend sich die Zukunft des Fliegens weiterentwickelt, freuen wir uns darauf, eine immer wertvollere Rolle bei der Entwicklung von Flugzeugkomponenten zu spielen, die den Herausforderungen von morgen gerecht werden.<\/p>\n<\/div>\n<\/div><\/div>\n","protected":false},"excerpt":{"rendered":"","protected":false},"author":1,"featured_media":0,"parent":0,"menu_order":0,"comment_status":"closed","ping_status":"closed","template":"","meta":{"neve_meta_sidebar":"full-width","neve_meta_container":"","neve_meta_enable_content_width":"on","neve_meta_content_width":100,"neve_meta_title_alignment":"","neve_meta_author_avatar":"","neve_post_elements_order":"","neve_meta_disable_header":"","neve_meta_disable_footer":"","neve_meta_disable_title":"on","_themeisle_gutenberg_block_has_review":false,"footnotes":""},"class_list":["post-3414","page","type-page","status-publish","hentry"],"yoast_head":"<!-- This site is optimized with the Yoast SEO Premium plugin v27.3 (Yoast SEO v27.3) - https:\/\/yoast.com\/product\/yoast-seo-premium-wordpress\/ -->\n<title>LUFT- UND RAUMFAHRT - Allied Metals Corporation<\/title>\n<meta name=\"description\" content=\"Superlegierungen sind integraler Bestandteil der Entwicklung, Konstruktion und Herstellung von immer anspruchsvolleren Komponenten und Systemen, die im Herzen der Luft- und Raumfahrtindustrie zu finden sind. Hohe Temperatur- und Korrosionsbest\u00e4ndigkeit, optimale Leistung sowie Kosten- und Betriebseffizienz geh\u00f6ren zu den bestimmenden Faktoren f\u00fcr eine optimale Leistung. Unsere Produkte spielen eine zentrale Rolle bei der Entwicklung und Anwendung einer Vielzahl dieser Legierungen. Unsere Produkte m\u00fcssen die optimale Leistung erf\u00fcllen, die in den Verbrennungs- und Kompressionsr\u00e4umen von D\u00fcsentriebwerken, mechanischen Fl\u00fcgelbet\u00e4tigungssystemen sowie in Fahrwerken und Bremsen gefordert wird. Tats\u00e4chlich enth\u00e4lt praktisch jedes weltweit hergestellte D\u00fcsenflugzeug - privat, gewerblich und milit\u00e4risch - kritische Komponenten, die unsere Produkte in ihrer Zusammensetzung enthalten.W\u00e4hrend sich die Zukunft des Fliegens weiterentwickelt, freuen wir uns darauf, eine immer wertvollere Rolle bei der Entwicklung von Flugzeugkomponenten zu spielen, die den Herausforderungen von morgen gerecht werden.\" \/>\n<meta name=\"robots\" content=\"index, follow, max-snippet:-1, max-image-preview:large, max-video-preview:-1\" \/>\n<link rel=\"canonical\" href=\"https:\/\/alliedmet.com\/de\/luft-und-raumfahrt\/\" \/>\n<meta property=\"og:locale\" content=\"de_DE\" \/>\n<meta property=\"og:type\" content=\"article\" \/>\n<meta property=\"og:title\" content=\"LUFT- UND RAUMFAHRT\" \/>\n<meta property=\"og:description\" content=\"Superlegierungen sind integraler Bestandteil der Entwicklung, Konstruktion und Herstellung von immer anspruchsvolleren Komponenten und Systemen, die im Herzen der Luft- und Raumfahrtindustrie zu finden sind. Hohe Temperatur- und Korrosionsbest\u00e4ndigkeit, optimale Leistung sowie Kosten- und Betriebseffizienz geh\u00f6ren zu den bestimmenden Faktoren f\u00fcr eine optimale Leistung. Unsere Produkte spielen eine zentrale Rolle bei der Entwicklung und Anwendung einer Vielzahl dieser Legierungen. Unsere Produkte m\u00fcssen die optimale Leistung erf\u00fcllen, die in den Verbrennungs- und Kompressionsr\u00e4umen von D\u00fcsentriebwerken, mechanischen Fl\u00fcgelbet\u00e4tigungssystemen sowie in Fahrwerken und Bremsen gefordert wird. Tats\u00e4chlich enth\u00e4lt praktisch jedes weltweit hergestellte D\u00fcsenflugzeug - privat, gewerblich und milit\u00e4risch - kritische Komponenten, die unsere Produkte in ihrer Zusammensetzung enthalten.W\u00e4hrend sich die Zukunft des Fliegens weiterentwickelt, freuen wir uns darauf, eine immer wertvollere Rolle bei der Entwicklung von Flugzeugkomponenten zu spielen, die den Herausforderungen von morgen gerecht werden.\" \/>\n<meta property=\"og:url\" content=\"https:\/\/alliedmet.com\/de\/luft-und-raumfahrt\/\" \/>\n<meta property=\"og:site_name\" content=\"Allied Metals Corporation\" \/>\n<meta property=\"article:modified_time\" content=\"2021-04-11T00:30:55+00:00\" \/>\n<meta property=\"og:image\" content=\"https:\/\/alliedmet.com\/wp-content\/uploads\/2019\/07\/allied-metal-header-aerospace-1024x623.jpg\" \/>\n<meta name=\"twitter:card\" content=\"summary_large_image\" \/>\n<meta name=\"twitter:label1\" content=\"Gesch\u00e4tzte Lesezeit\" \/>\n\t<meta name=\"twitter:data1\" content=\"1\u00a0Minute\" \/>\n<script type=\"application\/ld+json\" class=\"yoast-schema-graph\">{\"@context\":\"https:\\\/\\\/schema.org\",\"@graph\":[{\"@type\":\"WebPage\",\"@id\":\"https:\\\/\\\/alliedmet.com\\\/de\\\/luft-und-raumfahrt\\\/\",\"url\":\"https:\\\/\\\/alliedmet.com\\\/de\\\/luft-und-raumfahrt\\\/\",\"name\":\"LUFT- UND RAUMFAHRT - Allied Metals Corporation\",\"isPartOf\":{\"@id\":\"https:\\\/\\\/alliedmet.com\\\/de\\\/#website\"},\"primaryImageOfPage\":{\"@id\":\"https:\\\/\\\/alliedmet.com\\\/de\\\/luft-und-raumfahrt\\\/#primaryimage\"},\"image\":{\"@id\":\"https:\\\/\\\/alliedmet.com\\\/de\\\/luft-und-raumfahrt\\\/#primaryimage\"},\"thumbnailUrl\":\"https:\\\/\\\/alliedmet.com\\\/wp-content\\\/uploads\\\/2019\\\/07\\\/allied-metal-header-aerospace-1024x623.jpg\",\"datePublished\":\"2020-03-21T01:07:53+00:00\",\"dateModified\":\"2021-04-11T00:30:55+00:00\",\"description\":\"Superlegierungen sind integraler Bestandteil der Entwicklung, Konstruktion und Herstellung von immer anspruchsvolleren Komponenten und Systemen, die im Herzen der Luft- und Raumfahrtindustrie zu finden sind. Hohe Temperatur- und Korrosionsbest\u00e4ndigkeit, optimale Leistung sowie Kosten- und Betriebseffizienz geh\u00f6ren zu den bestimmenden Faktoren f\u00fcr eine optimale Leistung. Unsere Produkte spielen eine zentrale Rolle bei der Entwicklung und Anwendung einer Vielzahl dieser Legierungen. Unsere Produkte m\u00fcssen die optimale Leistung erf\u00fcllen, die in den Verbrennungs- und Kompressionsr\u00e4umen von D\u00fcsentriebwerken, mechanischen Fl\u00fcgelbet\u00e4tigungssystemen sowie in Fahrwerken und Bremsen gefordert wird. Tats\u00e4chlich enth\u00e4lt praktisch jedes weltweit hergestellte D\u00fcsenflugzeug - privat, gewerblich und milit\u00e4risch - kritische Komponenten, die unsere Produkte in ihrer Zusammensetzung enthalten.W\u00e4hrend sich die Zukunft des Fliegens weiterentwickelt, freuen wir uns darauf, eine immer wertvollere Rolle bei der Entwicklung von Flugzeugkomponenten zu spielen, die den Herausforderungen von morgen gerecht werden.\",\"breadcrumb\":{\"@id\":\"https:\\\/\\\/alliedmet.com\\\/de\\\/luft-und-raumfahrt\\\/#breadcrumb\"},\"inLanguage\":\"de\",\"potentialAction\":[{\"@type\":\"ReadAction\",\"target\":[\"https:\\\/\\\/alliedmet.com\\\/de\\\/luft-und-raumfahrt\\\/\"]}]},{\"@type\":\"ImageObject\",\"inLanguage\":\"de\",\"@id\":\"https:\\\/\\\/alliedmet.com\\\/de\\\/luft-und-raumfahrt\\\/#primaryimage\",\"url\":\"https:\\\/\\\/alliedmet.com\\\/wp-content\\\/uploads\\\/2019\\\/07\\\/allied-metal-header-aerospace-1024x623.jpg\",\"contentUrl\":\"https:\\\/\\\/alliedmet.com\\\/wp-content\\\/uploads\\\/2019\\\/07\\\/allied-metal-header-aerospace-1024x623.jpg\"},{\"@type\":\"BreadcrumbList\",\"@id\":\"https:\\\/\\\/alliedmet.com\\\/de\\\/luft-und-raumfahrt\\\/#breadcrumb\",\"itemListElement\":[{\"@type\":\"ListItem\",\"position\":1,\"name\":\"Home\",\"item\":\"https:\\\/\\\/alliedmet.com\\\/de\\\/\"},{\"@type\":\"ListItem\",\"position\":2,\"name\":\"LUFT- UND RAUMFAHRT\"}]},{\"@type\":\"WebSite\",\"@id\":\"https:\\\/\\\/alliedmet.com\\\/de\\\/#website\",\"url\":\"https:\\\/\\\/alliedmet.com\\\/de\\\/\",\"name\":\"Allied Metals Corporation\",\"description\":\"High Purity Iron and Low Carbon Iron\",\"publisher\":{\"@id\":\"https:\\\/\\\/alliedmet.com\\\/de\\\/#organization\"},\"potentialAction\":[{\"@type\":\"SearchAction\",\"target\":{\"@type\":\"EntryPoint\",\"urlTemplate\":\"https:\\\/\\\/alliedmet.com\\\/de\\\/?s={search_term_string}\"},\"query-input\":{\"@type\":\"PropertyValueSpecification\",\"valueRequired\":true,\"valueName\":\"search_term_string\"}}],\"inLanguage\":\"de\"},{\"@type\":\"Organization\",\"@id\":\"https:\\\/\\\/alliedmet.com\\\/de\\\/#organization\",\"name\":\"Allied Metals Corporation\",\"url\":\"https:\\\/\\\/alliedmet.com\\\/de\\\/\",\"logo\":{\"@type\":\"ImageObject\",\"inLanguage\":\"de\",\"@id\":\"https:\\\/\\\/alliedmet.com\\\/de\\\/#\\\/schema\\\/logo\\\/image\\\/\",\"url\":\"https:\\\/\\\/alliedmet.com\\\/wp-content\\\/uploads\\\/2019\\\/07\\\/AMC-English-logo.png\",\"contentUrl\":\"https:\\\/\\\/alliedmet.com\\\/wp-content\\\/uploads\\\/2019\\\/07\\\/AMC-English-logo.png\",\"width\":1029,\"height\":317,\"caption\":\"Allied Metals Corporation\"},\"image\":{\"@id\":\"https:\\\/\\\/alliedmet.com\\\/de\\\/#\\\/schema\\\/logo\\\/image\\\/\"},\"sameAs\":[\"https:\\\/\\\/www.linkedin.com\\\/company\\\/allied-metals\"]}]}<\/script>\n<!-- \/ Yoast SEO Premium plugin. -->","yoast_head_json":{"title":"LUFT- UND RAUMFAHRT - Allied Metals Corporation","description":"Superlegierungen sind integraler Bestandteil der Entwicklung, Konstruktion und Herstellung von immer anspruchsvolleren Komponenten und Systemen, die im Herzen der Luft- und Raumfahrtindustrie zu finden sind. Hohe Temperatur- und Korrosionsbest\u00e4ndigkeit, optimale Leistung sowie Kosten- und Betriebseffizienz geh\u00f6ren zu den bestimmenden Faktoren f\u00fcr eine optimale Leistung. Unsere Produkte spielen eine zentrale Rolle bei der Entwicklung und Anwendung einer Vielzahl dieser Legierungen. Unsere Produkte m\u00fcssen die optimale Leistung erf\u00fcllen, die in den Verbrennungs- und Kompressionsr\u00e4umen von D\u00fcsentriebwerken, mechanischen Fl\u00fcgelbet\u00e4tigungssystemen sowie in Fahrwerken und Bremsen gefordert wird. Tats\u00e4chlich enth\u00e4lt praktisch jedes weltweit hergestellte D\u00fcsenflugzeug - privat, gewerblich und milit\u00e4risch - kritische Komponenten, die unsere Produkte in ihrer Zusammensetzung enthalten.W\u00e4hrend sich die Zukunft des Fliegens weiterentwickelt, freuen wir uns darauf, eine immer wertvollere Rolle bei der Entwicklung von Flugzeugkomponenten zu spielen, die den Herausforderungen von morgen gerecht werden.","robots":{"index":"index","follow":"follow","max-snippet":"max-snippet:-1","max-image-preview":"max-image-preview:large","max-video-preview":"max-video-preview:-1"},"canonical":"https:\/\/alliedmet.com\/de\/luft-und-raumfahrt\/","og_locale":"de_DE","og_type":"article","og_title":"LUFT- UND RAUMFAHRT","og_description":"Superlegierungen sind integraler Bestandteil der Entwicklung, Konstruktion und Herstellung von immer anspruchsvolleren Komponenten und Systemen, die im Herzen der Luft- und Raumfahrtindustrie zu finden sind. Hohe Temperatur- und Korrosionsbest\u00e4ndigkeit, optimale Leistung sowie Kosten- und Betriebseffizienz geh\u00f6ren zu den bestimmenden Faktoren f\u00fcr eine optimale Leistung. Unsere Produkte spielen eine zentrale Rolle bei der Entwicklung und Anwendung einer Vielzahl dieser Legierungen. Unsere Produkte m\u00fcssen die optimale Leistung erf\u00fcllen, die in den Verbrennungs- und Kompressionsr\u00e4umen von D\u00fcsentriebwerken, mechanischen Fl\u00fcgelbet\u00e4tigungssystemen sowie in Fahrwerken und Bremsen gefordert wird. Tats\u00e4chlich enth\u00e4lt praktisch jedes weltweit hergestellte D\u00fcsenflugzeug - privat, gewerblich und milit\u00e4risch - kritische Komponenten, die unsere Produkte in ihrer Zusammensetzung enthalten.W\u00e4hrend sich die Zukunft des Fliegens weiterentwickelt, freuen wir uns darauf, eine immer wertvollere Rolle bei der Entwicklung von Flugzeugkomponenten zu spielen, die den Herausforderungen von morgen gerecht werden.","og_url":"https:\/\/alliedmet.com\/de\/luft-und-raumfahrt\/","og_site_name":"Allied Metals Corporation","article_modified_time":"2021-04-11T00:30:55+00:00","og_image":[{"url":"https:\/\/alliedmet.com\/wp-content\/uploads\/2019\/07\/allied-metal-header-aerospace-1024x623.jpg","type":"","width":"","height":""}],"twitter_card":"summary_large_image","twitter_misc":{"Gesch\u00e4tzte Lesezeit":"1\u00a0Minute"},"schema":{"@context":"https:\/\/schema.org","@graph":[{"@type":"WebPage","@id":"https:\/\/alliedmet.com\/de\/luft-und-raumfahrt\/","url":"https:\/\/alliedmet.com\/de\/luft-und-raumfahrt\/","name":"LUFT- UND RAUMFAHRT - Allied Metals Corporation","isPartOf":{"@id":"https:\/\/alliedmet.com\/de\/#website"},"primaryImageOfPage":{"@id":"https:\/\/alliedmet.com\/de\/luft-und-raumfahrt\/#primaryimage"},"image":{"@id":"https:\/\/alliedmet.com\/de\/luft-und-raumfahrt\/#primaryimage"},"thumbnailUrl":"https:\/\/alliedmet.com\/wp-content\/uploads\/2019\/07\/allied-metal-header-aerospace-1024x623.jpg","datePublished":"2020-03-21T01:07:53+00:00","dateModified":"2021-04-11T00:30:55+00:00","description":"Superlegierungen sind integraler Bestandteil der Entwicklung, Konstruktion und Herstellung von immer anspruchsvolleren Komponenten und Systemen, die im Herzen der Luft- und Raumfahrtindustrie zu finden sind. Hohe Temperatur- und Korrosionsbest\u00e4ndigkeit, optimale Leistung sowie Kosten- und Betriebseffizienz geh\u00f6ren zu den bestimmenden Faktoren f\u00fcr eine optimale Leistung. Unsere Produkte spielen eine zentrale Rolle bei der Entwicklung und Anwendung einer Vielzahl dieser Legierungen. Unsere Produkte m\u00fcssen die optimale Leistung erf\u00fcllen, die in den Verbrennungs- und Kompressionsr\u00e4umen von D\u00fcsentriebwerken, mechanischen Fl\u00fcgelbet\u00e4tigungssystemen sowie in Fahrwerken und Bremsen gefordert wird. Tats\u00e4chlich enth\u00e4lt praktisch jedes weltweit hergestellte D\u00fcsenflugzeug - privat, gewerblich und milit\u00e4risch - kritische Komponenten, die unsere Produkte in ihrer Zusammensetzung enthalten.W\u00e4hrend sich die Zukunft des Fliegens weiterentwickelt, freuen wir uns darauf, eine immer wertvollere Rolle bei der Entwicklung von Flugzeugkomponenten zu spielen, die den Herausforderungen von morgen gerecht werden.","breadcrumb":{"@id":"https:\/\/alliedmet.com\/de\/luft-und-raumfahrt\/#breadcrumb"},"inLanguage":"de","potentialAction":[{"@type":"ReadAction","target":["https:\/\/alliedmet.com\/de\/luft-und-raumfahrt\/"]}]},{"@type":"ImageObject","inLanguage":"de","@id":"https:\/\/alliedmet.com\/de\/luft-und-raumfahrt\/#primaryimage","url":"https:\/\/alliedmet.com\/wp-content\/uploads\/2019\/07\/allied-metal-header-aerospace-1024x623.jpg","contentUrl":"https:\/\/alliedmet.com\/wp-content\/uploads\/2019\/07\/allied-metal-header-aerospace-1024x623.jpg"},{"@type":"BreadcrumbList","@id":"https:\/\/alliedmet.com\/de\/luft-und-raumfahrt\/#breadcrumb","itemListElement":[{"@type":"ListItem","position":1,"name":"Home","item":"https:\/\/alliedmet.com\/de\/"},{"@type":"ListItem","position":2,"name":"LUFT- UND RAUMFAHRT"}]},{"@type":"WebSite","@id":"https:\/\/alliedmet.com\/de\/#website","url":"https:\/\/alliedmet.com\/de\/","name":"Allied Metals Corporation","description":"High Purity Iron and Low Carbon Iron","publisher":{"@id":"https:\/\/alliedmet.com\/de\/#organization"},"potentialAction":[{"@type":"SearchAction","target":{"@type":"EntryPoint","urlTemplate":"https:\/\/alliedmet.com\/de\/?s={search_term_string}"},"query-input":{"@type":"PropertyValueSpecification","valueRequired":true,"valueName":"search_term_string"}}],"inLanguage":"de"},{"@type":"Organization","@id":"https:\/\/alliedmet.com\/de\/#organization","name":"Allied Metals Corporation","url":"https:\/\/alliedmet.com\/de\/","logo":{"@type":"ImageObject","inLanguage":"de","@id":"https:\/\/alliedmet.com\/de\/#\/schema\/logo\/image\/","url":"https:\/\/alliedmet.com\/wp-content\/uploads\/2019\/07\/AMC-English-logo.png","contentUrl":"https:\/\/alliedmet.com\/wp-content\/uploads\/2019\/07\/AMC-English-logo.png","width":1029,"height":317,"caption":"Allied Metals Corporation"},"image":{"@id":"https:\/\/alliedmet.com\/de\/#\/schema\/logo\/image\/"},"sameAs":["https:\/\/www.linkedin.com\/company\/allied-metals"]}]}},"_links":{"self":[{"href":"https:\/\/alliedmet.com\/de\/wp-json\/wp\/v2\/pages\/3414","targetHints":{"allow":["GET"]}}],"collection":[{"href":"https:\/\/alliedmet.com\/de\/wp-json\/wp\/v2\/pages"}],"about":[{"href":"https:\/\/alliedmet.com\/de\/wp-json\/wp\/v2\/types\/page"}],"author":[{"embeddable":true,"href":"https:\/\/alliedmet.com\/de\/wp-json\/wp\/v2\/users\/1"}],"replies":[{"embeddable":true,"href":"https:\/\/alliedmet.com\/de\/wp-json\/wp\/v2\/comments?post=3414"}],"version-history":[{"count":0,"href":"https:\/\/alliedmet.com\/de\/wp-json\/wp\/v2\/pages\/3414\/revisions"}],"wp:attachment":[{"href":"https:\/\/alliedmet.com\/de\/wp-json\/wp\/v2\/media?parent=3414"}],"curies":[{"name":"wp","href":"https:\/\/api.w.org\/{rel}","templated":true}]}}