{"id":3425,"date":"2020-03-21T01:41:28","date_gmt":"2020-03-21T01:41:28","guid":{"rendered":"https:\/\/alliedmet.com\/?page_id=3425"},"modified":"2023-07-10T04:28:23","modified_gmt":"2023-07-10T04:28:23","slug":"allied-metals-corporation","status":"publish","type":"page","link":"https:\/\/alliedmet.com\/de\/","title":{"rendered":"Allied Metals Corporation"},"content":{"rendered":"\n<div id=\"wp-block-themeisle-blocks-advanced-columns-04a1263c\" class=\"wp-block-themeisle-blocks-advanced-columns alignfull has-1-columns has-desktop-equal-layout has-tablet-equal-layout has-mobile-equal-layout has-vertical-unset ticss-1f45e314\"><div class=\"wp-block-themeisle-blocks-advanced-columns-overlay\"><\/div><div class=\"innerblocks-wrap\">\n<div id=\"wp-block-themeisle-blocks-advanced-column-709cab20\" class=\"wp-block-themeisle-blocks-advanced-column ticss-bfe91581\">\n<div style=\"height:20px\" aria-hidden=\"true\" class=\"wp-block-spacer ticss-70726169\"><\/div>\n<\/div>\n<\/div><\/div>\n\n\n\n<div id=\"wp-block-themeisle-blocks-advanced-columns-d86830b2\" class=\"wp-block-themeisle-blocks-advanced-columns alignfull has-2-columns has-desktop-oneTwo-layout has-tablet-equal-layout has-mobile-collapsedRows-layout has-vertical-unset\"><div class=\"wp-block-themeisle-blocks-advanced-columns-overlay\"><\/div><div class=\"innerblocks-wrap\">\n<div id=\"wp-block-themeisle-blocks-advanced-column-13c690be\" class=\"wp-block-themeisle-blocks-advanced-column\">\n<h1 id=\"wp-block-themeisle-blocks-advanced-heading-ad89b266\" class=\"wp-block-themeisle-blocks-advanced-heading wp-block-themeisle-blocks-advanced-heading-ad89b266 ticss-c2eafea2\">HOCHREINE<br>METALLE<\/h1>\n\n\n\n<p style=\"font-size:1.2em\">Allied Metals Corporation ist seit<br>mehr als 60 Jahren ein globaler Partner. Unsere Prozesse, Produkte und Mitarbeiter sind in allen M\u00e4rkten<br> der Welt vertreten, einschlie\u00dflich in den Sektoren LUFT-UND RAUMFAHRT, ENERGIE und bei magnetischen Anwendungen.<\/p>\n\n\n\n<div class=\"wp-block-button has-custom-font-size ticss-bef79feb\" style=\"font-size:1.2em\"><a class=\"wp-block-button__link wp-element-button\" href=\"https:\/\/alliedmet.com\/de\/produkte\/\">ENTDECKEN SIE UNSERE HOCHREINEN PRODUKTE<\/a><\/div>\n<\/div>\n\n\n\n<div id=\"wp-block-themeisle-blocks-advanced-column-937fc529\" class=\"wp-block-themeisle-blocks-advanced-column\">\n<figure class=\"wp-block-image size-full ticss-c7654651\"><img decoding=\"async\" width=\"1200\" height=\"788\" data-src=\"https:\/\/alliedmet.com\/wp-content\/uploads\/2020\/04\/Low_allow_steel-1.jpg\" alt=\"Unsere Produktpalette, angefangen bei ALLIEDIRON\u2122, ultrahochreines elektrolytisches Reinsteisen und hochreines und kohlenstoffarmes Eisen, wird zur Herstellung einer Vielzahl von Legierungen verwendet, die f\u00fcr den Einsatz in hoch entwickelten technischen Systemen strenge Leistungsanforderungen erf\u00fcllen m\u00fcssen. Diese Systeme arbeiten unter extremen Temperaturen und korrosiven Atmosph\u00e4ren, insbesondere in der Luft- und Raumfahrtindustrie, sowie im gesamten Spektrum der Exploration, Raffination, Verteilung, des Transports und der Energiespeicherung von \u00d6l und Gas. Dar\u00fcber hinaus werden unsere Materialien in verschiedenen Anwendungen f\u00fcr die Umwelt und die Herstellung von Eisen- und Eisenchemikalien eingesetzt.\" class=\"wp-image-3722 lazyload\" data-srcset=\"https:\/\/alliedmet.com\/wp-content\/uploads\/2020\/04\/Low_allow_steel-1.jpg 1200w, https:\/\/alliedmet.com\/wp-content\/uploads\/2020\/04\/Low_allow_steel-1-300x197.jpg 300w, https:\/\/alliedmet.com\/wp-content\/uploads\/2020\/04\/Low_allow_steel-1-1024x672.jpg 1024w, https:\/\/alliedmet.com\/wp-content\/uploads\/2020\/04\/Low_allow_steel-1-768x504.jpg 768w\" data-sizes=\"(max-width: 1200px) 100vw, 1200px\" src=\"data:image\/svg+xml;base64,PHN2ZyB3aWR0aD0iMSIgaGVpZ2h0PSIxIiB4bWxucz0iaHR0cDovL3d3dy53My5vcmcvMjAwMC9zdmciPjwvc3ZnPg==\" style=\"--smush-placeholder-width: 1200px; --smush-placeholder-aspect-ratio: 1200\/788;\" \/><\/figure>\n<\/div>\n<\/div><\/div>\n","protected":false},"excerpt":{"rendered":"","protected":false},"author":1,"featured_media":0,"parent":0,"menu_order":0,"comment_status":"closed","ping_status":"closed","template":"","meta":{"neve_meta_sidebar":"full-width","neve_meta_container":"","neve_meta_enable_content_width":"on","neve_meta_content_width":100,"neve_meta_title_alignment":"","neve_meta_author_avatar":"","neve_post_elements_order":"","neve_meta_disable_header":"","neve_meta_disable_footer":"","neve_meta_disable_title":"on","_themeisle_gutenberg_block_has_review":false,"footnotes":""},"class_list":["post-3425","page","type-page","status-publish","hentry"],"yoast_head":"<!-- This site is optimized with the Yoast SEO Premium plugin v27.3 (Yoast SEO v27.3) - https:\/\/yoast.com\/product\/yoast-seo-premium-wordpress\/ -->\n<title>Allied Metals Corporation - Allied Metals Corporation<\/title>\n<meta name=\"description\" content=\"Die Allied Metals Corporation ist eine globale Quelle f\u00fcr eine breite Palette hochreiner Metalle, einschlie\u00dflich hochreiner Eisen- und kohlenstoffarmer Eisenprodukte. Unsere Produktpalette, angefangen bei ALLIEDIRON\u2122, ultrahochreines elektrolytisches Reinsteisen und hochreines und kohlenstoffarmes Eisen, wird zur Herstellung einer Vielzahl von Legierungen verwendet, die f\u00fcr den Einsatz in hoch entwickelten technischen Systemen strenge Leistungsanforderungen erf\u00fcllen m\u00fcssen. Diese Systeme arbeiten unter extremen Temperaturen und korrosiven Atmosph\u00e4ren, insbesondere in der Luft- und Raumfahrtindustrie, sowie im gesamten Spektrum der Exploration, Raffination, Verteilung, des Transports und der Energiespeicherung von \u00d6l und Gas. Dar\u00fcber hinaus werden unsere Materialien in verschiedenen Anwendungen f\u00fcr die Umwelt und die Herstellung von Eisen- und Eisenchemikalien eingesetzt. ALLIEDPUREIRON\u00ae wird bei der Herstellung von hochentwickelten Ger\u00e4ten in der Hochenergiephysikindustrie eingesetzt, einschlie\u00dflich Elektromagneten, supraleitenden Magneten, Dauermagnetsystemen, magnetischen Abschirmungen und verschiedenen Komponenten von Teilchenbeschleunigern. Diese Produkte sind auch f\u00fcr die magnetische Abschirmung von MRT-Geh\u00e4usen und empfindlichen elektronischen Ger\u00e4ten vorgesehen.\" \/>\n<meta name=\"robots\" content=\"index, follow, max-snippet:-1, max-image-preview:large, max-video-preview:-1\" \/>\n<link rel=\"canonical\" href=\"https:\/\/alliedmet.com\/de\/\" \/>\n<meta property=\"og:locale\" content=\"de_DE\" \/>\n<meta property=\"og:type\" content=\"article\" \/>\n<meta property=\"og:title\" content=\"Allied Metals Corporation\" \/>\n<meta property=\"og:description\" content=\"Die Allied Metals Corporation ist eine globale Quelle f\u00fcr eine breite Palette hochreiner Metalle, einschlie\u00dflich hochreiner Eisen- und kohlenstoffarmer Eisenprodukte. Unsere Produktpalette, angefangen bei ALLIEDIRON\u2122, ultrahochreines elektrolytisches Reinsteisen und hochreines und kohlenstoffarmes Eisen, wird zur Herstellung einer Vielzahl von Legierungen verwendet, die f\u00fcr den Einsatz in hoch entwickelten technischen Systemen strenge Leistungsanforderungen erf\u00fcllen m\u00fcssen. Diese Systeme arbeiten unter extremen Temperaturen und korrosiven Atmosph\u00e4ren, insbesondere in der Luft- und Raumfahrtindustrie, sowie im gesamten Spektrum der Exploration, Raffination, Verteilung, des Transports und der Energiespeicherung von \u00d6l und Gas. Dar\u00fcber hinaus werden unsere Materialien in verschiedenen Anwendungen f\u00fcr die Umwelt und die Herstellung von Eisen- und Eisenchemikalien eingesetzt. ALLIEDPUREIRON\u00ae wird bei der Herstellung von hochentwickelten Ger\u00e4ten in der Hochenergiephysikindustrie eingesetzt, einschlie\u00dflich Elektromagneten, supraleitenden Magneten, Dauermagnetsystemen, magnetischen Abschirmungen und verschiedenen Komponenten von Teilchenbeschleunigern. Diese Produkte sind auch f\u00fcr die magnetische Abschirmung von MRT-Geh\u00e4usen und empfindlichen elektronischen Ger\u00e4ten vorgesehen.\" \/>\n<meta property=\"og:url\" content=\"https:\/\/alliedmet.com\/de\/\" \/>\n<meta property=\"og:site_name\" content=\"Allied Metals Corporation\" \/>\n<meta property=\"article:modified_time\" content=\"2023-07-10T04:28:23+00:00\" \/>\n<meta property=\"og:image\" content=\"https:\/\/alliedmet.com\/wp-content\/uploads\/2020\/04\/Low_allow_steel-1.jpg\" \/>\n<meta name=\"twitter:card\" content=\"summary_large_image\" \/>\n<meta name=\"twitter:label1\" content=\"Gesch\u00e4tzte Lesezeit\" \/>\n\t<meta name=\"twitter:data1\" content=\"1\u00a0Minute\" \/>\n<script type=\"application\/ld+json\" class=\"yoast-schema-graph\">{\"@context\":\"https:\\\/\\\/schema.org\",\"@graph\":[{\"@type\":\"WebPage\",\"@id\":\"https:\\\/\\\/alliedmet.com\\\/de\\\/\",\"url\":\"https:\\\/\\\/alliedmet.com\\\/de\\\/\",\"name\":\"Allied Metals Corporation - Allied Metals Corporation\",\"isPartOf\":{\"@id\":\"https:\\\/\\\/alliedmet.com\\\/de\\\/#website\"},\"primaryImageOfPage\":{\"@id\":\"https:\\\/\\\/alliedmet.com\\\/de\\\/#primaryimage\"},\"image\":{\"@id\":\"https:\\\/\\\/alliedmet.com\\\/de\\\/#primaryimage\"},\"thumbnailUrl\":\"https:\\\/\\\/alliedmet.com\\\/wp-content\\\/uploads\\\/2020\\\/04\\\/Low_allow_steel-1.jpg\",\"datePublished\":\"2020-03-21T01:41:28+00:00\",\"dateModified\":\"2023-07-10T04:28:23+00:00\",\"description\":\"Die Allied Metals Corporation ist eine globale Quelle f\u00fcr eine breite Palette hochreiner Metalle, einschlie\u00dflich hochreiner Eisen- und kohlenstoffarmer Eisenprodukte. Unsere Produktpalette, angefangen bei ALLIEDIRON\u2122, ultrahochreines elektrolytisches Reinsteisen und hochreines und kohlenstoffarmes Eisen, wird zur Herstellung einer Vielzahl von Legierungen verwendet, die f\u00fcr den Einsatz in hoch entwickelten technischen Systemen strenge Leistungsanforderungen erf\u00fcllen m\u00fcssen. Diese Systeme arbeiten unter extremen Temperaturen und korrosiven Atmosph\u00e4ren, insbesondere in der Luft- und Raumfahrtindustrie, sowie im gesamten Spektrum der Exploration, Raffination, Verteilung, des Transports und der Energiespeicherung von \u00d6l und Gas. Dar\u00fcber hinaus werden unsere Materialien in verschiedenen Anwendungen f\u00fcr die Umwelt und die Herstellung von Eisen- und Eisenchemikalien eingesetzt. ALLIEDPUREIRON\u00ae wird bei der Herstellung von hochentwickelten Ger\u00e4ten in der Hochenergiephysikindustrie eingesetzt, einschlie\u00dflich Elektromagneten, supraleitenden Magneten, Dauermagnetsystemen, magnetischen Abschirmungen und verschiedenen Komponenten von Teilchenbeschleunigern. Diese Produkte sind auch f\u00fcr die magnetische Abschirmung von MRT-Geh\u00e4usen und empfindlichen elektronischen Ger\u00e4ten vorgesehen.\",\"breadcrumb\":{\"@id\":\"https:\\\/\\\/alliedmet.com\\\/de\\\/#breadcrumb\"},\"inLanguage\":\"de\",\"potentialAction\":[{\"@type\":\"ReadAction\",\"target\":[\"https:\\\/\\\/alliedmet.com\\\/de\\\/\"]}]},{\"@type\":\"ImageObject\",\"inLanguage\":\"de\",\"@id\":\"https:\\\/\\\/alliedmet.com\\\/de\\\/#primaryimage\",\"url\":\"https:\\\/\\\/alliedmet.com\\\/wp-content\\\/uploads\\\/2020\\\/04\\\/Low_allow_steel-1.jpg\",\"contentUrl\":\"https:\\\/\\\/alliedmet.com\\\/wp-content\\\/uploads\\\/2020\\\/04\\\/Low_allow_steel-1.jpg\"},{\"@type\":\"BreadcrumbList\",\"@id\":\"https:\\\/\\\/alliedmet.com\\\/de\\\/#breadcrumb\",\"itemListElement\":[{\"@type\":\"ListItem\",\"position\":1,\"name\":\"Home\",\"item\":\"https:\\\/\\\/alliedmet.com\\\/de\\\/\"},{\"@type\":\"ListItem\",\"position\":2,\"name\":\"Allied Metals Corporation\"}]},{\"@type\":\"WebSite\",\"@id\":\"https:\\\/\\\/alliedmet.com\\\/de\\\/#website\",\"url\":\"https:\\\/\\\/alliedmet.com\\\/de\\\/\",\"name\":\"Allied Metals Corporation\",\"description\":\"High Purity Iron and Low Carbon Iron\",\"publisher\":{\"@id\":\"https:\\\/\\\/alliedmet.com\\\/de\\\/#organization\"},\"potentialAction\":[{\"@type\":\"SearchAction\",\"target\":{\"@type\":\"EntryPoint\",\"urlTemplate\":\"https:\\\/\\\/alliedmet.com\\\/de\\\/?s={search_term_string}\"},\"query-input\":{\"@type\":\"PropertyValueSpecification\",\"valueRequired\":true,\"valueName\":\"search_term_string\"}}],\"inLanguage\":\"de\"},{\"@type\":\"Organization\",\"@id\":\"https:\\\/\\\/alliedmet.com\\\/de\\\/#organization\",\"name\":\"Allied Metals Corporation\",\"url\":\"https:\\\/\\\/alliedmet.com\\\/de\\\/\",\"logo\":{\"@type\":\"ImageObject\",\"inLanguage\":\"de\",\"@id\":\"https:\\\/\\\/alliedmet.com\\\/de\\\/#\\\/schema\\\/logo\\\/image\\\/\",\"url\":\"https:\\\/\\\/alliedmet.com\\\/wp-content\\\/uploads\\\/2019\\\/07\\\/AMC-English-logo.png\",\"contentUrl\":\"https:\\\/\\\/alliedmet.com\\\/wp-content\\\/uploads\\\/2019\\\/07\\\/AMC-English-logo.png\",\"width\":1029,\"height\":317,\"caption\":\"Allied Metals Corporation\"},\"image\":{\"@id\":\"https:\\\/\\\/alliedmet.com\\\/de\\\/#\\\/schema\\\/logo\\\/image\\\/\"},\"sameAs\":[\"https:\\\/\\\/www.linkedin.com\\\/company\\\/allied-metals\"]}]}<\/script>\n<!-- \/ Yoast SEO Premium plugin. -->","yoast_head_json":{"title":"Allied Metals Corporation - Allied Metals Corporation","description":"Die Allied Metals Corporation ist eine globale Quelle f\u00fcr eine breite Palette hochreiner Metalle, einschlie\u00dflich hochreiner Eisen- und kohlenstoffarmer Eisenprodukte. Unsere Produktpalette, angefangen bei ALLIEDIRON\u2122, ultrahochreines elektrolytisches Reinsteisen und hochreines und kohlenstoffarmes Eisen, wird zur Herstellung einer Vielzahl von Legierungen verwendet, die f\u00fcr den Einsatz in hoch entwickelten technischen Systemen strenge Leistungsanforderungen erf\u00fcllen m\u00fcssen. Diese Systeme arbeiten unter extremen Temperaturen und korrosiven Atmosph\u00e4ren, insbesondere in der Luft- und Raumfahrtindustrie, sowie im gesamten Spektrum der Exploration, Raffination, Verteilung, des Transports und der Energiespeicherung von \u00d6l und Gas. Dar\u00fcber hinaus werden unsere Materialien in verschiedenen Anwendungen f\u00fcr die Umwelt und die Herstellung von Eisen- und Eisenchemikalien eingesetzt. ALLIEDPUREIRON\u00ae wird bei der Herstellung von hochentwickelten Ger\u00e4ten in der Hochenergiephysikindustrie eingesetzt, einschlie\u00dflich Elektromagneten, supraleitenden Magneten, Dauermagnetsystemen, magnetischen Abschirmungen und verschiedenen Komponenten von Teilchenbeschleunigern. Diese Produkte sind auch f\u00fcr die magnetische Abschirmung von MRT-Geh\u00e4usen und empfindlichen elektronischen Ger\u00e4ten vorgesehen.","robots":{"index":"index","follow":"follow","max-snippet":"max-snippet:-1","max-image-preview":"max-image-preview:large","max-video-preview":"max-video-preview:-1"},"canonical":"https:\/\/alliedmet.com\/de\/","og_locale":"de_DE","og_type":"article","og_title":"Allied Metals Corporation","og_description":"Die Allied Metals Corporation ist eine globale Quelle f\u00fcr eine breite Palette hochreiner Metalle, einschlie\u00dflich hochreiner Eisen- und kohlenstoffarmer Eisenprodukte. Unsere Produktpalette, angefangen bei ALLIEDIRON\u2122, ultrahochreines elektrolytisches Reinsteisen und hochreines und kohlenstoffarmes Eisen, wird zur Herstellung einer Vielzahl von Legierungen verwendet, die f\u00fcr den Einsatz in hoch entwickelten technischen Systemen strenge Leistungsanforderungen erf\u00fcllen m\u00fcssen. Diese Systeme arbeiten unter extremen Temperaturen und korrosiven Atmosph\u00e4ren, insbesondere in der Luft- und Raumfahrtindustrie, sowie im gesamten Spektrum der Exploration, Raffination, Verteilung, des Transports und der Energiespeicherung von \u00d6l und Gas. Dar\u00fcber hinaus werden unsere Materialien in verschiedenen Anwendungen f\u00fcr die Umwelt und die Herstellung von Eisen- und Eisenchemikalien eingesetzt. ALLIEDPUREIRON\u00ae wird bei der Herstellung von hochentwickelten Ger\u00e4ten in der Hochenergiephysikindustrie eingesetzt, einschlie\u00dflich Elektromagneten, supraleitenden Magneten, Dauermagnetsystemen, magnetischen Abschirmungen und verschiedenen Komponenten von Teilchenbeschleunigern. Diese Produkte sind auch f\u00fcr die magnetische Abschirmung von MRT-Geh\u00e4usen und empfindlichen elektronischen Ger\u00e4ten vorgesehen.","og_url":"https:\/\/alliedmet.com\/de\/","og_site_name":"Allied Metals Corporation","article_modified_time":"2023-07-10T04:28:23+00:00","og_image":[{"url":"https:\/\/alliedmet.com\/wp-content\/uploads\/2020\/04\/Low_allow_steel-1.jpg","type":"","width":"","height":""}],"twitter_card":"summary_large_image","twitter_misc":{"Gesch\u00e4tzte Lesezeit":"1\u00a0Minute"},"schema":{"@context":"https:\/\/schema.org","@graph":[{"@type":"WebPage","@id":"https:\/\/alliedmet.com\/de\/","url":"https:\/\/alliedmet.com\/de\/","name":"Allied Metals Corporation - Allied Metals Corporation","isPartOf":{"@id":"https:\/\/alliedmet.com\/de\/#website"},"primaryImageOfPage":{"@id":"https:\/\/alliedmet.com\/de\/#primaryimage"},"image":{"@id":"https:\/\/alliedmet.com\/de\/#primaryimage"},"thumbnailUrl":"https:\/\/alliedmet.com\/wp-content\/uploads\/2020\/04\/Low_allow_steel-1.jpg","datePublished":"2020-03-21T01:41:28+00:00","dateModified":"2023-07-10T04:28:23+00:00","description":"Die Allied Metals Corporation ist eine globale Quelle f\u00fcr eine breite Palette hochreiner Metalle, einschlie\u00dflich hochreiner Eisen- und kohlenstoffarmer Eisenprodukte. Unsere Produktpalette, angefangen bei ALLIEDIRON\u2122, ultrahochreines elektrolytisches Reinsteisen und hochreines und kohlenstoffarmes Eisen, wird zur Herstellung einer Vielzahl von Legierungen verwendet, die f\u00fcr den Einsatz in hoch entwickelten technischen Systemen strenge Leistungsanforderungen erf\u00fcllen m\u00fcssen. Diese Systeme arbeiten unter extremen Temperaturen und korrosiven Atmosph\u00e4ren, insbesondere in der Luft- und Raumfahrtindustrie, sowie im gesamten Spektrum der Exploration, Raffination, Verteilung, des Transports und der Energiespeicherung von \u00d6l und Gas. Dar\u00fcber hinaus werden unsere Materialien in verschiedenen Anwendungen f\u00fcr die Umwelt und die Herstellung von Eisen- und Eisenchemikalien eingesetzt. ALLIEDPUREIRON\u00ae wird bei der Herstellung von hochentwickelten Ger\u00e4ten in der Hochenergiephysikindustrie eingesetzt, einschlie\u00dflich Elektromagneten, supraleitenden Magneten, Dauermagnetsystemen, magnetischen Abschirmungen und verschiedenen Komponenten von Teilchenbeschleunigern. Diese Produkte sind auch f\u00fcr die magnetische Abschirmung von MRT-Geh\u00e4usen und empfindlichen elektronischen Ger\u00e4ten vorgesehen.","breadcrumb":{"@id":"https:\/\/alliedmet.com\/de\/#breadcrumb"},"inLanguage":"de","potentialAction":[{"@type":"ReadAction","target":["https:\/\/alliedmet.com\/de\/"]}]},{"@type":"ImageObject","inLanguage":"de","@id":"https:\/\/alliedmet.com\/de\/#primaryimage","url":"https:\/\/alliedmet.com\/wp-content\/uploads\/2020\/04\/Low_allow_steel-1.jpg","contentUrl":"https:\/\/alliedmet.com\/wp-content\/uploads\/2020\/04\/Low_allow_steel-1.jpg"},{"@type":"BreadcrumbList","@id":"https:\/\/alliedmet.com\/de\/#breadcrumb","itemListElement":[{"@type":"ListItem","position":1,"name":"Home","item":"https:\/\/alliedmet.com\/de\/"},{"@type":"ListItem","position":2,"name":"Allied Metals Corporation"}]},{"@type":"WebSite","@id":"https:\/\/alliedmet.com\/de\/#website","url":"https:\/\/alliedmet.com\/de\/","name":"Allied Metals Corporation","description":"High Purity Iron and Low Carbon Iron","publisher":{"@id":"https:\/\/alliedmet.com\/de\/#organization"},"potentialAction":[{"@type":"SearchAction","target":{"@type":"EntryPoint","urlTemplate":"https:\/\/alliedmet.com\/de\/?s={search_term_string}"},"query-input":{"@type":"PropertyValueSpecification","valueRequired":true,"valueName":"search_term_string"}}],"inLanguage":"de"},{"@type":"Organization","@id":"https:\/\/alliedmet.com\/de\/#organization","name":"Allied Metals Corporation","url":"https:\/\/alliedmet.com\/de\/","logo":{"@type":"ImageObject","inLanguage":"de","@id":"https:\/\/alliedmet.com\/de\/#\/schema\/logo\/image\/","url":"https:\/\/alliedmet.com\/wp-content\/uploads\/2019\/07\/AMC-English-logo.png","contentUrl":"https:\/\/alliedmet.com\/wp-content\/uploads\/2019\/07\/AMC-English-logo.png","width":1029,"height":317,"caption":"Allied Metals Corporation"},"image":{"@id":"https:\/\/alliedmet.com\/de\/#\/schema\/logo\/image\/"},"sameAs":["https:\/\/www.linkedin.com\/company\/allied-metals"]}]}},"_links":{"self":[{"href":"https:\/\/alliedmet.com\/de\/wp-json\/wp\/v2\/pages\/3425","targetHints":{"allow":["GET"]}}],"collection":[{"href":"https:\/\/alliedmet.com\/de\/wp-json\/wp\/v2\/pages"}],"about":[{"href":"https:\/\/alliedmet.com\/de\/wp-json\/wp\/v2\/types\/page"}],"author":[{"embeddable":true,"href":"https:\/\/alliedmet.com\/de\/wp-json\/wp\/v2\/users\/1"}],"replies":[{"embeddable":true,"href":"https:\/\/alliedmet.com\/de\/wp-json\/wp\/v2\/comments?post=3425"}],"version-history":[{"count":0,"href":"https:\/\/alliedmet.com\/de\/wp-json\/wp\/v2\/pages\/3425\/revisions"}],"wp:attachment":[{"href":"https:\/\/alliedmet.com\/de\/wp-json\/wp\/v2\/media?parent=3425"}],"curies":[{"name":"wp","href":"https:\/\/api.w.org\/{rel}","templated":true}]}}