{"id":3438,"date":"2020-03-21T03:36:20","date_gmt":"2020-03-21T03:36:20","guid":{"rendered":"https:\/\/alliedmet.com\/?page_id=3438"},"modified":"2022-08-24T04:27:24","modified_gmt":"2022-08-24T04:27:24","slug":"alliediron-hochreines-eisen","status":"publish","type":"page","link":"https:\/\/alliedmet.com\/de\/alliediron-hochreines-eisen\/","title":{"rendered":"ALLIEDIRON\u00ae (Hochreines Eisen)"},"content":{"rendered":"\n<div id=\"wp-block-themeisle-blocks-advanced-columns-14da3b7d\" class=\"wp-block-themeisle-blocks-advanced-columns alignfull has-1-columns has-desktop-equal-layout has-tablet-equal-layout has-mobile-equal-layout has-vertical-unset\"><div class=\"wp-block-themeisle-blocks-advanced-columns-overlay\"><\/div><div class=\"innerblocks-wrap\">\n<div id=\"wp-block-themeisle-blocks-advanced-column-27ef20bc\" class=\"wp-block-themeisle-blocks-advanced-column\">\n<div style=\"height:20px\" aria-hidden=\"true\" class=\"wp-block-spacer ticss-d5c866b1\"><\/div>\n<\/div>\n<\/div><\/div>\n\n\n\n<div id=\"wp-block-themeisle-blocks-advanced-columns-c6a7e37d\" class=\"wp-block-themeisle-blocks-advanced-columns has-2-columns has-desktop-equal-layout has-tablet-collapsedRows-layout has-mobile-collapsedRows-layout has-vertical-unset ticss-17bd58c7\"><div class=\"wp-block-themeisle-blocks-advanced-columns-overlay\"><\/div><div class=\"innerblocks-wrap\">\n<div id=\"wp-block-themeisle-blocks-advanced-column-0fd94a69\" class=\"wp-block-themeisle-blocks-advanced-column ticss-e2a8f308\">\n<h1 class=\"ticss-da3111d3 wp-block-heading\" id=\"h-alliediron-hochreines-eisen\">ALLIEDIRON\u00ae (Hochreines Eisen)<\/h1>\n\n\n\n<figure class=\"wp-block-image size-large ticss-2b66f1b3\"><img decoding=\"async\" width=\"687\" height=\"293\" data-src=\"https:\/\/alliedmet.com\/wp-content\/uploads\/2019\/08\/allied-metal-products-image-high-purity-iron_cropped.png\" alt=\"ALLIEDIRON\u2122 (Hochreines Eisen) wird zur Herstellung von Edelstahl- und Nickelbasislegierungen sowie vakuumgeschmolzenen Superlegierungen verwendet. Die h\u00f6chste Gesamtreinheit von Allied Metals bietet einen besonders niedrigen Phosphor- und Schwefelgehalt. Angesichts der breiten Produktpalette in dieser Klassifizierung haben wir auch die M\u00f6glichkeit, die chemische Analyse gem\u00e4\u00df den spezifischen Anforderungen einer bestimmten Anwendung zu steuern.\" class=\"wp-image-3579 lazyload\" data-srcset=\"https:\/\/alliedmet.com\/wp-content\/uploads\/2019\/08\/allied-metal-products-image-high-purity-iron_cropped.png 687w, https:\/\/alliedmet.com\/wp-content\/uploads\/2019\/08\/allied-metal-products-image-high-purity-iron_cropped-300x128.png 300w\" data-sizes=\"(max-width: 687px) 100vw, 687px\" src=\"data:image\/svg+xml;base64,PHN2ZyB3aWR0aD0iMSIgaGVpZ2h0PSIxIiB4bWxucz0iaHR0cDovL3d3dy53My5vcmcvMjAwMC9zdmciPjwvc3ZnPg==\" style=\"--smush-placeholder-width: 687px; --smush-placeholder-aspect-ratio: 687\/293;\" \/><\/figure>\n\n\n\n<h3 class=\"has-text-align-center ticss-75ace171 wp-block-heading\" id=\"h-alliediron-hochreines-eisen-1\">ALLIEDIRON\u00ae (Hochreines Eisen)<\/h3>\n\n\n\n<figure class=\"wp-block-table ticss-a892ac08\"><table class=\"has-fixed-layout\"><tbody><tr><td class=\"has-text-align-left\" data-align=\"left\"><strong>Typical<\/strong><br><strong>Analysis (%) <\/strong><\/td><td>EFP II<\/td><td>EFP V<\/td><td>EFP IV<\/td><td>EFP C<\/td><td>EFP ULS<\/td><\/tr><tr><td class=\"has-text-align-left\" data-align=\"left\"><strong>C<\/strong><\/td><td>0.005<\/td><td>0.006<\/td><td>0.006<\/td><td>0.004<\/td><td>0.01<\/td><\/tr><tr><td class=\"has-text-align-left\" data-align=\"left\"><strong>S<\/strong><\/td><td>0.005<\/td><td>0.008<\/td><td>0.003<\/td><td>0.002<\/td><td>0.0005<\/td><\/tr><tr><td class=\"has-text-align-left\" data-align=\"left\"><strong>P<\/strong><\/td><td>0.005<\/td><td>0.008<\/td><td>0.004<\/td><td>0.002<\/td><td>0.003<\/td><\/tr><tr><td class=\"has-text-align-left\" data-align=\"left\"><strong>Mn<\/strong><\/td><td>0.05<\/td><td>0.1<\/td><td>0.040<\/td><td>0.040<\/td><td>0.04<\/td><\/tr><tr><td class=\"has-text-align-left\" data-align=\"left\"><strong>Si<\/strong><\/td><td>0.010<\/td><td>0.010<\/td><td>0.020<\/td><td>0.010<\/td><td>0.01<\/td><\/tr><tr><td class=\"has-text-align-left\" data-align=\"left\"><strong>O<\/strong><\/td><td>0.018<\/td><td>0.02<\/td><td>0.017<\/td><td>0.015<\/td><td>0.01<\/td><\/tr><tr><td class=\"has-text-align-left\" data-align=\"left\"><strong>N<\/strong><\/td><td>0.004<\/td><td>0.01<\/td><td>0.004<\/td><td>0.004<\/td><td>0.003<\/td><\/tr><tr><td class=\"has-text-align-left\" data-align=\"left\"><strong>Sn<\/strong><\/td><td>0.001<\/td><td>0.001<\/td><td>0.001<\/td><td>0.001<\/td><td>0.001<\/td><\/tr><tr><td class=\"has-text-align-left\" data-align=\"left\"><strong>Pb<\/strong><\/td><td>0.001<\/td><td>0.001<\/td><td>0.001<\/td><td>0.001<\/td><td>0.001<\/td><\/tr><tr><td class=\"has-text-align-left\" data-align=\"left\"><strong>Fe<\/strong><\/td><td>Balance<\/td><td>Balance<\/td><td>Balance<\/td><td>Balance<\/td><td>Balance<\/td><\/tr><\/tbody><\/table><\/figure>\n<\/div>\n\n\n\n<div id=\"wp-block-themeisle-blocks-advanced-column-62a37034\" class=\"wp-block-themeisle-blocks-advanced-column ticss-883b4422\">\n<p class=\"has-normal-font-size\">Diese Produktpalette wird zur Herstellung von Edelstahl- und Nickelbasislegierungen sowie vakuumgeschmolzenen Superlegierungen verwendet. Die h\u00f6chste Gesamtreinheit von Allied Metals bietet einen besonders niedrigen Phosphor- und Schwefelgehalt. Angesichts der breiten Produktpalette in dieser Klassifizierung haben wir auch die M\u00f6glichkeit, die chemische Analyse gem\u00e4\u00df den spezifischen Anforderungen einer bestimmten Anwendung zu steuern. Zertifizierte Analysen bei gro\u00dfen und einheitlichen Schmelzen sorgen f\u00fcr Konsistenz und analytische Kontrolle und R\u00fcckverfolgbarkeit.<\/p>\n\n\n\n<p class=\"has-normal-font-size\">F\u00fcr spezifische Anforderungen stehen exakte chemische Analysen zur Verf\u00fcgung. Unsere hochdichte Kn\u00fcppelform erm\u00f616glicht eine einfache Handhabung f\u00fcr die Ladungsmontage, eine hervorragende Kopplung, reduzierte Schmelzzeit, reduzierte Energiekosten und erfordert minimalen Stauraum.<\/p>\n\n\n\n<p class=\"has-normal-font-size\"><strong>Form &amp; Gr\u00f6\u00dfe:<\/strong>\u200b&nbsp;Barren\/Kn\u00fcppel<br><strong>Verpackung:<\/strong>\u200b&nbsp;Verpackt nach individuellen Anforderungen<br><strong>Verf\u00fcgbarkeit:<\/strong>\u200b&nbsp;Alle Regionen<\/p>\n\n\n\n<div class=\"wp-block-buttons is-content-justification-left is-layout-flex wp-block-buttons-is-layout-flex\">\n<div class=\"wp-block-button is-style-outline is-style-outline--1\"><a class=\"wp-block-button__link has-neve-link-color-color has-white-background-color has-text-color has-background\" href=\"https:\/\/alliedmet.com\/de\/produkte\/\">VOLLST\u00c4NDIGE PRODUKTLINIE<\/a><\/div>\n\n\n\n<div class=\"wp-block-button is-style-outline is-style-outline--2\"><a class=\"wp-block-button__link has-nv-site-bg-color has-neve-text-color-background-color has-text-color has-background\" href=\"https:\/\/alliedmet.com\/de\/produktangebot-anfordern\/\">EIN ANGEBOT BEKOMMEN<\/a><\/div>\n<\/div>\n\n\n\n<p><\/p>\n<\/div>\n<\/div><\/div>\n\n\n\n<p><\/p>\n","protected":false},"excerpt":{"rendered":"","protected":false},"author":1,"featured_media":0,"parent":0,"menu_order":0,"comment_status":"closed","ping_status":"closed","template":"","meta":{"neve_meta_sidebar":"full-width","neve_meta_container":"","neve_meta_enable_content_width":"on","neve_meta_content_width":100,"neve_meta_title_alignment":"","neve_meta_author_avatar":"","neve_post_elements_order":"","neve_meta_disable_header":"off","neve_meta_disable_footer":"off","neve_meta_disable_title":"on","_themeisle_gutenberg_block_has_review":false,"footnotes":""},"class_list":["post-3438","page","type-page","status-publish","hentry"],"yoast_head":"<!-- This site is optimized with the Yoast SEO Premium plugin v27.3 (Yoast SEO v27.3) - https:\/\/yoast.com\/product\/yoast-seo-premium-wordpress\/ -->\n<title>ALLIEDIRON\u00ae (Hochreines Eisen) - Allied Metals Corporation<\/title>\n<meta name=\"description\" content=\"Diese Produktpalette wird zur Herstellung von Edelstahl- und Nickelbasislegierungen sowie vakuumgeschmolzenen Superlegierungen verwendet. Die h\u00f6chste Gesamtreinheit von Allied Metals bietet einen besonders niedrigen Phosphor- und Schwefelgehalt. Angesichts der breiten Produktpalette in dieser Klassifizierung haben wir auch die M\u00f6glichkeit, die chemische Analyse gem\u00e4\u00df den spezifischen Anforderungen einer bestimmten Anwendung zu steuern. Zertifizierte Analysen bei gro\u00dfen und einheitlichen Schmelzen sorgen f\u00fcr Konsistenz und analytische Kontrolle und R\u00fcckverfolgbarkeit.F\u00fcr spezifische Anforderungen stehen exakte chemische Analysen zur Verf\u00fcgung. Unsere hochdichte Kn\u00fcppelform erm\u00f616glicht eine einfache Handhabung f\u00fcr die Ladungsmontage, eine hervorragende Kopplung, reduzierte Schmelzzeit, reduzierte Energiekosten und erfordert minimalen Stauraum.\" \/>\n<meta name=\"robots\" content=\"index, follow, max-snippet:-1, max-image-preview:large, max-video-preview:-1\" \/>\n<link rel=\"canonical\" href=\"https:\/\/alliedmet.com\/de\/alliediron-hochreines-eisen\/\" \/>\n<meta property=\"og:locale\" content=\"de_DE\" \/>\n<meta property=\"og:type\" content=\"article\" \/>\n<meta property=\"og:title\" content=\"ALLIEDIRON\u00ae (Hochreines Eisen)\" \/>\n<meta property=\"og:description\" content=\"Diese Produktpalette wird zur Herstellung von Edelstahl- und Nickelbasislegierungen sowie vakuumgeschmolzenen Superlegierungen verwendet. Die h\u00f6chste Gesamtreinheit von Allied Metals bietet einen besonders niedrigen Phosphor- und Schwefelgehalt. Angesichts der breiten Produktpalette in dieser Klassifizierung haben wir auch die M\u00f6glichkeit, die chemische Analyse gem\u00e4\u00df den spezifischen Anforderungen einer bestimmten Anwendung zu steuern. Zertifizierte Analysen bei gro\u00dfen und einheitlichen Schmelzen sorgen f\u00fcr Konsistenz und analytische Kontrolle und R\u00fcckverfolgbarkeit.F\u00fcr spezifische Anforderungen stehen exakte chemische Analysen zur Verf\u00fcgung. Unsere hochdichte Kn\u00fcppelform erm\u00f616glicht eine einfache Handhabung f\u00fcr die Ladungsmontage, eine hervorragende Kopplung, reduzierte Schmelzzeit, reduzierte Energiekosten und erfordert minimalen Stauraum.\" \/>\n<meta property=\"og:url\" content=\"https:\/\/alliedmet.com\/de\/alliediron-hochreines-eisen\/\" \/>\n<meta property=\"og:site_name\" content=\"Allied Metals Corporation\" \/>\n<meta property=\"article:modified_time\" content=\"2022-08-24T04:27:24+00:00\" \/>\n<meta property=\"og:image\" content=\"https:\/\/alliedmet.com\/wp-content\/uploads\/2019\/08\/allied-metal-products-image-high-purity-iron_cropped.png\" \/>\n<meta name=\"twitter:card\" content=\"summary_large_image\" \/>\n<meta name=\"twitter:label1\" content=\"Gesch\u00e4tzte Lesezeit\" \/>\n\t<meta name=\"twitter:data1\" content=\"2\u00a0Minuten\" \/>\n<script type=\"application\/ld+json\" class=\"yoast-schema-graph\">{\"@context\":\"https:\\\/\\\/schema.org\",\"@graph\":[{\"@type\":\"WebPage\",\"@id\":\"https:\\\/\\\/alliedmet.com\\\/de\\\/alliediron-hochreines-eisen\\\/\",\"url\":\"https:\\\/\\\/alliedmet.com\\\/de\\\/alliediron-hochreines-eisen\\\/\",\"name\":\"ALLIEDIRON\u00ae (Hochreines Eisen) - Allied Metals Corporation\",\"isPartOf\":{\"@id\":\"https:\\\/\\\/alliedmet.com\\\/de\\\/#website\"},\"primaryImageOfPage\":{\"@id\":\"https:\\\/\\\/alliedmet.com\\\/de\\\/alliediron-hochreines-eisen\\\/#primaryimage\"},\"image\":{\"@id\":\"https:\\\/\\\/alliedmet.com\\\/de\\\/alliediron-hochreines-eisen\\\/#primaryimage\"},\"thumbnailUrl\":\"https:\\\/\\\/alliedmet.com\\\/wp-content\\\/uploads\\\/2019\\\/08\\\/allied-metal-products-image-high-purity-iron_cropped.png\",\"datePublished\":\"2020-03-21T03:36:20+00:00\",\"dateModified\":\"2022-08-24T04:27:24+00:00\",\"description\":\"Diese Produktpalette wird zur Herstellung von Edelstahl- und Nickelbasislegierungen sowie vakuumgeschmolzenen Superlegierungen verwendet. Die h\u00f6chste Gesamtreinheit von Allied Metals bietet einen besonders niedrigen Phosphor- und Schwefelgehalt. Angesichts der breiten Produktpalette in dieser Klassifizierung haben wir auch die M\u00f6glichkeit, die chemische Analyse gem\u00e4\u00df den spezifischen Anforderungen einer bestimmten Anwendung zu steuern. Zertifizierte Analysen bei gro\u00dfen und einheitlichen Schmelzen sorgen f\u00fcr Konsistenz und analytische Kontrolle und R\u00fcckverfolgbarkeit.F\u00fcr spezifische Anforderungen stehen exakte chemische Analysen zur Verf\u00fcgung. Unsere hochdichte Kn\u00fcppelform erm\u00f616glicht eine einfache Handhabung f\u00fcr die Ladungsmontage, eine hervorragende Kopplung, reduzierte Schmelzzeit, reduzierte Energiekosten und erfordert minimalen Stauraum.\",\"breadcrumb\":{\"@id\":\"https:\\\/\\\/alliedmet.com\\\/de\\\/alliediron-hochreines-eisen\\\/#breadcrumb\"},\"inLanguage\":\"de\",\"potentialAction\":[{\"@type\":\"ReadAction\",\"target\":[\"https:\\\/\\\/alliedmet.com\\\/de\\\/alliediron-hochreines-eisen\\\/\"]}]},{\"@type\":\"ImageObject\",\"inLanguage\":\"de\",\"@id\":\"https:\\\/\\\/alliedmet.com\\\/de\\\/alliediron-hochreines-eisen\\\/#primaryimage\",\"url\":\"https:\\\/\\\/alliedmet.com\\\/wp-content\\\/uploads\\\/2019\\\/08\\\/allied-metal-products-image-high-purity-iron_cropped.png\",\"contentUrl\":\"https:\\\/\\\/alliedmet.com\\\/wp-content\\\/uploads\\\/2019\\\/08\\\/allied-metal-products-image-high-purity-iron_cropped.png\"},{\"@type\":\"BreadcrumbList\",\"@id\":\"https:\\\/\\\/alliedmet.com\\\/de\\\/alliediron-hochreines-eisen\\\/#breadcrumb\",\"itemListElement\":[{\"@type\":\"ListItem\",\"position\":1,\"name\":\"Home\",\"item\":\"https:\\\/\\\/alliedmet.com\\\/de\\\/\"},{\"@type\":\"ListItem\",\"position\":2,\"name\":\"ALLIEDIRON\u00ae (Hochreines Eisen)\"}]},{\"@type\":\"WebSite\",\"@id\":\"https:\\\/\\\/alliedmet.com\\\/de\\\/#website\",\"url\":\"https:\\\/\\\/alliedmet.com\\\/de\\\/\",\"name\":\"Allied Metals Corporation\",\"description\":\"High Purity Iron and Low Carbon Iron\",\"publisher\":{\"@id\":\"https:\\\/\\\/alliedmet.com\\\/de\\\/#organization\"},\"potentialAction\":[{\"@type\":\"SearchAction\",\"target\":{\"@type\":\"EntryPoint\",\"urlTemplate\":\"https:\\\/\\\/alliedmet.com\\\/de\\\/?s={search_term_string}\"},\"query-input\":{\"@type\":\"PropertyValueSpecification\",\"valueRequired\":true,\"valueName\":\"search_term_string\"}}],\"inLanguage\":\"de\"},{\"@type\":\"Organization\",\"@id\":\"https:\\\/\\\/alliedmet.com\\\/de\\\/#organization\",\"name\":\"Allied Metals Corporation\",\"url\":\"https:\\\/\\\/alliedmet.com\\\/de\\\/\",\"logo\":{\"@type\":\"ImageObject\",\"inLanguage\":\"de\",\"@id\":\"https:\\\/\\\/alliedmet.com\\\/de\\\/#\\\/schema\\\/logo\\\/image\\\/\",\"url\":\"https:\\\/\\\/alliedmet.com\\\/wp-content\\\/uploads\\\/2019\\\/07\\\/AMC-English-logo.png\",\"contentUrl\":\"https:\\\/\\\/alliedmet.com\\\/wp-content\\\/uploads\\\/2019\\\/07\\\/AMC-English-logo.png\",\"width\":1029,\"height\":317,\"caption\":\"Allied Metals Corporation\"},\"image\":{\"@id\":\"https:\\\/\\\/alliedmet.com\\\/de\\\/#\\\/schema\\\/logo\\\/image\\\/\"},\"sameAs\":[\"https:\\\/\\\/www.linkedin.com\\\/company\\\/allied-metals\"]}]}<\/script>\n<!-- \/ Yoast SEO Premium plugin. -->","yoast_head_json":{"title":"ALLIEDIRON\u00ae (Hochreines Eisen) - Allied Metals Corporation","description":"Diese Produktpalette wird zur Herstellung von Edelstahl- und Nickelbasislegierungen sowie vakuumgeschmolzenen Superlegierungen verwendet. Die h\u00f6chste Gesamtreinheit von Allied Metals bietet einen besonders niedrigen Phosphor- und Schwefelgehalt. Angesichts der breiten Produktpalette in dieser Klassifizierung haben wir auch die M\u00f6glichkeit, die chemische Analyse gem\u00e4\u00df den spezifischen Anforderungen einer bestimmten Anwendung zu steuern. Zertifizierte Analysen bei gro\u00dfen und einheitlichen Schmelzen sorgen f\u00fcr Konsistenz und analytische Kontrolle und R\u00fcckverfolgbarkeit.F\u00fcr spezifische Anforderungen stehen exakte chemische Analysen zur Verf\u00fcgung. Unsere hochdichte Kn\u00fcppelform erm\u00f616glicht eine einfache Handhabung f\u00fcr die Ladungsmontage, eine hervorragende Kopplung, reduzierte Schmelzzeit, reduzierte Energiekosten und erfordert minimalen Stauraum.","robots":{"index":"index","follow":"follow","max-snippet":"max-snippet:-1","max-image-preview":"max-image-preview:large","max-video-preview":"max-video-preview:-1"},"canonical":"https:\/\/alliedmet.com\/de\/alliediron-hochreines-eisen\/","og_locale":"de_DE","og_type":"article","og_title":"ALLIEDIRON\u00ae (Hochreines Eisen)","og_description":"Diese Produktpalette wird zur Herstellung von Edelstahl- und Nickelbasislegierungen sowie vakuumgeschmolzenen Superlegierungen verwendet. Die h\u00f6chste Gesamtreinheit von Allied Metals bietet einen besonders niedrigen Phosphor- und Schwefelgehalt. Angesichts der breiten Produktpalette in dieser Klassifizierung haben wir auch die M\u00f6glichkeit, die chemische Analyse gem\u00e4\u00df den spezifischen Anforderungen einer bestimmten Anwendung zu steuern. Zertifizierte Analysen bei gro\u00dfen und einheitlichen Schmelzen sorgen f\u00fcr Konsistenz und analytische Kontrolle und R\u00fcckverfolgbarkeit.F\u00fcr spezifische Anforderungen stehen exakte chemische Analysen zur Verf\u00fcgung. Unsere hochdichte Kn\u00fcppelform erm\u00f616glicht eine einfache Handhabung f\u00fcr die Ladungsmontage, eine hervorragende Kopplung, reduzierte Schmelzzeit, reduzierte Energiekosten und erfordert minimalen Stauraum.","og_url":"https:\/\/alliedmet.com\/de\/alliediron-hochreines-eisen\/","og_site_name":"Allied Metals Corporation","article_modified_time":"2022-08-24T04:27:24+00:00","og_image":[{"url":"https:\/\/alliedmet.com\/wp-content\/uploads\/2019\/08\/allied-metal-products-image-high-purity-iron_cropped.png","type":"","width":"","height":""}],"twitter_card":"summary_large_image","twitter_misc":{"Gesch\u00e4tzte Lesezeit":"2\u00a0Minuten"},"schema":{"@context":"https:\/\/schema.org","@graph":[{"@type":"WebPage","@id":"https:\/\/alliedmet.com\/de\/alliediron-hochreines-eisen\/","url":"https:\/\/alliedmet.com\/de\/alliediron-hochreines-eisen\/","name":"ALLIEDIRON\u00ae (Hochreines Eisen) - Allied Metals Corporation","isPartOf":{"@id":"https:\/\/alliedmet.com\/de\/#website"},"primaryImageOfPage":{"@id":"https:\/\/alliedmet.com\/de\/alliediron-hochreines-eisen\/#primaryimage"},"image":{"@id":"https:\/\/alliedmet.com\/de\/alliediron-hochreines-eisen\/#primaryimage"},"thumbnailUrl":"https:\/\/alliedmet.com\/wp-content\/uploads\/2019\/08\/allied-metal-products-image-high-purity-iron_cropped.png","datePublished":"2020-03-21T03:36:20+00:00","dateModified":"2022-08-24T04:27:24+00:00","description":"Diese Produktpalette wird zur Herstellung von Edelstahl- und Nickelbasislegierungen sowie vakuumgeschmolzenen Superlegierungen verwendet. Die h\u00f6chste Gesamtreinheit von Allied Metals bietet einen besonders niedrigen Phosphor- und Schwefelgehalt. Angesichts der breiten Produktpalette in dieser Klassifizierung haben wir auch die M\u00f6glichkeit, die chemische Analyse gem\u00e4\u00df den spezifischen Anforderungen einer bestimmten Anwendung zu steuern. Zertifizierte Analysen bei gro\u00dfen und einheitlichen Schmelzen sorgen f\u00fcr Konsistenz und analytische Kontrolle und R\u00fcckverfolgbarkeit.F\u00fcr spezifische Anforderungen stehen exakte chemische Analysen zur Verf\u00fcgung. Unsere hochdichte Kn\u00fcppelform erm\u00f616glicht eine einfache Handhabung f\u00fcr die Ladungsmontage, eine hervorragende Kopplung, reduzierte Schmelzzeit, reduzierte Energiekosten und erfordert minimalen Stauraum.","breadcrumb":{"@id":"https:\/\/alliedmet.com\/de\/alliediron-hochreines-eisen\/#breadcrumb"},"inLanguage":"de","potentialAction":[{"@type":"ReadAction","target":["https:\/\/alliedmet.com\/de\/alliediron-hochreines-eisen\/"]}]},{"@type":"ImageObject","inLanguage":"de","@id":"https:\/\/alliedmet.com\/de\/alliediron-hochreines-eisen\/#primaryimage","url":"https:\/\/alliedmet.com\/wp-content\/uploads\/2019\/08\/allied-metal-products-image-high-purity-iron_cropped.png","contentUrl":"https:\/\/alliedmet.com\/wp-content\/uploads\/2019\/08\/allied-metal-products-image-high-purity-iron_cropped.png"},{"@type":"BreadcrumbList","@id":"https:\/\/alliedmet.com\/de\/alliediron-hochreines-eisen\/#breadcrumb","itemListElement":[{"@type":"ListItem","position":1,"name":"Home","item":"https:\/\/alliedmet.com\/de\/"},{"@type":"ListItem","position":2,"name":"ALLIEDIRON\u00ae (Hochreines Eisen)"}]},{"@type":"WebSite","@id":"https:\/\/alliedmet.com\/de\/#website","url":"https:\/\/alliedmet.com\/de\/","name":"Allied Metals Corporation","description":"High Purity Iron and Low Carbon Iron","publisher":{"@id":"https:\/\/alliedmet.com\/de\/#organization"},"potentialAction":[{"@type":"SearchAction","target":{"@type":"EntryPoint","urlTemplate":"https:\/\/alliedmet.com\/de\/?s={search_term_string}"},"query-input":{"@type":"PropertyValueSpecification","valueRequired":true,"valueName":"search_term_string"}}],"inLanguage":"de"},{"@type":"Organization","@id":"https:\/\/alliedmet.com\/de\/#organization","name":"Allied Metals Corporation","url":"https:\/\/alliedmet.com\/de\/","logo":{"@type":"ImageObject","inLanguage":"de","@id":"https:\/\/alliedmet.com\/de\/#\/schema\/logo\/image\/","url":"https:\/\/alliedmet.com\/wp-content\/uploads\/2019\/07\/AMC-English-logo.png","contentUrl":"https:\/\/alliedmet.com\/wp-content\/uploads\/2019\/07\/AMC-English-logo.png","width":1029,"height":317,"caption":"Allied Metals Corporation"},"image":{"@id":"https:\/\/alliedmet.com\/de\/#\/schema\/logo\/image\/"},"sameAs":["https:\/\/www.linkedin.com\/company\/allied-metals"]}]}},"_links":{"self":[{"href":"https:\/\/alliedmet.com\/de\/wp-json\/wp\/v2\/pages\/3438","targetHints":{"allow":["GET"]}}],"collection":[{"href":"https:\/\/alliedmet.com\/de\/wp-json\/wp\/v2\/pages"}],"about":[{"href":"https:\/\/alliedmet.com\/de\/wp-json\/wp\/v2\/types\/page"}],"author":[{"embeddable":true,"href":"https:\/\/alliedmet.com\/de\/wp-json\/wp\/v2\/users\/1"}],"replies":[{"embeddable":true,"href":"https:\/\/alliedmet.com\/de\/wp-json\/wp\/v2\/comments?post=3438"}],"version-history":[{"count":0,"href":"https:\/\/alliedmet.com\/de\/wp-json\/wp\/v2\/pages\/3438\/revisions"}],"wp:attachment":[{"href":"https:\/\/alliedmet.com\/de\/wp-json\/wp\/v2\/media?parent=3438"}],"curies":[{"name":"wp","href":"https:\/\/api.w.org\/{rel}","templated":true}]}}