{"id":3467,"date":"2020-03-21T22:26:41","date_gmt":"2020-03-21T22:26:41","guid":{"rendered":"https:\/\/alliedmet.com\/?page_id=3467"},"modified":"2021-04-08T18:16:33","modified_gmt":"2021-04-08T18:16:33","slug":"efp-s","status":"publish","type":"page","link":"https:\/\/alliedmet.com\/de\/efp-s\/","title":{"rendered":"EFP S"},"content":{"rendered":"\n<div class=\"wp-block-themeisle-blocks-advanced-columns alignfull has-1-columns has-desktop-equal-layout has-tablet-equal-layout has-mobile-equal-layout has-nogap-gap has-vertical-unset\" id=\"wp-block-themeisle-blocks-advanced-columns-ac1c42e6\"><div class=\"wp-block-themeisle-blocks-advanced-columns-overlay\"><\/div><div class=\"innerblocks-wrap\">\n<div class=\"wp-block-themeisle-blocks-advanced-column\" id=\"wp-block-themeisle-blocks-advanced-column-f8c9547e\">\n<div style=\"height:20px\" aria-hidden=\"true\" class=\"wp-block-spacer ticss-d5c866b1\"><\/div>\n<\/div>\n<\/div><\/div>\n\n\n\n<div class=\"wp-block-themeisle-blocks-advanced-columns has-2-columns has-desktop-equal-layout has-tablet-collapsedRows-layout has-mobile-collapsedRows-layout has-default-gap has-vertical-unset\" id=\"wp-block-themeisle-blocks-advanced-columns-a4de08e2\"><div class=\"wp-block-themeisle-blocks-advanced-columns-overlay\"><\/div><div class=\"innerblocks-wrap\">\n<div class=\"wp-block-themeisle-blocks-advanced-column\" id=\"wp-block-themeisle-blocks-advanced-column-9446f80b\">\n<h1 class=\"wp-block-heading\" id=\"h-efp-s\">EFP S<\/h1>\n\n\n\n<figure class=\"wp-block-image size-large ticss-f08438b8\"><img decoding=\"async\" width=\"731\" height=\"261\" data-src=\"https:\/\/alliedmet.com\/wp-content\/uploads\/2019\/09\/allied-metal-products-image-efp14-alt.png\" alt=\"EFP 14 ist weicher Stahl, der als Schmelzbasis f\u00fcr Eisen, niedrig legierte St\u00e4hle und rostfreie St\u00e4hle, als frei flie\u00dfendes K\u00fchlmittel und als Abdeckung verwendet werden kann. Dieses Material wird nach Grad, Gr\u00f6\u00dfe und Dichte getrennt.\" class=\"wp-image-3593 lazyload\" data-srcset=\"https:\/\/alliedmet.com\/wp-content\/uploads\/2019\/09\/allied-metal-products-image-efp14-alt.png 731w, https:\/\/alliedmet.com\/wp-content\/uploads\/2019\/09\/allied-metal-products-image-efp14-alt-300x107.png 300w\" data-sizes=\"(max-width: 731px) 100vw, 731px\" src=\"data:image\/svg+xml;base64,PHN2ZyB3aWR0aD0iMSIgaGVpZ2h0PSIxIiB4bWxucz0iaHR0cDovL3d3dy53My5vcmcvMjAwMC9zdmciPjwvc3ZnPg==\" style=\"--smush-placeholder-width: 731px; --smush-placeholder-aspect-ratio: 731\/261;\" \/><\/figure>\n\n\n\n<h3 class=\"has-text-align-center ticss-7e55d8a7 wp-block-heading\" id=\"h-efp-s-1\">EFP S<\/h3>\n\n\n\n<figure class=\"wp-block-table ticss-26e9b406\"><table class=\"has-fixed-layout\"><tbody><tr><td><strong>Analysis (%)<\/strong><\/td><td>Typical<\/td><\/tr><tr><td><strong>C<\/strong><\/td><td>0.080<\/td><\/tr><tr><td><strong>S<\/strong><\/td><td>0.020<\/td><\/tr><tr><td><strong>P<\/strong><\/td><td>0.020<\/td><\/tr><tr><td><strong>Mn<\/strong><\/td><td>0.350<\/td><\/tr><tr><td><strong>Si<\/strong><\/td><td>0.010<\/td><\/tr><\/tbody><\/table><\/figure>\n<\/div>\n\n\n\n<div class=\"wp-block-themeisle-blocks-advanced-column\" id=\"wp-block-themeisle-blocks-advanced-column-83153bac\">\n<p class=\"has-normal-font-size\">Unser EFP S ist weicher Stahl, der als Schmelzbasis f\u00fcr Eisen, niedrig legierte St\u00e4hle und rostfreie St\u00e4hle, als frei flie\u00dfendes K\u00fchlmittel und als Abdeckung verwendet werden kann. Dieses Material wird nach Grad, Gr\u00f6\u00dfe und Dichte getrennt. Die hohe Dichte und Sauberkeit unseres Materials reduziert den Rauch und erm\u00f6glicht weniger Einschl\u00fcsse und weniger Porosit\u00e4t, und unser Reinigungs- und Trocknungsverfahren stellt sicher, dass das material frei von jeglicher Verunreinigung ist. Allied Metals garantiert eine Produktchemie nach den Spezifikationen unserer Kunden.<\/p>\n\n\n\n<p class=\"has-normal-font-size\"><\/p>\n\n\n\n<p class=\"has-normal-font-size\"><strong>Form &amp; Gr\u00f6\u00dfe:<\/strong>\u200b&nbsp;100 mm x 20 mm x 3 mm, Streifen<br><strong>Verpackung:&nbsp;<\/strong>\u200bVerpackt nach individuellen Anforderungen<br><strong>Verf\u00fcgbarkeit:<\/strong>\u200b&nbsp;Europa<\/p>\n\n\n\n<div class=\"wp-block-buttons is-content-justification-left is-layout-flex wp-block-buttons-is-layout-flex\">\n<div class=\"wp-block-button is-style-outline is-style-outline--1\"><a class=\"wp-block-button__link has-neve-link-color-color has-white-background-color has-text-color has-background\" href=\"https:\/\/alliedmet.com\/de\/produkte\/\">VOLLST\u00c4NDIGE PRODUKTLINIE<\/a><\/div>\n\n\n\n<div class=\"wp-block-button is-style-outline is-style-outline--2\"><a class=\"wp-block-button__link has-nv-site-bg-color has-neve-text-color-background-color has-text-color has-background\" href=\"https:\/\/alliedmet.com\/de\/produktangebot-anfordern\/\">EIN ANGEBOT BEKOMMEN<\/a><\/div>\n<\/div>\n\n\n\n<p><\/p>\n<\/div>\n<\/div><\/div>\n\n\n\n<p><\/p>\n","protected":false},"excerpt":{"rendered":"","protected":false},"author":1,"featured_media":0,"parent":0,"menu_order":0,"comment_status":"closed","ping_status":"closed","template":"","meta":{"neve_meta_sidebar":"full-width","neve_meta_container":"","neve_meta_enable_content_width":"on","neve_meta_content_width":100,"neve_meta_title_alignment":"","neve_meta_author_avatar":"","neve_post_elements_order":"","neve_meta_disable_header":"off","neve_meta_disable_footer":"off","neve_meta_disable_title":"on","_themeisle_gutenberg_block_has_review":false,"footnotes":""},"class_list":["post-3467","page","type-page","status-publish","hentry"],"yoast_head":"<!-- This site is optimized with the Yoast SEO Premium plugin v27.3 (Yoast SEO v27.3) - https:\/\/yoast.com\/product\/yoast-seo-premium-wordpress\/ -->\n<title>EFP S - Allied Metals Corporation<\/title>\n<meta name=\"description\" content=\"Unser EFP S ist weicher Stahl, der als Schmelzbasis f\u00fcr Eisen, niedrig legierte St\u00e4hle und rostfreie St\u00e4hle, als frei flie\u00dfendes K\u00fchlmittel und als Abdeckung verwendet werden kann. Dieses Material wird nach Grad, Gr\u00f6\u00dfe und Dichte getrennt. Die hohe Dichte und Sauberkeit unseres Materials reduziert den Rauch und erm\u00f6glicht weniger Einschl\u00fcsse und weniger Porosit\u00e4t, und unser Reinigungs- und Trocknungsverfahren stellt sicher, dass das material frei von jeglicher Verunreinigung ist. Allied Metals garantiert eine Produktchemie nach den Spezifikationen unserer Kunden.\" \/>\n<meta name=\"robots\" content=\"index, follow, max-snippet:-1, max-image-preview:large, max-video-preview:-1\" \/>\n<link rel=\"canonical\" href=\"https:\/\/alliedmet.com\/de\/efp-s\/\" \/>\n<meta property=\"og:locale\" content=\"de_DE\" \/>\n<meta property=\"og:type\" content=\"article\" \/>\n<meta property=\"og:title\" content=\"EFP S\" \/>\n<meta property=\"og:description\" content=\"Unser EFP S ist weicher Stahl, der als Schmelzbasis f\u00fcr Eisen, niedrig legierte St\u00e4hle und rostfreie St\u00e4hle, als frei flie\u00dfendes K\u00fchlmittel und als Abdeckung verwendet werden kann. Dieses Material wird nach Grad, Gr\u00f6\u00dfe und Dichte getrennt. Die hohe Dichte und Sauberkeit unseres Materials reduziert den Rauch und erm\u00f6glicht weniger Einschl\u00fcsse und weniger Porosit\u00e4t, und unser Reinigungs- und Trocknungsverfahren stellt sicher, dass das material frei von jeglicher Verunreinigung ist. Allied Metals garantiert eine Produktchemie nach den Spezifikationen unserer Kunden.\" \/>\n<meta property=\"og:url\" content=\"https:\/\/alliedmet.com\/de\/efp-s\/\" \/>\n<meta property=\"og:site_name\" content=\"Allied Metals Corporation\" \/>\n<meta property=\"article:modified_time\" content=\"2021-04-08T18:16:33+00:00\" \/>\n<meta property=\"og:image\" content=\"https:\/\/alliedmet.com\/wp-content\/uploads\/2019\/09\/allied-metal-products-image-efp14-alt.png\" \/>\n<meta name=\"twitter:card\" content=\"summary_large_image\" \/>\n<meta name=\"twitter:label1\" content=\"Gesch\u00e4tzte Lesezeit\" \/>\n\t<meta name=\"twitter:data1\" content=\"1\u00a0Minute\" \/>\n<script type=\"application\/ld+json\" class=\"yoast-schema-graph\">{\"@context\":\"https:\\\/\\\/schema.org\",\"@graph\":[{\"@type\":\"WebPage\",\"@id\":\"https:\\\/\\\/alliedmet.com\\\/de\\\/efp-s\\\/\",\"url\":\"https:\\\/\\\/alliedmet.com\\\/de\\\/efp-s\\\/\",\"name\":\"EFP S - Allied Metals Corporation\",\"isPartOf\":{\"@id\":\"https:\\\/\\\/alliedmet.com\\\/de\\\/#website\"},\"primaryImageOfPage\":{\"@id\":\"https:\\\/\\\/alliedmet.com\\\/de\\\/efp-s\\\/#primaryimage\"},\"image\":{\"@id\":\"https:\\\/\\\/alliedmet.com\\\/de\\\/efp-s\\\/#primaryimage\"},\"thumbnailUrl\":\"https:\\\/\\\/alliedmet.com\\\/wp-content\\\/uploads\\\/2019\\\/09\\\/allied-metal-products-image-efp14-alt.png\",\"datePublished\":\"2020-03-21T22:26:41+00:00\",\"dateModified\":\"2021-04-08T18:16:33+00:00\",\"description\":\"Unser EFP S ist weicher Stahl, der als Schmelzbasis f\u00fcr Eisen, niedrig legierte St\u00e4hle und rostfreie St\u00e4hle, als frei flie\u00dfendes K\u00fchlmittel und als Abdeckung verwendet werden kann. Dieses Material wird nach Grad, Gr\u00f6\u00dfe und Dichte getrennt. Die hohe Dichte und Sauberkeit unseres Materials reduziert den Rauch und erm\u00f6glicht weniger Einschl\u00fcsse und weniger Porosit\u00e4t, und unser Reinigungs- und Trocknungsverfahren stellt sicher, dass das material frei von jeglicher Verunreinigung ist. Allied Metals garantiert eine Produktchemie nach den Spezifikationen unserer Kunden.\",\"breadcrumb\":{\"@id\":\"https:\\\/\\\/alliedmet.com\\\/de\\\/efp-s\\\/#breadcrumb\"},\"inLanguage\":\"de\",\"potentialAction\":[{\"@type\":\"ReadAction\",\"target\":[\"https:\\\/\\\/alliedmet.com\\\/de\\\/efp-s\\\/\"]}]},{\"@type\":\"ImageObject\",\"inLanguage\":\"de\",\"@id\":\"https:\\\/\\\/alliedmet.com\\\/de\\\/efp-s\\\/#primaryimage\",\"url\":\"https:\\\/\\\/alliedmet.com\\\/wp-content\\\/uploads\\\/2019\\\/09\\\/allied-metal-products-image-efp14-alt.png\",\"contentUrl\":\"https:\\\/\\\/alliedmet.com\\\/wp-content\\\/uploads\\\/2019\\\/09\\\/allied-metal-products-image-efp14-alt.png\"},{\"@type\":\"BreadcrumbList\",\"@id\":\"https:\\\/\\\/alliedmet.com\\\/de\\\/efp-s\\\/#breadcrumb\",\"itemListElement\":[{\"@type\":\"ListItem\",\"position\":1,\"name\":\"Home\",\"item\":\"https:\\\/\\\/alliedmet.com\\\/de\\\/\"},{\"@type\":\"ListItem\",\"position\":2,\"name\":\"EFP S\"}]},{\"@type\":\"WebSite\",\"@id\":\"https:\\\/\\\/alliedmet.com\\\/de\\\/#website\",\"url\":\"https:\\\/\\\/alliedmet.com\\\/de\\\/\",\"name\":\"Allied Metals Corporation\",\"description\":\"High Purity Iron and Low Carbon Iron\",\"publisher\":{\"@id\":\"https:\\\/\\\/alliedmet.com\\\/de\\\/#organization\"},\"potentialAction\":[{\"@type\":\"SearchAction\",\"target\":{\"@type\":\"EntryPoint\",\"urlTemplate\":\"https:\\\/\\\/alliedmet.com\\\/de\\\/?s={search_term_string}\"},\"query-input\":{\"@type\":\"PropertyValueSpecification\",\"valueRequired\":true,\"valueName\":\"search_term_string\"}}],\"inLanguage\":\"de\"},{\"@type\":\"Organization\",\"@id\":\"https:\\\/\\\/alliedmet.com\\\/de\\\/#organization\",\"name\":\"Allied Metals Corporation\",\"url\":\"https:\\\/\\\/alliedmet.com\\\/de\\\/\",\"logo\":{\"@type\":\"ImageObject\",\"inLanguage\":\"de\",\"@id\":\"https:\\\/\\\/alliedmet.com\\\/de\\\/#\\\/schema\\\/logo\\\/image\\\/\",\"url\":\"https:\\\/\\\/alliedmet.com\\\/wp-content\\\/uploads\\\/2019\\\/07\\\/AMC-English-logo.png\",\"contentUrl\":\"https:\\\/\\\/alliedmet.com\\\/wp-content\\\/uploads\\\/2019\\\/07\\\/AMC-English-logo.png\",\"width\":1029,\"height\":317,\"caption\":\"Allied Metals Corporation\"},\"image\":{\"@id\":\"https:\\\/\\\/alliedmet.com\\\/de\\\/#\\\/schema\\\/logo\\\/image\\\/\"},\"sameAs\":[\"https:\\\/\\\/www.linkedin.com\\\/company\\\/allied-metals\"]}]}<\/script>\n<!-- \/ Yoast SEO Premium plugin. -->","yoast_head_json":{"title":"EFP S - Allied Metals Corporation","description":"Unser EFP S ist weicher Stahl, der als Schmelzbasis f\u00fcr Eisen, niedrig legierte St\u00e4hle und rostfreie St\u00e4hle, als frei flie\u00dfendes K\u00fchlmittel und als Abdeckung verwendet werden kann. Dieses Material wird nach Grad, Gr\u00f6\u00dfe und Dichte getrennt. Die hohe Dichte und Sauberkeit unseres Materials reduziert den Rauch und erm\u00f6glicht weniger Einschl\u00fcsse und weniger Porosit\u00e4t, und unser Reinigungs- und Trocknungsverfahren stellt sicher, dass das material frei von jeglicher Verunreinigung ist. Allied Metals garantiert eine Produktchemie nach den Spezifikationen unserer Kunden.","robots":{"index":"index","follow":"follow","max-snippet":"max-snippet:-1","max-image-preview":"max-image-preview:large","max-video-preview":"max-video-preview:-1"},"canonical":"https:\/\/alliedmet.com\/de\/efp-s\/","og_locale":"de_DE","og_type":"article","og_title":"EFP S","og_description":"Unser EFP S ist weicher Stahl, der als Schmelzbasis f\u00fcr Eisen, niedrig legierte St\u00e4hle und rostfreie St\u00e4hle, als frei flie\u00dfendes K\u00fchlmittel und als Abdeckung verwendet werden kann. Dieses Material wird nach Grad, Gr\u00f6\u00dfe und Dichte getrennt. Die hohe Dichte und Sauberkeit unseres Materials reduziert den Rauch und erm\u00f6glicht weniger Einschl\u00fcsse und weniger Porosit\u00e4t, und unser Reinigungs- und Trocknungsverfahren stellt sicher, dass das material frei von jeglicher Verunreinigung ist. Allied Metals garantiert eine Produktchemie nach den Spezifikationen unserer Kunden.","og_url":"https:\/\/alliedmet.com\/de\/efp-s\/","og_site_name":"Allied Metals Corporation","article_modified_time":"2021-04-08T18:16:33+00:00","og_image":[{"url":"https:\/\/alliedmet.com\/wp-content\/uploads\/2019\/09\/allied-metal-products-image-efp14-alt.png","type":"","width":"","height":""}],"twitter_card":"summary_large_image","twitter_misc":{"Gesch\u00e4tzte Lesezeit":"1\u00a0Minute"},"schema":{"@context":"https:\/\/schema.org","@graph":[{"@type":"WebPage","@id":"https:\/\/alliedmet.com\/de\/efp-s\/","url":"https:\/\/alliedmet.com\/de\/efp-s\/","name":"EFP S - Allied Metals Corporation","isPartOf":{"@id":"https:\/\/alliedmet.com\/de\/#website"},"primaryImageOfPage":{"@id":"https:\/\/alliedmet.com\/de\/efp-s\/#primaryimage"},"image":{"@id":"https:\/\/alliedmet.com\/de\/efp-s\/#primaryimage"},"thumbnailUrl":"https:\/\/alliedmet.com\/wp-content\/uploads\/2019\/09\/allied-metal-products-image-efp14-alt.png","datePublished":"2020-03-21T22:26:41+00:00","dateModified":"2021-04-08T18:16:33+00:00","description":"Unser EFP S ist weicher Stahl, der als Schmelzbasis f\u00fcr Eisen, niedrig legierte St\u00e4hle und rostfreie St\u00e4hle, als frei flie\u00dfendes K\u00fchlmittel und als Abdeckung verwendet werden kann. Dieses Material wird nach Grad, Gr\u00f6\u00dfe und Dichte getrennt. Die hohe Dichte und Sauberkeit unseres Materials reduziert den Rauch und erm\u00f6glicht weniger Einschl\u00fcsse und weniger Porosit\u00e4t, und unser Reinigungs- und Trocknungsverfahren stellt sicher, dass das material frei von jeglicher Verunreinigung ist. Allied Metals garantiert eine Produktchemie nach den Spezifikationen unserer Kunden.","breadcrumb":{"@id":"https:\/\/alliedmet.com\/de\/efp-s\/#breadcrumb"},"inLanguage":"de","potentialAction":[{"@type":"ReadAction","target":["https:\/\/alliedmet.com\/de\/efp-s\/"]}]},{"@type":"ImageObject","inLanguage":"de","@id":"https:\/\/alliedmet.com\/de\/efp-s\/#primaryimage","url":"https:\/\/alliedmet.com\/wp-content\/uploads\/2019\/09\/allied-metal-products-image-efp14-alt.png","contentUrl":"https:\/\/alliedmet.com\/wp-content\/uploads\/2019\/09\/allied-metal-products-image-efp14-alt.png"},{"@type":"BreadcrumbList","@id":"https:\/\/alliedmet.com\/de\/efp-s\/#breadcrumb","itemListElement":[{"@type":"ListItem","position":1,"name":"Home","item":"https:\/\/alliedmet.com\/de\/"},{"@type":"ListItem","position":2,"name":"EFP S"}]},{"@type":"WebSite","@id":"https:\/\/alliedmet.com\/de\/#website","url":"https:\/\/alliedmet.com\/de\/","name":"Allied Metals Corporation","description":"High Purity Iron and Low Carbon Iron","publisher":{"@id":"https:\/\/alliedmet.com\/de\/#organization"},"potentialAction":[{"@type":"SearchAction","target":{"@type":"EntryPoint","urlTemplate":"https:\/\/alliedmet.com\/de\/?s={search_term_string}"},"query-input":{"@type":"PropertyValueSpecification","valueRequired":true,"valueName":"search_term_string"}}],"inLanguage":"de"},{"@type":"Organization","@id":"https:\/\/alliedmet.com\/de\/#organization","name":"Allied Metals Corporation","url":"https:\/\/alliedmet.com\/de\/","logo":{"@type":"ImageObject","inLanguage":"de","@id":"https:\/\/alliedmet.com\/de\/#\/schema\/logo\/image\/","url":"https:\/\/alliedmet.com\/wp-content\/uploads\/2019\/07\/AMC-English-logo.png","contentUrl":"https:\/\/alliedmet.com\/wp-content\/uploads\/2019\/07\/AMC-English-logo.png","width":1029,"height":317,"caption":"Allied Metals Corporation"},"image":{"@id":"https:\/\/alliedmet.com\/de\/#\/schema\/logo\/image\/"},"sameAs":["https:\/\/www.linkedin.com\/company\/allied-metals"]}]}},"_links":{"self":[{"href":"https:\/\/alliedmet.com\/de\/wp-json\/wp\/v2\/pages\/3467","targetHints":{"allow":["GET"]}}],"collection":[{"href":"https:\/\/alliedmet.com\/de\/wp-json\/wp\/v2\/pages"}],"about":[{"href":"https:\/\/alliedmet.com\/de\/wp-json\/wp\/v2\/types\/page"}],"author":[{"embeddable":true,"href":"https:\/\/alliedmet.com\/de\/wp-json\/wp\/v2\/users\/1"}],"replies":[{"embeddable":true,"href":"https:\/\/alliedmet.com\/de\/wp-json\/wp\/v2\/comments?post=3467"}],"version-history":[{"count":0,"href":"https:\/\/alliedmet.com\/de\/wp-json\/wp\/v2\/pages\/3467\/revisions"}],"wp:attachment":[{"href":"https:\/\/alliedmet.com\/de\/wp-json\/wp\/v2\/media?parent=3467"}],"curies":[{"name":"wp","href":"https:\/\/api.w.org\/{rel}","templated":true}]}}