{"id":3468,"date":"2020-03-21T22:32:02","date_gmt":"2020-03-21T22:32:02","guid":{"rendered":"https:\/\/alliedmet.com\/?page_id=3468"},"modified":"2021-04-08T16:47:10","modified_gmt":"2021-04-08T16:47:10","slug":"efp-14k","status":"publish","type":"page","link":"https:\/\/alliedmet.com\/de\/efp-14k\/","title":{"rendered":"EFP-14K"},"content":{"rendered":"\n<div class=\"wp-block-themeisle-blocks-advanced-columns alignfull has-1-columns has-desktop-equal-layout has-tablet-equal-layout has-mobile-equal-layout has-nogap-gap has-vertical-unset\" id=\"wp-block-themeisle-blocks-advanced-columns-b149c98c\"><div class=\"wp-block-themeisle-blocks-advanced-columns-overlay\"><\/div><div class=\"innerblocks-wrap\">\n<div class=\"wp-block-themeisle-blocks-advanced-column\" id=\"wp-block-themeisle-blocks-advanced-column-bfb35848\">\n<div style=\"height:20px\" aria-hidden=\"true\" class=\"wp-block-spacer ticss-d5c866b1\"><\/div>\n<\/div>\n<\/div><\/div>\n\n\n\n<div class=\"wp-block-themeisle-blocks-advanced-columns has-2-columns has-desktop-equal-layout has-tablet-collapsedRows-layout has-mobile-collapsedRows-layout has-default-gap has-vertical-unset\" id=\"wp-block-themeisle-blocks-advanced-columns-cf45a29e\"><div class=\"wp-block-themeisle-blocks-advanced-columns-overlay\"><\/div><div class=\"innerblocks-wrap\">\n<div class=\"wp-block-themeisle-blocks-advanced-column\" id=\"wp-block-themeisle-blocks-advanced-column-f7f12bd3\">\n<h1 class=\"wp-block-heading\" id=\"h-efp-14k\">EFP-14K<\/h1>\n\n\n\n<figure class=\"wp-block-image size-large ticss-4a276a38\"><img decoding=\"async\" width=\"538\" height=\"202\" data-src=\"https:\/\/alliedmet.com\/wp-content\/uploads\/2019\/11\/EFP-14K-1.png\" alt=\"EFP-14K ist ein kohlenstoffarmes Eisen, das zur Herstellung von kohlenstoffarmem Edelstahl, nichtmagnetischen und hitzebest\u00e4ndigen Gussteilen und magnetischen Legierungen geeignet ist. Dieses Produkt ist frei von scharfen oder gezackten Kanten und seine einheitliche Gr\u00f6\u00dfe erleichtert die Handhabung. Die Platten mit hoher Dichte bieten eine hervorragende Kopplung, reduzierte Schmelzzeit, reduzierte Energiekosten und erfordern minimalen Speicherplatz.\" class=\"wp-image-3588 lazyload\" data-srcset=\"https:\/\/alliedmet.com\/wp-content\/uploads\/2019\/11\/EFP-14K-1.png 538w, https:\/\/alliedmet.com\/wp-content\/uploads\/2019\/11\/EFP-14K-1-300x113.png 300w\" data-sizes=\"(max-width: 538px) 100vw, 538px\" src=\"data:image\/svg+xml;base64,PHN2ZyB3aWR0aD0iMSIgaGVpZ2h0PSIxIiB4bWxucz0iaHR0cDovL3d3dy53My5vcmcvMjAwMC9zdmciPjwvc3ZnPg==\" style=\"--smush-placeholder-width: 538px; --smush-placeholder-aspect-ratio: 538\/202;\" \/><\/figure>\n\n\n\n<h3 class=\"has-text-align-center ticss-0d97c7a6 wp-block-heading\" id=\"h-efp-14k-1\">EFP-14K<\/h3>\n\n\n\n<figure class=\"wp-block-table ticss-e0987221\"><table class=\"has-fixed-layout\"><tbody><tr><td>Analysis (%)<\/td><td>Maximum<\/td><td>Typical<\/td><\/tr><tr><td>C<\/td><td>0.03<\/td><td>0.005<\/td><\/tr><tr><td>S<\/td><td>0.015<\/td><td>0.008<\/td><\/tr><tr><td>P<\/td><td>0.015<\/td><td>0.008<\/td><\/tr><tr><td>Mn<\/td><td>0.300<\/td><td>0.130<\/td><\/tr><tr><td>Si<\/td><td>0.020<\/td><td>0.010<\/td><\/tr><tr><td>Fe<\/td><td>Balance<\/td><td>Balance<\/td><\/tr><\/tbody><\/table><\/figure>\n<\/div>\n\n\n\n<div class=\"wp-block-themeisle-blocks-advanced-column\" id=\"wp-block-themeisle-blocks-advanced-column-fbb16917\">\n<p class=\"has-normal-font-size\">Unser EFP 14K bietet eine garantierte Chemie innerhalb von Parametern, die vom Verbraucher angegeben werden k\u00f6nnen. Die St\u00fccke mit hoher Dichte bieten eine ausgezeichnete Kopplung, verk\u00fcrzen die Schmelzzeit, reduzieren die Energiekosten und ben\u00f6tigen nur minimalen Lagerplatz.<\/p>\n\n\n\n<p class=\"has-normal-font-size\">\u00c4hnlich wie unsere alternative Eisenkathode ist sie auch f\u00fcr die Produktion kohlenstoffarmer Edelstahl-G\u00fcten, nichtmagnetische und hitzebest\u00e4ndige Gussteile und magnetische Legierungen geeignet. Dieses Produkt ist frei von scharfen oder gezackten Kanten und seine einheitliche Gr\u00f6\u00dfe sorgt f\u00fcr eine einfache Handhabung.<\/p>\n\n\n\n<p class=\"has-normal-font-size\"><strong>Form &amp; Gr\u00f6\u00dfe:<\/strong>\u200b&nbsp;25-80 x 80-140 x 100-250 mm&nbsp;<br><strong>Verpackung:<\/strong>\u200b&nbsp;Verpackt nach individuellen Anforderungen<br><strong>Verf\u00fcgbarkeit:&nbsp;<\/strong>\u200bAlle Regionen<\/p>\n\n\n\n<div class=\"wp-block-buttons is-content-justification-left is-layout-flex wp-block-buttons-is-layout-flex\">\n<div class=\"wp-block-button is-style-outline is-style-outline--1\"><a class=\"wp-block-button__link has-neve-link-color-color has-white-background-color has-text-color has-background\" href=\"https:\/\/alliedmet.com\/de\/produkte\/\">VOLLST\u00c4NDIGE PRODUKTLINIE<\/a><\/div>\n\n\n\n<div class=\"wp-block-button is-style-outline is-style-outline--2\"><a class=\"wp-block-button__link has-nv-site-bg-color has-neve-text-color-background-color has-text-color has-background\" href=\"https:\/\/alliedmet.com\/de\/produktangebot-anfordern\/\">EIN ANGEBOT BEKOMMEN<\/a><\/div>\n<\/div>\n\n\n\n<p><\/p>\n<\/div>\n<\/div><\/div>\n\n\n\n<p><\/p>\n","protected":false},"excerpt":{"rendered":"","protected":false},"author":1,"featured_media":0,"parent":0,"menu_order":0,"comment_status":"closed","ping_status":"closed","template":"","meta":{"neve_meta_sidebar":"full-width","neve_meta_container":"","neve_meta_enable_content_width":"on","neve_meta_content_width":100,"neve_meta_title_alignment":"","neve_meta_author_avatar":"","neve_post_elements_order":"","neve_meta_disable_header":"off","neve_meta_disable_footer":"off","neve_meta_disable_title":"on","_themeisle_gutenberg_block_has_review":false,"footnotes":""},"class_list":["post-3468","page","type-page","status-publish","hentry"],"yoast_head":"<!-- This site is optimized with the Yoast SEO Premium plugin v27.3 (Yoast SEO v27.3) - https:\/\/yoast.com\/product\/yoast-seo-premium-wordpress\/ -->\n<title>EFP-14K - Allied Metals Corporation<\/title>\n<meta name=\"description\" content=\"Unser EFP 14K kohlenstoffarmes Eisen bietet eine garantierte Chemie innerhalb von Parametern, die vom Verbraucher angegeben werden k\u00f6nnen. Die St\u00fccke mit hoher Dichte bieten eine ausgezeichnete Kopplung, verk\u00fcrzen die Schmelzzeit, reduzieren die Energiekosten und ben\u00f6tigen nur minimalen Lagerplatz.\u00c4hnlich wie unsere alternative Eisenkathode ist sie auch f\u00fcr die Produktion kohlenstoffarmer Edelstahl-G\u00fcten, nichtmagnetische und hitzebest\u00e4ndige Gussteile und magnetische Legierungen geeignet. Dieses Produkt ist frei von scharfen oder gezackten Kanten und seine einheitliche Gr\u00f6\u00dfe sorgt f\u00fcr eine einfache Handhabung.\" \/>\n<meta name=\"robots\" content=\"index, follow, max-snippet:-1, max-image-preview:large, max-video-preview:-1\" \/>\n<link rel=\"canonical\" href=\"https:\/\/alliedmet.com\/de\/efp-14k\/\" \/>\n<meta property=\"og:locale\" content=\"de_DE\" \/>\n<meta property=\"og:type\" content=\"article\" \/>\n<meta property=\"og:title\" content=\"EFP-14K\" \/>\n<meta property=\"og:description\" content=\"Unser EFP 14K kohlenstoffarmes Eisen bietet eine garantierte Chemie innerhalb von Parametern, die vom Verbraucher angegeben werden k\u00f6nnen. Die St\u00fccke mit hoher Dichte bieten eine ausgezeichnete Kopplung, verk\u00fcrzen die Schmelzzeit, reduzieren die Energiekosten und ben\u00f6tigen nur minimalen Lagerplatz.\u00c4hnlich wie unsere alternative Eisenkathode ist sie auch f\u00fcr die Produktion kohlenstoffarmer Edelstahl-G\u00fcten, nichtmagnetische und hitzebest\u00e4ndige Gussteile und magnetische Legierungen geeignet. Dieses Produkt ist frei von scharfen oder gezackten Kanten und seine einheitliche Gr\u00f6\u00dfe sorgt f\u00fcr eine einfache Handhabung.\" \/>\n<meta property=\"og:url\" content=\"https:\/\/alliedmet.com\/de\/efp-14k\/\" \/>\n<meta property=\"og:site_name\" content=\"Allied Metals Corporation\" \/>\n<meta property=\"article:modified_time\" content=\"2021-04-08T16:47:10+00:00\" \/>\n<meta property=\"og:image\" content=\"https:\/\/alliedmet.com\/wp-content\/uploads\/2019\/11\/EFP-14K-1.png\" \/>\n<meta name=\"twitter:card\" content=\"summary_large_image\" \/>\n<meta name=\"twitter:label1\" content=\"Gesch\u00e4tzte Lesezeit\" \/>\n\t<meta name=\"twitter:data1\" content=\"1\u00a0Minute\" \/>\n<script type=\"application\/ld+json\" class=\"yoast-schema-graph\">{\"@context\":\"https:\\\/\\\/schema.org\",\"@graph\":[{\"@type\":\"WebPage\",\"@id\":\"https:\\\/\\\/alliedmet.com\\\/de\\\/efp-14k\\\/\",\"url\":\"https:\\\/\\\/alliedmet.com\\\/de\\\/efp-14k\\\/\",\"name\":\"EFP-14K - Allied Metals Corporation\",\"isPartOf\":{\"@id\":\"https:\\\/\\\/alliedmet.com\\\/de\\\/#website\"},\"primaryImageOfPage\":{\"@id\":\"https:\\\/\\\/alliedmet.com\\\/de\\\/efp-14k\\\/#primaryimage\"},\"image\":{\"@id\":\"https:\\\/\\\/alliedmet.com\\\/de\\\/efp-14k\\\/#primaryimage\"},\"thumbnailUrl\":\"https:\\\/\\\/alliedmet.com\\\/wp-content\\\/uploads\\\/2019\\\/11\\\/EFP-14K-1.png\",\"datePublished\":\"2020-03-21T22:32:02+00:00\",\"dateModified\":\"2021-04-08T16:47:10+00:00\",\"description\":\"Unser EFP 14K kohlenstoffarmes Eisen bietet eine garantierte Chemie innerhalb von Parametern, die vom Verbraucher angegeben werden k\u00f6nnen. Die St\u00fccke mit hoher Dichte bieten eine ausgezeichnete Kopplung, verk\u00fcrzen die Schmelzzeit, reduzieren die Energiekosten und ben\u00f6tigen nur minimalen Lagerplatz.\u00c4hnlich wie unsere alternative Eisenkathode ist sie auch f\u00fcr die Produktion kohlenstoffarmer Edelstahl-G\u00fcten, nichtmagnetische und hitzebest\u00e4ndige Gussteile und magnetische Legierungen geeignet. Dieses Produkt ist frei von scharfen oder gezackten Kanten und seine einheitliche Gr\u00f6\u00dfe sorgt f\u00fcr eine einfache Handhabung.\",\"breadcrumb\":{\"@id\":\"https:\\\/\\\/alliedmet.com\\\/de\\\/efp-14k\\\/#breadcrumb\"},\"inLanguage\":\"de\",\"potentialAction\":[{\"@type\":\"ReadAction\",\"target\":[\"https:\\\/\\\/alliedmet.com\\\/de\\\/efp-14k\\\/\"]}]},{\"@type\":\"ImageObject\",\"inLanguage\":\"de\",\"@id\":\"https:\\\/\\\/alliedmet.com\\\/de\\\/efp-14k\\\/#primaryimage\",\"url\":\"https:\\\/\\\/alliedmet.com\\\/wp-content\\\/uploads\\\/2019\\\/11\\\/EFP-14K-1.png\",\"contentUrl\":\"https:\\\/\\\/alliedmet.com\\\/wp-content\\\/uploads\\\/2019\\\/11\\\/EFP-14K-1.png\"},{\"@type\":\"BreadcrumbList\",\"@id\":\"https:\\\/\\\/alliedmet.com\\\/de\\\/efp-14k\\\/#breadcrumb\",\"itemListElement\":[{\"@type\":\"ListItem\",\"position\":1,\"name\":\"Home\",\"item\":\"https:\\\/\\\/alliedmet.com\\\/de\\\/\"},{\"@type\":\"ListItem\",\"position\":2,\"name\":\"EFP-14K\"}]},{\"@type\":\"WebSite\",\"@id\":\"https:\\\/\\\/alliedmet.com\\\/de\\\/#website\",\"url\":\"https:\\\/\\\/alliedmet.com\\\/de\\\/\",\"name\":\"Allied Metals Corporation\",\"description\":\"High Purity Iron and Low Carbon Iron\",\"publisher\":{\"@id\":\"https:\\\/\\\/alliedmet.com\\\/de\\\/#organization\"},\"potentialAction\":[{\"@type\":\"SearchAction\",\"target\":{\"@type\":\"EntryPoint\",\"urlTemplate\":\"https:\\\/\\\/alliedmet.com\\\/de\\\/?s={search_term_string}\"},\"query-input\":{\"@type\":\"PropertyValueSpecification\",\"valueRequired\":true,\"valueName\":\"search_term_string\"}}],\"inLanguage\":\"de\"},{\"@type\":\"Organization\",\"@id\":\"https:\\\/\\\/alliedmet.com\\\/de\\\/#organization\",\"name\":\"Allied Metals Corporation\",\"url\":\"https:\\\/\\\/alliedmet.com\\\/de\\\/\",\"logo\":{\"@type\":\"ImageObject\",\"inLanguage\":\"de\",\"@id\":\"https:\\\/\\\/alliedmet.com\\\/de\\\/#\\\/schema\\\/logo\\\/image\\\/\",\"url\":\"https:\\\/\\\/alliedmet.com\\\/wp-content\\\/uploads\\\/2019\\\/07\\\/AMC-English-logo.png\",\"contentUrl\":\"https:\\\/\\\/alliedmet.com\\\/wp-content\\\/uploads\\\/2019\\\/07\\\/AMC-English-logo.png\",\"width\":1029,\"height\":317,\"caption\":\"Allied Metals Corporation\"},\"image\":{\"@id\":\"https:\\\/\\\/alliedmet.com\\\/de\\\/#\\\/schema\\\/logo\\\/image\\\/\"},\"sameAs\":[\"https:\\\/\\\/www.linkedin.com\\\/company\\\/allied-metals\"]}]}<\/script>\n<!-- \/ Yoast SEO Premium plugin. -->","yoast_head_json":{"title":"EFP-14K - Allied Metals Corporation","description":"Unser EFP 14K kohlenstoffarmes Eisen bietet eine garantierte Chemie innerhalb von Parametern, die vom Verbraucher angegeben werden k\u00f6nnen. Die St\u00fccke mit hoher Dichte bieten eine ausgezeichnete Kopplung, verk\u00fcrzen die Schmelzzeit, reduzieren die Energiekosten und ben\u00f6tigen nur minimalen Lagerplatz.\u00c4hnlich wie unsere alternative Eisenkathode ist sie auch f\u00fcr die Produktion kohlenstoffarmer Edelstahl-G\u00fcten, nichtmagnetische und hitzebest\u00e4ndige Gussteile und magnetische Legierungen geeignet. Dieses Produkt ist frei von scharfen oder gezackten Kanten und seine einheitliche Gr\u00f6\u00dfe sorgt f\u00fcr eine einfache Handhabung.","robots":{"index":"index","follow":"follow","max-snippet":"max-snippet:-1","max-image-preview":"max-image-preview:large","max-video-preview":"max-video-preview:-1"},"canonical":"https:\/\/alliedmet.com\/de\/efp-14k\/","og_locale":"de_DE","og_type":"article","og_title":"EFP-14K","og_description":"Unser EFP 14K kohlenstoffarmes Eisen bietet eine garantierte Chemie innerhalb von Parametern, die vom Verbraucher angegeben werden k\u00f6nnen. Die St\u00fccke mit hoher Dichte bieten eine ausgezeichnete Kopplung, verk\u00fcrzen die Schmelzzeit, reduzieren die Energiekosten und ben\u00f6tigen nur minimalen Lagerplatz.\u00c4hnlich wie unsere alternative Eisenkathode ist sie auch f\u00fcr die Produktion kohlenstoffarmer Edelstahl-G\u00fcten, nichtmagnetische und hitzebest\u00e4ndige Gussteile und magnetische Legierungen geeignet. Dieses Produkt ist frei von scharfen oder gezackten Kanten und seine einheitliche Gr\u00f6\u00dfe sorgt f\u00fcr eine einfache Handhabung.","og_url":"https:\/\/alliedmet.com\/de\/efp-14k\/","og_site_name":"Allied Metals Corporation","article_modified_time":"2021-04-08T16:47:10+00:00","og_image":[{"url":"https:\/\/alliedmet.com\/wp-content\/uploads\/2019\/11\/EFP-14K-1.png","type":"","width":"","height":""}],"twitter_card":"summary_large_image","twitter_misc":{"Gesch\u00e4tzte Lesezeit":"1\u00a0Minute"},"schema":{"@context":"https:\/\/schema.org","@graph":[{"@type":"WebPage","@id":"https:\/\/alliedmet.com\/de\/efp-14k\/","url":"https:\/\/alliedmet.com\/de\/efp-14k\/","name":"EFP-14K - Allied Metals Corporation","isPartOf":{"@id":"https:\/\/alliedmet.com\/de\/#website"},"primaryImageOfPage":{"@id":"https:\/\/alliedmet.com\/de\/efp-14k\/#primaryimage"},"image":{"@id":"https:\/\/alliedmet.com\/de\/efp-14k\/#primaryimage"},"thumbnailUrl":"https:\/\/alliedmet.com\/wp-content\/uploads\/2019\/11\/EFP-14K-1.png","datePublished":"2020-03-21T22:32:02+00:00","dateModified":"2021-04-08T16:47:10+00:00","description":"Unser EFP 14K kohlenstoffarmes Eisen bietet eine garantierte Chemie innerhalb von Parametern, die vom Verbraucher angegeben werden k\u00f6nnen. Die St\u00fccke mit hoher Dichte bieten eine ausgezeichnete Kopplung, verk\u00fcrzen die Schmelzzeit, reduzieren die Energiekosten und ben\u00f6tigen nur minimalen Lagerplatz.\u00c4hnlich wie unsere alternative Eisenkathode ist sie auch f\u00fcr die Produktion kohlenstoffarmer Edelstahl-G\u00fcten, nichtmagnetische und hitzebest\u00e4ndige Gussteile und magnetische Legierungen geeignet. Dieses Produkt ist frei von scharfen oder gezackten Kanten und seine einheitliche Gr\u00f6\u00dfe sorgt f\u00fcr eine einfache Handhabung.","breadcrumb":{"@id":"https:\/\/alliedmet.com\/de\/efp-14k\/#breadcrumb"},"inLanguage":"de","potentialAction":[{"@type":"ReadAction","target":["https:\/\/alliedmet.com\/de\/efp-14k\/"]}]},{"@type":"ImageObject","inLanguage":"de","@id":"https:\/\/alliedmet.com\/de\/efp-14k\/#primaryimage","url":"https:\/\/alliedmet.com\/wp-content\/uploads\/2019\/11\/EFP-14K-1.png","contentUrl":"https:\/\/alliedmet.com\/wp-content\/uploads\/2019\/11\/EFP-14K-1.png"},{"@type":"BreadcrumbList","@id":"https:\/\/alliedmet.com\/de\/efp-14k\/#breadcrumb","itemListElement":[{"@type":"ListItem","position":1,"name":"Home","item":"https:\/\/alliedmet.com\/de\/"},{"@type":"ListItem","position":2,"name":"EFP-14K"}]},{"@type":"WebSite","@id":"https:\/\/alliedmet.com\/de\/#website","url":"https:\/\/alliedmet.com\/de\/","name":"Allied Metals Corporation","description":"High Purity Iron and Low Carbon Iron","publisher":{"@id":"https:\/\/alliedmet.com\/de\/#organization"},"potentialAction":[{"@type":"SearchAction","target":{"@type":"EntryPoint","urlTemplate":"https:\/\/alliedmet.com\/de\/?s={search_term_string}"},"query-input":{"@type":"PropertyValueSpecification","valueRequired":true,"valueName":"search_term_string"}}],"inLanguage":"de"},{"@type":"Organization","@id":"https:\/\/alliedmet.com\/de\/#organization","name":"Allied Metals Corporation","url":"https:\/\/alliedmet.com\/de\/","logo":{"@type":"ImageObject","inLanguage":"de","@id":"https:\/\/alliedmet.com\/de\/#\/schema\/logo\/image\/","url":"https:\/\/alliedmet.com\/wp-content\/uploads\/2019\/07\/AMC-English-logo.png","contentUrl":"https:\/\/alliedmet.com\/wp-content\/uploads\/2019\/07\/AMC-English-logo.png","width":1029,"height":317,"caption":"Allied Metals Corporation"},"image":{"@id":"https:\/\/alliedmet.com\/de\/#\/schema\/logo\/image\/"},"sameAs":["https:\/\/www.linkedin.com\/company\/allied-metals"]}]}},"_links":{"self":[{"href":"https:\/\/alliedmet.com\/de\/wp-json\/wp\/v2\/pages\/3468","targetHints":{"allow":["GET"]}}],"collection":[{"href":"https:\/\/alliedmet.com\/de\/wp-json\/wp\/v2\/pages"}],"about":[{"href":"https:\/\/alliedmet.com\/de\/wp-json\/wp\/v2\/types\/page"}],"author":[{"embeddable":true,"href":"https:\/\/alliedmet.com\/de\/wp-json\/wp\/v2\/users\/1"}],"replies":[{"embeddable":true,"href":"https:\/\/alliedmet.com\/de\/wp-json\/wp\/v2\/comments?post=3468"}],"version-history":[{"count":0,"href":"https:\/\/alliedmet.com\/de\/wp-json\/wp\/v2\/pages\/3468\/revisions"}],"wp:attachment":[{"href":"https:\/\/alliedmet.com\/de\/wp-json\/wp\/v2\/media?parent=3468"}],"curies":[{"name":"wp","href":"https:\/\/api.w.org\/{rel}","templated":true}]}}