{"id":3477,"date":"2020-03-21T22:23:00","date_gmt":"2020-03-21T22:23:00","guid":{"rendered":"https:\/\/alliedmet.com\/?page_id=3477"},"modified":"2021-04-08T18:49:06","modified_gmt":"2021-04-08T18:49:06","slug":"kohlenstoff-und-niedrig-legierte-gueten","status":"publish","type":"page","link":"https:\/\/alliedmet.com\/de\/kohlenstoff-und-niedrig-legierte-gueten\/","title":{"rendered":"KOHLENSTOFF UND NIEDRIG LEGIERTE G\u00dcTEN"},"content":{"rendered":"\n<div class=\"wp-block-themeisle-blocks-advanced-columns alignfull has-1-columns has-desktop-equal-layout has-tablet-equal-layout has-mobile-equal-layout has-nogap-gap has-vertical-unset\" id=\"wp-block-themeisle-blocks-advanced-columns-def29715\"><div class=\"wp-block-themeisle-blocks-advanced-columns-overlay\"><\/div><div class=\"innerblocks-wrap\">\n<div class=\"wp-block-themeisle-blocks-advanced-column\" id=\"wp-block-themeisle-blocks-advanced-column-206f6f0a\">\n<div style=\"height:20px\" aria-hidden=\"true\" class=\"wp-block-spacer ticss-d5c866b1\"><\/div>\n<\/div>\n<\/div><\/div>\n\n\n\n<div class=\"wp-block-themeisle-blocks-advanced-columns has-2-columns has-desktop-equal-layout has-tablet-collapsedRows-layout has-mobile-collapsedRows-layout has-default-gap has-vertical-unset\" id=\"wp-block-themeisle-blocks-advanced-columns-96ce054b\"><div class=\"wp-block-themeisle-blocks-advanced-columns-overlay\"><\/div><div class=\"innerblocks-wrap\">\n<div class=\"wp-block-themeisle-blocks-advanced-column\" id=\"wp-block-themeisle-blocks-advanced-column-66786217\">\n<h1 class=\"wp-block-heading\" id=\"h-kohlenstoff-und-niedrig-legierte-g-ten\">KOHLENSTOFF UND NIEDRIG LEGIERTE G\u00dcTEN<\/h1>\n\n\n\n<figure class=\"wp-block-image size-large ticss-6ca815bc\"><img decoding=\"async\" width=\"865\" height=\"309\" data-src=\"https:\/\/alliedmet.com\/wp-content\/uploads\/2019\/11\/image.png\" alt=\"KOHLENSTOFF UND NIEDRIG LEGIERTE G\u00dcTEN als Schmelzmaterial f\u00fcr Induktionsgie\u00dfereien verwendet\" class=\"wp-image-3581 lazyload\" data-srcset=\"https:\/\/alliedmet.com\/wp-content\/uploads\/2019\/11\/image.png 865w, https:\/\/alliedmet.com\/wp-content\/uploads\/2019\/11\/image-300x107.png 300w, https:\/\/alliedmet.com\/wp-content\/uploads\/2019\/11\/image-768x274.png 768w\" data-sizes=\"(max-width: 865px) 100vw, 865px\" src=\"data:image\/svg+xml;base64,PHN2ZyB3aWR0aD0iMSIgaGVpZ2h0PSIxIiB4bWxucz0iaHR0cDovL3d3dy53My5vcmcvMjAwMC9zdmciPjwvc3ZnPg==\" style=\"--smush-placeholder-width: 865px; --smush-placeholder-aspect-ratio: 865\/309;\" \/><\/figure>\n\n\n\n<h3 class=\"has-text-align-center ticss-d43f2e6d wp-block-heading\" id=\"h-kohlenstoff-und-niedrig-legierte-g-ten-1\">KOHLENSTOFF UND NIEDRIG LEGIERTE G\u00dcTEN<\/h3>\n\n\n\n<figure class=\"wp-block-table ticss-aae934a3\"><table><tbody><tr><td>AIAI<\/td><td>EN DIN<\/td><td>AISI<\/td><\/tr><tr><td>1005<\/td><td>C5<\/td><td>4130<\/td><\/tr><tr><td>1010<\/td><td>C15<\/td><td>4140<\/td><\/tr><tr><td>1020<\/td><td>C20<\/td><td>4320<\/td><\/tr><tr><td>1030<\/td><td>C30<\/td><td>4340<\/td><\/tr><tr><td>1040<\/td><td>C40<\/td><td>4615<\/td><\/tr><tr><td>1050<\/td><td>C50<\/td><td>8620<\/td><\/tr><tr><td>1080<\/td><td>C80<\/td><td>8630<\/td><\/tr><\/tbody><\/table><\/figure>\n<\/div>\n\n\n\n<div class=\"wp-block-themeisle-blocks-advanced-column\" id=\"wp-block-themeisle-blocks-advanced-column-5630d233\">\n<p class=\"has-normal-font-size\">Allied Metals ist f\u00fchrend in der Verarbeitung und dem Vertrieb von niedrig legiertem Schmelzmaterial f\u00fcr Induktionsgie\u00dfereien. Unser Bestand an Kohlenstoffstahl und niedriglegiertem Stahl Lagerbestand gew\u00e4hrleistet eine prompte Lieferung f\u00fcr die meisten Sorten in einheitlichen Mengen. Wir erf\u00fcllen Anforderungen von 500 kg bis hin zu mehreren Lkw-Ladungen von gereinigtem und gestrahltem Material. Unsere f\u00fcr W\u00e4rmeprodukte zertifizierten Produkte verf\u00fcgen \u00fcber W\u00e4rmezertifizierungen, und unsere sekund\u00e4ren Optionen verf\u00fcgen \u00fcber garantierte Chemikalien bei jeder Lieferung<\/p>\n\n\n\n<p class=\"has-normal-font-size\"><strong>Form &amp; Gr\u00f6\u00dfe:<\/strong>\u200b&nbsp;Stangen mit einem Durchmesser von 25 mm &#8211; 75 mm, 305 mm L\u00e4nge<br><strong>Verpackung:&nbsp;<\/strong>\u200bVerpackt nach individuellen Anforderungen<br><strong>Verf\u00fcgbarkeit:<\/strong>\u200b&nbsp;Nordamerika, S\u00fcdamerika, Europa<\/p>\n\n\n\n<div class=\"wp-block-buttons is-content-justification-left is-layout-flex wp-block-buttons-is-layout-flex\">\n<div class=\"wp-block-button is-style-outline is-style-outline--1\"><a class=\"wp-block-button__link has-neve-link-color-color has-white-background-color has-text-color has-background\" href=\"https:\/\/alliedmet.com\/de\/produkte\/\">VOLLST\u00c4NDIGE PRODUKTLINIE<\/a><\/div>\n\n\n\n<div class=\"wp-block-button is-style-outline is-style-outline--2\"><a class=\"wp-block-button__link has-nv-site-bg-color has-neve-text-color-background-color has-text-color has-background\" href=\"https:\/\/alliedmet.com\/de\/produktangebot-anfordern\/\">EIN ANGEBOT BEKOMMEN<\/a><\/div>\n<\/div>\n\n\n\n<p><\/p>\n<\/div>\n<\/div><\/div>\n\n\n\n<p><\/p>\n","protected":false},"excerpt":{"rendered":"","protected":false},"author":1,"featured_media":0,"parent":0,"menu_order":0,"comment_status":"closed","ping_status":"closed","template":"","meta":{"neve_meta_sidebar":"full-width","neve_meta_container":"","neve_meta_enable_content_width":"on","neve_meta_content_width":100,"neve_meta_title_alignment":"","neve_meta_author_avatar":"","neve_post_elements_order":"","neve_meta_disable_header":"","neve_meta_disable_footer":"","neve_meta_disable_title":"on","_themeisle_gutenberg_block_has_review":false,"footnotes":""},"class_list":["post-3477","page","type-page","status-publish","hentry"],"yoast_head":"<!-- This site is optimized with the Yoast SEO Premium plugin v27.3 (Yoast SEO v27.3) - https:\/\/yoast.com\/product\/yoast-seo-premium-wordpress\/ -->\n<title>KOHLENSTOFF UND NIEDRIG LEGIERTE G\u00dcTEN - Allied Metals Corporation<\/title>\n<meta name=\"description\" content=\"Allied Metals ist f\u00fchrend in der Verarbeitung und dem Vertrieb von niedrig legiertem Schmelzmaterial f\u00fcr Induktionsgie\u00dfereien. Unser Bestand an Kohlenstoffstahl und niedriglegiertem Stahl Lagerbestand gew\u00e4hrleistet eine prompte Lieferung f\u00fcr die meisten Sorten in einheitlichen Mengen. Wir erf\u00fcllen Anforderungen von 500 kg bis hin zu mehreren Lkw-Ladungen von gereinigtem und gestrahltem Material. Unsere f\u00fcr W\u00e4rmeprodukte zertifizierten Produkte verf\u00fcgen \u00fcber W\u00e4rmezertifizierungen, und unsere sekund\u00e4ren Optionen verf\u00fcgen \u00fcber garantierte Chemikalien bei jeder Lieferung\" \/>\n<meta name=\"robots\" content=\"index, follow, max-snippet:-1, max-image-preview:large, max-video-preview:-1\" \/>\n<link rel=\"canonical\" href=\"https:\/\/alliedmet.com\/de\/kohlenstoff-und-niedrig-legierte-gueten\/\" \/>\n<meta property=\"og:locale\" content=\"de_DE\" \/>\n<meta property=\"og:type\" content=\"article\" \/>\n<meta property=\"og:title\" content=\"KOHLENSTOFF UND NIEDRIG LEGIERTE G\u00dcTEN\" \/>\n<meta property=\"og:description\" content=\"Allied Metals ist f\u00fchrend in der Verarbeitung und dem Vertrieb von niedrig legiertem Schmelzmaterial f\u00fcr Induktionsgie\u00dfereien. Unser Bestand an Kohlenstoffstahl und niedriglegiertem Stahl Lagerbestand gew\u00e4hrleistet eine prompte Lieferung f\u00fcr die meisten Sorten in einheitlichen Mengen. Wir erf\u00fcllen Anforderungen von 500 kg bis hin zu mehreren Lkw-Ladungen von gereinigtem und gestrahltem Material. Unsere f\u00fcr W\u00e4rmeprodukte zertifizierten Produkte verf\u00fcgen \u00fcber W\u00e4rmezertifizierungen, und unsere sekund\u00e4ren Optionen verf\u00fcgen \u00fcber garantierte Chemikalien bei jeder Lieferung\" \/>\n<meta property=\"og:url\" content=\"https:\/\/alliedmet.com\/de\/kohlenstoff-und-niedrig-legierte-gueten\/\" \/>\n<meta property=\"og:site_name\" content=\"Allied Metals Corporation\" \/>\n<meta property=\"article:modified_time\" content=\"2021-04-08T18:49:06+00:00\" \/>\n<meta property=\"og:image\" content=\"https:\/\/alliedmet.com\/wp-content\/uploads\/2019\/11\/image.png\" \/>\n<meta name=\"twitter:card\" content=\"summary_large_image\" \/>\n<meta name=\"twitter:label1\" content=\"Gesch\u00e4tzte Lesezeit\" \/>\n\t<meta name=\"twitter:data1\" content=\"1\u00a0Minute\" \/>\n<script type=\"application\/ld+json\" class=\"yoast-schema-graph\">{\"@context\":\"https:\\\/\\\/schema.org\",\"@graph\":[{\"@type\":\"WebPage\",\"@id\":\"https:\\\/\\\/alliedmet.com\\\/de\\\/kohlenstoff-und-niedrig-legierte-gueten\\\/\",\"url\":\"https:\\\/\\\/alliedmet.com\\\/de\\\/kohlenstoff-und-niedrig-legierte-gueten\\\/\",\"name\":\"KOHLENSTOFF UND NIEDRIG LEGIERTE G\u00dcTEN - Allied Metals Corporation\",\"isPartOf\":{\"@id\":\"https:\\\/\\\/alliedmet.com\\\/de\\\/#website\"},\"primaryImageOfPage\":{\"@id\":\"https:\\\/\\\/alliedmet.com\\\/de\\\/kohlenstoff-und-niedrig-legierte-gueten\\\/#primaryimage\"},\"image\":{\"@id\":\"https:\\\/\\\/alliedmet.com\\\/de\\\/kohlenstoff-und-niedrig-legierte-gueten\\\/#primaryimage\"},\"thumbnailUrl\":\"https:\\\/\\\/alliedmet.com\\\/wp-content\\\/uploads\\\/2019\\\/11\\\/image.png\",\"datePublished\":\"2020-03-21T22:23:00+00:00\",\"dateModified\":\"2021-04-08T18:49:06+00:00\",\"description\":\"Allied Metals ist f\u00fchrend in der Verarbeitung und dem Vertrieb von niedrig legiertem Schmelzmaterial f\u00fcr Induktionsgie\u00dfereien. Unser Bestand an Kohlenstoffstahl und niedriglegiertem Stahl Lagerbestand gew\u00e4hrleistet eine prompte Lieferung f\u00fcr die meisten Sorten in einheitlichen Mengen. Wir erf\u00fcllen Anforderungen von 500 kg bis hin zu mehreren Lkw-Ladungen von gereinigtem und gestrahltem Material. Unsere f\u00fcr W\u00e4rmeprodukte zertifizierten Produkte verf\u00fcgen \u00fcber W\u00e4rmezertifizierungen, und unsere sekund\u00e4ren Optionen verf\u00fcgen \u00fcber garantierte Chemikalien bei jeder Lieferung\",\"breadcrumb\":{\"@id\":\"https:\\\/\\\/alliedmet.com\\\/de\\\/kohlenstoff-und-niedrig-legierte-gueten\\\/#breadcrumb\"},\"inLanguage\":\"de\",\"potentialAction\":[{\"@type\":\"ReadAction\",\"target\":[\"https:\\\/\\\/alliedmet.com\\\/de\\\/kohlenstoff-und-niedrig-legierte-gueten\\\/\"]}]},{\"@type\":\"ImageObject\",\"inLanguage\":\"de\",\"@id\":\"https:\\\/\\\/alliedmet.com\\\/de\\\/kohlenstoff-und-niedrig-legierte-gueten\\\/#primaryimage\",\"url\":\"https:\\\/\\\/alliedmet.com\\\/wp-content\\\/uploads\\\/2019\\\/11\\\/image.png\",\"contentUrl\":\"https:\\\/\\\/alliedmet.com\\\/wp-content\\\/uploads\\\/2019\\\/11\\\/image.png\"},{\"@type\":\"BreadcrumbList\",\"@id\":\"https:\\\/\\\/alliedmet.com\\\/de\\\/kohlenstoff-und-niedrig-legierte-gueten\\\/#breadcrumb\",\"itemListElement\":[{\"@type\":\"ListItem\",\"position\":1,\"name\":\"Home\",\"item\":\"https:\\\/\\\/alliedmet.com\\\/de\\\/\"},{\"@type\":\"ListItem\",\"position\":2,\"name\":\"KOHLENSTOFF UND NIEDRIG LEGIERTE G\u00dcTEN\"}]},{\"@type\":\"WebSite\",\"@id\":\"https:\\\/\\\/alliedmet.com\\\/de\\\/#website\",\"url\":\"https:\\\/\\\/alliedmet.com\\\/de\\\/\",\"name\":\"Allied Metals Corporation\",\"description\":\"High Purity Iron and Low Carbon Iron\",\"publisher\":{\"@id\":\"https:\\\/\\\/alliedmet.com\\\/de\\\/#organization\"},\"potentialAction\":[{\"@type\":\"SearchAction\",\"target\":{\"@type\":\"EntryPoint\",\"urlTemplate\":\"https:\\\/\\\/alliedmet.com\\\/de\\\/?s={search_term_string}\"},\"query-input\":{\"@type\":\"PropertyValueSpecification\",\"valueRequired\":true,\"valueName\":\"search_term_string\"}}],\"inLanguage\":\"de\"},{\"@type\":\"Organization\",\"@id\":\"https:\\\/\\\/alliedmet.com\\\/de\\\/#organization\",\"name\":\"Allied Metals Corporation\",\"url\":\"https:\\\/\\\/alliedmet.com\\\/de\\\/\",\"logo\":{\"@type\":\"ImageObject\",\"inLanguage\":\"de\",\"@id\":\"https:\\\/\\\/alliedmet.com\\\/de\\\/#\\\/schema\\\/logo\\\/image\\\/\",\"url\":\"https:\\\/\\\/alliedmet.com\\\/wp-content\\\/uploads\\\/2019\\\/07\\\/AMC-English-logo.png\",\"contentUrl\":\"https:\\\/\\\/alliedmet.com\\\/wp-content\\\/uploads\\\/2019\\\/07\\\/AMC-English-logo.png\",\"width\":1029,\"height\":317,\"caption\":\"Allied Metals Corporation\"},\"image\":{\"@id\":\"https:\\\/\\\/alliedmet.com\\\/de\\\/#\\\/schema\\\/logo\\\/image\\\/\"},\"sameAs\":[\"https:\\\/\\\/www.linkedin.com\\\/company\\\/allied-metals\"]}]}<\/script>\n<!-- \/ Yoast SEO Premium plugin. -->","yoast_head_json":{"title":"KOHLENSTOFF UND NIEDRIG LEGIERTE G\u00dcTEN - Allied Metals Corporation","description":"Allied Metals ist f\u00fchrend in der Verarbeitung und dem Vertrieb von niedrig legiertem Schmelzmaterial f\u00fcr Induktionsgie\u00dfereien. Unser Bestand an Kohlenstoffstahl und niedriglegiertem Stahl Lagerbestand gew\u00e4hrleistet eine prompte Lieferung f\u00fcr die meisten Sorten in einheitlichen Mengen. Wir erf\u00fcllen Anforderungen von 500 kg bis hin zu mehreren Lkw-Ladungen von gereinigtem und gestrahltem Material. Unsere f\u00fcr W\u00e4rmeprodukte zertifizierten Produkte verf\u00fcgen \u00fcber W\u00e4rmezertifizierungen, und unsere sekund\u00e4ren Optionen verf\u00fcgen \u00fcber garantierte Chemikalien bei jeder Lieferung","robots":{"index":"index","follow":"follow","max-snippet":"max-snippet:-1","max-image-preview":"max-image-preview:large","max-video-preview":"max-video-preview:-1"},"canonical":"https:\/\/alliedmet.com\/de\/kohlenstoff-und-niedrig-legierte-gueten\/","og_locale":"de_DE","og_type":"article","og_title":"KOHLENSTOFF UND NIEDRIG LEGIERTE G\u00dcTEN","og_description":"Allied Metals ist f\u00fchrend in der Verarbeitung und dem Vertrieb von niedrig legiertem Schmelzmaterial f\u00fcr Induktionsgie\u00dfereien. Unser Bestand an Kohlenstoffstahl und niedriglegiertem Stahl Lagerbestand gew\u00e4hrleistet eine prompte Lieferung f\u00fcr die meisten Sorten in einheitlichen Mengen. Wir erf\u00fcllen Anforderungen von 500 kg bis hin zu mehreren Lkw-Ladungen von gereinigtem und gestrahltem Material. Unsere f\u00fcr W\u00e4rmeprodukte zertifizierten Produkte verf\u00fcgen \u00fcber W\u00e4rmezertifizierungen, und unsere sekund\u00e4ren Optionen verf\u00fcgen \u00fcber garantierte Chemikalien bei jeder Lieferung","og_url":"https:\/\/alliedmet.com\/de\/kohlenstoff-und-niedrig-legierte-gueten\/","og_site_name":"Allied Metals Corporation","article_modified_time":"2021-04-08T18:49:06+00:00","og_image":[{"url":"https:\/\/alliedmet.com\/wp-content\/uploads\/2019\/11\/image.png","type":"","width":"","height":""}],"twitter_card":"summary_large_image","twitter_misc":{"Gesch\u00e4tzte Lesezeit":"1\u00a0Minute"},"schema":{"@context":"https:\/\/schema.org","@graph":[{"@type":"WebPage","@id":"https:\/\/alliedmet.com\/de\/kohlenstoff-und-niedrig-legierte-gueten\/","url":"https:\/\/alliedmet.com\/de\/kohlenstoff-und-niedrig-legierte-gueten\/","name":"KOHLENSTOFF UND NIEDRIG LEGIERTE G\u00dcTEN - Allied Metals Corporation","isPartOf":{"@id":"https:\/\/alliedmet.com\/de\/#website"},"primaryImageOfPage":{"@id":"https:\/\/alliedmet.com\/de\/kohlenstoff-und-niedrig-legierte-gueten\/#primaryimage"},"image":{"@id":"https:\/\/alliedmet.com\/de\/kohlenstoff-und-niedrig-legierte-gueten\/#primaryimage"},"thumbnailUrl":"https:\/\/alliedmet.com\/wp-content\/uploads\/2019\/11\/image.png","datePublished":"2020-03-21T22:23:00+00:00","dateModified":"2021-04-08T18:49:06+00:00","description":"Allied Metals ist f\u00fchrend in der Verarbeitung und dem Vertrieb von niedrig legiertem Schmelzmaterial f\u00fcr Induktionsgie\u00dfereien. Unser Bestand an Kohlenstoffstahl und niedriglegiertem Stahl Lagerbestand gew\u00e4hrleistet eine prompte Lieferung f\u00fcr die meisten Sorten in einheitlichen Mengen. Wir erf\u00fcllen Anforderungen von 500 kg bis hin zu mehreren Lkw-Ladungen von gereinigtem und gestrahltem Material. Unsere f\u00fcr W\u00e4rmeprodukte zertifizierten Produkte verf\u00fcgen \u00fcber W\u00e4rmezertifizierungen, und unsere sekund\u00e4ren Optionen verf\u00fcgen \u00fcber garantierte Chemikalien bei jeder Lieferung","breadcrumb":{"@id":"https:\/\/alliedmet.com\/de\/kohlenstoff-und-niedrig-legierte-gueten\/#breadcrumb"},"inLanguage":"de","potentialAction":[{"@type":"ReadAction","target":["https:\/\/alliedmet.com\/de\/kohlenstoff-und-niedrig-legierte-gueten\/"]}]},{"@type":"ImageObject","inLanguage":"de","@id":"https:\/\/alliedmet.com\/de\/kohlenstoff-und-niedrig-legierte-gueten\/#primaryimage","url":"https:\/\/alliedmet.com\/wp-content\/uploads\/2019\/11\/image.png","contentUrl":"https:\/\/alliedmet.com\/wp-content\/uploads\/2019\/11\/image.png"},{"@type":"BreadcrumbList","@id":"https:\/\/alliedmet.com\/de\/kohlenstoff-und-niedrig-legierte-gueten\/#breadcrumb","itemListElement":[{"@type":"ListItem","position":1,"name":"Home","item":"https:\/\/alliedmet.com\/de\/"},{"@type":"ListItem","position":2,"name":"KOHLENSTOFF UND NIEDRIG LEGIERTE G\u00dcTEN"}]},{"@type":"WebSite","@id":"https:\/\/alliedmet.com\/de\/#website","url":"https:\/\/alliedmet.com\/de\/","name":"Allied Metals Corporation","description":"High Purity Iron and Low Carbon Iron","publisher":{"@id":"https:\/\/alliedmet.com\/de\/#organization"},"potentialAction":[{"@type":"SearchAction","target":{"@type":"EntryPoint","urlTemplate":"https:\/\/alliedmet.com\/de\/?s={search_term_string}"},"query-input":{"@type":"PropertyValueSpecification","valueRequired":true,"valueName":"search_term_string"}}],"inLanguage":"de"},{"@type":"Organization","@id":"https:\/\/alliedmet.com\/de\/#organization","name":"Allied Metals Corporation","url":"https:\/\/alliedmet.com\/de\/","logo":{"@type":"ImageObject","inLanguage":"de","@id":"https:\/\/alliedmet.com\/de\/#\/schema\/logo\/image\/","url":"https:\/\/alliedmet.com\/wp-content\/uploads\/2019\/07\/AMC-English-logo.png","contentUrl":"https:\/\/alliedmet.com\/wp-content\/uploads\/2019\/07\/AMC-English-logo.png","width":1029,"height":317,"caption":"Allied Metals Corporation"},"image":{"@id":"https:\/\/alliedmet.com\/de\/#\/schema\/logo\/image\/"},"sameAs":["https:\/\/www.linkedin.com\/company\/allied-metals"]}]}},"_links":{"self":[{"href":"https:\/\/alliedmet.com\/de\/wp-json\/wp\/v2\/pages\/3477","targetHints":{"allow":["GET"]}}],"collection":[{"href":"https:\/\/alliedmet.com\/de\/wp-json\/wp\/v2\/pages"}],"about":[{"href":"https:\/\/alliedmet.com\/de\/wp-json\/wp\/v2\/types\/page"}],"author":[{"embeddable":true,"href":"https:\/\/alliedmet.com\/de\/wp-json\/wp\/v2\/users\/1"}],"replies":[{"embeddable":true,"href":"https:\/\/alliedmet.com\/de\/wp-json\/wp\/v2\/comments?post=3477"}],"version-history":[{"count":0,"href":"https:\/\/alliedmet.com\/de\/wp-json\/wp\/v2\/pages\/3477\/revisions"}],"wp:attachment":[{"href":"https:\/\/alliedmet.com\/de\/wp-json\/wp\/v2\/media?parent=3477"}],"curies":[{"name":"wp","href":"https:\/\/api.w.org\/{rel}","templated":true}]}}