{"id":3487,"date":"2020-03-21T23:30:50","date_gmt":"2020-03-21T23:30:50","guid":{"rendered":"https:\/\/alliedmet.com\/?page_id=3487"},"modified":"2021-04-08T06:41:39","modified_gmt":"2021-04-08T06:41:39","slug":"elektrolytisches-reinsteisen-flakes","status":"publish","type":"page","link":"https:\/\/alliedmet.com\/de\/elektrolytisches-reinsteisen-flakes\/","title":{"rendered":"ELEKTROLYTISCHES REINSTEISEN FLAKES"},"content":{"rendered":"\n<div class=\"wp-block-themeisle-blocks-advanced-columns alignfull has-1-columns has-desktop-equal-layout has-tablet-equal-layout has-mobile-equal-layout has-nogap-gap has-vertical-unset\" id=\"wp-block-themeisle-blocks-advanced-columns-54135e9f\"><div class=\"wp-block-themeisle-blocks-advanced-columns-overlay\"><\/div><div class=\"innerblocks-wrap\">\n<div class=\"wp-block-themeisle-blocks-advanced-column ticss-84b28bb4\" id=\"wp-block-themeisle-blocks-advanced-column-f8197c66\">\n<div style=\"height:20px\" aria-hidden=\"true\" class=\"wp-block-spacer ticss-d5c866b1\"><\/div>\n<\/div>\n<\/div><\/div>\n\n\n\n<div class=\"wp-block-themeisle-blocks-advanced-columns has-2-columns has-desktop-equal-layout has-tablet-collapsedRows-layout has-mobile-collapsedRows-layout has-default-gap has-vertical-unset\" id=\"wp-block-themeisle-blocks-advanced-columns-ef1baa37\"><div class=\"wp-block-themeisle-blocks-advanced-columns-overlay\"><\/div><div class=\"innerblocks-wrap\">\n<div class=\"wp-block-themeisle-blocks-advanced-column ticss-1165c512\" id=\"wp-block-themeisle-blocks-advanced-column-d04ddbe5\">\n<h1 class=\"ticss-3c11ccf5 wp-block-heading\" id=\"h-elektrolytisches-reinsteisen-flakes\">ELEKTROLYTISCHES REINSTEISEN FLAKES<\/h1>\n\n\n\n<figure class=\"wp-block-image size-large ticss-d2d99dc0\"><img decoding=\"async\" width=\"641\" height=\"276\" data-src=\"https:\/\/alliedmet.com\/wp-content\/uploads\/2019\/08\/allied_metal-products_image_iron_flakes.jpg\" alt=\"Durch innovative Fertigungsverfahren, strenge Qualit\u00e4tskontrolle und jahrelange Entwicklung ist Allied Metals stolz darauf, Elektrolytisches Reinsteisen in der weltweit h\u00f6chsten verf\u00fcgbaren Qualit\u00e4t zu produzieren.\" class=\"wp-image-3586 lazyload\" data-srcset=\"https:\/\/alliedmet.com\/wp-content\/uploads\/2019\/08\/allied_metal-products_image_iron_flakes.jpg 641w, https:\/\/alliedmet.com\/wp-content\/uploads\/2019\/08\/allied_metal-products_image_iron_flakes-300x129.jpg 300w\" data-sizes=\"(max-width: 641px) 100vw, 641px\" src=\"data:image\/svg+xml;base64,PHN2ZyB3aWR0aD0iMSIgaGVpZ2h0PSIxIiB4bWxucz0iaHR0cDovL3d3dy53My5vcmcvMjAwMC9zdmciPjwvc3ZnPg==\" style=\"--smush-placeholder-width: 641px; --smush-placeholder-aspect-ratio: 641\/276;\" \/><\/figure>\n\n\n\n<div style=\"height:30px\" aria-hidden=\"true\" class=\"wp-block-spacer ticss-d6ae6074\"><\/div>\n\n\n\n<h3 class=\"has-text-align-center ticss-393ec1b6 wp-block-heading\" id=\"h-elektrolytisches-reinsteisen-flakes-1\">ELEKTROLYTISCHES REINSTEISEN FLAKES<\/h3>\n\n\n\n<figure class=\"wp-block-table ticss-a7e9b9a3\"><table><tbody><tr><td>&nbsp;&nbsp;&nbsp;&nbsp;&nbsp;&nbsp;&nbsp;&nbsp;&nbsp;&nbsp;&nbsp;&nbsp;&nbsp;&nbsp;&nbsp;<\/td><td class=\"has-text-align-right\" data-align=\"right\"><strong>Ultra-High Purity<\/strong> <\/td><td class=\"has-text-align-right\" data-align=\"right\"><strong>Low Gas Ultra-High Purity <\/strong><\/td><\/tr><\/tbody><\/table><\/figure>\n\n\n\n<figure class=\"wp-block-table ticss-6fdf6b50\"><table class=\"has-fixed-layout\"><tbody><tr><td><strong>Analysis (%)<\/strong><\/td><td>Guaranteed<\/td><td>Typical<\/td><td>Guaranteed<\/td><td>Typical<\/td><\/tr><tr><td><strong>C<\/strong><\/td><td>0.004<\/td><td>&lt; 0.003<\/td><td>0.003<\/td><td>&lt; 0.002<\/td><\/tr><tr><td><strong>S<\/strong><\/td><td>0.002<\/td><td>&lt; 0.001<\/td><td>0.002<\/td><td>&lt; 0.0005<\/td><\/tr><tr><td><strong>N<\/strong><\/td><td>0.003<\/td><td>&lt; 0.002<\/td><td>0.0010<\/td><td>\u2264 0.0005<\/td><\/tr><tr><td><strong>O<\/strong><\/td><td>0.025<\/td><td>0.0150<\/td><td>0.0150<\/td><td>&lt; 0.0150<\/td><\/tr><tr><td><strong>P<\/strong><\/td><td>0.0020<\/td><td>0.001<\/td><td>0.001<\/td><td>&lt; 0.001<\/td><\/tr><tr><td><strong>Mn<\/strong><\/td><td>0.0020<\/td><td>&lt; 0.0010<\/td><td>0.001<\/td><td>&lt; 0.0005<\/td><\/tr><tr><td><strong>Si<\/strong><\/td><td>0.001<\/td><td>&lt; 0.0005<\/td><td>0.001<\/td><td>&lt; 0.0005<\/td><\/tr><\/tbody><\/table><\/figure>\n<\/div>\n\n\n\n<div class=\"wp-block-themeisle-blocks-advanced-column\" id=\"wp-block-themeisle-blocks-advanced-column-5a5440af\">\n<p class=\"has-normal-font-size\">Durch innovative Fertigungsverfahren, strenge Qualit\u00e4tskontrolle und jahrelange Entwicklung ist Allied Metals stolz darauf, Elektrolytisches Reinsteisen in der weltweit h\u00f6chsten verf\u00fcgbaren Qualit\u00e4t zu produzieren. Komplexe elektrochemische&nbsp;\u200bReinigung Optimierung erm\u00f6glicht die Entfernung von sch\u00e4dlichen Elementen, um Reinheitsgrade von bis zu 99,99% (4N) Eisen zu erreichen. Vielleicht genauso wichtig wie die Reinheit ist das hohe Ma\u00df an Gleichm\u00e4\u00dfigkeit, das unser elektrolytisches Reinsteisen bietet, was auf die fortschrittlichen Produktionsmethoden zur\u00fcckzuf\u00fchren ist, mit denen es hergestellt wurde.<\/p>\n\n\n\n<p class=\"has-normal-font-size\">Zus\u00e4tzlich zu unserer Standardqualit\u00e4t f\u00fcr ultrahohe Reinheit stellen wir auch eine G\u00fcte mit ultrahoher Reinheit mit niedrigem Gasgehalt her, die weiter verfeinert wird, um gasf\u00f6rmige Verunreinigungen wie Stickstoff, Sauerstoff, Schwefel und Kohlenstoff zu entfernen. W\u00e4hrend die hohe Reinheit unseres elektrolytischen Reinsteisens es dem Material erm\u00f6glicht, die meisten chemischen Anforderungen zu erf\u00fcllen, k\u00f6nnen wir h\u00e4ufig Material nach Ihren individuellen Spezifikationen herstellen. Dar\u00fcber hinaus sind wir in der Lage, elektrolytisches Reinsteisen in verschiedenen Gr\u00f6\u00dfen und Dicken herzustellen. Unser Fachwissen bei der Herstellung dieses Materials erm\u00f6glicht es uns, die meisten kundenspezifischen Anforderungen auf Anfrage zu erf\u00fcllen.<\/p>\n\n\n\n<p class=\"has-normal-font-size\"><strong>Form &amp; Gr\u00f6\u00dfe:<\/strong>\u200b&nbsp;Flakes<br><strong>Verpackung<\/strong>\u200b: Verpackt nach individuellen Anforderungen<br><strong>Verf\u00fcgbarkeit:<\/strong>\u200b&nbsp;Alle Regionen<\/p>\n\n\n\n<div class=\"wp-block-buttons is-content-justification-left is-layout-flex wp-block-buttons-is-layout-flex\">\n<div class=\"wp-block-button is-style-outline is-style-outline--1\"><a class=\"wp-block-button__link has-neve-link-color-color has-white-background-color has-text-color has-background\" href=\"https:\/\/alliedmet.com\/de\/produkte\/\">VOLLST\u00c4NDIGE PRODUKTLINIE<\/a><\/div>\n\n\n\n<div class=\"wp-block-button is-style-outline is-style-outline--2\"><a class=\"wp-block-button__link has-nv-site-bg-color has-neve-text-color-background-color has-text-color has-background\" href=\"https:\/\/alliedmet.com\/de\/produktangebot-anfordern\/\">EIN ANGEBOT BEKOMMEN<\/a><\/div>\n<\/div>\n\n\n\n<p><\/p>\n<\/div>\n<\/div><\/div>\n\n\n\n<p><\/p>\n","protected":false},"excerpt":{"rendered":"","protected":false},"author":1,"featured_media":0,"parent":0,"menu_order":0,"comment_status":"closed","ping_status":"closed","template":"","meta":{"neve_meta_sidebar":"full-width","neve_meta_container":"","neve_meta_enable_content_width":"on","neve_meta_content_width":100,"neve_meta_title_alignment":"","neve_meta_author_avatar":"","neve_post_elements_order":"","neve_meta_disable_header":"","neve_meta_disable_footer":"","neve_meta_disable_title":"on","_themeisle_gutenberg_block_has_review":false,"footnotes":""},"class_list":["post-3487","page","type-page","status-publish","hentry"],"yoast_head":"<!-- This site is optimized with the Yoast SEO Premium plugin v27.3 (Yoast SEO v27.3) - https:\/\/yoast.com\/product\/yoast-seo-premium-wordpress\/ -->\n<title>ELEKTROLYTISCHES REINSTEISEN FLAKES - Allied Metals Corporation<\/title>\n<meta name=\"description\" content=\"Durch innovative Fertigungsverfahren, strenge Qualit\u00e4tskontrolle und jahrelange Entwicklung ist Allied Metals stolz darauf, Elektrolytisches Reinsteisen in der weltweit h\u00f6chsten verf\u00fcgbaren Qualit\u00e4t zu produzieren. Komplexe elektrochemische\u00a0 Reinigung Optimierung erm\u00f6glicht die Entfernung von sch\u00e4dlichen Elementen, um Reinheitsgrade von bis zu 99,99% (4N) Eisen zu erreichen. Vielleicht genauso wichtig wie die Reinheit ist das hohe Ma\u00df an Gleichm\u00e4\u00dfigkeit, das unser elektrolytisches Reinsteisen bietet, was auf die fortschrittlichen Produktionsmethoden zur\u00fcckzuf\u00fchren ist, mit denen es hergestellt wurde.Zus\u00e4tzlich zu unserer Standardqualit\u00e4t f\u00fcr ultrahohe Reinheit stellen wir auch eine G\u00fcte mit ultrahoher Reinheit mit niedrigem Gasgehalt her, die weiter verfeinert wird, um gasf\u00f6rmige Verunreinigungen wie Stickstoff, Sauerstoff, Schwefel und Kohlenstoff zu entfernen. W\u00e4hrend die hohe Reinheit unseres elektrolytischen Reinsteisens es dem Material erm\u00f6glicht, die meisten chemischen Anforderungen zu erf\u00fcllen, k\u00f6nnen wir h\u00e4ufig Material nach Ihren individuellen Spezifikationen herstellen. Dar\u00fcber hinaus sind wir in der Lage, elektrolytisches Reinsteisen in verschiedenen Gr\u00f6\u00dfen und Dicken herzustellen. Unser Fachwissen bei der Herstellung dieses Materials erm\u00f6glicht es uns, die meisten kundenspezifischen Anforderungen auf Anfrage zu erf\u00fcllen.\" \/>\n<meta name=\"robots\" content=\"index, follow, max-snippet:-1, max-image-preview:large, max-video-preview:-1\" \/>\n<link rel=\"canonical\" href=\"https:\/\/alliedmet.com\/de\/elektrolytisches-reinsteisen-flakes\/\" \/>\n<meta property=\"og:locale\" content=\"de_DE\" \/>\n<meta property=\"og:type\" content=\"article\" \/>\n<meta property=\"og:title\" content=\"ELEKTROLYTISCHES REINSTEISEN FLAKES\" \/>\n<meta property=\"og:description\" content=\"Durch innovative Fertigungsverfahren, strenge Qualit\u00e4tskontrolle und jahrelange Entwicklung ist Allied Metals stolz darauf, Elektrolytisches Reinsteisen in der weltweit h\u00f6chsten verf\u00fcgbaren Qualit\u00e4t zu produzieren. Komplexe elektrochemische\u00a0 Reinigung Optimierung erm\u00f6glicht die Entfernung von sch\u00e4dlichen Elementen, um Reinheitsgrade von bis zu 99,99% (4N) Eisen zu erreichen. Vielleicht genauso wichtig wie die Reinheit ist das hohe Ma\u00df an Gleichm\u00e4\u00dfigkeit, das unser elektrolytisches Reinsteisen bietet, was auf die fortschrittlichen Produktionsmethoden zur\u00fcckzuf\u00fchren ist, mit denen es hergestellt wurde.Zus\u00e4tzlich zu unserer Standardqualit\u00e4t f\u00fcr ultrahohe Reinheit stellen wir auch eine G\u00fcte mit ultrahoher Reinheit mit niedrigem Gasgehalt her, die weiter verfeinert wird, um gasf\u00f6rmige Verunreinigungen wie Stickstoff, Sauerstoff, Schwefel und Kohlenstoff zu entfernen. W\u00e4hrend die hohe Reinheit unseres elektrolytischen Reinsteisens es dem Material erm\u00f6glicht, die meisten chemischen Anforderungen zu erf\u00fcllen, k\u00f6nnen wir h\u00e4ufig Material nach Ihren individuellen Spezifikationen herstellen. Dar\u00fcber hinaus sind wir in der Lage, elektrolytisches Reinsteisen in verschiedenen Gr\u00f6\u00dfen und Dicken herzustellen. Unser Fachwissen bei der Herstellung dieses Materials erm\u00f6glicht es uns, die meisten kundenspezifischen Anforderungen auf Anfrage zu erf\u00fcllen.\" \/>\n<meta property=\"og:url\" content=\"https:\/\/alliedmet.com\/de\/elektrolytisches-reinsteisen-flakes\/\" \/>\n<meta property=\"og:site_name\" content=\"Allied Metals Corporation\" \/>\n<meta property=\"article:modified_time\" content=\"2021-04-08T06:41:39+00:00\" \/>\n<meta property=\"og:image\" content=\"https:\/\/alliedmet.com\/wp-content\/uploads\/2019\/08\/allied_metal-products_image_iron_flakes.jpg\" \/>\n<meta name=\"twitter:card\" content=\"summary_large_image\" \/>\n<meta name=\"twitter:label1\" content=\"Gesch\u00e4tzte Lesezeit\" \/>\n\t<meta name=\"twitter:data1\" content=\"2\u00a0Minuten\" \/>\n<script type=\"application\/ld+json\" class=\"yoast-schema-graph\">{\"@context\":\"https:\\\/\\\/schema.org\",\"@graph\":[{\"@type\":\"WebPage\",\"@id\":\"https:\\\/\\\/alliedmet.com\\\/de\\\/elektrolytisches-reinsteisen-flakes\\\/\",\"url\":\"https:\\\/\\\/alliedmet.com\\\/de\\\/elektrolytisches-reinsteisen-flakes\\\/\",\"name\":\"ELEKTROLYTISCHES REINSTEISEN FLAKES - Allied Metals Corporation\",\"isPartOf\":{\"@id\":\"https:\\\/\\\/alliedmet.com\\\/de\\\/#website\"},\"primaryImageOfPage\":{\"@id\":\"https:\\\/\\\/alliedmet.com\\\/de\\\/elektrolytisches-reinsteisen-flakes\\\/#primaryimage\"},\"image\":{\"@id\":\"https:\\\/\\\/alliedmet.com\\\/de\\\/elektrolytisches-reinsteisen-flakes\\\/#primaryimage\"},\"thumbnailUrl\":\"https:\\\/\\\/alliedmet.com\\\/wp-content\\\/uploads\\\/2019\\\/08\\\/allied_metal-products_image_iron_flakes.jpg\",\"datePublished\":\"2020-03-21T23:30:50+00:00\",\"dateModified\":\"2021-04-08T06:41:39+00:00\",\"description\":\"Durch innovative Fertigungsverfahren, strenge Qualit\u00e4tskontrolle und jahrelange Entwicklung ist Allied Metals stolz darauf, Elektrolytisches Reinsteisen in der weltweit h\u00f6chsten verf\u00fcgbaren Qualit\u00e4t zu produzieren. Komplexe elektrochemische\u00a0 Reinigung Optimierung erm\u00f6glicht die Entfernung von sch\u00e4dlichen Elementen, um Reinheitsgrade von bis zu 99,99% (4N) Eisen zu erreichen. Vielleicht genauso wichtig wie die Reinheit ist das hohe Ma\u00df an Gleichm\u00e4\u00dfigkeit, das unser elektrolytisches Reinsteisen bietet, was auf die fortschrittlichen Produktionsmethoden zur\u00fcckzuf\u00fchren ist, mit denen es hergestellt wurde.Zus\u00e4tzlich zu unserer Standardqualit\u00e4t f\u00fcr ultrahohe Reinheit stellen wir auch eine G\u00fcte mit ultrahoher Reinheit mit niedrigem Gasgehalt her, die weiter verfeinert wird, um gasf\u00f6rmige Verunreinigungen wie Stickstoff, Sauerstoff, Schwefel und Kohlenstoff zu entfernen. W\u00e4hrend die hohe Reinheit unseres elektrolytischen Reinsteisens es dem Material erm\u00f6glicht, die meisten chemischen Anforderungen zu erf\u00fcllen, k\u00f6nnen wir h\u00e4ufig Material nach Ihren individuellen Spezifikationen herstellen. Dar\u00fcber hinaus sind wir in der Lage, elektrolytisches Reinsteisen in verschiedenen Gr\u00f6\u00dfen und Dicken herzustellen. Unser Fachwissen bei der Herstellung dieses Materials erm\u00f6glicht es uns, die meisten kundenspezifischen Anforderungen auf Anfrage zu erf\u00fcllen.\",\"breadcrumb\":{\"@id\":\"https:\\\/\\\/alliedmet.com\\\/de\\\/elektrolytisches-reinsteisen-flakes\\\/#breadcrumb\"},\"inLanguage\":\"de\",\"potentialAction\":[{\"@type\":\"ReadAction\",\"target\":[\"https:\\\/\\\/alliedmet.com\\\/de\\\/elektrolytisches-reinsteisen-flakes\\\/\"]}]},{\"@type\":\"ImageObject\",\"inLanguage\":\"de\",\"@id\":\"https:\\\/\\\/alliedmet.com\\\/de\\\/elektrolytisches-reinsteisen-flakes\\\/#primaryimage\",\"url\":\"https:\\\/\\\/alliedmet.com\\\/wp-content\\\/uploads\\\/2019\\\/08\\\/allied_metal-products_image_iron_flakes.jpg\",\"contentUrl\":\"https:\\\/\\\/alliedmet.com\\\/wp-content\\\/uploads\\\/2019\\\/08\\\/allied_metal-products_image_iron_flakes.jpg\"},{\"@type\":\"BreadcrumbList\",\"@id\":\"https:\\\/\\\/alliedmet.com\\\/de\\\/elektrolytisches-reinsteisen-flakes\\\/#breadcrumb\",\"itemListElement\":[{\"@type\":\"ListItem\",\"position\":1,\"name\":\"Home\",\"item\":\"https:\\\/\\\/alliedmet.com\\\/de\\\/\"},{\"@type\":\"ListItem\",\"position\":2,\"name\":\"ELEKTROLYTISCHES REINSTEISEN FLAKES\"}]},{\"@type\":\"WebSite\",\"@id\":\"https:\\\/\\\/alliedmet.com\\\/de\\\/#website\",\"url\":\"https:\\\/\\\/alliedmet.com\\\/de\\\/\",\"name\":\"Allied Metals Corporation\",\"description\":\"High Purity Iron and Low Carbon Iron\",\"publisher\":{\"@id\":\"https:\\\/\\\/alliedmet.com\\\/de\\\/#organization\"},\"potentialAction\":[{\"@type\":\"SearchAction\",\"target\":{\"@type\":\"EntryPoint\",\"urlTemplate\":\"https:\\\/\\\/alliedmet.com\\\/de\\\/?s={search_term_string}\"},\"query-input\":{\"@type\":\"PropertyValueSpecification\",\"valueRequired\":true,\"valueName\":\"search_term_string\"}}],\"inLanguage\":\"de\"},{\"@type\":\"Organization\",\"@id\":\"https:\\\/\\\/alliedmet.com\\\/de\\\/#organization\",\"name\":\"Allied Metals Corporation\",\"url\":\"https:\\\/\\\/alliedmet.com\\\/de\\\/\",\"logo\":{\"@type\":\"ImageObject\",\"inLanguage\":\"de\",\"@id\":\"https:\\\/\\\/alliedmet.com\\\/de\\\/#\\\/schema\\\/logo\\\/image\\\/\",\"url\":\"https:\\\/\\\/alliedmet.com\\\/wp-content\\\/uploads\\\/2019\\\/07\\\/AMC-English-logo.png\",\"contentUrl\":\"https:\\\/\\\/alliedmet.com\\\/wp-content\\\/uploads\\\/2019\\\/07\\\/AMC-English-logo.png\",\"width\":1029,\"height\":317,\"caption\":\"Allied Metals Corporation\"},\"image\":{\"@id\":\"https:\\\/\\\/alliedmet.com\\\/de\\\/#\\\/schema\\\/logo\\\/image\\\/\"},\"sameAs\":[\"https:\\\/\\\/www.linkedin.com\\\/company\\\/allied-metals\"]}]}<\/script>\n<!-- \/ Yoast SEO Premium plugin. -->","yoast_head_json":{"title":"ELEKTROLYTISCHES REINSTEISEN FLAKES - Allied Metals Corporation","description":"Durch innovative Fertigungsverfahren, strenge Qualit\u00e4tskontrolle und jahrelange Entwicklung ist Allied Metals stolz darauf, Elektrolytisches Reinsteisen in der weltweit h\u00f6chsten verf\u00fcgbaren Qualit\u00e4t zu produzieren. Komplexe elektrochemische\u00a0 Reinigung Optimierung erm\u00f6glicht die Entfernung von sch\u00e4dlichen Elementen, um Reinheitsgrade von bis zu 99,99% (4N) Eisen zu erreichen. Vielleicht genauso wichtig wie die Reinheit ist das hohe Ma\u00df an Gleichm\u00e4\u00dfigkeit, das unser elektrolytisches Reinsteisen bietet, was auf die fortschrittlichen Produktionsmethoden zur\u00fcckzuf\u00fchren ist, mit denen es hergestellt wurde.Zus\u00e4tzlich zu unserer Standardqualit\u00e4t f\u00fcr ultrahohe Reinheit stellen wir auch eine G\u00fcte mit ultrahoher Reinheit mit niedrigem Gasgehalt her, die weiter verfeinert wird, um gasf\u00f6rmige Verunreinigungen wie Stickstoff, Sauerstoff, Schwefel und Kohlenstoff zu entfernen. W\u00e4hrend die hohe Reinheit unseres elektrolytischen Reinsteisens es dem Material erm\u00f6glicht, die meisten chemischen Anforderungen zu erf\u00fcllen, k\u00f6nnen wir h\u00e4ufig Material nach Ihren individuellen Spezifikationen herstellen. Dar\u00fcber hinaus sind wir in der Lage, elektrolytisches Reinsteisen in verschiedenen Gr\u00f6\u00dfen und Dicken herzustellen. Unser Fachwissen bei der Herstellung dieses Materials erm\u00f6glicht es uns, die meisten kundenspezifischen Anforderungen auf Anfrage zu erf\u00fcllen.","robots":{"index":"index","follow":"follow","max-snippet":"max-snippet:-1","max-image-preview":"max-image-preview:large","max-video-preview":"max-video-preview:-1"},"canonical":"https:\/\/alliedmet.com\/de\/elektrolytisches-reinsteisen-flakes\/","og_locale":"de_DE","og_type":"article","og_title":"ELEKTROLYTISCHES REINSTEISEN FLAKES","og_description":"Durch innovative Fertigungsverfahren, strenge Qualit\u00e4tskontrolle und jahrelange Entwicklung ist Allied Metals stolz darauf, Elektrolytisches Reinsteisen in der weltweit h\u00f6chsten verf\u00fcgbaren Qualit\u00e4t zu produzieren. Komplexe elektrochemische\u00a0 Reinigung Optimierung erm\u00f6glicht die Entfernung von sch\u00e4dlichen Elementen, um Reinheitsgrade von bis zu 99,99% (4N) Eisen zu erreichen. Vielleicht genauso wichtig wie die Reinheit ist das hohe Ma\u00df an Gleichm\u00e4\u00dfigkeit, das unser elektrolytisches Reinsteisen bietet, was auf die fortschrittlichen Produktionsmethoden zur\u00fcckzuf\u00fchren ist, mit denen es hergestellt wurde.Zus\u00e4tzlich zu unserer Standardqualit\u00e4t f\u00fcr ultrahohe Reinheit stellen wir auch eine G\u00fcte mit ultrahoher Reinheit mit niedrigem Gasgehalt her, die weiter verfeinert wird, um gasf\u00f6rmige Verunreinigungen wie Stickstoff, Sauerstoff, Schwefel und Kohlenstoff zu entfernen. W\u00e4hrend die hohe Reinheit unseres elektrolytischen Reinsteisens es dem Material erm\u00f6glicht, die meisten chemischen Anforderungen zu erf\u00fcllen, k\u00f6nnen wir h\u00e4ufig Material nach Ihren individuellen Spezifikationen herstellen. Dar\u00fcber hinaus sind wir in der Lage, elektrolytisches Reinsteisen in verschiedenen Gr\u00f6\u00dfen und Dicken herzustellen. Unser Fachwissen bei der Herstellung dieses Materials erm\u00f6glicht es uns, die meisten kundenspezifischen Anforderungen auf Anfrage zu erf\u00fcllen.","og_url":"https:\/\/alliedmet.com\/de\/elektrolytisches-reinsteisen-flakes\/","og_site_name":"Allied Metals Corporation","article_modified_time":"2021-04-08T06:41:39+00:00","og_image":[{"url":"https:\/\/alliedmet.com\/wp-content\/uploads\/2019\/08\/allied_metal-products_image_iron_flakes.jpg","type":"","width":"","height":""}],"twitter_card":"summary_large_image","twitter_misc":{"Gesch\u00e4tzte Lesezeit":"2\u00a0Minuten"},"schema":{"@context":"https:\/\/schema.org","@graph":[{"@type":"WebPage","@id":"https:\/\/alliedmet.com\/de\/elektrolytisches-reinsteisen-flakes\/","url":"https:\/\/alliedmet.com\/de\/elektrolytisches-reinsteisen-flakes\/","name":"ELEKTROLYTISCHES REINSTEISEN FLAKES - Allied Metals Corporation","isPartOf":{"@id":"https:\/\/alliedmet.com\/de\/#website"},"primaryImageOfPage":{"@id":"https:\/\/alliedmet.com\/de\/elektrolytisches-reinsteisen-flakes\/#primaryimage"},"image":{"@id":"https:\/\/alliedmet.com\/de\/elektrolytisches-reinsteisen-flakes\/#primaryimage"},"thumbnailUrl":"https:\/\/alliedmet.com\/wp-content\/uploads\/2019\/08\/allied_metal-products_image_iron_flakes.jpg","datePublished":"2020-03-21T23:30:50+00:00","dateModified":"2021-04-08T06:41:39+00:00","description":"Durch innovative Fertigungsverfahren, strenge Qualit\u00e4tskontrolle und jahrelange Entwicklung ist Allied Metals stolz darauf, Elektrolytisches Reinsteisen in der weltweit h\u00f6chsten verf\u00fcgbaren Qualit\u00e4t zu produzieren. Komplexe elektrochemische\u00a0 Reinigung Optimierung erm\u00f6glicht die Entfernung von sch\u00e4dlichen Elementen, um Reinheitsgrade von bis zu 99,99% (4N) Eisen zu erreichen. Vielleicht genauso wichtig wie die Reinheit ist das hohe Ma\u00df an Gleichm\u00e4\u00dfigkeit, das unser elektrolytisches Reinsteisen bietet, was auf die fortschrittlichen Produktionsmethoden zur\u00fcckzuf\u00fchren ist, mit denen es hergestellt wurde.Zus\u00e4tzlich zu unserer Standardqualit\u00e4t f\u00fcr ultrahohe Reinheit stellen wir auch eine G\u00fcte mit ultrahoher Reinheit mit niedrigem Gasgehalt her, die weiter verfeinert wird, um gasf\u00f6rmige Verunreinigungen wie Stickstoff, Sauerstoff, Schwefel und Kohlenstoff zu entfernen. W\u00e4hrend die hohe Reinheit unseres elektrolytischen Reinsteisens es dem Material erm\u00f6glicht, die meisten chemischen Anforderungen zu erf\u00fcllen, k\u00f6nnen wir h\u00e4ufig Material nach Ihren individuellen Spezifikationen herstellen. Dar\u00fcber hinaus sind wir in der Lage, elektrolytisches Reinsteisen in verschiedenen Gr\u00f6\u00dfen und Dicken herzustellen. Unser Fachwissen bei der Herstellung dieses Materials erm\u00f6glicht es uns, die meisten kundenspezifischen Anforderungen auf Anfrage zu erf\u00fcllen.","breadcrumb":{"@id":"https:\/\/alliedmet.com\/de\/elektrolytisches-reinsteisen-flakes\/#breadcrumb"},"inLanguage":"de","potentialAction":[{"@type":"ReadAction","target":["https:\/\/alliedmet.com\/de\/elektrolytisches-reinsteisen-flakes\/"]}]},{"@type":"ImageObject","inLanguage":"de","@id":"https:\/\/alliedmet.com\/de\/elektrolytisches-reinsteisen-flakes\/#primaryimage","url":"https:\/\/alliedmet.com\/wp-content\/uploads\/2019\/08\/allied_metal-products_image_iron_flakes.jpg","contentUrl":"https:\/\/alliedmet.com\/wp-content\/uploads\/2019\/08\/allied_metal-products_image_iron_flakes.jpg"},{"@type":"BreadcrumbList","@id":"https:\/\/alliedmet.com\/de\/elektrolytisches-reinsteisen-flakes\/#breadcrumb","itemListElement":[{"@type":"ListItem","position":1,"name":"Home","item":"https:\/\/alliedmet.com\/de\/"},{"@type":"ListItem","position":2,"name":"ELEKTROLYTISCHES REINSTEISEN FLAKES"}]},{"@type":"WebSite","@id":"https:\/\/alliedmet.com\/de\/#website","url":"https:\/\/alliedmet.com\/de\/","name":"Allied Metals Corporation","description":"High Purity Iron and Low Carbon Iron","publisher":{"@id":"https:\/\/alliedmet.com\/de\/#organization"},"potentialAction":[{"@type":"SearchAction","target":{"@type":"EntryPoint","urlTemplate":"https:\/\/alliedmet.com\/de\/?s={search_term_string}"},"query-input":{"@type":"PropertyValueSpecification","valueRequired":true,"valueName":"search_term_string"}}],"inLanguage":"de"},{"@type":"Organization","@id":"https:\/\/alliedmet.com\/de\/#organization","name":"Allied Metals Corporation","url":"https:\/\/alliedmet.com\/de\/","logo":{"@type":"ImageObject","inLanguage":"de","@id":"https:\/\/alliedmet.com\/de\/#\/schema\/logo\/image\/","url":"https:\/\/alliedmet.com\/wp-content\/uploads\/2019\/07\/AMC-English-logo.png","contentUrl":"https:\/\/alliedmet.com\/wp-content\/uploads\/2019\/07\/AMC-English-logo.png","width":1029,"height":317,"caption":"Allied Metals Corporation"},"image":{"@id":"https:\/\/alliedmet.com\/de\/#\/schema\/logo\/image\/"},"sameAs":["https:\/\/www.linkedin.com\/company\/allied-metals"]}]}},"_links":{"self":[{"href":"https:\/\/alliedmet.com\/de\/wp-json\/wp\/v2\/pages\/3487","targetHints":{"allow":["GET"]}}],"collection":[{"href":"https:\/\/alliedmet.com\/de\/wp-json\/wp\/v2\/pages"}],"about":[{"href":"https:\/\/alliedmet.com\/de\/wp-json\/wp\/v2\/types\/page"}],"author":[{"embeddable":true,"href":"https:\/\/alliedmet.com\/de\/wp-json\/wp\/v2\/users\/1"}],"replies":[{"embeddable":true,"href":"https:\/\/alliedmet.com\/de\/wp-json\/wp\/v2\/comments?post=3487"}],"version-history":[{"count":0,"href":"https:\/\/alliedmet.com\/de\/wp-json\/wp\/v2\/pages\/3487\/revisions"}],"wp:attachment":[{"href":"https:\/\/alliedmet.com\/de\/wp-json\/wp\/v2\/media?parent=3487"}],"curies":[{"name":"wp","href":"https:\/\/api.w.org\/{rel}","templated":true}]}}