{"id":3488,"date":"2020-03-21T23:36:29","date_gmt":"2020-03-21T23:36:29","guid":{"rendered":"https:\/\/alliedmet.com\/?page_id=3488"},"modified":"2023-01-02T22:58:55","modified_gmt":"2023-01-02T22:58:55","slug":"elektrolytisches-reinsteisen-pulver","status":"publish","type":"page","link":"https:\/\/alliedmet.com\/de\/elektrolytisches-reinsteisen-pulver\/","title":{"rendered":"ELEKTROLYTISCHES REINSTEISEN PULVER"},"content":{"rendered":"\n<div id=\"wp-block-themeisle-blocks-advanced-columns-17ef1cd8\" class=\"wp-block-themeisle-blocks-advanced-columns alignfull has-1-columns has-desktop-equal-layout has-tablet-equal-layout has-mobile-equal-layout has-vertical-unset\"><div class=\"wp-block-themeisle-blocks-advanced-columns-overlay\"><\/div><div class=\"innerblocks-wrap\">\n<div id=\"wp-block-themeisle-blocks-advanced-column-c1b5497b\" class=\"wp-block-themeisle-blocks-advanced-column\">\n<div style=\"height:20px\" aria-hidden=\"true\" class=\"wp-block-spacer ticss-d5c866b1\"><\/div>\n<\/div>\n<\/div><\/div>\n\n\n\n<div id=\"wp-block-themeisle-blocks-advanced-columns-255fc3be\" class=\"wp-block-themeisle-blocks-advanced-columns has-2-columns has-desktop-equal-layout has-tablet-collapsedRows-layout has-mobile-collapsedRows-layout has-vertical-unset\"><div class=\"wp-block-themeisle-blocks-advanced-columns-overlay\"><\/div><div class=\"innerblocks-wrap\">\n<div id=\"wp-block-themeisle-blocks-advanced-column-775de39d\" class=\"wp-block-themeisle-blocks-advanced-column\">\n<h1 class=\"wp-block-heading\" id=\"h-elektrolytisches-reinsteisen-pulver\">ELEKTROLYTISCHES REINSTEISEN PULVER<\/h1>\n\n\n\n<figure class=\"wp-block-image size-large ticss-918035cc\"><img decoding=\"async\" width=\"620\" height=\"368\" data-src=\"https:\/\/alliedmet.com\/wp-content\/uploads\/2019\/09\/allied-metal-products-image-iron-powder.png\" alt=\"Elektrolytisches Eisenpulver kann in einer Vielzahl von Anwendungen eingesetzt werden, darunter Grundwasser- und Bodensanierung (Electrolytic Zero Valent Iron Powder liefert eine verbesserte Reaktivit\u00e4t), Magnetkerne in Pulverform, Herstellung von hochreinen Chemikalien, pharmazeutische Herstellung, Sauerstoffabsorber, Farben\/Pigmente, Oberfl\u00e4chenbeschichtungsanwendungen, additive Herstellung, Metallspritzguss, zerst\u00f6rungsfreie Pr\u00fcfung und vieles mehr.\" class=\"wp-image-3594 lazyload\" data-srcset=\"https:\/\/alliedmet.com\/wp-content\/uploads\/2019\/09\/allied-metal-products-image-iron-powder.png 620w, https:\/\/alliedmet.com\/wp-content\/uploads\/2019\/09\/allied-metal-products-image-iron-powder-300x178.png 300w\" data-sizes=\"(max-width: 620px) 100vw, 620px\" src=\"data:image\/svg+xml;base64,PHN2ZyB3aWR0aD0iMSIgaGVpZ2h0PSIxIiB4bWxucz0iaHR0cDovL3d3dy53My5vcmcvMjAwMC9zdmciPjwvc3ZnPg==\" style=\"--smush-placeholder-width: 620px; --smush-placeholder-aspect-ratio: 620\/368;\" \/><\/figure>\n<\/div>\n\n\n\n<div id=\"wp-block-themeisle-blocks-advanced-column-cea4f344\" class=\"wp-block-themeisle-blocks-advanced-column\">\n<p class=\"has-normal-font-size\">Elektrolytisches Eisenpulver (99,0 % &#8211; 99,8 % Eisen) wird durch einen komplexen elektrochemischen Raffinationsprozess hergestellt, der eine gleichm\u00e4\u00dfige chemische Zusammensetzung und enge Partikelgr\u00f6\u00dfenverteilungen gew\u00e4hrleistet. Unser elektrolytisches Eisenpulver kann in einer Vielzahl von Anwendungen eingesetzt werden, darunter Grundwasser- und Bodensanierung (Electrolytic Zero Valent Iron Powder liefert eine verbesserte Reaktivit\u00e4t), Magnetkerne in Pulverform, Herstellung von hochreinen Chemikalien, pharmazeutische Herstellung, Sauerstoffabsorber, Farben\/Pigmente, Oberfl\u00e4chenbeschichtungsanwendungen, additive Herstellung, Metallspritzguss, zerst\u00f6rungsfreie Pr\u00fcfung und vieles mehr. Das von uns gelieferte Material unterscheidet sich darin, dass unsere Eisenpulver nicht aus sekund\u00e4ren oder recycelten Quellen wiederaufbereitet werden. Es enth\u00e4lt praktisch keine Spuren von \u00d6l, Fett oder anderen sch\u00e4dlichen Verbindungen.<\/p>\n\n\n\n<p class=\"has-normal-font-size\"><strong>Form &amp; Gr\u00f6\u00dfe:&nbsp;<\/strong>\u200b100 \u2014 Mesh, 200 \u2014 Mesh, 300 \u2014 Mesh, 400 \u2014 Mesh, 500 \u2014 Mesh, ultrafein (D50 von&nbsp;\u2264&nbsp;10 Micron)<br><strong>Gl\u00fchen &amp; kundenspezifische Gr\u00f6\u00dfe auf Anfrage<br>Verpackung:&nbsp;<\/strong>\u200bBitte erfragen<br><strong>Verf\u00fcgbarkeit:<\/strong>\u200b&nbsp;Nord- und S\u00fcdamerika, Europa<\/p>\n\n\n\n<div class=\"wp-block-buttons is-content-justification-left is-layout-flex wp-block-buttons-is-layout-flex\">\n<div class=\"wp-block-button is-style-outline is-style-outline--1\"><a class=\"wp-block-button__link has-neve-link-color-color has-white-background-color has-text-color has-background\" href=\"https:\/\/alliedmet.com\/de\/produkte\/\">VOLLST\u00c4NDIGE PRODUKTLINIE<\/a><\/div>\n\n\n\n<div class=\"wp-block-button is-style-outline is-style-outline--2\"><a class=\"wp-block-button__link has-nv-site-bg-color has-neve-text-color-background-color has-text-color has-background\" href=\"https:\/\/alliedmet.com\/de\/produktangebot-anfordern\/\">EIN ANGEBOT BEKOMMEN<\/a><\/div>\n<\/div>\n\n\n\n<p><\/p>\n<\/div>\n<\/div><\/div>\n","protected":false},"excerpt":{"rendered":"","protected":false},"author":1,"featured_media":0,"parent":0,"menu_order":0,"comment_status":"closed","ping_status":"closed","template":"","meta":{"neve_meta_sidebar":"full-width","neve_meta_container":"","neve_meta_enable_content_width":"on","neve_meta_content_width":100,"neve_meta_title_alignment":"","neve_meta_author_avatar":"","neve_post_elements_order":"","neve_meta_disable_header":"off","neve_meta_disable_footer":"off","neve_meta_disable_title":"on","_themeisle_gutenberg_block_has_review":false,"footnotes":""},"class_list":["post-3488","page","type-page","status-publish","hentry"],"yoast_head":"<!-- This site is optimized with the Yoast SEO Premium plugin v27.3 (Yoast SEO v27.3) - https:\/\/yoast.com\/product\/yoast-seo-premium-wordpress\/ -->\n<title>ELEKTROLYTISCHES REINSTEISEN PULVER - Allied Metals Corporation<\/title>\n<meta name=\"description\" content=\"Elektrolytisches Eisenpulver (99,0 % - 99,8 % Eisen) wird durch einen komplexen elektrochemischen Raffinationsprozess hergestellt, der eine gleichm\u00e4\u00dfige chemische Zusammensetzung und enge Partikelgr\u00f6\u00dfenverteilungen gew\u00e4hrleistet. Unser elektrolytisches Eisenpulver kann in einer Vielzahl von Anwendungen eingesetzt werden, darunter Grundwasser- und Bodensanierung (Electrolytic Zero Valent Iron Powder liefert eine verbesserte Reaktivit\u00e4t), Magnetkerne in Pulverform, Herstellung von hochreinen Chemikalien, pharmazeutische Herstellung, Sauerstoffabsorber, Farben\/Pigmente, Oberfl\u00e4chenbeschichtungsanwendungen, additive Herstellung, Metallspritzguss, zerst\u00f6rungsfreie Pr\u00fcfung und vieles mehr. Das von uns gelieferte Material unterscheidet sich darin, dass unsere Eisenpulver nicht aus sekund\u00e4ren oder recycelten Quellen wiederaufbereitet werden. Es enth\u00e4lt praktisch keine Spuren von \u00d6l, Fett oder anderen sch\u00e4dlichen Verbindungen.\" \/>\n<meta name=\"robots\" content=\"index, follow, max-snippet:-1, max-image-preview:large, max-video-preview:-1\" \/>\n<link rel=\"canonical\" href=\"https:\/\/alliedmet.com\/de\/elektrolytisches-reinsteisen-pulver\/\" \/>\n<meta property=\"og:locale\" content=\"de_DE\" \/>\n<meta property=\"og:type\" content=\"article\" \/>\n<meta property=\"og:title\" content=\"ELEKTROLYTISCHES REINSTEISEN PULVER\" \/>\n<meta property=\"og:description\" content=\"Elektrolytisches Eisenpulver (99,0 % - 99,8 % Eisen) wird durch einen komplexen elektrochemischen Raffinationsprozess hergestellt, der eine gleichm\u00e4\u00dfige chemische Zusammensetzung und enge Partikelgr\u00f6\u00dfenverteilungen gew\u00e4hrleistet. Unser elektrolytisches Eisenpulver kann in einer Vielzahl von Anwendungen eingesetzt werden, darunter Grundwasser- und Bodensanierung (Electrolytic Zero Valent Iron Powder liefert eine verbesserte Reaktivit\u00e4t), Magnetkerne in Pulverform, Herstellung von hochreinen Chemikalien, pharmazeutische Herstellung, Sauerstoffabsorber, Farben\/Pigmente, Oberfl\u00e4chenbeschichtungsanwendungen, additive Herstellung, Metallspritzguss, zerst\u00f6rungsfreie Pr\u00fcfung und vieles mehr. Das von uns gelieferte Material unterscheidet sich darin, dass unsere Eisenpulver nicht aus sekund\u00e4ren oder recycelten Quellen wiederaufbereitet werden. Es enth\u00e4lt praktisch keine Spuren von \u00d6l, Fett oder anderen sch\u00e4dlichen Verbindungen.\" \/>\n<meta property=\"og:url\" content=\"https:\/\/alliedmet.com\/de\/elektrolytisches-reinsteisen-pulver\/\" \/>\n<meta property=\"og:site_name\" content=\"Allied Metals Corporation\" \/>\n<meta property=\"article:modified_time\" content=\"2023-01-02T22:58:55+00:00\" \/>\n<meta property=\"og:image\" content=\"https:\/\/alliedmet.com\/wp-content\/uploads\/2019\/09\/allied-metal-products-image-iron-powder.png\" \/>\n<meta name=\"twitter:card\" content=\"summary_large_image\" \/>\n<meta name=\"twitter:label1\" content=\"Gesch\u00e4tzte Lesezeit\" \/>\n\t<meta name=\"twitter:data1\" content=\"1\u00a0Minute\" \/>\n<script type=\"application\/ld+json\" class=\"yoast-schema-graph\">{\"@context\":\"https:\\\/\\\/schema.org\",\"@graph\":[{\"@type\":\"WebPage\",\"@id\":\"https:\\\/\\\/alliedmet.com\\\/de\\\/elektrolytisches-reinsteisen-pulver\\\/\",\"url\":\"https:\\\/\\\/alliedmet.com\\\/de\\\/elektrolytisches-reinsteisen-pulver\\\/\",\"name\":\"ELEKTROLYTISCHES REINSTEISEN PULVER - Allied Metals Corporation\",\"isPartOf\":{\"@id\":\"https:\\\/\\\/alliedmet.com\\\/de\\\/#website\"},\"primaryImageOfPage\":{\"@id\":\"https:\\\/\\\/alliedmet.com\\\/de\\\/elektrolytisches-reinsteisen-pulver\\\/#primaryimage\"},\"image\":{\"@id\":\"https:\\\/\\\/alliedmet.com\\\/de\\\/elektrolytisches-reinsteisen-pulver\\\/#primaryimage\"},\"thumbnailUrl\":\"https:\\\/\\\/alliedmet.com\\\/wp-content\\\/uploads\\\/2019\\\/09\\\/allied-metal-products-image-iron-powder.png\",\"datePublished\":\"2020-03-21T23:36:29+00:00\",\"dateModified\":\"2023-01-02T22:58:55+00:00\",\"description\":\"Elektrolytisches Eisenpulver (99,0 % - 99,8 % Eisen) wird durch einen komplexen elektrochemischen Raffinationsprozess hergestellt, der eine gleichm\u00e4\u00dfige chemische Zusammensetzung und enge Partikelgr\u00f6\u00dfenverteilungen gew\u00e4hrleistet. Unser elektrolytisches Eisenpulver kann in einer Vielzahl von Anwendungen eingesetzt werden, darunter Grundwasser- und Bodensanierung (Electrolytic Zero Valent Iron Powder liefert eine verbesserte Reaktivit\u00e4t), Magnetkerne in Pulverform, Herstellung von hochreinen Chemikalien, pharmazeutische Herstellung, Sauerstoffabsorber, Farben\\\/Pigmente, Oberfl\u00e4chenbeschichtungsanwendungen, additive Herstellung, Metallspritzguss, zerst\u00f6rungsfreie Pr\u00fcfung und vieles mehr. Das von uns gelieferte Material unterscheidet sich darin, dass unsere Eisenpulver nicht aus sekund\u00e4ren oder recycelten Quellen wiederaufbereitet werden. Es enth\u00e4lt praktisch keine Spuren von \u00d6l, Fett oder anderen sch\u00e4dlichen Verbindungen.\",\"breadcrumb\":{\"@id\":\"https:\\\/\\\/alliedmet.com\\\/de\\\/elektrolytisches-reinsteisen-pulver\\\/#breadcrumb\"},\"inLanguage\":\"de\",\"potentialAction\":[{\"@type\":\"ReadAction\",\"target\":[\"https:\\\/\\\/alliedmet.com\\\/de\\\/elektrolytisches-reinsteisen-pulver\\\/\"]}]},{\"@type\":\"ImageObject\",\"inLanguage\":\"de\",\"@id\":\"https:\\\/\\\/alliedmet.com\\\/de\\\/elektrolytisches-reinsteisen-pulver\\\/#primaryimage\",\"url\":\"https:\\\/\\\/alliedmet.com\\\/wp-content\\\/uploads\\\/2019\\\/09\\\/allied-metal-products-image-iron-powder.png\",\"contentUrl\":\"https:\\\/\\\/alliedmet.com\\\/wp-content\\\/uploads\\\/2019\\\/09\\\/allied-metal-products-image-iron-powder.png\"},{\"@type\":\"BreadcrumbList\",\"@id\":\"https:\\\/\\\/alliedmet.com\\\/de\\\/elektrolytisches-reinsteisen-pulver\\\/#breadcrumb\",\"itemListElement\":[{\"@type\":\"ListItem\",\"position\":1,\"name\":\"Home\",\"item\":\"https:\\\/\\\/alliedmet.com\\\/de\\\/\"},{\"@type\":\"ListItem\",\"position\":2,\"name\":\"ELEKTROLYTISCHES REINSTEISEN PULVER\"}]},{\"@type\":\"WebSite\",\"@id\":\"https:\\\/\\\/alliedmet.com\\\/de\\\/#website\",\"url\":\"https:\\\/\\\/alliedmet.com\\\/de\\\/\",\"name\":\"Allied Metals Corporation\",\"description\":\"High Purity Iron and Low Carbon Iron\",\"publisher\":{\"@id\":\"https:\\\/\\\/alliedmet.com\\\/de\\\/#organization\"},\"potentialAction\":[{\"@type\":\"SearchAction\",\"target\":{\"@type\":\"EntryPoint\",\"urlTemplate\":\"https:\\\/\\\/alliedmet.com\\\/de\\\/?s={search_term_string}\"},\"query-input\":{\"@type\":\"PropertyValueSpecification\",\"valueRequired\":true,\"valueName\":\"search_term_string\"}}],\"inLanguage\":\"de\"},{\"@type\":\"Organization\",\"@id\":\"https:\\\/\\\/alliedmet.com\\\/de\\\/#organization\",\"name\":\"Allied Metals Corporation\",\"url\":\"https:\\\/\\\/alliedmet.com\\\/de\\\/\",\"logo\":{\"@type\":\"ImageObject\",\"inLanguage\":\"de\",\"@id\":\"https:\\\/\\\/alliedmet.com\\\/de\\\/#\\\/schema\\\/logo\\\/image\\\/\",\"url\":\"https:\\\/\\\/alliedmet.com\\\/wp-content\\\/uploads\\\/2019\\\/07\\\/AMC-English-logo.png\",\"contentUrl\":\"https:\\\/\\\/alliedmet.com\\\/wp-content\\\/uploads\\\/2019\\\/07\\\/AMC-English-logo.png\",\"width\":1029,\"height\":317,\"caption\":\"Allied Metals Corporation\"},\"image\":{\"@id\":\"https:\\\/\\\/alliedmet.com\\\/de\\\/#\\\/schema\\\/logo\\\/image\\\/\"},\"sameAs\":[\"https:\\\/\\\/www.linkedin.com\\\/company\\\/allied-metals\"]}]}<\/script>\n<!-- \/ Yoast SEO Premium plugin. -->","yoast_head_json":{"title":"ELEKTROLYTISCHES REINSTEISEN PULVER - Allied Metals Corporation","description":"Elektrolytisches Eisenpulver (99,0 % - 99,8 % Eisen) wird durch einen komplexen elektrochemischen Raffinationsprozess hergestellt, der eine gleichm\u00e4\u00dfige chemische Zusammensetzung und enge Partikelgr\u00f6\u00dfenverteilungen gew\u00e4hrleistet. Unser elektrolytisches Eisenpulver kann in einer Vielzahl von Anwendungen eingesetzt werden, darunter Grundwasser- und Bodensanierung (Electrolytic Zero Valent Iron Powder liefert eine verbesserte Reaktivit\u00e4t), Magnetkerne in Pulverform, Herstellung von hochreinen Chemikalien, pharmazeutische Herstellung, Sauerstoffabsorber, Farben\/Pigmente, Oberfl\u00e4chenbeschichtungsanwendungen, additive Herstellung, Metallspritzguss, zerst\u00f6rungsfreie Pr\u00fcfung und vieles mehr. Das von uns gelieferte Material unterscheidet sich darin, dass unsere Eisenpulver nicht aus sekund\u00e4ren oder recycelten Quellen wiederaufbereitet werden. Es enth\u00e4lt praktisch keine Spuren von \u00d6l, Fett oder anderen sch\u00e4dlichen Verbindungen.","robots":{"index":"index","follow":"follow","max-snippet":"max-snippet:-1","max-image-preview":"max-image-preview:large","max-video-preview":"max-video-preview:-1"},"canonical":"https:\/\/alliedmet.com\/de\/elektrolytisches-reinsteisen-pulver\/","og_locale":"de_DE","og_type":"article","og_title":"ELEKTROLYTISCHES REINSTEISEN PULVER","og_description":"Elektrolytisches Eisenpulver (99,0 % - 99,8 % Eisen) wird durch einen komplexen elektrochemischen Raffinationsprozess hergestellt, der eine gleichm\u00e4\u00dfige chemische Zusammensetzung und enge Partikelgr\u00f6\u00dfenverteilungen gew\u00e4hrleistet. Unser elektrolytisches Eisenpulver kann in einer Vielzahl von Anwendungen eingesetzt werden, darunter Grundwasser- und Bodensanierung (Electrolytic Zero Valent Iron Powder liefert eine verbesserte Reaktivit\u00e4t), Magnetkerne in Pulverform, Herstellung von hochreinen Chemikalien, pharmazeutische Herstellung, Sauerstoffabsorber, Farben\/Pigmente, Oberfl\u00e4chenbeschichtungsanwendungen, additive Herstellung, Metallspritzguss, zerst\u00f6rungsfreie Pr\u00fcfung und vieles mehr. Das von uns gelieferte Material unterscheidet sich darin, dass unsere Eisenpulver nicht aus sekund\u00e4ren oder recycelten Quellen wiederaufbereitet werden. Es enth\u00e4lt praktisch keine Spuren von \u00d6l, Fett oder anderen sch\u00e4dlichen Verbindungen.","og_url":"https:\/\/alliedmet.com\/de\/elektrolytisches-reinsteisen-pulver\/","og_site_name":"Allied Metals Corporation","article_modified_time":"2023-01-02T22:58:55+00:00","og_image":[{"url":"https:\/\/alliedmet.com\/wp-content\/uploads\/2019\/09\/allied-metal-products-image-iron-powder.png","type":"","width":"","height":""}],"twitter_card":"summary_large_image","twitter_misc":{"Gesch\u00e4tzte Lesezeit":"1\u00a0Minute"},"schema":{"@context":"https:\/\/schema.org","@graph":[{"@type":"WebPage","@id":"https:\/\/alliedmet.com\/de\/elektrolytisches-reinsteisen-pulver\/","url":"https:\/\/alliedmet.com\/de\/elektrolytisches-reinsteisen-pulver\/","name":"ELEKTROLYTISCHES REINSTEISEN PULVER - Allied Metals Corporation","isPartOf":{"@id":"https:\/\/alliedmet.com\/de\/#website"},"primaryImageOfPage":{"@id":"https:\/\/alliedmet.com\/de\/elektrolytisches-reinsteisen-pulver\/#primaryimage"},"image":{"@id":"https:\/\/alliedmet.com\/de\/elektrolytisches-reinsteisen-pulver\/#primaryimage"},"thumbnailUrl":"https:\/\/alliedmet.com\/wp-content\/uploads\/2019\/09\/allied-metal-products-image-iron-powder.png","datePublished":"2020-03-21T23:36:29+00:00","dateModified":"2023-01-02T22:58:55+00:00","description":"Elektrolytisches Eisenpulver (99,0 % - 99,8 % Eisen) wird durch einen komplexen elektrochemischen Raffinationsprozess hergestellt, der eine gleichm\u00e4\u00dfige chemische Zusammensetzung und enge Partikelgr\u00f6\u00dfenverteilungen gew\u00e4hrleistet. Unser elektrolytisches Eisenpulver kann in einer Vielzahl von Anwendungen eingesetzt werden, darunter Grundwasser- und Bodensanierung (Electrolytic Zero Valent Iron Powder liefert eine verbesserte Reaktivit\u00e4t), Magnetkerne in Pulverform, Herstellung von hochreinen Chemikalien, pharmazeutische Herstellung, Sauerstoffabsorber, Farben\/Pigmente, Oberfl\u00e4chenbeschichtungsanwendungen, additive Herstellung, Metallspritzguss, zerst\u00f6rungsfreie Pr\u00fcfung und vieles mehr. Das von uns gelieferte Material unterscheidet sich darin, dass unsere Eisenpulver nicht aus sekund\u00e4ren oder recycelten Quellen wiederaufbereitet werden. Es enth\u00e4lt praktisch keine Spuren von \u00d6l, Fett oder anderen sch\u00e4dlichen Verbindungen.","breadcrumb":{"@id":"https:\/\/alliedmet.com\/de\/elektrolytisches-reinsteisen-pulver\/#breadcrumb"},"inLanguage":"de","potentialAction":[{"@type":"ReadAction","target":["https:\/\/alliedmet.com\/de\/elektrolytisches-reinsteisen-pulver\/"]}]},{"@type":"ImageObject","inLanguage":"de","@id":"https:\/\/alliedmet.com\/de\/elektrolytisches-reinsteisen-pulver\/#primaryimage","url":"https:\/\/alliedmet.com\/wp-content\/uploads\/2019\/09\/allied-metal-products-image-iron-powder.png","contentUrl":"https:\/\/alliedmet.com\/wp-content\/uploads\/2019\/09\/allied-metal-products-image-iron-powder.png"},{"@type":"BreadcrumbList","@id":"https:\/\/alliedmet.com\/de\/elektrolytisches-reinsteisen-pulver\/#breadcrumb","itemListElement":[{"@type":"ListItem","position":1,"name":"Home","item":"https:\/\/alliedmet.com\/de\/"},{"@type":"ListItem","position":2,"name":"ELEKTROLYTISCHES REINSTEISEN PULVER"}]},{"@type":"WebSite","@id":"https:\/\/alliedmet.com\/de\/#website","url":"https:\/\/alliedmet.com\/de\/","name":"Allied Metals Corporation","description":"High Purity Iron and Low Carbon Iron","publisher":{"@id":"https:\/\/alliedmet.com\/de\/#organization"},"potentialAction":[{"@type":"SearchAction","target":{"@type":"EntryPoint","urlTemplate":"https:\/\/alliedmet.com\/de\/?s={search_term_string}"},"query-input":{"@type":"PropertyValueSpecification","valueRequired":true,"valueName":"search_term_string"}}],"inLanguage":"de"},{"@type":"Organization","@id":"https:\/\/alliedmet.com\/de\/#organization","name":"Allied Metals Corporation","url":"https:\/\/alliedmet.com\/de\/","logo":{"@type":"ImageObject","inLanguage":"de","@id":"https:\/\/alliedmet.com\/de\/#\/schema\/logo\/image\/","url":"https:\/\/alliedmet.com\/wp-content\/uploads\/2019\/07\/AMC-English-logo.png","contentUrl":"https:\/\/alliedmet.com\/wp-content\/uploads\/2019\/07\/AMC-English-logo.png","width":1029,"height":317,"caption":"Allied Metals Corporation"},"image":{"@id":"https:\/\/alliedmet.com\/de\/#\/schema\/logo\/image\/"},"sameAs":["https:\/\/www.linkedin.com\/company\/allied-metals"]}]}},"_links":{"self":[{"href":"https:\/\/alliedmet.com\/de\/wp-json\/wp\/v2\/pages\/3488","targetHints":{"allow":["GET"]}}],"collection":[{"href":"https:\/\/alliedmet.com\/de\/wp-json\/wp\/v2\/pages"}],"about":[{"href":"https:\/\/alliedmet.com\/de\/wp-json\/wp\/v2\/types\/page"}],"author":[{"embeddable":true,"href":"https:\/\/alliedmet.com\/de\/wp-json\/wp\/v2\/users\/1"}],"replies":[{"embeddable":true,"href":"https:\/\/alliedmet.com\/de\/wp-json\/wp\/v2\/comments?post=3488"}],"version-history":[{"count":0,"href":"https:\/\/alliedmet.com\/de\/wp-json\/wp\/v2\/pages\/3488\/revisions"}],"wp:attachment":[{"href":"https:\/\/alliedmet.com\/de\/wp-json\/wp\/v2\/media?parent=3488"}],"curies":[{"name":"wp","href":"https:\/\/api.w.org\/{rel}","templated":true}]}}