{"id":3489,"date":"2020-03-21T23:11:56","date_gmt":"2020-03-21T23:11:56","guid":{"rendered":"https:\/\/alliedmet.com\/?page_id=3489"},"modified":"2021-04-11T00:44:15","modified_gmt":"2021-04-11T00:44:15","slug":"energie","status":"publish","type":"page","link":"https:\/\/alliedmet.com\/de\/energie\/","title":{"rendered":"ENERGIE"},"content":{"rendered":"\n<div class=\"wp-block-themeisle-blocks-advanced-columns has-1-columns has-desktop-equal-layout has-tablet-equal-layout has-mobile-equal-layout has-nogap-gap has-vertical-unset\" id=\"wp-block-themeisle-blocks-advanced-columns-9fdecd02\"><div class=\"wp-block-themeisle-blocks-advanced-columns-overlay\"><\/div><div class=\"innerblocks-wrap\">\n<div class=\"wp-block-themeisle-blocks-advanced-column\" id=\"wp-block-themeisle-blocks-advanced-column-02a25631\">\n<div style=\"height:20px\" aria-hidden=\"true\" class=\"wp-block-spacer ticss-a631a353\"><\/div>\n<\/div>\n<\/div><\/div>\n\n\n\n<div class=\"wp-block-themeisle-blocks-advanced-columns has-2-columns has-desktop-equal-layout has-tablet-collapsedRows-layout has-mobile-collapsedRows-layout has-default-gap has-vertical-unset\" id=\"wp-block-themeisle-blocks-advanced-columns-2f3e0a1f\"><div class=\"wp-block-themeisle-blocks-advanced-columns-overlay\"><\/div><div class=\"innerblocks-wrap\">\n<div class=\"wp-block-themeisle-blocks-advanced-column\" id=\"wp-block-themeisle-blocks-advanced-column-f0d74f59\">\n<h1 id=\"wp-block-themeisle-blocks-advanced-heading-bb1871f5\" class=\"wp-block-themeisle-blocks-advanced-heading wp-block-themeisle-blocks-advanced-heading-bb1871f5\">ENERGIE<\/h1>\n\n\n\n<figure class=\"wp-block-image size-large\"><img decoding=\"async\" width=\"1024\" height=\"623\" data-src=\"https:\/\/alliedmet.com\/wp-content\/uploads\/2019\/07\/allied-metal-header-quote-request-1024x623.jpg\" alt=\"Unsere hochwertigen Metalle spielen eine entscheidende Rolle bei der Entwicklung und Herstellung von Legierungen, die f\u00fcr die Ger\u00e4te und Technologien erforderlich sind, die Hochleistungslegierungen verwenden, um diese Herausforderungen zu bew\u00e4ltigen.\" class=\"wp-image-3632 lazyload\" data-srcset=\"https:\/\/alliedmet.com\/wp-content\/uploads\/2019\/07\/allied-metal-header-quote-request-1024x623.jpg 1024w, https:\/\/alliedmet.com\/wp-content\/uploads\/2019\/07\/allied-metal-header-quote-request-300x183.jpg 300w, https:\/\/alliedmet.com\/wp-content\/uploads\/2019\/07\/allied-metal-header-quote-request-768x467.jpg 768w, https:\/\/alliedmet.com\/wp-content\/uploads\/2019\/07\/allied-metal-header-quote-request.jpg 1200w\" data-sizes=\"(max-width: 1024px) 100vw, 1024px\" src=\"data:image\/svg+xml;base64,PHN2ZyB3aWR0aD0iMSIgaGVpZ2h0PSIxIiB4bWxucz0iaHR0cDovL3d3dy53My5vcmcvMjAwMC9zdmciPjwvc3ZnPg==\" style=\"--smush-placeholder-width: 1024px; --smush-placeholder-aspect-ratio: 1024\/623;\" \/><\/figure>\n\n\n\n<h4 id=\"wp-block-themeisle-blocks-advanced-heading-a7ab3923\" class=\"wp-block-themeisle-blocks-advanced-heading wp-block-themeisle-blocks-advanced-heading-a7ab3923\">Etwa 75 % unserer Produktion wird von den Herstellern hochtechnischer Systeme verbraucht, vor allem in der Luft- und Raumfahrt und bei Energiesystemen.<\/h4>\n<\/div>\n\n\n\n<div class=\"wp-block-themeisle-blocks-advanced-column\" id=\"wp-block-themeisle-blocks-advanced-column-c7efa470\">\n<p class=\"has-normal-font-size\">Jede Komponentenindustrie innerhalb der gesamten Energiebranche muss sich t\u00e4glich mit drei aktuellen Problemen auseinandersetzen \u2013 hohen Temperaturen, korrosiven Atmosph\u00e4ren und dem nie endenden Bed\u00fcrfnis nach effizienzsteigernder Leistung. Unsere Produkte spielen eine entscheidende Rolle bei der Entwicklung und Herstellung von Legierungen, die f\u00fcr die Anlagen und Technologien ben\u00f6tigt werden, bei denen Hochleistungslegierungen zur Bew\u00e4ltigung dieser Herausforderungen eingesetzt werden. Fl\u00fcssige Brennstoffe, einschlie\u00dflich \u00d6l, Benzin und verfl\u00fcssigtes Erdgas, werden mit Hilfe von Rohrleitungen, Pumpen und Tanks, die diesen strapazi\u00f6sen Bedingungen standhalten m\u00fcssen, raffiniert, transportiert und gelagert. Unsere Produkte werden t\u00e4glich in all diesen Umgebungen eingesetzt.<\/p>\n\n\n\n<p class=\"has-normal-font-size\">Die Stromerzeugung durch Dampf, Gasturbinen oder Kombikraftwerke erfordert hoch legierte technische Komponenten, um die Anforderungen zu erf\u00fcllen. Diese landgest\u00fctzten Turbinen nutzen, wie ihre Gegenst\u00fccke f\u00fcr fliegende Strahltriebwerke, unsere Produkte in diesen Legierungen, um diese Anforderungen zu erf\u00fcllen.<\/p>\n\n\n\n<p class=\"has-normal-font-size\">Es liegt auf der Hand, dass die Erforschung, Gewinnung, Erzeugung, Verteilung, der Transport und die Speicherung von Energie spannende Wachstumsm\u00f6glichkeiten f\u00fcr die Zukunft unserer Industrien, der Umwelt und der Welt, in der wir leben, darstellen.<\/p>\n<\/div>\n<\/div><\/div>\n","protected":false},"excerpt":{"rendered":"","protected":false},"author":1,"featured_media":0,"parent":0,"menu_order":0,"comment_status":"closed","ping_status":"closed","template":"","meta":{"neve_meta_sidebar":"full-width","neve_meta_container":"","neve_meta_enable_content_width":"on","neve_meta_content_width":100,"neve_meta_title_alignment":"","neve_meta_author_avatar":"","neve_post_elements_order":"","neve_meta_disable_header":"off","neve_meta_disable_footer":"off","neve_meta_disable_title":"on","_themeisle_gutenberg_block_has_review":false,"footnotes":""},"class_list":["post-3489","page","type-page","status-publish","hentry"],"yoast_head":"<!-- This site is optimized with the Yoast SEO Premium plugin v27.3 (Yoast SEO v27.3) - https:\/\/yoast.com\/product\/yoast-seo-premium-wordpress\/ -->\n<title>ENERGIE - Allied Metals Corporation<\/title>\n<meta name=\"description\" content=\"Jede Komponentenindustrie innerhalb der gesamten Energiebranche muss sich t\u00e4glich mit drei aktuellen Problemen auseinandersetzen \u2013 hohen Temperaturen, korrosiven Atmosph\u00e4ren und dem nie endenden Bed\u00fcrfnis nach effizienzsteigernder Leistung. Unsere Produkte spielen eine entscheidende Rolle bei der Entwicklung und Herstellung von Legierungen, die f\u00fcr die Anlagen und Technologien ben\u00f6tigt werden, bei denen Hochleistungslegierungen zur Bew\u00e4ltigung dieser Herausforderungen eingesetzt werden. Fl\u00fcssige Brennstoffe, einschlie\u00dflich \u00d6l, Benzin und verfl\u00fcssigtes Erdgas, werden mit Hilfe von Rohrleitungen, Pumpen und Tanks, die diesen strapazi\u00f6sen Bedingungen standhalten m\u00fcssen, raffiniert, transportiert und gelagert. Unsere Produkte werden t\u00e4glich in all diesen Umgebungen eingesetzt. Die Stromerzeugung durch Dampf, Gasturbinen oder Kombikraftwerke erfordert hoch legierte technische Komponenten, um die Anforderungen zu erf\u00fcllen. Diese landgest\u00fctzten Turbinen nutzen, wie ihre Gegenst\u00fccke f\u00fcr fliegende Strahltriebwerke, unsere Produkte in diesen Legierungen, um diese Anforderungen zu erf\u00fcllen. Es liegt auf der Hand, dass die Erforschung, Gewinnung, Erzeugung, Verteilung, der Transport und die Speicherung von Energie spannende Wachstumsm\u00f6glichkeiten f\u00fcr die Zukunft unserer Industrien, der Umwelt und der Welt, in der wir leben, darstellen.\" \/>\n<meta name=\"robots\" content=\"index, follow, max-snippet:-1, max-image-preview:large, max-video-preview:-1\" \/>\n<link rel=\"canonical\" href=\"https:\/\/alliedmet.com\/de\/energie\/\" \/>\n<meta property=\"og:locale\" content=\"de_DE\" \/>\n<meta property=\"og:type\" content=\"article\" \/>\n<meta property=\"og:title\" content=\"ENERGIE\" \/>\n<meta property=\"og:description\" content=\"Jede Komponentenindustrie innerhalb der gesamten Energiebranche muss sich t\u00e4glich mit drei aktuellen Problemen auseinandersetzen \u2013 hohen Temperaturen, korrosiven Atmosph\u00e4ren und dem nie endenden Bed\u00fcrfnis nach effizienzsteigernder Leistung. Unsere Produkte spielen eine entscheidende Rolle bei der Entwicklung und Herstellung von Legierungen, die f\u00fcr die Anlagen und Technologien ben\u00f6tigt werden, bei denen Hochleistungslegierungen zur Bew\u00e4ltigung dieser Herausforderungen eingesetzt werden. Fl\u00fcssige Brennstoffe, einschlie\u00dflich \u00d6l, Benzin und verfl\u00fcssigtes Erdgas, werden mit Hilfe von Rohrleitungen, Pumpen und Tanks, die diesen strapazi\u00f6sen Bedingungen standhalten m\u00fcssen, raffiniert, transportiert und gelagert. Unsere Produkte werden t\u00e4glich in all diesen Umgebungen eingesetzt. Die Stromerzeugung durch Dampf, Gasturbinen oder Kombikraftwerke erfordert hoch legierte technische Komponenten, um die Anforderungen zu erf\u00fcllen. Diese landgest\u00fctzten Turbinen nutzen, wie ihre Gegenst\u00fccke f\u00fcr fliegende Strahltriebwerke, unsere Produkte in diesen Legierungen, um diese Anforderungen zu erf\u00fcllen. Es liegt auf der Hand, dass die Erforschung, Gewinnung, Erzeugung, Verteilung, der Transport und die Speicherung von Energie spannende Wachstumsm\u00f6glichkeiten f\u00fcr die Zukunft unserer Industrien, der Umwelt und der Welt, in der wir leben, darstellen.\" \/>\n<meta property=\"og:url\" content=\"https:\/\/alliedmet.com\/de\/energie\/\" \/>\n<meta property=\"og:site_name\" content=\"Allied Metals Corporation\" \/>\n<meta property=\"article:modified_time\" content=\"2021-04-11T00:44:15+00:00\" \/>\n<meta property=\"og:image\" content=\"https:\/\/alliedmet.com\/wp-content\/uploads\/2019\/07\/allied-metal-header-quote-request-1024x623.jpg\" \/>\n<meta name=\"twitter:card\" content=\"summary_large_image\" \/>\n<meta name=\"twitter:label1\" content=\"Gesch\u00e4tzte Lesezeit\" \/>\n\t<meta name=\"twitter:data1\" content=\"2\u00a0Minuten\" \/>\n<script type=\"application\/ld+json\" class=\"yoast-schema-graph\">{\"@context\":\"https:\\\/\\\/schema.org\",\"@graph\":[{\"@type\":\"WebPage\",\"@id\":\"https:\\\/\\\/alliedmet.com\\\/de\\\/energie\\\/\",\"url\":\"https:\\\/\\\/alliedmet.com\\\/de\\\/energie\\\/\",\"name\":\"ENERGIE - Allied Metals Corporation\",\"isPartOf\":{\"@id\":\"https:\\\/\\\/alliedmet.com\\\/de\\\/#website\"},\"primaryImageOfPage\":{\"@id\":\"https:\\\/\\\/alliedmet.com\\\/de\\\/energie\\\/#primaryimage\"},\"image\":{\"@id\":\"https:\\\/\\\/alliedmet.com\\\/de\\\/energie\\\/#primaryimage\"},\"thumbnailUrl\":\"https:\\\/\\\/alliedmet.com\\\/wp-content\\\/uploads\\\/2019\\\/07\\\/allied-metal-header-quote-request-1024x623.jpg\",\"datePublished\":\"2020-03-21T23:11:56+00:00\",\"dateModified\":\"2021-04-11T00:44:15+00:00\",\"description\":\"Jede Komponentenindustrie innerhalb der gesamten Energiebranche muss sich t\u00e4glich mit drei aktuellen Problemen auseinandersetzen \u2013 hohen Temperaturen, korrosiven Atmosph\u00e4ren und dem nie endenden Bed\u00fcrfnis nach effizienzsteigernder Leistung. Unsere Produkte spielen eine entscheidende Rolle bei der Entwicklung und Herstellung von Legierungen, die f\u00fcr die Anlagen und Technologien ben\u00f6tigt werden, bei denen Hochleistungslegierungen zur Bew\u00e4ltigung dieser Herausforderungen eingesetzt werden. Fl\u00fcssige Brennstoffe, einschlie\u00dflich \u00d6l, Benzin und verfl\u00fcssigtes Erdgas, werden mit Hilfe von Rohrleitungen, Pumpen und Tanks, die diesen strapazi\u00f6sen Bedingungen standhalten m\u00fcssen, raffiniert, transportiert und gelagert. Unsere Produkte werden t\u00e4glich in all diesen Umgebungen eingesetzt. Die Stromerzeugung durch Dampf, Gasturbinen oder Kombikraftwerke erfordert hoch legierte technische Komponenten, um die Anforderungen zu erf\u00fcllen. Diese landgest\u00fctzten Turbinen nutzen, wie ihre Gegenst\u00fccke f\u00fcr fliegende Strahltriebwerke, unsere Produkte in diesen Legierungen, um diese Anforderungen zu erf\u00fcllen. Es liegt auf der Hand, dass die Erforschung, Gewinnung, Erzeugung, Verteilung, der Transport und die Speicherung von Energie spannende Wachstumsm\u00f6glichkeiten f\u00fcr die Zukunft unserer Industrien, der Umwelt und der Welt, in der wir leben, darstellen.\",\"breadcrumb\":{\"@id\":\"https:\\\/\\\/alliedmet.com\\\/de\\\/energie\\\/#breadcrumb\"},\"inLanguage\":\"de\",\"potentialAction\":[{\"@type\":\"ReadAction\",\"target\":[\"https:\\\/\\\/alliedmet.com\\\/de\\\/energie\\\/\"]}]},{\"@type\":\"ImageObject\",\"inLanguage\":\"de\",\"@id\":\"https:\\\/\\\/alliedmet.com\\\/de\\\/energie\\\/#primaryimage\",\"url\":\"https:\\\/\\\/alliedmet.com\\\/wp-content\\\/uploads\\\/2019\\\/07\\\/allied-metal-header-quote-request-1024x623.jpg\",\"contentUrl\":\"https:\\\/\\\/alliedmet.com\\\/wp-content\\\/uploads\\\/2019\\\/07\\\/allied-metal-header-quote-request-1024x623.jpg\"},{\"@type\":\"BreadcrumbList\",\"@id\":\"https:\\\/\\\/alliedmet.com\\\/de\\\/energie\\\/#breadcrumb\",\"itemListElement\":[{\"@type\":\"ListItem\",\"position\":1,\"name\":\"Home\",\"item\":\"https:\\\/\\\/alliedmet.com\\\/de\\\/\"},{\"@type\":\"ListItem\",\"position\":2,\"name\":\"ENERGIE\"}]},{\"@type\":\"WebSite\",\"@id\":\"https:\\\/\\\/alliedmet.com\\\/de\\\/#website\",\"url\":\"https:\\\/\\\/alliedmet.com\\\/de\\\/\",\"name\":\"Allied Metals Corporation\",\"description\":\"High Purity Iron and Low Carbon Iron\",\"publisher\":{\"@id\":\"https:\\\/\\\/alliedmet.com\\\/de\\\/#organization\"},\"potentialAction\":[{\"@type\":\"SearchAction\",\"target\":{\"@type\":\"EntryPoint\",\"urlTemplate\":\"https:\\\/\\\/alliedmet.com\\\/de\\\/?s={search_term_string}\"},\"query-input\":{\"@type\":\"PropertyValueSpecification\",\"valueRequired\":true,\"valueName\":\"search_term_string\"}}],\"inLanguage\":\"de\"},{\"@type\":\"Organization\",\"@id\":\"https:\\\/\\\/alliedmet.com\\\/de\\\/#organization\",\"name\":\"Allied Metals Corporation\",\"url\":\"https:\\\/\\\/alliedmet.com\\\/de\\\/\",\"logo\":{\"@type\":\"ImageObject\",\"inLanguage\":\"de\",\"@id\":\"https:\\\/\\\/alliedmet.com\\\/de\\\/#\\\/schema\\\/logo\\\/image\\\/\",\"url\":\"https:\\\/\\\/alliedmet.com\\\/wp-content\\\/uploads\\\/2019\\\/07\\\/AMC-English-logo.png\",\"contentUrl\":\"https:\\\/\\\/alliedmet.com\\\/wp-content\\\/uploads\\\/2019\\\/07\\\/AMC-English-logo.png\",\"width\":1029,\"height\":317,\"caption\":\"Allied Metals Corporation\"},\"image\":{\"@id\":\"https:\\\/\\\/alliedmet.com\\\/de\\\/#\\\/schema\\\/logo\\\/image\\\/\"},\"sameAs\":[\"https:\\\/\\\/www.linkedin.com\\\/company\\\/allied-metals\"]}]}<\/script>\n<!-- \/ Yoast SEO Premium plugin. -->","yoast_head_json":{"title":"ENERGIE - Allied Metals Corporation","description":"Jede Komponentenindustrie innerhalb der gesamten Energiebranche muss sich t\u00e4glich mit drei aktuellen Problemen auseinandersetzen \u2013 hohen Temperaturen, korrosiven Atmosph\u00e4ren und dem nie endenden Bed\u00fcrfnis nach effizienzsteigernder Leistung. Unsere Produkte spielen eine entscheidende Rolle bei der Entwicklung und Herstellung von Legierungen, die f\u00fcr die Anlagen und Technologien ben\u00f6tigt werden, bei denen Hochleistungslegierungen zur Bew\u00e4ltigung dieser Herausforderungen eingesetzt werden. Fl\u00fcssige Brennstoffe, einschlie\u00dflich \u00d6l, Benzin und verfl\u00fcssigtes Erdgas, werden mit Hilfe von Rohrleitungen, Pumpen und Tanks, die diesen strapazi\u00f6sen Bedingungen standhalten m\u00fcssen, raffiniert, transportiert und gelagert. Unsere Produkte werden t\u00e4glich in all diesen Umgebungen eingesetzt. Die Stromerzeugung durch Dampf, Gasturbinen oder Kombikraftwerke erfordert hoch legierte technische Komponenten, um die Anforderungen zu erf\u00fcllen. Diese landgest\u00fctzten Turbinen nutzen, wie ihre Gegenst\u00fccke f\u00fcr fliegende Strahltriebwerke, unsere Produkte in diesen Legierungen, um diese Anforderungen zu erf\u00fcllen. Es liegt auf der Hand, dass die Erforschung, Gewinnung, Erzeugung, Verteilung, der Transport und die Speicherung von Energie spannende Wachstumsm\u00f6glichkeiten f\u00fcr die Zukunft unserer Industrien, der Umwelt und der Welt, in der wir leben, darstellen.","robots":{"index":"index","follow":"follow","max-snippet":"max-snippet:-1","max-image-preview":"max-image-preview:large","max-video-preview":"max-video-preview:-1"},"canonical":"https:\/\/alliedmet.com\/de\/energie\/","og_locale":"de_DE","og_type":"article","og_title":"ENERGIE","og_description":"Jede Komponentenindustrie innerhalb der gesamten Energiebranche muss sich t\u00e4glich mit drei aktuellen Problemen auseinandersetzen \u2013 hohen Temperaturen, korrosiven Atmosph\u00e4ren und dem nie endenden Bed\u00fcrfnis nach effizienzsteigernder Leistung. Unsere Produkte spielen eine entscheidende Rolle bei der Entwicklung und Herstellung von Legierungen, die f\u00fcr die Anlagen und Technologien ben\u00f6tigt werden, bei denen Hochleistungslegierungen zur Bew\u00e4ltigung dieser Herausforderungen eingesetzt werden. Fl\u00fcssige Brennstoffe, einschlie\u00dflich \u00d6l, Benzin und verfl\u00fcssigtes Erdgas, werden mit Hilfe von Rohrleitungen, Pumpen und Tanks, die diesen strapazi\u00f6sen Bedingungen standhalten m\u00fcssen, raffiniert, transportiert und gelagert. Unsere Produkte werden t\u00e4glich in all diesen Umgebungen eingesetzt. Die Stromerzeugung durch Dampf, Gasturbinen oder Kombikraftwerke erfordert hoch legierte technische Komponenten, um die Anforderungen zu erf\u00fcllen. Diese landgest\u00fctzten Turbinen nutzen, wie ihre Gegenst\u00fccke f\u00fcr fliegende Strahltriebwerke, unsere Produkte in diesen Legierungen, um diese Anforderungen zu erf\u00fcllen. Es liegt auf der Hand, dass die Erforschung, Gewinnung, Erzeugung, Verteilung, der Transport und die Speicherung von Energie spannende Wachstumsm\u00f6glichkeiten f\u00fcr die Zukunft unserer Industrien, der Umwelt und der Welt, in der wir leben, darstellen.","og_url":"https:\/\/alliedmet.com\/de\/energie\/","og_site_name":"Allied Metals Corporation","article_modified_time":"2021-04-11T00:44:15+00:00","og_image":[{"url":"https:\/\/alliedmet.com\/wp-content\/uploads\/2019\/07\/allied-metal-header-quote-request-1024x623.jpg","type":"","width":"","height":""}],"twitter_card":"summary_large_image","twitter_misc":{"Gesch\u00e4tzte Lesezeit":"2\u00a0Minuten"},"schema":{"@context":"https:\/\/schema.org","@graph":[{"@type":"WebPage","@id":"https:\/\/alliedmet.com\/de\/energie\/","url":"https:\/\/alliedmet.com\/de\/energie\/","name":"ENERGIE - Allied Metals Corporation","isPartOf":{"@id":"https:\/\/alliedmet.com\/de\/#website"},"primaryImageOfPage":{"@id":"https:\/\/alliedmet.com\/de\/energie\/#primaryimage"},"image":{"@id":"https:\/\/alliedmet.com\/de\/energie\/#primaryimage"},"thumbnailUrl":"https:\/\/alliedmet.com\/wp-content\/uploads\/2019\/07\/allied-metal-header-quote-request-1024x623.jpg","datePublished":"2020-03-21T23:11:56+00:00","dateModified":"2021-04-11T00:44:15+00:00","description":"Jede Komponentenindustrie innerhalb der gesamten Energiebranche muss sich t\u00e4glich mit drei aktuellen Problemen auseinandersetzen \u2013 hohen Temperaturen, korrosiven Atmosph\u00e4ren und dem nie endenden Bed\u00fcrfnis nach effizienzsteigernder Leistung. Unsere Produkte spielen eine entscheidende Rolle bei der Entwicklung und Herstellung von Legierungen, die f\u00fcr die Anlagen und Technologien ben\u00f6tigt werden, bei denen Hochleistungslegierungen zur Bew\u00e4ltigung dieser Herausforderungen eingesetzt werden. Fl\u00fcssige Brennstoffe, einschlie\u00dflich \u00d6l, Benzin und verfl\u00fcssigtes Erdgas, werden mit Hilfe von Rohrleitungen, Pumpen und Tanks, die diesen strapazi\u00f6sen Bedingungen standhalten m\u00fcssen, raffiniert, transportiert und gelagert. Unsere Produkte werden t\u00e4glich in all diesen Umgebungen eingesetzt. Die Stromerzeugung durch Dampf, Gasturbinen oder Kombikraftwerke erfordert hoch legierte technische Komponenten, um die Anforderungen zu erf\u00fcllen. Diese landgest\u00fctzten Turbinen nutzen, wie ihre Gegenst\u00fccke f\u00fcr fliegende Strahltriebwerke, unsere Produkte in diesen Legierungen, um diese Anforderungen zu erf\u00fcllen. Es liegt auf der Hand, dass die Erforschung, Gewinnung, Erzeugung, Verteilung, der Transport und die Speicherung von Energie spannende Wachstumsm\u00f6glichkeiten f\u00fcr die Zukunft unserer Industrien, der Umwelt und der Welt, in der wir leben, darstellen.","breadcrumb":{"@id":"https:\/\/alliedmet.com\/de\/energie\/#breadcrumb"},"inLanguage":"de","potentialAction":[{"@type":"ReadAction","target":["https:\/\/alliedmet.com\/de\/energie\/"]}]},{"@type":"ImageObject","inLanguage":"de","@id":"https:\/\/alliedmet.com\/de\/energie\/#primaryimage","url":"https:\/\/alliedmet.com\/wp-content\/uploads\/2019\/07\/allied-metal-header-quote-request-1024x623.jpg","contentUrl":"https:\/\/alliedmet.com\/wp-content\/uploads\/2019\/07\/allied-metal-header-quote-request-1024x623.jpg"},{"@type":"BreadcrumbList","@id":"https:\/\/alliedmet.com\/de\/energie\/#breadcrumb","itemListElement":[{"@type":"ListItem","position":1,"name":"Home","item":"https:\/\/alliedmet.com\/de\/"},{"@type":"ListItem","position":2,"name":"ENERGIE"}]},{"@type":"WebSite","@id":"https:\/\/alliedmet.com\/de\/#website","url":"https:\/\/alliedmet.com\/de\/","name":"Allied Metals Corporation","description":"High Purity Iron and Low Carbon Iron","publisher":{"@id":"https:\/\/alliedmet.com\/de\/#organization"},"potentialAction":[{"@type":"SearchAction","target":{"@type":"EntryPoint","urlTemplate":"https:\/\/alliedmet.com\/de\/?s={search_term_string}"},"query-input":{"@type":"PropertyValueSpecification","valueRequired":true,"valueName":"search_term_string"}}],"inLanguage":"de"},{"@type":"Organization","@id":"https:\/\/alliedmet.com\/de\/#organization","name":"Allied Metals Corporation","url":"https:\/\/alliedmet.com\/de\/","logo":{"@type":"ImageObject","inLanguage":"de","@id":"https:\/\/alliedmet.com\/de\/#\/schema\/logo\/image\/","url":"https:\/\/alliedmet.com\/wp-content\/uploads\/2019\/07\/AMC-English-logo.png","contentUrl":"https:\/\/alliedmet.com\/wp-content\/uploads\/2019\/07\/AMC-English-logo.png","width":1029,"height":317,"caption":"Allied Metals Corporation"},"image":{"@id":"https:\/\/alliedmet.com\/de\/#\/schema\/logo\/image\/"},"sameAs":["https:\/\/www.linkedin.com\/company\/allied-metals"]}]}},"_links":{"self":[{"href":"https:\/\/alliedmet.com\/de\/wp-json\/wp\/v2\/pages\/3489","targetHints":{"allow":["GET"]}}],"collection":[{"href":"https:\/\/alliedmet.com\/de\/wp-json\/wp\/v2\/pages"}],"about":[{"href":"https:\/\/alliedmet.com\/de\/wp-json\/wp\/v2\/types\/page"}],"author":[{"embeddable":true,"href":"https:\/\/alliedmet.com\/de\/wp-json\/wp\/v2\/users\/1"}],"replies":[{"embeddable":true,"href":"https:\/\/alliedmet.com\/de\/wp-json\/wp\/v2\/comments?post=3489"}],"version-history":[{"count":0,"href":"https:\/\/alliedmet.com\/de\/wp-json\/wp\/v2\/pages\/3489\/revisions"}],"wp:attachment":[{"href":"https:\/\/alliedmet.com\/de\/wp-json\/wp\/v2\/media?parent=3489"}],"curies":[{"name":"wp","href":"https:\/\/api.w.org\/{rel}","templated":true}]}}