{"id":3490,"date":"2020-03-21T23:07:15","date_gmt":"2020-03-21T23:07:15","guid":{"rendered":"https:\/\/alliedmet.com\/?page_id=3490"},"modified":"2021-04-08T19:22:57","modified_gmt":"2021-04-08T19:22:57","slug":"ferrolegierungen","status":"publish","type":"page","link":"https:\/\/alliedmet.com\/de\/ferrolegierungen\/","title":{"rendered":"FERROLEGIERUNGEN"},"content":{"rendered":"\n<div class=\"wp-block-themeisle-blocks-advanced-columns alignfull has-1-columns has-desktop-equal-layout has-tablet-equal-layout has-mobile-equal-layout has-nogap-gap has-vertical-unset\" id=\"wp-block-themeisle-blocks-advanced-columns-5a37fa99\"><div class=\"wp-block-themeisle-blocks-advanced-columns-overlay\"><\/div><div class=\"innerblocks-wrap\">\n<div class=\"wp-block-themeisle-blocks-advanced-column\" id=\"wp-block-themeisle-blocks-advanced-column-46b6de06\">\n<div style=\"height:20px\" aria-hidden=\"true\" class=\"wp-block-spacer ticss-d5c866b1\"><\/div>\n<\/div>\n<\/div><\/div>\n\n\n\n<div class=\"wp-block-themeisle-blocks-advanced-columns has-2-columns has-desktop-equal-layout has-tablet-collapsedRows-layout has-mobile-collapsedRows-layout has-default-gap has-vertical-unset\" id=\"wp-block-themeisle-blocks-advanced-columns-d5445a6a\"><div class=\"wp-block-themeisle-blocks-advanced-columns-overlay\"><\/div><div class=\"innerblocks-wrap\">\n<div class=\"wp-block-themeisle-blocks-advanced-column\" id=\"wp-block-themeisle-blocks-advanced-column-a561f79b\">\n<h1 class=\"wp-block-heading\" id=\"h-ferrolegierungen\">FERROLEGIERUNGEN<\/h1>\n\n\n\n<div class=\"wp-block-image\"><figure class=\"aligncenter size-large\"><img decoding=\"async\" width=\"762\" height=\"357\" data-src=\"https:\/\/alliedmet.com\/wp-content\/uploads\/2019\/09\/allied-metal-products-image-feroy-chrome.png\" alt=\"Ferro-Legierungen verbessern die Festigkeit, Korrosion und Oxidationsbest\u00e4ndigkeit bei der Herstellung von rostfreien St\u00e4hlen, Nickellegierungen, Kupferlegierungen und Superlegierungen.\" class=\"wp-image-3596 lazyload\" data-srcset=\"https:\/\/alliedmet.com\/wp-content\/uploads\/2019\/09\/allied-metal-products-image-feroy-chrome.png 762w, https:\/\/alliedmet.com\/wp-content\/uploads\/2019\/09\/allied-metal-products-image-feroy-chrome-300x141.png 300w\" data-sizes=\"(max-width: 762px) 100vw, 762px\" src=\"data:image\/svg+xml;base64,PHN2ZyB3aWR0aD0iMSIgaGVpZ2h0PSIxIiB4bWxucz0iaHR0cDovL3d3dy53My5vcmcvMjAwMC9zdmciPjwvc3ZnPg==\" style=\"--smush-placeholder-width: 762px; --smush-placeholder-aspect-ratio: 762\/357;\" \/><\/figure><\/div>\n\n\n\n<h3 class=\"has-text-align-center ticss-7a1b0812 wp-block-heading\" id=\"h-ferrolegierungen-1\">FERROLEGIERUNGEN<\/h3>\n\n\n\n<figure class=\"wp-block-table ticss-f308aa86\"><table><tbody><tr><td class=\"has-text-align-center\" data-align=\"center\">FeCr Low Carbon<\/td><\/tr><tr><td class=\"has-text-align-center\" data-align=\"center\">FeCr High Carbon<\/td><\/tr><tr><td class=\"has-text-align-center\" data-align=\"center\">FeNb (FeCb)<\/td><\/tr><tr><td class=\"has-text-align-center\" data-align=\"center\">FeMo<\/td><\/tr><tr><td class=\"has-text-align-center\" data-align=\"center\">FeSi<\/td><\/tr><tr><td class=\"has-text-align-center\" data-align=\"center\">FeB<\/td><\/tr><tr><td class=\"has-text-align-center\" data-align=\"center\">Chrome Metal<\/td><\/tr><tr><td class=\"has-text-align-center\" data-align=\"center\">Nickel Metal<\/td><\/tr><\/tbody><\/table><\/figure>\n<\/div>\n\n\n\n<div class=\"wp-block-themeisle-blocks-advanced-column\" id=\"wp-block-themeisle-blocks-advanced-column-8948b218\">\n<p class=\"has-normal-font-size\">Allied Metals f\u00fchrt Legierungsmittel zur Verbesserung der Festigkeit, Korrosions- und Oxidationsbest\u00e4ndigkeit bei der Herstellung von rostfreien St\u00e4hlen, Nickellegierungen, Kupferlegierungen und Superlegierungen.<\/p>\n\n\n\n<p class=\"has-normal-font-size\"><strong>Form &amp; Gr\u00f6\u00dfe:&nbsp;<\/strong>\u200bunterschiedliche Gr\u00f6\u00dfen verf\u00fcgbar<br><strong>Verpackungen:&nbsp;<\/strong>\u200bF\u00e4sser oder Big-Bags<br><strong>Verf\u00fcgbarkeit:&nbsp;<\/strong>\u200bAlle Regionen<\/p>\n\n\n\n<div class=\"wp-block-buttons is-content-justification-left is-layout-flex wp-block-buttons-is-layout-flex\">\n<div class=\"wp-block-button is-style-outline is-style-outline--1\"><a class=\"wp-block-button__link has-neve-link-color-color has-white-background-color has-text-color has-background\" href=\"https:\/\/alliedmet.com\/de\/produkte\/\">VOLLST\u00c4NDIGE PRODUKTLINIE<\/a><\/div>\n\n\n\n<div class=\"wp-block-button is-style-outline is-style-outline--2\"><a class=\"wp-block-button__link has-nv-site-bg-color has-neve-text-color-background-color has-text-color has-background\" href=\"https:\/\/alliedmet.com\/de\/produktangebot-anfordern\/\">EIN ANGEBOT BEKOMMEN<\/a><\/div>\n<\/div>\n\n\n\n<p><\/p>\n<\/div>\n<\/div><\/div>\n\n\n\n<p><\/p>\n","protected":false},"excerpt":{"rendered":"","protected":false},"author":1,"featured_media":0,"parent":0,"menu_order":0,"comment_status":"closed","ping_status":"closed","template":"","meta":{"neve_meta_sidebar":"full-width","neve_meta_container":"","neve_meta_enable_content_width":"on","neve_meta_content_width":100,"neve_meta_title_alignment":"","neve_meta_author_avatar":"","neve_post_elements_order":"","neve_meta_disable_header":"off","neve_meta_disable_footer":"off","neve_meta_disable_title":"on","_themeisle_gutenberg_block_has_review":false,"footnotes":""},"class_list":["post-3490","page","type-page","status-publish","hentry"],"yoast_head":"<!-- This site is optimized with the Yoast SEO Premium plugin v27.3 (Yoast SEO v27.3) - https:\/\/yoast.com\/product\/yoast-seo-premium-wordpress\/ -->\n<title>FERROLEGIERUNGEN - Allied Metals Corporation<\/title>\n<meta name=\"description\" content=\"FERRO-LEGIERUNGEN oder FERROLEGIERUNGEN. Allied Metals f\u00fchrt Legierungsmittel zur Verbesserung der Festigkeit, Korrosions- und Oxidationsbest\u00e4ndigkeit bei der Herstellung von rostfreien St\u00e4hlen, Nickellegierungen, Kupferlegierungen und Superlegierungen.\" \/>\n<meta name=\"robots\" content=\"index, follow, max-snippet:-1, max-image-preview:large, max-video-preview:-1\" \/>\n<link rel=\"canonical\" href=\"https:\/\/alliedmet.com\/de\/ferrolegierungen\/\" \/>\n<meta property=\"og:locale\" content=\"de_DE\" \/>\n<meta property=\"og:type\" content=\"article\" \/>\n<meta property=\"og:title\" content=\"FERROLEGIERUNGEN\" \/>\n<meta property=\"og:description\" content=\"FERRO-LEGIERUNGEN oder FERROLEGIERUNGEN. Allied Metals f\u00fchrt Legierungsmittel zur Verbesserung der Festigkeit, Korrosions- und Oxidationsbest\u00e4ndigkeit bei der Herstellung von rostfreien St\u00e4hlen, Nickellegierungen, Kupferlegierungen und Superlegierungen.\" \/>\n<meta property=\"og:url\" content=\"https:\/\/alliedmet.com\/de\/ferrolegierungen\/\" \/>\n<meta property=\"og:site_name\" content=\"Allied Metals Corporation\" \/>\n<meta property=\"article:modified_time\" content=\"2021-04-08T19:22:57+00:00\" \/>\n<meta property=\"og:image\" content=\"https:\/\/alliedmet.com\/wp-content\/uploads\/2019\/09\/allied-metal-products-image-feroy-chrome.png\" \/>\n<meta name=\"twitter:card\" content=\"summary_large_image\" \/>\n<meta name=\"twitter:label1\" content=\"Gesch\u00e4tzte Lesezeit\" \/>\n\t<meta name=\"twitter:data1\" content=\"1\u00a0Minute\" \/>\n<script type=\"application\/ld+json\" class=\"yoast-schema-graph\">{\"@context\":\"https:\\\/\\\/schema.org\",\"@graph\":[{\"@type\":\"WebPage\",\"@id\":\"https:\\\/\\\/alliedmet.com\\\/de\\\/ferrolegierungen\\\/\",\"url\":\"https:\\\/\\\/alliedmet.com\\\/de\\\/ferrolegierungen\\\/\",\"name\":\"FERROLEGIERUNGEN - Allied Metals Corporation\",\"isPartOf\":{\"@id\":\"https:\\\/\\\/alliedmet.com\\\/de\\\/#website\"},\"primaryImageOfPage\":{\"@id\":\"https:\\\/\\\/alliedmet.com\\\/de\\\/ferrolegierungen\\\/#primaryimage\"},\"image\":{\"@id\":\"https:\\\/\\\/alliedmet.com\\\/de\\\/ferrolegierungen\\\/#primaryimage\"},\"thumbnailUrl\":\"https:\\\/\\\/alliedmet.com\\\/wp-content\\\/uploads\\\/2019\\\/09\\\/allied-metal-products-image-feroy-chrome.png\",\"datePublished\":\"2020-03-21T23:07:15+00:00\",\"dateModified\":\"2021-04-08T19:22:57+00:00\",\"description\":\"FERRO-LEGIERUNGEN oder FERROLEGIERUNGEN. Allied Metals f\u00fchrt Legierungsmittel zur Verbesserung der Festigkeit, Korrosions- und Oxidationsbest\u00e4ndigkeit bei der Herstellung von rostfreien St\u00e4hlen, Nickellegierungen, Kupferlegierungen und Superlegierungen.\",\"breadcrumb\":{\"@id\":\"https:\\\/\\\/alliedmet.com\\\/de\\\/ferrolegierungen\\\/#breadcrumb\"},\"inLanguage\":\"de\",\"potentialAction\":[{\"@type\":\"ReadAction\",\"target\":[\"https:\\\/\\\/alliedmet.com\\\/de\\\/ferrolegierungen\\\/\"]}]},{\"@type\":\"ImageObject\",\"inLanguage\":\"de\",\"@id\":\"https:\\\/\\\/alliedmet.com\\\/de\\\/ferrolegierungen\\\/#primaryimage\",\"url\":\"https:\\\/\\\/alliedmet.com\\\/wp-content\\\/uploads\\\/2019\\\/09\\\/allied-metal-products-image-feroy-chrome.png\",\"contentUrl\":\"https:\\\/\\\/alliedmet.com\\\/wp-content\\\/uploads\\\/2019\\\/09\\\/allied-metal-products-image-feroy-chrome.png\"},{\"@type\":\"BreadcrumbList\",\"@id\":\"https:\\\/\\\/alliedmet.com\\\/de\\\/ferrolegierungen\\\/#breadcrumb\",\"itemListElement\":[{\"@type\":\"ListItem\",\"position\":1,\"name\":\"Home\",\"item\":\"https:\\\/\\\/alliedmet.com\\\/de\\\/\"},{\"@type\":\"ListItem\",\"position\":2,\"name\":\"FERROLEGIERUNGEN\"}]},{\"@type\":\"WebSite\",\"@id\":\"https:\\\/\\\/alliedmet.com\\\/de\\\/#website\",\"url\":\"https:\\\/\\\/alliedmet.com\\\/de\\\/\",\"name\":\"Allied Metals Corporation\",\"description\":\"High Purity Iron and Low Carbon Iron\",\"publisher\":{\"@id\":\"https:\\\/\\\/alliedmet.com\\\/de\\\/#organization\"},\"potentialAction\":[{\"@type\":\"SearchAction\",\"target\":{\"@type\":\"EntryPoint\",\"urlTemplate\":\"https:\\\/\\\/alliedmet.com\\\/de\\\/?s={search_term_string}\"},\"query-input\":{\"@type\":\"PropertyValueSpecification\",\"valueRequired\":true,\"valueName\":\"search_term_string\"}}],\"inLanguage\":\"de\"},{\"@type\":\"Organization\",\"@id\":\"https:\\\/\\\/alliedmet.com\\\/de\\\/#organization\",\"name\":\"Allied Metals Corporation\",\"url\":\"https:\\\/\\\/alliedmet.com\\\/de\\\/\",\"logo\":{\"@type\":\"ImageObject\",\"inLanguage\":\"de\",\"@id\":\"https:\\\/\\\/alliedmet.com\\\/de\\\/#\\\/schema\\\/logo\\\/image\\\/\",\"url\":\"https:\\\/\\\/alliedmet.com\\\/wp-content\\\/uploads\\\/2019\\\/07\\\/AMC-English-logo.png\",\"contentUrl\":\"https:\\\/\\\/alliedmet.com\\\/wp-content\\\/uploads\\\/2019\\\/07\\\/AMC-English-logo.png\",\"width\":1029,\"height\":317,\"caption\":\"Allied Metals Corporation\"},\"image\":{\"@id\":\"https:\\\/\\\/alliedmet.com\\\/de\\\/#\\\/schema\\\/logo\\\/image\\\/\"},\"sameAs\":[\"https:\\\/\\\/www.linkedin.com\\\/company\\\/allied-metals\"]}]}<\/script>\n<!-- \/ Yoast SEO Premium plugin. -->","yoast_head_json":{"title":"FERROLEGIERUNGEN - Allied Metals Corporation","description":"FERRO-LEGIERUNGEN oder FERROLEGIERUNGEN. Allied Metals f\u00fchrt Legierungsmittel zur Verbesserung der Festigkeit, Korrosions- und Oxidationsbest\u00e4ndigkeit bei der Herstellung von rostfreien St\u00e4hlen, Nickellegierungen, Kupferlegierungen und Superlegierungen.","robots":{"index":"index","follow":"follow","max-snippet":"max-snippet:-1","max-image-preview":"max-image-preview:large","max-video-preview":"max-video-preview:-1"},"canonical":"https:\/\/alliedmet.com\/de\/ferrolegierungen\/","og_locale":"de_DE","og_type":"article","og_title":"FERROLEGIERUNGEN","og_description":"FERRO-LEGIERUNGEN oder FERROLEGIERUNGEN. Allied Metals f\u00fchrt Legierungsmittel zur Verbesserung der Festigkeit, Korrosions- und Oxidationsbest\u00e4ndigkeit bei der Herstellung von rostfreien St\u00e4hlen, Nickellegierungen, Kupferlegierungen und Superlegierungen.","og_url":"https:\/\/alliedmet.com\/de\/ferrolegierungen\/","og_site_name":"Allied Metals Corporation","article_modified_time":"2021-04-08T19:22:57+00:00","og_image":[{"url":"https:\/\/alliedmet.com\/wp-content\/uploads\/2019\/09\/allied-metal-products-image-feroy-chrome.png","type":"","width":"","height":""}],"twitter_card":"summary_large_image","twitter_misc":{"Gesch\u00e4tzte Lesezeit":"1\u00a0Minute"},"schema":{"@context":"https:\/\/schema.org","@graph":[{"@type":"WebPage","@id":"https:\/\/alliedmet.com\/de\/ferrolegierungen\/","url":"https:\/\/alliedmet.com\/de\/ferrolegierungen\/","name":"FERROLEGIERUNGEN - Allied Metals Corporation","isPartOf":{"@id":"https:\/\/alliedmet.com\/de\/#website"},"primaryImageOfPage":{"@id":"https:\/\/alliedmet.com\/de\/ferrolegierungen\/#primaryimage"},"image":{"@id":"https:\/\/alliedmet.com\/de\/ferrolegierungen\/#primaryimage"},"thumbnailUrl":"https:\/\/alliedmet.com\/wp-content\/uploads\/2019\/09\/allied-metal-products-image-feroy-chrome.png","datePublished":"2020-03-21T23:07:15+00:00","dateModified":"2021-04-08T19:22:57+00:00","description":"FERRO-LEGIERUNGEN oder FERROLEGIERUNGEN. Allied Metals f\u00fchrt Legierungsmittel zur Verbesserung der Festigkeit, Korrosions- und Oxidationsbest\u00e4ndigkeit bei der Herstellung von rostfreien St\u00e4hlen, Nickellegierungen, Kupferlegierungen und Superlegierungen.","breadcrumb":{"@id":"https:\/\/alliedmet.com\/de\/ferrolegierungen\/#breadcrumb"},"inLanguage":"de","potentialAction":[{"@type":"ReadAction","target":["https:\/\/alliedmet.com\/de\/ferrolegierungen\/"]}]},{"@type":"ImageObject","inLanguage":"de","@id":"https:\/\/alliedmet.com\/de\/ferrolegierungen\/#primaryimage","url":"https:\/\/alliedmet.com\/wp-content\/uploads\/2019\/09\/allied-metal-products-image-feroy-chrome.png","contentUrl":"https:\/\/alliedmet.com\/wp-content\/uploads\/2019\/09\/allied-metal-products-image-feroy-chrome.png"},{"@type":"BreadcrumbList","@id":"https:\/\/alliedmet.com\/de\/ferrolegierungen\/#breadcrumb","itemListElement":[{"@type":"ListItem","position":1,"name":"Home","item":"https:\/\/alliedmet.com\/de\/"},{"@type":"ListItem","position":2,"name":"FERROLEGIERUNGEN"}]},{"@type":"WebSite","@id":"https:\/\/alliedmet.com\/de\/#website","url":"https:\/\/alliedmet.com\/de\/","name":"Allied Metals Corporation","description":"High Purity Iron and Low Carbon Iron","publisher":{"@id":"https:\/\/alliedmet.com\/de\/#organization"},"potentialAction":[{"@type":"SearchAction","target":{"@type":"EntryPoint","urlTemplate":"https:\/\/alliedmet.com\/de\/?s={search_term_string}"},"query-input":{"@type":"PropertyValueSpecification","valueRequired":true,"valueName":"search_term_string"}}],"inLanguage":"de"},{"@type":"Organization","@id":"https:\/\/alliedmet.com\/de\/#organization","name":"Allied Metals Corporation","url":"https:\/\/alliedmet.com\/de\/","logo":{"@type":"ImageObject","inLanguage":"de","@id":"https:\/\/alliedmet.com\/de\/#\/schema\/logo\/image\/","url":"https:\/\/alliedmet.com\/wp-content\/uploads\/2019\/07\/AMC-English-logo.png","contentUrl":"https:\/\/alliedmet.com\/wp-content\/uploads\/2019\/07\/AMC-English-logo.png","width":1029,"height":317,"caption":"Allied Metals Corporation"},"image":{"@id":"https:\/\/alliedmet.com\/de\/#\/schema\/logo\/image\/"},"sameAs":["https:\/\/www.linkedin.com\/company\/allied-metals"]}]}},"_links":{"self":[{"href":"https:\/\/alliedmet.com\/de\/wp-json\/wp\/v2\/pages\/3490","targetHints":{"allow":["GET"]}}],"collection":[{"href":"https:\/\/alliedmet.com\/de\/wp-json\/wp\/v2\/pages"}],"about":[{"href":"https:\/\/alliedmet.com\/de\/wp-json\/wp\/v2\/types\/page"}],"author":[{"embeddable":true,"href":"https:\/\/alliedmet.com\/de\/wp-json\/wp\/v2\/users\/1"}],"replies":[{"embeddable":true,"href":"https:\/\/alliedmet.com\/de\/wp-json\/wp\/v2\/comments?post=3490"}],"version-history":[{"count":0,"href":"https:\/\/alliedmet.com\/de\/wp-json\/wp\/v2\/pages\/3490\/revisions"}],"wp:attachment":[{"href":"https:\/\/alliedmet.com\/de\/wp-json\/wp\/v2\/media?parent=3490"}],"curies":[{"name":"wp","href":"https:\/\/api.w.org\/{rel}","templated":true}]}}