{"id":3504,"date":"2020-03-22T00:12:22","date_gmt":"2020-03-22T00:12:22","guid":{"rendered":"https:\/\/alliedmet.com\/?page_id=3504"},"modified":"2021-04-08T17:22:39","modified_gmt":"2021-04-08T17:22:39","slug":"eisenkathode","status":"publish","type":"page","link":"https:\/\/alliedmet.com\/de\/eisenkathode\/","title":{"rendered":"EISENKATHODE"},"content":{"rendered":"\n<div class=\"wp-block-themeisle-blocks-advanced-columns alignfull has-1-columns has-desktop-equal-layout has-tablet-equal-layout has-mobile-equal-layout has-nogap-gap has-vertical-unset\" id=\"wp-block-themeisle-blocks-advanced-columns-c86ea7e1\"><div class=\"wp-block-themeisle-blocks-advanced-columns-overlay\"><\/div><div class=\"innerblocks-wrap\">\n<div class=\"wp-block-themeisle-blocks-advanced-column\" id=\"wp-block-themeisle-blocks-advanced-column-584fb7d5\">\n<div style=\"height:20px\" aria-hidden=\"true\" class=\"wp-block-spacer ticss-d5c866b1\"><\/div>\n<\/div>\n<\/div><\/div>\n\n\n\n<div class=\"wp-block-themeisle-blocks-advanced-columns has-2-columns has-desktop-equal-layout has-tablet-collapsedRows-layout has-mobile-collapsedRows-layout has-default-gap has-vertical-unset\" id=\"wp-block-themeisle-blocks-advanced-columns-f023638c\"><div class=\"wp-block-themeisle-blocks-advanced-columns-overlay\"><\/div><div class=\"innerblocks-wrap\">\n<div class=\"wp-block-themeisle-blocks-advanced-column\" id=\"wp-block-themeisle-blocks-advanced-column-74b046fc\">\n<h1 class=\"wp-block-heading\" id=\"h-eisenkathode\"><strong>EISENKATHODE<\/strong><\/h1>\n\n\n\n<figure class=\"wp-block-image size-large ticss-a81dae54\"><img decoding=\"async\" width=\"689\" height=\"261\" data-src=\"https:\/\/alliedmet.com\/wp-content\/uploads\/2019\/09\/allied-metal-products-image-iron-cathode.png\" alt=\"Die Eisenkathode ist das effiziente und wirtschaftliche kohlenstoffarme, hochreine Reineisen von Allied Metals zur Verwendung in Induktions- und Vakuum\u00f6fen.\" class=\"wp-image-3592 lazyload\" data-srcset=\"https:\/\/alliedmet.com\/wp-content\/uploads\/2019\/09\/allied-metal-products-image-iron-cathode.png 689w, https:\/\/alliedmet.com\/wp-content\/uploads\/2019\/09\/allied-metal-products-image-iron-cathode-300x114.png 300w\" data-sizes=\"(max-width: 689px) 100vw, 689px\" src=\"data:image\/svg+xml;base64,PHN2ZyB3aWR0aD0iMSIgaGVpZ2h0PSIxIiB4bWxucz0iaHR0cDovL3d3dy53My5vcmcvMjAwMC9zdmciPjwvc3ZnPg==\" style=\"--smush-placeholder-width: 689px; --smush-placeholder-aspect-ratio: 689\/261;\" \/><\/figure>\n\n\n\n<h3 class=\"has-text-align-center ticss-17fa66a1 wp-block-heading\" id=\"h-eisenkathode-1\"><strong>EISENKATHODE<\/strong><\/h3>\n\n\n\n<figure class=\"wp-block-table ticss-7b590dbd\"><table class=\"has-fixed-layout\"><tbody><tr><td><strong>Analysis (%)<\/strong><\/td><td>Maximum<\/td><td>Typical<\/td><\/tr><tr><td><strong>C<\/strong><\/td><td>0.03<\/td><td>0.005<\/td><\/tr><tr><td><strong>S<\/strong><\/td><td>0.015<\/td><td>0.008<\/td><\/tr><tr><td><strong>P<\/strong><\/td><td>0.015<\/td><td>0.008<\/td><\/tr><tr><td><strong>Mn<\/strong><\/td><td>0.300<\/td><td>0.130<\/td><\/tr><tr><td><strong>Si<\/strong><\/td><td>0.020<\/td><td>0.010<\/td><\/tr><tr><td><strong>O<\/strong><\/td><td>0.01<\/td><td>0.008<\/td><\/tr><tr><td><strong>N<\/strong><\/td><td>0.01<\/td><td>0.005<\/td><\/tr><tr><td><strong>Fe<\/strong><\/td><td>Balance<\/td><td>Balance<\/td><\/tr><\/tbody><\/table><\/figure>\n<\/div>\n\n\n\n<div class=\"wp-block-themeisle-blocks-advanced-column\" id=\"wp-block-themeisle-blocks-advanced-column-db96ab7d\">\n<p class=\"has-normal-font-size\">Die Eisenkathode ist das effiziente und wirtschaftliche kohlenstoffarme, hochreine Reineisen von Allied Metals zur Verwendung in Induktions- und Vakuum\u00f6fen. Es handelt sich um ein zertifiziertes Produkt mit 100%iger Einheitlichkeit in Chemie und Form. Die Platten sind etwa 100 mm im Quadrat und 5 mm dick. Es eignet sich f\u00fcr automatisierte Speicher- und Ladesysteme und eignet sich zur Herstellung von kohlenstoffarmem Edelstahl, nicht magnetischen und hitzebest\u00e4ndigen Gussteilen, Legierungen mit hohem Nickelgehalt und magnetischen Legierungen. Unsere Eisenkathode ist kostenm\u00e4\u00dfig mit Schrott konkurrenzf\u00e4hig und ihre verl\u00e4ssliche Analyse erm\u00f6glicht eine erh\u00f6hte Kreislaufnutzung. Dieses Produkt ist frei von scharfen oder gezackten Kanten und seine einheitliche Gr\u00f6\u00dfe sorgt f\u00fcr eine einfache Handhabung.<\/p>\n\n\n\n<p class=\"has-normal-font-size\"><strong>Form &amp; Gr\u00f6\u00dfe:&nbsp;<\/strong>\u200b100 mm x 100 mm x 4-6 mm einheitliche Bleche<br><strong>Verpackung:&nbsp;<\/strong>\u200bVerpackt nach individuellen Anforderungen<br>\u200b<strong>Verf\u00fcgbarkeit:<\/strong>\u200b&nbsp;Alle Regionen<\/p>\n\n\n\n<div class=\"wp-block-buttons is-content-justification-left is-layout-flex wp-block-buttons-is-layout-flex\">\n<div class=\"wp-block-button is-style-outline is-style-outline--1\"><a class=\"wp-block-button__link has-neve-link-color-color has-white-background-color has-text-color has-background\" href=\"https:\/\/alliedmet.com\/de\/produkte\/\">VOLLST\u00c4NDIGE PRODUKTLINIE<\/a><\/div>\n\n\n\n<div class=\"wp-block-button is-style-outline is-style-outline--2\"><a class=\"wp-block-button__link has-nv-site-bg-color has-neve-text-color-background-color has-text-color has-background\" href=\"https:\/\/alliedmet.com\/de\/produktangebot-anfordern\/\">EIN ANGEBOT BEKOMMEN<\/a><\/div>\n<\/div>\n\n\n\n<p><\/p>\n<\/div>\n<\/div><\/div>\n\n\n\n<p><\/p>\n","protected":false},"excerpt":{"rendered":"","protected":false},"author":1,"featured_media":0,"parent":0,"menu_order":0,"comment_status":"closed","ping_status":"closed","template":"","meta":{"neve_meta_sidebar":"full-width","neve_meta_container":"","neve_meta_enable_content_width":"on","neve_meta_content_width":100,"neve_meta_title_alignment":"","neve_meta_author_avatar":"","neve_post_elements_order":"","neve_meta_disable_header":"off","neve_meta_disable_footer":"off","neve_meta_disable_title":"on","_themeisle_gutenberg_block_has_review":false,"footnotes":""},"class_list":["post-3504","page","type-page","status-publish","hentry"],"yoast_head":"<!-- This site is optimized with the Yoast SEO Premium plugin v27.3 (Yoast SEO v27.3) - https:\/\/yoast.com\/product\/yoast-seo-premium-wordpress\/ -->\n<title>EISENKATHODE - Allied Metals Corporation<\/title>\n<meta name=\"description\" content=\"Die Eisenkathode ist das effiziente und wirtschaftliche kohlenstoffarme, hochreine Reineisen von Allied Metals zur Verwendung in Induktions- und Vakuum\u00f6fen. Es handelt sich um ein zertifiziertes Produkt mit 100%iger Einheitlichkeit in Chemie und Form. Die Platten sind etwa 100 mm im Quadrat und 5 mm dick. Es eignet sich f\u00fcr automatisierte Speicher- und Ladesysteme und eignet sich zur Herstellung von kohlenstoffarmem Edelstahl, nicht magnetischen und hitzebest\u00e4ndigen Gussteilen, Legierungen mit hohem Nickelgehalt und magnetischen Legierungen. Unsere Eisenkathode ist kostenm\u00e4\u00dfig mit Schrott konkurrenzf\u00e4hig und ihre verl\u00e4ssliche Analyse erm\u00f6glicht eine erh\u00f6hte Kreislaufnutzung. Dieses Produkt ist frei von scharfen oder gezackten Kanten und seine einheitliche Gr\u00f6\u00dfe sorgt f\u00fcr eine einfache Handhabung.\" \/>\n<meta name=\"robots\" content=\"index, follow, max-snippet:-1, max-image-preview:large, max-video-preview:-1\" \/>\n<link rel=\"canonical\" href=\"https:\/\/alliedmet.com\/de\/eisenkathode\/\" \/>\n<meta property=\"og:locale\" content=\"de_DE\" \/>\n<meta property=\"og:type\" content=\"article\" \/>\n<meta property=\"og:title\" content=\"EISENKATHODE\" \/>\n<meta property=\"og:description\" content=\"Die Eisenkathode ist das effiziente und wirtschaftliche kohlenstoffarme, hochreine Reineisen von Allied Metals zur Verwendung in Induktions- und Vakuum\u00f6fen. Es handelt sich um ein zertifiziertes Produkt mit 100%iger Einheitlichkeit in Chemie und Form. Die Platten sind etwa 100 mm im Quadrat und 5 mm dick. Es eignet sich f\u00fcr automatisierte Speicher- und Ladesysteme und eignet sich zur Herstellung von kohlenstoffarmem Edelstahl, nicht magnetischen und hitzebest\u00e4ndigen Gussteilen, Legierungen mit hohem Nickelgehalt und magnetischen Legierungen. Unsere Eisenkathode ist kostenm\u00e4\u00dfig mit Schrott konkurrenzf\u00e4hig und ihre verl\u00e4ssliche Analyse erm\u00f6glicht eine erh\u00f6hte Kreislaufnutzung. Dieses Produkt ist frei von scharfen oder gezackten Kanten und seine einheitliche Gr\u00f6\u00dfe sorgt f\u00fcr eine einfache Handhabung.\" \/>\n<meta property=\"og:url\" content=\"https:\/\/alliedmet.com\/de\/eisenkathode\/\" \/>\n<meta property=\"og:site_name\" content=\"Allied Metals Corporation\" \/>\n<meta property=\"article:modified_time\" content=\"2021-04-08T17:22:39+00:00\" \/>\n<meta property=\"og:image\" content=\"https:\/\/alliedmet.com\/wp-content\/uploads\/2019\/09\/allied-metal-products-image-iron-cathode.png\" \/>\n<meta name=\"twitter:card\" content=\"summary_large_image\" \/>\n<meta name=\"twitter:label1\" content=\"Gesch\u00e4tzte Lesezeit\" \/>\n\t<meta name=\"twitter:data1\" content=\"1\u00a0Minute\" \/>\n<script type=\"application\/ld+json\" class=\"yoast-schema-graph\">{\"@context\":\"https:\\\/\\\/schema.org\",\"@graph\":[{\"@type\":\"WebPage\",\"@id\":\"https:\\\/\\\/alliedmet.com\\\/de\\\/eisenkathode\\\/\",\"url\":\"https:\\\/\\\/alliedmet.com\\\/de\\\/eisenkathode\\\/\",\"name\":\"EISENKATHODE - Allied Metals Corporation\",\"isPartOf\":{\"@id\":\"https:\\\/\\\/alliedmet.com\\\/de\\\/#website\"},\"primaryImageOfPage\":{\"@id\":\"https:\\\/\\\/alliedmet.com\\\/de\\\/eisenkathode\\\/#primaryimage\"},\"image\":{\"@id\":\"https:\\\/\\\/alliedmet.com\\\/de\\\/eisenkathode\\\/#primaryimage\"},\"thumbnailUrl\":\"https:\\\/\\\/alliedmet.com\\\/wp-content\\\/uploads\\\/2019\\\/09\\\/allied-metal-products-image-iron-cathode.png\",\"datePublished\":\"2020-03-22T00:12:22+00:00\",\"dateModified\":\"2021-04-08T17:22:39+00:00\",\"description\":\"Die Eisenkathode ist das effiziente und wirtschaftliche kohlenstoffarme, hochreine Reineisen von Allied Metals zur Verwendung in Induktions- und Vakuum\u00f6fen. Es handelt sich um ein zertifiziertes Produkt mit 100%iger Einheitlichkeit in Chemie und Form. Die Platten sind etwa 100 mm im Quadrat und 5 mm dick. Es eignet sich f\u00fcr automatisierte Speicher- und Ladesysteme und eignet sich zur Herstellung von kohlenstoffarmem Edelstahl, nicht magnetischen und hitzebest\u00e4ndigen Gussteilen, Legierungen mit hohem Nickelgehalt und magnetischen Legierungen. Unsere Eisenkathode ist kostenm\u00e4\u00dfig mit Schrott konkurrenzf\u00e4hig und ihre verl\u00e4ssliche Analyse erm\u00f6glicht eine erh\u00f6hte Kreislaufnutzung. Dieses Produkt ist frei von scharfen oder gezackten Kanten und seine einheitliche Gr\u00f6\u00dfe sorgt f\u00fcr eine einfache Handhabung.\",\"breadcrumb\":{\"@id\":\"https:\\\/\\\/alliedmet.com\\\/de\\\/eisenkathode\\\/#breadcrumb\"},\"inLanguage\":\"de\",\"potentialAction\":[{\"@type\":\"ReadAction\",\"target\":[\"https:\\\/\\\/alliedmet.com\\\/de\\\/eisenkathode\\\/\"]}]},{\"@type\":\"ImageObject\",\"inLanguage\":\"de\",\"@id\":\"https:\\\/\\\/alliedmet.com\\\/de\\\/eisenkathode\\\/#primaryimage\",\"url\":\"https:\\\/\\\/alliedmet.com\\\/wp-content\\\/uploads\\\/2019\\\/09\\\/allied-metal-products-image-iron-cathode.png\",\"contentUrl\":\"https:\\\/\\\/alliedmet.com\\\/wp-content\\\/uploads\\\/2019\\\/09\\\/allied-metal-products-image-iron-cathode.png\"},{\"@type\":\"BreadcrumbList\",\"@id\":\"https:\\\/\\\/alliedmet.com\\\/de\\\/eisenkathode\\\/#breadcrumb\",\"itemListElement\":[{\"@type\":\"ListItem\",\"position\":1,\"name\":\"Home\",\"item\":\"https:\\\/\\\/alliedmet.com\\\/de\\\/\"},{\"@type\":\"ListItem\",\"position\":2,\"name\":\"EISENKATHODE\"}]},{\"@type\":\"WebSite\",\"@id\":\"https:\\\/\\\/alliedmet.com\\\/de\\\/#website\",\"url\":\"https:\\\/\\\/alliedmet.com\\\/de\\\/\",\"name\":\"Allied Metals Corporation\",\"description\":\"High Purity Iron and Low Carbon Iron\",\"publisher\":{\"@id\":\"https:\\\/\\\/alliedmet.com\\\/de\\\/#organization\"},\"potentialAction\":[{\"@type\":\"SearchAction\",\"target\":{\"@type\":\"EntryPoint\",\"urlTemplate\":\"https:\\\/\\\/alliedmet.com\\\/de\\\/?s={search_term_string}\"},\"query-input\":{\"@type\":\"PropertyValueSpecification\",\"valueRequired\":true,\"valueName\":\"search_term_string\"}}],\"inLanguage\":\"de\"},{\"@type\":\"Organization\",\"@id\":\"https:\\\/\\\/alliedmet.com\\\/de\\\/#organization\",\"name\":\"Allied Metals Corporation\",\"url\":\"https:\\\/\\\/alliedmet.com\\\/de\\\/\",\"logo\":{\"@type\":\"ImageObject\",\"inLanguage\":\"de\",\"@id\":\"https:\\\/\\\/alliedmet.com\\\/de\\\/#\\\/schema\\\/logo\\\/image\\\/\",\"url\":\"https:\\\/\\\/alliedmet.com\\\/wp-content\\\/uploads\\\/2019\\\/07\\\/AMC-English-logo.png\",\"contentUrl\":\"https:\\\/\\\/alliedmet.com\\\/wp-content\\\/uploads\\\/2019\\\/07\\\/AMC-English-logo.png\",\"width\":1029,\"height\":317,\"caption\":\"Allied Metals Corporation\"},\"image\":{\"@id\":\"https:\\\/\\\/alliedmet.com\\\/de\\\/#\\\/schema\\\/logo\\\/image\\\/\"},\"sameAs\":[\"https:\\\/\\\/www.linkedin.com\\\/company\\\/allied-metals\"]}]}<\/script>\n<!-- \/ Yoast SEO Premium plugin. -->","yoast_head_json":{"title":"EISENKATHODE - Allied Metals Corporation","description":"Die Eisenkathode ist das effiziente und wirtschaftliche kohlenstoffarme, hochreine Reineisen von Allied Metals zur Verwendung in Induktions- und Vakuum\u00f6fen. Es handelt sich um ein zertifiziertes Produkt mit 100%iger Einheitlichkeit in Chemie und Form. Die Platten sind etwa 100 mm im Quadrat und 5 mm dick. Es eignet sich f\u00fcr automatisierte Speicher- und Ladesysteme und eignet sich zur Herstellung von kohlenstoffarmem Edelstahl, nicht magnetischen und hitzebest\u00e4ndigen Gussteilen, Legierungen mit hohem Nickelgehalt und magnetischen Legierungen. Unsere Eisenkathode ist kostenm\u00e4\u00dfig mit Schrott konkurrenzf\u00e4hig und ihre verl\u00e4ssliche Analyse erm\u00f6glicht eine erh\u00f6hte Kreislaufnutzung. Dieses Produkt ist frei von scharfen oder gezackten Kanten und seine einheitliche Gr\u00f6\u00dfe sorgt f\u00fcr eine einfache Handhabung.","robots":{"index":"index","follow":"follow","max-snippet":"max-snippet:-1","max-image-preview":"max-image-preview:large","max-video-preview":"max-video-preview:-1"},"canonical":"https:\/\/alliedmet.com\/de\/eisenkathode\/","og_locale":"de_DE","og_type":"article","og_title":"EISENKATHODE","og_description":"Die Eisenkathode ist das effiziente und wirtschaftliche kohlenstoffarme, hochreine Reineisen von Allied Metals zur Verwendung in Induktions- und Vakuum\u00f6fen. Es handelt sich um ein zertifiziertes Produkt mit 100%iger Einheitlichkeit in Chemie und Form. Die Platten sind etwa 100 mm im Quadrat und 5 mm dick. Es eignet sich f\u00fcr automatisierte Speicher- und Ladesysteme und eignet sich zur Herstellung von kohlenstoffarmem Edelstahl, nicht magnetischen und hitzebest\u00e4ndigen Gussteilen, Legierungen mit hohem Nickelgehalt und magnetischen Legierungen. Unsere Eisenkathode ist kostenm\u00e4\u00dfig mit Schrott konkurrenzf\u00e4hig und ihre verl\u00e4ssliche Analyse erm\u00f6glicht eine erh\u00f6hte Kreislaufnutzung. Dieses Produkt ist frei von scharfen oder gezackten Kanten und seine einheitliche Gr\u00f6\u00dfe sorgt f\u00fcr eine einfache Handhabung.","og_url":"https:\/\/alliedmet.com\/de\/eisenkathode\/","og_site_name":"Allied Metals Corporation","article_modified_time":"2021-04-08T17:22:39+00:00","og_image":[{"url":"https:\/\/alliedmet.com\/wp-content\/uploads\/2019\/09\/allied-metal-products-image-iron-cathode.png","type":"","width":"","height":""}],"twitter_card":"summary_large_image","twitter_misc":{"Gesch\u00e4tzte Lesezeit":"1\u00a0Minute"},"schema":{"@context":"https:\/\/schema.org","@graph":[{"@type":"WebPage","@id":"https:\/\/alliedmet.com\/de\/eisenkathode\/","url":"https:\/\/alliedmet.com\/de\/eisenkathode\/","name":"EISENKATHODE - Allied Metals Corporation","isPartOf":{"@id":"https:\/\/alliedmet.com\/de\/#website"},"primaryImageOfPage":{"@id":"https:\/\/alliedmet.com\/de\/eisenkathode\/#primaryimage"},"image":{"@id":"https:\/\/alliedmet.com\/de\/eisenkathode\/#primaryimage"},"thumbnailUrl":"https:\/\/alliedmet.com\/wp-content\/uploads\/2019\/09\/allied-metal-products-image-iron-cathode.png","datePublished":"2020-03-22T00:12:22+00:00","dateModified":"2021-04-08T17:22:39+00:00","description":"Die Eisenkathode ist das effiziente und wirtschaftliche kohlenstoffarme, hochreine Reineisen von Allied Metals zur Verwendung in Induktions- und Vakuum\u00f6fen. Es handelt sich um ein zertifiziertes Produkt mit 100%iger Einheitlichkeit in Chemie und Form. Die Platten sind etwa 100 mm im Quadrat und 5 mm dick. Es eignet sich f\u00fcr automatisierte Speicher- und Ladesysteme und eignet sich zur Herstellung von kohlenstoffarmem Edelstahl, nicht magnetischen und hitzebest\u00e4ndigen Gussteilen, Legierungen mit hohem Nickelgehalt und magnetischen Legierungen. Unsere Eisenkathode ist kostenm\u00e4\u00dfig mit Schrott konkurrenzf\u00e4hig und ihre verl\u00e4ssliche Analyse erm\u00f6glicht eine erh\u00f6hte Kreislaufnutzung. Dieses Produkt ist frei von scharfen oder gezackten Kanten und seine einheitliche Gr\u00f6\u00dfe sorgt f\u00fcr eine einfache Handhabung.","breadcrumb":{"@id":"https:\/\/alliedmet.com\/de\/eisenkathode\/#breadcrumb"},"inLanguage":"de","potentialAction":[{"@type":"ReadAction","target":["https:\/\/alliedmet.com\/de\/eisenkathode\/"]}]},{"@type":"ImageObject","inLanguage":"de","@id":"https:\/\/alliedmet.com\/de\/eisenkathode\/#primaryimage","url":"https:\/\/alliedmet.com\/wp-content\/uploads\/2019\/09\/allied-metal-products-image-iron-cathode.png","contentUrl":"https:\/\/alliedmet.com\/wp-content\/uploads\/2019\/09\/allied-metal-products-image-iron-cathode.png"},{"@type":"BreadcrumbList","@id":"https:\/\/alliedmet.com\/de\/eisenkathode\/#breadcrumb","itemListElement":[{"@type":"ListItem","position":1,"name":"Home","item":"https:\/\/alliedmet.com\/de\/"},{"@type":"ListItem","position":2,"name":"EISENKATHODE"}]},{"@type":"WebSite","@id":"https:\/\/alliedmet.com\/de\/#website","url":"https:\/\/alliedmet.com\/de\/","name":"Allied Metals Corporation","description":"High Purity Iron and Low Carbon Iron","publisher":{"@id":"https:\/\/alliedmet.com\/de\/#organization"},"potentialAction":[{"@type":"SearchAction","target":{"@type":"EntryPoint","urlTemplate":"https:\/\/alliedmet.com\/de\/?s={search_term_string}"},"query-input":{"@type":"PropertyValueSpecification","valueRequired":true,"valueName":"search_term_string"}}],"inLanguage":"de"},{"@type":"Organization","@id":"https:\/\/alliedmet.com\/de\/#organization","name":"Allied Metals Corporation","url":"https:\/\/alliedmet.com\/de\/","logo":{"@type":"ImageObject","inLanguage":"de","@id":"https:\/\/alliedmet.com\/de\/#\/schema\/logo\/image\/","url":"https:\/\/alliedmet.com\/wp-content\/uploads\/2019\/07\/AMC-English-logo.png","contentUrl":"https:\/\/alliedmet.com\/wp-content\/uploads\/2019\/07\/AMC-English-logo.png","width":1029,"height":317,"caption":"Allied Metals Corporation"},"image":{"@id":"https:\/\/alliedmet.com\/de\/#\/schema\/logo\/image\/"},"sameAs":["https:\/\/www.linkedin.com\/company\/allied-metals"]}]}},"_links":{"self":[{"href":"https:\/\/alliedmet.com\/de\/wp-json\/wp\/v2\/pages\/3504","targetHints":{"allow":["GET"]}}],"collection":[{"href":"https:\/\/alliedmet.com\/de\/wp-json\/wp\/v2\/pages"}],"about":[{"href":"https:\/\/alliedmet.com\/de\/wp-json\/wp\/v2\/types\/page"}],"author":[{"embeddable":true,"href":"https:\/\/alliedmet.com\/de\/wp-json\/wp\/v2\/users\/1"}],"replies":[{"embeddable":true,"href":"https:\/\/alliedmet.com\/de\/wp-json\/wp\/v2\/comments?post=3504"}],"version-history":[{"count":0,"href":"https:\/\/alliedmet.com\/de\/wp-json\/wp\/v2\/pages\/3504\/revisions"}],"wp:attachment":[{"href":"https:\/\/alliedmet.com\/de\/wp-json\/wp\/v2\/media?parent=3504"}],"curies":[{"name":"wp","href":"https:\/\/api.w.org\/{rel}","templated":true}]}}