{"id":3505,"date":"2020-03-22T00:19:27","date_gmt":"2020-03-22T00:19:27","guid":{"rendered":"https:\/\/alliedmet.com\/?page_id=3505"},"modified":"2021-04-08T17:38:54","modified_gmt":"2021-04-08T17:38:54","slug":"lc-44","status":"publish","type":"page","link":"https:\/\/alliedmet.com\/de\/lc-44\/","title":{"rendered":"LC 44"},"content":{"rendered":"\n<div class=\"wp-block-themeisle-blocks-advanced-columns alignfull has-1-columns has-desktop-equal-layout has-tablet-equal-layout has-mobile-equal-layout has-nogap-gap has-vertical-unset\" id=\"wp-block-themeisle-blocks-advanced-columns-38026804\"><div class=\"wp-block-themeisle-blocks-advanced-columns-overlay\"><\/div><div class=\"innerblocks-wrap\">\n<div class=\"wp-block-themeisle-blocks-advanced-column ticss-84b28bb4\" id=\"wp-block-themeisle-blocks-advanced-column-9d73c4d8\">\n<div style=\"height:20px\" aria-hidden=\"true\" class=\"wp-block-spacer ticss-d5c866b1\"><\/div>\n<\/div>\n<\/div><\/div>\n\n\n\n<div class=\"wp-block-themeisle-blocks-advanced-columns has-2-columns has-desktop-equal-layout has-tablet-collapsedRows-layout has-mobile-collapsedRows-layout has-default-gap has-vertical-unset\" id=\"wp-block-themeisle-blocks-advanced-columns-133bff27\"><div class=\"wp-block-themeisle-blocks-advanced-columns-overlay\"><\/div><div class=\"innerblocks-wrap\">\n<div class=\"wp-block-themeisle-blocks-advanced-column ticss-1165c512\" id=\"wp-block-themeisle-blocks-advanced-column-d9c3e67e\">\n<h1 class=\"ticss-3c11ccf5 wp-block-heading\" id=\"h-lc-44\">LC 44<\/h1>\n\n\n\n<figure class=\"wp-block-image size-large ticss-d2d99dc0\"><img decoding=\"async\" width=\"1024\" height=\"579\" data-src=\"https:\/\/alliedmet.com\/wp-content\/uploads\/2019\/12\/LC-44-_large.png\" alt=\"Der kohlenstoffarme Stahl LC-44 wird mit einer garantierten chemischen Analyse geliefert und ist eine hervorragende Alternative zur Kohlenstoff- und Schwefelkontrolle bei der Herstellung verschiedener Materialien wie kohlenstoffarmer rostfreier St\u00e4hle, magnetischer Legierungen, nichtmagnetischer Legierungen und hitzebest\u00e4ndiger Legierungen.\" class=\"wp-image-3573 lazyload\" data-srcset=\"https:\/\/alliedmet.com\/wp-content\/uploads\/2019\/12\/LC-44-_large.png 1024w, https:\/\/alliedmet.com\/wp-content\/uploads\/2019\/12\/LC-44-_large-300x170.png 300w, https:\/\/alliedmet.com\/wp-content\/uploads\/2019\/12\/LC-44-_large-768x434.png 768w\" data-sizes=\"(max-width: 1024px) 100vw, 1024px\" src=\"data:image\/svg+xml;base64,PHN2ZyB3aWR0aD0iMSIgaGVpZ2h0PSIxIiB4bWxucz0iaHR0cDovL3d3dy53My5vcmcvMjAwMC9zdmciPjwvc3ZnPg==\" style=\"--smush-placeholder-width: 1024px; --smush-placeholder-aspect-ratio: 1024\/579;\" \/><\/figure>\n\n\n\n<div style=\"height:30px\" aria-hidden=\"true\" class=\"wp-block-spacer ticss-d6ae6074\"><\/div>\n\n\n\n<h3 class=\"has-text-align-center ticss-393ec1b6 wp-block-heading\" id=\"h-lc-44-1\">LC 44<\/h3>\n\n\n\n<figure class=\"wp-block-table ticss-26e9b406\"><table class=\"has-fixed-layout\"><tbody><tr><td><strong>Analysis (%)<\/strong><\/td><td>Maximum<\/td><td>Typical<\/td><\/tr><tr><td><strong>C<\/strong><\/td><td>0.030<\/td><td>0.0060<\/td><\/tr><tr><td><strong>S<\/strong><\/td><td>0.020<\/td><td>0.0125<\/td><\/tr><tr><td><strong>P<\/strong><\/td><td>0.020<\/td><td>0.0100<\/td><\/tr><tr><td><strong>Mn<\/strong><\/td><td>0.300<\/td><td>0.1300<\/td><\/tr><tr><td><strong>Si<\/strong><\/td><td>0.020<\/td><td>0.0050<\/td><\/tr><\/tbody><\/table><\/figure>\n<\/div>\n\n\n\n<div class=\"wp-block-themeisle-blocks-advanced-column\" id=\"wp-block-themeisle-blocks-advanced-column-a796e6a4\">\n<p class=\"has-normal-font-size\">Allied Metals begann urspr\u00fcnglich 1954 als Verarbeiter von sekund\u00e4rem kohlenstoffarmem Stahl, um teurere Optionen zu ersetzen. Unser in den USA hergestelltes LC44 ist in Plattenform mit Abmessungen von 150 mm H\u00f6he und einer Dicke von 1,5 mm erh\u00e4ltlich.<\/p>\n\n\n\n<p class=\"has-normal-font-size\">LC44 wird mit einer garantierten chemischen Analyse geliefert und ist eine hervorragende Alternative zur Kohlenstoff- und Schwefelkontrolle bei der Herstellung verschiedener Materialien wie kohlenstoffarmer rostfreier St\u00e4hle, magnetischer Legierungen, nichtmagnetischer Legierungen und hitzebest\u00e4ndiger Legierungen. Dar\u00fcber hinaus wird unser LC44 gewaschen und getrocknet, um eine saubere Schmelze zu gew\u00e4hrleisten.<\/p>\n\n\n\n<p class=\"has-normal-font-size\"><strong>Form &amp; Gr\u00f6\u00dfe:<\/strong>\u200b&nbsp;150 mm x 150 mm, 1,5 mm Dicke <br><strong>Verpackung:<\/strong>\u200b&nbsp;Verpackt nach individuellen Anforderungen <br><strong>Verf\u00fcgbarkeit:<\/strong>\u200b&nbsp;Nord- und S\u00fcdamerika <\/p>\n\n\n\n<div class=\"wp-block-buttons is-content-justification-left is-layout-flex wp-block-buttons-is-layout-flex\">\n<div class=\"wp-block-button is-style-outline is-style-outline--1\"><a class=\"wp-block-button__link has-neve-link-color-color has-white-background-color has-text-color has-background\" href=\"https:\/\/alliedmet.com\/de\/produkte\/\">VOLLST\u00c4NDIGE PRODUKTLINIE<\/a><\/div>\n\n\n\n<div class=\"wp-block-button is-style-outline is-style-outline--2\"><a class=\"wp-block-button__link has-nv-site-bg-color has-neve-text-color-background-color has-text-color has-background\" href=\"https:\/\/alliedmet.com\/de\/produktangebot-anfordern\/\">EIN ANGEBOT BEKOMMEN<\/a><\/div>\n<\/div>\n\n\n\n<p><\/p>\n<\/div>\n<\/div><\/div>\n\n\n\n<p><\/p>\n","protected":false},"excerpt":{"rendered":"","protected":false},"author":1,"featured_media":0,"parent":0,"menu_order":0,"comment_status":"closed","ping_status":"closed","template":"","meta":{"neve_meta_sidebar":"full-width","neve_meta_container":"","neve_meta_enable_content_width":"on","neve_meta_content_width":100,"neve_meta_title_alignment":"","neve_meta_author_avatar":"","neve_post_elements_order":"","neve_meta_disable_header":"off","neve_meta_disable_footer":"off","neve_meta_disable_title":"on","_themeisle_gutenberg_block_has_review":false,"footnotes":""},"class_list":["post-3505","page","type-page","status-publish","hentry"],"yoast_head":"<!-- This site is optimized with the Yoast SEO Premium plugin v27.3 (Yoast SEO v27.3) - https:\/\/yoast.com\/product\/yoast-seo-premium-wordpress\/ -->\n<title>LC 44 - Allied Metals Corporation<\/title>\n<meta name=\"description\" content=\"Allied Metals begann urspr\u00fcnglich 1954 als Verarbeiter von sekund\u00e4rem kohlenstoffarmem Stahl, um teurere Optionen zu ersetzen. Unser in den USA hergestelltes LC44 ist in Plattenform mit Abmessungen von 150 mm H\u00f6he und einer Dicke von 1,5 mm erh\u00e4ltlich. LC44 wird mit einer garantierten chemischen Analyse geliefert und ist eine hervorragende Alternative zur Kohlenstoff- und Schwefelkontrolle bei der Herstellung verschiedener Materialien wie kohlenstoffarmer rostfreier St\u00e4hle, magnetischer Legierungen, nichtmagnetischer Legierungen und hitzebest\u00e4ndiger Legierungen. Dar\u00fcber hinaus wird unser LC44 gewaschen und getrocknet, um eine saubere Schmelze zu gew\u00e4hrleisten.\" \/>\n<meta name=\"robots\" content=\"index, follow, max-snippet:-1, max-image-preview:large, max-video-preview:-1\" \/>\n<link rel=\"canonical\" href=\"https:\/\/alliedmet.com\/de\/lc-44\/\" \/>\n<meta property=\"og:locale\" content=\"de_DE\" \/>\n<meta property=\"og:type\" content=\"article\" \/>\n<meta property=\"og:title\" content=\"LC 44\" \/>\n<meta property=\"og:description\" content=\"Allied Metals begann urspr\u00fcnglich 1954 als Verarbeiter von sekund\u00e4rem kohlenstoffarmem Stahl, um teurere Optionen zu ersetzen. Unser in den USA hergestelltes LC44 ist in Plattenform mit Abmessungen von 150 mm H\u00f6he und einer Dicke von 1,5 mm erh\u00e4ltlich. LC44 wird mit einer garantierten chemischen Analyse geliefert und ist eine hervorragende Alternative zur Kohlenstoff- und Schwefelkontrolle bei der Herstellung verschiedener Materialien wie kohlenstoffarmer rostfreier St\u00e4hle, magnetischer Legierungen, nichtmagnetischer Legierungen und hitzebest\u00e4ndiger Legierungen. Dar\u00fcber hinaus wird unser LC44 gewaschen und getrocknet, um eine saubere Schmelze zu gew\u00e4hrleisten.\" \/>\n<meta property=\"og:url\" content=\"https:\/\/alliedmet.com\/de\/lc-44\/\" \/>\n<meta property=\"og:site_name\" content=\"Allied Metals Corporation\" \/>\n<meta property=\"article:modified_time\" content=\"2021-04-08T17:38:54+00:00\" \/>\n<meta property=\"og:image\" content=\"https:\/\/alliedmet.com\/wp-content\/uploads\/2019\/12\/LC-44-_large.png\" \/>\n<meta name=\"twitter:card\" content=\"summary_large_image\" \/>\n<meta name=\"twitter:label1\" content=\"Gesch\u00e4tzte Lesezeit\" \/>\n\t<meta name=\"twitter:data1\" content=\"1\u00a0Minute\" \/>\n<script type=\"application\/ld+json\" class=\"yoast-schema-graph\">{\"@context\":\"https:\\\/\\\/schema.org\",\"@graph\":[{\"@type\":\"WebPage\",\"@id\":\"https:\\\/\\\/alliedmet.com\\\/de\\\/lc-44\\\/\",\"url\":\"https:\\\/\\\/alliedmet.com\\\/de\\\/lc-44\\\/\",\"name\":\"LC 44 - Allied Metals Corporation\",\"isPartOf\":{\"@id\":\"https:\\\/\\\/alliedmet.com\\\/de\\\/#website\"},\"primaryImageOfPage\":{\"@id\":\"https:\\\/\\\/alliedmet.com\\\/de\\\/lc-44\\\/#primaryimage\"},\"image\":{\"@id\":\"https:\\\/\\\/alliedmet.com\\\/de\\\/lc-44\\\/#primaryimage\"},\"thumbnailUrl\":\"https:\\\/\\\/alliedmet.com\\\/wp-content\\\/uploads\\\/2019\\\/12\\\/LC-44-_large.png\",\"datePublished\":\"2020-03-22T00:19:27+00:00\",\"dateModified\":\"2021-04-08T17:38:54+00:00\",\"description\":\"Allied Metals begann urspr\u00fcnglich 1954 als Verarbeiter von sekund\u00e4rem kohlenstoffarmem Stahl, um teurere Optionen zu ersetzen. Unser in den USA hergestelltes LC44 ist in Plattenform mit Abmessungen von 150 mm H\u00f6he und einer Dicke von 1,5 mm erh\u00e4ltlich. LC44 wird mit einer garantierten chemischen Analyse geliefert und ist eine hervorragende Alternative zur Kohlenstoff- und Schwefelkontrolle bei der Herstellung verschiedener Materialien wie kohlenstoffarmer rostfreier St\u00e4hle, magnetischer Legierungen, nichtmagnetischer Legierungen und hitzebest\u00e4ndiger Legierungen. Dar\u00fcber hinaus wird unser LC44 gewaschen und getrocknet, um eine saubere Schmelze zu gew\u00e4hrleisten.\",\"breadcrumb\":{\"@id\":\"https:\\\/\\\/alliedmet.com\\\/de\\\/lc-44\\\/#breadcrumb\"},\"inLanguage\":\"de\",\"potentialAction\":[{\"@type\":\"ReadAction\",\"target\":[\"https:\\\/\\\/alliedmet.com\\\/de\\\/lc-44\\\/\"]}]},{\"@type\":\"ImageObject\",\"inLanguage\":\"de\",\"@id\":\"https:\\\/\\\/alliedmet.com\\\/de\\\/lc-44\\\/#primaryimage\",\"url\":\"https:\\\/\\\/alliedmet.com\\\/wp-content\\\/uploads\\\/2019\\\/12\\\/LC-44-_large.png\",\"contentUrl\":\"https:\\\/\\\/alliedmet.com\\\/wp-content\\\/uploads\\\/2019\\\/12\\\/LC-44-_large.png\"},{\"@type\":\"BreadcrumbList\",\"@id\":\"https:\\\/\\\/alliedmet.com\\\/de\\\/lc-44\\\/#breadcrumb\",\"itemListElement\":[{\"@type\":\"ListItem\",\"position\":1,\"name\":\"Home\",\"item\":\"https:\\\/\\\/alliedmet.com\\\/de\\\/\"},{\"@type\":\"ListItem\",\"position\":2,\"name\":\"LC 44\"}]},{\"@type\":\"WebSite\",\"@id\":\"https:\\\/\\\/alliedmet.com\\\/de\\\/#website\",\"url\":\"https:\\\/\\\/alliedmet.com\\\/de\\\/\",\"name\":\"Allied Metals Corporation\",\"description\":\"High Purity Iron and Low Carbon Iron\",\"publisher\":{\"@id\":\"https:\\\/\\\/alliedmet.com\\\/de\\\/#organization\"},\"potentialAction\":[{\"@type\":\"SearchAction\",\"target\":{\"@type\":\"EntryPoint\",\"urlTemplate\":\"https:\\\/\\\/alliedmet.com\\\/de\\\/?s={search_term_string}\"},\"query-input\":{\"@type\":\"PropertyValueSpecification\",\"valueRequired\":true,\"valueName\":\"search_term_string\"}}],\"inLanguage\":\"de\"},{\"@type\":\"Organization\",\"@id\":\"https:\\\/\\\/alliedmet.com\\\/de\\\/#organization\",\"name\":\"Allied Metals Corporation\",\"url\":\"https:\\\/\\\/alliedmet.com\\\/de\\\/\",\"logo\":{\"@type\":\"ImageObject\",\"inLanguage\":\"de\",\"@id\":\"https:\\\/\\\/alliedmet.com\\\/de\\\/#\\\/schema\\\/logo\\\/image\\\/\",\"url\":\"https:\\\/\\\/alliedmet.com\\\/wp-content\\\/uploads\\\/2019\\\/07\\\/AMC-English-logo.png\",\"contentUrl\":\"https:\\\/\\\/alliedmet.com\\\/wp-content\\\/uploads\\\/2019\\\/07\\\/AMC-English-logo.png\",\"width\":1029,\"height\":317,\"caption\":\"Allied Metals Corporation\"},\"image\":{\"@id\":\"https:\\\/\\\/alliedmet.com\\\/de\\\/#\\\/schema\\\/logo\\\/image\\\/\"},\"sameAs\":[\"https:\\\/\\\/www.linkedin.com\\\/company\\\/allied-metals\"]}]}<\/script>\n<!-- \/ Yoast SEO Premium plugin. -->","yoast_head_json":{"title":"LC 44 - Allied Metals Corporation","description":"Allied Metals begann urspr\u00fcnglich 1954 als Verarbeiter von sekund\u00e4rem kohlenstoffarmem Stahl, um teurere Optionen zu ersetzen. Unser in den USA hergestelltes LC44 ist in Plattenform mit Abmessungen von 150 mm H\u00f6he und einer Dicke von 1,5 mm erh\u00e4ltlich. LC44 wird mit einer garantierten chemischen Analyse geliefert und ist eine hervorragende Alternative zur Kohlenstoff- und Schwefelkontrolle bei der Herstellung verschiedener Materialien wie kohlenstoffarmer rostfreier St\u00e4hle, magnetischer Legierungen, nichtmagnetischer Legierungen und hitzebest\u00e4ndiger Legierungen. Dar\u00fcber hinaus wird unser LC44 gewaschen und getrocknet, um eine saubere Schmelze zu gew\u00e4hrleisten.","robots":{"index":"index","follow":"follow","max-snippet":"max-snippet:-1","max-image-preview":"max-image-preview:large","max-video-preview":"max-video-preview:-1"},"canonical":"https:\/\/alliedmet.com\/de\/lc-44\/","og_locale":"de_DE","og_type":"article","og_title":"LC 44","og_description":"Allied Metals begann urspr\u00fcnglich 1954 als Verarbeiter von sekund\u00e4rem kohlenstoffarmem Stahl, um teurere Optionen zu ersetzen. Unser in den USA hergestelltes LC44 ist in Plattenform mit Abmessungen von 150 mm H\u00f6he und einer Dicke von 1,5 mm erh\u00e4ltlich. LC44 wird mit einer garantierten chemischen Analyse geliefert und ist eine hervorragende Alternative zur Kohlenstoff- und Schwefelkontrolle bei der Herstellung verschiedener Materialien wie kohlenstoffarmer rostfreier St\u00e4hle, magnetischer Legierungen, nichtmagnetischer Legierungen und hitzebest\u00e4ndiger Legierungen. Dar\u00fcber hinaus wird unser LC44 gewaschen und getrocknet, um eine saubere Schmelze zu gew\u00e4hrleisten.","og_url":"https:\/\/alliedmet.com\/de\/lc-44\/","og_site_name":"Allied Metals Corporation","article_modified_time":"2021-04-08T17:38:54+00:00","og_image":[{"url":"https:\/\/alliedmet.com\/wp-content\/uploads\/2019\/12\/LC-44-_large.png","type":"","width":"","height":""}],"twitter_card":"summary_large_image","twitter_misc":{"Gesch\u00e4tzte Lesezeit":"1\u00a0Minute"},"schema":{"@context":"https:\/\/schema.org","@graph":[{"@type":"WebPage","@id":"https:\/\/alliedmet.com\/de\/lc-44\/","url":"https:\/\/alliedmet.com\/de\/lc-44\/","name":"LC 44 - Allied Metals Corporation","isPartOf":{"@id":"https:\/\/alliedmet.com\/de\/#website"},"primaryImageOfPage":{"@id":"https:\/\/alliedmet.com\/de\/lc-44\/#primaryimage"},"image":{"@id":"https:\/\/alliedmet.com\/de\/lc-44\/#primaryimage"},"thumbnailUrl":"https:\/\/alliedmet.com\/wp-content\/uploads\/2019\/12\/LC-44-_large.png","datePublished":"2020-03-22T00:19:27+00:00","dateModified":"2021-04-08T17:38:54+00:00","description":"Allied Metals begann urspr\u00fcnglich 1954 als Verarbeiter von sekund\u00e4rem kohlenstoffarmem Stahl, um teurere Optionen zu ersetzen. Unser in den USA hergestelltes LC44 ist in Plattenform mit Abmessungen von 150 mm H\u00f6he und einer Dicke von 1,5 mm erh\u00e4ltlich. LC44 wird mit einer garantierten chemischen Analyse geliefert und ist eine hervorragende Alternative zur Kohlenstoff- und Schwefelkontrolle bei der Herstellung verschiedener Materialien wie kohlenstoffarmer rostfreier St\u00e4hle, magnetischer Legierungen, nichtmagnetischer Legierungen und hitzebest\u00e4ndiger Legierungen. Dar\u00fcber hinaus wird unser LC44 gewaschen und getrocknet, um eine saubere Schmelze zu gew\u00e4hrleisten.","breadcrumb":{"@id":"https:\/\/alliedmet.com\/de\/lc-44\/#breadcrumb"},"inLanguage":"de","potentialAction":[{"@type":"ReadAction","target":["https:\/\/alliedmet.com\/de\/lc-44\/"]}]},{"@type":"ImageObject","inLanguage":"de","@id":"https:\/\/alliedmet.com\/de\/lc-44\/#primaryimage","url":"https:\/\/alliedmet.com\/wp-content\/uploads\/2019\/12\/LC-44-_large.png","contentUrl":"https:\/\/alliedmet.com\/wp-content\/uploads\/2019\/12\/LC-44-_large.png"},{"@type":"BreadcrumbList","@id":"https:\/\/alliedmet.com\/de\/lc-44\/#breadcrumb","itemListElement":[{"@type":"ListItem","position":1,"name":"Home","item":"https:\/\/alliedmet.com\/de\/"},{"@type":"ListItem","position":2,"name":"LC 44"}]},{"@type":"WebSite","@id":"https:\/\/alliedmet.com\/de\/#website","url":"https:\/\/alliedmet.com\/de\/","name":"Allied Metals Corporation","description":"High Purity Iron and Low Carbon Iron","publisher":{"@id":"https:\/\/alliedmet.com\/de\/#organization"},"potentialAction":[{"@type":"SearchAction","target":{"@type":"EntryPoint","urlTemplate":"https:\/\/alliedmet.com\/de\/?s={search_term_string}"},"query-input":{"@type":"PropertyValueSpecification","valueRequired":true,"valueName":"search_term_string"}}],"inLanguage":"de"},{"@type":"Organization","@id":"https:\/\/alliedmet.com\/de\/#organization","name":"Allied Metals Corporation","url":"https:\/\/alliedmet.com\/de\/","logo":{"@type":"ImageObject","inLanguage":"de","@id":"https:\/\/alliedmet.com\/de\/#\/schema\/logo\/image\/","url":"https:\/\/alliedmet.com\/wp-content\/uploads\/2019\/07\/AMC-English-logo.png","contentUrl":"https:\/\/alliedmet.com\/wp-content\/uploads\/2019\/07\/AMC-English-logo.png","width":1029,"height":317,"caption":"Allied Metals Corporation"},"image":{"@id":"https:\/\/alliedmet.com\/de\/#\/schema\/logo\/image\/"},"sameAs":["https:\/\/www.linkedin.com\/company\/allied-metals"]}]}},"_links":{"self":[{"href":"https:\/\/alliedmet.com\/de\/wp-json\/wp\/v2\/pages\/3505","targetHints":{"allow":["GET"]}}],"collection":[{"href":"https:\/\/alliedmet.com\/de\/wp-json\/wp\/v2\/pages"}],"about":[{"href":"https:\/\/alliedmet.com\/de\/wp-json\/wp\/v2\/types\/page"}],"author":[{"embeddable":true,"href":"https:\/\/alliedmet.com\/de\/wp-json\/wp\/v2\/users\/1"}],"replies":[{"embeddable":true,"href":"https:\/\/alliedmet.com\/de\/wp-json\/wp\/v2\/comments?post=3505"}],"version-history":[{"count":0,"href":"https:\/\/alliedmet.com\/de\/wp-json\/wp\/v2\/pages\/3505\/revisions"}],"wp:attachment":[{"href":"https:\/\/alliedmet.com\/de\/wp-json\/wp\/v2\/media?parent=3505"}],"curies":[{"name":"wp","href":"https:\/\/api.w.org\/{rel}","templated":true}]}}