{"id":3514,"date":"2020-03-22T00:55:35","date_gmt":"2020-03-22T00:55:35","guid":{"rendered":"https:\/\/alliedmet.com\/?page_id=3514"},"modified":"2021-04-08T19:40:54","modified_gmt":"2021-04-08T19:40:54","slug":"nickel-master-legierungen","status":"publish","type":"page","link":"https:\/\/alliedmet.com\/de\/nickel-master-legierungen\/","title":{"rendered":"NICKEL MASTER LEGIERUNGEN"},"content":{"rendered":"\n<div class=\"wp-block-themeisle-blocks-advanced-columns alignfull has-1-columns has-desktop-equal-layout has-tablet-equal-layout has-mobile-equal-layout has-nogap-gap has-vertical-unset\" id=\"wp-block-themeisle-blocks-advanced-columns-b72a6ba0\"><div class=\"wp-block-themeisle-blocks-advanced-columns-overlay\"><\/div><div class=\"innerblocks-wrap\">\n<div class=\"wp-block-themeisle-blocks-advanced-column\" id=\"wp-block-themeisle-blocks-advanced-column-cdf17f7e\">\n<div style=\"height:20px\" aria-hidden=\"true\" class=\"wp-block-spacer ticss-d5c866b1\"><\/div>\n<\/div>\n<\/div><\/div>\n\n\n\n<div class=\"wp-block-themeisle-blocks-advanced-columns has-2-columns has-desktop-equal-layout has-tablet-collapsedRows-layout has-mobile-collapsedRows-layout has-default-gap has-vertical-unset\" id=\"wp-block-themeisle-blocks-advanced-columns-c6debce3\"><div class=\"wp-block-themeisle-blocks-advanced-columns-overlay\"><\/div><div class=\"innerblocks-wrap\">\n<div class=\"wp-block-themeisle-blocks-advanced-column ticss-499290ba\" id=\"wp-block-themeisle-blocks-advanced-column-256039cb\">\n<h1 class=\"wp-block-heading\" id=\"h-nickel-master-legierungen\">NICKEL MASTER LEGIERUNGEN<\/h1>\n\n\n\n<figure class=\"wp-block-image size-large ticss-7bc1c2e8\"><img decoding=\"async\" width=\"500\" height=\"234\" data-src=\"https:\/\/alliedmet.com\/wp-content\/uploads\/2019\/11\/Nickel-Alloy.png\" alt=\"Nickel-Master-Legierungen f\u00fcr Gie\u00dferei- und Vakuumschmelzanwendungen. Nickel-Master-Legierungen werden als Impfmittel verwendet, um Sauerstoff und Schwefel sowie Metalladditive zu reduzieren.\" class=\"wp-image-3599 lazyload\" data-srcset=\"https:\/\/alliedmet.com\/wp-content\/uploads\/2019\/11\/Nickel-Alloy.png 500w, https:\/\/alliedmet.com\/wp-content\/uploads\/2019\/11\/Nickel-Alloy-300x140.png 300w\" data-sizes=\"(max-width: 500px) 100vw, 500px\" src=\"data:image\/svg+xml;base64,PHN2ZyB3aWR0aD0iMSIgaGVpZ2h0PSIxIiB4bWxucz0iaHR0cDovL3d3dy53My5vcmcvMjAwMC9zdmciPjwvc3ZnPg==\" style=\"--smush-placeholder-width: 500px; --smush-placeholder-aspect-ratio: 500\/234;\" \/><\/figure>\n\n\n\n<h3 class=\"has-text-align-center ticss-741f9fda wp-block-heading\" id=\"h-nickel-master-legierungen-1\">NICKEL MASTER LEGIERUNGEN<\/h3>\n\n\n\n<figure class=\"wp-block-table ticss-cfde46cf\"><table><tbody><tr><td>NiMg 95\/5<\/td><\/tr><tr><td>NiMg 85\/15<\/td><\/tr><tr><td>NiB High Fe (3% Max)<\/td><\/tr><tr><td>NiB Low Fe (0.400% Max)<\/td><\/tr><tr><td>NiMgSi<\/td><\/tr><tr><td>NiFeMg<\/td><\/tr><tr><td>NiZr<\/td><\/tr><tr><td>NiNb (NiCb)<\/td><\/tr><tr><td>NiCa 94\/6<\/td><\/tr><tr><td>CoB<\/td><\/tr><\/tbody><\/table><\/figure>\n<\/div>\n\n\n\n<div class=\"wp-block-themeisle-blocks-advanced-column\" id=\"wp-block-themeisle-blocks-advanced-column-e4d43b6e\">\n<p class=\"has-normal-font-size\">Allied Metals ist der nordamerikanische Vertriebspartner von KBM Affilips N.V. Tienen, Belgien, einem Hersteller von Nickel-Master-Legierungen h\u00f6chster Qualit\u00e4t f\u00fcr Gie\u00dferei- und Vakuumschmelzanwendungen. Nickel Master Legierungen werden als Inokulanten verwendet, um Sauerstoff und Schwefel sowie Metallzus\u00e4tze zu reduzieren.<\/p>\n\n\n\n<p class=\"has-normal-font-size\"><strong>Form &amp; Gr\u00f6\u00dfe:&nbsp;<\/strong>\u200bunterschiedliche Gr\u00f6\u00dfen m\u00f6glich<br><strong>Verpackung:&nbsp;<\/strong>\u200bF\u00e4sser<br><strong>Verf<\/strong>\u200b<strong>\u00fc<\/strong>\u200b<strong>gbarkeit:&nbsp;<\/strong>\u200bNord- und S\u00fcdamerika<\/p>\n\n\n\n<div class=\"wp-block-buttons is-content-justification-left is-layout-flex wp-block-buttons-is-layout-flex\">\n<div class=\"wp-block-button is-style-outline is-style-outline--1\"><a class=\"wp-block-button__link has-neve-link-color-color has-white-background-color has-text-color has-background\" href=\"https:\/\/alliedmet.com\/de\/produkte\/\">VOLLST\u00c4NDIGE PRODUKTLINIE<\/a><\/div>\n\n\n\n<div class=\"wp-block-button is-style-outline is-style-outline--2\"><a class=\"wp-block-button__link has-nv-site-bg-color has-neve-text-color-background-color has-text-color has-background\" href=\"https:\/\/alliedmet.com\/de\/produktangebot-anfordern\/\">EIN ANGEBOT BEKOMMEN<\/a><\/div>\n<\/div>\n\n\n\n<p><\/p>\n<\/div>\n<\/div><\/div>\n","protected":false},"excerpt":{"rendered":"","protected":false},"author":1,"featured_media":0,"parent":0,"menu_order":0,"comment_status":"closed","ping_status":"closed","template":"","meta":{"neve_meta_sidebar":"full-width","neve_meta_container":"","neve_meta_enable_content_width":"on","neve_meta_content_width":100,"neve_meta_title_alignment":"","neve_meta_author_avatar":"","neve_post_elements_order":"","neve_meta_disable_header":"off","neve_meta_disable_footer":"off","neve_meta_disable_title":"on","_themeisle_gutenberg_block_has_review":false,"footnotes":""},"class_list":["post-3514","page","type-page","status-publish","hentry"],"yoast_head":"<!-- This site is optimized with the Yoast SEO Premium plugin v27.3 (Yoast SEO v27.3) - https:\/\/yoast.com\/product\/yoast-seo-premium-wordpress\/ -->\n<title>NICKEL MASTER LEGIERUNGEN - Allied Metals Corporation<\/title>\n<meta name=\"description\" content=\"Allied Metals ist der nordamerikanische Vertriebspartner von KBM Affilips N.V. Tienen, Belgien, einem Hersteller von Nickel-Master-Legierungen h\u00f6chster Qualit\u00e4t f\u00fcr Gie\u00dferei- und Vakuumschmelzanwendungen. Nickel Master Legierungen werden als Inokulanten verwendet, um Sauerstoff und Schwefel sowie Metallzus\u00e4tze zu reduzieren.\" \/>\n<meta name=\"robots\" content=\"index, follow, max-snippet:-1, max-image-preview:large, max-video-preview:-1\" \/>\n<link rel=\"canonical\" href=\"https:\/\/alliedmet.com\/de\/nickel-master-legierungen\/\" \/>\n<meta property=\"og:locale\" content=\"de_DE\" \/>\n<meta property=\"og:type\" content=\"article\" \/>\n<meta property=\"og:title\" content=\"NICKEL MASTER LEGIERUNGEN\" \/>\n<meta property=\"og:description\" content=\"Allied Metals ist der nordamerikanische Vertriebspartner von KBM Affilips N.V. Tienen, Belgien, einem Hersteller von Nickel-Master-Legierungen h\u00f6chster Qualit\u00e4t f\u00fcr Gie\u00dferei- und Vakuumschmelzanwendungen. Nickel Master Legierungen werden als Inokulanten verwendet, um Sauerstoff und Schwefel sowie Metallzus\u00e4tze zu reduzieren.\" \/>\n<meta property=\"og:url\" content=\"https:\/\/alliedmet.com\/de\/nickel-master-legierungen\/\" \/>\n<meta property=\"og:site_name\" content=\"Allied Metals Corporation\" \/>\n<meta property=\"article:modified_time\" content=\"2021-04-08T19:40:54+00:00\" \/>\n<meta property=\"og:image\" content=\"https:\/\/alliedmet.com\/wp-content\/uploads\/2019\/11\/Nickel-Alloy.png\" \/>\n<meta name=\"twitter:card\" content=\"summary_large_image\" \/>\n<meta name=\"twitter:label1\" content=\"Gesch\u00e4tzte Lesezeit\" \/>\n\t<meta name=\"twitter:data1\" content=\"1\u00a0Minute\" \/>\n<script type=\"application\/ld+json\" class=\"yoast-schema-graph\">{\"@context\":\"https:\\\/\\\/schema.org\",\"@graph\":[{\"@type\":\"WebPage\",\"@id\":\"https:\\\/\\\/alliedmet.com\\\/de\\\/nickel-master-legierungen\\\/\",\"url\":\"https:\\\/\\\/alliedmet.com\\\/de\\\/nickel-master-legierungen\\\/\",\"name\":\"NICKEL MASTER LEGIERUNGEN - Allied Metals Corporation\",\"isPartOf\":{\"@id\":\"https:\\\/\\\/alliedmet.com\\\/de\\\/#website\"},\"primaryImageOfPage\":{\"@id\":\"https:\\\/\\\/alliedmet.com\\\/de\\\/nickel-master-legierungen\\\/#primaryimage\"},\"image\":{\"@id\":\"https:\\\/\\\/alliedmet.com\\\/de\\\/nickel-master-legierungen\\\/#primaryimage\"},\"thumbnailUrl\":\"https:\\\/\\\/alliedmet.com\\\/wp-content\\\/uploads\\\/2019\\\/11\\\/Nickel-Alloy.png\",\"datePublished\":\"2020-03-22T00:55:35+00:00\",\"dateModified\":\"2021-04-08T19:40:54+00:00\",\"description\":\"Allied Metals ist der nordamerikanische Vertriebspartner von KBM Affilips N.V. Tienen, Belgien, einem Hersteller von Nickel-Master-Legierungen h\u00f6chster Qualit\u00e4t f\u00fcr Gie\u00dferei- und Vakuumschmelzanwendungen. Nickel Master Legierungen werden als Inokulanten verwendet, um Sauerstoff und Schwefel sowie Metallzus\u00e4tze zu reduzieren.\",\"breadcrumb\":{\"@id\":\"https:\\\/\\\/alliedmet.com\\\/de\\\/nickel-master-legierungen\\\/#breadcrumb\"},\"inLanguage\":\"de\",\"potentialAction\":[{\"@type\":\"ReadAction\",\"target\":[\"https:\\\/\\\/alliedmet.com\\\/de\\\/nickel-master-legierungen\\\/\"]}]},{\"@type\":\"ImageObject\",\"inLanguage\":\"de\",\"@id\":\"https:\\\/\\\/alliedmet.com\\\/de\\\/nickel-master-legierungen\\\/#primaryimage\",\"url\":\"https:\\\/\\\/alliedmet.com\\\/wp-content\\\/uploads\\\/2019\\\/11\\\/Nickel-Alloy.png\",\"contentUrl\":\"https:\\\/\\\/alliedmet.com\\\/wp-content\\\/uploads\\\/2019\\\/11\\\/Nickel-Alloy.png\"},{\"@type\":\"BreadcrumbList\",\"@id\":\"https:\\\/\\\/alliedmet.com\\\/de\\\/nickel-master-legierungen\\\/#breadcrumb\",\"itemListElement\":[{\"@type\":\"ListItem\",\"position\":1,\"name\":\"Home\",\"item\":\"https:\\\/\\\/alliedmet.com\\\/de\\\/\"},{\"@type\":\"ListItem\",\"position\":2,\"name\":\"NICKEL MASTER LEGIERUNGEN\"}]},{\"@type\":\"WebSite\",\"@id\":\"https:\\\/\\\/alliedmet.com\\\/de\\\/#website\",\"url\":\"https:\\\/\\\/alliedmet.com\\\/de\\\/\",\"name\":\"Allied Metals Corporation\",\"description\":\"High Purity Iron and Low Carbon Iron\",\"publisher\":{\"@id\":\"https:\\\/\\\/alliedmet.com\\\/de\\\/#organization\"},\"potentialAction\":[{\"@type\":\"SearchAction\",\"target\":{\"@type\":\"EntryPoint\",\"urlTemplate\":\"https:\\\/\\\/alliedmet.com\\\/de\\\/?s={search_term_string}\"},\"query-input\":{\"@type\":\"PropertyValueSpecification\",\"valueRequired\":true,\"valueName\":\"search_term_string\"}}],\"inLanguage\":\"de\"},{\"@type\":\"Organization\",\"@id\":\"https:\\\/\\\/alliedmet.com\\\/de\\\/#organization\",\"name\":\"Allied Metals Corporation\",\"url\":\"https:\\\/\\\/alliedmet.com\\\/de\\\/\",\"logo\":{\"@type\":\"ImageObject\",\"inLanguage\":\"de\",\"@id\":\"https:\\\/\\\/alliedmet.com\\\/de\\\/#\\\/schema\\\/logo\\\/image\\\/\",\"url\":\"https:\\\/\\\/alliedmet.com\\\/wp-content\\\/uploads\\\/2019\\\/07\\\/AMC-English-logo.png\",\"contentUrl\":\"https:\\\/\\\/alliedmet.com\\\/wp-content\\\/uploads\\\/2019\\\/07\\\/AMC-English-logo.png\",\"width\":1029,\"height\":317,\"caption\":\"Allied Metals Corporation\"},\"image\":{\"@id\":\"https:\\\/\\\/alliedmet.com\\\/de\\\/#\\\/schema\\\/logo\\\/image\\\/\"},\"sameAs\":[\"https:\\\/\\\/www.linkedin.com\\\/company\\\/allied-metals\"]}]}<\/script>\n<!-- \/ Yoast SEO Premium plugin. -->","yoast_head_json":{"title":"NICKEL MASTER LEGIERUNGEN - Allied Metals Corporation","description":"Allied Metals ist der nordamerikanische Vertriebspartner von KBM Affilips N.V. Tienen, Belgien, einem Hersteller von Nickel-Master-Legierungen h\u00f6chster Qualit\u00e4t f\u00fcr Gie\u00dferei- und Vakuumschmelzanwendungen. Nickel Master Legierungen werden als Inokulanten verwendet, um Sauerstoff und Schwefel sowie Metallzus\u00e4tze zu reduzieren.","robots":{"index":"index","follow":"follow","max-snippet":"max-snippet:-1","max-image-preview":"max-image-preview:large","max-video-preview":"max-video-preview:-1"},"canonical":"https:\/\/alliedmet.com\/de\/nickel-master-legierungen\/","og_locale":"de_DE","og_type":"article","og_title":"NICKEL MASTER LEGIERUNGEN","og_description":"Allied Metals ist der nordamerikanische Vertriebspartner von KBM Affilips N.V. Tienen, Belgien, einem Hersteller von Nickel-Master-Legierungen h\u00f6chster Qualit\u00e4t f\u00fcr Gie\u00dferei- und Vakuumschmelzanwendungen. Nickel Master Legierungen werden als Inokulanten verwendet, um Sauerstoff und Schwefel sowie Metallzus\u00e4tze zu reduzieren.","og_url":"https:\/\/alliedmet.com\/de\/nickel-master-legierungen\/","og_site_name":"Allied Metals Corporation","article_modified_time":"2021-04-08T19:40:54+00:00","og_image":[{"url":"https:\/\/alliedmet.com\/wp-content\/uploads\/2019\/11\/Nickel-Alloy.png","type":"","width":"","height":""}],"twitter_card":"summary_large_image","twitter_misc":{"Gesch\u00e4tzte Lesezeit":"1\u00a0Minute"},"schema":{"@context":"https:\/\/schema.org","@graph":[{"@type":"WebPage","@id":"https:\/\/alliedmet.com\/de\/nickel-master-legierungen\/","url":"https:\/\/alliedmet.com\/de\/nickel-master-legierungen\/","name":"NICKEL MASTER LEGIERUNGEN - Allied Metals Corporation","isPartOf":{"@id":"https:\/\/alliedmet.com\/de\/#website"},"primaryImageOfPage":{"@id":"https:\/\/alliedmet.com\/de\/nickel-master-legierungen\/#primaryimage"},"image":{"@id":"https:\/\/alliedmet.com\/de\/nickel-master-legierungen\/#primaryimage"},"thumbnailUrl":"https:\/\/alliedmet.com\/wp-content\/uploads\/2019\/11\/Nickel-Alloy.png","datePublished":"2020-03-22T00:55:35+00:00","dateModified":"2021-04-08T19:40:54+00:00","description":"Allied Metals ist der nordamerikanische Vertriebspartner von KBM Affilips N.V. Tienen, Belgien, einem Hersteller von Nickel-Master-Legierungen h\u00f6chster Qualit\u00e4t f\u00fcr Gie\u00dferei- und Vakuumschmelzanwendungen. Nickel Master Legierungen werden als Inokulanten verwendet, um Sauerstoff und Schwefel sowie Metallzus\u00e4tze zu reduzieren.","breadcrumb":{"@id":"https:\/\/alliedmet.com\/de\/nickel-master-legierungen\/#breadcrumb"},"inLanguage":"de","potentialAction":[{"@type":"ReadAction","target":["https:\/\/alliedmet.com\/de\/nickel-master-legierungen\/"]}]},{"@type":"ImageObject","inLanguage":"de","@id":"https:\/\/alliedmet.com\/de\/nickel-master-legierungen\/#primaryimage","url":"https:\/\/alliedmet.com\/wp-content\/uploads\/2019\/11\/Nickel-Alloy.png","contentUrl":"https:\/\/alliedmet.com\/wp-content\/uploads\/2019\/11\/Nickel-Alloy.png"},{"@type":"BreadcrumbList","@id":"https:\/\/alliedmet.com\/de\/nickel-master-legierungen\/#breadcrumb","itemListElement":[{"@type":"ListItem","position":1,"name":"Home","item":"https:\/\/alliedmet.com\/de\/"},{"@type":"ListItem","position":2,"name":"NICKEL MASTER LEGIERUNGEN"}]},{"@type":"WebSite","@id":"https:\/\/alliedmet.com\/de\/#website","url":"https:\/\/alliedmet.com\/de\/","name":"Allied Metals Corporation","description":"High Purity Iron and Low Carbon Iron","publisher":{"@id":"https:\/\/alliedmet.com\/de\/#organization"},"potentialAction":[{"@type":"SearchAction","target":{"@type":"EntryPoint","urlTemplate":"https:\/\/alliedmet.com\/de\/?s={search_term_string}"},"query-input":{"@type":"PropertyValueSpecification","valueRequired":true,"valueName":"search_term_string"}}],"inLanguage":"de"},{"@type":"Organization","@id":"https:\/\/alliedmet.com\/de\/#organization","name":"Allied Metals Corporation","url":"https:\/\/alliedmet.com\/de\/","logo":{"@type":"ImageObject","inLanguage":"de","@id":"https:\/\/alliedmet.com\/de\/#\/schema\/logo\/image\/","url":"https:\/\/alliedmet.com\/wp-content\/uploads\/2019\/07\/AMC-English-logo.png","contentUrl":"https:\/\/alliedmet.com\/wp-content\/uploads\/2019\/07\/AMC-English-logo.png","width":1029,"height":317,"caption":"Allied Metals Corporation"},"image":{"@id":"https:\/\/alliedmet.com\/de\/#\/schema\/logo\/image\/"},"sameAs":["https:\/\/www.linkedin.com\/company\/allied-metals"]}]}},"_links":{"self":[{"href":"https:\/\/alliedmet.com\/de\/wp-json\/wp\/v2\/pages\/3514","targetHints":{"allow":["GET"]}}],"collection":[{"href":"https:\/\/alliedmet.com\/de\/wp-json\/wp\/v2\/pages"}],"about":[{"href":"https:\/\/alliedmet.com\/de\/wp-json\/wp\/v2\/types\/page"}],"author":[{"embeddable":true,"href":"https:\/\/alliedmet.com\/de\/wp-json\/wp\/v2\/users\/1"}],"replies":[{"embeddable":true,"href":"https:\/\/alliedmet.com\/de\/wp-json\/wp\/v2\/comments?post=3514"}],"version-history":[{"count":0,"href":"https:\/\/alliedmet.com\/de\/wp-json\/wp\/v2\/pages\/3514\/revisions"}],"wp:attachment":[{"href":"https:\/\/alliedmet.com\/de\/wp-json\/wp\/v2\/media?parent=3514"}],"curies":[{"name":"wp","href":"https:\/\/api.w.org\/{rel}","templated":true}]}}