{"id":3520,"date":"2020-03-22T01:24:23","date_gmt":"2020-03-22T01:24:23","guid":{"rendered":"https:\/\/alliedmet.com\/?page_id=3520"},"modified":"2021-04-11T01:01:07","modified_gmt":"2021-04-11T01:01:07","slug":"magnete","status":"publish","type":"page","link":"https:\/\/alliedmet.com\/de\/magnete\/","title":{"rendered":"MAGNETE"},"content":{"rendered":"\n<div class=\"wp-block-themeisle-blocks-advanced-columns has-1-columns has-desktop-equal-layout has-tablet-equal-layout has-mobile-equal-layout has-nogap-gap has-vertical-unset\" id=\"wp-block-themeisle-blocks-advanced-columns-899a7870\"><div class=\"wp-block-themeisle-blocks-advanced-columns-overlay\"><\/div><div class=\"innerblocks-wrap\">\n<div class=\"wp-block-themeisle-blocks-advanced-column\" id=\"wp-block-themeisle-blocks-advanced-column-50d13da9\">\n<div style=\"height:20px\" aria-hidden=\"true\" class=\"wp-block-spacer ticss-7c7bd251\"><\/div>\n<\/div>\n<\/div><\/div>\n\n\n\n<div class=\"wp-block-themeisle-blocks-advanced-columns has-2-columns has-desktop-equal-layout has-tablet-collapsedRows-layout has-mobile-collapsedRows-layout has-default-gap has-vertical-unset\" id=\"wp-block-themeisle-blocks-advanced-columns-5bbfee51\"><div class=\"wp-block-themeisle-blocks-advanced-columns-overlay\"><\/div><div class=\"innerblocks-wrap\">\n<div class=\"wp-block-themeisle-blocks-advanced-column\" id=\"wp-block-themeisle-blocks-advanced-column-36ae3240\">\n<h1 id=\"wp-block-themeisle-blocks-advanced-heading-25b8fe48\" class=\"wp-block-themeisle-blocks-advanced-heading wp-block-themeisle-blocks-advanced-heading-25b8fe48\">MAGNETE<\/h1>\n\n\n\n<figure class=\"wp-block-image size-large\"><img decoding=\"async\" width=\"1024\" height=\"683\" data-src=\"https:\/\/alliedmet.com\/wp-content\/uploads\/2019\/10\/parallax_4-1024x683.jpg\" alt=\"Synchrotronmagnet von einem zyklischen Teilchenbeschleuniger\" class=\"wp-image-3587 lazyload\" data-srcset=\"https:\/\/alliedmet.com\/wp-content\/uploads\/2019\/10\/parallax_4-1024x683.jpg 1024w, https:\/\/alliedmet.com\/wp-content\/uploads\/2019\/10\/parallax_4-300x200.jpg 300w, https:\/\/alliedmet.com\/wp-content\/uploads\/2019\/10\/parallax_4-768x512.jpg 768w, https:\/\/alliedmet.com\/wp-content\/uploads\/2019\/10\/parallax_4-930x620.jpg 930w, https:\/\/alliedmet.com\/wp-content\/uploads\/2019\/10\/parallax_4.jpg 1280w\" data-sizes=\"(max-width: 1024px) 100vw, 1024px\" src=\"data:image\/svg+xml;base64,PHN2ZyB3aWR0aD0iMSIgaGVpZ2h0PSIxIiB4bWxucz0iaHR0cDovL3d3dy53My5vcmcvMjAwMC9zdmciPjwvc3ZnPg==\" style=\"--smush-placeholder-width: 1024px; --smush-placeholder-aspect-ratio: 1024\/683;\" \/><\/figure>\n\n\n\n<h4 id=\"wp-block-themeisle-blocks-advanced-heading-6b1dbc33\" class=\"wp-block-themeisle-blocks-advanced-heading wp-block-themeisle-blocks-advanced-heading-6b1dbc33\">Die Leistung komplexer Technologien wird direkt von den Eigenschaften der hochreinen Produkte beeinflusst, die wir f\u00fcr ihre Entwicklung liefern.<\/h4>\n<\/div>\n\n\n\n<div class=\"wp-block-themeisle-blocks-advanced-column\" id=\"wp-block-themeisle-blocks-advanced-column-e4938344\">\n<p class=\"has-normal-font-size\">In der Hochenergiephysik, der medizinischen Industrie oder der Herstellung von Industrieanlagen beeinflussen die Eigenschaften von Rohstoffen direkt die Leistung der Technologien, mit denen sie konstruiert werden.\u00a0\u200b<strong>A<\/strong><a href=\"https:\/\/alliedmet.com\/de\/alliedpureiron\/\"><strong>LLIEDPUREIRON<\/strong>\u200b<strong>\u00ae<\/strong><\/a>\u200b\u00a0\u200b-Produkte werden dort eingesetzt, wo eine verbesserte Effizienz, Konsistenz und Zuverl\u00e4ssigkeit von Hochleistungstechnologien von entscheidender Bedeutung sind.<\/p>\n\n\n\n<p class=\"has-normal-font-size\">Die magnetischen Eigenschaften von Eisen und Stahl werden durch die Abwesenheit von Kohlenstoff sowie anderen sch\u00e4dlichen Elementen und zus\u00e4tzlichen Legierungselementen, die sie enthalten, sowie durch das Verfahren zu ihrer Veredelung und Herstellung beeinflusst. Die au\u00dfergew\u00f6hnlich hohe Reinheit und das einzigartige Herstellungsverfahren erm\u00f6glichen es den\u00a0\u200b<strong>A<a href=\"https:\/\/alliedmet.com\/de\/alliedpureiron\/\">LLIEDPUREIRON\u00ae<\/a><\/strong>\u200b\u00a0\u200b-Produkten, eine hervorragende magnetische Leistung zu zeigen.<\/p>\n\n\n\n<p class=\"has-normal-font-size\">In der Hochenergiephysik werden\u00a0\u200b<strong>ALLIEDPUREIRON\u00ae<\/strong>\u200b\u00a0\u200b-Produkte als Kern-, Joch- und Polst\u00fccke f\u00fcr Magnete, einschlie\u00dflich supraleitender und Dauermagnetsystemen, verwendet. Diese Produkte sind auch entscheidend f\u00fcr den Bau von Teilchenbeschleunigern sowie f\u00fcr das magnetische Abschirmmaterial von Strahlf\u00fchrungen und die darin enthaltenen kritischen Komponenten. In der medizinischen Industrie werden <a href=\"https:\/\/alliedmet.com\/de\/alliedpureiron\/\"><strong>ALLIEDPUREIRON\u00ae<\/strong>\u200b<\/a>\u00a0\u200b-Produkte in den Magneten von Linearbeschleunigern und deren magnetischer Abschirmung eingesetzt, auch zur magnetischen Abschirmung von MRT-Geh\u00e4usen. Unsere Produkte finden sich auch in magnetischen Brems- \/ Kupplungssystemen, Gleichstromrelais und der Abschirmung von Stromkabeln.<\/p>\n\n\n\n<p class=\"has-normal-font-size\">Die Entwicklung solcher Technologien stellt Allied Metals in Zusammenarbeit mit Ingenieurunternehmen auf der ganzen Welt eine spannende Chance dar. Bei der Entwicklung der n\u00e4chsten Generation von medizinischen Ger\u00e4ten, Synchrotronlichtquellen, Kollidern und anderen Teilchenbeschleunigern freuen wir uns darauf, eine wichtige Rolle bei diesen globalen Innovationen zu spielen.<\/p>\n<\/div>\n<\/div><\/div>\n\n\n\n<p><\/p>\n","protected":false},"excerpt":{"rendered":"","protected":false},"author":1,"featured_media":0,"parent":0,"menu_order":0,"comment_status":"closed","ping_status":"closed","template":"","meta":{"neve_meta_sidebar":"full-width","neve_meta_container":"","neve_meta_enable_content_width":"on","neve_meta_content_width":100,"neve_meta_title_alignment":"","neve_meta_author_avatar":"","neve_post_elements_order":"","neve_meta_disable_header":"off","neve_meta_disable_footer":"off","neve_meta_disable_title":"on","_themeisle_gutenberg_block_has_review":false,"footnotes":""},"class_list":["post-3520","page","type-page","status-publish","hentry"],"yoast_head":"<!-- This site is optimized with the Yoast SEO Premium plugin v27.3 (Yoast SEO v27.3) - https:\/\/yoast.com\/product\/yoast-seo-premium-wordpress\/ -->\n<title>MAGNETE - Allied Metals Corporation<\/title>\n<meta name=\"description\" content=\"In der Hochenergiephysik, der medizinischen Industrie oder der Herstellung von Industrieanlagen beeinflussen die Eigenschaften von Rohstoffen direkt die Leistung der Technologien, mit denen sie konstruiert werden.\u00a0 ALLIEDPUREIRON \u00ae \u00a0 -Produkte werden dort eingesetzt, wo eine verbesserte Effizienz, Konsistenz und Zuverl\u00e4ssigkeit von Hochleistungstechnologien von entscheidender Bedeutung sind. Die magnetischen Eigenschaften von Eisen und Stahl werden durch die Abwesenheit von Kohlenstoff sowie anderen sch\u00e4dlichen Elementen und zus\u00e4tzlichen Legierungselementen, die sie enthalten, sowie durch das Verfahren zu ihrer Veredelung und Herstellung beeinflusst. Die au\u00dfergew\u00f6hnlich hohe Reinheit und das einzigartige Herstellungsverfahren erm\u00f6glichen es den\u00a0 ALLIEDPUREIRON\u00ae \u00a0 -Produkten, eine hervorragende magnetische Leistung zu zeigen. In der Hochenergiephysik werden\u00a0 ALLIEDPUREIRON\u00ae \u00a0 -Produkte als Kern-, Joch- und Polst\u00fccke f\u00fcr Magnete, einschlie\u00dflich supraleitender und Dauermagnetsystemen, verwendet. Diese Produkte sind auch entscheidend f\u00fcr den Bau von Teilchenbeschleunigern sowie f\u00fcr das magnetische Abschirmmaterial von Strahlf\u00fchrungen und die darin enthaltenen kritischen Komponenten. In der medizinischen Industrie werden ALLIEDPUREIRON\u00ae \u00a0 -Produkte in den Magneten von Linearbeschleunigern und deren magnetischer Abschirmung eingesetzt, auch zur magnetischen Abschirmung von MRT-Geh\u00e4usen. Unsere Produkte finden sich auch in magnetischen Brems- \/ Kupplungssystemen, Gleichstromrelais und der Abschirmung von Stromkabeln. Die Entwicklung solcher Technologien stellt Allied Metals in Zusammenarbeit mit Ingenieurunternehmen auf der ganzen Welt eine spannende Chance dar. Bei der Entwicklung der n\u00e4chsten Generation von medizinischen Ger\u00e4ten, Synchrotronlichtquellen, Kollidern und anderen Teilchenbeschleunigern freuen wir uns darauf, eine wichtige Rolle bei diesen globalen Innovationen zu spielen.\" \/>\n<meta name=\"robots\" content=\"index, follow, max-snippet:-1, max-image-preview:large, max-video-preview:-1\" \/>\n<link rel=\"canonical\" href=\"https:\/\/alliedmet.com\/de\/magnete\/\" \/>\n<meta property=\"og:locale\" content=\"de_DE\" \/>\n<meta property=\"og:type\" content=\"article\" \/>\n<meta property=\"og:title\" content=\"MAGNETE\" \/>\n<meta property=\"og:description\" content=\"In der Hochenergiephysik, der medizinischen Industrie oder der Herstellung von Industrieanlagen beeinflussen die Eigenschaften von Rohstoffen direkt die Leistung der Technologien, mit denen sie konstruiert werden.\u00a0 ALLIEDPUREIRON \u00ae \u00a0 -Produkte werden dort eingesetzt, wo eine verbesserte Effizienz, Konsistenz und Zuverl\u00e4ssigkeit von Hochleistungstechnologien von entscheidender Bedeutung sind. Die magnetischen Eigenschaften von Eisen und Stahl werden durch die Abwesenheit von Kohlenstoff sowie anderen sch\u00e4dlichen Elementen und zus\u00e4tzlichen Legierungselementen, die sie enthalten, sowie durch das Verfahren zu ihrer Veredelung und Herstellung beeinflusst. Die au\u00dfergew\u00f6hnlich hohe Reinheit und das einzigartige Herstellungsverfahren erm\u00f6glichen es den\u00a0 ALLIEDPUREIRON\u00ae \u00a0 -Produkten, eine hervorragende magnetische Leistung zu zeigen. In der Hochenergiephysik werden\u00a0 ALLIEDPUREIRON\u00ae \u00a0 -Produkte als Kern-, Joch- und Polst\u00fccke f\u00fcr Magnete, einschlie\u00dflich supraleitender und Dauermagnetsystemen, verwendet. Diese Produkte sind auch entscheidend f\u00fcr den Bau von Teilchenbeschleunigern sowie f\u00fcr das magnetische Abschirmmaterial von Strahlf\u00fchrungen und die darin enthaltenen kritischen Komponenten. In der medizinischen Industrie werden ALLIEDPUREIRON\u00ae \u00a0 -Produkte in den Magneten von Linearbeschleunigern und deren magnetischer Abschirmung eingesetzt, auch zur magnetischen Abschirmung von MRT-Geh\u00e4usen. Unsere Produkte finden sich auch in magnetischen Brems- \/ Kupplungssystemen, Gleichstromrelais und der Abschirmung von Stromkabeln. Die Entwicklung solcher Technologien stellt Allied Metals in Zusammenarbeit mit Ingenieurunternehmen auf der ganzen Welt eine spannende Chance dar. Bei der Entwicklung der n\u00e4chsten Generation von medizinischen Ger\u00e4ten, Synchrotronlichtquellen, Kollidern und anderen Teilchenbeschleunigern freuen wir uns darauf, eine wichtige Rolle bei diesen globalen Innovationen zu spielen.\" \/>\n<meta property=\"og:url\" content=\"https:\/\/alliedmet.com\/de\/magnete\/\" \/>\n<meta property=\"og:site_name\" content=\"Allied Metals Corporation\" \/>\n<meta property=\"article:modified_time\" content=\"2021-04-11T01:01:07+00:00\" \/>\n<meta property=\"og:image\" content=\"https:\/\/alliedmet.com\/wp-content\/uploads\/2019\/10\/parallax_4-1024x683.jpg\" \/>\n<meta name=\"twitter:card\" content=\"summary_large_image\" \/>\n<meta name=\"twitter:label1\" content=\"Gesch\u00e4tzte Lesezeit\" \/>\n\t<meta name=\"twitter:data1\" content=\"2\u00a0Minuten\" \/>\n<script type=\"application\/ld+json\" class=\"yoast-schema-graph\">{\"@context\":\"https:\\\/\\\/schema.org\",\"@graph\":[{\"@type\":\"WebPage\",\"@id\":\"https:\\\/\\\/alliedmet.com\\\/de\\\/magnete\\\/\",\"url\":\"https:\\\/\\\/alliedmet.com\\\/de\\\/magnete\\\/\",\"name\":\"MAGNETE - Allied Metals Corporation\",\"isPartOf\":{\"@id\":\"https:\\\/\\\/alliedmet.com\\\/de\\\/#website\"},\"primaryImageOfPage\":{\"@id\":\"https:\\\/\\\/alliedmet.com\\\/de\\\/magnete\\\/#primaryimage\"},\"image\":{\"@id\":\"https:\\\/\\\/alliedmet.com\\\/de\\\/magnete\\\/#primaryimage\"},\"thumbnailUrl\":\"https:\\\/\\\/alliedmet.com\\\/wp-content\\\/uploads\\\/2019\\\/10\\\/parallax_4-1024x683.jpg\",\"datePublished\":\"2020-03-22T01:24:23+00:00\",\"dateModified\":\"2021-04-11T01:01:07+00:00\",\"description\":\"In der Hochenergiephysik, der medizinischen Industrie oder der Herstellung von Industrieanlagen beeinflussen die Eigenschaften von Rohstoffen direkt die Leistung der Technologien, mit denen sie konstruiert werden.\u00a0 ALLIEDPUREIRON \u00ae \u00a0 -Produkte werden dort eingesetzt, wo eine verbesserte Effizienz, Konsistenz und Zuverl\u00e4ssigkeit von Hochleistungstechnologien von entscheidender Bedeutung sind. Die magnetischen Eigenschaften von Eisen und Stahl werden durch die Abwesenheit von Kohlenstoff sowie anderen sch\u00e4dlichen Elementen und zus\u00e4tzlichen Legierungselementen, die sie enthalten, sowie durch das Verfahren zu ihrer Veredelung und Herstellung beeinflusst. Die au\u00dfergew\u00f6hnlich hohe Reinheit und das einzigartige Herstellungsverfahren erm\u00f6glichen es den\u00a0 ALLIEDPUREIRON\u00ae \u00a0 -Produkten, eine hervorragende magnetische Leistung zu zeigen. In der Hochenergiephysik werden\u00a0 ALLIEDPUREIRON\u00ae \u00a0 -Produkte als Kern-, Joch- und Polst\u00fccke f\u00fcr Magnete, einschlie\u00dflich supraleitender und Dauermagnetsystemen, verwendet. Diese Produkte sind auch entscheidend f\u00fcr den Bau von Teilchenbeschleunigern sowie f\u00fcr das magnetische Abschirmmaterial von Strahlf\u00fchrungen und die darin enthaltenen kritischen Komponenten. In der medizinischen Industrie werden ALLIEDPUREIRON\u00ae \u00a0 -Produkte in den Magneten von Linearbeschleunigern und deren magnetischer Abschirmung eingesetzt, auch zur magnetischen Abschirmung von MRT-Geh\u00e4usen. Unsere Produkte finden sich auch in magnetischen Brems- \\\/ Kupplungssystemen, Gleichstromrelais und der Abschirmung von Stromkabeln. Die Entwicklung solcher Technologien stellt Allied Metals in Zusammenarbeit mit Ingenieurunternehmen auf der ganzen Welt eine spannende Chance dar. Bei der Entwicklung der n\u00e4chsten Generation von medizinischen Ger\u00e4ten, Synchrotronlichtquellen, Kollidern und anderen Teilchenbeschleunigern freuen wir uns darauf, eine wichtige Rolle bei diesen globalen Innovationen zu spielen.\",\"breadcrumb\":{\"@id\":\"https:\\\/\\\/alliedmet.com\\\/de\\\/magnete\\\/#breadcrumb\"},\"inLanguage\":\"de\",\"potentialAction\":[{\"@type\":\"ReadAction\",\"target\":[\"https:\\\/\\\/alliedmet.com\\\/de\\\/magnete\\\/\"]}]},{\"@type\":\"ImageObject\",\"inLanguage\":\"de\",\"@id\":\"https:\\\/\\\/alliedmet.com\\\/de\\\/magnete\\\/#primaryimage\",\"url\":\"https:\\\/\\\/alliedmet.com\\\/wp-content\\\/uploads\\\/2019\\\/10\\\/parallax_4-1024x683.jpg\",\"contentUrl\":\"https:\\\/\\\/alliedmet.com\\\/wp-content\\\/uploads\\\/2019\\\/10\\\/parallax_4-1024x683.jpg\"},{\"@type\":\"BreadcrumbList\",\"@id\":\"https:\\\/\\\/alliedmet.com\\\/de\\\/magnete\\\/#breadcrumb\",\"itemListElement\":[{\"@type\":\"ListItem\",\"position\":1,\"name\":\"Home\",\"item\":\"https:\\\/\\\/alliedmet.com\\\/de\\\/\"},{\"@type\":\"ListItem\",\"position\":2,\"name\":\"MAGNETE\"}]},{\"@type\":\"WebSite\",\"@id\":\"https:\\\/\\\/alliedmet.com\\\/de\\\/#website\",\"url\":\"https:\\\/\\\/alliedmet.com\\\/de\\\/\",\"name\":\"Allied Metals Corporation\",\"description\":\"High Purity Iron and Low Carbon Iron\",\"publisher\":{\"@id\":\"https:\\\/\\\/alliedmet.com\\\/de\\\/#organization\"},\"potentialAction\":[{\"@type\":\"SearchAction\",\"target\":{\"@type\":\"EntryPoint\",\"urlTemplate\":\"https:\\\/\\\/alliedmet.com\\\/de\\\/?s={search_term_string}\"},\"query-input\":{\"@type\":\"PropertyValueSpecification\",\"valueRequired\":true,\"valueName\":\"search_term_string\"}}],\"inLanguage\":\"de\"},{\"@type\":\"Organization\",\"@id\":\"https:\\\/\\\/alliedmet.com\\\/de\\\/#organization\",\"name\":\"Allied Metals Corporation\",\"url\":\"https:\\\/\\\/alliedmet.com\\\/de\\\/\",\"logo\":{\"@type\":\"ImageObject\",\"inLanguage\":\"de\",\"@id\":\"https:\\\/\\\/alliedmet.com\\\/de\\\/#\\\/schema\\\/logo\\\/image\\\/\",\"url\":\"https:\\\/\\\/alliedmet.com\\\/wp-content\\\/uploads\\\/2019\\\/07\\\/AMC-English-logo.png\",\"contentUrl\":\"https:\\\/\\\/alliedmet.com\\\/wp-content\\\/uploads\\\/2019\\\/07\\\/AMC-English-logo.png\",\"width\":1029,\"height\":317,\"caption\":\"Allied Metals Corporation\"},\"image\":{\"@id\":\"https:\\\/\\\/alliedmet.com\\\/de\\\/#\\\/schema\\\/logo\\\/image\\\/\"},\"sameAs\":[\"https:\\\/\\\/www.linkedin.com\\\/company\\\/allied-metals\"]}]}<\/script>\n<!-- \/ Yoast SEO Premium plugin. -->","yoast_head_json":{"title":"MAGNETE - Allied Metals Corporation","description":"In der Hochenergiephysik, der medizinischen Industrie oder der Herstellung von Industrieanlagen beeinflussen die Eigenschaften von Rohstoffen direkt die Leistung der Technologien, mit denen sie konstruiert werden.\u00a0 ALLIEDPUREIRON \u00ae \u00a0 -Produkte werden dort eingesetzt, wo eine verbesserte Effizienz, Konsistenz und Zuverl\u00e4ssigkeit von Hochleistungstechnologien von entscheidender Bedeutung sind. Die magnetischen Eigenschaften von Eisen und Stahl werden durch die Abwesenheit von Kohlenstoff sowie anderen sch\u00e4dlichen Elementen und zus\u00e4tzlichen Legierungselementen, die sie enthalten, sowie durch das Verfahren zu ihrer Veredelung und Herstellung beeinflusst. Die au\u00dfergew\u00f6hnlich hohe Reinheit und das einzigartige Herstellungsverfahren erm\u00f6glichen es den\u00a0 ALLIEDPUREIRON\u00ae \u00a0 -Produkten, eine hervorragende magnetische Leistung zu zeigen. In der Hochenergiephysik werden\u00a0 ALLIEDPUREIRON\u00ae \u00a0 -Produkte als Kern-, Joch- und Polst\u00fccke f\u00fcr Magnete, einschlie\u00dflich supraleitender und Dauermagnetsystemen, verwendet. Diese Produkte sind auch entscheidend f\u00fcr den Bau von Teilchenbeschleunigern sowie f\u00fcr das magnetische Abschirmmaterial von Strahlf\u00fchrungen und die darin enthaltenen kritischen Komponenten. In der medizinischen Industrie werden ALLIEDPUREIRON\u00ae \u00a0 -Produkte in den Magneten von Linearbeschleunigern und deren magnetischer Abschirmung eingesetzt, auch zur magnetischen Abschirmung von MRT-Geh\u00e4usen. Unsere Produkte finden sich auch in magnetischen Brems- \/ Kupplungssystemen, Gleichstromrelais und der Abschirmung von Stromkabeln. Die Entwicklung solcher Technologien stellt Allied Metals in Zusammenarbeit mit Ingenieurunternehmen auf der ganzen Welt eine spannende Chance dar. Bei der Entwicklung der n\u00e4chsten Generation von medizinischen Ger\u00e4ten, Synchrotronlichtquellen, Kollidern und anderen Teilchenbeschleunigern freuen wir uns darauf, eine wichtige Rolle bei diesen globalen Innovationen zu spielen.","robots":{"index":"index","follow":"follow","max-snippet":"max-snippet:-1","max-image-preview":"max-image-preview:large","max-video-preview":"max-video-preview:-1"},"canonical":"https:\/\/alliedmet.com\/de\/magnete\/","og_locale":"de_DE","og_type":"article","og_title":"MAGNETE","og_description":"In der Hochenergiephysik, der medizinischen Industrie oder der Herstellung von Industrieanlagen beeinflussen die Eigenschaften von Rohstoffen direkt die Leistung der Technologien, mit denen sie konstruiert werden.\u00a0 ALLIEDPUREIRON \u00ae \u00a0 -Produkte werden dort eingesetzt, wo eine verbesserte Effizienz, Konsistenz und Zuverl\u00e4ssigkeit von Hochleistungstechnologien von entscheidender Bedeutung sind. Die magnetischen Eigenschaften von Eisen und Stahl werden durch die Abwesenheit von Kohlenstoff sowie anderen sch\u00e4dlichen Elementen und zus\u00e4tzlichen Legierungselementen, die sie enthalten, sowie durch das Verfahren zu ihrer Veredelung und Herstellung beeinflusst. Die au\u00dfergew\u00f6hnlich hohe Reinheit und das einzigartige Herstellungsverfahren erm\u00f6glichen es den\u00a0 ALLIEDPUREIRON\u00ae \u00a0 -Produkten, eine hervorragende magnetische Leistung zu zeigen. In der Hochenergiephysik werden\u00a0 ALLIEDPUREIRON\u00ae \u00a0 -Produkte als Kern-, Joch- und Polst\u00fccke f\u00fcr Magnete, einschlie\u00dflich supraleitender und Dauermagnetsystemen, verwendet. Diese Produkte sind auch entscheidend f\u00fcr den Bau von Teilchenbeschleunigern sowie f\u00fcr das magnetische Abschirmmaterial von Strahlf\u00fchrungen und die darin enthaltenen kritischen Komponenten. In der medizinischen Industrie werden ALLIEDPUREIRON\u00ae \u00a0 -Produkte in den Magneten von Linearbeschleunigern und deren magnetischer Abschirmung eingesetzt, auch zur magnetischen Abschirmung von MRT-Geh\u00e4usen. Unsere Produkte finden sich auch in magnetischen Brems- \/ Kupplungssystemen, Gleichstromrelais und der Abschirmung von Stromkabeln. Die Entwicklung solcher Technologien stellt Allied Metals in Zusammenarbeit mit Ingenieurunternehmen auf der ganzen Welt eine spannende Chance dar. Bei der Entwicklung der n\u00e4chsten Generation von medizinischen Ger\u00e4ten, Synchrotronlichtquellen, Kollidern und anderen Teilchenbeschleunigern freuen wir uns darauf, eine wichtige Rolle bei diesen globalen Innovationen zu spielen.","og_url":"https:\/\/alliedmet.com\/de\/magnete\/","og_site_name":"Allied Metals Corporation","article_modified_time":"2021-04-11T01:01:07+00:00","og_image":[{"url":"https:\/\/alliedmet.com\/wp-content\/uploads\/2019\/10\/parallax_4-1024x683.jpg","type":"","width":"","height":""}],"twitter_card":"summary_large_image","twitter_misc":{"Gesch\u00e4tzte Lesezeit":"2\u00a0Minuten"},"schema":{"@context":"https:\/\/schema.org","@graph":[{"@type":"WebPage","@id":"https:\/\/alliedmet.com\/de\/magnete\/","url":"https:\/\/alliedmet.com\/de\/magnete\/","name":"MAGNETE - Allied Metals Corporation","isPartOf":{"@id":"https:\/\/alliedmet.com\/de\/#website"},"primaryImageOfPage":{"@id":"https:\/\/alliedmet.com\/de\/magnete\/#primaryimage"},"image":{"@id":"https:\/\/alliedmet.com\/de\/magnete\/#primaryimage"},"thumbnailUrl":"https:\/\/alliedmet.com\/wp-content\/uploads\/2019\/10\/parallax_4-1024x683.jpg","datePublished":"2020-03-22T01:24:23+00:00","dateModified":"2021-04-11T01:01:07+00:00","description":"In der Hochenergiephysik, der medizinischen Industrie oder der Herstellung von Industrieanlagen beeinflussen die Eigenschaften von Rohstoffen direkt die Leistung der Technologien, mit denen sie konstruiert werden.\u00a0 ALLIEDPUREIRON \u00ae \u00a0 -Produkte werden dort eingesetzt, wo eine verbesserte Effizienz, Konsistenz und Zuverl\u00e4ssigkeit von Hochleistungstechnologien von entscheidender Bedeutung sind. Die magnetischen Eigenschaften von Eisen und Stahl werden durch die Abwesenheit von Kohlenstoff sowie anderen sch\u00e4dlichen Elementen und zus\u00e4tzlichen Legierungselementen, die sie enthalten, sowie durch das Verfahren zu ihrer Veredelung und Herstellung beeinflusst. Die au\u00dfergew\u00f6hnlich hohe Reinheit und das einzigartige Herstellungsverfahren erm\u00f6glichen es den\u00a0 ALLIEDPUREIRON\u00ae \u00a0 -Produkten, eine hervorragende magnetische Leistung zu zeigen. In der Hochenergiephysik werden\u00a0 ALLIEDPUREIRON\u00ae \u00a0 -Produkte als Kern-, Joch- und Polst\u00fccke f\u00fcr Magnete, einschlie\u00dflich supraleitender und Dauermagnetsystemen, verwendet. Diese Produkte sind auch entscheidend f\u00fcr den Bau von Teilchenbeschleunigern sowie f\u00fcr das magnetische Abschirmmaterial von Strahlf\u00fchrungen und die darin enthaltenen kritischen Komponenten. In der medizinischen Industrie werden ALLIEDPUREIRON\u00ae \u00a0 -Produkte in den Magneten von Linearbeschleunigern und deren magnetischer Abschirmung eingesetzt, auch zur magnetischen Abschirmung von MRT-Geh\u00e4usen. Unsere Produkte finden sich auch in magnetischen Brems- \/ Kupplungssystemen, Gleichstromrelais und der Abschirmung von Stromkabeln. Die Entwicklung solcher Technologien stellt Allied Metals in Zusammenarbeit mit Ingenieurunternehmen auf der ganzen Welt eine spannende Chance dar. Bei der Entwicklung der n\u00e4chsten Generation von medizinischen Ger\u00e4ten, Synchrotronlichtquellen, Kollidern und anderen Teilchenbeschleunigern freuen wir uns darauf, eine wichtige Rolle bei diesen globalen Innovationen zu spielen.","breadcrumb":{"@id":"https:\/\/alliedmet.com\/de\/magnete\/#breadcrumb"},"inLanguage":"de","potentialAction":[{"@type":"ReadAction","target":["https:\/\/alliedmet.com\/de\/magnete\/"]}]},{"@type":"ImageObject","inLanguage":"de","@id":"https:\/\/alliedmet.com\/de\/magnete\/#primaryimage","url":"https:\/\/alliedmet.com\/wp-content\/uploads\/2019\/10\/parallax_4-1024x683.jpg","contentUrl":"https:\/\/alliedmet.com\/wp-content\/uploads\/2019\/10\/parallax_4-1024x683.jpg"},{"@type":"BreadcrumbList","@id":"https:\/\/alliedmet.com\/de\/magnete\/#breadcrumb","itemListElement":[{"@type":"ListItem","position":1,"name":"Home","item":"https:\/\/alliedmet.com\/de\/"},{"@type":"ListItem","position":2,"name":"MAGNETE"}]},{"@type":"WebSite","@id":"https:\/\/alliedmet.com\/de\/#website","url":"https:\/\/alliedmet.com\/de\/","name":"Allied Metals Corporation","description":"High Purity Iron and Low Carbon Iron","publisher":{"@id":"https:\/\/alliedmet.com\/de\/#organization"},"potentialAction":[{"@type":"SearchAction","target":{"@type":"EntryPoint","urlTemplate":"https:\/\/alliedmet.com\/de\/?s={search_term_string}"},"query-input":{"@type":"PropertyValueSpecification","valueRequired":true,"valueName":"search_term_string"}}],"inLanguage":"de"},{"@type":"Organization","@id":"https:\/\/alliedmet.com\/de\/#organization","name":"Allied Metals Corporation","url":"https:\/\/alliedmet.com\/de\/","logo":{"@type":"ImageObject","inLanguage":"de","@id":"https:\/\/alliedmet.com\/de\/#\/schema\/logo\/image\/","url":"https:\/\/alliedmet.com\/wp-content\/uploads\/2019\/07\/AMC-English-logo.png","contentUrl":"https:\/\/alliedmet.com\/wp-content\/uploads\/2019\/07\/AMC-English-logo.png","width":1029,"height":317,"caption":"Allied Metals Corporation"},"image":{"@id":"https:\/\/alliedmet.com\/de\/#\/schema\/logo\/image\/"},"sameAs":["https:\/\/www.linkedin.com\/company\/allied-metals"]}]}},"_links":{"self":[{"href":"https:\/\/alliedmet.com\/de\/wp-json\/wp\/v2\/pages\/3520","targetHints":{"allow":["GET"]}}],"collection":[{"href":"https:\/\/alliedmet.com\/de\/wp-json\/wp\/v2\/pages"}],"about":[{"href":"https:\/\/alliedmet.com\/de\/wp-json\/wp\/v2\/types\/page"}],"author":[{"embeddable":true,"href":"https:\/\/alliedmet.com\/de\/wp-json\/wp\/v2\/users\/1"}],"replies":[{"embeddable":true,"href":"https:\/\/alliedmet.com\/de\/wp-json\/wp\/v2\/comments?post=3520"}],"version-history":[{"count":0,"href":"https:\/\/alliedmet.com\/de\/wp-json\/wp\/v2\/pages\/3520\/revisions"}],"wp:attachment":[{"href":"https:\/\/alliedmet.com\/de\/wp-json\/wp\/v2\/media?parent=3520"}],"curies":[{"name":"wp","href":"https:\/\/api.w.org\/{rel}","templated":true}]}}