{"id":3676,"date":"2020-04-06T19:55:44","date_gmt":"2020-04-06T19:55:44","guid":{"rendered":"https:\/\/alliedmet.com\/?page_id=3676"},"modified":"2022-10-21T06:58:19","modified_gmt":"2022-10-21T06:58:19","slug":"datenschutzerklaerung","status":"publish","type":"page","link":"https:\/\/alliedmet.com\/de\/datenschutzerklaerung\/","title":{"rendered":"DATENSCHUTZERKL\u00c4RUNG"},"content":{"rendered":"\n<div id=\"wp-block-themeisle-blocks-advanced-columns-018ea87c\" class=\"wp-block-themeisle-blocks-advanced-columns alignfull has-1-columns has-desktop-equal-layout has-tablet-equal-layout has-mobile-equal-layout has-vertical-unset\"><div class=\"wp-block-themeisle-blocks-advanced-columns-overlay\"><\/div><div class=\"innerblocks-wrap\">\n<div id=\"wp-block-themeisle-blocks-advanced-column-050d9746\" class=\"wp-block-themeisle-blocks-advanced-column\">\n<div style=\"height:20px\" aria-hidden=\"true\" class=\"wp-block-spacer ticss-e880b3d7\"><\/div>\n<\/div>\n<\/div><\/div>\n\n\n\n<div id=\"wp-block-themeisle-blocks-advanced-columns-b6b1e0b0\" class=\"wp-block-themeisle-blocks-advanced-columns has-1-columns has-desktop-equal-layout has-tablet-equal-layout has-mobile-equal-layout has-vertical-unset\"><div class=\"wp-block-themeisle-blocks-advanced-columns-overlay\"><\/div><div class=\"innerblocks-wrap\">\n<div id=\"wp-block-themeisle-blocks-advanced-column-94541f05\" class=\"wp-block-themeisle-blocks-advanced-column\">\n<h1 id=\"wp-block-themeisle-blocks-advanced-heading-7093811c\" class=\"wp-block-themeisle-blocks-advanced-heading wp-block-themeisle-blocks-advanced-heading-7093811c\">DATENSCHUTZERKL\u00c4RUNG<\/h1>\n\n\n\n<div id=\"wp-block-themeisle-blocks-advanced-columns-ed9ed381\" class=\"wp-block-themeisle-blocks-advanced-columns has-1-columns has-desktop-equal-layout has-tablet-equal-layout has-mobile-equal-layout has-vertical-unset\"><div class=\"wp-block-themeisle-blocks-advanced-columns-overlay\"><\/div><div class=\"innerblocks-wrap\">\n<div id=\"wp-block-themeisle-blocks-advanced-column-9c2f9ed7\" class=\"wp-block-themeisle-blocks-advanced-column\">\n<p><strong>Vorwort:<\/strong><\/p>\n\n\n\n<p>Wir nehmen den Schutz von Daten \u00e4u\u00dferst ernst. Aus diesem Grund erfassen und verarbeiten wir Ihre Daten in \u00dcbereinstimmung mit den gesetzlichen Vorgaben und halten uns dabei an die Datenschutzgrundverordnung der EU (DSGVO) und das deutsche Bundesdatenschutzgesetz (BDSG) sowie weitere gesetzliche Bestimmungen, wie z. B. das Teledienstedatenschutzgesetz im Bereich der elektronischen Kommunikation.&nbsp;<\/p>\n\n\n\n<p>Diese Erkl\u00e4rung entspricht unserer Pflicht zur Informationserteilung und Transparenz im Hinblick auf die Erfassung und die Verarbeitung Ihrer personenbezogenen Daten.&nbsp;<\/p>\n\n\n\n<p><strong>Verantwortliche Stelle:<\/strong><\/p>\n\n\n\n<p>Allied Metals Corporation, 2688 Lapeer Rd, Auburn Hills, MI 48326 USA, Telefon +001 248 680-2400, E-Mail <a href=\"mailto:info@alliedmet.com\">info@alliedmet.com<\/a>, ist die f\u00fcr die Verarbeitung Ihrer personenbezogenen Daten verantwortliche Stelle. Das Unternehmen wird von Gary Wasserman vertreten. Falls Sie Fragen haben oder mehr Informationen zum Datenschutz ben\u00f6tigen, kontaktieren Sie uns bitte.<\/p>\n\n\n\n<p><strong>Datenschutzbeauftragter:<\/strong><\/p>\n\n\n\n<p>Unser Datenschutzbeauftragter ist Mark Pl\u00fcckthun. Sie k\u00f6nnen Ihn direkt \u00fcber Allied Metals Corporation, 2688 Lapeer Rd, Auburn Hills, MI 48326 USA, Telefon +001 248 680-2400, E-Mail <a href=\"mailto:info@alliedmet.de\">info@alliedmet.de<\/a>, kontaktieren.<\/p>\n\n\n\n<p><strong>Art, Umfang und Herkunft der erfassten Daten.<\/strong><\/p>\n\n\n\n<p>Allied Metals Corporation erfasst alle personenbezogenen Daten in der Regel direkt von Ihnen. Dabei erfassen wir nur die f\u00fcr den jeweiligen Vertragszweck notwendigen personenbezogenen Daten (Grundsatz der Daten\u00f6konomie). Die Angabe zus\u00e4tzlicher Daten erfolgt freiwillig. Allied Metals Corporation erfasst und verarbeitet:<\/p>\n\n\n\n<ul class=\"wp-block-list\"><li>Kundenstammdaten wie Name, Adresse usw.<\/li><li>Daten f\u00fcr Lieferschein und Rechnung (abweichende Rechnungsadresse, Lieferadresse, Umsatzsteuernummer)<\/li><li>Bankdaten zur Zahlungsabwicklung<\/li><li>Online-Daten wie E-Mail-Adresse oder Mobiltelefonnummern, um ein Vertragsverh\u00e4ltnis auf elektronischem Wege zu beginnen oder aufrechtzuerhalten.&nbsp;<\/li><\/ul>\n\n\n\n<p>In der Regel werden Ihre Daten von Ihnen bei der ersten Kontaktaufnahme angegeben. Unter Umst\u00e4nden k\u00f6nnen wir personenbezogene Daten jedoch auch \u00fcber Dritte erhalten.<\/p>\n\n\n\n<p><strong>Zwecke der Verarbeitung personenbezogener Daten, Rechtsstreitigkeiten:<\/strong><\/p>\n\n\n\n<p>Die Erfassung und Verarbeitung Ihrer Daten erfolgt zu folgenden Zwecken:<\/p>\n\n\n\n<ul class=\"wp-block-list\"><li>Erstellung von Angeboten (nebst erforderlicher \u00dcbertragung von Informationen zur Angebotsabgabe)<\/li><li>Vertragsschlie\u00dfung, Vertragserf\u00fcllung und Kundenbetreuung<\/li><li>Bonit\u00e4tspr\u00fcfung, bevor eine Gesch\u00e4ftsbeziehung eingegangen wird<\/li><li>Einholung von Informationen \u00fcber Produkte und Dienstleistungen von Allied Metals Corporation<\/li><li>Einhaltung gesetzlicher Verpflichtungen und Verwaltungsvorschriften.<\/li><\/ul>\n\n\n\n<p>Die Datenverarbeitung erfolgt gem\u00e4\u00df der im ersten Abschnitt aufgef\u00fchrten gesetzlichen Bestimmungen. Die rechtliche Grundlage zur Verarbeitung der Daten ist insbesondere in Art. 6 Abschnitt 1b DSGVO zu finden. Dementsprechend ist die Verarbeitung personenbezogener Daten zul\u00e4ssig, wenn die Verarbeitung erforderlich ist, um vertragliche Verpflichtungen zu erf\u00fcllen oder angeforderte vorvertragliche Ma\u00dfnahmen durchzuf\u00fchren.<\/p>\n\n\n\n<p><strong>Datenverarbeitungsverfahren:&nbsp;<\/strong><\/p>\n\n\n\n<p>Allied Metals Corporation sichert zu, dass personenbezogene Daten so verarbeitet werden, dass der Schutz Ihrer personenbezogenen Daten sichergestellt ist. Die Daten werden sowohl elektronisch als auch in Papierform verarbeitet. Dabei halten wir die Sicherheitsnormen im Hinblick auf den Schutz Ihrer Privatsph\u00e4re und auf das Risiko des Zugriffs durch unbefugte Personen ein. Wir haben umfangreiche technische und administrative Sicherheitsvorkehrungen getroffen, um die von Ihnen bereitgestellten personenbezogenen Daten vor Verlust, Manipulation, Vernichtung und unbefugtem Zugriff zu sch\u00fctzen. Unsere Sicherheitsvorkehrungen werden aufgrund technischer Entwicklungen und gesetzlicher Vorschriften laufend verbessert.<\/p>\n\n\n\n<p><strong>Datenempf\u00e4nger:<\/strong><\/p>\n\n\n\n<p>Die Datenerfassungsstelle ist Allied Metals Corporation. Allied Metals Corporation speichert alle zur Vertragserf\u00fcllung und Kundenbetreuung erforderlichen Daten in ihren IT-Systemen. Im Rahmen der Kundenakquise und Kundenbindung werden Ihre Daten durch bei uns besch\u00e4ftigte Vertreter und Vertriebsmitarbeiter erfasst.&nbsp;<\/p>\n\n\n\n<p>Um unseren vertraglichen Verpflichtungen nachzukommen, nimmt Allied Metals Corporation sorgf\u00e4ltig ausgew\u00e4hlte Dienstleister in Anspruch, die nur soweit Zugriff auf Ihre Daten erhalten, als dies zur Auftragserf\u00fcllung erforderlich ist.<\/p>\n\n\n\n<p><strong>Datenempf\u00e4nger sind:<\/strong><\/p>\n\n\n\n<ul class=\"wp-block-list\"><li>IT-Dienstleister und Beratungsunternehmen<\/li><li>Finanzinstitute<\/li><li>Bevollm\u00e4chtigte<\/li><li>Externe Unternehmen sowie Gesch\u00e4ftsunternehmen und Steuerpr\u00fcfungsunternehmen<\/li><li>Beh\u00f6rden wie u. a. das Finanzamt.<\/li><\/ul>\n\n\n\n<p>Sofern zur \u00dcberpr\u00fcfung Ihrer Anfrage\/Bestellung erforderlich und rechtm\u00e4\u00dfig, k\u00f6nnen Ihre Daten ggf. vor Vertragsabschluss zur Bonit\u00e4tspr\u00fcfung und Einholung gewerblicher Informationen an eine Ratingagentur weitergegeben werden. Im Fall des Zahlungsverzugs k\u00f6nnen wir Ihre Daten an ein Inkassob\u00fcro und\/oder eine Anwaltskanzlei zum Zahlungseinzug weitergeben.<\/p>\n\n\n\n<p>Alle vor Auftragserteilung von Allied Metals Corporation beauftragten Dienstleister werden im Hinblick auf ihre Datenschutznormen \u00fcberpr\u00fcft und sind dazu verpflichtet, alle gesetzlichen Datenschutzbestimmungen einzuhalten. Dar\u00fcber hinausgehende Daten\u00fcbertragungen an befugte Dritte finden nur dann statt, sofern wir dazu erm\u00e4chtigt oder gesetzlich dazu verpflichtet sind oder Sie uns zuvor Ihre Einwilligung erteilen.<\/p>\n\n\n\n<p><strong>Dauer der Datenerfassung:<\/strong><\/p>\n\n\n\n<p>Allied Metals Corporation speichert Ihre Daten f\u00fcr die Dauer des Vertragsverh\u00e4ltnisses oder, sofern ein berechtigtes Interesse (z. B. Zahlungsverzug) besteht, \u00fcber diesen Zeitraum hinaus. Die Datenerfassungsdauer richtet sich nach der Verj\u00e4hrungsfrist, die z. B. gem\u00e4\u00df \u00a7\u00a7 195 ff. BGB in der Regel drei Jahre betr\u00e4gt, jedoch auf 30 Jahre ausgedehnt werden kann. Dar\u00fcber hinaus m\u00fcssen wir verschiedenen Verpflichtungen zur Dokumentation und Aufbewahrung gem\u00e4\u00df HGB und Abgabenordnung (AO) nachkommen. Die Verj\u00e4hrungsfrist gem\u00e4\u00df HGB und AO kann sechs bis zehn Jahre betragen.<\/p>\n\n\n\n<p><strong>Rechte betroffener Personen:<\/strong><\/p>\n\n\n\n<p>Allied Metals Corporation respektiert und sch\u00fctzt Ihre Rechte gem\u00e4\u00df den Vorschriften der DSGVO. Insbesondere haben Sie folgende Rechte:<\/p>\n\n\n\n<ul class=\"wp-block-list\"><li>Dar\u00fcber informiert zu werden, ob wir Ihre personenbezogenen Daten verarbeiten. Ist dies der Fall, k\u00f6nnen Sie Informationen \u00fcber die personenbezogenen Daten erhalten. In diesem Fall k\u00f6nnen Sie Informationen dazu erhalten, welche personenbezogenen Daten erfasst werden, zu welchen Zwecken die Datenerfassung erfolgt und wie Ihre personenbezogenen Daten verwendet werden.<\/li><li>Die verarbeiteten personenbezogenen Daten berichtigen oder l\u00f6schen zu lassen oder den Zugriff darauf einzuschr\u00e4nken, sofern dem keine gesetzlichen Vorschriften entgegenstehen. Allied Metals Corporation hat L\u00f6schungskonzept implementiert, um (zus\u00e4tzlich zu anderen Gr\u00fcnden) Ihre Rechte zu sch\u00fctzen.<\/li><li>Bereitstellung Ihrer Daten in einem strukturierten, gew\u00f6hnlichen und maschinenlesbaren Format.<\/li><li>Ihre Einwilligung zur Verwendung freiwillig bereitgestellter Daten, wie beispielsweise Ihre Telefonnummer usw., zu widerrufen.<\/li><li>Der Verwendung f\u00fcr Direktwerbung durch Allied Metals Corporation zu widersprechen.<\/li><li>Der Verwendung Ihrer personenbezogenen Daten, die von uns f\u00fcr berechtigte Zwecke (Art. 6 Abschnitt 1b DSGVO) verarbeitet wurden, aus sich aus ihrer besonderen Situation ergebenden Gr\u00fcnden zu widersprechen.<\/li><\/ul>\n\n\n\n<p>Um Ihre Rechte geltend zu machen, wenden Sie sich bitte schriftlich unter Angabe Ihrer Gesch\u00e4ftspartnerdaten an: Allied Metals Corporation, 2688 Lapeer Rd, Auburn Hills, MI 48326 USA, Telefon: +001 248 680-2400, E-Mail: <a href=\"mailto:info@alliedmet.com\">info@alliedmet.com<\/a><\/p>\n\n\n\n<p>Wenn Sie Bedenken haben, dass Ihre personenbezogenen Daten nicht der DSGVO entsprechend verarbeitet werden, k\u00f6nnen Sie an Ihrer Arbeitsstelle oder am Ort des vermuteten Versto\u00dfes eine Beschwerde an die Kontrollstelle einreichen.<\/p>\n\n\n\n<p>Zudem k\u00f6nnen Sie sich in Bezug auf Informationen \u00fcber die Verarbeitung Ihrer personenbezogenen Daten und bei Fragen zu Ihren Rechten im Rahmen der Datenschutzgesetze auch an unseren Datenschutzbeauftragten wenden.<\/p>\n\n\n\n<figure class=\"wp-block-image size-large\"><img decoding=\"async\" width=\"261\" height=\"161\" data-src=\"https:\/\/alliedmet.com\/wp-content\/uploads\/2020\/03\/signature_gary.jpg\" alt=\"\" class=\"wp-image-3600 lazyload\" src=\"data:image\/svg+xml;base64,PHN2ZyB3aWR0aD0iMSIgaGVpZ2h0PSIxIiB4bWxucz0iaHR0cDovL3d3dy53My5vcmcvMjAwMC9zdmciPjwvc3ZnPg==\" style=\"--smush-placeholder-width: 261px; --smush-placeholder-aspect-ratio: 261\/161;\" \/><\/figure>\n\n\n\n<figure class=\"wp-block-image size-large\"><img decoding=\"async\" width=\"261\" height=\"161\" data-src=\"https:\/\/alliedmet.com\/wp-content\/uploads\/2020\/03\/signature_mark.jpg\" alt=\"\" class=\"wp-image-3605 lazyload\" src=\"data:image\/svg+xml;base64,PHN2ZyB3aWR0aD0iMSIgaGVpZ2h0PSIxIiB4bWxucz0iaHR0cDovL3d3dy53My5vcmcvMjAwMC9zdmciPjwvc3ZnPg==\" style=\"--smush-placeholder-width: 261px; --smush-placeholder-aspect-ratio: 261\/161;\" \/><\/figure>\n\n\n\n<p><\/p>\n<\/div>\n<\/div><\/div>\n<\/div>\n<\/div><\/div>\n","protected":false},"excerpt":{"rendered":"","protected":false},"author":1,"featured_media":0,"parent":0,"menu_order":0,"comment_status":"closed","ping_status":"closed","template":"","meta":{"neve_meta_sidebar":"","neve_meta_container":"","neve_meta_enable_content_width":"","neve_meta_content_width":0,"neve_meta_title_alignment":"","neve_meta_author_avatar":"","neve_post_elements_order":"","neve_meta_disable_header":"","neve_meta_disable_footer":"","neve_meta_disable_title":"on","_themeisle_gutenberg_block_has_review":false,"footnotes":""},"class_list":["post-3676","page","type-page","status-publish","hentry"],"yoast_head":"<!-- This site is optimized with the Yoast SEO Premium plugin v27.3 (Yoast SEO v27.3) - https:\/\/yoast.com\/product\/yoast-seo-premium-wordpress\/ -->\n<title>DATENSCHUTZERKL\u00c4RUNG - Allied Metals Corporation<\/title>\n<meta name=\"robots\" content=\"index, follow, max-snippet:-1, max-image-preview:large, max-video-preview:-1\" \/>\n<link rel=\"canonical\" href=\"https:\/\/alliedmet.com\/de\/datenschutzerklaerung\/\" \/>\n<meta property=\"og:locale\" content=\"de_DE\" \/>\n<meta property=\"og:type\" content=\"article\" \/>\n<meta property=\"og:title\" content=\"DATENSCHUTZERKL\u00c4RUNG\" \/>\n<meta property=\"og:url\" content=\"https:\/\/alliedmet.com\/de\/datenschutzerklaerung\/\" \/>\n<meta property=\"og:site_name\" content=\"Allied Metals Corporation\" \/>\n<meta property=\"article:modified_time\" content=\"2022-10-21T06:58:19+00:00\" \/>\n<meta property=\"og:image\" content=\"https:\/\/alliedmet.com\/wp-content\/uploads\/2020\/03\/signature_gary.jpg\" \/>\n<meta name=\"twitter:card\" content=\"summary_large_image\" \/>\n<meta name=\"twitter:label1\" content=\"Gesch\u00e4tzte Lesezeit\" \/>\n\t<meta name=\"twitter:data1\" content=\"5\u00a0Minuten\" \/>\n<script type=\"application\/ld+json\" class=\"yoast-schema-graph\">{\"@context\":\"https:\\\/\\\/schema.org\",\"@graph\":[{\"@type\":\"WebPage\",\"@id\":\"https:\\\/\\\/alliedmet.com\\\/de\\\/datenschutzerklaerung\\\/\",\"url\":\"https:\\\/\\\/alliedmet.com\\\/de\\\/datenschutzerklaerung\\\/\",\"name\":\"DATENSCHUTZERKL\u00c4RUNG - Allied Metals Corporation\",\"isPartOf\":{\"@id\":\"https:\\\/\\\/alliedmet.com\\\/de\\\/#website\"},\"primaryImageOfPage\":{\"@id\":\"https:\\\/\\\/alliedmet.com\\\/de\\\/datenschutzerklaerung\\\/#primaryimage\"},\"image\":{\"@id\":\"https:\\\/\\\/alliedmet.com\\\/de\\\/datenschutzerklaerung\\\/#primaryimage\"},\"thumbnailUrl\":\"https:\\\/\\\/alliedmet.com\\\/wp-content\\\/uploads\\\/2020\\\/03\\\/signature_gary.jpg\",\"datePublished\":\"2020-04-06T19:55:44+00:00\",\"dateModified\":\"2022-10-21T06:58:19+00:00\",\"breadcrumb\":{\"@id\":\"https:\\\/\\\/alliedmet.com\\\/de\\\/datenschutzerklaerung\\\/#breadcrumb\"},\"inLanguage\":\"de\",\"potentialAction\":[{\"@type\":\"ReadAction\",\"target\":[\"https:\\\/\\\/alliedmet.com\\\/de\\\/datenschutzerklaerung\\\/\"]}]},{\"@type\":\"ImageObject\",\"inLanguage\":\"de\",\"@id\":\"https:\\\/\\\/alliedmet.com\\\/de\\\/datenschutzerklaerung\\\/#primaryimage\",\"url\":\"https:\\\/\\\/alliedmet.com\\\/wp-content\\\/uploads\\\/2020\\\/03\\\/signature_gary.jpg\",\"contentUrl\":\"https:\\\/\\\/alliedmet.com\\\/wp-content\\\/uploads\\\/2020\\\/03\\\/signature_gary.jpg\"},{\"@type\":\"BreadcrumbList\",\"@id\":\"https:\\\/\\\/alliedmet.com\\\/de\\\/datenschutzerklaerung\\\/#breadcrumb\",\"itemListElement\":[{\"@type\":\"ListItem\",\"position\":1,\"name\":\"Home\",\"item\":\"https:\\\/\\\/alliedmet.com\\\/de\\\/\"},{\"@type\":\"ListItem\",\"position\":2,\"name\":\"DATENSCHUTZERKL\u00c4RUNG\"}]},{\"@type\":\"WebSite\",\"@id\":\"https:\\\/\\\/alliedmet.com\\\/de\\\/#website\",\"url\":\"https:\\\/\\\/alliedmet.com\\\/de\\\/\",\"name\":\"Allied Metals Corporation\",\"description\":\"High Purity Iron and Low Carbon Iron\",\"publisher\":{\"@id\":\"https:\\\/\\\/alliedmet.com\\\/de\\\/#organization\"},\"potentialAction\":[{\"@type\":\"SearchAction\",\"target\":{\"@type\":\"EntryPoint\",\"urlTemplate\":\"https:\\\/\\\/alliedmet.com\\\/de\\\/?s={search_term_string}\"},\"query-input\":{\"@type\":\"PropertyValueSpecification\",\"valueRequired\":true,\"valueName\":\"search_term_string\"}}],\"inLanguage\":\"de\"},{\"@type\":\"Organization\",\"@id\":\"https:\\\/\\\/alliedmet.com\\\/de\\\/#organization\",\"name\":\"Allied Metals Corporation\",\"url\":\"https:\\\/\\\/alliedmet.com\\\/de\\\/\",\"logo\":{\"@type\":\"ImageObject\",\"inLanguage\":\"de\",\"@id\":\"https:\\\/\\\/alliedmet.com\\\/de\\\/#\\\/schema\\\/logo\\\/image\\\/\",\"url\":\"https:\\\/\\\/alliedmet.com\\\/wp-content\\\/uploads\\\/2019\\\/07\\\/AMC-English-logo.png\",\"contentUrl\":\"https:\\\/\\\/alliedmet.com\\\/wp-content\\\/uploads\\\/2019\\\/07\\\/AMC-English-logo.png\",\"width\":1029,\"height\":317,\"caption\":\"Allied Metals Corporation\"},\"image\":{\"@id\":\"https:\\\/\\\/alliedmet.com\\\/de\\\/#\\\/schema\\\/logo\\\/image\\\/\"},\"sameAs\":[\"https:\\\/\\\/www.linkedin.com\\\/company\\\/allied-metals\"]}]}<\/script>\n<!-- \/ Yoast SEO Premium plugin. -->","yoast_head_json":{"title":"DATENSCHUTZERKL\u00c4RUNG - Allied Metals Corporation","robots":{"index":"index","follow":"follow","max-snippet":"max-snippet:-1","max-image-preview":"max-image-preview:large","max-video-preview":"max-video-preview:-1"},"canonical":"https:\/\/alliedmet.com\/de\/datenschutzerklaerung\/","og_locale":"de_DE","og_type":"article","og_title":"DATENSCHUTZERKL\u00c4RUNG","og_url":"https:\/\/alliedmet.com\/de\/datenschutzerklaerung\/","og_site_name":"Allied Metals Corporation","article_modified_time":"2022-10-21T06:58:19+00:00","og_image":[{"url":"https:\/\/alliedmet.com\/wp-content\/uploads\/2020\/03\/signature_gary.jpg","type":"","width":"","height":""}],"twitter_card":"summary_large_image","twitter_misc":{"Gesch\u00e4tzte Lesezeit":"5\u00a0Minuten"},"schema":{"@context":"https:\/\/schema.org","@graph":[{"@type":"WebPage","@id":"https:\/\/alliedmet.com\/de\/datenschutzerklaerung\/","url":"https:\/\/alliedmet.com\/de\/datenschutzerklaerung\/","name":"DATENSCHUTZERKL\u00c4RUNG - Allied Metals Corporation","isPartOf":{"@id":"https:\/\/alliedmet.com\/de\/#website"},"primaryImageOfPage":{"@id":"https:\/\/alliedmet.com\/de\/datenschutzerklaerung\/#primaryimage"},"image":{"@id":"https:\/\/alliedmet.com\/de\/datenschutzerklaerung\/#primaryimage"},"thumbnailUrl":"https:\/\/alliedmet.com\/wp-content\/uploads\/2020\/03\/signature_gary.jpg","datePublished":"2020-04-06T19:55:44+00:00","dateModified":"2022-10-21T06:58:19+00:00","breadcrumb":{"@id":"https:\/\/alliedmet.com\/de\/datenschutzerklaerung\/#breadcrumb"},"inLanguage":"de","potentialAction":[{"@type":"ReadAction","target":["https:\/\/alliedmet.com\/de\/datenschutzerklaerung\/"]}]},{"@type":"ImageObject","inLanguage":"de","@id":"https:\/\/alliedmet.com\/de\/datenschutzerklaerung\/#primaryimage","url":"https:\/\/alliedmet.com\/wp-content\/uploads\/2020\/03\/signature_gary.jpg","contentUrl":"https:\/\/alliedmet.com\/wp-content\/uploads\/2020\/03\/signature_gary.jpg"},{"@type":"BreadcrumbList","@id":"https:\/\/alliedmet.com\/de\/datenschutzerklaerung\/#breadcrumb","itemListElement":[{"@type":"ListItem","position":1,"name":"Home","item":"https:\/\/alliedmet.com\/de\/"},{"@type":"ListItem","position":2,"name":"DATENSCHUTZERKL\u00c4RUNG"}]},{"@type":"WebSite","@id":"https:\/\/alliedmet.com\/de\/#website","url":"https:\/\/alliedmet.com\/de\/","name":"Allied Metals Corporation","description":"High Purity Iron and Low Carbon Iron","publisher":{"@id":"https:\/\/alliedmet.com\/de\/#organization"},"potentialAction":[{"@type":"SearchAction","target":{"@type":"EntryPoint","urlTemplate":"https:\/\/alliedmet.com\/de\/?s={search_term_string}"},"query-input":{"@type":"PropertyValueSpecification","valueRequired":true,"valueName":"search_term_string"}}],"inLanguage":"de"},{"@type":"Organization","@id":"https:\/\/alliedmet.com\/de\/#organization","name":"Allied Metals Corporation","url":"https:\/\/alliedmet.com\/de\/","logo":{"@type":"ImageObject","inLanguage":"de","@id":"https:\/\/alliedmet.com\/de\/#\/schema\/logo\/image\/","url":"https:\/\/alliedmet.com\/wp-content\/uploads\/2019\/07\/AMC-English-logo.png","contentUrl":"https:\/\/alliedmet.com\/wp-content\/uploads\/2019\/07\/AMC-English-logo.png","width":1029,"height":317,"caption":"Allied Metals Corporation"},"image":{"@id":"https:\/\/alliedmet.com\/de\/#\/schema\/logo\/image\/"},"sameAs":["https:\/\/www.linkedin.com\/company\/allied-metals"]}]}},"_links":{"self":[{"href":"https:\/\/alliedmet.com\/de\/wp-json\/wp\/v2\/pages\/3676","targetHints":{"allow":["GET"]}}],"collection":[{"href":"https:\/\/alliedmet.com\/de\/wp-json\/wp\/v2\/pages"}],"about":[{"href":"https:\/\/alliedmet.com\/de\/wp-json\/wp\/v2\/types\/page"}],"author":[{"embeddable":true,"href":"https:\/\/alliedmet.com\/de\/wp-json\/wp\/v2\/users\/1"}],"replies":[{"embeddable":true,"href":"https:\/\/alliedmet.com\/de\/wp-json\/wp\/v2\/comments?post=3676"}],"version-history":[{"count":0,"href":"https:\/\/alliedmet.com\/de\/wp-json\/wp\/v2\/pages\/3676\/revisions"}],"wp:attachment":[{"href":"https:\/\/alliedmet.com\/de\/wp-json\/wp\/v2\/media?parent=3676"}],"curies":[{"name":"wp","href":"https:\/\/api.w.org\/{rel}","templated":true}]}}