{"id":5100,"date":"2021-04-16T21:11:11","date_gmt":"2021-04-16T21:11:11","guid":{"rendered":"https:\/\/alliedmet.com\/desechos-de-perforacion-lavados-grado-1010\/"},"modified":"2022-10-17T17:31:10","modified_gmt":"2022-10-17T17:31:10","slug":"desechos-de-perforacion-lavados-grado-1010","status":"publish","type":"page","link":"https:\/\/alliedmet.com\/es\/desechos-de-perforacion-lavados-grado-1010\/","title":{"rendered":"DESECHOS DE PERFORACI\u00d3N LAVADOS GRADO 1010"},"content":{"rendered":"\n<div id=\"wp-block-themeisle-blocks-advanced-columns-1f643cca\" class=\"wp-block-themeisle-blocks-advanced-columns alignfull has-1-columns has-desktop-equal-layout has-tablet-equal-layout has-mobile-equal-layout has-vertical-unset\"><div class=\"wp-block-themeisle-blocks-advanced-columns-overlay\"><\/div><div class=\"innerblocks-wrap\">\n<div id=\"wp-block-themeisle-blocks-advanced-column-3899ce21\" class=\"wp-block-themeisle-blocks-advanced-column\">\n<div style=\"height:20px\" aria-hidden=\"true\" class=\"wp-block-spacer ticss-d5c866b1\"><\/div>\n<\/div>\n<\/div><\/div>\n\n\n\n<div id=\"wp-block-themeisle-blocks-advanced-columns-93ed87e7\" class=\"wp-block-themeisle-blocks-advanced-columns has-2-columns has-desktop-equal-layout has-tablet-collapsedRows-layout has-mobile-collapsedRows-layout has-vertical-unset\"><div class=\"wp-block-themeisle-blocks-advanced-columns-overlay\"><\/div><div class=\"innerblocks-wrap\">\n<div id=\"wp-block-themeisle-blocks-advanced-column-4fbcd349\" class=\"wp-block-themeisle-blocks-advanced-column\">\n<h1 class=\"wp-block-heading\" id=\"h-desechos-de-perforacion-lavados-grado-1010\">DESECHOS DE PERFORACI\u00d3N LAVADOS GRADO 1010<\/h1>\n\n\n\n<figure class=\"wp-block-image ticss-9475543b\"><img decoding=\"async\" width=\"667\" height=\"274\" data-src=\"https:\/\/alliedmet.com\/wp-content\/uploads\/2019\/09\/allied-metal-products-image-washed-puching.png\" alt=\"Los DESECHOS DE PERFORACI\u00d3N LAVADOS GRADO 1010 se pueden utilizar como base de fusi\u00f3n para hierro, aceros de baja aleaci\u00f3n y aceros inoxidables, como refrigerante de flujo libre y como cubierta. Este material se segrega seg\u00fan el grado, el tama\u00f1o y la densidad. La alta densidad y limpieza de nuestro material reduce el humo y permite menos inclusiones y menos porosidad, y nuestro proceso de limpieza y secado garantiza que el material est\u00e9 libre de toda contaminaci\u00f3n. \" class=\"wp-image-5102 lazyload\" data-srcset=\"https:\/\/alliedmet.com\/wp-content\/uploads\/2019\/09\/allied-metal-products-image-washed-puching.png 667w, https:\/\/alliedmet.com\/wp-content\/uploads\/2019\/09\/allied-metal-products-image-washed-puching-300x123.png 300w\" data-sizes=\"(max-width: 667px) 100vw, 667px\" src=\"data:image\/svg+xml;base64,PHN2ZyB3aWR0aD0iMSIgaGVpZ2h0PSIxIiB4bWxucz0iaHR0cDovL3d3dy53My5vcmcvMjAwMC9zdmciPjwvc3ZnPg==\" style=\"--smush-placeholder-width: 667px; --smush-placeholder-aspect-ratio: 667\/274;\" \/><\/figure>\n\n\n\n<h3 class=\"has-text-align-center ticss-372cafef wp-block-heading\" id=\"h-desechos-de-perforacion-lavados-grado-1010-1\">DESECHOS DE PERFORACI\u00d3N LAVADOS GRADO 1010<\/h3>\n\n\n\n<figure class=\"wp-block-table ticss-96bfa389\"><table class=\"has-fixed-layout\"><tbody><tr><td><strong>Analysis (%)<\/strong><\/td><td>Typical<\/td><\/tr><tr><td><strong>C<\/strong><\/td><td>0.07<\/td><\/tr><tr><td><strong>S<\/strong><\/td><td>0.015<\/td><\/tr><tr><td><strong>P<\/strong><\/td><td>0.015<\/td><\/tr><tr><td><strong>Mn<\/strong><\/td><td>0.42<\/td><\/tr><tr><td><strong>Si<\/strong><\/td><td>0.010<\/td><\/tr><\/tbody><\/table><\/figure>\n<\/div>\n\n\n\n<div id=\"wp-block-themeisle-blocks-advanced-column-b1f36755\" class=\"wp-block-themeisle-blocks-advanced-column\">\n<p class=\"has-normal-font-size\">Nuestros desechos de perforaci\u00f3n grado 1010 son segregados y analizados para asegurar el cumplimiento en cuanto a grado, tama\u00f1o y densidad.   El material se lava, se seca y se embala para proteger la integridad del producto. Es apto para producir una amplia gama de aleaciones bajas y acero inoxidable que se producen en hornos de inducci\u00f3n y hornos de inducci\u00f3n al vac\u00edo.     Tambi\u00e9n constituyen un refrigerante de flujo libre altamente eficiente o se pueden utilizar como desechos de perforaci\u00f3n para recubrimiento en la producci\u00f3n de hierro d\u00factil.<\/p>\n\n\n\n<p class=\"has-normal-font-size\">Nuestro extenso inventario nos permite ofrecer opciones de forma, tama\u00f1o y composici\u00f3n qu\u00edmica para satisfacer sus requisitos de fundici\u00f3n. La alta densidad y la limpieza de nuestro material reduce el humo, lo que permite menos inclusiones y menos porosidad. Adem\u00e1s, nuestros procesos de lavado y secado aseguran que el material no presenta ning\u00fan tipo de contaminaci\u00f3n. Allied Metals garantiza la composici\u00f3n qu\u00edmica de los productos de acuerdo con las especificaciones de nuestros clientes. AISI 1006\/1010 (EN DIN C6\/C10) y 1018\/1020 (EN DIN C15\/C20) tambi\u00e9n disponibles a pedido. <\/p>\n\n\n\n<p class=\"has-normal-font-size\"><b>Forma y tama\u00f1o:<\/b> Tama\u00f1o seg\u00fan especificaci\u00f3n del cliente 150&nbsp;mm (6\u201d) por menos o 50&nbsp;mm (2\u201d) por menos, 3 mm (1\/8\u201d) de espesor m\u00ednimo <br><b>Embalaje:<\/b> Se embala de acuerdo con los requisitos individuales <b>Disponibilidad:<\/b> Continente americano, Europa<\/p>\n\n\n\n<div class=\"wp-block-buttons is-layout-flex wp-block-buttons-is-layout-flex\">\n<div class=\"wp-block-button is-style-outline is-style-outline--1\"><a class=\"wp-block-button__link has-neve-link-color-color has-text-color\" href=\"https:\/\/alliedmet.com\/es\/productos\/\">L\u00cdNEA COMPLETA DE PRODUCTOS <\/a><\/div>\n\n\n\n<div class=\"wp-block-button\"><a class=\"wp-block-button__link\" href=\"https:\/\/alliedmet.com\/es\/solicitud-de-cotizacion-de-productos\/\">CONSIGUE UNA COTIZACI\u00d3N<\/a><\/div>\n<\/div>\n<\/div>\n<\/div><\/div>\n\n\n\n<p><\/p>\n","protected":false},"excerpt":{"rendered":"","protected":false},"author":1,"featured_media":0,"parent":0,"menu_order":0,"comment_status":"closed","ping_status":"closed","template":"","meta":{"neve_meta_sidebar":"","neve_meta_container":"","neve_meta_enable_content_width":"off","neve_meta_content_width":70,"neve_meta_title_alignment":"","neve_meta_author_avatar":"","neve_post_elements_order":"","neve_meta_disable_header":"","neve_meta_disable_footer":"","neve_meta_disable_title":"on","_themeisle_gutenberg_block_has_review":false,"footnotes":""},"class_list":["post-5100","page","type-page","status-publish","hentry"],"yoast_head":"<!-- This site is optimized with the Yoast SEO Premium plugin v27.3 (Yoast SEO v27.3) - https:\/\/yoast.com\/product\/yoast-seo-premium-wordpress\/ -->\n<title>DESECHOS DE PERFORACI\u00d3N LAVADOS GRADO 1010 - Allied Metals Corporation<\/title>\n<meta name=\"description\" content=\"Nuestras DESECHOS DE PERFORACI\u00d3N LAVADOS GRADO 1010 se segregan y prueban para asegurar la adherencia de acuerdo con el grado, tama\u00f1o y densidad. Luego, el material se lava, seca y empaqueta para proteger la integridad del producto. Es adecuado para la producci\u00f3n de una amplia gama de bajas aleaciones y acero inoxidable producidos en hornos de inducci\u00f3n y hornos de inducci\u00f3n al vac\u00edo. Tambi\u00e9n es un refrigerante de flujo libre altamente eficiente, o como punzonado de cubiertas en la producci\u00f3n de hierro d\u00factil. Nuestro gran inventario nos permite ofrecer opciones de forma, tama\u00f1o y qu\u00edmica para satisfacer sus requisitos de fusi\u00f3n. La alta densidad y limpieza de nuestro material reduce el humo, lo que permite menos inclusiones y menos porosidad. Adem\u00e1s, nuestros procesos de lavado y secado garantizan que el material est\u00e9 libre de contaminaci\u00f3n. Allied Metals garantiza la qu\u00edmica del producto seg\u00fan las especificaciones de nuestros clientes. AISI 1006\/1010 (EN DIN C6 \/ C10) y 1018\/1020 (EN DIN C15 \/ C20) tambi\u00e9n est\u00e1n disponibles bajo pedido.\" \/>\n<meta name=\"robots\" content=\"index, follow, max-snippet:-1, max-image-preview:large, max-video-preview:-1\" \/>\n<link rel=\"canonical\" href=\"https:\/\/alliedmet.com\/es\/desechos-de-perforacion-lavados-grado-1010\/\" \/>\n<meta property=\"og:locale\" content=\"es_ES\" \/>\n<meta property=\"og:type\" content=\"article\" \/>\n<meta property=\"og:title\" content=\"DESECHOS DE PERFORACI\u00d3N LAVADOS GRADO 1010\" \/>\n<meta property=\"og:description\" content=\"Nuestras DESECHOS DE PERFORACI\u00d3N LAVADOS GRADO 1010 se segregan y prueban para asegurar la adherencia de acuerdo con el grado, tama\u00f1o y densidad. Luego, el material se lava, seca y empaqueta para proteger la integridad del producto. Es adecuado para la producci\u00f3n de una amplia gama de bajas aleaciones y acero inoxidable producidos en hornos de inducci\u00f3n y hornos de inducci\u00f3n al vac\u00edo. Tambi\u00e9n es un refrigerante de flujo libre altamente eficiente, o como punzonado de cubiertas en la producci\u00f3n de hierro d\u00factil. Nuestro gran inventario nos permite ofrecer opciones de forma, tama\u00f1o y qu\u00edmica para satisfacer sus requisitos de fusi\u00f3n. La alta densidad y limpieza de nuestro material reduce el humo, lo que permite menos inclusiones y menos porosidad. Adem\u00e1s, nuestros procesos de lavado y secado garantizan que el material est\u00e9 libre de contaminaci\u00f3n. Allied Metals garantiza la qu\u00edmica del producto seg\u00fan las especificaciones de nuestros clientes. AISI 1006\/1010 (EN DIN C6 \/ C10) y 1018\/1020 (EN DIN C15 \/ C20) tambi\u00e9n est\u00e1n disponibles bajo pedido.\" \/>\n<meta property=\"og:url\" content=\"https:\/\/alliedmet.com\/es\/desechos-de-perforacion-lavados-grado-1010\/\" \/>\n<meta property=\"og:site_name\" content=\"Allied Metals Corporation\" \/>\n<meta property=\"article:modified_time\" content=\"2022-10-17T17:31:10+00:00\" \/>\n<meta property=\"og:image\" content=\"https:\/\/alliedmet.com\/wp-content\/uploads\/2019\/09\/allied-metal-products-image-washed-puching.png\" \/>\n<meta name=\"twitter:card\" content=\"summary_large_image\" \/>\n<meta name=\"twitter:label1\" content=\"Tiempo de lectura\" \/>\n\t<meta name=\"twitter:data1\" content=\"2 minutos\" \/>\n<script type=\"application\/ld+json\" class=\"yoast-schema-graph\">{\"@context\":\"https:\\\/\\\/schema.org\",\"@graph\":[{\"@type\":\"WebPage\",\"@id\":\"https:\\\/\\\/alliedmet.com\\\/es\\\/desechos-de-perforacion-lavados-grado-1010\\\/\",\"url\":\"https:\\\/\\\/alliedmet.com\\\/es\\\/desechos-de-perforacion-lavados-grado-1010\\\/\",\"name\":\"DESECHOS DE PERFORACI\u00d3N LAVADOS GRADO 1010 - Allied Metals Corporation\",\"isPartOf\":{\"@id\":\"https:\\\/\\\/alliedmet.com\\\/es\\\/#website\"},\"primaryImageOfPage\":{\"@id\":\"https:\\\/\\\/alliedmet.com\\\/es\\\/desechos-de-perforacion-lavados-grado-1010\\\/#primaryimage\"},\"image\":{\"@id\":\"https:\\\/\\\/alliedmet.com\\\/es\\\/desechos-de-perforacion-lavados-grado-1010\\\/#primaryimage\"},\"thumbnailUrl\":\"https:\\\/\\\/alliedmet.com\\\/wp-content\\\/uploads\\\/2019\\\/09\\\/allied-metal-products-image-washed-puching.png\",\"datePublished\":\"2021-04-16T21:11:11+00:00\",\"dateModified\":\"2022-10-17T17:31:10+00:00\",\"description\":\"Nuestras DESECHOS DE PERFORACI\u00d3N LAVADOS GRADO 1010 se segregan y prueban para asegurar la adherencia de acuerdo con el grado, tama\u00f1o y densidad. Luego, el material se lava, seca y empaqueta para proteger la integridad del producto. Es adecuado para la producci\u00f3n de una amplia gama de bajas aleaciones y acero inoxidable producidos en hornos de inducci\u00f3n y hornos de inducci\u00f3n al vac\u00edo. Tambi\u00e9n es un refrigerante de flujo libre altamente eficiente, o como punzonado de cubiertas en la producci\u00f3n de hierro d\u00factil. Nuestro gran inventario nos permite ofrecer opciones de forma, tama\u00f1o y qu\u00edmica para satisfacer sus requisitos de fusi\u00f3n. La alta densidad y limpieza de nuestro material reduce el humo, lo que permite menos inclusiones y menos porosidad. Adem\u00e1s, nuestros procesos de lavado y secado garantizan que el material est\u00e9 libre de contaminaci\u00f3n. Allied Metals garantiza la qu\u00edmica del producto seg\u00fan las especificaciones de nuestros clientes. AISI 1006\\\/1010 (EN DIN C6 \\\/ C10) y 1018\\\/1020 (EN DIN C15 \\\/ C20) tambi\u00e9n est\u00e1n disponibles bajo pedido.\",\"breadcrumb\":{\"@id\":\"https:\\\/\\\/alliedmet.com\\\/es\\\/desechos-de-perforacion-lavados-grado-1010\\\/#breadcrumb\"},\"inLanguage\":\"es\",\"potentialAction\":[{\"@type\":\"ReadAction\",\"target\":[\"https:\\\/\\\/alliedmet.com\\\/es\\\/desechos-de-perforacion-lavados-grado-1010\\\/\"]}]},{\"@type\":\"ImageObject\",\"inLanguage\":\"es\",\"@id\":\"https:\\\/\\\/alliedmet.com\\\/es\\\/desechos-de-perforacion-lavados-grado-1010\\\/#primaryimage\",\"url\":\"https:\\\/\\\/alliedmet.com\\\/wp-content\\\/uploads\\\/2019\\\/09\\\/allied-metal-products-image-washed-puching.png\",\"contentUrl\":\"https:\\\/\\\/alliedmet.com\\\/wp-content\\\/uploads\\\/2019\\\/09\\\/allied-metal-products-image-washed-puching.png\"},{\"@type\":\"BreadcrumbList\",\"@id\":\"https:\\\/\\\/alliedmet.com\\\/es\\\/desechos-de-perforacion-lavados-grado-1010\\\/#breadcrumb\",\"itemListElement\":[{\"@type\":\"ListItem\",\"position\":1,\"name\":\"Home\",\"item\":\"https:\\\/\\\/alliedmet.com\\\/es\\\/\"},{\"@type\":\"ListItem\",\"position\":2,\"name\":\"DESECHOS DE PERFORACI\u00d3N LAVADOS GRADO 1010\"}]},{\"@type\":\"WebSite\",\"@id\":\"https:\\\/\\\/alliedmet.com\\\/es\\\/#website\",\"url\":\"https:\\\/\\\/alliedmet.com\\\/es\\\/\",\"name\":\"Allied Metals Corporation\",\"description\":\"High Purity Iron and Low Carbon Iron\",\"publisher\":{\"@id\":\"https:\\\/\\\/alliedmet.com\\\/es\\\/#organization\"},\"potentialAction\":[{\"@type\":\"SearchAction\",\"target\":{\"@type\":\"EntryPoint\",\"urlTemplate\":\"https:\\\/\\\/alliedmet.com\\\/es\\\/?s={search_term_string}\"},\"query-input\":{\"@type\":\"PropertyValueSpecification\",\"valueRequired\":true,\"valueName\":\"search_term_string\"}}],\"inLanguage\":\"es\"},{\"@type\":\"Organization\",\"@id\":\"https:\\\/\\\/alliedmet.com\\\/es\\\/#organization\",\"name\":\"Allied Metals Corporation\",\"url\":\"https:\\\/\\\/alliedmet.com\\\/es\\\/\",\"logo\":{\"@type\":\"ImageObject\",\"inLanguage\":\"es\",\"@id\":\"https:\\\/\\\/alliedmet.com\\\/es\\\/#\\\/schema\\\/logo\\\/image\\\/\",\"url\":\"https:\\\/\\\/alliedmet.com\\\/wp-content\\\/uploads\\\/2019\\\/07\\\/AMC-English-logo.png\",\"contentUrl\":\"https:\\\/\\\/alliedmet.com\\\/wp-content\\\/uploads\\\/2019\\\/07\\\/AMC-English-logo.png\",\"width\":1029,\"height\":317,\"caption\":\"Allied Metals Corporation\"},\"image\":{\"@id\":\"https:\\\/\\\/alliedmet.com\\\/es\\\/#\\\/schema\\\/logo\\\/image\\\/\"},\"sameAs\":[\"https:\\\/\\\/www.linkedin.com\\\/company\\\/allied-metals\"]}]}<\/script>\n<!-- \/ Yoast SEO Premium plugin. -->","yoast_head_json":{"title":"DESECHOS DE PERFORACI\u00d3N LAVADOS GRADO 1010 - Allied Metals Corporation","description":"Nuestras DESECHOS DE PERFORACI\u00d3N LAVADOS GRADO 1010 se segregan y prueban para asegurar la adherencia de acuerdo con el grado, tama\u00f1o y densidad. Luego, el material se lava, seca y empaqueta para proteger la integridad del producto. Es adecuado para la producci\u00f3n de una amplia gama de bajas aleaciones y acero inoxidable producidos en hornos de inducci\u00f3n y hornos de inducci\u00f3n al vac\u00edo. Tambi\u00e9n es un refrigerante de flujo libre altamente eficiente, o como punzonado de cubiertas en la producci\u00f3n de hierro d\u00factil. Nuestro gran inventario nos permite ofrecer opciones de forma, tama\u00f1o y qu\u00edmica para satisfacer sus requisitos de fusi\u00f3n. La alta densidad y limpieza de nuestro material reduce el humo, lo que permite menos inclusiones y menos porosidad. Adem\u00e1s, nuestros procesos de lavado y secado garantizan que el material est\u00e9 libre de contaminaci\u00f3n. Allied Metals garantiza la qu\u00edmica del producto seg\u00fan las especificaciones de nuestros clientes. AISI 1006\/1010 (EN DIN C6 \/ C10) y 1018\/1020 (EN DIN C15 \/ C20) tambi\u00e9n est\u00e1n disponibles bajo pedido.","robots":{"index":"index","follow":"follow","max-snippet":"max-snippet:-1","max-image-preview":"max-image-preview:large","max-video-preview":"max-video-preview:-1"},"canonical":"https:\/\/alliedmet.com\/es\/desechos-de-perforacion-lavados-grado-1010\/","og_locale":"es_ES","og_type":"article","og_title":"DESECHOS DE PERFORACI\u00d3N LAVADOS GRADO 1010","og_description":"Nuestras DESECHOS DE PERFORACI\u00d3N LAVADOS GRADO 1010 se segregan y prueban para asegurar la adherencia de acuerdo con el grado, tama\u00f1o y densidad. Luego, el material se lava, seca y empaqueta para proteger la integridad del producto. Es adecuado para la producci\u00f3n de una amplia gama de bajas aleaciones y acero inoxidable producidos en hornos de inducci\u00f3n y hornos de inducci\u00f3n al vac\u00edo. Tambi\u00e9n es un refrigerante de flujo libre altamente eficiente, o como punzonado de cubiertas en la producci\u00f3n de hierro d\u00factil. Nuestro gran inventario nos permite ofrecer opciones de forma, tama\u00f1o y qu\u00edmica para satisfacer sus requisitos de fusi\u00f3n. La alta densidad y limpieza de nuestro material reduce el humo, lo que permite menos inclusiones y menos porosidad. Adem\u00e1s, nuestros procesos de lavado y secado garantizan que el material est\u00e9 libre de contaminaci\u00f3n. Allied Metals garantiza la qu\u00edmica del producto seg\u00fan las especificaciones de nuestros clientes. AISI 1006\/1010 (EN DIN C6 \/ C10) y 1018\/1020 (EN DIN C15 \/ C20) tambi\u00e9n est\u00e1n disponibles bajo pedido.","og_url":"https:\/\/alliedmet.com\/es\/desechos-de-perforacion-lavados-grado-1010\/","og_site_name":"Allied Metals Corporation","article_modified_time":"2022-10-17T17:31:10+00:00","og_image":[{"url":"https:\/\/alliedmet.com\/wp-content\/uploads\/2019\/09\/allied-metal-products-image-washed-puching.png","type":"","width":"","height":""}],"twitter_card":"summary_large_image","twitter_misc":{"Tiempo de lectura":"2 minutos"},"schema":{"@context":"https:\/\/schema.org","@graph":[{"@type":"WebPage","@id":"https:\/\/alliedmet.com\/es\/desechos-de-perforacion-lavados-grado-1010\/","url":"https:\/\/alliedmet.com\/es\/desechos-de-perforacion-lavados-grado-1010\/","name":"DESECHOS DE PERFORACI\u00d3N LAVADOS GRADO 1010 - Allied Metals Corporation","isPartOf":{"@id":"https:\/\/alliedmet.com\/es\/#website"},"primaryImageOfPage":{"@id":"https:\/\/alliedmet.com\/es\/desechos-de-perforacion-lavados-grado-1010\/#primaryimage"},"image":{"@id":"https:\/\/alliedmet.com\/es\/desechos-de-perforacion-lavados-grado-1010\/#primaryimage"},"thumbnailUrl":"https:\/\/alliedmet.com\/wp-content\/uploads\/2019\/09\/allied-metal-products-image-washed-puching.png","datePublished":"2021-04-16T21:11:11+00:00","dateModified":"2022-10-17T17:31:10+00:00","description":"Nuestras DESECHOS DE PERFORACI\u00d3N LAVADOS GRADO 1010 se segregan y prueban para asegurar la adherencia de acuerdo con el grado, tama\u00f1o y densidad. Luego, el material se lava, seca y empaqueta para proteger la integridad del producto. Es adecuado para la producci\u00f3n de una amplia gama de bajas aleaciones y acero inoxidable producidos en hornos de inducci\u00f3n y hornos de inducci\u00f3n al vac\u00edo. Tambi\u00e9n es un refrigerante de flujo libre altamente eficiente, o como punzonado de cubiertas en la producci\u00f3n de hierro d\u00factil. Nuestro gran inventario nos permite ofrecer opciones de forma, tama\u00f1o y qu\u00edmica para satisfacer sus requisitos de fusi\u00f3n. La alta densidad y limpieza de nuestro material reduce el humo, lo que permite menos inclusiones y menos porosidad. Adem\u00e1s, nuestros procesos de lavado y secado garantizan que el material est\u00e9 libre de contaminaci\u00f3n. Allied Metals garantiza la qu\u00edmica del producto seg\u00fan las especificaciones de nuestros clientes. AISI 1006\/1010 (EN DIN C6 \/ C10) y 1018\/1020 (EN DIN C15 \/ C20) tambi\u00e9n est\u00e1n disponibles bajo pedido.","breadcrumb":{"@id":"https:\/\/alliedmet.com\/es\/desechos-de-perforacion-lavados-grado-1010\/#breadcrumb"},"inLanguage":"es","potentialAction":[{"@type":"ReadAction","target":["https:\/\/alliedmet.com\/es\/desechos-de-perforacion-lavados-grado-1010\/"]}]},{"@type":"ImageObject","inLanguage":"es","@id":"https:\/\/alliedmet.com\/es\/desechos-de-perforacion-lavados-grado-1010\/#primaryimage","url":"https:\/\/alliedmet.com\/wp-content\/uploads\/2019\/09\/allied-metal-products-image-washed-puching.png","contentUrl":"https:\/\/alliedmet.com\/wp-content\/uploads\/2019\/09\/allied-metal-products-image-washed-puching.png"},{"@type":"BreadcrumbList","@id":"https:\/\/alliedmet.com\/es\/desechos-de-perforacion-lavados-grado-1010\/#breadcrumb","itemListElement":[{"@type":"ListItem","position":1,"name":"Home","item":"https:\/\/alliedmet.com\/es\/"},{"@type":"ListItem","position":2,"name":"DESECHOS DE PERFORACI\u00d3N LAVADOS GRADO 1010"}]},{"@type":"WebSite","@id":"https:\/\/alliedmet.com\/es\/#website","url":"https:\/\/alliedmet.com\/es\/","name":"Allied Metals Corporation","description":"High Purity Iron and Low Carbon Iron","publisher":{"@id":"https:\/\/alliedmet.com\/es\/#organization"},"potentialAction":[{"@type":"SearchAction","target":{"@type":"EntryPoint","urlTemplate":"https:\/\/alliedmet.com\/es\/?s={search_term_string}"},"query-input":{"@type":"PropertyValueSpecification","valueRequired":true,"valueName":"search_term_string"}}],"inLanguage":"es"},{"@type":"Organization","@id":"https:\/\/alliedmet.com\/es\/#organization","name":"Allied Metals Corporation","url":"https:\/\/alliedmet.com\/es\/","logo":{"@type":"ImageObject","inLanguage":"es","@id":"https:\/\/alliedmet.com\/es\/#\/schema\/logo\/image\/","url":"https:\/\/alliedmet.com\/wp-content\/uploads\/2019\/07\/AMC-English-logo.png","contentUrl":"https:\/\/alliedmet.com\/wp-content\/uploads\/2019\/07\/AMC-English-logo.png","width":1029,"height":317,"caption":"Allied Metals Corporation"},"image":{"@id":"https:\/\/alliedmet.com\/es\/#\/schema\/logo\/image\/"},"sameAs":["https:\/\/www.linkedin.com\/company\/allied-metals"]}]}},"_links":{"self":[{"href":"https:\/\/alliedmet.com\/es\/wp-json\/wp\/v2\/pages\/5100","targetHints":{"allow":["GET"]}}],"collection":[{"href":"https:\/\/alliedmet.com\/es\/wp-json\/wp\/v2\/pages"}],"about":[{"href":"https:\/\/alliedmet.com\/es\/wp-json\/wp\/v2\/types\/page"}],"author":[{"embeddable":true,"href":"https:\/\/alliedmet.com\/es\/wp-json\/wp\/v2\/users\/1"}],"replies":[{"embeddable":true,"href":"https:\/\/alliedmet.com\/es\/wp-json\/wp\/v2\/comments?post=5100"}],"version-history":[{"count":0,"href":"https:\/\/alliedmet.com\/es\/wp-json\/wp\/v2\/pages\/5100\/revisions"}],"wp:attachment":[{"href":"https:\/\/alliedmet.com\/es\/wp-json\/wp\/v2\/media?parent=5100"}],"curies":[{"name":"wp","href":"https:\/\/api.w.org\/{rel}","templated":true}]}}