{"id":5108,"date":"2021-04-16T21:24:33","date_gmt":"2021-04-16T21:24:33","guid":{"rendered":"https:\/\/alliedmet.com\/aeroespacial\/"},"modified":"2021-04-21T22:25:29","modified_gmt":"2021-04-21T22:25:29","slug":"aeroespacial","status":"publish","type":"page","link":"https:\/\/alliedmet.com\/es\/aeroespacial\/","title":{"rendered":"AEROESPACIAL"},"content":{"rendered":"\n<div class=\"wp-block-themeisle-blocks-advanced-columns has-1-columns has-desktop-equal-layout has-tablet-equal-layout has-mobile-equal-layout has-nogap-gap has-vertical-unset\" id=\"wp-block-themeisle-blocks-advanced-columns-438d8b97\"><div class=\"wp-block-themeisle-blocks-advanced-columns-overlay\"><\/div><div class=\"innerblocks-wrap\">\n<div class=\"wp-block-themeisle-blocks-advanced-column\" id=\"wp-block-themeisle-blocks-advanced-column-05791904\">\n<div style=\"height:20px\" aria-hidden=\"true\" class=\"wp-block-spacer ticss-a631a353\"><\/div>\n<\/div>\n<\/div><\/div>\n\n\n\n<div class=\"wp-block-themeisle-blocks-advanced-columns has-2-columns has-desktop-equal-layout has-tablet-collapsedRows-layout has-mobile-collapsedRows-layout has-default-gap has-vertical-unset ticss-e5cee56a\" id=\"wp-block-themeisle-blocks-advanced-columns-637363f1\"><div class=\"wp-block-themeisle-blocks-advanced-columns-overlay\"><\/div><div class=\"innerblocks-wrap\">\n<div class=\"wp-block-themeisle-blocks-advanced-column\" id=\"wp-block-themeisle-blocks-advanced-column-a18880f7\">\n<h1 id=\"wp-block-themeisle-blocks-advanced-heading-6875ade6\" class=\"wp-block-themeisle-blocks-advanced-heading wp-block-themeisle-blocks-advanced-heading-6875ade6\">AEROESPACIAL<\/h1>\n\n\n\n<figure class=\"wp-block-image ticss-bdc48abf\"><img decoding=\"async\" width=\"1024\" height=\"623\" data-src=\"https:\/\/alliedmet.com\/wp-content\/uploads\/2019\/07\/allied-metal-header-aerospace-1024x623.jpg\" alt=\"Las superaleaciones son parte integral del desarrollo, dise\u00f1o y fabricaci\u00f3n de componentes y sistemas cada vez m\u00e1s sofisticados que se encuentran en el coraz\u00f3n de la industria aeroespacial. \" class=\"wp-image-47 lazyload\" data-srcset=\"https:\/\/alliedmet.com\/wp-content\/uploads\/2019\/07\/allied-metal-header-aerospace-1024x623.jpg 1024w, https:\/\/alliedmet.com\/wp-content\/uploads\/2019\/07\/allied-metal-header-aerospace-300x183.jpg 300w, https:\/\/alliedmet.com\/wp-content\/uploads\/2019\/07\/allied-metal-header-aerospace-768x467.jpg 768w, https:\/\/alliedmet.com\/wp-content\/uploads\/2019\/07\/allied-metal-header-aerospace.jpg 1200w\" data-sizes=\"(max-width: 1024px) 100vw, 1024px\" src=\"data:image\/svg+xml;base64,PHN2ZyB3aWR0aD0iMSIgaGVpZ2h0PSIxIiB4bWxucz0iaHR0cDovL3d3dy53My5vcmcvMjAwMC9zdmciPjwvc3ZnPg==\" style=\"--smush-placeholder-width: 1024px; --smush-placeholder-aspect-ratio: 1024\/623;\" \/><\/figure>\n\n\n\n<h4 id=\"wp-block-themeisle-blocks-advanced-heading-cc70c31a\" class=\"wp-block-themeisle-blocks-advanced-heading wp-block-themeisle-blocks-advanced-heading-cc70c31a\">La integridad de estos sistemas de ingenier\u00eda superior (su resistencia y eficacia) est\u00e1 directamente relacionada con la extremadamente alta pureza de los productos que vendemos.<\/h4>\n<\/div>\n\n\n\n<div class=\"wp-block-themeisle-blocks-advanced-column\" id=\"wp-block-themeisle-blocks-advanced-column-b52f7d79\">\n<p class=\"has-normal-font-size\">Las superaleaciones son aspectos integrales del desarrollo, del dise\u00f1o y de la fabricaci\u00f3n de sistemas y componentes cada vez m\u00e1s sofisticados que son fundamentales para la industria aeroespacial. La resistencia a la corrosi\u00f3n y las altas temperaturas, el rendimiento \u00f3ptimo y la eficacia operativa y en materia de costos se encuentran entre los factores definitorios que determinan un rendimiento \u00f3ptimo.   Nuestros productos cumplen una funci\u00f3n esencial en el desarrollo y la aplicaci\u00f3n de varias de estas aleaciones.<\/p>\n\n\n\n<p class=\"has-normal-font-size\">Nuestros productos son necesarios para lograr el rendimiento \u00f3ptimo que se requiere en las c\u00e1maras de combusti\u00f3n y compresi\u00f3n de los motores aeron\u00e1uticos, los sistemas de accionamiento mec\u00e1nico de las alas, as\u00ed como el tren de aterrizaje y los frenos. De hecho, pr\u00e1cticamente cada avi\u00f3n de propulsi\u00f3n a chorro que se fabrica en el mundo (privado, comercial y militar) incluye componentes fundamentales que se fabrican con nuestros productos.<\/p>\n\n\n\n<p class=\"has-normal-font-size\">A medida que el futuro de la aviaci\u00f3n evolucione, esperamos tener un rol cada vez m\u00e1s valioso en el desarrollo de componentes de aeronaves que respondan a los desaf\u00edos del ma\u00f1ana.<\/p>\n<\/div>\n<\/div><\/div>\n","protected":false},"excerpt":{"rendered":"","protected":false},"author":1,"featured_media":0,"parent":0,"menu_order":0,"comment_status":"closed","ping_status":"closed","template":"","meta":{"neve_meta_sidebar":"","neve_meta_container":"","neve_meta_enable_content_width":"off","neve_meta_content_width":0,"neve_meta_title_alignment":"","neve_meta_author_avatar":"","neve_post_elements_order":"","neve_meta_disable_header":"","neve_meta_disable_footer":"","neve_meta_disable_title":"on","_themeisle_gutenberg_block_has_review":false,"footnotes":""},"class_list":["post-5108","page","type-page","status-publish","hentry"],"yoast_head":"<!-- This site is optimized with the Yoast SEO Premium plugin v27.3 (Yoast SEO v27.3) - https:\/\/yoast.com\/product\/yoast-seo-premium-wordpress\/ -->\n<title>AEROESPACIAL - Allied Metals Corporation<\/title>\n<meta name=\"description\" content=\"Las superaleaciones son aspectos integrales del desarrollo, del dise\u00f1o y de la fabricaci\u00f3n de sistemas y componentes cada vez m\u00e1s sofisticados que son fundamentales para la industria aeroespacial. La resistencia a la corrosi\u00f3n y las altas temperaturas, el rendimiento \u00f3ptimo y la eficacia operativa y en materia de costos se encuentran entre los factores definitorios que determinan un rendimiento \u00f3ptimo. Nuestros productos cumplen una funci\u00f3n esencial en el desarrollo y la aplicaci\u00f3n de varias de estas aleaciones. Nuestros productos son necesarios para lograr el rendimiento \u00f3ptimo que se requiere en las c\u00e1maras de combusti\u00f3n y compresi\u00f3n de los motores aeron\u00e1uticos, los sistemas de accionamiento mec\u00e1nico de las alas, as\u00ed como el tren de aterrizaje y los frenos. De hecho, pr\u00e1cticamente cada avi\u00f3n de propulsi\u00f3n a chorro que se fabrica en el mundo (privado, comercial y militar) incluye componentes fundamentales que se fabrican con nuestros productos. A medida que el futuro de la aviaci\u00f3n evolucione, esperamos tener un rol cada vez m\u00e1s valioso en el desarrollo de componentes de aeronaves que respondan a los desaf\u00edos del ma\u00f1ana.\" \/>\n<meta name=\"robots\" content=\"index, follow, max-snippet:-1, max-image-preview:large, max-video-preview:-1\" \/>\n<link rel=\"canonical\" href=\"https:\/\/alliedmet.com\/es\/aeroespacial\/\" \/>\n<meta property=\"og:locale\" content=\"es_ES\" \/>\n<meta property=\"og:type\" content=\"article\" \/>\n<meta property=\"og:title\" content=\"AEROESPACIAL\" \/>\n<meta property=\"og:description\" content=\"Las superaleaciones son aspectos integrales del desarrollo, del dise\u00f1o y de la fabricaci\u00f3n de sistemas y componentes cada vez m\u00e1s sofisticados que son fundamentales para la industria aeroespacial. La resistencia a la corrosi\u00f3n y las altas temperaturas, el rendimiento \u00f3ptimo y la eficacia operativa y en materia de costos se encuentran entre los factores definitorios que determinan un rendimiento \u00f3ptimo. Nuestros productos cumplen una funci\u00f3n esencial en el desarrollo y la aplicaci\u00f3n de varias de estas aleaciones. Nuestros productos son necesarios para lograr el rendimiento \u00f3ptimo que se requiere en las c\u00e1maras de combusti\u00f3n y compresi\u00f3n de los motores aeron\u00e1uticos, los sistemas de accionamiento mec\u00e1nico de las alas, as\u00ed como el tren de aterrizaje y los frenos. De hecho, pr\u00e1cticamente cada avi\u00f3n de propulsi\u00f3n a chorro que se fabrica en el mundo (privado, comercial y militar) incluye componentes fundamentales que se fabrican con nuestros productos. A medida que el futuro de la aviaci\u00f3n evolucione, esperamos tener un rol cada vez m\u00e1s valioso en el desarrollo de componentes de aeronaves que respondan a los desaf\u00edos del ma\u00f1ana.\" \/>\n<meta property=\"og:url\" content=\"https:\/\/alliedmet.com\/es\/aeroespacial\/\" \/>\n<meta property=\"og:site_name\" content=\"Allied Metals Corporation\" \/>\n<meta property=\"article:modified_time\" content=\"2021-04-21T22:25:29+00:00\" \/>\n<meta property=\"og:image\" content=\"https:\/\/alliedmet.com\/wp-content\/uploads\/2019\/07\/allied-metal-header-aerospace-1024x623.jpg\" \/>\n<meta name=\"twitter:card\" content=\"summary_large_image\" \/>\n<meta name=\"twitter:label1\" content=\"Tiempo de lectura\" \/>\n\t<meta name=\"twitter:data1\" content=\"2 minutos\" \/>\n<script type=\"application\/ld+json\" class=\"yoast-schema-graph\">{\"@context\":\"https:\\\/\\\/schema.org\",\"@graph\":[{\"@type\":\"WebPage\",\"@id\":\"https:\\\/\\\/alliedmet.com\\\/es\\\/aeroespacial\\\/\",\"url\":\"https:\\\/\\\/alliedmet.com\\\/es\\\/aeroespacial\\\/\",\"name\":\"AEROESPACIAL - Allied Metals Corporation\",\"isPartOf\":{\"@id\":\"https:\\\/\\\/alliedmet.com\\\/es\\\/#website\"},\"primaryImageOfPage\":{\"@id\":\"https:\\\/\\\/alliedmet.com\\\/es\\\/aeroespacial\\\/#primaryimage\"},\"image\":{\"@id\":\"https:\\\/\\\/alliedmet.com\\\/es\\\/aeroespacial\\\/#primaryimage\"},\"thumbnailUrl\":\"https:\\\/\\\/alliedmet.com\\\/wp-content\\\/uploads\\\/2019\\\/07\\\/allied-metal-header-aerospace-1024x623.jpg\",\"datePublished\":\"2021-04-16T21:24:33+00:00\",\"dateModified\":\"2021-04-21T22:25:29+00:00\",\"description\":\"Las superaleaciones son aspectos integrales del desarrollo, del dise\u00f1o y de la fabricaci\u00f3n de sistemas y componentes cada vez m\u00e1s sofisticados que son fundamentales para la industria aeroespacial. La resistencia a la corrosi\u00f3n y las altas temperaturas, el rendimiento \u00f3ptimo y la eficacia operativa y en materia de costos se encuentran entre los factores definitorios que determinan un rendimiento \u00f3ptimo. Nuestros productos cumplen una funci\u00f3n esencial en el desarrollo y la aplicaci\u00f3n de varias de estas aleaciones. Nuestros productos son necesarios para lograr el rendimiento \u00f3ptimo que se requiere en las c\u00e1maras de combusti\u00f3n y compresi\u00f3n de los motores aeron\u00e1uticos, los sistemas de accionamiento mec\u00e1nico de las alas, as\u00ed como el tren de aterrizaje y los frenos. De hecho, pr\u00e1cticamente cada avi\u00f3n de propulsi\u00f3n a chorro que se fabrica en el mundo (privado, comercial y militar) incluye componentes fundamentales que se fabrican con nuestros productos. A medida que el futuro de la aviaci\u00f3n evolucione, esperamos tener un rol cada vez m\u00e1s valioso en el desarrollo de componentes de aeronaves que respondan a los desaf\u00edos del ma\u00f1ana.\",\"breadcrumb\":{\"@id\":\"https:\\\/\\\/alliedmet.com\\\/es\\\/aeroespacial\\\/#breadcrumb\"},\"inLanguage\":\"es\",\"potentialAction\":[{\"@type\":\"ReadAction\",\"target\":[\"https:\\\/\\\/alliedmet.com\\\/es\\\/aeroespacial\\\/\"]}]},{\"@type\":\"ImageObject\",\"inLanguage\":\"es\",\"@id\":\"https:\\\/\\\/alliedmet.com\\\/es\\\/aeroespacial\\\/#primaryimage\",\"url\":\"https:\\\/\\\/alliedmet.com\\\/wp-content\\\/uploads\\\/2019\\\/07\\\/allied-metal-header-aerospace-1024x623.jpg\",\"contentUrl\":\"https:\\\/\\\/alliedmet.com\\\/wp-content\\\/uploads\\\/2019\\\/07\\\/allied-metal-header-aerospace-1024x623.jpg\"},{\"@type\":\"BreadcrumbList\",\"@id\":\"https:\\\/\\\/alliedmet.com\\\/es\\\/aeroespacial\\\/#breadcrumb\",\"itemListElement\":[{\"@type\":\"ListItem\",\"position\":1,\"name\":\"Home\",\"item\":\"https:\\\/\\\/alliedmet.com\\\/es\\\/\"},{\"@type\":\"ListItem\",\"position\":2,\"name\":\"AEROESPACIAL\"}]},{\"@type\":\"WebSite\",\"@id\":\"https:\\\/\\\/alliedmet.com\\\/es\\\/#website\",\"url\":\"https:\\\/\\\/alliedmet.com\\\/es\\\/\",\"name\":\"Allied Metals Corporation\",\"description\":\"High Purity Iron and Low Carbon Iron\",\"publisher\":{\"@id\":\"https:\\\/\\\/alliedmet.com\\\/es\\\/#organization\"},\"potentialAction\":[{\"@type\":\"SearchAction\",\"target\":{\"@type\":\"EntryPoint\",\"urlTemplate\":\"https:\\\/\\\/alliedmet.com\\\/es\\\/?s={search_term_string}\"},\"query-input\":{\"@type\":\"PropertyValueSpecification\",\"valueRequired\":true,\"valueName\":\"search_term_string\"}}],\"inLanguage\":\"es\"},{\"@type\":\"Organization\",\"@id\":\"https:\\\/\\\/alliedmet.com\\\/es\\\/#organization\",\"name\":\"Allied Metals Corporation\",\"url\":\"https:\\\/\\\/alliedmet.com\\\/es\\\/\",\"logo\":{\"@type\":\"ImageObject\",\"inLanguage\":\"es\",\"@id\":\"https:\\\/\\\/alliedmet.com\\\/es\\\/#\\\/schema\\\/logo\\\/image\\\/\",\"url\":\"https:\\\/\\\/alliedmet.com\\\/wp-content\\\/uploads\\\/2019\\\/07\\\/AMC-English-logo.png\",\"contentUrl\":\"https:\\\/\\\/alliedmet.com\\\/wp-content\\\/uploads\\\/2019\\\/07\\\/AMC-English-logo.png\",\"width\":1029,\"height\":317,\"caption\":\"Allied Metals Corporation\"},\"image\":{\"@id\":\"https:\\\/\\\/alliedmet.com\\\/es\\\/#\\\/schema\\\/logo\\\/image\\\/\"},\"sameAs\":[\"https:\\\/\\\/www.linkedin.com\\\/company\\\/allied-metals\"]}]}<\/script>\n<!-- \/ Yoast SEO Premium plugin. -->","yoast_head_json":{"title":"AEROESPACIAL - Allied Metals Corporation","description":"Las superaleaciones son aspectos integrales del desarrollo, del dise\u00f1o y de la fabricaci\u00f3n de sistemas y componentes cada vez m\u00e1s sofisticados que son fundamentales para la industria aeroespacial. La resistencia a la corrosi\u00f3n y las altas temperaturas, el rendimiento \u00f3ptimo y la eficacia operativa y en materia de costos se encuentran entre los factores definitorios que determinan un rendimiento \u00f3ptimo. Nuestros productos cumplen una funci\u00f3n esencial en el desarrollo y la aplicaci\u00f3n de varias de estas aleaciones. Nuestros productos son necesarios para lograr el rendimiento \u00f3ptimo que se requiere en las c\u00e1maras de combusti\u00f3n y compresi\u00f3n de los motores aeron\u00e1uticos, los sistemas de accionamiento mec\u00e1nico de las alas, as\u00ed como el tren de aterrizaje y los frenos. De hecho, pr\u00e1cticamente cada avi\u00f3n de propulsi\u00f3n a chorro que se fabrica en el mundo (privado, comercial y militar) incluye componentes fundamentales que se fabrican con nuestros productos. A medida que el futuro de la aviaci\u00f3n evolucione, esperamos tener un rol cada vez m\u00e1s valioso en el desarrollo de componentes de aeronaves que respondan a los desaf\u00edos del ma\u00f1ana.","robots":{"index":"index","follow":"follow","max-snippet":"max-snippet:-1","max-image-preview":"max-image-preview:large","max-video-preview":"max-video-preview:-1"},"canonical":"https:\/\/alliedmet.com\/es\/aeroespacial\/","og_locale":"es_ES","og_type":"article","og_title":"AEROESPACIAL","og_description":"Las superaleaciones son aspectos integrales del desarrollo, del dise\u00f1o y de la fabricaci\u00f3n de sistemas y componentes cada vez m\u00e1s sofisticados que son fundamentales para la industria aeroespacial. La resistencia a la corrosi\u00f3n y las altas temperaturas, el rendimiento \u00f3ptimo y la eficacia operativa y en materia de costos se encuentran entre los factores definitorios que determinan un rendimiento \u00f3ptimo. Nuestros productos cumplen una funci\u00f3n esencial en el desarrollo y la aplicaci\u00f3n de varias de estas aleaciones. Nuestros productos son necesarios para lograr el rendimiento \u00f3ptimo que se requiere en las c\u00e1maras de combusti\u00f3n y compresi\u00f3n de los motores aeron\u00e1uticos, los sistemas de accionamiento mec\u00e1nico de las alas, as\u00ed como el tren de aterrizaje y los frenos. De hecho, pr\u00e1cticamente cada avi\u00f3n de propulsi\u00f3n a chorro que se fabrica en el mundo (privado, comercial y militar) incluye componentes fundamentales que se fabrican con nuestros productos. A medida que el futuro de la aviaci\u00f3n evolucione, esperamos tener un rol cada vez m\u00e1s valioso en el desarrollo de componentes de aeronaves que respondan a los desaf\u00edos del ma\u00f1ana.","og_url":"https:\/\/alliedmet.com\/es\/aeroespacial\/","og_site_name":"Allied Metals Corporation","article_modified_time":"2021-04-21T22:25:29+00:00","og_image":[{"url":"https:\/\/alliedmet.com\/wp-content\/uploads\/2019\/07\/allied-metal-header-aerospace-1024x623.jpg","type":"","width":"","height":""}],"twitter_card":"summary_large_image","twitter_misc":{"Tiempo de lectura":"2 minutos"},"schema":{"@context":"https:\/\/schema.org","@graph":[{"@type":"WebPage","@id":"https:\/\/alliedmet.com\/es\/aeroespacial\/","url":"https:\/\/alliedmet.com\/es\/aeroespacial\/","name":"AEROESPACIAL - Allied Metals Corporation","isPartOf":{"@id":"https:\/\/alliedmet.com\/es\/#website"},"primaryImageOfPage":{"@id":"https:\/\/alliedmet.com\/es\/aeroespacial\/#primaryimage"},"image":{"@id":"https:\/\/alliedmet.com\/es\/aeroespacial\/#primaryimage"},"thumbnailUrl":"https:\/\/alliedmet.com\/wp-content\/uploads\/2019\/07\/allied-metal-header-aerospace-1024x623.jpg","datePublished":"2021-04-16T21:24:33+00:00","dateModified":"2021-04-21T22:25:29+00:00","description":"Las superaleaciones son aspectos integrales del desarrollo, del dise\u00f1o y de la fabricaci\u00f3n de sistemas y componentes cada vez m\u00e1s sofisticados que son fundamentales para la industria aeroespacial. La resistencia a la corrosi\u00f3n y las altas temperaturas, el rendimiento \u00f3ptimo y la eficacia operativa y en materia de costos se encuentran entre los factores definitorios que determinan un rendimiento \u00f3ptimo. Nuestros productos cumplen una funci\u00f3n esencial en el desarrollo y la aplicaci\u00f3n de varias de estas aleaciones. Nuestros productos son necesarios para lograr el rendimiento \u00f3ptimo que se requiere en las c\u00e1maras de combusti\u00f3n y compresi\u00f3n de los motores aeron\u00e1uticos, los sistemas de accionamiento mec\u00e1nico de las alas, as\u00ed como el tren de aterrizaje y los frenos. De hecho, pr\u00e1cticamente cada avi\u00f3n de propulsi\u00f3n a chorro que se fabrica en el mundo (privado, comercial y militar) incluye componentes fundamentales que se fabrican con nuestros productos. A medida que el futuro de la aviaci\u00f3n evolucione, esperamos tener un rol cada vez m\u00e1s valioso en el desarrollo de componentes de aeronaves que respondan a los desaf\u00edos del ma\u00f1ana.","breadcrumb":{"@id":"https:\/\/alliedmet.com\/es\/aeroespacial\/#breadcrumb"},"inLanguage":"es","potentialAction":[{"@type":"ReadAction","target":["https:\/\/alliedmet.com\/es\/aeroespacial\/"]}]},{"@type":"ImageObject","inLanguage":"es","@id":"https:\/\/alliedmet.com\/es\/aeroespacial\/#primaryimage","url":"https:\/\/alliedmet.com\/wp-content\/uploads\/2019\/07\/allied-metal-header-aerospace-1024x623.jpg","contentUrl":"https:\/\/alliedmet.com\/wp-content\/uploads\/2019\/07\/allied-metal-header-aerospace-1024x623.jpg"},{"@type":"BreadcrumbList","@id":"https:\/\/alliedmet.com\/es\/aeroespacial\/#breadcrumb","itemListElement":[{"@type":"ListItem","position":1,"name":"Home","item":"https:\/\/alliedmet.com\/es\/"},{"@type":"ListItem","position":2,"name":"AEROESPACIAL"}]},{"@type":"WebSite","@id":"https:\/\/alliedmet.com\/es\/#website","url":"https:\/\/alliedmet.com\/es\/","name":"Allied Metals Corporation","description":"High Purity Iron and Low Carbon Iron","publisher":{"@id":"https:\/\/alliedmet.com\/es\/#organization"},"potentialAction":[{"@type":"SearchAction","target":{"@type":"EntryPoint","urlTemplate":"https:\/\/alliedmet.com\/es\/?s={search_term_string}"},"query-input":{"@type":"PropertyValueSpecification","valueRequired":true,"valueName":"search_term_string"}}],"inLanguage":"es"},{"@type":"Organization","@id":"https:\/\/alliedmet.com\/es\/#organization","name":"Allied Metals Corporation","url":"https:\/\/alliedmet.com\/es\/","logo":{"@type":"ImageObject","inLanguage":"es","@id":"https:\/\/alliedmet.com\/es\/#\/schema\/logo\/image\/","url":"https:\/\/alliedmet.com\/wp-content\/uploads\/2019\/07\/AMC-English-logo.png","contentUrl":"https:\/\/alliedmet.com\/wp-content\/uploads\/2019\/07\/AMC-English-logo.png","width":1029,"height":317,"caption":"Allied Metals Corporation"},"image":{"@id":"https:\/\/alliedmet.com\/es\/#\/schema\/logo\/image\/"},"sameAs":["https:\/\/www.linkedin.com\/company\/allied-metals"]}]}},"_links":{"self":[{"href":"https:\/\/alliedmet.com\/es\/wp-json\/wp\/v2\/pages\/5108","targetHints":{"allow":["GET"]}}],"collection":[{"href":"https:\/\/alliedmet.com\/es\/wp-json\/wp\/v2\/pages"}],"about":[{"href":"https:\/\/alliedmet.com\/es\/wp-json\/wp\/v2\/types\/page"}],"author":[{"embeddable":true,"href":"https:\/\/alliedmet.com\/es\/wp-json\/wp\/v2\/users\/1"}],"replies":[{"embeddable":true,"href":"https:\/\/alliedmet.com\/es\/wp-json\/wp\/v2\/comments?post=5108"}],"version-history":[{"count":0,"href":"https:\/\/alliedmet.com\/es\/wp-json\/wp\/v2\/pages\/5108\/revisions"}],"wp:attachment":[{"href":"https:\/\/alliedmet.com\/es\/wp-json\/wp\/v2\/media?parent=5108"}],"curies":[{"name":"wp","href":"https:\/\/api.w.org\/{rel}","templated":true}]}}