{"id":5110,"date":"2021-04-16T21:32:52","date_gmt":"2021-04-16T21:32:52","guid":{"rendered":"https:\/\/alliedmet.com\/allied-metals-corporation\/"},"modified":"2023-07-10T04:29:07","modified_gmt":"2023-07-10T04:29:07","slug":"allied-metals-corporation","status":"publish","type":"page","link":"https:\/\/alliedmet.com\/es\/","title":{"rendered":"Allied Metals Corporation"},"content":{"rendered":"\n<div id=\"wp-block-themeisle-blocks-advanced-columns-9d42ae77\" class=\"wp-block-themeisle-blocks-advanced-columns alignfull has-1-columns has-desktop-equal-layout has-tablet-equal-layout has-mobile-equal-layout has-vertical-unset ticss-1f45e314\"><div class=\"wp-block-themeisle-blocks-advanced-columns-overlay\"><\/div><div class=\"innerblocks-wrap\">\n<div id=\"wp-block-themeisle-blocks-advanced-column-b0cda033\" class=\"wp-block-themeisle-blocks-advanced-column ticss-bfe91581\">\n<div style=\"height:20px\" aria-hidden=\"true\" class=\"wp-block-spacer ticss-70726169\"><\/div>\n<\/div>\n<\/div><\/div>\n\n\n\n<div id=\"wp-block-themeisle-blocks-advanced-columns-c1d1caa2\" class=\"wp-block-themeisle-blocks-advanced-columns alignfull has-2-columns has-desktop-oneTwo-layout has-tablet-equal-layout has-mobile-collapsedRows-layout has-vertical-unset\"><div class=\"wp-block-themeisle-blocks-advanced-columns-overlay\"><\/div><div class=\"innerblocks-wrap\">\n<div id=\"wp-block-themeisle-blocks-advanced-column-70f32df4\" class=\"wp-block-themeisle-blocks-advanced-column\">\n<h1 id=\"wp-block-themeisle-blocks-advanced-heading-5fe337a4\" class=\"wp-block-themeisle-blocks-advanced-heading wp-block-themeisle-blocks-advanced-heading-5fe337a4 ticss-c2eafea2\">METALE<br>de ALTA<br>PUREZA<\/h1>\n\n\n\n<p style=\"font-size:1.2em\">Allied Metals Corporation ha sido un socio a nivel mundial durante m\u00e1s de 60 a\u00f1os. Nuestros procesos, nuestros productos y nuestro personal se encuentran en cada mercado del mundo, incluyendo los mercados AEROESPACIAL, DE ENERG\u00cdA y MAGN\u00c9TICO.<\/p>\n\n\n\n<div class=\"wp-block-button has-custom-font-size ticss-bef79feb\" style=\"font-size:1.2em\"><a class=\"wp-block-button__link wp-element-button\" href=\"https:\/\/alliedmet.com\/es\/productos\/\">EXPLORA NUESTROS PRODUCTOS DE ALTA PUREZA <\/a><\/div>\n<\/div>\n\n\n\n<div id=\"wp-block-themeisle-blocks-advanced-column-c2f91539\" class=\"wp-block-themeisle-blocks-advanced-column\"><div class=\"wp-block-image ticss-c7654651\">\n<figure class=\"alignright size-large\"><img decoding=\"async\" width=\"1024\" height=\"672\" data-src=\"https:\/\/alliedmet.com\/wp-content\/uploads\/2020\/04\/Low_allow_steel-1-1024x672.jpg\" alt=\"Acero de baja aleaci\u00f3n. Nuestra gama de productos a partir de ALLIEDIRON \u2122, hierro electrol\u00edtico de pureza ultra alta y hierro de alta pureza y bajo contenido de carbono se utilizan para fabricar una amplia variedad de aleaciones que deben cumplir con rigurosos requisitos de rendimiento para su uso en sistemas de ingenier\u00eda avanzados. Estos sistemas operan en condiciones de temperaturas extremas y atm\u00f3sferas corrosivas, sobre todo en la fabricaci\u00f3n aeroespacial y en todo el espectro de exploraci\u00f3n, refinaci\u00f3n, distribuci\u00f3n, transporte y almacenamiento de energ\u00eda de petr\u00f3leo y gas. Adem\u00e1s, nuestros materiales se utilizan en diversas aplicaciones de fabricaci\u00f3n de productos qu\u00edmicos ferrosos \/ f\u00e9rricos y ambientales. \" class=\"wp-image-3720 lazyload\" data-srcset=\"https:\/\/alliedmet.com\/wp-content\/uploads\/2020\/04\/Low_allow_steel-1-1024x672.jpg 1024w, https:\/\/alliedmet.com\/wp-content\/uploads\/2020\/04\/Low_allow_steel-1-300x197.jpg 300w, https:\/\/alliedmet.com\/wp-content\/uploads\/2020\/04\/Low_allow_steel-1-768x504.jpg 768w, https:\/\/alliedmet.com\/wp-content\/uploads\/2020\/04\/Low_allow_steel-1.jpg 1200w\" data-sizes=\"(max-width: 1024px) 100vw, 1024px\" src=\"data:image\/svg+xml;base64,PHN2ZyB3aWR0aD0iMSIgaGVpZ2h0PSIxIiB4bWxucz0iaHR0cDovL3d3dy53My5vcmcvMjAwMC9zdmciPjwvc3ZnPg==\" style=\"--smush-placeholder-width: 1024px; --smush-placeholder-aspect-ratio: 1024\/672;\" \/><\/figure>\n<\/div><\/div>\n<\/div><\/div>\n","protected":false},"excerpt":{"rendered":"","protected":false},"author":1,"featured_media":0,"parent":0,"menu_order":0,"comment_status":"closed","ping_status":"closed","template":"","meta":{"neve_meta_sidebar":"","neve_meta_container":"","neve_meta_enable_content_width":"off","neve_meta_content_width":100,"neve_meta_title_alignment":"","neve_meta_author_avatar":"","neve_post_elements_order":"","neve_meta_disable_header":"","neve_meta_disable_footer":"","neve_meta_disable_title":"on","_themeisle_gutenberg_block_has_review":false,"footnotes":""},"class_list":["post-5110","page","type-page","status-publish","hentry"],"yoast_head":"<!-- This site is optimized with the Yoast SEO Premium plugin v27.3 (Yoast SEO v27.3) - https:\/\/yoast.com\/product\/yoast-seo-premium-wordpress\/ -->\n<title>Allied Metals Corporation - Allied Metals Corporation<\/title>\n<meta name=\"description\" content=\"Allied Metals Corporation es una fuente global de una amplia gama de metales de alta pureza, incluidos productos de hierro de alta pureza y hierro con bajo contenido de carbono. Nuestra gama de productos a partir de ALLIEDIRON\u2122, hierro electrol\u00edtico de pureza ultra alta y hierro de alta pureza y bajo contenido de carbono se utilizan para fabricar una amplia variedad de aleaciones que deben cumplir con rigurosos requisitos de rendimiento para su uso en sistemas de ingenier\u00eda avanzados. Estos sistemas operan en condiciones de temperaturas extremas y atm\u00f3sferas corrosivas, sobre todo en la fabricaci\u00f3n aeroespacial y en todo el espectro de exploraci\u00f3n, refinaci\u00f3n, distribuci\u00f3n, transporte y almacenamiento de energ\u00eda de petr\u00f3leo y gas. Adem\u00e1s, nuestros materiales se utilizan en diversas aplicaciones de fabricaci\u00f3n de productos qu\u00edmicos ferrosos \/ f\u00e9rricos y ambientales. Estos productos se utilizan en la fabricaci\u00f3n de equipos sofisticados en la industria de F\u00edsica de Altas Energ\u00edas, incluidos electroimanes, imanes superconductores, conjuntos de imanes permanentes, blindaje magn\u00e9tico y varios componentes de aceleradores de part\u00edculas. Estos productos tambi\u00e9n est\u00e1n dise\u00f1ados para el blindaje magn\u00e9tico de cajas de resonancia magn\u00e9tica y equipos electr\u00f3nicos sensibles.\" \/>\n<meta name=\"robots\" content=\"index, follow, max-snippet:-1, max-image-preview:large, max-video-preview:-1\" \/>\n<link rel=\"canonical\" href=\"https:\/\/alliedmet.com\/es\/\" \/>\n<meta property=\"og:locale\" content=\"es_ES\" \/>\n<meta property=\"og:type\" content=\"article\" \/>\n<meta property=\"og:title\" content=\"Allied Metals Corporation\" \/>\n<meta property=\"og:description\" content=\"Allied Metals Corporation es una fuente global de una amplia gama de metales de alta pureza, incluidos productos de hierro de alta pureza y hierro con bajo contenido de carbono. Nuestra gama de productos a partir de ALLIEDIRON\u2122, hierro electrol\u00edtico de pureza ultra alta y hierro de alta pureza y bajo contenido de carbono se utilizan para fabricar una amplia variedad de aleaciones que deben cumplir con rigurosos requisitos de rendimiento para su uso en sistemas de ingenier\u00eda avanzados. Estos sistemas operan en condiciones de temperaturas extremas y atm\u00f3sferas corrosivas, sobre todo en la fabricaci\u00f3n aeroespacial y en todo el espectro de exploraci\u00f3n, refinaci\u00f3n, distribuci\u00f3n, transporte y almacenamiento de energ\u00eda de petr\u00f3leo y gas. Adem\u00e1s, nuestros materiales se utilizan en diversas aplicaciones de fabricaci\u00f3n de productos qu\u00edmicos ferrosos \/ f\u00e9rricos y ambientales. Estos productos se utilizan en la fabricaci\u00f3n de equipos sofisticados en la industria de F\u00edsica de Altas Energ\u00edas, incluidos electroimanes, imanes superconductores, conjuntos de imanes permanentes, blindaje magn\u00e9tico y varios componentes de aceleradores de part\u00edculas. Estos productos tambi\u00e9n est\u00e1n dise\u00f1ados para el blindaje magn\u00e9tico de cajas de resonancia magn\u00e9tica y equipos electr\u00f3nicos sensibles.\" \/>\n<meta property=\"og:url\" content=\"https:\/\/alliedmet.com\/es\/\" \/>\n<meta property=\"og:site_name\" content=\"Allied Metals Corporation\" \/>\n<meta property=\"article:modified_time\" content=\"2023-07-10T04:29:07+00:00\" \/>\n<meta property=\"og:image\" content=\"https:\/\/alliedmet.com\/wp-content\/uploads\/2020\/04\/Low_allow_steel-1-1024x672.jpg\" \/>\n<meta name=\"twitter:card\" content=\"summary_large_image\" \/>\n<meta name=\"twitter:label1\" content=\"Tiempo de lectura\" \/>\n\t<meta name=\"twitter:data1\" content=\"1 minuto\" \/>\n<script type=\"application\/ld+json\" class=\"yoast-schema-graph\">{\"@context\":\"https:\\\/\\\/schema.org\",\"@graph\":[{\"@type\":\"WebPage\",\"@id\":\"https:\\\/\\\/alliedmet.com\\\/es\\\/\",\"url\":\"https:\\\/\\\/alliedmet.com\\\/es\\\/\",\"name\":\"Allied Metals Corporation - Allied Metals Corporation\",\"isPartOf\":{\"@id\":\"https:\\\/\\\/alliedmet.com\\\/es\\\/#website\"},\"primaryImageOfPage\":{\"@id\":\"https:\\\/\\\/alliedmet.com\\\/es\\\/#primaryimage\"},\"image\":{\"@id\":\"https:\\\/\\\/alliedmet.com\\\/es\\\/#primaryimage\"},\"thumbnailUrl\":\"https:\\\/\\\/alliedmet.com\\\/wp-content\\\/uploads\\\/2020\\\/04\\\/Low_allow_steel-1-1024x672.jpg\",\"datePublished\":\"2021-04-16T21:32:52+00:00\",\"dateModified\":\"2023-07-10T04:29:07+00:00\",\"description\":\"Allied Metals Corporation es una fuente global de una amplia gama de metales de alta pureza, incluidos productos de hierro de alta pureza y hierro con bajo contenido de carbono. Nuestra gama de productos a partir de ALLIEDIRON\u2122, hierro electrol\u00edtico de pureza ultra alta y hierro de alta pureza y bajo contenido de carbono se utilizan para fabricar una amplia variedad de aleaciones que deben cumplir con rigurosos requisitos de rendimiento para su uso en sistemas de ingenier\u00eda avanzados. Estos sistemas operan en condiciones de temperaturas extremas y atm\u00f3sferas corrosivas, sobre todo en la fabricaci\u00f3n aeroespacial y en todo el espectro de exploraci\u00f3n, refinaci\u00f3n, distribuci\u00f3n, transporte y almacenamiento de energ\u00eda de petr\u00f3leo y gas. Adem\u00e1s, nuestros materiales se utilizan en diversas aplicaciones de fabricaci\u00f3n de productos qu\u00edmicos ferrosos \\\/ f\u00e9rricos y ambientales. Estos productos se utilizan en la fabricaci\u00f3n de equipos sofisticados en la industria de F\u00edsica de Altas Energ\u00edas, incluidos electroimanes, imanes superconductores, conjuntos de imanes permanentes, blindaje magn\u00e9tico y varios componentes de aceleradores de part\u00edculas. Estos productos tambi\u00e9n est\u00e1n dise\u00f1ados para el blindaje magn\u00e9tico de cajas de resonancia magn\u00e9tica y equipos electr\u00f3nicos sensibles.\",\"breadcrumb\":{\"@id\":\"https:\\\/\\\/alliedmet.com\\\/es\\\/#breadcrumb\"},\"inLanguage\":\"es\",\"potentialAction\":[{\"@type\":\"ReadAction\",\"target\":[\"https:\\\/\\\/alliedmet.com\\\/es\\\/\"]}]},{\"@type\":\"ImageObject\",\"inLanguage\":\"es\",\"@id\":\"https:\\\/\\\/alliedmet.com\\\/es\\\/#primaryimage\",\"url\":\"https:\\\/\\\/alliedmet.com\\\/wp-content\\\/uploads\\\/2020\\\/04\\\/Low_allow_steel-1-1024x672.jpg\",\"contentUrl\":\"https:\\\/\\\/alliedmet.com\\\/wp-content\\\/uploads\\\/2020\\\/04\\\/Low_allow_steel-1-1024x672.jpg\"},{\"@type\":\"BreadcrumbList\",\"@id\":\"https:\\\/\\\/alliedmet.com\\\/es\\\/#breadcrumb\",\"itemListElement\":[{\"@type\":\"ListItem\",\"position\":1,\"name\":\"Home\",\"item\":\"https:\\\/\\\/alliedmet.com\\\/es\\\/\"},{\"@type\":\"ListItem\",\"position\":2,\"name\":\"Allied Metals Corporation\"}]},{\"@type\":\"WebSite\",\"@id\":\"https:\\\/\\\/alliedmet.com\\\/es\\\/#website\",\"url\":\"https:\\\/\\\/alliedmet.com\\\/es\\\/\",\"name\":\"Allied Metals Corporation\",\"description\":\"High Purity Iron and Low Carbon Iron\",\"publisher\":{\"@id\":\"https:\\\/\\\/alliedmet.com\\\/es\\\/#organization\"},\"potentialAction\":[{\"@type\":\"SearchAction\",\"target\":{\"@type\":\"EntryPoint\",\"urlTemplate\":\"https:\\\/\\\/alliedmet.com\\\/es\\\/?s={search_term_string}\"},\"query-input\":{\"@type\":\"PropertyValueSpecification\",\"valueRequired\":true,\"valueName\":\"search_term_string\"}}],\"inLanguage\":\"es\"},{\"@type\":\"Organization\",\"@id\":\"https:\\\/\\\/alliedmet.com\\\/es\\\/#organization\",\"name\":\"Allied Metals Corporation\",\"url\":\"https:\\\/\\\/alliedmet.com\\\/es\\\/\",\"logo\":{\"@type\":\"ImageObject\",\"inLanguage\":\"es\",\"@id\":\"https:\\\/\\\/alliedmet.com\\\/es\\\/#\\\/schema\\\/logo\\\/image\\\/\",\"url\":\"https:\\\/\\\/alliedmet.com\\\/wp-content\\\/uploads\\\/2019\\\/07\\\/AMC-English-logo.png\",\"contentUrl\":\"https:\\\/\\\/alliedmet.com\\\/wp-content\\\/uploads\\\/2019\\\/07\\\/AMC-English-logo.png\",\"width\":1029,\"height\":317,\"caption\":\"Allied Metals Corporation\"},\"image\":{\"@id\":\"https:\\\/\\\/alliedmet.com\\\/es\\\/#\\\/schema\\\/logo\\\/image\\\/\"},\"sameAs\":[\"https:\\\/\\\/www.linkedin.com\\\/company\\\/allied-metals\"]}]}<\/script>\n<!-- \/ Yoast SEO Premium plugin. -->","yoast_head_json":{"title":"Allied Metals Corporation - Allied Metals Corporation","description":"Allied Metals Corporation es una fuente global de una amplia gama de metales de alta pureza, incluidos productos de hierro de alta pureza y hierro con bajo contenido de carbono. Nuestra gama de productos a partir de ALLIEDIRON\u2122, hierro electrol\u00edtico de pureza ultra alta y hierro de alta pureza y bajo contenido de carbono se utilizan para fabricar una amplia variedad de aleaciones que deben cumplir con rigurosos requisitos de rendimiento para su uso en sistemas de ingenier\u00eda avanzados. Estos sistemas operan en condiciones de temperaturas extremas y atm\u00f3sferas corrosivas, sobre todo en la fabricaci\u00f3n aeroespacial y en todo el espectro de exploraci\u00f3n, refinaci\u00f3n, distribuci\u00f3n, transporte y almacenamiento de energ\u00eda de petr\u00f3leo y gas. Adem\u00e1s, nuestros materiales se utilizan en diversas aplicaciones de fabricaci\u00f3n de productos qu\u00edmicos ferrosos \/ f\u00e9rricos y ambientales. Estos productos se utilizan en la fabricaci\u00f3n de equipos sofisticados en la industria de F\u00edsica de Altas Energ\u00edas, incluidos electroimanes, imanes superconductores, conjuntos de imanes permanentes, blindaje magn\u00e9tico y varios componentes de aceleradores de part\u00edculas. Estos productos tambi\u00e9n est\u00e1n dise\u00f1ados para el blindaje magn\u00e9tico de cajas de resonancia magn\u00e9tica y equipos electr\u00f3nicos sensibles.","robots":{"index":"index","follow":"follow","max-snippet":"max-snippet:-1","max-image-preview":"max-image-preview:large","max-video-preview":"max-video-preview:-1"},"canonical":"https:\/\/alliedmet.com\/es\/","og_locale":"es_ES","og_type":"article","og_title":"Allied Metals Corporation","og_description":"Allied Metals Corporation es una fuente global de una amplia gama de metales de alta pureza, incluidos productos de hierro de alta pureza y hierro con bajo contenido de carbono. Nuestra gama de productos a partir de ALLIEDIRON\u2122, hierro electrol\u00edtico de pureza ultra alta y hierro de alta pureza y bajo contenido de carbono se utilizan para fabricar una amplia variedad de aleaciones que deben cumplir con rigurosos requisitos de rendimiento para su uso en sistemas de ingenier\u00eda avanzados. Estos sistemas operan en condiciones de temperaturas extremas y atm\u00f3sferas corrosivas, sobre todo en la fabricaci\u00f3n aeroespacial y en todo el espectro de exploraci\u00f3n, refinaci\u00f3n, distribuci\u00f3n, transporte y almacenamiento de energ\u00eda de petr\u00f3leo y gas. Adem\u00e1s, nuestros materiales se utilizan en diversas aplicaciones de fabricaci\u00f3n de productos qu\u00edmicos ferrosos \/ f\u00e9rricos y ambientales. Estos productos se utilizan en la fabricaci\u00f3n de equipos sofisticados en la industria de F\u00edsica de Altas Energ\u00edas, incluidos electroimanes, imanes superconductores, conjuntos de imanes permanentes, blindaje magn\u00e9tico y varios componentes de aceleradores de part\u00edculas. Estos productos tambi\u00e9n est\u00e1n dise\u00f1ados para el blindaje magn\u00e9tico de cajas de resonancia magn\u00e9tica y equipos electr\u00f3nicos sensibles.","og_url":"https:\/\/alliedmet.com\/es\/","og_site_name":"Allied Metals Corporation","article_modified_time":"2023-07-10T04:29:07+00:00","og_image":[{"url":"https:\/\/alliedmet.com\/wp-content\/uploads\/2020\/04\/Low_allow_steel-1-1024x672.jpg","type":"","width":"","height":""}],"twitter_card":"summary_large_image","twitter_misc":{"Tiempo de lectura":"1 minuto"},"schema":{"@context":"https:\/\/schema.org","@graph":[{"@type":"WebPage","@id":"https:\/\/alliedmet.com\/es\/","url":"https:\/\/alliedmet.com\/es\/","name":"Allied Metals Corporation - Allied Metals Corporation","isPartOf":{"@id":"https:\/\/alliedmet.com\/es\/#website"},"primaryImageOfPage":{"@id":"https:\/\/alliedmet.com\/es\/#primaryimage"},"image":{"@id":"https:\/\/alliedmet.com\/es\/#primaryimage"},"thumbnailUrl":"https:\/\/alliedmet.com\/wp-content\/uploads\/2020\/04\/Low_allow_steel-1-1024x672.jpg","datePublished":"2021-04-16T21:32:52+00:00","dateModified":"2023-07-10T04:29:07+00:00","description":"Allied Metals Corporation es una fuente global de una amplia gama de metales de alta pureza, incluidos productos de hierro de alta pureza y hierro con bajo contenido de carbono. Nuestra gama de productos a partir de ALLIEDIRON\u2122, hierro electrol\u00edtico de pureza ultra alta y hierro de alta pureza y bajo contenido de carbono se utilizan para fabricar una amplia variedad de aleaciones que deben cumplir con rigurosos requisitos de rendimiento para su uso en sistemas de ingenier\u00eda avanzados. Estos sistemas operan en condiciones de temperaturas extremas y atm\u00f3sferas corrosivas, sobre todo en la fabricaci\u00f3n aeroespacial y en todo el espectro de exploraci\u00f3n, refinaci\u00f3n, distribuci\u00f3n, transporte y almacenamiento de energ\u00eda de petr\u00f3leo y gas. Adem\u00e1s, nuestros materiales se utilizan en diversas aplicaciones de fabricaci\u00f3n de productos qu\u00edmicos ferrosos \/ f\u00e9rricos y ambientales. Estos productos se utilizan en la fabricaci\u00f3n de equipos sofisticados en la industria de F\u00edsica de Altas Energ\u00edas, incluidos electroimanes, imanes superconductores, conjuntos de imanes permanentes, blindaje magn\u00e9tico y varios componentes de aceleradores de part\u00edculas. Estos productos tambi\u00e9n est\u00e1n dise\u00f1ados para el blindaje magn\u00e9tico de cajas de resonancia magn\u00e9tica y equipos electr\u00f3nicos sensibles.","breadcrumb":{"@id":"https:\/\/alliedmet.com\/es\/#breadcrumb"},"inLanguage":"es","potentialAction":[{"@type":"ReadAction","target":["https:\/\/alliedmet.com\/es\/"]}]},{"@type":"ImageObject","inLanguage":"es","@id":"https:\/\/alliedmet.com\/es\/#primaryimage","url":"https:\/\/alliedmet.com\/wp-content\/uploads\/2020\/04\/Low_allow_steel-1-1024x672.jpg","contentUrl":"https:\/\/alliedmet.com\/wp-content\/uploads\/2020\/04\/Low_allow_steel-1-1024x672.jpg"},{"@type":"BreadcrumbList","@id":"https:\/\/alliedmet.com\/es\/#breadcrumb","itemListElement":[{"@type":"ListItem","position":1,"name":"Home","item":"https:\/\/alliedmet.com\/es\/"},{"@type":"ListItem","position":2,"name":"Allied Metals Corporation"}]},{"@type":"WebSite","@id":"https:\/\/alliedmet.com\/es\/#website","url":"https:\/\/alliedmet.com\/es\/","name":"Allied Metals Corporation","description":"High Purity Iron and Low Carbon Iron","publisher":{"@id":"https:\/\/alliedmet.com\/es\/#organization"},"potentialAction":[{"@type":"SearchAction","target":{"@type":"EntryPoint","urlTemplate":"https:\/\/alliedmet.com\/es\/?s={search_term_string}"},"query-input":{"@type":"PropertyValueSpecification","valueRequired":true,"valueName":"search_term_string"}}],"inLanguage":"es"},{"@type":"Organization","@id":"https:\/\/alliedmet.com\/es\/#organization","name":"Allied Metals Corporation","url":"https:\/\/alliedmet.com\/es\/","logo":{"@type":"ImageObject","inLanguage":"es","@id":"https:\/\/alliedmet.com\/es\/#\/schema\/logo\/image\/","url":"https:\/\/alliedmet.com\/wp-content\/uploads\/2019\/07\/AMC-English-logo.png","contentUrl":"https:\/\/alliedmet.com\/wp-content\/uploads\/2019\/07\/AMC-English-logo.png","width":1029,"height":317,"caption":"Allied Metals Corporation"},"image":{"@id":"https:\/\/alliedmet.com\/es\/#\/schema\/logo\/image\/"},"sameAs":["https:\/\/www.linkedin.com\/company\/allied-metals"]}]}},"_links":{"self":[{"href":"https:\/\/alliedmet.com\/es\/wp-json\/wp\/v2\/pages\/5110","targetHints":{"allow":["GET"]}}],"collection":[{"href":"https:\/\/alliedmet.com\/es\/wp-json\/wp\/v2\/pages"}],"about":[{"href":"https:\/\/alliedmet.com\/es\/wp-json\/wp\/v2\/types\/page"}],"author":[{"embeddable":true,"href":"https:\/\/alliedmet.com\/es\/wp-json\/wp\/v2\/users\/1"}],"replies":[{"embeddable":true,"href":"https:\/\/alliedmet.com\/es\/wp-json\/wp\/v2\/comments?post=5110"}],"version-history":[{"count":0,"href":"https:\/\/alliedmet.com\/es\/wp-json\/wp\/v2\/pages\/5110\/revisions"}],"wp:attachment":[{"href":"https:\/\/alliedmet.com\/es\/wp-json\/wp\/v2\/media?parent=5110"}],"curies":[{"name":"wp","href":"https:\/\/api.w.org\/{rel}","templated":true}]}}