{"id":5117,"date":"2021-04-16T21:45:21","date_gmt":"2021-04-16T21:45:21","guid":{"rendered":"https:\/\/alliedmet.com\/alliediron-hierro-de-alta-pureza\/"},"modified":"2022-08-24T04:23:42","modified_gmt":"2022-08-24T04:23:42","slug":"alliediron-hierro-de-alta-pureza","status":"publish","type":"page","link":"https:\/\/alliedmet.com\/es\/alliediron-hierro-de-alta-pureza\/","title":{"rendered":"ALLIEDIRON\u00ae (HIERRO DE ALTA PUREZA)"},"content":{"rendered":"\n<div id=\"wp-block-themeisle-blocks-advanced-columns-688d2018\" class=\"wp-block-themeisle-blocks-advanced-columns alignfull has-1-columns has-desktop-equal-layout has-tablet-equal-layout has-mobile-equal-layout has-vertical-unset\"><div class=\"wp-block-themeisle-blocks-advanced-columns-overlay\"><\/div><div class=\"innerblocks-wrap\">\n<div id=\"wp-block-themeisle-blocks-advanced-column-b247b237\" class=\"wp-block-themeisle-blocks-advanced-column\">\n<div style=\"height:20px\" aria-hidden=\"true\" class=\"wp-block-spacer ticss-d5c866b1\"><\/div>\n<\/div>\n<\/div><\/div>\n\n\n\n<div id=\"wp-block-themeisle-blocks-advanced-columns-d664ec03\" class=\"wp-block-themeisle-blocks-advanced-columns has-2-columns has-desktop-equal-layout has-tablet-collapsedRows-layout has-mobile-collapsedRows-layout has-vertical-unset ticss-17bd58c7\"><div class=\"wp-block-themeisle-blocks-advanced-columns-overlay\"><\/div><div class=\"innerblocks-wrap\">\n<div id=\"wp-block-themeisle-blocks-advanced-column-6874f0c0\" class=\"wp-block-themeisle-blocks-advanced-column ticss-e2a8f308\">\n<h1 class=\"ticss-da3111d3 wp-block-heading\" id=\"h-alliediron-hierro-de-alta-pureza\">ALLIEDIRON\u00ae (HIERRO DE ALTA PUREZA)<\/h1>\n\n\n\n<figure class=\"wp-block-image ticss-2b66f1b3\"><img decoding=\"async\" width=\"687\" height=\"293\" data-src=\"https:\/\/alliedmet.com\/wp-content\/uploads\/2019\/08\/allied-metal-products-image-high-purity-iron_cropped.png\" alt=\"ALLIEDIRON \u2122 (Hierro de alta pureza) se utiliza en la producci\u00f3n de aleaciones de acero inoxidable y a base de n\u00edquel, as\u00ed como superaleaciones fundidas al vac\u00edo. La pureza general m\u00e1s alta de Allied Metals ofrece un contenido de f\u00f3sforo y azufre particularmente bajo. Dada la amplia gama de productos en esta clasificaci\u00f3n, tambi\u00e9n tenemos la posibilidad de controlar las qu\u00edmicas de acuerdo con los requisitos espec\u00edficos de una aplicaci\u00f3n determinada. \" class=\"wp-image-5119 lazyload\" data-srcset=\"https:\/\/alliedmet.com\/wp-content\/uploads\/2019\/08\/allied-metal-products-image-high-purity-iron_cropped.png 687w, https:\/\/alliedmet.com\/wp-content\/uploads\/2019\/08\/allied-metal-products-image-high-purity-iron_cropped-300x128.png 300w\" data-sizes=\"(max-width: 687px) 100vw, 687px\" src=\"data:image\/svg+xml;base64,PHN2ZyB3aWR0aD0iMSIgaGVpZ2h0PSIxIiB4bWxucz0iaHR0cDovL3d3dy53My5vcmcvMjAwMC9zdmciPjwvc3ZnPg==\" style=\"--smush-placeholder-width: 687px; --smush-placeholder-aspect-ratio: 687\/293;\" \/><\/figure>\n\n\n\n<h3 class=\"has-text-align-center ticss-75ace171 wp-block-heading\" id=\"h-alliediron-hierro-de-alta-pureza-1\">ALLIEDIRON\u00ae (HIERRO DE ALTA PUREZA)<\/h3>\n\n\n\n<figure class=\"wp-block-table ticss-a892ac08\"><table class=\"has-fixed-layout\"><tbody><tr><td class=\"has-text-align-left\" data-align=\"left\"><strong>Typical<\/strong><br><strong>Analysis (%) <\/strong><\/td><td>EFP II<\/td><td>EFP V<\/td><td>EFP IV<\/td><td>EFP C<\/td><td>EFP ULS<\/td><\/tr><tr><td class=\"has-text-align-left\" data-align=\"left\"><strong>C<\/strong><\/td><td>0.005<\/td><td>0.006<\/td><td>0.006<\/td><td>0.004<\/td><td>0.01<\/td><\/tr><tr><td class=\"has-text-align-left\" data-align=\"left\"><strong>S<\/strong><\/td><td>0.005<\/td><td>0.008<\/td><td>0.003<\/td><td>0.002<\/td><td>0.0005<\/td><\/tr><tr><td class=\"has-text-align-left\" data-align=\"left\"><strong>P<\/strong><\/td><td>0.005<\/td><td>0.008<\/td><td>0.004<\/td><td>0.002<\/td><td>0.003<\/td><\/tr><tr><td class=\"has-text-align-left\" data-align=\"left\"><strong>Mn<\/strong><\/td><td>0.05<\/td><td>0.1<\/td><td>0.040<\/td><td>0.040<\/td><td>0.04<\/td><\/tr><tr><td class=\"has-text-align-left\" data-align=\"left\"><strong>Si<\/strong><\/td><td>0.010<\/td><td>0.010<\/td><td>0.020<\/td><td>0.010<\/td><td>0.01<\/td><\/tr><tr><td class=\"has-text-align-left\" data-align=\"left\"><strong>O<\/strong><\/td><td>0.018<\/td><td>0.02<\/td><td>0.017<\/td><td>0.015<\/td><td>0.01<\/td><\/tr><tr><td class=\"has-text-align-left\" data-align=\"left\"><strong>N<\/strong><\/td><td>0.004<\/td><td>0.01<\/td><td>0.004<\/td><td>0.004<\/td><td>0.003<\/td><\/tr><tr><td class=\"has-text-align-left\" data-align=\"left\"><strong>Sn<\/strong><\/td><td>0.001<\/td><td>0.001<\/td><td>0.001<\/td><td>0.001<\/td><td>0.001<\/td><\/tr><tr><td class=\"has-text-align-left\" data-align=\"left\"><strong>Pb<\/strong><\/td><td>0.001<\/td><td>0.001<\/td><td>0.001<\/td><td>0.001<\/td><td>0.001<\/td><\/tr><tr><td class=\"has-text-align-left\" data-align=\"left\"><strong>Fe<\/strong><\/td><td>Balance<\/td><td>Balance<\/td><td>Balance<\/td><td>Balance<\/td><td>Balance<\/td><\/tr><\/tbody><\/table><\/figure>\n<\/div>\n\n\n\n<div id=\"wp-block-themeisle-blocks-advanced-column-0dc4c0d0\" class=\"wp-block-themeisle-blocks-advanced-column ticss-883b4422\">\n<p class=\"has-normal-font-size\">ALLIEDIRON\u00ae (HIERRO DE ALTA PUREZA) se usa en la producci\u00f3n de aleaciones inoxidables y de n\u00edquel, as\u00ed como en superaleaciones fundidas al vac\u00edo. La pureza superior general de Allied Metals ofrece un contenido particularmente bajo de f\u00f3sforo y azufre. Dada la amplia gama de productos en esta clasificaci\u00f3n, tambi\u00e9n tenemos la posibilidad de controlar las composiciones qu\u00edmicas de acuerdo con los requisitos espec\u00edficos de una determinada aplicaci\u00f3n. Las composiciones qu\u00edmicas certificadas para colada en coladas grandes ofrecen constancia y control anal\u00edtico en la constituci\u00f3n de la carga y la trazabilidad.<\/p>\n\n\n\n<p class=\"has-normal-font-size\">Se encuentra disponible la posibilidad de lograr composiciones qu\u00edmicas exactas para cumplir con requisitos espec\u00edficos. Nuestro formato de lingote de alta densidad facilita la manipulaci\u00f3n para el armado de la carga, ofrece un acoplamiento excelente, menor tiempo de fundici\u00f3n, menor consumo de energ\u00eda, y requiere un espacio de almacenamiento m\u00ednimo.<\/p>\n\n\n\n<p class=\"has-normal-font-size\"><strong>Forma yamp; tama\u00f1o:<\/strong>&nbsp;Lingotes<br><strong>Embalaje:<\/strong>&nbsp;Se embala de acuerdo con los requisitos individuales <br><strong>Disponibilidad:<\/strong>&nbsp;Todas las regiones<\/p>\n\n\n\n<div class=\"wp-block-buttons is-layout-flex wp-block-buttons-is-layout-flex\">\n<div class=\"wp-block-button is-style-outline is-style-outline--1\"><a class=\"wp-block-button__link has-neve-link-color-color has-text-color\" href=\"https:\/\/alliedmet.com\/es\/productos\/\">L\u00cdNEA COMPLETA DE PRODUCTOS <\/a><\/div>\n\n\n\n<div class=\"wp-block-button\"><a class=\"wp-block-button__link\" href=\"https:\/\/alliedmet.com\/es\/solicitud-de-cotizacion-de-productos\/\">CONSIGUE UNA COTIZACI\u00d3N<\/a><\/div>\n<\/div>\n<\/div>\n<\/div><\/div>\n\n\n\n<p><\/p>\n","protected":false},"excerpt":{"rendered":"","protected":false},"author":1,"featured_media":0,"parent":0,"menu_order":0,"comment_status":"closed","ping_status":"closed","template":"","meta":{"neve_meta_sidebar":"","neve_meta_container":"","neve_meta_enable_content_width":"off","neve_meta_content_width":0,"neve_meta_title_alignment":"","neve_meta_author_avatar":"","neve_post_elements_order":"","neve_meta_disable_header":"","neve_meta_disable_footer":"","neve_meta_disable_title":"on","_themeisle_gutenberg_block_has_review":false,"footnotes":""},"class_list":["post-5117","page","type-page","status-publish","hentry"],"yoast_head":"<!-- This site is optimized with the Yoast SEO Premium plugin v27.3 (Yoast SEO v27.3) - https:\/\/yoast.com\/product\/yoast-seo-premium-wordpress\/ -->\n<title>ALLIEDIRON\u00ae (HIERRO DE ALTA PUREZA) - Allied Metals Corporation<\/title>\n<meta name=\"description\" content=\"ALLIEDIRON\u00ae (HIERRO DE ALTA PUREZA) se usa en la producci\u00f3n de aleaciones inoxidables y de n\u00edquel, as\u00ed como en superaleaciones fundidas al vac\u00edo. La pureza superior general de Allied Metals ofrece un contenido particularmente bajo de f\u00f3sforo y azufre. Dada la amplia gama de productos en esta clasificaci\u00f3n, tambi\u00e9n tenemos la posibilidad de controlar las composiciones qu\u00edmicas de acuerdo con los requisitos espec\u00edficos de una determinada aplicaci\u00f3n. Las composiciones qu\u00edmicas certificadas para colada en coladas grandes ofrecen constancia y control anal\u00edtico en la constituci\u00f3n de la carga y la trazabilidad.\" \/>\n<meta name=\"robots\" content=\"index, follow, max-snippet:-1, max-image-preview:large, max-video-preview:-1\" \/>\n<link rel=\"canonical\" href=\"https:\/\/alliedmet.com\/es\/alliediron-hierro-de-alta-pureza\/\" \/>\n<meta property=\"og:locale\" content=\"es_ES\" \/>\n<meta property=\"og:type\" content=\"article\" \/>\n<meta property=\"og:title\" content=\"ALLIEDIRON\u00ae (HIERRO DE ALTA PUREZA)\" \/>\n<meta property=\"og:description\" content=\"ALLIEDIRON\u00ae (HIERRO DE ALTA PUREZA) se usa en la producci\u00f3n de aleaciones inoxidables y de n\u00edquel, as\u00ed como en superaleaciones fundidas al vac\u00edo. La pureza superior general de Allied Metals ofrece un contenido particularmente bajo de f\u00f3sforo y azufre. Dada la amplia gama de productos en esta clasificaci\u00f3n, tambi\u00e9n tenemos la posibilidad de controlar las composiciones qu\u00edmicas de acuerdo con los requisitos espec\u00edficos de una determinada aplicaci\u00f3n. Las composiciones qu\u00edmicas certificadas para colada en coladas grandes ofrecen constancia y control anal\u00edtico en la constituci\u00f3n de la carga y la trazabilidad.\" \/>\n<meta property=\"og:url\" content=\"https:\/\/alliedmet.com\/es\/alliediron-hierro-de-alta-pureza\/\" \/>\n<meta property=\"og:site_name\" content=\"Allied Metals Corporation\" \/>\n<meta property=\"article:modified_time\" content=\"2022-08-24T04:23:42+00:00\" \/>\n<meta property=\"og:image\" content=\"https:\/\/alliedmet.com\/wp-content\/uploads\/2019\/08\/allied-metal-products-image-high-purity-iron_cropped.png\" \/>\n<meta name=\"twitter:card\" content=\"summary_large_image\" \/>\n<meta name=\"twitter:label1\" content=\"Tiempo de lectura\" \/>\n\t<meta name=\"twitter:data1\" content=\"2 minutos\" \/>\n<script type=\"application\/ld+json\" class=\"yoast-schema-graph\">{\"@context\":\"https:\\\/\\\/schema.org\",\"@graph\":[{\"@type\":\"WebPage\",\"@id\":\"https:\\\/\\\/alliedmet.com\\\/es\\\/alliediron-hierro-de-alta-pureza\\\/\",\"url\":\"https:\\\/\\\/alliedmet.com\\\/es\\\/alliediron-hierro-de-alta-pureza\\\/\",\"name\":\"ALLIEDIRON\u00ae (HIERRO DE ALTA PUREZA) - Allied Metals Corporation\",\"isPartOf\":{\"@id\":\"https:\\\/\\\/alliedmet.com\\\/es\\\/#website\"},\"primaryImageOfPage\":{\"@id\":\"https:\\\/\\\/alliedmet.com\\\/es\\\/alliediron-hierro-de-alta-pureza\\\/#primaryimage\"},\"image\":{\"@id\":\"https:\\\/\\\/alliedmet.com\\\/es\\\/alliediron-hierro-de-alta-pureza\\\/#primaryimage\"},\"thumbnailUrl\":\"https:\\\/\\\/alliedmet.com\\\/wp-content\\\/uploads\\\/2019\\\/08\\\/allied-metal-products-image-high-purity-iron_cropped.png\",\"datePublished\":\"2021-04-16T21:45:21+00:00\",\"dateModified\":\"2022-08-24T04:23:42+00:00\",\"description\":\"ALLIEDIRON\u00ae (HIERRO DE ALTA PUREZA) se usa en la producci\u00f3n de aleaciones inoxidables y de n\u00edquel, as\u00ed como en superaleaciones fundidas al vac\u00edo. La pureza superior general de Allied Metals ofrece un contenido particularmente bajo de f\u00f3sforo y azufre. Dada la amplia gama de productos en esta clasificaci\u00f3n, tambi\u00e9n tenemos la posibilidad de controlar las composiciones qu\u00edmicas de acuerdo con los requisitos espec\u00edficos de una determinada aplicaci\u00f3n. Las composiciones qu\u00edmicas certificadas para colada en coladas grandes ofrecen constancia y control anal\u00edtico en la constituci\u00f3n de la carga y la trazabilidad.\",\"breadcrumb\":{\"@id\":\"https:\\\/\\\/alliedmet.com\\\/es\\\/alliediron-hierro-de-alta-pureza\\\/#breadcrumb\"},\"inLanguage\":\"es\",\"potentialAction\":[{\"@type\":\"ReadAction\",\"target\":[\"https:\\\/\\\/alliedmet.com\\\/es\\\/alliediron-hierro-de-alta-pureza\\\/\"]}]},{\"@type\":\"ImageObject\",\"inLanguage\":\"es\",\"@id\":\"https:\\\/\\\/alliedmet.com\\\/es\\\/alliediron-hierro-de-alta-pureza\\\/#primaryimage\",\"url\":\"https:\\\/\\\/alliedmet.com\\\/wp-content\\\/uploads\\\/2019\\\/08\\\/allied-metal-products-image-high-purity-iron_cropped.png\",\"contentUrl\":\"https:\\\/\\\/alliedmet.com\\\/wp-content\\\/uploads\\\/2019\\\/08\\\/allied-metal-products-image-high-purity-iron_cropped.png\"},{\"@type\":\"BreadcrumbList\",\"@id\":\"https:\\\/\\\/alliedmet.com\\\/es\\\/alliediron-hierro-de-alta-pureza\\\/#breadcrumb\",\"itemListElement\":[{\"@type\":\"ListItem\",\"position\":1,\"name\":\"Home\",\"item\":\"https:\\\/\\\/alliedmet.com\\\/es\\\/\"},{\"@type\":\"ListItem\",\"position\":2,\"name\":\"ALLIEDIRON\u00ae (HIERRO DE ALTA PUREZA)\"}]},{\"@type\":\"WebSite\",\"@id\":\"https:\\\/\\\/alliedmet.com\\\/es\\\/#website\",\"url\":\"https:\\\/\\\/alliedmet.com\\\/es\\\/\",\"name\":\"Allied Metals Corporation\",\"description\":\"High Purity Iron and Low Carbon Iron\",\"publisher\":{\"@id\":\"https:\\\/\\\/alliedmet.com\\\/es\\\/#organization\"},\"potentialAction\":[{\"@type\":\"SearchAction\",\"target\":{\"@type\":\"EntryPoint\",\"urlTemplate\":\"https:\\\/\\\/alliedmet.com\\\/es\\\/?s={search_term_string}\"},\"query-input\":{\"@type\":\"PropertyValueSpecification\",\"valueRequired\":true,\"valueName\":\"search_term_string\"}}],\"inLanguage\":\"es\"},{\"@type\":\"Organization\",\"@id\":\"https:\\\/\\\/alliedmet.com\\\/es\\\/#organization\",\"name\":\"Allied Metals Corporation\",\"url\":\"https:\\\/\\\/alliedmet.com\\\/es\\\/\",\"logo\":{\"@type\":\"ImageObject\",\"inLanguage\":\"es\",\"@id\":\"https:\\\/\\\/alliedmet.com\\\/es\\\/#\\\/schema\\\/logo\\\/image\\\/\",\"url\":\"https:\\\/\\\/alliedmet.com\\\/wp-content\\\/uploads\\\/2019\\\/07\\\/AMC-English-logo.png\",\"contentUrl\":\"https:\\\/\\\/alliedmet.com\\\/wp-content\\\/uploads\\\/2019\\\/07\\\/AMC-English-logo.png\",\"width\":1029,\"height\":317,\"caption\":\"Allied Metals Corporation\"},\"image\":{\"@id\":\"https:\\\/\\\/alliedmet.com\\\/es\\\/#\\\/schema\\\/logo\\\/image\\\/\"},\"sameAs\":[\"https:\\\/\\\/www.linkedin.com\\\/company\\\/allied-metals\"]}]}<\/script>\n<!-- \/ Yoast SEO Premium plugin. -->","yoast_head_json":{"title":"ALLIEDIRON\u00ae (HIERRO DE ALTA PUREZA) - Allied Metals Corporation","description":"ALLIEDIRON\u00ae (HIERRO DE ALTA PUREZA) se usa en la producci\u00f3n de aleaciones inoxidables y de n\u00edquel, as\u00ed como en superaleaciones fundidas al vac\u00edo. La pureza superior general de Allied Metals ofrece un contenido particularmente bajo de f\u00f3sforo y azufre. Dada la amplia gama de productos en esta clasificaci\u00f3n, tambi\u00e9n tenemos la posibilidad de controlar las composiciones qu\u00edmicas de acuerdo con los requisitos espec\u00edficos de una determinada aplicaci\u00f3n. Las composiciones qu\u00edmicas certificadas para colada en coladas grandes ofrecen constancia y control anal\u00edtico en la constituci\u00f3n de la carga y la trazabilidad.","robots":{"index":"index","follow":"follow","max-snippet":"max-snippet:-1","max-image-preview":"max-image-preview:large","max-video-preview":"max-video-preview:-1"},"canonical":"https:\/\/alliedmet.com\/es\/alliediron-hierro-de-alta-pureza\/","og_locale":"es_ES","og_type":"article","og_title":"ALLIEDIRON\u00ae (HIERRO DE ALTA PUREZA)","og_description":"ALLIEDIRON\u00ae (HIERRO DE ALTA PUREZA) se usa en la producci\u00f3n de aleaciones inoxidables y de n\u00edquel, as\u00ed como en superaleaciones fundidas al vac\u00edo. La pureza superior general de Allied Metals ofrece un contenido particularmente bajo de f\u00f3sforo y azufre. Dada la amplia gama de productos en esta clasificaci\u00f3n, tambi\u00e9n tenemos la posibilidad de controlar las composiciones qu\u00edmicas de acuerdo con los requisitos espec\u00edficos de una determinada aplicaci\u00f3n. Las composiciones qu\u00edmicas certificadas para colada en coladas grandes ofrecen constancia y control anal\u00edtico en la constituci\u00f3n de la carga y la trazabilidad.","og_url":"https:\/\/alliedmet.com\/es\/alliediron-hierro-de-alta-pureza\/","og_site_name":"Allied Metals Corporation","article_modified_time":"2022-08-24T04:23:42+00:00","og_image":[{"url":"https:\/\/alliedmet.com\/wp-content\/uploads\/2019\/08\/allied-metal-products-image-high-purity-iron_cropped.png","type":"","width":"","height":""}],"twitter_card":"summary_large_image","twitter_misc":{"Tiempo de lectura":"2 minutos"},"schema":{"@context":"https:\/\/schema.org","@graph":[{"@type":"WebPage","@id":"https:\/\/alliedmet.com\/es\/alliediron-hierro-de-alta-pureza\/","url":"https:\/\/alliedmet.com\/es\/alliediron-hierro-de-alta-pureza\/","name":"ALLIEDIRON\u00ae (HIERRO DE ALTA PUREZA) - Allied Metals Corporation","isPartOf":{"@id":"https:\/\/alliedmet.com\/es\/#website"},"primaryImageOfPage":{"@id":"https:\/\/alliedmet.com\/es\/alliediron-hierro-de-alta-pureza\/#primaryimage"},"image":{"@id":"https:\/\/alliedmet.com\/es\/alliediron-hierro-de-alta-pureza\/#primaryimage"},"thumbnailUrl":"https:\/\/alliedmet.com\/wp-content\/uploads\/2019\/08\/allied-metal-products-image-high-purity-iron_cropped.png","datePublished":"2021-04-16T21:45:21+00:00","dateModified":"2022-08-24T04:23:42+00:00","description":"ALLIEDIRON\u00ae (HIERRO DE ALTA PUREZA) se usa en la producci\u00f3n de aleaciones inoxidables y de n\u00edquel, as\u00ed como en superaleaciones fundidas al vac\u00edo. La pureza superior general de Allied Metals ofrece un contenido particularmente bajo de f\u00f3sforo y azufre. Dada la amplia gama de productos en esta clasificaci\u00f3n, tambi\u00e9n tenemos la posibilidad de controlar las composiciones qu\u00edmicas de acuerdo con los requisitos espec\u00edficos de una determinada aplicaci\u00f3n. Las composiciones qu\u00edmicas certificadas para colada en coladas grandes ofrecen constancia y control anal\u00edtico en la constituci\u00f3n de la carga y la trazabilidad.","breadcrumb":{"@id":"https:\/\/alliedmet.com\/es\/alliediron-hierro-de-alta-pureza\/#breadcrumb"},"inLanguage":"es","potentialAction":[{"@type":"ReadAction","target":["https:\/\/alliedmet.com\/es\/alliediron-hierro-de-alta-pureza\/"]}]},{"@type":"ImageObject","inLanguage":"es","@id":"https:\/\/alliedmet.com\/es\/alliediron-hierro-de-alta-pureza\/#primaryimage","url":"https:\/\/alliedmet.com\/wp-content\/uploads\/2019\/08\/allied-metal-products-image-high-purity-iron_cropped.png","contentUrl":"https:\/\/alliedmet.com\/wp-content\/uploads\/2019\/08\/allied-metal-products-image-high-purity-iron_cropped.png"},{"@type":"BreadcrumbList","@id":"https:\/\/alliedmet.com\/es\/alliediron-hierro-de-alta-pureza\/#breadcrumb","itemListElement":[{"@type":"ListItem","position":1,"name":"Home","item":"https:\/\/alliedmet.com\/es\/"},{"@type":"ListItem","position":2,"name":"ALLIEDIRON\u00ae (HIERRO DE ALTA PUREZA)"}]},{"@type":"WebSite","@id":"https:\/\/alliedmet.com\/es\/#website","url":"https:\/\/alliedmet.com\/es\/","name":"Allied Metals Corporation","description":"High Purity Iron and Low Carbon Iron","publisher":{"@id":"https:\/\/alliedmet.com\/es\/#organization"},"potentialAction":[{"@type":"SearchAction","target":{"@type":"EntryPoint","urlTemplate":"https:\/\/alliedmet.com\/es\/?s={search_term_string}"},"query-input":{"@type":"PropertyValueSpecification","valueRequired":true,"valueName":"search_term_string"}}],"inLanguage":"es"},{"@type":"Organization","@id":"https:\/\/alliedmet.com\/es\/#organization","name":"Allied Metals Corporation","url":"https:\/\/alliedmet.com\/es\/","logo":{"@type":"ImageObject","inLanguage":"es","@id":"https:\/\/alliedmet.com\/es\/#\/schema\/logo\/image\/","url":"https:\/\/alliedmet.com\/wp-content\/uploads\/2019\/07\/AMC-English-logo.png","contentUrl":"https:\/\/alliedmet.com\/wp-content\/uploads\/2019\/07\/AMC-English-logo.png","width":1029,"height":317,"caption":"Allied Metals Corporation"},"image":{"@id":"https:\/\/alliedmet.com\/es\/#\/schema\/logo\/image\/"},"sameAs":["https:\/\/www.linkedin.com\/company\/allied-metals"]}]}},"_links":{"self":[{"href":"https:\/\/alliedmet.com\/es\/wp-json\/wp\/v2\/pages\/5117","targetHints":{"allow":["GET"]}}],"collection":[{"href":"https:\/\/alliedmet.com\/es\/wp-json\/wp\/v2\/pages"}],"about":[{"href":"https:\/\/alliedmet.com\/es\/wp-json\/wp\/v2\/types\/page"}],"author":[{"embeddable":true,"href":"https:\/\/alliedmet.com\/es\/wp-json\/wp\/v2\/users\/1"}],"replies":[{"embeddable":true,"href":"https:\/\/alliedmet.com\/es\/wp-json\/wp\/v2\/comments?post=5117"}],"version-history":[{"count":0,"href":"https:\/\/alliedmet.com\/es\/wp-json\/wp\/v2\/pages\/5117\/revisions"}],"wp:attachment":[{"href":"https:\/\/alliedmet.com\/es\/wp-json\/wp\/v2\/media?parent=5117"}],"curies":[{"name":"wp","href":"https:\/\/api.w.org\/{rel}","templated":true}]}}