{"id":5124,"date":"2021-04-16T21:59:10","date_gmt":"2021-04-16T21:59:10","guid":{"rendered":"https:\/\/alliedmet.com\/alliedpureiron-hierro-de-alta-pureza\/"},"modified":"2023-05-17T21:07:50","modified_gmt":"2023-05-17T21:07:50","slug":"alliedpureiron","status":"publish","type":"page","link":"https:\/\/alliedmet.com\/es\/alliedpureiron\/","title":{"rendered":"ALLIEDPUREIRON\u00ae"},"content":{"rendered":"\n<div id=\"wp-block-themeisle-blocks-advanced-columns-1fb4d474\" class=\"wp-block-themeisle-blocks-advanced-columns alignfull has-1-columns has-desktop-equal-layout has-tablet-equal-layout has-mobile-equal-layout has-vertical-unset\"><div class=\"wp-block-themeisle-blocks-advanced-columns-overlay\"><\/div><div class=\"innerblocks-wrap\">\n<div id=\"wp-block-themeisle-blocks-advanced-column-265f93a9\" class=\"wp-block-themeisle-blocks-advanced-column ticss-e277df75\">\n<div style=\"height:20px\" aria-hidden=\"true\" class=\"wp-block-spacer ticss-d5c866b1\"><\/div>\n<\/div>\n<\/div><\/div>\n\n\n\n<div id=\"wp-block-themeisle-blocks-advanced-columns-5842a883\" class=\"wp-block-themeisle-blocks-advanced-columns has-2-columns has-desktop-equal-layout has-tablet-collapsedRows-layout has-mobile-collapsedRows-layout has-vertical-unset\"><div class=\"wp-block-themeisle-blocks-advanced-columns-overlay\"><\/div><div class=\"innerblocks-wrap\">\n<div id=\"wp-block-themeisle-blocks-advanced-column-b4928aa4\" class=\"wp-block-themeisle-blocks-advanced-column\">\n<h1 class=\"wp-block-heading\" id=\"h-alliedpureiron\">ALLIEDPUREIRON\u00ae  <\/h1>\n\n\n\n<figure class=\"wp-block-image ticss-82868f85\"><img decoding=\"async\" width=\"900\" height=\"508\" data-src=\"https:\/\/alliedmet.com\/wp-content\/uploads\/2019\/10\/allied-metal-products-image2.png\" alt=\"ALLIEDPUREIRON\u00ae (~99,9 % hierro) es la soluci\u00f3n rentable de Allied Metals para sus aplicaciones m\u00e1s cruciales. La alta densidad de flujo magn\u00e9tico, la alta permeabilidad y el bajo campo coercitivo hacen que ALLIEDPUREIRON\u00ae sea el material \u00f3ptimo para la fabricaci\u00f3n de tecnolog\u00edas sofisticadas. Algunas aplicaciones incluyen electroimanes comerciales e imanes para aceleradores de part\u00edculas, componentes de dispositivos el\u00e9ctricos y diversos tipos de blindaje magn\u00e9tico.  El polvo de hierro puro se usa en diversas aplicaciones, como la fabricaci\u00f3n de aditivos, el moldeo por inyecci\u00f3n de metales y la fabricaci\u00f3n de productos qu\u00edmicos. \" class=\"wp-image-5126 lazyload\" data-srcset=\"https:\/\/alliedmet.com\/wp-content\/uploads\/2019\/10\/allied-metal-products-image2.png 900w, https:\/\/alliedmet.com\/wp-content\/uploads\/2019\/10\/allied-metal-products-image2-300x169.png 300w, https:\/\/alliedmet.com\/wp-content\/uploads\/2019\/10\/allied-metal-products-image2-768x433.png 768w\" data-sizes=\"(max-width: 900px) 100vw, 900px\" src=\"data:image\/svg+xml;base64,PHN2ZyB3aWR0aD0iMSIgaGVpZ2h0PSIxIiB4bWxucz0iaHR0cDovL3d3dy53My5vcmcvMjAwMC9zdmciPjwvc3ZnPg==\" style=\"--smush-placeholder-width: 900px; --smush-placeholder-aspect-ratio: 900\/508;\" \/><\/figure>\n\n\n\n<div style=\"height:28px\" aria-hidden=\"true\" class=\"wp-block-spacer\"><\/div>\n\n\n\n<div class=\"wp-block-buttons is-horizontal is-content-justification-right is-layout-flex wp-container-core-buttons-is-layout-ae2fe186 wp-block-buttons-is-layout-flex\">\n<div class=\"wp-block-button is-style-outline is-style-outline--1\"><a class=\"wp-block-button__link has-neve-link-color-color has-text-color wp-element-button\" href=\"https:\/\/alliedmet.com\/es\/solicitar-folleto-de-alliedpureiron\/\">SOLICITE UN FOLLETO &#8211; ALLIEDPUREIRON\u00ae <\/a><\/div>\n<\/div>\n<\/div>\n\n\n\n<div id=\"wp-block-themeisle-blocks-advanced-column-15c19d88\" class=\"wp-block-themeisle-blocks-advanced-column\">\n<p class=\"has-normal-font-size\">ALLIEDPUREIRON<sup>\u00ae<\/sup>&nbsp;(~99,9&nbsp;% hierro) es la soluci\u00f3n rentable de Allied Metals para sus aplicaciones m\u00e1s cruciales. La alta densidad de flujo magn\u00e9tico, la alta permeabilidad y el bajo campo coercitivo hacen que ALLIEDPUREIRON\u00ae sea el material \u00f3ptimo para la fabricaci\u00f3n de tecnolog\u00edas sofisticadas. Algunas aplicaciones incluyen electroimanes comerciales e imanes para aceleradores de part\u00edculas, componentes de dispositivos el\u00e9ctricos y diversos tipos de blindaje magn\u00e9tico.&nbsp; El polvo de hierro puro se usa en diversas aplicaciones, como la fabricaci\u00f3n de aditivos, el moldeo por inyecci\u00f3n de metales y la fabricaci\u00f3n de productos qu\u00edmicos.&nbsp;&nbsp;<br><\/p>\n\n\n\n<p class=\"has-normal-font-size\">Existen requisitos espec\u00edficos sobre las materias primas utilizadas en todas las aplicaciones. Tenemos la capacidad de proporcionar material para cada una de sus especificaciones magn\u00e9ticas, qu\u00edmicas y mec\u00e1nicas individuales. <\/p>\n\n\n\n<p>Los productos ALLIEDPUREIRON\u00ae tambi\u00e9n se pueden suministrar seg\u00fan los requisitos de:<br><strong>ASTM A848<\/strong>: especificaci\u00f3n est\u00e1ndar para hierro magn\u00e9tico bajo en carbono<br><strong>ASTM A1126<\/strong>: especificaci\u00f3n est\u00e1ndar para hierro puro magn\u00e9tico<\/p>\n\n\n\n<div class=\"wp-block-buttons is-layout-flex wp-block-buttons-is-layout-flex\">\n<div class=\"wp-block-button is-style-outline is-style-outline--2\"><a class=\"wp-block-button__link has-neve-link-color-color has-text-color\" href=\"https:\/\/alliedmet.com\/es\/productos\/\">L\u00cdNEA COMPLETA DE PRODUCTOS <\/a><\/div>\n\n\n\n<div class=\"wp-block-button\"><a class=\"wp-block-button__link\" href=\"https:\/\/alliedmet.com\/es\/solicitud-de-cotizacion-de-productos\/\">CONSIGUE UNA COTIZACI\u00d3N<\/a><\/div>\n<\/div>\n<\/div>\n<\/div><\/div>\n\n\n\n<div id=\"wp-block-themeisle-blocks-advanced-columns-13fb2c56\" class=\"wp-block-themeisle-blocks-advanced-columns alignwide has-1-columns has-desktop-equal-layout has-tablet-equal-layout has-mobile-equal-layout has-vertical-unset\"><div class=\"wp-block-themeisle-blocks-advanced-columns-overlay\"><\/div><div class=\"innerblocks-wrap\">\n<div id=\"wp-block-themeisle-blocks-advanced-column-9dd4e48a\" class=\"wp-block-themeisle-blocks-advanced-column\">\n<h3 class=\"has-text-align-left ticss-75ace171 wp-block-heading\" id=\"h-alliedpureiron-typical-mechanical-physical-properties-avg-values-as-rolled\"><strong>ALLIEDPUREIRON\u00ae Typical Mechanical\/Physical Properties (Avg. Values as Rolled)<\/strong><\/h3>\n\n\n\n<figure class=\"wp-block-table is-style-regular ticss-da9816b8\"><table><tbody><tr><td><strong>Yield Strength<\/strong><\/td><td>200 N\/mm2<\/td><\/tr><tr><td><strong>Tensile Strength<\/strong><\/td><td>320 N\/mm2<\/td><\/tr><tr><td><strong>Elongation (L = 5d)<\/strong><\/td><td>40%<\/td><\/tr><tr><td><strong>Density (at 20 \u00b0C)<\/strong><\/td><td>7.86 kg\/dm3<\/td><\/tr><tr><td><strong>Elastic Modulus<\/strong><\/td><td>207 kN\/mm2<\/td><\/tr><tr><td><strong>Melting Point<\/strong><\/td><td>1536 \u00b0C<\/td><\/tr><tr><td><strong>Hardness<\/strong><\/td><td>90 HB Max<\/td><\/tr><tr><td><strong>Linear Thermal Expansion Coefficient (0 \u00b0C &#8211; 100 \u00b0C)<\/strong><\/td><td>12 x 10-6&nbsp;x \u00b0C-1<\/td><\/tr><tr><td><strong>Specific Resistance (at 20 \u00b0C)<\/strong><\/td><td>0.11 Ohm x mm2\/m<\/td><\/tr><\/tbody><\/table><\/figure>\n\n\n\n<div style=\"height:70px\" aria-hidden=\"true\" class=\"wp-block-spacer\"><\/div>\n\n\n\n<h3 class=\"has-text-align-left ticss-75ace171 wp-block-heading\" id=\"h-alliedpureiron-chemical-composition\">A<strong>LLIEDPUREIRON\u00ae Chemical Composition<\/strong><\/h3>\n\n\n\n<figure class=\"wp-block-table is-style-regular ticss-da9816b8\"><table class=\"has-fixed-layout\"><tbody><tr><td><strong>Analysis (%)<\/strong><\/td><td><strong> (Typical)<\/strong><\/td><td><strong> (Maximum)<\/strong><\/td><td><strong>AISI 1006 (Reference)<\/strong><\/td><td><strong>C15 (Reference)<\/strong><\/td><\/tr><tr><td><strong>C<\/strong><\/td><td>0.002<\/td><td>0.010<\/td><td>\u2264 0.08<\/td><td>0.12 &#8211; 0.18<\/td><\/tr><tr><td><strong>Mn<\/strong><\/td><td>0.04<\/td><td>0.10<\/td><td>0.25 &#8211; 0.4<\/td><td>0.25 &#8211; 0.5<\/td><\/tr><tr><td><strong>P<\/strong><\/td><td>0.004<\/td><td>0.005<\/td><td>\u2264 0.03<\/td><td>0.045<\/td><\/tr><tr><td><strong>S<\/strong><\/td><td>0.003<\/td><td>0.004<\/td><td>\u2264 0.05<\/td><td>0.045<\/td><\/tr><tr><td><strong>N<\/strong><\/td><td>0.004<\/td><td>&#8211;<\/td><td>&#8211;<\/td><td>&#8211;<\/td><\/tr><tr><td><strong>Cu<\/strong><\/td><td>0.01<\/td><td>&#8211;<\/td><td>&#8211;<\/td><td>&#8211;<\/td><\/tr><tr><td><strong>Al<\/strong><\/td><td>0.003<\/td><td>&#8211;<\/td><td>&#8211;<\/td><td>&#8211;<\/td><\/tr><tr><td><strong>Si<\/strong><\/td><td>0.003<\/td><td>&#8211;<\/td><td>&#8211;<\/td><td>&#8211;<\/td><\/tr><\/tbody><\/table><\/figure>\n\n\n\n<div style=\"height:70px\" aria-hidden=\"true\" class=\"wp-block-spacer\"><\/div>\n\n\n\n<h3 class=\"has-text-align-left ticss-75ace171 wp-block-heading\" id=\"h-alliedpureiron-typical-magnetic-properties\"><strong>ALLIEDPUREIRON\u00ae Typical Magnetic Properties<\/strong><\/h3>\n\n\n\n<figure class=\"wp-block-table is-style-regular ticss-da9816b8\"><table class=\"has-fixed-layout\"><tbody><tr><td><strong>Maximum Flux Density<\/strong><\/td><td>2.15 T<\/td><\/tr><tr><td><strong>Maximum Permeability<\/strong><\/td><td>2000 &#8211; 20000<\/td><\/tr><tr><td><strong>Initial Permeability<\/strong><\/td><td>300 &#8211; 500<\/td><\/tr><tr><td><strong>Coercivity<\/strong><\/td><td>15 &#8211; 160 A\/m<\/td><\/tr><\/tbody><\/table><\/figure>\n\n\n\n<div style=\"height:70px\" aria-hidden=\"true\" class=\"wp-block-spacer\"><\/div>\n\n\n\n<h3 class=\"has-text-align-left ticss-75ace171 wp-block-heading\" id=\"h-alliedpureiron-standard-forms-and-dimensions\"><strong>ALLIEDPUREIRON\u00ae Standard Forms and Dimensions<\/strong><\/h3>\n\n\n\n<figure class=\"wp-block-table is-style-regular ticss-da9816b8\"><table class=\"has-fixed-layout\"><tbody><tr><td>Hot Rolled (EN10029)<\/td><td>Cold Rolled (EN10131)<\/td><td>Hot Rolled (EN10060)<\/td><\/tr><tr><td>2 mm: 1000 x 2000<\/td><td>1.0 mm: 1000 x 2000<\/td><td>20 mm diameter<\/td><\/tr><tr><td>3 mm: 1000 x 2000<\/td><td>1.5 mm: 1000 x 2000<\/td><td>30 mm diameter<\/td><\/tr><tr><td>4 mm: 1000 x 2000<\/td><td>2.0 mm: 1000 x 2000<\/td><td>40 mm diameter<\/td><\/tr><tr><td>5 mm: 1000 x 2000<\/td><td><\/td><td>50 mm diameter<\/td><\/tr><tr><td>6 mm: 1000 x 2000<\/td><td><\/td><td>60 mm diameter<\/td><\/tr><tr><td>8 mm: 1000 x 2000<\/td><td><\/td><td>80 mm diameter<\/td><\/tr><tr><td>10 mm: 1000 x 2000<\/td><td><\/td><td>100 mm diameter<\/td><\/tr><tr><td>12 mm: 1000 x 2000<\/td><td><\/td><td>120 mm diameter<\/td><\/tr><tr><td>15 mm: 1000 x 2000<\/td><td><\/td><td>140 mm diameter<\/td><\/tr><tr><td>20 mm: 1000 x 2000<\/td><td><\/td><td>160 mm diameter<\/td><\/tr><tr><td>25 mm: 1000 x 2000<\/td><td><\/td><td>180 mm diameter<\/td><\/tr><tr><td>25 mm: 2000 x 4000<\/td><td><\/td><td><\/td><\/tr><tr><td>30 mm: 1000 x 2000<\/td><td><\/td><td><\/td><\/tr><tr><td>30 mm: 2000 x 4000<\/td><td><\/td><td><\/td><\/tr><tr><td>40 mm: 1000 x 2000<\/td><td><\/td><td><\/td><\/tr><tr><td>40 mm: 2000 x 4000<\/td><td><\/td><td><\/td><\/tr><tr><td>50 mm: 1000 x 2000<\/td><td><\/td><td><\/td><\/tr><tr><td>50 mm: 2000 x 4000<\/td><td><\/td><td><\/td><\/tr><tr><td>70 mm: 1000 x 2000<\/td><td><\/td><td><\/td><\/tr><tr><td>70 mm: 2000 x 4000<\/td><td><\/td><td><\/td><\/tr><tr><td>100 mm: 1000 x 2000<\/td><td><\/td><td><\/td><\/tr><tr><td>100 mm: 2000 x 4000<\/td><td><\/td><td><\/td><\/tr><tr><td>115 mm: 1000 x 2000<\/td><td><\/td><td><\/td><\/tr><tr><td>115 mm: 2000 x 4000<\/td><td><\/td><td><\/td><\/tr><tr><td>140 mm: 1000 x 2000<\/td><td><\/td><td><\/td><\/tr><tr><td>140 mm: 2000 x 4000<\/td><td><\/td><td><\/td><\/tr><tr><td>150 mm: 1000 x 2000<\/td><td><\/td><td><\/td><\/tr><tr><td>150 mm: 2000 x 4000<\/td><td><\/td><td><\/td><\/tr><tr><td>160 mm: 1000 x 2000<\/td><td><\/td><td><\/td><\/tr><tr><td>160 mm: 2000 x 4000<\/td><td><\/td><td><\/td><\/tr><\/tbody><\/table><\/figure>\n\n\n\n<p class=\"ticss-90a5103a\">All forms are available in custom dimensions upon request (larger\/smaller dimensions possible). Blooms are available with thicknesses from 40 mm &#8211; 400 mm.<br>Please inquire about forms and shapes not listed above.<\/p>\n<\/div>\n<\/div><\/div>\n","protected":false},"excerpt":{"rendered":"","protected":false},"author":1,"featured_media":0,"parent":0,"menu_order":0,"comment_status":"closed","ping_status":"closed","template":"page-templates\/template-pagebuilder-full-width.php","meta":{"neve_meta_sidebar":"full-width","neve_meta_container":"","neve_meta_enable_content_width":"off","neve_meta_content_width":0,"neve_meta_title_alignment":"","neve_meta_author_avatar":"","neve_post_elements_order":"","neve_meta_disable_header":"","neve_meta_disable_footer":"","neve_meta_disable_title":"on","_themeisle_gutenberg_block_has_review":false,"footnotes":""},"class_list":["post-5124","page","type-page","status-publish","hentry"],"yoast_head":"<!-- This site is optimized with the Yoast SEO Premium plugin v27.3 (Yoast SEO v27.3) - https:\/\/yoast.com\/product\/yoast-seo-premium-wordpress\/ -->\n<title>ALLIEDPUREIRON\u00ae - Allied Metals Corporation<\/title>\n<meta name=\"description\" content=\"ALLIEDPUREIRON\u00ae (~99,9 % hierro) es la soluci\u00f3n rentable de Allied Metals para sus aplicaciones m\u00e1s cruciales. La alta densidad de flujo magn\u00e9tico, la alta permeabilidad y el bajo campo coercitivo hacen que ALLIEDPUREIRON\u00ae sea el material \u00f3ptimo para la fabricaci\u00f3n de tecnolog\u00edas sofisticadas. Algunas aplicaciones incluyen electroimanes comerciales e imanes para aceleradores de part\u00edculas, componentes de dispositivos el\u00e9ctricos y diversos tipos de blindaje magn\u00e9tico. El polvo de hierro puro se usa en diversas aplicaciones, como la fabricaci\u00f3n de aditivos, el moldeo por inyecci\u00f3n de metales y la fabricaci\u00f3n de productos qu\u00edmicos. Existen requisitos espec\u00edficos para las materias primas que se usan en todas las aplicaciones. Nosotros tenemos la capacidad de ofrecer materiales para cada una de sus especificaciones individuales a nivel magn\u00e9tico, qu\u00edmico y mec\u00e1nico.\" \/>\n<meta name=\"robots\" content=\"index, follow, max-snippet:-1, max-image-preview:large, max-video-preview:-1\" \/>\n<link rel=\"canonical\" href=\"https:\/\/alliedmet.com\/es\/alliedpureiron\/\" \/>\n<meta property=\"og:locale\" content=\"es_ES\" \/>\n<meta property=\"og:type\" content=\"article\" \/>\n<meta property=\"og:title\" content=\"ALLIEDPUREIRON\u00ae\" \/>\n<meta property=\"og:description\" content=\"ALLIEDPUREIRON\u00ae (~99,9 % hierro) es la soluci\u00f3n rentable de Allied Metals para sus aplicaciones m\u00e1s cruciales. La alta densidad de flujo magn\u00e9tico, la alta permeabilidad y el bajo campo coercitivo hacen que ALLIEDPUREIRON\u00ae sea el material \u00f3ptimo para la fabricaci\u00f3n de tecnolog\u00edas sofisticadas. Algunas aplicaciones incluyen electroimanes comerciales e imanes para aceleradores de part\u00edculas, componentes de dispositivos el\u00e9ctricos y diversos tipos de blindaje magn\u00e9tico. El polvo de hierro puro se usa en diversas aplicaciones, como la fabricaci\u00f3n de aditivos, el moldeo por inyecci\u00f3n de metales y la fabricaci\u00f3n de productos qu\u00edmicos. Existen requisitos espec\u00edficos para las materias primas que se usan en todas las aplicaciones. Nosotros tenemos la capacidad de ofrecer materiales para cada una de sus especificaciones individuales a nivel magn\u00e9tico, qu\u00edmico y mec\u00e1nico.\" \/>\n<meta property=\"og:url\" content=\"https:\/\/alliedmet.com\/es\/alliedpureiron\/\" \/>\n<meta property=\"og:site_name\" content=\"Allied Metals Corporation\" \/>\n<meta property=\"article:modified_time\" content=\"2023-05-17T21:07:50+00:00\" \/>\n<meta property=\"og:image\" content=\"https:\/\/alliedmet.com\/wp-content\/uploads\/2019\/10\/allied-metal-products-image2.png\" \/>\n<meta name=\"twitter:card\" content=\"summary_large_image\" \/>\n<meta name=\"twitter:label1\" content=\"Tiempo de lectura\" \/>\n\t<meta name=\"twitter:data1\" content=\"3 minutos\" \/>\n<script type=\"application\/ld+json\" class=\"yoast-schema-graph\">{\"@context\":\"https:\\\/\\\/schema.org\",\"@graph\":[{\"@type\":\"WebPage\",\"@id\":\"https:\\\/\\\/alliedmet.com\\\/es\\\/alliedpureiron\\\/\",\"url\":\"https:\\\/\\\/alliedmet.com\\\/es\\\/alliedpureiron\\\/\",\"name\":\"ALLIEDPUREIRON\u00ae - Allied Metals Corporation\",\"isPartOf\":{\"@id\":\"https:\\\/\\\/alliedmet.com\\\/es\\\/#website\"},\"primaryImageOfPage\":{\"@id\":\"https:\\\/\\\/alliedmet.com\\\/es\\\/alliedpureiron\\\/#primaryimage\"},\"image\":{\"@id\":\"https:\\\/\\\/alliedmet.com\\\/es\\\/alliedpureiron\\\/#primaryimage\"},\"thumbnailUrl\":\"https:\\\/\\\/alliedmet.com\\\/wp-content\\\/uploads\\\/2019\\\/10\\\/allied-metal-products-image2.png\",\"datePublished\":\"2021-04-16T21:59:10+00:00\",\"dateModified\":\"2023-05-17T21:07:50+00:00\",\"description\":\"ALLIEDPUREIRON\u00ae (~99,9 % hierro) es la soluci\u00f3n rentable de Allied Metals para sus aplicaciones m\u00e1s cruciales. La alta densidad de flujo magn\u00e9tico, la alta permeabilidad y el bajo campo coercitivo hacen que ALLIEDPUREIRON\u00ae sea el material \u00f3ptimo para la fabricaci\u00f3n de tecnolog\u00edas sofisticadas. Algunas aplicaciones incluyen electroimanes comerciales e imanes para aceleradores de part\u00edculas, componentes de dispositivos el\u00e9ctricos y diversos tipos de blindaje magn\u00e9tico. El polvo de hierro puro se usa en diversas aplicaciones, como la fabricaci\u00f3n de aditivos, el moldeo por inyecci\u00f3n de metales y la fabricaci\u00f3n de productos qu\u00edmicos. Existen requisitos espec\u00edficos para las materias primas que se usan en todas las aplicaciones. Nosotros tenemos la capacidad de ofrecer materiales para cada una de sus especificaciones individuales a nivel magn\u00e9tico, qu\u00edmico y mec\u00e1nico.\",\"breadcrumb\":{\"@id\":\"https:\\\/\\\/alliedmet.com\\\/es\\\/alliedpureiron\\\/#breadcrumb\"},\"inLanguage\":\"es\",\"potentialAction\":[{\"@type\":\"ReadAction\",\"target\":[\"https:\\\/\\\/alliedmet.com\\\/es\\\/alliedpureiron\\\/\"]}]},{\"@type\":\"ImageObject\",\"inLanguage\":\"es\",\"@id\":\"https:\\\/\\\/alliedmet.com\\\/es\\\/alliedpureiron\\\/#primaryimage\",\"url\":\"https:\\\/\\\/alliedmet.com\\\/wp-content\\\/uploads\\\/2019\\\/10\\\/allied-metal-products-image2.png\",\"contentUrl\":\"https:\\\/\\\/alliedmet.com\\\/wp-content\\\/uploads\\\/2019\\\/10\\\/allied-metal-products-image2.png\"},{\"@type\":\"BreadcrumbList\",\"@id\":\"https:\\\/\\\/alliedmet.com\\\/es\\\/alliedpureiron\\\/#breadcrumb\",\"itemListElement\":[{\"@type\":\"ListItem\",\"position\":1,\"name\":\"Home\",\"item\":\"https:\\\/\\\/alliedmet.com\\\/es\\\/\"},{\"@type\":\"ListItem\",\"position\":2,\"name\":\"ALLIEDPUREIRON\u00ae\"}]},{\"@type\":\"WebSite\",\"@id\":\"https:\\\/\\\/alliedmet.com\\\/es\\\/#website\",\"url\":\"https:\\\/\\\/alliedmet.com\\\/es\\\/\",\"name\":\"Allied Metals Corporation\",\"description\":\"High Purity Iron and Low Carbon Iron\",\"publisher\":{\"@id\":\"https:\\\/\\\/alliedmet.com\\\/es\\\/#organization\"},\"potentialAction\":[{\"@type\":\"SearchAction\",\"target\":{\"@type\":\"EntryPoint\",\"urlTemplate\":\"https:\\\/\\\/alliedmet.com\\\/es\\\/?s={search_term_string}\"},\"query-input\":{\"@type\":\"PropertyValueSpecification\",\"valueRequired\":true,\"valueName\":\"search_term_string\"}}],\"inLanguage\":\"es\"},{\"@type\":\"Organization\",\"@id\":\"https:\\\/\\\/alliedmet.com\\\/es\\\/#organization\",\"name\":\"Allied Metals Corporation\",\"url\":\"https:\\\/\\\/alliedmet.com\\\/es\\\/\",\"logo\":{\"@type\":\"ImageObject\",\"inLanguage\":\"es\",\"@id\":\"https:\\\/\\\/alliedmet.com\\\/es\\\/#\\\/schema\\\/logo\\\/image\\\/\",\"url\":\"https:\\\/\\\/alliedmet.com\\\/wp-content\\\/uploads\\\/2019\\\/07\\\/AMC-English-logo.png\",\"contentUrl\":\"https:\\\/\\\/alliedmet.com\\\/wp-content\\\/uploads\\\/2019\\\/07\\\/AMC-English-logo.png\",\"width\":1029,\"height\":317,\"caption\":\"Allied Metals Corporation\"},\"image\":{\"@id\":\"https:\\\/\\\/alliedmet.com\\\/es\\\/#\\\/schema\\\/logo\\\/image\\\/\"},\"sameAs\":[\"https:\\\/\\\/www.linkedin.com\\\/company\\\/allied-metals\"]}]}<\/script>\n<!-- \/ Yoast SEO Premium plugin. -->","yoast_head_json":{"title":"ALLIEDPUREIRON\u00ae - Allied Metals Corporation","description":"ALLIEDPUREIRON\u00ae (~99,9 % hierro) es la soluci\u00f3n rentable de Allied Metals para sus aplicaciones m\u00e1s cruciales. La alta densidad de flujo magn\u00e9tico, la alta permeabilidad y el bajo campo coercitivo hacen que ALLIEDPUREIRON\u00ae sea el material \u00f3ptimo para la fabricaci\u00f3n de tecnolog\u00edas sofisticadas. Algunas aplicaciones incluyen electroimanes comerciales e imanes para aceleradores de part\u00edculas, componentes de dispositivos el\u00e9ctricos y diversos tipos de blindaje magn\u00e9tico. El polvo de hierro puro se usa en diversas aplicaciones, como la fabricaci\u00f3n de aditivos, el moldeo por inyecci\u00f3n de metales y la fabricaci\u00f3n de productos qu\u00edmicos. Existen requisitos espec\u00edficos para las materias primas que se usan en todas las aplicaciones. Nosotros tenemos la capacidad de ofrecer materiales para cada una de sus especificaciones individuales a nivel magn\u00e9tico, qu\u00edmico y mec\u00e1nico.","robots":{"index":"index","follow":"follow","max-snippet":"max-snippet:-1","max-image-preview":"max-image-preview:large","max-video-preview":"max-video-preview:-1"},"canonical":"https:\/\/alliedmet.com\/es\/alliedpureiron\/","og_locale":"es_ES","og_type":"article","og_title":"ALLIEDPUREIRON\u00ae","og_description":"ALLIEDPUREIRON\u00ae (~99,9 % hierro) es la soluci\u00f3n rentable de Allied Metals para sus aplicaciones m\u00e1s cruciales. La alta densidad de flujo magn\u00e9tico, la alta permeabilidad y el bajo campo coercitivo hacen que ALLIEDPUREIRON\u00ae sea el material \u00f3ptimo para la fabricaci\u00f3n de tecnolog\u00edas sofisticadas. Algunas aplicaciones incluyen electroimanes comerciales e imanes para aceleradores de part\u00edculas, componentes de dispositivos el\u00e9ctricos y diversos tipos de blindaje magn\u00e9tico. El polvo de hierro puro se usa en diversas aplicaciones, como la fabricaci\u00f3n de aditivos, el moldeo por inyecci\u00f3n de metales y la fabricaci\u00f3n de productos qu\u00edmicos. Existen requisitos espec\u00edficos para las materias primas que se usan en todas las aplicaciones. Nosotros tenemos la capacidad de ofrecer materiales para cada una de sus especificaciones individuales a nivel magn\u00e9tico, qu\u00edmico y mec\u00e1nico.","og_url":"https:\/\/alliedmet.com\/es\/alliedpureiron\/","og_site_name":"Allied Metals Corporation","article_modified_time":"2023-05-17T21:07:50+00:00","og_image":[{"url":"https:\/\/alliedmet.com\/wp-content\/uploads\/2019\/10\/allied-metal-products-image2.png","type":"","width":"","height":""}],"twitter_card":"summary_large_image","twitter_misc":{"Tiempo de lectura":"3 minutos"},"schema":{"@context":"https:\/\/schema.org","@graph":[{"@type":"WebPage","@id":"https:\/\/alliedmet.com\/es\/alliedpureiron\/","url":"https:\/\/alliedmet.com\/es\/alliedpureiron\/","name":"ALLIEDPUREIRON\u00ae - Allied Metals Corporation","isPartOf":{"@id":"https:\/\/alliedmet.com\/es\/#website"},"primaryImageOfPage":{"@id":"https:\/\/alliedmet.com\/es\/alliedpureiron\/#primaryimage"},"image":{"@id":"https:\/\/alliedmet.com\/es\/alliedpureiron\/#primaryimage"},"thumbnailUrl":"https:\/\/alliedmet.com\/wp-content\/uploads\/2019\/10\/allied-metal-products-image2.png","datePublished":"2021-04-16T21:59:10+00:00","dateModified":"2023-05-17T21:07:50+00:00","description":"ALLIEDPUREIRON\u00ae (~99,9 % hierro) es la soluci\u00f3n rentable de Allied Metals para sus aplicaciones m\u00e1s cruciales. La alta densidad de flujo magn\u00e9tico, la alta permeabilidad y el bajo campo coercitivo hacen que ALLIEDPUREIRON\u00ae sea el material \u00f3ptimo para la fabricaci\u00f3n de tecnolog\u00edas sofisticadas. Algunas aplicaciones incluyen electroimanes comerciales e imanes para aceleradores de part\u00edculas, componentes de dispositivos el\u00e9ctricos y diversos tipos de blindaje magn\u00e9tico. El polvo de hierro puro se usa en diversas aplicaciones, como la fabricaci\u00f3n de aditivos, el moldeo por inyecci\u00f3n de metales y la fabricaci\u00f3n de productos qu\u00edmicos. Existen requisitos espec\u00edficos para las materias primas que se usan en todas las aplicaciones. Nosotros tenemos la capacidad de ofrecer materiales para cada una de sus especificaciones individuales a nivel magn\u00e9tico, qu\u00edmico y mec\u00e1nico.","breadcrumb":{"@id":"https:\/\/alliedmet.com\/es\/alliedpureiron\/#breadcrumb"},"inLanguage":"es","potentialAction":[{"@type":"ReadAction","target":["https:\/\/alliedmet.com\/es\/alliedpureiron\/"]}]},{"@type":"ImageObject","inLanguage":"es","@id":"https:\/\/alliedmet.com\/es\/alliedpureiron\/#primaryimage","url":"https:\/\/alliedmet.com\/wp-content\/uploads\/2019\/10\/allied-metal-products-image2.png","contentUrl":"https:\/\/alliedmet.com\/wp-content\/uploads\/2019\/10\/allied-metal-products-image2.png"},{"@type":"BreadcrumbList","@id":"https:\/\/alliedmet.com\/es\/alliedpureiron\/#breadcrumb","itemListElement":[{"@type":"ListItem","position":1,"name":"Home","item":"https:\/\/alliedmet.com\/es\/"},{"@type":"ListItem","position":2,"name":"ALLIEDPUREIRON\u00ae"}]},{"@type":"WebSite","@id":"https:\/\/alliedmet.com\/es\/#website","url":"https:\/\/alliedmet.com\/es\/","name":"Allied Metals Corporation","description":"High Purity Iron and Low Carbon Iron","publisher":{"@id":"https:\/\/alliedmet.com\/es\/#organization"},"potentialAction":[{"@type":"SearchAction","target":{"@type":"EntryPoint","urlTemplate":"https:\/\/alliedmet.com\/es\/?s={search_term_string}"},"query-input":{"@type":"PropertyValueSpecification","valueRequired":true,"valueName":"search_term_string"}}],"inLanguage":"es"},{"@type":"Organization","@id":"https:\/\/alliedmet.com\/es\/#organization","name":"Allied Metals Corporation","url":"https:\/\/alliedmet.com\/es\/","logo":{"@type":"ImageObject","inLanguage":"es","@id":"https:\/\/alliedmet.com\/es\/#\/schema\/logo\/image\/","url":"https:\/\/alliedmet.com\/wp-content\/uploads\/2019\/07\/AMC-English-logo.png","contentUrl":"https:\/\/alliedmet.com\/wp-content\/uploads\/2019\/07\/AMC-English-logo.png","width":1029,"height":317,"caption":"Allied Metals Corporation"},"image":{"@id":"https:\/\/alliedmet.com\/es\/#\/schema\/logo\/image\/"},"sameAs":["https:\/\/www.linkedin.com\/company\/allied-metals"]}]}},"_links":{"self":[{"href":"https:\/\/alliedmet.com\/es\/wp-json\/wp\/v2\/pages\/5124","targetHints":{"allow":["GET"]}}],"collection":[{"href":"https:\/\/alliedmet.com\/es\/wp-json\/wp\/v2\/pages"}],"about":[{"href":"https:\/\/alliedmet.com\/es\/wp-json\/wp\/v2\/types\/page"}],"author":[{"embeddable":true,"href":"https:\/\/alliedmet.com\/es\/wp-json\/wp\/v2\/users\/1"}],"replies":[{"embeddable":true,"href":"https:\/\/alliedmet.com\/es\/wp-json\/wp\/v2\/comments?post=5124"}],"version-history":[{"count":0,"href":"https:\/\/alliedmet.com\/es\/wp-json\/wp\/v2\/pages\/5124\/revisions"}],"wp:attachment":[{"href":"https:\/\/alliedmet.com\/es\/wp-json\/wp\/v2\/media?parent=5124"}],"curies":[{"name":"wp","href":"https:\/\/api.w.org\/{rel}","templated":true}]}}