{"id":5136,"date":"2021-04-17T00:09:56","date_gmt":"2021-04-17T00:09:56","guid":{"rendered":"https:\/\/alliedmet.com\/acero-al-carbono-y-acero-de-aleacion-baja\/"},"modified":"2021-04-22T00:07:21","modified_gmt":"2021-04-22T00:07:21","slug":"acero-al-carbono-y-acero-de-aleacion-baja","status":"publish","type":"page","link":"https:\/\/alliedmet.com\/es\/acero-al-carbono-y-acero-de-aleacion-baja\/","title":{"rendered":"ACERO AL CARBONO Y ACERO DE ALEACI\u00d3N BAJA"},"content":{"rendered":"\n<div class=\"wp-block-themeisle-blocks-advanced-columns alignfull has-1-columns has-desktop-equal-layout has-tablet-equal-layout has-mobile-equal-layout has-nogap-gap has-vertical-unset\" id=\"wp-block-themeisle-blocks-advanced-columns-1c810956\"><div class=\"wp-block-themeisle-blocks-advanced-columns-overlay\"><\/div><div class=\"innerblocks-wrap\">\n<div class=\"wp-block-themeisle-blocks-advanced-column\" id=\"wp-block-themeisle-blocks-advanced-column-534bd697\">\n<div style=\"height:20px\" aria-hidden=\"true\" class=\"wp-block-spacer ticss-d5c866b1\"><\/div>\n<\/div>\n<\/div><\/div>\n\n\n\n<div class=\"wp-block-themeisle-blocks-advanced-columns has-2-columns has-desktop-equal-layout has-tablet-collapsedRows-layout has-mobile-collapsedRows-layout has-default-gap has-vertical-unset\" id=\"wp-block-themeisle-blocks-advanced-columns-9acfe891\"><div class=\"wp-block-themeisle-blocks-advanced-columns-overlay\"><\/div><div class=\"innerblocks-wrap\">\n<div class=\"wp-block-themeisle-blocks-advanced-column\" id=\"wp-block-themeisle-blocks-advanced-column-f01264fc\">\n<h1 class=\"wp-block-heading\" id=\"h-acero-al-carbono-y-acero-de-aleaci-n-baja\">ACERO AL CARBONO Y <br>ACERO DE ALEACI\u00d3N BAJA<\/h1>\n\n\n\n<figure class=\"wp-block-image ticss-6ca815bc\"><img decoding=\"async\" width=\"865\" height=\"309\" data-src=\"https:\/\/alliedmet.com\/wp-content\/uploads\/2019\/11\/image.png\" alt=\"ACERO AL CARBONO y ACERO DE BAJA ALEACI\u00d3N utilizado como material fundido para fundiciones por inducci\u00f3n \" class=\"wp-image-1788 lazyload\" data-srcset=\"https:\/\/alliedmet.com\/wp-content\/uploads\/2019\/11\/image.png 865w, https:\/\/alliedmet.com\/wp-content\/uploads\/2019\/11\/image-300x107.png 300w, https:\/\/alliedmet.com\/wp-content\/uploads\/2019\/11\/image-768x274.png 768w\" data-sizes=\"(max-width: 865px) 100vw, 865px\" src=\"data:image\/svg+xml;base64,PHN2ZyB3aWR0aD0iMSIgaGVpZ2h0PSIxIiB4bWxucz0iaHR0cDovL3d3dy53My5vcmcvMjAwMC9zdmciPjwvc3ZnPg==\" style=\"--smush-placeholder-width: 865px; --smush-placeholder-aspect-ratio: 865\/309;\" \/><\/figure>\n\n\n\n<h3 class=\"has-text-align-center ticss-d43f2e6d wp-block-heading\" id=\"h-acero-al-carbono-y-acero-de-baja-aleaci-n\">ACERO AL CARBONO y ACERO DE BAJA ALEACI\u00d3N<\/h3>\n\n\n\n<figure class=\"wp-block-table ticss-aae934a3\"><table><tbody><tr><td>AIAI<\/td><td>EN DIN<\/td><td>AISI<\/td><\/tr><tr><td>1005<\/td><td>C5<\/td><td>4130<\/td><\/tr><tr><td>1010<\/td><td>C15<\/td><td>4140<\/td><\/tr><tr><td>1020<\/td><td>C20<\/td><td>4320<\/td><\/tr><tr><td>1030<\/td><td>C30<\/td><td>4340<\/td><\/tr><tr><td>1040<\/td><td>C40<\/td><td>4615<\/td><\/tr><tr><td>1050<\/td><td>C50<\/td><td>8620<\/td><\/tr><tr><td>1080<\/td><td>C80<\/td><td>8630<\/td><\/tr><\/tbody><\/table><\/figure>\n<\/div>\n\n\n\n<div class=\"wp-block-themeisle-blocks-advanced-column\" id=\"wp-block-themeisle-blocks-advanced-column-41ee166b\">\n<p class=\"has-normal-font-size\">Allied Metals es l\u00edder en el procesamiento y la distribuci\u00f3n de inventario de fundici\u00f3n de aleaci\u00f3n baja para fundiciones de inducci\u00f3n. Nuestro inventario asegura la entrega inmediata de la mayor\u00eda de los grados en cantidades uniformes. Abastecemos en respuesta a requisitos desde 1000 lb (500 kg) hasta m\u00faltiples camionadas de material limpio y granallado. Nuestros productos certificados para colada est\u00e1n acompa\u00f1ados por certificaciones para colada y nuestras opciones secundarias est\u00e1n acompa\u00f1adas por composiciones qu\u00edmicas garantizadas en cada env\u00edo.<\/p>\n\n\n\n<p class=\"has-normal-font-size\"><strong>Forma y tama\u00f1o:<\/strong>&nbsp;Barras de 25 mm a 75 mm (1\u201d a 3\u201d) de di\u00e1metro, 305 mm, (12\u201d) de largo<br><strong>Embalaje:<\/strong> Se embala de acuerdo con los requisitos individuales<br>Disponibilidad: Norteam\u00e9rica, Sudam\u00e9rica, Europa<\/p>\n\n\n\n<div class=\"wp-block-buttons is-layout-flex wp-block-buttons-is-layout-flex\">\n<div class=\"wp-block-button is-style-outline is-style-outline--1\"><a class=\"wp-block-button__link has-neve-link-color-color has-text-color\" href=\"https:\/\/alliedmet.com\/es\/productos\/\">L\u00cdNEA COMPLETA DE PRODUCTOS <\/a><\/div>\n\n\n\n<div class=\"wp-block-button\"><a class=\"wp-block-button__link\" href=\"https:\/\/alliedmet.com\/es\/solicitud-de-cotizacion-de-productos\/\">CONSIGUE UNA COTIZACI\u00d3N<\/a><\/div>\n<\/div>\n<\/div>\n<\/div><\/div>\n","protected":false},"excerpt":{"rendered":"","protected":false},"author":1,"featured_media":0,"parent":0,"menu_order":0,"comment_status":"closed","ping_status":"closed","template":"","meta":{"neve_meta_sidebar":"full-width","neve_meta_container":"","neve_meta_enable_content_width":"on","neve_meta_content_width":100,"neve_meta_title_alignment":"","neve_meta_author_avatar":"","neve_post_elements_order":"","neve_meta_disable_header":"","neve_meta_disable_footer":"","neve_meta_disable_title":"on","_themeisle_gutenberg_block_has_review":false,"footnotes":""},"class_list":["post-5136","page","type-page","status-publish","hentry"],"yoast_head":"<!-- This site is optimized with the Yoast SEO Premium plugin v27.3 (Yoast SEO v27.3) - https:\/\/yoast.com\/product\/yoast-seo-premium-wordpress\/ -->\n<title>ACERO AL CARBONO Y ACERO DE ALEACI\u00d3N BAJA - Allied Metals Corporation<\/title>\n<meta name=\"description\" content=\"Allied Metals es l\u00edder en el procesamiento y la distribuci\u00f3n de inventario de fundici\u00f3n de aleaci\u00f3n baja para fundiciones de inducci\u00f3n. Nuestro inventario asegura la entrega inmediata de la mayor\u00eda de los grados en cantidades uniformes. Abastecemos en respuesta a requisitos desde 1000 lb (500 kg) hasta m\u00faltiples camionadas de material limpio y granallado. Nuestros productos certificados para colada est\u00e1n acompa\u00f1ados por certificaciones para colada y nuestras opciones secundarias est\u00e1n acompa\u00f1adas por composiciones qu\u00edmicas garantizadas en cada env\u00edo.\" \/>\n<meta name=\"robots\" content=\"index, follow, max-snippet:-1, max-image-preview:large, max-video-preview:-1\" \/>\n<link rel=\"canonical\" href=\"https:\/\/alliedmet.com\/es\/acero-al-carbono-y-acero-de-aleacion-baja\/\" \/>\n<meta property=\"og:locale\" content=\"es_ES\" \/>\n<meta property=\"og:type\" content=\"article\" \/>\n<meta property=\"og:title\" content=\"ACERO AL CARBONO Y ACERO DE ALEACI\u00d3N BAJA\" \/>\n<meta property=\"og:description\" content=\"Allied Metals es l\u00edder en el procesamiento y la distribuci\u00f3n de inventario de fundici\u00f3n de aleaci\u00f3n baja para fundiciones de inducci\u00f3n. Nuestro inventario asegura la entrega inmediata de la mayor\u00eda de los grados en cantidades uniformes. Abastecemos en respuesta a requisitos desde 1000 lb (500 kg) hasta m\u00faltiples camionadas de material limpio y granallado. Nuestros productos certificados para colada est\u00e1n acompa\u00f1ados por certificaciones para colada y nuestras opciones secundarias est\u00e1n acompa\u00f1adas por composiciones qu\u00edmicas garantizadas en cada env\u00edo.\" \/>\n<meta property=\"og:url\" content=\"https:\/\/alliedmet.com\/es\/acero-al-carbono-y-acero-de-aleacion-baja\/\" \/>\n<meta property=\"og:site_name\" content=\"Allied Metals Corporation\" \/>\n<meta property=\"article:modified_time\" content=\"2021-04-22T00:07:21+00:00\" \/>\n<meta property=\"og:image\" content=\"https:\/\/alliedmet.com\/wp-content\/uploads\/2019\/11\/image.png\" \/>\n<meta name=\"twitter:card\" content=\"summary_large_image\" \/>\n<meta name=\"twitter:label1\" content=\"Tiempo de lectura\" \/>\n\t<meta name=\"twitter:data1\" content=\"1 minuto\" \/>\n<script type=\"application\/ld+json\" class=\"yoast-schema-graph\">{\"@context\":\"https:\\\/\\\/schema.org\",\"@graph\":[{\"@type\":\"WebPage\",\"@id\":\"https:\\\/\\\/alliedmet.com\\\/es\\\/acero-al-carbono-y-acero-de-aleacion-baja\\\/\",\"url\":\"https:\\\/\\\/alliedmet.com\\\/es\\\/acero-al-carbono-y-acero-de-aleacion-baja\\\/\",\"name\":\"ACERO AL CARBONO Y ACERO DE ALEACI\u00d3N BAJA - Allied Metals Corporation\",\"isPartOf\":{\"@id\":\"https:\\\/\\\/alliedmet.com\\\/es\\\/#website\"},\"primaryImageOfPage\":{\"@id\":\"https:\\\/\\\/alliedmet.com\\\/es\\\/acero-al-carbono-y-acero-de-aleacion-baja\\\/#primaryimage\"},\"image\":{\"@id\":\"https:\\\/\\\/alliedmet.com\\\/es\\\/acero-al-carbono-y-acero-de-aleacion-baja\\\/#primaryimage\"},\"thumbnailUrl\":\"https:\\\/\\\/alliedmet.com\\\/wp-content\\\/uploads\\\/2019\\\/11\\\/image.png\",\"datePublished\":\"2021-04-17T00:09:56+00:00\",\"dateModified\":\"2021-04-22T00:07:21+00:00\",\"description\":\"Allied Metals es l\u00edder en el procesamiento y la distribuci\u00f3n de inventario de fundici\u00f3n de aleaci\u00f3n baja para fundiciones de inducci\u00f3n. Nuestro inventario asegura la entrega inmediata de la mayor\u00eda de los grados en cantidades uniformes. Abastecemos en respuesta a requisitos desde 1000 lb (500 kg) hasta m\u00faltiples camionadas de material limpio y granallado. Nuestros productos certificados para colada est\u00e1n acompa\u00f1ados por certificaciones para colada y nuestras opciones secundarias est\u00e1n acompa\u00f1adas por composiciones qu\u00edmicas garantizadas en cada env\u00edo.\",\"breadcrumb\":{\"@id\":\"https:\\\/\\\/alliedmet.com\\\/es\\\/acero-al-carbono-y-acero-de-aleacion-baja\\\/#breadcrumb\"},\"inLanguage\":\"es\",\"potentialAction\":[{\"@type\":\"ReadAction\",\"target\":[\"https:\\\/\\\/alliedmet.com\\\/es\\\/acero-al-carbono-y-acero-de-aleacion-baja\\\/\"]}]},{\"@type\":\"ImageObject\",\"inLanguage\":\"es\",\"@id\":\"https:\\\/\\\/alliedmet.com\\\/es\\\/acero-al-carbono-y-acero-de-aleacion-baja\\\/#primaryimage\",\"url\":\"https:\\\/\\\/alliedmet.com\\\/wp-content\\\/uploads\\\/2019\\\/11\\\/image.png\",\"contentUrl\":\"https:\\\/\\\/alliedmet.com\\\/wp-content\\\/uploads\\\/2019\\\/11\\\/image.png\"},{\"@type\":\"BreadcrumbList\",\"@id\":\"https:\\\/\\\/alliedmet.com\\\/es\\\/acero-al-carbono-y-acero-de-aleacion-baja\\\/#breadcrumb\",\"itemListElement\":[{\"@type\":\"ListItem\",\"position\":1,\"name\":\"Home\",\"item\":\"https:\\\/\\\/alliedmet.com\\\/es\\\/\"},{\"@type\":\"ListItem\",\"position\":2,\"name\":\"ACERO AL CARBONO Y ACERO DE ALEACI\u00d3N BAJA\"}]},{\"@type\":\"WebSite\",\"@id\":\"https:\\\/\\\/alliedmet.com\\\/es\\\/#website\",\"url\":\"https:\\\/\\\/alliedmet.com\\\/es\\\/\",\"name\":\"Allied Metals Corporation\",\"description\":\"High Purity Iron and Low Carbon Iron\",\"publisher\":{\"@id\":\"https:\\\/\\\/alliedmet.com\\\/es\\\/#organization\"},\"potentialAction\":[{\"@type\":\"SearchAction\",\"target\":{\"@type\":\"EntryPoint\",\"urlTemplate\":\"https:\\\/\\\/alliedmet.com\\\/es\\\/?s={search_term_string}\"},\"query-input\":{\"@type\":\"PropertyValueSpecification\",\"valueRequired\":true,\"valueName\":\"search_term_string\"}}],\"inLanguage\":\"es\"},{\"@type\":\"Organization\",\"@id\":\"https:\\\/\\\/alliedmet.com\\\/es\\\/#organization\",\"name\":\"Allied Metals Corporation\",\"url\":\"https:\\\/\\\/alliedmet.com\\\/es\\\/\",\"logo\":{\"@type\":\"ImageObject\",\"inLanguage\":\"es\",\"@id\":\"https:\\\/\\\/alliedmet.com\\\/es\\\/#\\\/schema\\\/logo\\\/image\\\/\",\"url\":\"https:\\\/\\\/alliedmet.com\\\/wp-content\\\/uploads\\\/2019\\\/07\\\/AMC-English-logo.png\",\"contentUrl\":\"https:\\\/\\\/alliedmet.com\\\/wp-content\\\/uploads\\\/2019\\\/07\\\/AMC-English-logo.png\",\"width\":1029,\"height\":317,\"caption\":\"Allied Metals Corporation\"},\"image\":{\"@id\":\"https:\\\/\\\/alliedmet.com\\\/es\\\/#\\\/schema\\\/logo\\\/image\\\/\"},\"sameAs\":[\"https:\\\/\\\/www.linkedin.com\\\/company\\\/allied-metals\"]}]}<\/script>\n<!-- \/ Yoast SEO Premium plugin. -->","yoast_head_json":{"title":"ACERO AL CARBONO Y ACERO DE ALEACI\u00d3N BAJA - Allied Metals Corporation","description":"Allied Metals es l\u00edder en el procesamiento y la distribuci\u00f3n de inventario de fundici\u00f3n de aleaci\u00f3n baja para fundiciones de inducci\u00f3n. Nuestro inventario asegura la entrega inmediata de la mayor\u00eda de los grados en cantidades uniformes. Abastecemos en respuesta a requisitos desde 1000 lb (500 kg) hasta m\u00faltiples camionadas de material limpio y granallado. Nuestros productos certificados para colada est\u00e1n acompa\u00f1ados por certificaciones para colada y nuestras opciones secundarias est\u00e1n acompa\u00f1adas por composiciones qu\u00edmicas garantizadas en cada env\u00edo.","robots":{"index":"index","follow":"follow","max-snippet":"max-snippet:-1","max-image-preview":"max-image-preview:large","max-video-preview":"max-video-preview:-1"},"canonical":"https:\/\/alliedmet.com\/es\/acero-al-carbono-y-acero-de-aleacion-baja\/","og_locale":"es_ES","og_type":"article","og_title":"ACERO AL CARBONO Y ACERO DE ALEACI\u00d3N BAJA","og_description":"Allied Metals es l\u00edder en el procesamiento y la distribuci\u00f3n de inventario de fundici\u00f3n de aleaci\u00f3n baja para fundiciones de inducci\u00f3n. Nuestro inventario asegura la entrega inmediata de la mayor\u00eda de los grados en cantidades uniformes. Abastecemos en respuesta a requisitos desde 1000 lb (500 kg) hasta m\u00faltiples camionadas de material limpio y granallado. Nuestros productos certificados para colada est\u00e1n acompa\u00f1ados por certificaciones para colada y nuestras opciones secundarias est\u00e1n acompa\u00f1adas por composiciones qu\u00edmicas garantizadas en cada env\u00edo.","og_url":"https:\/\/alliedmet.com\/es\/acero-al-carbono-y-acero-de-aleacion-baja\/","og_site_name":"Allied Metals Corporation","article_modified_time":"2021-04-22T00:07:21+00:00","og_image":[{"url":"https:\/\/alliedmet.com\/wp-content\/uploads\/2019\/11\/image.png","type":"","width":"","height":""}],"twitter_card":"summary_large_image","twitter_misc":{"Tiempo de lectura":"1 minuto"},"schema":{"@context":"https:\/\/schema.org","@graph":[{"@type":"WebPage","@id":"https:\/\/alliedmet.com\/es\/acero-al-carbono-y-acero-de-aleacion-baja\/","url":"https:\/\/alliedmet.com\/es\/acero-al-carbono-y-acero-de-aleacion-baja\/","name":"ACERO AL CARBONO Y ACERO DE ALEACI\u00d3N BAJA - Allied Metals Corporation","isPartOf":{"@id":"https:\/\/alliedmet.com\/es\/#website"},"primaryImageOfPage":{"@id":"https:\/\/alliedmet.com\/es\/acero-al-carbono-y-acero-de-aleacion-baja\/#primaryimage"},"image":{"@id":"https:\/\/alliedmet.com\/es\/acero-al-carbono-y-acero-de-aleacion-baja\/#primaryimage"},"thumbnailUrl":"https:\/\/alliedmet.com\/wp-content\/uploads\/2019\/11\/image.png","datePublished":"2021-04-17T00:09:56+00:00","dateModified":"2021-04-22T00:07:21+00:00","description":"Allied Metals es l\u00edder en el procesamiento y la distribuci\u00f3n de inventario de fundici\u00f3n de aleaci\u00f3n baja para fundiciones de inducci\u00f3n. Nuestro inventario asegura la entrega inmediata de la mayor\u00eda de los grados en cantidades uniformes. Abastecemos en respuesta a requisitos desde 1000 lb (500 kg) hasta m\u00faltiples camionadas de material limpio y granallado. Nuestros productos certificados para colada est\u00e1n acompa\u00f1ados por certificaciones para colada y nuestras opciones secundarias est\u00e1n acompa\u00f1adas por composiciones qu\u00edmicas garantizadas en cada env\u00edo.","breadcrumb":{"@id":"https:\/\/alliedmet.com\/es\/acero-al-carbono-y-acero-de-aleacion-baja\/#breadcrumb"},"inLanguage":"es","potentialAction":[{"@type":"ReadAction","target":["https:\/\/alliedmet.com\/es\/acero-al-carbono-y-acero-de-aleacion-baja\/"]}]},{"@type":"ImageObject","inLanguage":"es","@id":"https:\/\/alliedmet.com\/es\/acero-al-carbono-y-acero-de-aleacion-baja\/#primaryimage","url":"https:\/\/alliedmet.com\/wp-content\/uploads\/2019\/11\/image.png","contentUrl":"https:\/\/alliedmet.com\/wp-content\/uploads\/2019\/11\/image.png"},{"@type":"BreadcrumbList","@id":"https:\/\/alliedmet.com\/es\/acero-al-carbono-y-acero-de-aleacion-baja\/#breadcrumb","itemListElement":[{"@type":"ListItem","position":1,"name":"Home","item":"https:\/\/alliedmet.com\/es\/"},{"@type":"ListItem","position":2,"name":"ACERO AL CARBONO Y ACERO DE ALEACI\u00d3N BAJA"}]},{"@type":"WebSite","@id":"https:\/\/alliedmet.com\/es\/#website","url":"https:\/\/alliedmet.com\/es\/","name":"Allied Metals Corporation","description":"High Purity Iron and Low Carbon Iron","publisher":{"@id":"https:\/\/alliedmet.com\/es\/#organization"},"potentialAction":[{"@type":"SearchAction","target":{"@type":"EntryPoint","urlTemplate":"https:\/\/alliedmet.com\/es\/?s={search_term_string}"},"query-input":{"@type":"PropertyValueSpecification","valueRequired":true,"valueName":"search_term_string"}}],"inLanguage":"es"},{"@type":"Organization","@id":"https:\/\/alliedmet.com\/es\/#organization","name":"Allied Metals Corporation","url":"https:\/\/alliedmet.com\/es\/","logo":{"@type":"ImageObject","inLanguage":"es","@id":"https:\/\/alliedmet.com\/es\/#\/schema\/logo\/image\/","url":"https:\/\/alliedmet.com\/wp-content\/uploads\/2019\/07\/AMC-English-logo.png","contentUrl":"https:\/\/alliedmet.com\/wp-content\/uploads\/2019\/07\/AMC-English-logo.png","width":1029,"height":317,"caption":"Allied Metals Corporation"},"image":{"@id":"https:\/\/alliedmet.com\/es\/#\/schema\/logo\/image\/"},"sameAs":["https:\/\/www.linkedin.com\/company\/allied-metals"]}]}},"_links":{"self":[{"href":"https:\/\/alliedmet.com\/es\/wp-json\/wp\/v2\/pages\/5136","targetHints":{"allow":["GET"]}}],"collection":[{"href":"https:\/\/alliedmet.com\/es\/wp-json\/wp\/v2\/pages"}],"about":[{"href":"https:\/\/alliedmet.com\/es\/wp-json\/wp\/v2\/types\/page"}],"author":[{"embeddable":true,"href":"https:\/\/alliedmet.com\/es\/wp-json\/wp\/v2\/users\/1"}],"replies":[{"embeddable":true,"href":"https:\/\/alliedmet.com\/es\/wp-json\/wp\/v2\/comments?post=5136"}],"version-history":[{"count":0,"href":"https:\/\/alliedmet.com\/es\/wp-json\/wp\/v2\/pages\/5136\/revisions"}],"wp:attachment":[{"href":"https:\/\/alliedmet.com\/es\/wp-json\/wp\/v2\/media?parent=5136"}],"curies":[{"name":"wp","href":"https:\/\/api.w.org\/{rel}","templated":true}]}}