{"id":5142,"date":"2021-04-17T00:19:25","date_gmt":"2021-04-17T00:19:25","guid":{"rendered":"https:\/\/alliedmet.com\/efp-s\/"},"modified":"2021-04-21T23:39:48","modified_gmt":"2021-04-21T23:39:48","slug":"efp-s","status":"publish","type":"page","link":"https:\/\/alliedmet.com\/es\/efp-s\/","title":{"rendered":"EFP S"},"content":{"rendered":"\n<div class=\"wp-block-themeisle-blocks-advanced-columns alignfull has-1-columns has-desktop-equal-layout has-tablet-equal-layout has-mobile-equal-layout has-nogap-gap has-vertical-unset\" id=\"wp-block-themeisle-blocks-advanced-columns-25b50c39\"><div class=\"wp-block-themeisle-blocks-advanced-columns-overlay\"><\/div><div class=\"innerblocks-wrap\">\n<div class=\"wp-block-themeisle-blocks-advanced-column\" id=\"wp-block-themeisle-blocks-advanced-column-b560e38a\">\n<div style=\"height:20px\" aria-hidden=\"true\" class=\"wp-block-spacer ticss-d5c866b1\"><\/div>\n<\/div>\n<\/div><\/div>\n\n\n\n<div class=\"wp-block-themeisle-blocks-advanced-columns has-2-columns has-desktop-equal-layout has-tablet-collapsedRows-layout has-mobile-collapsedRows-layout has-default-gap has-vertical-unset\" id=\"wp-block-themeisle-blocks-advanced-columns-b298ebd9\"><div class=\"wp-block-themeisle-blocks-advanced-columns-overlay\"><\/div><div class=\"innerblocks-wrap\">\n<div class=\"wp-block-themeisle-blocks-advanced-column\" id=\"wp-block-themeisle-blocks-advanced-column-4266d74c\">\n<h1 class=\"wp-block-heading\" id=\"h-efp-s\">EFP S<\/h1>\n\n\n\n<figure class=\"wp-block-image size-large ticss-f08438b8\"><img decoding=\"async\" width=\"731\" height=\"261\" data-src=\"https:\/\/alliedmet.com\/wp-content\/uploads\/2019\/09\/allied-metal-products-image-efp14-alt.png\" alt=\"Nuestro producto EFP S es acero dulce que se puede usar como base de fundici\u00f3n para hierro, aceros de aleaci\u00f3n baja y aceros inoxidables, como refrigerante de flujo libre y como recubrimiento. Este material se segrega por grado, tama\u00f1o y densidad. La alta densidad y la limpieza de nuestro material reduce el humo y permite menos inclusiones y menos porosidad, y nuestro proceso de limpieza y secado asegura que el material no presente ning\u00fan tipo de contaminaci\u00f3n. Allied Metals garantiza la composici\u00f3n qu\u00edmica de los productos de acuerdo con las especificaciones de nuestros clientes.\" class=\"wp-image-5144 lazyload\" data-srcset=\"https:\/\/alliedmet.com\/wp-content\/uploads\/2019\/09\/allied-metal-products-image-efp14-alt.png 731w, https:\/\/alliedmet.com\/wp-content\/uploads\/2019\/09\/allied-metal-products-image-efp14-alt-300x107.png 300w\" data-sizes=\"(max-width: 731px) 100vw, 731px\" src=\"data:image\/svg+xml;base64,PHN2ZyB3aWR0aD0iMSIgaGVpZ2h0PSIxIiB4bWxucz0iaHR0cDovL3d3dy53My5vcmcvMjAwMC9zdmciPjwvc3ZnPg==\" style=\"--smush-placeholder-width: 731px; --smush-placeholder-aspect-ratio: 731\/261;\" \/><\/figure>\n\n\n\n<h3 class=\"has-text-align-center ticss-7e55d8a7 wp-block-heading\" id=\"h-efp-s-1\">EFP S<\/h3>\n\n\n\n<figure class=\"wp-block-table ticss-26e9b406\"><table class=\"has-fixed-layout\"><tbody><tr><td><strong>Analysis (%)<\/strong><\/td><td>Typical<\/td><\/tr><tr><td><strong>C<\/strong><\/td><td>0.080<\/td><\/tr><tr><td><strong>S<\/strong><\/td><td>0.020<\/td><\/tr><tr><td><strong>P<\/strong><\/td><td>0.020<\/td><\/tr><tr><td><strong>Mn<\/strong><\/td><td>0.350<\/td><\/tr><tr><td><strong>Si<\/strong><\/td><td>0.010<\/td><\/tr><\/tbody><\/table><\/figure>\n<\/div>\n\n\n\n<div class=\"wp-block-themeisle-blocks-advanced-column\" id=\"wp-block-themeisle-blocks-advanced-column-704c35f9\">\n<p class=\"has-normal-font-size\">Nuestro producto EFP S es acero dulce que se puede usar como base de fundici\u00f3n para hierro, aceros de aleaci\u00f3n baja y aceros inoxidables, como refrigerante de flujo libre y como recubrimiento. Este material se segrega por grado, tama\u00f1o y densidad. La alta densidad y la limpieza de nuestro material reduce el humo y permite menos inclusiones y menos porosidad, y nuestro proceso de limpieza y secado asegura que el material no presente ning\u00fan tipo de contaminaci\u00f3n. Allied Metals garantiza la composici\u00f3n qu\u00edmica de los productos de acuerdo con las especificaciones de nuestros clientes.<\/p>\n\n\n\n<p class=\"has-normal-font-size\"><strong>Forma y &amp; tama\u00f1o:<\/strong> &nbsp;Bandas; 100 mm x 20 mm x 3 mm (4\u201d x 3\/4\u201c x 1\/8\u201d)\n<br><strong>Embalaje:&nbsp;<\/strong> Se embala de acuerdo con los requisitos individuales\n<strong>Disponibilidad:<\/strong> &nbsp;Europa<\/p>\n\n\n\n<div class=\"wp-block-buttons is-layout-flex wp-block-buttons-is-layout-flex\">\n<div class=\"wp-block-button is-style-outline is-style-outline--1\"><a class=\"wp-block-button__link has-neve-link-color-color has-text-color\" href=\"https:\/\/alliedmet.com\/es\/productos\/\">L\u00cdNEA COMPLETA DE PRODUCTOS <\/a><\/div>\n\n\n\n<div class=\"wp-block-button\"><a class=\"wp-block-button__link\" href=\"https:\/\/alliedmet.com\/es\/solicitud-de-cotizacion-de-productos\/\">CONSIGUE UNA COTIZACI\u00d3N<\/a><\/div>\n<\/div>\n<\/div>\n<\/div><\/div>\n","protected":false},"excerpt":{"rendered":"","protected":false},"author":1,"featured_media":0,"parent":0,"menu_order":0,"comment_status":"closed","ping_status":"closed","template":"","meta":{"neve_meta_sidebar":"","neve_meta_container":"","neve_meta_enable_content_width":"off","neve_meta_content_width":0,"neve_meta_title_alignment":"","neve_meta_author_avatar":"","neve_post_elements_order":"","neve_meta_disable_header":"","neve_meta_disable_footer":"","neve_meta_disable_title":"on","_themeisle_gutenberg_block_has_review":false,"footnotes":""},"class_list":["post-5142","page","type-page","status-publish","hentry"],"yoast_head":"<!-- This site is optimized with the Yoast SEO Premium plugin v27.3 (Yoast SEO v27.3) - https:\/\/yoast.com\/product\/yoast-seo-premium-wordpress\/ -->\n<title>EFP S - Allied Metals Corporation<\/title>\n<meta name=\"description\" content=\"Nuestro producto EFP S es acero dulce que se puede usar como base de fundici\u00f3n para hierro, aceros de aleaci\u00f3n baja y aceros inoxidables, como refrigerante de flujo libre y como recubrimiento. Este material se segrega por grado, tama\u00f1o y densidad. La alta densidad y la limpieza de nuestro material reduce el humo y permite menos inclusiones y menos porosidad, y nuestro proceso de limpieza y secado asegura que el material no presente ning\u00fan tipo de contaminaci\u00f3n. Allied Metals garantiza la composici\u00f3n qu\u00edmica de los productos de acuerdo con las especificaciones de nuestros clientes.\" \/>\n<meta name=\"robots\" content=\"index, follow, max-snippet:-1, max-image-preview:large, max-video-preview:-1\" \/>\n<link rel=\"canonical\" href=\"https:\/\/alliedmet.com\/es\/efp-s\/\" \/>\n<meta property=\"og:locale\" content=\"es_ES\" \/>\n<meta property=\"og:type\" content=\"article\" \/>\n<meta property=\"og:title\" content=\"EFP S\" \/>\n<meta property=\"og:description\" content=\"Nuestro producto EFP S es acero dulce que se puede usar como base de fundici\u00f3n para hierro, aceros de aleaci\u00f3n baja y aceros inoxidables, como refrigerante de flujo libre y como recubrimiento. Este material se segrega por grado, tama\u00f1o y densidad. La alta densidad y la limpieza de nuestro material reduce el humo y permite menos inclusiones y menos porosidad, y nuestro proceso de limpieza y secado asegura que el material no presente ning\u00fan tipo de contaminaci\u00f3n. Allied Metals garantiza la composici\u00f3n qu\u00edmica de los productos de acuerdo con las especificaciones de nuestros clientes.\" \/>\n<meta property=\"og:url\" content=\"https:\/\/alliedmet.com\/es\/efp-s\/\" \/>\n<meta property=\"og:site_name\" content=\"Allied Metals Corporation\" \/>\n<meta property=\"article:modified_time\" content=\"2021-04-21T23:39:48+00:00\" \/>\n<meta property=\"og:image\" content=\"https:\/\/alliedmet.com\/wp-content\/uploads\/2019\/09\/allied-metal-products-image-efp14-alt.png\" \/>\n<meta name=\"twitter:card\" content=\"summary_large_image\" \/>\n<meta name=\"twitter:label1\" content=\"Tiempo de lectura\" \/>\n\t<meta name=\"twitter:data1\" content=\"1 minuto\" \/>\n<script type=\"application\/ld+json\" class=\"yoast-schema-graph\">{\"@context\":\"https:\\\/\\\/schema.org\",\"@graph\":[{\"@type\":\"WebPage\",\"@id\":\"https:\\\/\\\/alliedmet.com\\\/es\\\/efp-s\\\/\",\"url\":\"https:\\\/\\\/alliedmet.com\\\/es\\\/efp-s\\\/\",\"name\":\"EFP S - Allied Metals Corporation\",\"isPartOf\":{\"@id\":\"https:\\\/\\\/alliedmet.com\\\/es\\\/#website\"},\"primaryImageOfPage\":{\"@id\":\"https:\\\/\\\/alliedmet.com\\\/es\\\/efp-s\\\/#primaryimage\"},\"image\":{\"@id\":\"https:\\\/\\\/alliedmet.com\\\/es\\\/efp-s\\\/#primaryimage\"},\"thumbnailUrl\":\"https:\\\/\\\/alliedmet.com\\\/wp-content\\\/uploads\\\/2019\\\/09\\\/allied-metal-products-image-efp14-alt.png\",\"datePublished\":\"2021-04-17T00:19:25+00:00\",\"dateModified\":\"2021-04-21T23:39:48+00:00\",\"description\":\"Nuestro producto EFP S es acero dulce que se puede usar como base de fundici\u00f3n para hierro, aceros de aleaci\u00f3n baja y aceros inoxidables, como refrigerante de flujo libre y como recubrimiento. Este material se segrega por grado, tama\u00f1o y densidad. La alta densidad y la limpieza de nuestro material reduce el humo y permite menos inclusiones y menos porosidad, y nuestro proceso de limpieza y secado asegura que el material no presente ning\u00fan tipo de contaminaci\u00f3n. Allied Metals garantiza la composici\u00f3n qu\u00edmica de los productos de acuerdo con las especificaciones de nuestros clientes.\",\"breadcrumb\":{\"@id\":\"https:\\\/\\\/alliedmet.com\\\/es\\\/efp-s\\\/#breadcrumb\"},\"inLanguage\":\"es\",\"potentialAction\":[{\"@type\":\"ReadAction\",\"target\":[\"https:\\\/\\\/alliedmet.com\\\/es\\\/efp-s\\\/\"]}]},{\"@type\":\"ImageObject\",\"inLanguage\":\"es\",\"@id\":\"https:\\\/\\\/alliedmet.com\\\/es\\\/efp-s\\\/#primaryimage\",\"url\":\"https:\\\/\\\/alliedmet.com\\\/wp-content\\\/uploads\\\/2019\\\/09\\\/allied-metal-products-image-efp14-alt.png\",\"contentUrl\":\"https:\\\/\\\/alliedmet.com\\\/wp-content\\\/uploads\\\/2019\\\/09\\\/allied-metal-products-image-efp14-alt.png\"},{\"@type\":\"BreadcrumbList\",\"@id\":\"https:\\\/\\\/alliedmet.com\\\/es\\\/efp-s\\\/#breadcrumb\",\"itemListElement\":[{\"@type\":\"ListItem\",\"position\":1,\"name\":\"Home\",\"item\":\"https:\\\/\\\/alliedmet.com\\\/es\\\/\"},{\"@type\":\"ListItem\",\"position\":2,\"name\":\"EFP S\"}]},{\"@type\":\"WebSite\",\"@id\":\"https:\\\/\\\/alliedmet.com\\\/es\\\/#website\",\"url\":\"https:\\\/\\\/alliedmet.com\\\/es\\\/\",\"name\":\"Allied Metals Corporation\",\"description\":\"High Purity Iron and Low Carbon Iron\",\"publisher\":{\"@id\":\"https:\\\/\\\/alliedmet.com\\\/es\\\/#organization\"},\"potentialAction\":[{\"@type\":\"SearchAction\",\"target\":{\"@type\":\"EntryPoint\",\"urlTemplate\":\"https:\\\/\\\/alliedmet.com\\\/es\\\/?s={search_term_string}\"},\"query-input\":{\"@type\":\"PropertyValueSpecification\",\"valueRequired\":true,\"valueName\":\"search_term_string\"}}],\"inLanguage\":\"es\"},{\"@type\":\"Organization\",\"@id\":\"https:\\\/\\\/alliedmet.com\\\/es\\\/#organization\",\"name\":\"Allied Metals Corporation\",\"url\":\"https:\\\/\\\/alliedmet.com\\\/es\\\/\",\"logo\":{\"@type\":\"ImageObject\",\"inLanguage\":\"es\",\"@id\":\"https:\\\/\\\/alliedmet.com\\\/es\\\/#\\\/schema\\\/logo\\\/image\\\/\",\"url\":\"https:\\\/\\\/alliedmet.com\\\/wp-content\\\/uploads\\\/2019\\\/07\\\/AMC-English-logo.png\",\"contentUrl\":\"https:\\\/\\\/alliedmet.com\\\/wp-content\\\/uploads\\\/2019\\\/07\\\/AMC-English-logo.png\",\"width\":1029,\"height\":317,\"caption\":\"Allied Metals Corporation\"},\"image\":{\"@id\":\"https:\\\/\\\/alliedmet.com\\\/es\\\/#\\\/schema\\\/logo\\\/image\\\/\"},\"sameAs\":[\"https:\\\/\\\/www.linkedin.com\\\/company\\\/allied-metals\"]}]}<\/script>\n<!-- \/ Yoast SEO Premium plugin. -->","yoast_head_json":{"title":"EFP S - Allied Metals Corporation","description":"Nuestro producto EFP S es acero dulce que se puede usar como base de fundici\u00f3n para hierro, aceros de aleaci\u00f3n baja y aceros inoxidables, como refrigerante de flujo libre y como recubrimiento. Este material se segrega por grado, tama\u00f1o y densidad. La alta densidad y la limpieza de nuestro material reduce el humo y permite menos inclusiones y menos porosidad, y nuestro proceso de limpieza y secado asegura que el material no presente ning\u00fan tipo de contaminaci\u00f3n. Allied Metals garantiza la composici\u00f3n qu\u00edmica de los productos de acuerdo con las especificaciones de nuestros clientes.","robots":{"index":"index","follow":"follow","max-snippet":"max-snippet:-1","max-image-preview":"max-image-preview:large","max-video-preview":"max-video-preview:-1"},"canonical":"https:\/\/alliedmet.com\/es\/efp-s\/","og_locale":"es_ES","og_type":"article","og_title":"EFP S","og_description":"Nuestro producto EFP S es acero dulce que se puede usar como base de fundici\u00f3n para hierro, aceros de aleaci\u00f3n baja y aceros inoxidables, como refrigerante de flujo libre y como recubrimiento. Este material se segrega por grado, tama\u00f1o y densidad. La alta densidad y la limpieza de nuestro material reduce el humo y permite menos inclusiones y menos porosidad, y nuestro proceso de limpieza y secado asegura que el material no presente ning\u00fan tipo de contaminaci\u00f3n. Allied Metals garantiza la composici\u00f3n qu\u00edmica de los productos de acuerdo con las especificaciones de nuestros clientes.","og_url":"https:\/\/alliedmet.com\/es\/efp-s\/","og_site_name":"Allied Metals Corporation","article_modified_time":"2021-04-21T23:39:48+00:00","og_image":[{"url":"https:\/\/alliedmet.com\/wp-content\/uploads\/2019\/09\/allied-metal-products-image-efp14-alt.png","type":"","width":"","height":""}],"twitter_card":"summary_large_image","twitter_misc":{"Tiempo de lectura":"1 minuto"},"schema":{"@context":"https:\/\/schema.org","@graph":[{"@type":"WebPage","@id":"https:\/\/alliedmet.com\/es\/efp-s\/","url":"https:\/\/alliedmet.com\/es\/efp-s\/","name":"EFP S - Allied Metals Corporation","isPartOf":{"@id":"https:\/\/alliedmet.com\/es\/#website"},"primaryImageOfPage":{"@id":"https:\/\/alliedmet.com\/es\/efp-s\/#primaryimage"},"image":{"@id":"https:\/\/alliedmet.com\/es\/efp-s\/#primaryimage"},"thumbnailUrl":"https:\/\/alliedmet.com\/wp-content\/uploads\/2019\/09\/allied-metal-products-image-efp14-alt.png","datePublished":"2021-04-17T00:19:25+00:00","dateModified":"2021-04-21T23:39:48+00:00","description":"Nuestro producto EFP S es acero dulce que se puede usar como base de fundici\u00f3n para hierro, aceros de aleaci\u00f3n baja y aceros inoxidables, como refrigerante de flujo libre y como recubrimiento. Este material se segrega por grado, tama\u00f1o y densidad. La alta densidad y la limpieza de nuestro material reduce el humo y permite menos inclusiones y menos porosidad, y nuestro proceso de limpieza y secado asegura que el material no presente ning\u00fan tipo de contaminaci\u00f3n. Allied Metals garantiza la composici\u00f3n qu\u00edmica de los productos de acuerdo con las especificaciones de nuestros clientes.","breadcrumb":{"@id":"https:\/\/alliedmet.com\/es\/efp-s\/#breadcrumb"},"inLanguage":"es","potentialAction":[{"@type":"ReadAction","target":["https:\/\/alliedmet.com\/es\/efp-s\/"]}]},{"@type":"ImageObject","inLanguage":"es","@id":"https:\/\/alliedmet.com\/es\/efp-s\/#primaryimage","url":"https:\/\/alliedmet.com\/wp-content\/uploads\/2019\/09\/allied-metal-products-image-efp14-alt.png","contentUrl":"https:\/\/alliedmet.com\/wp-content\/uploads\/2019\/09\/allied-metal-products-image-efp14-alt.png"},{"@type":"BreadcrumbList","@id":"https:\/\/alliedmet.com\/es\/efp-s\/#breadcrumb","itemListElement":[{"@type":"ListItem","position":1,"name":"Home","item":"https:\/\/alliedmet.com\/es\/"},{"@type":"ListItem","position":2,"name":"EFP S"}]},{"@type":"WebSite","@id":"https:\/\/alliedmet.com\/es\/#website","url":"https:\/\/alliedmet.com\/es\/","name":"Allied Metals Corporation","description":"High Purity Iron and Low Carbon Iron","publisher":{"@id":"https:\/\/alliedmet.com\/es\/#organization"},"potentialAction":[{"@type":"SearchAction","target":{"@type":"EntryPoint","urlTemplate":"https:\/\/alliedmet.com\/es\/?s={search_term_string}"},"query-input":{"@type":"PropertyValueSpecification","valueRequired":true,"valueName":"search_term_string"}}],"inLanguage":"es"},{"@type":"Organization","@id":"https:\/\/alliedmet.com\/es\/#organization","name":"Allied Metals Corporation","url":"https:\/\/alliedmet.com\/es\/","logo":{"@type":"ImageObject","inLanguage":"es","@id":"https:\/\/alliedmet.com\/es\/#\/schema\/logo\/image\/","url":"https:\/\/alliedmet.com\/wp-content\/uploads\/2019\/07\/AMC-English-logo.png","contentUrl":"https:\/\/alliedmet.com\/wp-content\/uploads\/2019\/07\/AMC-English-logo.png","width":1029,"height":317,"caption":"Allied Metals Corporation"},"image":{"@id":"https:\/\/alliedmet.com\/es\/#\/schema\/logo\/image\/"},"sameAs":["https:\/\/www.linkedin.com\/company\/allied-metals"]}]}},"_links":{"self":[{"href":"https:\/\/alliedmet.com\/es\/wp-json\/wp\/v2\/pages\/5142","targetHints":{"allow":["GET"]}}],"collection":[{"href":"https:\/\/alliedmet.com\/es\/wp-json\/wp\/v2\/pages"}],"about":[{"href":"https:\/\/alliedmet.com\/es\/wp-json\/wp\/v2\/types\/page"}],"author":[{"embeddable":true,"href":"https:\/\/alliedmet.com\/es\/wp-json\/wp\/v2\/users\/1"}],"replies":[{"embeddable":true,"href":"https:\/\/alliedmet.com\/es\/wp-json\/wp\/v2\/comments?post=5142"}],"version-history":[{"count":0,"href":"https:\/\/alliedmet.com\/es\/wp-json\/wp\/v2\/pages\/5142\/revisions"}],"wp:attachment":[{"href":"https:\/\/alliedmet.com\/es\/wp-json\/wp\/v2\/media?parent=5142"}],"curies":[{"name":"wp","href":"https:\/\/api.w.org\/{rel}","templated":true}]}}