{"id":5161,"date":"2021-04-17T00:42:32","date_gmt":"2021-04-17T00:42:32","guid":{"rendered":"https:\/\/alliedmet.com\/efp-14k\/"},"modified":"2021-04-21T23:00:38","modified_gmt":"2021-04-21T23:00:38","slug":"efp-14k","status":"publish","type":"page","link":"https:\/\/alliedmet.com\/es\/efp-14k\/","title":{"rendered":"EFP-14K"},"content":{"rendered":"\n<div class=\"wp-block-themeisle-blocks-advanced-columns alignfull has-1-columns has-desktop-equal-layout has-tablet-equal-layout has-mobile-equal-layout has-nogap-gap has-vertical-unset\" id=\"wp-block-themeisle-blocks-advanced-columns-ea77496e\"><div class=\"wp-block-themeisle-blocks-advanced-columns-overlay\"><\/div><div class=\"innerblocks-wrap\">\n<div class=\"wp-block-themeisle-blocks-advanced-column\" id=\"wp-block-themeisle-blocks-advanced-column-cd5a964c\">\n<div style=\"height:20px\" aria-hidden=\"true\" class=\"wp-block-spacer ticss-d5c866b1\"><\/div>\n<\/div>\n<\/div><\/div>\n\n\n\n<div class=\"wp-block-themeisle-blocks-advanced-columns has-2-columns has-desktop-equal-layout has-tablet-collapsedRows-layout has-mobile-collapsedRows-layout has-default-gap has-vertical-unset\" id=\"wp-block-themeisle-blocks-advanced-columns-107ff152\"><div class=\"wp-block-themeisle-blocks-advanced-columns-overlay\"><\/div><div class=\"innerblocks-wrap\">\n<div class=\"wp-block-themeisle-blocks-advanced-column\" id=\"wp-block-themeisle-blocks-advanced-column-d2c1e0cf\">\n<h1 class=\"wp-block-heading\" id=\"h-efp-14k\">EFP-14K<\/h1>\n\n\n\n<figure class=\"wp-block-image size-large ticss-4a276a38\"><img decoding=\"async\" width=\"538\" height=\"202\" data-src=\"https:\/\/alliedmet.com\/wp-content\/uploads\/2019\/11\/EFP-14K-1.png\" alt=\"Nuestro EFP 14K ofrece una composici\u00f3n qu\u00edmica garantizada dentro de par\u00e1metros que puede especificar el consumidor. Las placas de alta densidad ofrecen un acoplamiento excelente, menor tiempo de fundici\u00f3n, menor costo de energ\u00eda, y requieren un espacio de almacenamiento m\u00ednimo.\n\nDe manera similar a nuestro c\u00e1todo de hierro alternativo, tambi\u00e9n es apto para producir acero inoxidable con bajo contenido de carbono, fundiciones termorresistentes y no magn\u00e9ticas, y aleaciones magn\u00e9ticas. Este producto no presenta bordes filosos o irregulares, y su tama\u00f1o uniforme facilita su manipulaci\u00f3n.\" class=\"wp-image-5163 lazyload\" data-srcset=\"https:\/\/alliedmet.com\/wp-content\/uploads\/2019\/11\/EFP-14K-1.png 538w, https:\/\/alliedmet.com\/wp-content\/uploads\/2019\/11\/EFP-14K-1-300x113.png 300w\" data-sizes=\"(max-width: 538px) 100vw, 538px\" src=\"data:image\/svg+xml;base64,PHN2ZyB3aWR0aD0iMSIgaGVpZ2h0PSIxIiB4bWxucz0iaHR0cDovL3d3dy53My5vcmcvMjAwMC9zdmciPjwvc3ZnPg==\" style=\"--smush-placeholder-width: 538px; --smush-placeholder-aspect-ratio: 538\/202;\" \/><\/figure>\n\n\n\n<h3 class=\"has-text-align-center ticss-0d97c7a6 wp-block-heading\" id=\"h-efp-14k-1\">EFP-14K<\/h3>\n\n\n\n<figure class=\"wp-block-table ticss-e0987221\"><table class=\"has-fixed-layout\"><tbody><tr><td>Analysis (%)<\/td><td>Maximum<\/td><td>Typical<\/td><\/tr><tr><td>C<\/td><td>0.03<\/td><td>0.005<\/td><\/tr><tr><td>S<\/td><td>0.015<\/td><td>0.008<\/td><\/tr><tr><td>P<\/td><td>0.015<\/td><td>0.008<\/td><\/tr><tr><td>Mn<\/td><td>0.300<\/td><td>0.130<\/td><\/tr><tr><td>Si<\/td><td>0.020<\/td><td>0.010<\/td><\/tr><tr><td>Fe<\/td><td>Balance<\/td><td>Balance<\/td><\/tr><\/tbody><\/table><\/figure>\n<\/div>\n\n\n\n<div class=\"wp-block-themeisle-blocks-advanced-column\" id=\"wp-block-themeisle-blocks-advanced-column-6ee21f8b\">\n<p class=\"has-normal-font-size\">Nuestro EFP 14K ofrece una composici\u00f3n qu\u00edmica garantizada dentro de par\u00e1metros que puede especificar el consumidor. Las placas de alta densidad ofrecen un acoplamiento excelente, menor tiempo de fundici\u00f3n, menor costo de energ\u00eda, y requieren un espacio de almacenamiento m\u00ednimo.\n\n<\/p>\n\n\n\n<p class=\"has-normal-font-size\">De manera similar a nuestro c\u00e1todo de hierro alternativo, tambi\u00e9n es apto para producir acero inoxidable con bajo contenido de carbono, fundiciones termorresistentes y no magn\u00e9ticas, y aleaciones magn\u00e9ticas. Este producto no presenta bordes filosos o irregulares, y su tama\u00f1o uniforme facilita su manipulaci\u00f3n.<\/p>\n\n\n\n<p class=\"has-normal-font-size\"><strong>Forma y tama\u00f1o:<\/strong> 127&nbsp;mm (5\u201d) y 203&nbsp;mm (8\u201d) x 25-76&nbsp;mm (1-3\u201d) de espesor&nbsp;<br><strong>Embalaje<\/strong>: Se embala de acuerdo con los requisitos individuales<br><strong>Disponibilidad:<\/strong> Todas las regiones<\/p>\n\n\n\n<div class=\"wp-block-buttons is-layout-flex wp-block-buttons-is-layout-flex\">\n<div class=\"wp-block-button is-style-outline is-style-outline--1\"><a class=\"wp-block-button__link has-neve-link-color-color has-text-color\" href=\"https:\/\/alliedmet.com\/es\/productos\/\">L\u00cdNEA COMPLETA DE PRODUCTOS <\/a><\/div>\n\n\n\n<div class=\"wp-block-button\"><a class=\"wp-block-button__link\" href=\"https:\/\/alliedmet.com\/es\/solicitud-de-cotizacion-de-productos\/\">CONSIGUE UNA COTIZACI\u00d3N<\/a><\/div>\n<\/div>\n<\/div>\n<\/div><\/div>\n\n\n\n<p><\/p>\n","protected":false},"excerpt":{"rendered":"","protected":false},"author":1,"featured_media":0,"parent":0,"menu_order":0,"comment_status":"closed","ping_status":"closed","template":"","meta":{"neve_meta_sidebar":"","neve_meta_container":"","neve_meta_enable_content_width":"off","neve_meta_content_width":0,"neve_meta_title_alignment":"","neve_meta_author_avatar":"","neve_post_elements_order":"","neve_meta_disable_header":"","neve_meta_disable_footer":"","neve_meta_disable_title":"on","_themeisle_gutenberg_block_has_review":false,"footnotes":""},"class_list":["post-5161","page","type-page","status-publish","hentry"],"yoast_head":"<!-- This site is optimized with the Yoast SEO Premium plugin v27.3 (Yoast SEO v27.3) - https:\/\/yoast.com\/product\/yoast-seo-premium-wordpress\/ -->\n<title>EFP-14K - Allied Metals Corporation<\/title>\n<meta name=\"description\" content=\"Nuestro EFP 14K ofrece una composici\u00f3n qu\u00edmica garantizada dentro de par\u00e1metros que puede especificar el consumidor. Las placas de alta densidad ofrecen un acoplamiento excelente, menor tiempo de fundici\u00f3n, menor costo de energ\u00eda, y requieren un espacio de almacenamiento m\u00ednimo. De manera similar a nuestro c\u00e1todo de hierro alternativo, tambi\u00e9n es apto para producir acero inoxidable con bajo contenido de carbono, fundiciones termorresistentes y no magn\u00e9ticas, y aleaciones magn\u00e9ticas. Este producto no presenta bordes filosos o irregulares, y su tama\u00f1o uniforme facilita su manipulaci\u00f3n.\" \/>\n<meta name=\"robots\" content=\"index, follow, max-snippet:-1, max-image-preview:large, max-video-preview:-1\" \/>\n<link rel=\"canonical\" href=\"https:\/\/alliedmet.com\/es\/efp-14k\/\" \/>\n<meta property=\"og:locale\" content=\"es_ES\" \/>\n<meta property=\"og:type\" content=\"article\" \/>\n<meta property=\"og:title\" content=\"EFP-14K\" \/>\n<meta property=\"og:description\" content=\"Nuestro EFP 14K ofrece una composici\u00f3n qu\u00edmica garantizada dentro de par\u00e1metros que puede especificar el consumidor. Las placas de alta densidad ofrecen un acoplamiento excelente, menor tiempo de fundici\u00f3n, menor costo de energ\u00eda, y requieren un espacio de almacenamiento m\u00ednimo. De manera similar a nuestro c\u00e1todo de hierro alternativo, tambi\u00e9n es apto para producir acero inoxidable con bajo contenido de carbono, fundiciones termorresistentes y no magn\u00e9ticas, y aleaciones magn\u00e9ticas. Este producto no presenta bordes filosos o irregulares, y su tama\u00f1o uniforme facilita su manipulaci\u00f3n.\" \/>\n<meta property=\"og:url\" content=\"https:\/\/alliedmet.com\/es\/efp-14k\/\" \/>\n<meta property=\"og:site_name\" content=\"Allied Metals Corporation\" \/>\n<meta property=\"article:modified_time\" content=\"2021-04-21T23:00:38+00:00\" \/>\n<meta property=\"og:image\" content=\"https:\/\/alliedmet.com\/wp-content\/uploads\/2019\/11\/EFP-14K-1.png\" \/>\n<meta name=\"twitter:card\" content=\"summary_large_image\" \/>\n<meta name=\"twitter:label1\" content=\"Tiempo de lectura\" \/>\n\t<meta name=\"twitter:data1\" content=\"1 minuto\" \/>\n<script type=\"application\/ld+json\" class=\"yoast-schema-graph\">{\"@context\":\"https:\\\/\\\/schema.org\",\"@graph\":[{\"@type\":\"WebPage\",\"@id\":\"https:\\\/\\\/alliedmet.com\\\/es\\\/efp-14k\\\/\",\"url\":\"https:\\\/\\\/alliedmet.com\\\/es\\\/efp-14k\\\/\",\"name\":\"EFP-14K - Allied Metals Corporation\",\"isPartOf\":{\"@id\":\"https:\\\/\\\/alliedmet.com\\\/es\\\/#website\"},\"primaryImageOfPage\":{\"@id\":\"https:\\\/\\\/alliedmet.com\\\/es\\\/efp-14k\\\/#primaryimage\"},\"image\":{\"@id\":\"https:\\\/\\\/alliedmet.com\\\/es\\\/efp-14k\\\/#primaryimage\"},\"thumbnailUrl\":\"https:\\\/\\\/alliedmet.com\\\/wp-content\\\/uploads\\\/2019\\\/11\\\/EFP-14K-1.png\",\"datePublished\":\"2021-04-17T00:42:32+00:00\",\"dateModified\":\"2021-04-21T23:00:38+00:00\",\"description\":\"Nuestro EFP 14K ofrece una composici\u00f3n qu\u00edmica garantizada dentro de par\u00e1metros que puede especificar el consumidor. Las placas de alta densidad ofrecen un acoplamiento excelente, menor tiempo de fundici\u00f3n, menor costo de energ\u00eda, y requieren un espacio de almacenamiento m\u00ednimo. De manera similar a nuestro c\u00e1todo de hierro alternativo, tambi\u00e9n es apto para producir acero inoxidable con bajo contenido de carbono, fundiciones termorresistentes y no magn\u00e9ticas, y aleaciones magn\u00e9ticas. Este producto no presenta bordes filosos o irregulares, y su tama\u00f1o uniforme facilita su manipulaci\u00f3n.\",\"breadcrumb\":{\"@id\":\"https:\\\/\\\/alliedmet.com\\\/es\\\/efp-14k\\\/#breadcrumb\"},\"inLanguage\":\"es\",\"potentialAction\":[{\"@type\":\"ReadAction\",\"target\":[\"https:\\\/\\\/alliedmet.com\\\/es\\\/efp-14k\\\/\"]}]},{\"@type\":\"ImageObject\",\"inLanguage\":\"es\",\"@id\":\"https:\\\/\\\/alliedmet.com\\\/es\\\/efp-14k\\\/#primaryimage\",\"url\":\"https:\\\/\\\/alliedmet.com\\\/wp-content\\\/uploads\\\/2019\\\/11\\\/EFP-14K-1.png\",\"contentUrl\":\"https:\\\/\\\/alliedmet.com\\\/wp-content\\\/uploads\\\/2019\\\/11\\\/EFP-14K-1.png\"},{\"@type\":\"BreadcrumbList\",\"@id\":\"https:\\\/\\\/alliedmet.com\\\/es\\\/efp-14k\\\/#breadcrumb\",\"itemListElement\":[{\"@type\":\"ListItem\",\"position\":1,\"name\":\"Home\",\"item\":\"https:\\\/\\\/alliedmet.com\\\/es\\\/\"},{\"@type\":\"ListItem\",\"position\":2,\"name\":\"EFP-14K\"}]},{\"@type\":\"WebSite\",\"@id\":\"https:\\\/\\\/alliedmet.com\\\/es\\\/#website\",\"url\":\"https:\\\/\\\/alliedmet.com\\\/es\\\/\",\"name\":\"Allied Metals Corporation\",\"description\":\"High Purity Iron and Low Carbon Iron\",\"publisher\":{\"@id\":\"https:\\\/\\\/alliedmet.com\\\/es\\\/#organization\"},\"potentialAction\":[{\"@type\":\"SearchAction\",\"target\":{\"@type\":\"EntryPoint\",\"urlTemplate\":\"https:\\\/\\\/alliedmet.com\\\/es\\\/?s={search_term_string}\"},\"query-input\":{\"@type\":\"PropertyValueSpecification\",\"valueRequired\":true,\"valueName\":\"search_term_string\"}}],\"inLanguage\":\"es\"},{\"@type\":\"Organization\",\"@id\":\"https:\\\/\\\/alliedmet.com\\\/es\\\/#organization\",\"name\":\"Allied Metals Corporation\",\"url\":\"https:\\\/\\\/alliedmet.com\\\/es\\\/\",\"logo\":{\"@type\":\"ImageObject\",\"inLanguage\":\"es\",\"@id\":\"https:\\\/\\\/alliedmet.com\\\/es\\\/#\\\/schema\\\/logo\\\/image\\\/\",\"url\":\"https:\\\/\\\/alliedmet.com\\\/wp-content\\\/uploads\\\/2019\\\/07\\\/AMC-English-logo.png\",\"contentUrl\":\"https:\\\/\\\/alliedmet.com\\\/wp-content\\\/uploads\\\/2019\\\/07\\\/AMC-English-logo.png\",\"width\":1029,\"height\":317,\"caption\":\"Allied Metals Corporation\"},\"image\":{\"@id\":\"https:\\\/\\\/alliedmet.com\\\/es\\\/#\\\/schema\\\/logo\\\/image\\\/\"},\"sameAs\":[\"https:\\\/\\\/www.linkedin.com\\\/company\\\/allied-metals\"]}]}<\/script>\n<!-- \/ Yoast SEO Premium plugin. -->","yoast_head_json":{"title":"EFP-14K - Allied Metals Corporation","description":"Nuestro EFP 14K ofrece una composici\u00f3n qu\u00edmica garantizada dentro de par\u00e1metros que puede especificar el consumidor. Las placas de alta densidad ofrecen un acoplamiento excelente, menor tiempo de fundici\u00f3n, menor costo de energ\u00eda, y requieren un espacio de almacenamiento m\u00ednimo. De manera similar a nuestro c\u00e1todo de hierro alternativo, tambi\u00e9n es apto para producir acero inoxidable con bajo contenido de carbono, fundiciones termorresistentes y no magn\u00e9ticas, y aleaciones magn\u00e9ticas. Este producto no presenta bordes filosos o irregulares, y su tama\u00f1o uniforme facilita su manipulaci\u00f3n.","robots":{"index":"index","follow":"follow","max-snippet":"max-snippet:-1","max-image-preview":"max-image-preview:large","max-video-preview":"max-video-preview:-1"},"canonical":"https:\/\/alliedmet.com\/es\/efp-14k\/","og_locale":"es_ES","og_type":"article","og_title":"EFP-14K","og_description":"Nuestro EFP 14K ofrece una composici\u00f3n qu\u00edmica garantizada dentro de par\u00e1metros que puede especificar el consumidor. Las placas de alta densidad ofrecen un acoplamiento excelente, menor tiempo de fundici\u00f3n, menor costo de energ\u00eda, y requieren un espacio de almacenamiento m\u00ednimo. De manera similar a nuestro c\u00e1todo de hierro alternativo, tambi\u00e9n es apto para producir acero inoxidable con bajo contenido de carbono, fundiciones termorresistentes y no magn\u00e9ticas, y aleaciones magn\u00e9ticas. Este producto no presenta bordes filosos o irregulares, y su tama\u00f1o uniforme facilita su manipulaci\u00f3n.","og_url":"https:\/\/alliedmet.com\/es\/efp-14k\/","og_site_name":"Allied Metals Corporation","article_modified_time":"2021-04-21T23:00:38+00:00","og_image":[{"url":"https:\/\/alliedmet.com\/wp-content\/uploads\/2019\/11\/EFP-14K-1.png","type":"","width":"","height":""}],"twitter_card":"summary_large_image","twitter_misc":{"Tiempo de lectura":"1 minuto"},"schema":{"@context":"https:\/\/schema.org","@graph":[{"@type":"WebPage","@id":"https:\/\/alliedmet.com\/es\/efp-14k\/","url":"https:\/\/alliedmet.com\/es\/efp-14k\/","name":"EFP-14K - Allied Metals Corporation","isPartOf":{"@id":"https:\/\/alliedmet.com\/es\/#website"},"primaryImageOfPage":{"@id":"https:\/\/alliedmet.com\/es\/efp-14k\/#primaryimage"},"image":{"@id":"https:\/\/alliedmet.com\/es\/efp-14k\/#primaryimage"},"thumbnailUrl":"https:\/\/alliedmet.com\/wp-content\/uploads\/2019\/11\/EFP-14K-1.png","datePublished":"2021-04-17T00:42:32+00:00","dateModified":"2021-04-21T23:00:38+00:00","description":"Nuestro EFP 14K ofrece una composici\u00f3n qu\u00edmica garantizada dentro de par\u00e1metros que puede especificar el consumidor. Las placas de alta densidad ofrecen un acoplamiento excelente, menor tiempo de fundici\u00f3n, menor costo de energ\u00eda, y requieren un espacio de almacenamiento m\u00ednimo. De manera similar a nuestro c\u00e1todo de hierro alternativo, tambi\u00e9n es apto para producir acero inoxidable con bajo contenido de carbono, fundiciones termorresistentes y no magn\u00e9ticas, y aleaciones magn\u00e9ticas. Este producto no presenta bordes filosos o irregulares, y su tama\u00f1o uniforme facilita su manipulaci\u00f3n.","breadcrumb":{"@id":"https:\/\/alliedmet.com\/es\/efp-14k\/#breadcrumb"},"inLanguage":"es","potentialAction":[{"@type":"ReadAction","target":["https:\/\/alliedmet.com\/es\/efp-14k\/"]}]},{"@type":"ImageObject","inLanguage":"es","@id":"https:\/\/alliedmet.com\/es\/efp-14k\/#primaryimage","url":"https:\/\/alliedmet.com\/wp-content\/uploads\/2019\/11\/EFP-14K-1.png","contentUrl":"https:\/\/alliedmet.com\/wp-content\/uploads\/2019\/11\/EFP-14K-1.png"},{"@type":"BreadcrumbList","@id":"https:\/\/alliedmet.com\/es\/efp-14k\/#breadcrumb","itemListElement":[{"@type":"ListItem","position":1,"name":"Home","item":"https:\/\/alliedmet.com\/es\/"},{"@type":"ListItem","position":2,"name":"EFP-14K"}]},{"@type":"WebSite","@id":"https:\/\/alliedmet.com\/es\/#website","url":"https:\/\/alliedmet.com\/es\/","name":"Allied Metals Corporation","description":"High Purity Iron and Low Carbon Iron","publisher":{"@id":"https:\/\/alliedmet.com\/es\/#organization"},"potentialAction":[{"@type":"SearchAction","target":{"@type":"EntryPoint","urlTemplate":"https:\/\/alliedmet.com\/es\/?s={search_term_string}"},"query-input":{"@type":"PropertyValueSpecification","valueRequired":true,"valueName":"search_term_string"}}],"inLanguage":"es"},{"@type":"Organization","@id":"https:\/\/alliedmet.com\/es\/#organization","name":"Allied Metals Corporation","url":"https:\/\/alliedmet.com\/es\/","logo":{"@type":"ImageObject","inLanguage":"es","@id":"https:\/\/alliedmet.com\/es\/#\/schema\/logo\/image\/","url":"https:\/\/alliedmet.com\/wp-content\/uploads\/2019\/07\/AMC-English-logo.png","contentUrl":"https:\/\/alliedmet.com\/wp-content\/uploads\/2019\/07\/AMC-English-logo.png","width":1029,"height":317,"caption":"Allied Metals Corporation"},"image":{"@id":"https:\/\/alliedmet.com\/es\/#\/schema\/logo\/image\/"},"sameAs":["https:\/\/www.linkedin.com\/company\/allied-metals"]}]}},"_links":{"self":[{"href":"https:\/\/alliedmet.com\/es\/wp-json\/wp\/v2\/pages\/5161","targetHints":{"allow":["GET"]}}],"collection":[{"href":"https:\/\/alliedmet.com\/es\/wp-json\/wp\/v2\/pages"}],"about":[{"href":"https:\/\/alliedmet.com\/es\/wp-json\/wp\/v2\/types\/page"}],"author":[{"embeddable":true,"href":"https:\/\/alliedmet.com\/es\/wp-json\/wp\/v2\/users\/1"}],"replies":[{"embeddable":true,"href":"https:\/\/alliedmet.com\/es\/wp-json\/wp\/v2\/comments?post=5161"}],"version-history":[{"count":0,"href":"https:\/\/alliedmet.com\/es\/wp-json\/wp\/v2\/pages\/5161\/revisions"}],"wp:attachment":[{"href":"https:\/\/alliedmet.com\/es\/wp-json\/wp\/v2\/media?parent=5161"}],"curies":[{"name":"wp","href":"https:\/\/api.w.org\/{rel}","templated":true}]}}