{"id":5187,"date":"2021-04-17T00:59:21","date_gmt":"2021-04-17T00:59:21","guid":{"rendered":"https:\/\/alliedmet.com\/escamas-de-hierro-electrolitico\/"},"modified":"2021-04-21T22:52:21","modified_gmt":"2021-04-21T22:52:21","slug":"escamas-de-hierro-electrolitico","status":"publish","type":"page","link":"https:\/\/alliedmet.com\/es\/escamas-de-hierro-electrolitico\/","title":{"rendered":"ESCAMAS DE HIERRO ELECTROL\u00cdTICO"},"content":{"rendered":"\n<div class=\"wp-block-themeisle-blocks-advanced-columns alignfull has-1-columns has-desktop-equal-layout has-tablet-equal-layout has-mobile-equal-layout has-nogap-gap has-vertical-unset\" id=\"wp-block-themeisle-blocks-advanced-columns-e9164ff1\"><div class=\"wp-block-themeisle-blocks-advanced-columns-overlay\"><\/div><div class=\"innerblocks-wrap\">\n<div class=\"wp-block-themeisle-blocks-advanced-column ticss-84b28bb4\" id=\"wp-block-themeisle-blocks-advanced-column-1bfdbd12\">\n<div style=\"height:20px\" aria-hidden=\"true\" class=\"wp-block-spacer ticss-d5c866b1\"><\/div>\n<\/div>\n<\/div><\/div>\n\n\n\n<div class=\"wp-block-themeisle-blocks-advanced-columns has-2-columns has-desktop-equal-layout has-tablet-collapsedRows-layout has-mobile-collapsedRows-layout has-default-gap has-vertical-unset\" id=\"wp-block-themeisle-blocks-advanced-columns-5e89a51c\"><div class=\"wp-block-themeisle-blocks-advanced-columns-overlay\"><\/div><div class=\"innerblocks-wrap\">\n<div class=\"wp-block-themeisle-blocks-advanced-column ticss-1165c512\" id=\"wp-block-themeisle-blocks-advanced-column-b0f9a739\">\n<h1 class=\"ticss-3c11ccf5 wp-block-heading\" id=\"h-escamas-de-hierro-electrol-tico\">ESCAMAS DE HIERRO ELECTROL\u00cdTICO<\/h1>\n\n\n\n<figure class=\"wp-block-image ticss-d2d99dc0\"><img decoding=\"async\" width=\"641\" height=\"276\" data-src=\"https:\/\/alliedmet.com\/wp-content\/uploads\/2019\/08\/allied_metal-products_image_iron_flakes.jpg\" alt=\"\" class=\"wp-image-668 lazyload\" data-srcset=\"https:\/\/alliedmet.com\/wp-content\/uploads\/2019\/08\/allied_metal-products_image_iron_flakes.jpg 641w, https:\/\/alliedmet.com\/wp-content\/uploads\/2019\/08\/allied_metal-products_image_iron_flakes-300x129.jpg 300w\" data-sizes=\"(max-width: 641px) 100vw, 641px\" src=\"data:image\/svg+xml;base64,PHN2ZyB3aWR0aD0iMSIgaGVpZ2h0PSIxIiB4bWxucz0iaHR0cDovL3d3dy53My5vcmcvMjAwMC9zdmciPjwvc3ZnPg==\" style=\"--smush-placeholder-width: 641px; --smush-placeholder-aspect-ratio: 641\/276;\" \/><\/figure>\n\n\n\n<div style=\"height:30px\" aria-hidden=\"true\" class=\"wp-block-spacer ticss-d6ae6074\"><\/div>\n\n\n\n<h3 class=\"has-text-align-center ticss-393ec1b6 wp-block-heading\" id=\"h-escamas-de-hierro-electrol-tico-1\">ESCAMAS DE HIERRO ELECTROL\u00cdTICO<\/h3>\n\n\n\n<figure class=\"wp-block-table ticss-a7e9b9a3\"><table><tbody><tr><td>&nbsp;&nbsp;&nbsp;&nbsp;&nbsp;&nbsp;&nbsp;&nbsp;&nbsp;&nbsp;&nbsp;&nbsp;&nbsp;<\/td><td class=\"has-text-align-right\" data-align=\"right\"><strong>Ultra-High Purity<\/strong> <\/td><td class=\"has-text-align-right\" data-align=\"right\"><strong>Low Gas Ultra-High Purity <\/strong><\/td><\/tr><\/tbody><\/table><\/figure>\n\n\n\n<figure class=\"wp-block-table ticss-6fdf6b50\"><table class=\"has-fixed-layout\"><tbody><tr><td><strong>Analysis (%)<\/strong><\/td><td>Guaranteed<\/td><td>Typical<\/td><td>Guaranteed<\/td><td>Typical<\/td><\/tr><tr><td><strong>C<\/strong><\/td><td>0.004<\/td><td><\/td><td>0.003<\/td><td><\/td><\/tr><tr><td><strong>S<\/strong><\/td><td>0.002<\/td><td><\/td><td>0.002<\/td><td><\/td><\/tr><tr><td><strong>N<\/strong><\/td><td>0.003<\/td><td><\/td><td>0.0010<\/td><td>\u2264 0.0005<\/td><\/tr><tr><td><strong>O<\/strong><\/td><td>0.025<\/td><td>0.0150<\/td><td>0.0150<\/td><td><\/td><\/tr><tr><td><strong>P<\/strong><\/td><td>0.0020<\/td><td>0.001<\/td><td>0.001<\/td><td><\/td><\/tr><tr><td><strong>Mn<\/strong><\/td><td>0.0020<\/td><td><\/td><td>0.001<\/td><td><\/td><\/tr><tr><td><strong>Si<\/strong><\/td><td>0.001<\/td><td><\/td><td>0.001<\/td><td><\/td><\/tr><\/tbody><\/table><\/figure>\n<\/div>\n\n\n\n<div class=\"wp-block-themeisle-blocks-advanced-column\" id=\"wp-block-themeisle-blocks-advanced-column-b82a7e08\">\n<p class=\"has-normal-font-size\">Mediante innovadores procesos de fabricaci\u00f3n, estrictas pr\u00e1cticas de control de calidad y a\u00f1os de desarrollo, Allied Metals se enorgullece de producir el hierro electrol\u00edtico de mayor calidad de todo el mundo. La purificaci\u00f3n electroqu\u00edmica compleja permite eliminar elementos da\u00f1inos para lograr niveles de pureza de hasta 99,99 % de hierro (4N). Quiz\u00e1s igualmente importante que la pureza es el alto nivel de uniformidad que ofrece nuestro hierro electrol\u00edtico, que es el resultado de los m\u00e9todos de producci\u00f3n avanzados que se utilizan para industrializarlo.<\/p>\n\n\n\n<p class=\"has-normal-font-size\">Adem\u00e1s de nuestro grado de pureza ultra alta est\u00e1ndar, tambi\u00e9n producimos un grado de pureza ultra alta con bajo contenido de gas que luego se refina para eliminar impurezas gaseosas tales como nitr\u00f3geno, ox\u00edgeno, azufre y carbono. Si bien la alta pureza de nuestro hierro electrol\u00edtico permite que el material cumpla con la mayor\u00eda de los requisitos qu\u00edmicos, a menudo podemos producir material de acuerdo con su especificaci\u00f3n individual. Adem\u00e1s, tenemos la capacidad de producir hierro electrol\u00edtico en diversos tama\u00f1os y espesores. Nuestra experiencia en la producci\u00f3n de este material nos permite adaptarnos a la mayor\u00eda de los requisitos espec\u00edficos del cliente a pedido.<\/p>\n\n\n\n<p class=\"has-normal-font-size\"><strong>Forma y tama\u00f1o:&nbsp;<\/strong>Escamas<br><strong>Embalaje:<\/strong> Se embala de acuerdo con los requisitos individuales<br><strong>Disponibilidad:<\/strong> Todas las regiones<\/p>\n\n\n\n<div class=\"wp-block-buttons is-layout-flex wp-block-buttons-is-layout-flex\">\n<div class=\"wp-block-button is-style-outline is-style-outline--1\"><a class=\"wp-block-button__link has-neve-link-color-color has-text-color\" href=\"https:\/\/alliedmet.com\/es\/productos\/\">L\u00cdNEA COMPLETA DE PRODUCTOS <\/a><\/div>\n\n\n\n<div class=\"wp-block-button\"><a class=\"wp-block-button__link\" href=\"https:\/\/alliedmet.com\/es\/solicitud-de-cotizacion-de-productos\/\">CONSIGUE UNA COTIZACI\u00d3N<\/a><\/div>\n<\/div>\n<\/div>\n<\/div><\/div>\n","protected":false},"excerpt":{"rendered":"","protected":false},"author":1,"featured_media":0,"parent":0,"menu_order":0,"comment_status":"closed","ping_status":"closed","template":"","meta":{"neve_meta_sidebar":"full-width","neve_meta_container":"","neve_meta_enable_content_width":"off","neve_meta_content_width":0,"neve_meta_title_alignment":"","neve_meta_author_avatar":"","neve_post_elements_order":"","neve_meta_disable_header":"","neve_meta_disable_footer":"","neve_meta_disable_title":"on","_themeisle_gutenberg_block_has_review":false,"footnotes":""},"class_list":["post-5187","page","type-page","status-publish","hentry"],"yoast_head":"<!-- This site is optimized with the Yoast SEO Premium plugin v27.3 (Yoast SEO v27.3) - https:\/\/yoast.com\/product\/yoast-seo-premium-wordpress\/ -->\n<title>Hierro electrol\u00edtico de ultra alta pureza - Allied Metals Corporation<\/title>\n<meta name=\"description\" content=\"Allied Metals se enorgullece de producir el hierro electrol\u00edtico de mayor calidad de todo el mundo. La purificaci\u00f3n electroqu\u00edmica compleja permite eliminar elementos da\u00f1inos para lograr niveles de pureza de hasta 99,99 % de hierro (4N). Quiz\u00e1s igualmente importante que la pureza es el alto nivel de uniformidad que ofrece nuestro hierro electrol\u00edtico, que es el resultado de los m\u00e9todos de producci\u00f3n avanzados que se utilizan para industrializarlo. Adem\u00e1s de nuestro grado de pureza ultra alta est\u00e1ndar, tambi\u00e9n producimos un grado de pureza ultra alta con bajo contenido de gas que luego se refina para eliminar impurezas gaseosas tales como nitr\u00f3geno, ox\u00edgeno, azufre y carbono. Si bien la alta pureza de nuestro hierro electrol\u00edtico permite que el material cumpla con la mayor\u00eda de los requisitos qu\u00edmicos, a menudo podemos producir material de acuerdo con su especificaci\u00f3n individual. Adem\u00e1s, tenemos la capacidad de producir hierro electrol\u00edtico en diversos tama\u00f1os y espesores. Nuestra experiencia en la producci\u00f3n de este material nos permite adaptarnos a la mayor\u00eda de los requisitos espec\u00edficos del cliente a pedido.\" \/>\n<meta name=\"robots\" content=\"index, follow, max-snippet:-1, max-image-preview:large, max-video-preview:-1\" \/>\n<link rel=\"canonical\" href=\"https:\/\/alliedmet.com\/es\/escamas-de-hierro-electrolitico\/\" \/>\n<meta property=\"og:locale\" content=\"es_ES\" \/>\n<meta property=\"og:type\" content=\"article\" \/>\n<meta property=\"og:title\" content=\"ESCAMAS DE HIERRO ELECTROL\u00cdTICO\" \/>\n<meta property=\"og:description\" content=\"Allied Metals se enorgullece de producir el hierro electrol\u00edtico de mayor calidad de todo el mundo. La purificaci\u00f3n electroqu\u00edmica compleja permite eliminar elementos da\u00f1inos para lograr niveles de pureza de hasta 99,99 % de hierro (4N). Quiz\u00e1s igualmente importante que la pureza es el alto nivel de uniformidad que ofrece nuestro hierro electrol\u00edtico, que es el resultado de los m\u00e9todos de producci\u00f3n avanzados que se utilizan para industrializarlo. Adem\u00e1s de nuestro grado de pureza ultra alta est\u00e1ndar, tambi\u00e9n producimos un grado de pureza ultra alta con bajo contenido de gas que luego se refina para eliminar impurezas gaseosas tales como nitr\u00f3geno, ox\u00edgeno, azufre y carbono. Si bien la alta pureza de nuestro hierro electrol\u00edtico permite que el material cumpla con la mayor\u00eda de los requisitos qu\u00edmicos, a menudo podemos producir material de acuerdo con su especificaci\u00f3n individual. Adem\u00e1s, tenemos la capacidad de producir hierro electrol\u00edtico en diversos tama\u00f1os y espesores. Nuestra experiencia en la producci\u00f3n de este material nos permite adaptarnos a la mayor\u00eda de los requisitos espec\u00edficos del cliente a pedido.\" \/>\n<meta property=\"og:url\" content=\"https:\/\/alliedmet.com\/es\/escamas-de-hierro-electrolitico\/\" \/>\n<meta property=\"og:site_name\" content=\"Allied Metals Corporation\" \/>\n<meta property=\"article:modified_time\" content=\"2021-04-21T22:52:21+00:00\" \/>\n<meta property=\"og:image\" content=\"https:\/\/alliedmet.com\/wp-content\/uploads\/2019\/08\/allied_metal-products_image_iron_flakes.jpg\" \/>\n<meta name=\"twitter:card\" content=\"summary_large_image\" \/>\n<meta name=\"twitter:label1\" content=\"Tiempo de lectura\" \/>\n\t<meta name=\"twitter:data1\" content=\"2 minutos\" \/>\n<script type=\"application\/ld+json\" class=\"yoast-schema-graph\">{\"@context\":\"https:\\\/\\\/schema.org\",\"@graph\":[{\"@type\":\"WebPage\",\"@id\":\"https:\\\/\\\/alliedmet.com\\\/es\\\/escamas-de-hierro-electrolitico\\\/\",\"url\":\"https:\\\/\\\/alliedmet.com\\\/es\\\/escamas-de-hierro-electrolitico\\\/\",\"name\":\"Hierro electrol\u00edtico de ultra alta pureza - Allied Metals Corporation\",\"isPartOf\":{\"@id\":\"https:\\\/\\\/alliedmet.com\\\/es\\\/#website\"},\"primaryImageOfPage\":{\"@id\":\"https:\\\/\\\/alliedmet.com\\\/es\\\/escamas-de-hierro-electrolitico\\\/#primaryimage\"},\"image\":{\"@id\":\"https:\\\/\\\/alliedmet.com\\\/es\\\/escamas-de-hierro-electrolitico\\\/#primaryimage\"},\"thumbnailUrl\":\"https:\\\/\\\/alliedmet.com\\\/wp-content\\\/uploads\\\/2019\\\/08\\\/allied_metal-products_image_iron_flakes.jpg\",\"datePublished\":\"2021-04-17T00:59:21+00:00\",\"dateModified\":\"2021-04-21T22:52:21+00:00\",\"description\":\"Allied Metals se enorgullece de producir el hierro electrol\u00edtico de mayor calidad de todo el mundo. La purificaci\u00f3n electroqu\u00edmica compleja permite eliminar elementos da\u00f1inos para lograr niveles de pureza de hasta 99,99 % de hierro (4N). Quiz\u00e1s igualmente importante que la pureza es el alto nivel de uniformidad que ofrece nuestro hierro electrol\u00edtico, que es el resultado de los m\u00e9todos de producci\u00f3n avanzados que se utilizan para industrializarlo. Adem\u00e1s de nuestro grado de pureza ultra alta est\u00e1ndar, tambi\u00e9n producimos un grado de pureza ultra alta con bajo contenido de gas que luego se refina para eliminar impurezas gaseosas tales como nitr\u00f3geno, ox\u00edgeno, azufre y carbono. Si bien la alta pureza de nuestro hierro electrol\u00edtico permite que el material cumpla con la mayor\u00eda de los requisitos qu\u00edmicos, a menudo podemos producir material de acuerdo con su especificaci\u00f3n individual. Adem\u00e1s, tenemos la capacidad de producir hierro electrol\u00edtico en diversos tama\u00f1os y espesores. Nuestra experiencia en la producci\u00f3n de este material nos permite adaptarnos a la mayor\u00eda de los requisitos espec\u00edficos del cliente a pedido.\",\"breadcrumb\":{\"@id\":\"https:\\\/\\\/alliedmet.com\\\/es\\\/escamas-de-hierro-electrolitico\\\/#breadcrumb\"},\"inLanguage\":\"es\",\"potentialAction\":[{\"@type\":\"ReadAction\",\"target\":[\"https:\\\/\\\/alliedmet.com\\\/es\\\/escamas-de-hierro-electrolitico\\\/\"]}]},{\"@type\":\"ImageObject\",\"inLanguage\":\"es\",\"@id\":\"https:\\\/\\\/alliedmet.com\\\/es\\\/escamas-de-hierro-electrolitico\\\/#primaryimage\",\"url\":\"https:\\\/\\\/alliedmet.com\\\/wp-content\\\/uploads\\\/2019\\\/08\\\/allied_metal-products_image_iron_flakes.jpg\",\"contentUrl\":\"https:\\\/\\\/alliedmet.com\\\/wp-content\\\/uploads\\\/2019\\\/08\\\/allied_metal-products_image_iron_flakes.jpg\"},{\"@type\":\"BreadcrumbList\",\"@id\":\"https:\\\/\\\/alliedmet.com\\\/es\\\/escamas-de-hierro-electrolitico\\\/#breadcrumb\",\"itemListElement\":[{\"@type\":\"ListItem\",\"position\":1,\"name\":\"Home\",\"item\":\"https:\\\/\\\/alliedmet.com\\\/es\\\/\"},{\"@type\":\"ListItem\",\"position\":2,\"name\":\"ESCAMAS DE HIERRO ELECTROL\u00cdTICO\"}]},{\"@type\":\"WebSite\",\"@id\":\"https:\\\/\\\/alliedmet.com\\\/es\\\/#website\",\"url\":\"https:\\\/\\\/alliedmet.com\\\/es\\\/\",\"name\":\"Allied Metals Corporation\",\"description\":\"High Purity Iron and Low Carbon Iron\",\"publisher\":{\"@id\":\"https:\\\/\\\/alliedmet.com\\\/es\\\/#organization\"},\"potentialAction\":[{\"@type\":\"SearchAction\",\"target\":{\"@type\":\"EntryPoint\",\"urlTemplate\":\"https:\\\/\\\/alliedmet.com\\\/es\\\/?s={search_term_string}\"},\"query-input\":{\"@type\":\"PropertyValueSpecification\",\"valueRequired\":true,\"valueName\":\"search_term_string\"}}],\"inLanguage\":\"es\"},{\"@type\":\"Organization\",\"@id\":\"https:\\\/\\\/alliedmet.com\\\/es\\\/#organization\",\"name\":\"Allied Metals Corporation\",\"url\":\"https:\\\/\\\/alliedmet.com\\\/es\\\/\",\"logo\":{\"@type\":\"ImageObject\",\"inLanguage\":\"es\",\"@id\":\"https:\\\/\\\/alliedmet.com\\\/es\\\/#\\\/schema\\\/logo\\\/image\\\/\",\"url\":\"https:\\\/\\\/alliedmet.com\\\/wp-content\\\/uploads\\\/2019\\\/07\\\/AMC-English-logo.png\",\"contentUrl\":\"https:\\\/\\\/alliedmet.com\\\/wp-content\\\/uploads\\\/2019\\\/07\\\/AMC-English-logo.png\",\"width\":1029,\"height\":317,\"caption\":\"Allied Metals Corporation\"},\"image\":{\"@id\":\"https:\\\/\\\/alliedmet.com\\\/es\\\/#\\\/schema\\\/logo\\\/image\\\/\"},\"sameAs\":[\"https:\\\/\\\/www.linkedin.com\\\/company\\\/allied-metals\"]}]}<\/script>\n<!-- \/ Yoast SEO Premium plugin. -->","yoast_head_json":{"title":"Hierro electrol\u00edtico de ultra alta pureza - Allied Metals Corporation","description":"Allied Metals se enorgullece de producir el hierro electrol\u00edtico de mayor calidad de todo el mundo. La purificaci\u00f3n electroqu\u00edmica compleja permite eliminar elementos da\u00f1inos para lograr niveles de pureza de hasta 99,99 % de hierro (4N). Quiz\u00e1s igualmente importante que la pureza es el alto nivel de uniformidad que ofrece nuestro hierro electrol\u00edtico, que es el resultado de los m\u00e9todos de producci\u00f3n avanzados que se utilizan para industrializarlo. Adem\u00e1s de nuestro grado de pureza ultra alta est\u00e1ndar, tambi\u00e9n producimos un grado de pureza ultra alta con bajo contenido de gas que luego se refina para eliminar impurezas gaseosas tales como nitr\u00f3geno, ox\u00edgeno, azufre y carbono. Si bien la alta pureza de nuestro hierro electrol\u00edtico permite que el material cumpla con la mayor\u00eda de los requisitos qu\u00edmicos, a menudo podemos producir material de acuerdo con su especificaci\u00f3n individual. Adem\u00e1s, tenemos la capacidad de producir hierro electrol\u00edtico en diversos tama\u00f1os y espesores. Nuestra experiencia en la producci\u00f3n de este material nos permite adaptarnos a la mayor\u00eda de los requisitos espec\u00edficos del cliente a pedido.","robots":{"index":"index","follow":"follow","max-snippet":"max-snippet:-1","max-image-preview":"max-image-preview:large","max-video-preview":"max-video-preview:-1"},"canonical":"https:\/\/alliedmet.com\/es\/escamas-de-hierro-electrolitico\/","og_locale":"es_ES","og_type":"article","og_title":"ESCAMAS DE HIERRO ELECTROL\u00cdTICO","og_description":"Allied Metals se enorgullece de producir el hierro electrol\u00edtico de mayor calidad de todo el mundo. La purificaci\u00f3n electroqu\u00edmica compleja permite eliminar elementos da\u00f1inos para lograr niveles de pureza de hasta 99,99 % de hierro (4N). Quiz\u00e1s igualmente importante que la pureza es el alto nivel de uniformidad que ofrece nuestro hierro electrol\u00edtico, que es el resultado de los m\u00e9todos de producci\u00f3n avanzados que se utilizan para industrializarlo. Adem\u00e1s de nuestro grado de pureza ultra alta est\u00e1ndar, tambi\u00e9n producimos un grado de pureza ultra alta con bajo contenido de gas que luego se refina para eliminar impurezas gaseosas tales como nitr\u00f3geno, ox\u00edgeno, azufre y carbono. Si bien la alta pureza de nuestro hierro electrol\u00edtico permite que el material cumpla con la mayor\u00eda de los requisitos qu\u00edmicos, a menudo podemos producir material de acuerdo con su especificaci\u00f3n individual. Adem\u00e1s, tenemos la capacidad de producir hierro electrol\u00edtico en diversos tama\u00f1os y espesores. Nuestra experiencia en la producci\u00f3n de este material nos permite adaptarnos a la mayor\u00eda de los requisitos espec\u00edficos del cliente a pedido.","og_url":"https:\/\/alliedmet.com\/es\/escamas-de-hierro-electrolitico\/","og_site_name":"Allied Metals Corporation","article_modified_time":"2021-04-21T22:52:21+00:00","og_image":[{"url":"https:\/\/alliedmet.com\/wp-content\/uploads\/2019\/08\/allied_metal-products_image_iron_flakes.jpg","type":"","width":"","height":""}],"twitter_card":"summary_large_image","twitter_misc":{"Tiempo de lectura":"2 minutos"},"schema":{"@context":"https:\/\/schema.org","@graph":[{"@type":"WebPage","@id":"https:\/\/alliedmet.com\/es\/escamas-de-hierro-electrolitico\/","url":"https:\/\/alliedmet.com\/es\/escamas-de-hierro-electrolitico\/","name":"Hierro electrol\u00edtico de ultra alta pureza - Allied Metals Corporation","isPartOf":{"@id":"https:\/\/alliedmet.com\/es\/#website"},"primaryImageOfPage":{"@id":"https:\/\/alliedmet.com\/es\/escamas-de-hierro-electrolitico\/#primaryimage"},"image":{"@id":"https:\/\/alliedmet.com\/es\/escamas-de-hierro-electrolitico\/#primaryimage"},"thumbnailUrl":"https:\/\/alliedmet.com\/wp-content\/uploads\/2019\/08\/allied_metal-products_image_iron_flakes.jpg","datePublished":"2021-04-17T00:59:21+00:00","dateModified":"2021-04-21T22:52:21+00:00","description":"Allied Metals se enorgullece de producir el hierro electrol\u00edtico de mayor calidad de todo el mundo. La purificaci\u00f3n electroqu\u00edmica compleja permite eliminar elementos da\u00f1inos para lograr niveles de pureza de hasta 99,99 % de hierro (4N). Quiz\u00e1s igualmente importante que la pureza es el alto nivel de uniformidad que ofrece nuestro hierro electrol\u00edtico, que es el resultado de los m\u00e9todos de producci\u00f3n avanzados que se utilizan para industrializarlo. Adem\u00e1s de nuestro grado de pureza ultra alta est\u00e1ndar, tambi\u00e9n producimos un grado de pureza ultra alta con bajo contenido de gas que luego se refina para eliminar impurezas gaseosas tales como nitr\u00f3geno, ox\u00edgeno, azufre y carbono. Si bien la alta pureza de nuestro hierro electrol\u00edtico permite que el material cumpla con la mayor\u00eda de los requisitos qu\u00edmicos, a menudo podemos producir material de acuerdo con su especificaci\u00f3n individual. Adem\u00e1s, tenemos la capacidad de producir hierro electrol\u00edtico en diversos tama\u00f1os y espesores. Nuestra experiencia en la producci\u00f3n de este material nos permite adaptarnos a la mayor\u00eda de los requisitos espec\u00edficos del cliente a pedido.","breadcrumb":{"@id":"https:\/\/alliedmet.com\/es\/escamas-de-hierro-electrolitico\/#breadcrumb"},"inLanguage":"es","potentialAction":[{"@type":"ReadAction","target":["https:\/\/alliedmet.com\/es\/escamas-de-hierro-electrolitico\/"]}]},{"@type":"ImageObject","inLanguage":"es","@id":"https:\/\/alliedmet.com\/es\/escamas-de-hierro-electrolitico\/#primaryimage","url":"https:\/\/alliedmet.com\/wp-content\/uploads\/2019\/08\/allied_metal-products_image_iron_flakes.jpg","contentUrl":"https:\/\/alliedmet.com\/wp-content\/uploads\/2019\/08\/allied_metal-products_image_iron_flakes.jpg"},{"@type":"BreadcrumbList","@id":"https:\/\/alliedmet.com\/es\/escamas-de-hierro-electrolitico\/#breadcrumb","itemListElement":[{"@type":"ListItem","position":1,"name":"Home","item":"https:\/\/alliedmet.com\/es\/"},{"@type":"ListItem","position":2,"name":"ESCAMAS DE HIERRO ELECTROL\u00cdTICO"}]},{"@type":"WebSite","@id":"https:\/\/alliedmet.com\/es\/#website","url":"https:\/\/alliedmet.com\/es\/","name":"Allied Metals Corporation","description":"High Purity Iron and Low Carbon Iron","publisher":{"@id":"https:\/\/alliedmet.com\/es\/#organization"},"potentialAction":[{"@type":"SearchAction","target":{"@type":"EntryPoint","urlTemplate":"https:\/\/alliedmet.com\/es\/?s={search_term_string}"},"query-input":{"@type":"PropertyValueSpecification","valueRequired":true,"valueName":"search_term_string"}}],"inLanguage":"es"},{"@type":"Organization","@id":"https:\/\/alliedmet.com\/es\/#organization","name":"Allied Metals Corporation","url":"https:\/\/alliedmet.com\/es\/","logo":{"@type":"ImageObject","inLanguage":"es","@id":"https:\/\/alliedmet.com\/es\/#\/schema\/logo\/image\/","url":"https:\/\/alliedmet.com\/wp-content\/uploads\/2019\/07\/AMC-English-logo.png","contentUrl":"https:\/\/alliedmet.com\/wp-content\/uploads\/2019\/07\/AMC-English-logo.png","width":1029,"height":317,"caption":"Allied Metals Corporation"},"image":{"@id":"https:\/\/alliedmet.com\/es\/#\/schema\/logo\/image\/"},"sameAs":["https:\/\/www.linkedin.com\/company\/allied-metals"]}]}},"_links":{"self":[{"href":"https:\/\/alliedmet.com\/es\/wp-json\/wp\/v2\/pages\/5187","targetHints":{"allow":["GET"]}}],"collection":[{"href":"https:\/\/alliedmet.com\/es\/wp-json\/wp\/v2\/pages"}],"about":[{"href":"https:\/\/alliedmet.com\/es\/wp-json\/wp\/v2\/types\/page"}],"author":[{"embeddable":true,"href":"https:\/\/alliedmet.com\/es\/wp-json\/wp\/v2\/users\/1"}],"replies":[{"embeddable":true,"href":"https:\/\/alliedmet.com\/es\/wp-json\/wp\/v2\/comments?post=5187"}],"version-history":[{"count":0,"href":"https:\/\/alliedmet.com\/es\/wp-json\/wp\/v2\/pages\/5187\/revisions"}],"wp:attachment":[{"href":"https:\/\/alliedmet.com\/es\/wp-json\/wp\/v2\/media?parent=5187"}],"curies":[{"name":"wp","href":"https:\/\/api.w.org\/{rel}","templated":true}]}}