{"id":5193,"date":"2021-04-17T01:03:37","date_gmt":"2021-04-17T01:03:37","guid":{"rendered":"https:\/\/alliedmet.com\/polvo-de-hierro-electrolitico\/"},"modified":"2021-04-21T22:57:08","modified_gmt":"2021-04-21T22:57:08","slug":"polvo-de-hierro-electrolitico","status":"publish","type":"page","link":"https:\/\/alliedmet.com\/es\/polvo-de-hierro-electrolitico\/","title":{"rendered":"POLVO DE HIERRO ELECTROL\u00cdTICO"},"content":{"rendered":"\n<div class=\"wp-block-themeisle-blocks-advanced-columns alignfull has-1-columns has-desktop-equal-layout has-tablet-equal-layout has-mobile-equal-layout has-nogap-gap has-vertical-unset\" id=\"wp-block-themeisle-blocks-advanced-columns-0c70f9bd\"><div class=\"wp-block-themeisle-blocks-advanced-columns-overlay\"><\/div><div class=\"innerblocks-wrap\">\n<div class=\"wp-block-themeisle-blocks-advanced-column\" id=\"wp-block-themeisle-blocks-advanced-column-d2216aea\">\n<div style=\"height:20px\" aria-hidden=\"true\" class=\"wp-block-spacer ticss-d5c866b1\"><\/div>\n<\/div>\n<\/div><\/div>\n\n\n\n<div class=\"wp-block-themeisle-blocks-advanced-columns has-2-columns has-desktop-equal-layout has-tablet-collapsedRows-layout has-mobile-collapsedRows-layout has-default-gap has-vertical-unset\" id=\"wp-block-themeisle-blocks-advanced-columns-468577ec\"><div class=\"wp-block-themeisle-blocks-advanced-columns-overlay\"><\/div><div class=\"innerblocks-wrap\">\n<div class=\"wp-block-themeisle-blocks-advanced-column\" id=\"wp-block-themeisle-blocks-advanced-column-f17f5df4\">\n<h1 class=\"wp-block-heading\" id=\"h-polvo-de-hierro-electrol-tico\">POLVO DE HIERRO ELECTROL\u00cdTICO<\/h1>\n\n\n\n<figure class=\"wp-block-image ticss-918035cc\"><img decoding=\"async\" width=\"620\" height=\"368\" data-src=\"https:\/\/alliedmet.com\/wp-content\/uploads\/2019\/09\/allied-metal-products-image-iron-powder.png\" alt=\"El polvo de hierro electrol\u00edtico (99,0 % \u2013 99,8 % hierro) se produce mediante un complejo proceso de refinamiento electroqu\u00edmico que garantiza una composici\u00f3n qu\u00edmica uniforme y distribuciones compactas del tama\u00f1o de las part\u00edculas. Nuestro polvo de hierro electrol\u00edtico se puede usar en una amplia gama de aplicaciones, como tratamiento de suelos y aguas subterr\u00e1neas (el polvo de hierro electrol\u00edtico cerovalente ofrece mayor capacidad de reacci\u00f3n), n\u00facleos magn\u00e9ticos en polvo, fabricaci\u00f3n de qu\u00edmicos de alta pureza, fabricaci\u00f3n farmac\u00e9utica, absorbentes de ox\u00edgeno, pinturas y pigmentos, aplicaciones de revestimiento superficial, fabricaci\u00f3n de aditivos, moldeo por inyecci\u00f3n de metales, ensayos no destructivos, etc. Al diferenciar nuestros polvos de hierro de otros, el material que ofrecemos no se reprocesa a partir de fuentes secundarias o recicladas y pr\u00e1cticamente no contiene rastros de aceite, grasa u otros compuestos perjudiciales.\" class=\"wp-image-5195 lazyload\" data-srcset=\"https:\/\/alliedmet.com\/wp-content\/uploads\/2019\/09\/allied-metal-products-image-iron-powder.png 620w, https:\/\/alliedmet.com\/wp-content\/uploads\/2019\/09\/allied-metal-products-image-iron-powder-300x178.png 300w\" data-sizes=\"(max-width: 620px) 100vw, 620px\" src=\"data:image\/svg+xml;base64,PHN2ZyB3aWR0aD0iMSIgaGVpZ2h0PSIxIiB4bWxucz0iaHR0cDovL3d3dy53My5vcmcvMjAwMC9zdmciPjwvc3ZnPg==\" style=\"--smush-placeholder-width: 620px; --smush-placeholder-aspect-ratio: 620\/368;\" \/><\/figure>\n<\/div>\n\n\n\n<div class=\"wp-block-themeisle-blocks-advanced-column\" id=\"wp-block-themeisle-blocks-advanced-column-16d2d870\">\n<p class=\"has-normal-font-size\">El polvo de hierro electrol\u00edtico (99,0 % \u2013 99,8 % hierro) se produce mediante un complejo proceso de refinamiento electroqu\u00edmico que garantiza una composici\u00f3n qu\u00edmica uniforme y distribuciones compactas del tama\u00f1o de las part\u00edculas. Nuestro polvo de hierro electrol\u00edtico se puede usar en una amplia gama de aplicaciones, como tratamiento de suelos y aguas subterr\u00e1neas (el polvo de hierro electrol\u00edtico cerovalente ofrece mayor capacidad de reacci\u00f3n), n\u00facleos magn\u00e9ticos en polvo, fabricaci\u00f3n de qu\u00edmicos de alta pureza, fabricaci\u00f3n farmac\u00e9utica, absorbentes de ox\u00edgeno, pinturas y pigmentos, aplicaciones de revestimiento superficial, fabricaci\u00f3n de aditivos, moldeo por inyecci\u00f3n de metales, ensayos no destructivos, etc. Al diferenciar nuestros polvos de hierro de otros, el material que ofrecemos no se reprocesa a partir de fuentes secundarias o recicladas y pr\u00e1cticamente no contiene rastros de aceite, grasa u otros compuestos perjudiciales.<\/p>\n\n\n\n<p class=\"has-normal-font-size\"><strong>Forma y tama\u00f1o:&nbsp;<\/strong> 100 \u2013 Malla, 200 \u2013 Malla, 300 \u2013 Malla, 400 \u2013 Malla, 500 \u2013 Malla, Ultrafino (D50 de \u2264 10 micrones)<br><strong>Recocido y tama\u00f1o a medida disponible a pedido<br><strong>Embalaje:<\/strong>&nbsp;<\/strong> Consulte<br><strong>Disponibilidad:<\/strong>&nbsp;Continente americano, Europa<\/p>\n\n\n\n<div class=\"wp-block-buttons is-layout-flex wp-block-buttons-is-layout-flex\">\n<div class=\"wp-block-button is-style-outline is-style-outline--1\"><a class=\"wp-block-button__link has-neve-link-color-color has-text-color\" href=\"https:\/\/alliedmet.com\/es\/productos\/\">L\u00cdNEA COMPLETA DE PRODUCTOS <\/a><\/div>\n\n\n\n<div class=\"wp-block-button\"><a class=\"wp-block-button__link\" href=\"https:\/\/alliedmet.com\/es\/solicitud-de-cotizacion-de-productos\/\">CONSIGUE UNA COTIZACI\u00d3N<\/a><\/div>\n<\/div>\n<\/div>\n<\/div><\/div>\n","protected":false},"excerpt":{"rendered":"","protected":false},"author":1,"featured_media":0,"parent":0,"menu_order":0,"comment_status":"closed","ping_status":"closed","template":"","meta":{"neve_meta_sidebar":"","neve_meta_container":"","neve_meta_enable_content_width":"off","neve_meta_content_width":0,"neve_meta_title_alignment":"","neve_meta_author_avatar":"","neve_post_elements_order":"","neve_meta_disable_header":"","neve_meta_disable_footer":"","neve_meta_disable_title":"on","_themeisle_gutenberg_block_has_review":false,"footnotes":""},"class_list":["post-5193","page","type-page","status-publish","hentry"],"yoast_head":"<!-- This site is optimized with the Yoast SEO Premium plugin v27.3 (Yoast SEO v27.3) - https:\/\/yoast.com\/product\/yoast-seo-premium-wordpress\/ -->\n<title>polvo de HIERRO ELECTROL\u00cdTICO ultra alto - Allied Metals Corporation<\/title>\n<meta name=\"description\" content=\"El polvo de hierro electrol\u00edtico (99,0 % \u2013 99,8 % hierro) se produce mediante un complejo proceso de refinamiento electroqu\u00edmico que garantiza una composici\u00f3n qu\u00edmica uniforme y distribuciones compactas del tama\u00f1o de las part\u00edculas. Nuestro polvo de hierro electrol\u00edtico se puede usar en una amplia gama de aplicaciones, como tratamiento de suelos y aguas subterr\u00e1neas (el polvo de hierro electrol\u00edtico cerovalente ofrece mayor capacidad de reacci\u00f3n), n\u00facleos magn\u00e9ticos en polvo, fabricaci\u00f3n de qu\u00edmicos de alta pureza, fabricaci\u00f3n farmac\u00e9utica, absorbentes de ox\u00edgeno, pinturas y pigmentos, aplicaciones de revestimiento superficial, fabricaci\u00f3n de aditivos, moldeo por inyecci\u00f3n de metales, ensayos no destructivos, etc. Al diferenciar nuestros polvos de hierro de otros, el material que ofrecemos no se reprocesa a partir de fuentes secundarias o recicladas y pr\u00e1cticamente no contiene rastros de aceite, grasa u otros compuestos perjudiciales.\" \/>\n<meta name=\"robots\" content=\"index, follow, max-snippet:-1, max-image-preview:large, max-video-preview:-1\" \/>\n<link rel=\"canonical\" href=\"https:\/\/alliedmet.com\/es\/polvo-de-hierro-electrolitico\/\" \/>\n<meta property=\"og:locale\" content=\"es_ES\" \/>\n<meta property=\"og:type\" content=\"article\" \/>\n<meta property=\"og:title\" content=\"POLVO DE HIERRO ELECTROL\u00cdTICO\" \/>\n<meta property=\"og:description\" content=\"El polvo de hierro electrol\u00edtico (99,0 % \u2013 99,8 % hierro) se produce mediante un complejo proceso de refinamiento electroqu\u00edmico que garantiza una composici\u00f3n qu\u00edmica uniforme y distribuciones compactas del tama\u00f1o de las part\u00edculas. Nuestro polvo de hierro electrol\u00edtico se puede usar en una amplia gama de aplicaciones, como tratamiento de suelos y aguas subterr\u00e1neas (el polvo de hierro electrol\u00edtico cerovalente ofrece mayor capacidad de reacci\u00f3n), n\u00facleos magn\u00e9ticos en polvo, fabricaci\u00f3n de qu\u00edmicos de alta pureza, fabricaci\u00f3n farmac\u00e9utica, absorbentes de ox\u00edgeno, pinturas y pigmentos, aplicaciones de revestimiento superficial, fabricaci\u00f3n de aditivos, moldeo por inyecci\u00f3n de metales, ensayos no destructivos, etc. Al diferenciar nuestros polvos de hierro de otros, el material que ofrecemos no se reprocesa a partir de fuentes secundarias o recicladas y pr\u00e1cticamente no contiene rastros de aceite, grasa u otros compuestos perjudiciales.\" \/>\n<meta property=\"og:url\" content=\"https:\/\/alliedmet.com\/es\/polvo-de-hierro-electrolitico\/\" \/>\n<meta property=\"og:site_name\" content=\"Allied Metals Corporation\" \/>\n<meta property=\"article:modified_time\" content=\"2021-04-21T22:57:08+00:00\" \/>\n<meta property=\"og:image\" content=\"https:\/\/alliedmet.com\/wp-content\/uploads\/2019\/09\/allied-metal-products-image-iron-powder.png\" \/>\n<meta name=\"twitter:card\" content=\"summary_large_image\" \/>\n<meta name=\"twitter:label1\" content=\"Tiempo de lectura\" \/>\n\t<meta name=\"twitter:data1\" content=\"1 minuto\" \/>\n<script type=\"application\/ld+json\" class=\"yoast-schema-graph\">{\"@context\":\"https:\\\/\\\/schema.org\",\"@graph\":[{\"@type\":\"WebPage\",\"@id\":\"https:\\\/\\\/alliedmet.com\\\/es\\\/polvo-de-hierro-electrolitico\\\/\",\"url\":\"https:\\\/\\\/alliedmet.com\\\/es\\\/polvo-de-hierro-electrolitico\\\/\",\"name\":\"polvo de HIERRO ELECTROL\u00cdTICO ultra alto - Allied Metals Corporation\",\"isPartOf\":{\"@id\":\"https:\\\/\\\/alliedmet.com\\\/es\\\/#website\"},\"primaryImageOfPage\":{\"@id\":\"https:\\\/\\\/alliedmet.com\\\/es\\\/polvo-de-hierro-electrolitico\\\/#primaryimage\"},\"image\":{\"@id\":\"https:\\\/\\\/alliedmet.com\\\/es\\\/polvo-de-hierro-electrolitico\\\/#primaryimage\"},\"thumbnailUrl\":\"https:\\\/\\\/alliedmet.com\\\/wp-content\\\/uploads\\\/2019\\\/09\\\/allied-metal-products-image-iron-powder.png\",\"datePublished\":\"2021-04-17T01:03:37+00:00\",\"dateModified\":\"2021-04-21T22:57:08+00:00\",\"description\":\"El polvo de hierro electrol\u00edtico (99,0 % \u2013 99,8 % hierro) se produce mediante un complejo proceso de refinamiento electroqu\u00edmico que garantiza una composici\u00f3n qu\u00edmica uniforme y distribuciones compactas del tama\u00f1o de las part\u00edculas. Nuestro polvo de hierro electrol\u00edtico se puede usar en una amplia gama de aplicaciones, como tratamiento de suelos y aguas subterr\u00e1neas (el polvo de hierro electrol\u00edtico cerovalente ofrece mayor capacidad de reacci\u00f3n), n\u00facleos magn\u00e9ticos en polvo, fabricaci\u00f3n de qu\u00edmicos de alta pureza, fabricaci\u00f3n farmac\u00e9utica, absorbentes de ox\u00edgeno, pinturas y pigmentos, aplicaciones de revestimiento superficial, fabricaci\u00f3n de aditivos, moldeo por inyecci\u00f3n de metales, ensayos no destructivos, etc. Al diferenciar nuestros polvos de hierro de otros, el material que ofrecemos no se reprocesa a partir de fuentes secundarias o recicladas y pr\u00e1cticamente no contiene rastros de aceite, grasa u otros compuestos perjudiciales.\",\"breadcrumb\":{\"@id\":\"https:\\\/\\\/alliedmet.com\\\/es\\\/polvo-de-hierro-electrolitico\\\/#breadcrumb\"},\"inLanguage\":\"es\",\"potentialAction\":[{\"@type\":\"ReadAction\",\"target\":[\"https:\\\/\\\/alliedmet.com\\\/es\\\/polvo-de-hierro-electrolitico\\\/\"]}]},{\"@type\":\"ImageObject\",\"inLanguage\":\"es\",\"@id\":\"https:\\\/\\\/alliedmet.com\\\/es\\\/polvo-de-hierro-electrolitico\\\/#primaryimage\",\"url\":\"https:\\\/\\\/alliedmet.com\\\/wp-content\\\/uploads\\\/2019\\\/09\\\/allied-metal-products-image-iron-powder.png\",\"contentUrl\":\"https:\\\/\\\/alliedmet.com\\\/wp-content\\\/uploads\\\/2019\\\/09\\\/allied-metal-products-image-iron-powder.png\"},{\"@type\":\"BreadcrumbList\",\"@id\":\"https:\\\/\\\/alliedmet.com\\\/es\\\/polvo-de-hierro-electrolitico\\\/#breadcrumb\",\"itemListElement\":[{\"@type\":\"ListItem\",\"position\":1,\"name\":\"Home\",\"item\":\"https:\\\/\\\/alliedmet.com\\\/es\\\/\"},{\"@type\":\"ListItem\",\"position\":2,\"name\":\"POLVO DE HIERRO ELECTROL\u00cdTICO\"}]},{\"@type\":\"WebSite\",\"@id\":\"https:\\\/\\\/alliedmet.com\\\/es\\\/#website\",\"url\":\"https:\\\/\\\/alliedmet.com\\\/es\\\/\",\"name\":\"Allied Metals Corporation\",\"description\":\"High Purity Iron and Low Carbon Iron\",\"publisher\":{\"@id\":\"https:\\\/\\\/alliedmet.com\\\/es\\\/#organization\"},\"potentialAction\":[{\"@type\":\"SearchAction\",\"target\":{\"@type\":\"EntryPoint\",\"urlTemplate\":\"https:\\\/\\\/alliedmet.com\\\/es\\\/?s={search_term_string}\"},\"query-input\":{\"@type\":\"PropertyValueSpecification\",\"valueRequired\":true,\"valueName\":\"search_term_string\"}}],\"inLanguage\":\"es\"},{\"@type\":\"Organization\",\"@id\":\"https:\\\/\\\/alliedmet.com\\\/es\\\/#organization\",\"name\":\"Allied Metals Corporation\",\"url\":\"https:\\\/\\\/alliedmet.com\\\/es\\\/\",\"logo\":{\"@type\":\"ImageObject\",\"inLanguage\":\"es\",\"@id\":\"https:\\\/\\\/alliedmet.com\\\/es\\\/#\\\/schema\\\/logo\\\/image\\\/\",\"url\":\"https:\\\/\\\/alliedmet.com\\\/wp-content\\\/uploads\\\/2019\\\/07\\\/AMC-English-logo.png\",\"contentUrl\":\"https:\\\/\\\/alliedmet.com\\\/wp-content\\\/uploads\\\/2019\\\/07\\\/AMC-English-logo.png\",\"width\":1029,\"height\":317,\"caption\":\"Allied Metals Corporation\"},\"image\":{\"@id\":\"https:\\\/\\\/alliedmet.com\\\/es\\\/#\\\/schema\\\/logo\\\/image\\\/\"},\"sameAs\":[\"https:\\\/\\\/www.linkedin.com\\\/company\\\/allied-metals\"]}]}<\/script>\n<!-- \/ Yoast SEO Premium plugin. -->","yoast_head_json":{"title":"polvo de HIERRO ELECTROL\u00cdTICO ultra alto - Allied Metals Corporation","description":"El polvo de hierro electrol\u00edtico (99,0 % \u2013 99,8 % hierro) se produce mediante un complejo proceso de refinamiento electroqu\u00edmico que garantiza una composici\u00f3n qu\u00edmica uniforme y distribuciones compactas del tama\u00f1o de las part\u00edculas. Nuestro polvo de hierro electrol\u00edtico se puede usar en una amplia gama de aplicaciones, como tratamiento de suelos y aguas subterr\u00e1neas (el polvo de hierro electrol\u00edtico cerovalente ofrece mayor capacidad de reacci\u00f3n), n\u00facleos magn\u00e9ticos en polvo, fabricaci\u00f3n de qu\u00edmicos de alta pureza, fabricaci\u00f3n farmac\u00e9utica, absorbentes de ox\u00edgeno, pinturas y pigmentos, aplicaciones de revestimiento superficial, fabricaci\u00f3n de aditivos, moldeo por inyecci\u00f3n de metales, ensayos no destructivos, etc. Al diferenciar nuestros polvos de hierro de otros, el material que ofrecemos no se reprocesa a partir de fuentes secundarias o recicladas y pr\u00e1cticamente no contiene rastros de aceite, grasa u otros compuestos perjudiciales.","robots":{"index":"index","follow":"follow","max-snippet":"max-snippet:-1","max-image-preview":"max-image-preview:large","max-video-preview":"max-video-preview:-1"},"canonical":"https:\/\/alliedmet.com\/es\/polvo-de-hierro-electrolitico\/","og_locale":"es_ES","og_type":"article","og_title":"POLVO DE HIERRO ELECTROL\u00cdTICO","og_description":"El polvo de hierro electrol\u00edtico (99,0 % \u2013 99,8 % hierro) se produce mediante un complejo proceso de refinamiento electroqu\u00edmico que garantiza una composici\u00f3n qu\u00edmica uniforme y distribuciones compactas del tama\u00f1o de las part\u00edculas. Nuestro polvo de hierro electrol\u00edtico se puede usar en una amplia gama de aplicaciones, como tratamiento de suelos y aguas subterr\u00e1neas (el polvo de hierro electrol\u00edtico cerovalente ofrece mayor capacidad de reacci\u00f3n), n\u00facleos magn\u00e9ticos en polvo, fabricaci\u00f3n de qu\u00edmicos de alta pureza, fabricaci\u00f3n farmac\u00e9utica, absorbentes de ox\u00edgeno, pinturas y pigmentos, aplicaciones de revestimiento superficial, fabricaci\u00f3n de aditivos, moldeo por inyecci\u00f3n de metales, ensayos no destructivos, etc. Al diferenciar nuestros polvos de hierro de otros, el material que ofrecemos no se reprocesa a partir de fuentes secundarias o recicladas y pr\u00e1cticamente no contiene rastros de aceite, grasa u otros compuestos perjudiciales.","og_url":"https:\/\/alliedmet.com\/es\/polvo-de-hierro-electrolitico\/","og_site_name":"Allied Metals Corporation","article_modified_time":"2021-04-21T22:57:08+00:00","og_image":[{"url":"https:\/\/alliedmet.com\/wp-content\/uploads\/2019\/09\/allied-metal-products-image-iron-powder.png","type":"","width":"","height":""}],"twitter_card":"summary_large_image","twitter_misc":{"Tiempo de lectura":"1 minuto"},"schema":{"@context":"https:\/\/schema.org","@graph":[{"@type":"WebPage","@id":"https:\/\/alliedmet.com\/es\/polvo-de-hierro-electrolitico\/","url":"https:\/\/alliedmet.com\/es\/polvo-de-hierro-electrolitico\/","name":"polvo de HIERRO ELECTROL\u00cdTICO ultra alto - Allied Metals Corporation","isPartOf":{"@id":"https:\/\/alliedmet.com\/es\/#website"},"primaryImageOfPage":{"@id":"https:\/\/alliedmet.com\/es\/polvo-de-hierro-electrolitico\/#primaryimage"},"image":{"@id":"https:\/\/alliedmet.com\/es\/polvo-de-hierro-electrolitico\/#primaryimage"},"thumbnailUrl":"https:\/\/alliedmet.com\/wp-content\/uploads\/2019\/09\/allied-metal-products-image-iron-powder.png","datePublished":"2021-04-17T01:03:37+00:00","dateModified":"2021-04-21T22:57:08+00:00","description":"El polvo de hierro electrol\u00edtico (99,0 % \u2013 99,8 % hierro) se produce mediante un complejo proceso de refinamiento electroqu\u00edmico que garantiza una composici\u00f3n qu\u00edmica uniforme y distribuciones compactas del tama\u00f1o de las part\u00edculas. Nuestro polvo de hierro electrol\u00edtico se puede usar en una amplia gama de aplicaciones, como tratamiento de suelos y aguas subterr\u00e1neas (el polvo de hierro electrol\u00edtico cerovalente ofrece mayor capacidad de reacci\u00f3n), n\u00facleos magn\u00e9ticos en polvo, fabricaci\u00f3n de qu\u00edmicos de alta pureza, fabricaci\u00f3n farmac\u00e9utica, absorbentes de ox\u00edgeno, pinturas y pigmentos, aplicaciones de revestimiento superficial, fabricaci\u00f3n de aditivos, moldeo por inyecci\u00f3n de metales, ensayos no destructivos, etc. Al diferenciar nuestros polvos de hierro de otros, el material que ofrecemos no se reprocesa a partir de fuentes secundarias o recicladas y pr\u00e1cticamente no contiene rastros de aceite, grasa u otros compuestos perjudiciales.","breadcrumb":{"@id":"https:\/\/alliedmet.com\/es\/polvo-de-hierro-electrolitico\/#breadcrumb"},"inLanguage":"es","potentialAction":[{"@type":"ReadAction","target":["https:\/\/alliedmet.com\/es\/polvo-de-hierro-electrolitico\/"]}]},{"@type":"ImageObject","inLanguage":"es","@id":"https:\/\/alliedmet.com\/es\/polvo-de-hierro-electrolitico\/#primaryimage","url":"https:\/\/alliedmet.com\/wp-content\/uploads\/2019\/09\/allied-metal-products-image-iron-powder.png","contentUrl":"https:\/\/alliedmet.com\/wp-content\/uploads\/2019\/09\/allied-metal-products-image-iron-powder.png"},{"@type":"BreadcrumbList","@id":"https:\/\/alliedmet.com\/es\/polvo-de-hierro-electrolitico\/#breadcrumb","itemListElement":[{"@type":"ListItem","position":1,"name":"Home","item":"https:\/\/alliedmet.com\/es\/"},{"@type":"ListItem","position":2,"name":"POLVO DE HIERRO ELECTROL\u00cdTICO"}]},{"@type":"WebSite","@id":"https:\/\/alliedmet.com\/es\/#website","url":"https:\/\/alliedmet.com\/es\/","name":"Allied Metals Corporation","description":"High Purity Iron and Low Carbon Iron","publisher":{"@id":"https:\/\/alliedmet.com\/es\/#organization"},"potentialAction":[{"@type":"SearchAction","target":{"@type":"EntryPoint","urlTemplate":"https:\/\/alliedmet.com\/es\/?s={search_term_string}"},"query-input":{"@type":"PropertyValueSpecification","valueRequired":true,"valueName":"search_term_string"}}],"inLanguage":"es"},{"@type":"Organization","@id":"https:\/\/alliedmet.com\/es\/#organization","name":"Allied Metals Corporation","url":"https:\/\/alliedmet.com\/es\/","logo":{"@type":"ImageObject","inLanguage":"es","@id":"https:\/\/alliedmet.com\/es\/#\/schema\/logo\/image\/","url":"https:\/\/alliedmet.com\/wp-content\/uploads\/2019\/07\/AMC-English-logo.png","contentUrl":"https:\/\/alliedmet.com\/wp-content\/uploads\/2019\/07\/AMC-English-logo.png","width":1029,"height":317,"caption":"Allied Metals Corporation"},"image":{"@id":"https:\/\/alliedmet.com\/es\/#\/schema\/logo\/image\/"},"sameAs":["https:\/\/www.linkedin.com\/company\/allied-metals"]}]}},"_links":{"self":[{"href":"https:\/\/alliedmet.com\/es\/wp-json\/wp\/v2\/pages\/5193","targetHints":{"allow":["GET"]}}],"collection":[{"href":"https:\/\/alliedmet.com\/es\/wp-json\/wp\/v2\/pages"}],"about":[{"href":"https:\/\/alliedmet.com\/es\/wp-json\/wp\/v2\/types\/page"}],"author":[{"embeddable":true,"href":"https:\/\/alliedmet.com\/es\/wp-json\/wp\/v2\/users\/1"}],"replies":[{"embeddable":true,"href":"https:\/\/alliedmet.com\/es\/wp-json\/wp\/v2\/comments?post=5193"}],"version-history":[{"count":0,"href":"https:\/\/alliedmet.com\/es\/wp-json\/wp\/v2\/pages\/5193\/revisions"}],"wp:attachment":[{"href":"https:\/\/alliedmet.com\/es\/wp-json\/wp\/v2\/media?parent=5193"}],"curies":[{"name":"wp","href":"https:\/\/api.w.org\/{rel}","templated":true}]}}