{"id":5199,"date":"2021-04-17T01:08:12","date_gmt":"2021-04-17T01:08:12","guid":{"rendered":"https:\/\/alliedmet.com\/energia\/"},"modified":"2021-04-21T22:31:21","modified_gmt":"2021-04-21T22:31:21","slug":"energia","status":"publish","type":"page","link":"https:\/\/alliedmet.com\/es\/energia\/","title":{"rendered":"ENERG\u00cdA"},"content":{"rendered":"\n<div class=\"wp-block-themeisle-blocks-advanced-columns has-1-columns has-desktop-equal-layout has-tablet-equal-layout has-mobile-equal-layout has-nogap-gap has-vertical-unset\" id=\"wp-block-themeisle-blocks-advanced-columns-624d985a\"><div class=\"wp-block-themeisle-blocks-advanced-columns-overlay\"><\/div><div class=\"innerblocks-wrap\">\n<div class=\"wp-block-themeisle-blocks-advanced-column\" id=\"wp-block-themeisle-blocks-advanced-column-1856f3e6\">\n<div style=\"height:20px\" aria-hidden=\"true\" class=\"wp-block-spacer ticss-a631a353\"><\/div>\n<\/div>\n<\/div><\/div>\n\n\n\n<div class=\"wp-block-themeisle-blocks-advanced-columns has-2-columns has-desktop-equal-layout has-tablet-collapsedRows-layout has-mobile-collapsedRows-layout has-default-gap has-vertical-unset\" id=\"wp-block-themeisle-blocks-advanced-columns-f88e2853\"><div class=\"wp-block-themeisle-blocks-advanced-columns-overlay\"><\/div><div class=\"innerblocks-wrap\">\n<div class=\"wp-block-themeisle-blocks-advanced-column\" id=\"wp-block-themeisle-blocks-advanced-column-c1a5a70c\">\n<h1 id=\"wp-block-themeisle-blocks-advanced-heading-985f418c\" class=\"wp-block-themeisle-blocks-advanced-heading wp-block-themeisle-blocks-advanced-heading-985f418c\">ENERG\u00cdA<\/h1>\n\n\n\n<figure class=\"wp-block-image\"><img decoding=\"async\" width=\"1024\" height=\"623\" data-src=\"https:\/\/alliedmet.com\/wp-content\/uploads\/2019\/07\/allied-metal-header-quote-request-1024x623.jpg\" alt=\"Cada industria de componentes dentro de la categor\u00eda de energ\u00eda total debe lidiar con tres problemas permanentes a diario: las altas temperaturas, las atm\u00f3sferas corrosivas y la interminable necesidad de mayor eficacia. Nuestros productos desempe\u00f1an funciones cr\u00edticas en el desarrollo y la fabricaci\u00f3n de aleaciones necesarias para equipos y tecnolog\u00edas que usan aleaciones de alto rendimiento para responder a estos desaf\u00edos. Los combustibles l\u00edquidos, como el petr\u00f3leo, la gasolina y el gas natural licuado, se refinan, transportan y almacenan usando conductos, bombas y tanques que deben soportar estas condiciones tan rigurosas. Nuestros productos se ponen en uso en todos estos ambientes, a diario.\nLa generaci\u00f3n de energ\u00eda que se produce mediante vapor, turbinas de gas o ciclo combinado requiere componentes dise\u00f1ados con un alto nivel de aleaci\u00f3n para satisfacer las demandas operativas. Estas turbinas de tierra, as\u00ed como sus equivalentes de motores aeron\u00e1uticos, utilizan nuestros productos en estas aleaciones para satisfacer esas demandas.\nEst\u00e1 claro que la exploraci\u00f3n, la extracci\u00f3n, la generaci\u00f3n, la distribuci\u00f3n, el transporte y el almacenamiento de energ\u00eda representan magn\u00edficas oportunidades de crecimiento para el futuro de nuestras industrias, del medioambiente y del mundo en que vivimos.\n\" class=\"wp-image-8 lazyload\" data-srcset=\"https:\/\/alliedmet.com\/wp-content\/uploads\/2019\/07\/allied-metal-header-quote-request-1024x623.jpg 1024w, https:\/\/alliedmet.com\/wp-content\/uploads\/2019\/07\/allied-metal-header-quote-request-300x183.jpg 300w, https:\/\/alliedmet.com\/wp-content\/uploads\/2019\/07\/allied-metal-header-quote-request-768x467.jpg 768w, https:\/\/alliedmet.com\/wp-content\/uploads\/2019\/07\/allied-metal-header-quote-request.jpg 1200w\" data-sizes=\"(max-width: 1024px) 100vw, 1024px\" src=\"data:image\/svg+xml;base64,PHN2ZyB3aWR0aD0iMSIgaGVpZ2h0PSIxIiB4bWxucz0iaHR0cDovL3d3dy53My5vcmcvMjAwMC9zdmciPjwvc3ZnPg==\" style=\"--smush-placeholder-width: 1024px; --smush-placeholder-aspect-ratio: 1024\/623;\" \/><\/figure>\n\n\n\n<h4 id=\"wp-block-themeisle-blocks-advanced-heading-13609a36\" class=\"wp-block-themeisle-blocks-advanced-heading wp-block-themeisle-blocks-advanced-heading-13609a36\">Alrededor del 75% de nuestra producci\u00f3n es consumida por constructores de sistemas de ingenier\u00eda de avanzada, sobre todo sistemas de energ\u00eda y aeroespaciales.<\/h4>\n<\/div>\n\n\n\n<div class=\"wp-block-themeisle-blocks-advanced-column\" id=\"wp-block-themeisle-blocks-advanced-column-37c9fcd2\">\n<p class=\"has-normal-font-size\">Cada industria de componentes dentro de la categor\u00eda de energ\u00eda total debe lidiar con tres problemas permanentes a diario: las altas temperaturas, las atm\u00f3sferas corrosivas y la interminable necesidad de mayor eficacia. Nuestros productos desempe\u00f1an funciones cr\u00edticas en el desarrollo y la fabricaci\u00f3n de aleaciones necesarias para equipos y tecnolog\u00edas que usan aleaciones de alto rendimiento para responder a estos desaf\u00edos. Los combustibles l\u00edquidos, como el petr\u00f3leo, la gasolina y el gas natural licuado, se refinan, transportan y almacenan usando conductos, bombas y tanques que deben soportar estas condiciones tan rigurosas. Nuestros productos se ponen en uso en todos estos ambientes, a diario.<\/p>\n\n\n\n<p class=\"has-normal-font-size\">La generaci\u00f3n de energ\u00eda que se produce mediante vapor, turbinas de gas o ciclo combinado requiere componentes dise\u00f1ados con un alto nivel de aleaci\u00f3n para satisfacer las demandas operativas. Estas turbinas de tierra, as\u00ed como sus equivalentes de motores aeron\u00e1uticos, utilizan nuestros productos en estas aleaciones para satisfacer esas demandas.<\/p>\n\n\n\n<p class=\"has-normal-font-size\">Est\u00e1 claro que la exploraci\u00f3n, la extracci\u00f3n, la generaci\u00f3n, la distribuci\u00f3n, el transporte y el almacenamiento de energ\u00eda representan magn\u00edficas oportunidades de crecimiento para el futuro de nuestras industrias, del medioambiente y del mundo en que vivimos.<\/p>\n<\/div>\n<\/div><\/div>\n","protected":false},"excerpt":{"rendered":"","protected":false},"author":1,"featured_media":0,"parent":0,"menu_order":0,"comment_status":"closed","ping_status":"closed","template":"","meta":{"neve_meta_sidebar":"full-width","neve_meta_container":"","neve_meta_enable_content_width":"on","neve_meta_content_width":100,"neve_meta_title_alignment":"","neve_meta_author_avatar":"","neve_post_elements_order":"","neve_meta_disable_header":"","neve_meta_disable_footer":"","neve_meta_disable_title":"on","_themeisle_gutenberg_block_has_review":false,"footnotes":""},"class_list":["post-5199","page","type-page","status-publish","hentry"],"yoast_head":"<!-- This site is optimized with the Yoast SEO Premium plugin v27.3 (Yoast SEO v27.3) - https:\/\/yoast.com\/product\/yoast-seo-premium-wordpress\/ -->\n<title>ENERG\u00cdA - Allied Metals Corporation<\/title>\n<meta name=\"description\" content=\"Cada industria de componentes dentro de la categor\u00eda de energ\u00eda total debe lidiar con tres problemas permanentes a diario: las altas temperaturas, las atm\u00f3sferas corrosivas y la interminable necesidad de mayor eficacia. Nuestros productos desempe\u00f1an funciones cr\u00edticas en el desarrollo y la fabricaci\u00f3n de aleaciones necesarias para equipos y tecnolog\u00edas que usan aleaciones de alto rendimiento para responder a estos desaf\u00edos. Los combustibles l\u00edquidos, como el petr\u00f3leo, la gasolina y el gas natural licuado, se refinan, transportan y almacenan usando conductos, bombas y tanques que deben soportar estas condiciones tan rigurosas. Nuestros productos se ponen en uso en todos estos ambientes, a diario. La generaci\u00f3n de energ\u00eda que se produce mediante vapor, turbinas de gas o ciclo combinado requiere componentes dise\u00f1ados con un alto nivel de aleaci\u00f3n para satisfacer las demandas operativas. Estas turbinas de tierra, as\u00ed como sus equivalentes de motores aeron\u00e1uticos, utilizan nuestros productos en estas aleaciones para satisfacer esas demandas. Est\u00e1 claro que la exploraci\u00f3n, la extracci\u00f3n, la generaci\u00f3n, la distribuci\u00f3n, el transporte y el almacenamiento de energ\u00eda representan magn\u00edficas oportunidades de crecimiento para el futuro de nuestras industrias, del medioambiente y del mundo en que vivimos.\" \/>\n<meta name=\"robots\" content=\"index, follow, max-snippet:-1, max-image-preview:large, max-video-preview:-1\" \/>\n<link rel=\"canonical\" href=\"https:\/\/alliedmet.com\/es\/energia\/\" \/>\n<meta property=\"og:locale\" content=\"es_ES\" \/>\n<meta property=\"og:type\" content=\"article\" \/>\n<meta property=\"og:title\" content=\"ENERG\u00cdA\" \/>\n<meta property=\"og:description\" content=\"Cada industria de componentes dentro de la categor\u00eda de energ\u00eda total debe lidiar con tres problemas permanentes a diario: las altas temperaturas, las atm\u00f3sferas corrosivas y la interminable necesidad de mayor eficacia. Nuestros productos desempe\u00f1an funciones cr\u00edticas en el desarrollo y la fabricaci\u00f3n de aleaciones necesarias para equipos y tecnolog\u00edas que usan aleaciones de alto rendimiento para responder a estos desaf\u00edos. Los combustibles l\u00edquidos, como el petr\u00f3leo, la gasolina y el gas natural licuado, se refinan, transportan y almacenan usando conductos, bombas y tanques que deben soportar estas condiciones tan rigurosas. Nuestros productos se ponen en uso en todos estos ambientes, a diario. La generaci\u00f3n de energ\u00eda que se produce mediante vapor, turbinas de gas o ciclo combinado requiere componentes dise\u00f1ados con un alto nivel de aleaci\u00f3n para satisfacer las demandas operativas. Estas turbinas de tierra, as\u00ed como sus equivalentes de motores aeron\u00e1uticos, utilizan nuestros productos en estas aleaciones para satisfacer esas demandas. Est\u00e1 claro que la exploraci\u00f3n, la extracci\u00f3n, la generaci\u00f3n, la distribuci\u00f3n, el transporte y el almacenamiento de energ\u00eda representan magn\u00edficas oportunidades de crecimiento para el futuro de nuestras industrias, del medioambiente y del mundo en que vivimos.\" \/>\n<meta property=\"og:url\" content=\"https:\/\/alliedmet.com\/es\/energia\/\" \/>\n<meta property=\"og:site_name\" content=\"Allied Metals Corporation\" \/>\n<meta property=\"article:modified_time\" content=\"2021-04-21T22:31:21+00:00\" \/>\n<meta property=\"og:image\" content=\"https:\/\/alliedmet.com\/wp-content\/uploads\/2019\/07\/allied-metal-header-quote-request-1024x623.jpg\" \/>\n<meta name=\"twitter:card\" content=\"summary_large_image\" \/>\n<meta name=\"twitter:label1\" content=\"Tiempo de lectura\" \/>\n\t<meta name=\"twitter:data1\" content=\"2 minutos\" \/>\n<script type=\"application\/ld+json\" class=\"yoast-schema-graph\">{\"@context\":\"https:\\\/\\\/schema.org\",\"@graph\":[{\"@type\":\"WebPage\",\"@id\":\"https:\\\/\\\/alliedmet.com\\\/es\\\/energia\\\/\",\"url\":\"https:\\\/\\\/alliedmet.com\\\/es\\\/energia\\\/\",\"name\":\"ENERG\u00cdA - Allied Metals Corporation\",\"isPartOf\":{\"@id\":\"https:\\\/\\\/alliedmet.com\\\/es\\\/#website\"},\"primaryImageOfPage\":{\"@id\":\"https:\\\/\\\/alliedmet.com\\\/es\\\/energia\\\/#primaryimage\"},\"image\":{\"@id\":\"https:\\\/\\\/alliedmet.com\\\/es\\\/energia\\\/#primaryimage\"},\"thumbnailUrl\":\"https:\\\/\\\/alliedmet.com\\\/wp-content\\\/uploads\\\/2019\\\/07\\\/allied-metal-header-quote-request-1024x623.jpg\",\"datePublished\":\"2021-04-17T01:08:12+00:00\",\"dateModified\":\"2021-04-21T22:31:21+00:00\",\"description\":\"Cada industria de componentes dentro de la categor\u00eda de energ\u00eda total debe lidiar con tres problemas permanentes a diario: las altas temperaturas, las atm\u00f3sferas corrosivas y la interminable necesidad de mayor eficacia. Nuestros productos desempe\u00f1an funciones cr\u00edticas en el desarrollo y la fabricaci\u00f3n de aleaciones necesarias para equipos y tecnolog\u00edas que usan aleaciones de alto rendimiento para responder a estos desaf\u00edos. Los combustibles l\u00edquidos, como el petr\u00f3leo, la gasolina y el gas natural licuado, se refinan, transportan y almacenan usando conductos, bombas y tanques que deben soportar estas condiciones tan rigurosas. Nuestros productos se ponen en uso en todos estos ambientes, a diario. La generaci\u00f3n de energ\u00eda que se produce mediante vapor, turbinas de gas o ciclo combinado requiere componentes dise\u00f1ados con un alto nivel de aleaci\u00f3n para satisfacer las demandas operativas. Estas turbinas de tierra, as\u00ed como sus equivalentes de motores aeron\u00e1uticos, utilizan nuestros productos en estas aleaciones para satisfacer esas demandas. Est\u00e1 claro que la exploraci\u00f3n, la extracci\u00f3n, la generaci\u00f3n, la distribuci\u00f3n, el transporte y el almacenamiento de energ\u00eda representan magn\u00edficas oportunidades de crecimiento para el futuro de nuestras industrias, del medioambiente y del mundo en que vivimos.\",\"breadcrumb\":{\"@id\":\"https:\\\/\\\/alliedmet.com\\\/es\\\/energia\\\/#breadcrumb\"},\"inLanguage\":\"es\",\"potentialAction\":[{\"@type\":\"ReadAction\",\"target\":[\"https:\\\/\\\/alliedmet.com\\\/es\\\/energia\\\/\"]}]},{\"@type\":\"ImageObject\",\"inLanguage\":\"es\",\"@id\":\"https:\\\/\\\/alliedmet.com\\\/es\\\/energia\\\/#primaryimage\",\"url\":\"https:\\\/\\\/alliedmet.com\\\/wp-content\\\/uploads\\\/2019\\\/07\\\/allied-metal-header-quote-request-1024x623.jpg\",\"contentUrl\":\"https:\\\/\\\/alliedmet.com\\\/wp-content\\\/uploads\\\/2019\\\/07\\\/allied-metal-header-quote-request-1024x623.jpg\"},{\"@type\":\"BreadcrumbList\",\"@id\":\"https:\\\/\\\/alliedmet.com\\\/es\\\/energia\\\/#breadcrumb\",\"itemListElement\":[{\"@type\":\"ListItem\",\"position\":1,\"name\":\"Home\",\"item\":\"https:\\\/\\\/alliedmet.com\\\/es\\\/\"},{\"@type\":\"ListItem\",\"position\":2,\"name\":\"ENERG\u00cdA\"}]},{\"@type\":\"WebSite\",\"@id\":\"https:\\\/\\\/alliedmet.com\\\/es\\\/#website\",\"url\":\"https:\\\/\\\/alliedmet.com\\\/es\\\/\",\"name\":\"Allied Metals Corporation\",\"description\":\"High Purity Iron and Low Carbon Iron\",\"publisher\":{\"@id\":\"https:\\\/\\\/alliedmet.com\\\/es\\\/#organization\"},\"potentialAction\":[{\"@type\":\"SearchAction\",\"target\":{\"@type\":\"EntryPoint\",\"urlTemplate\":\"https:\\\/\\\/alliedmet.com\\\/es\\\/?s={search_term_string}\"},\"query-input\":{\"@type\":\"PropertyValueSpecification\",\"valueRequired\":true,\"valueName\":\"search_term_string\"}}],\"inLanguage\":\"es\"},{\"@type\":\"Organization\",\"@id\":\"https:\\\/\\\/alliedmet.com\\\/es\\\/#organization\",\"name\":\"Allied Metals Corporation\",\"url\":\"https:\\\/\\\/alliedmet.com\\\/es\\\/\",\"logo\":{\"@type\":\"ImageObject\",\"inLanguage\":\"es\",\"@id\":\"https:\\\/\\\/alliedmet.com\\\/es\\\/#\\\/schema\\\/logo\\\/image\\\/\",\"url\":\"https:\\\/\\\/alliedmet.com\\\/wp-content\\\/uploads\\\/2019\\\/07\\\/AMC-English-logo.png\",\"contentUrl\":\"https:\\\/\\\/alliedmet.com\\\/wp-content\\\/uploads\\\/2019\\\/07\\\/AMC-English-logo.png\",\"width\":1029,\"height\":317,\"caption\":\"Allied Metals Corporation\"},\"image\":{\"@id\":\"https:\\\/\\\/alliedmet.com\\\/es\\\/#\\\/schema\\\/logo\\\/image\\\/\"},\"sameAs\":[\"https:\\\/\\\/www.linkedin.com\\\/company\\\/allied-metals\"]}]}<\/script>\n<!-- \/ Yoast SEO Premium plugin. -->","yoast_head_json":{"title":"ENERG\u00cdA - Allied Metals Corporation","description":"Cada industria de componentes dentro de la categor\u00eda de energ\u00eda total debe lidiar con tres problemas permanentes a diario: las altas temperaturas, las atm\u00f3sferas corrosivas y la interminable necesidad de mayor eficacia. Nuestros productos desempe\u00f1an funciones cr\u00edticas en el desarrollo y la fabricaci\u00f3n de aleaciones necesarias para equipos y tecnolog\u00edas que usan aleaciones de alto rendimiento para responder a estos desaf\u00edos. Los combustibles l\u00edquidos, como el petr\u00f3leo, la gasolina y el gas natural licuado, se refinan, transportan y almacenan usando conductos, bombas y tanques que deben soportar estas condiciones tan rigurosas. Nuestros productos se ponen en uso en todos estos ambientes, a diario. La generaci\u00f3n de energ\u00eda que se produce mediante vapor, turbinas de gas o ciclo combinado requiere componentes dise\u00f1ados con un alto nivel de aleaci\u00f3n para satisfacer las demandas operativas. Estas turbinas de tierra, as\u00ed como sus equivalentes de motores aeron\u00e1uticos, utilizan nuestros productos en estas aleaciones para satisfacer esas demandas. Est\u00e1 claro que la exploraci\u00f3n, la extracci\u00f3n, la generaci\u00f3n, la distribuci\u00f3n, el transporte y el almacenamiento de energ\u00eda representan magn\u00edficas oportunidades de crecimiento para el futuro de nuestras industrias, del medioambiente y del mundo en que vivimos.","robots":{"index":"index","follow":"follow","max-snippet":"max-snippet:-1","max-image-preview":"max-image-preview:large","max-video-preview":"max-video-preview:-1"},"canonical":"https:\/\/alliedmet.com\/es\/energia\/","og_locale":"es_ES","og_type":"article","og_title":"ENERG\u00cdA","og_description":"Cada industria de componentes dentro de la categor\u00eda de energ\u00eda total debe lidiar con tres problemas permanentes a diario: las altas temperaturas, las atm\u00f3sferas corrosivas y la interminable necesidad de mayor eficacia. Nuestros productos desempe\u00f1an funciones cr\u00edticas en el desarrollo y la fabricaci\u00f3n de aleaciones necesarias para equipos y tecnolog\u00edas que usan aleaciones de alto rendimiento para responder a estos desaf\u00edos. Los combustibles l\u00edquidos, como el petr\u00f3leo, la gasolina y el gas natural licuado, se refinan, transportan y almacenan usando conductos, bombas y tanques que deben soportar estas condiciones tan rigurosas. Nuestros productos se ponen en uso en todos estos ambientes, a diario. La generaci\u00f3n de energ\u00eda que se produce mediante vapor, turbinas de gas o ciclo combinado requiere componentes dise\u00f1ados con un alto nivel de aleaci\u00f3n para satisfacer las demandas operativas. Estas turbinas de tierra, as\u00ed como sus equivalentes de motores aeron\u00e1uticos, utilizan nuestros productos en estas aleaciones para satisfacer esas demandas. Est\u00e1 claro que la exploraci\u00f3n, la extracci\u00f3n, la generaci\u00f3n, la distribuci\u00f3n, el transporte y el almacenamiento de energ\u00eda representan magn\u00edficas oportunidades de crecimiento para el futuro de nuestras industrias, del medioambiente y del mundo en que vivimos.","og_url":"https:\/\/alliedmet.com\/es\/energia\/","og_site_name":"Allied Metals Corporation","article_modified_time":"2021-04-21T22:31:21+00:00","og_image":[{"url":"https:\/\/alliedmet.com\/wp-content\/uploads\/2019\/07\/allied-metal-header-quote-request-1024x623.jpg","type":"","width":"","height":""}],"twitter_card":"summary_large_image","twitter_misc":{"Tiempo de lectura":"2 minutos"},"schema":{"@context":"https:\/\/schema.org","@graph":[{"@type":"WebPage","@id":"https:\/\/alliedmet.com\/es\/energia\/","url":"https:\/\/alliedmet.com\/es\/energia\/","name":"ENERG\u00cdA - Allied Metals Corporation","isPartOf":{"@id":"https:\/\/alliedmet.com\/es\/#website"},"primaryImageOfPage":{"@id":"https:\/\/alliedmet.com\/es\/energia\/#primaryimage"},"image":{"@id":"https:\/\/alliedmet.com\/es\/energia\/#primaryimage"},"thumbnailUrl":"https:\/\/alliedmet.com\/wp-content\/uploads\/2019\/07\/allied-metal-header-quote-request-1024x623.jpg","datePublished":"2021-04-17T01:08:12+00:00","dateModified":"2021-04-21T22:31:21+00:00","description":"Cada industria de componentes dentro de la categor\u00eda de energ\u00eda total debe lidiar con tres problemas permanentes a diario: las altas temperaturas, las atm\u00f3sferas corrosivas y la interminable necesidad de mayor eficacia. Nuestros productos desempe\u00f1an funciones cr\u00edticas en el desarrollo y la fabricaci\u00f3n de aleaciones necesarias para equipos y tecnolog\u00edas que usan aleaciones de alto rendimiento para responder a estos desaf\u00edos. Los combustibles l\u00edquidos, como el petr\u00f3leo, la gasolina y el gas natural licuado, se refinan, transportan y almacenan usando conductos, bombas y tanques que deben soportar estas condiciones tan rigurosas. Nuestros productos se ponen en uso en todos estos ambientes, a diario. La generaci\u00f3n de energ\u00eda que se produce mediante vapor, turbinas de gas o ciclo combinado requiere componentes dise\u00f1ados con un alto nivel de aleaci\u00f3n para satisfacer las demandas operativas. Estas turbinas de tierra, as\u00ed como sus equivalentes de motores aeron\u00e1uticos, utilizan nuestros productos en estas aleaciones para satisfacer esas demandas. Est\u00e1 claro que la exploraci\u00f3n, la extracci\u00f3n, la generaci\u00f3n, la distribuci\u00f3n, el transporte y el almacenamiento de energ\u00eda representan magn\u00edficas oportunidades de crecimiento para el futuro de nuestras industrias, del medioambiente y del mundo en que vivimos.","breadcrumb":{"@id":"https:\/\/alliedmet.com\/es\/energia\/#breadcrumb"},"inLanguage":"es","potentialAction":[{"@type":"ReadAction","target":["https:\/\/alliedmet.com\/es\/energia\/"]}]},{"@type":"ImageObject","inLanguage":"es","@id":"https:\/\/alliedmet.com\/es\/energia\/#primaryimage","url":"https:\/\/alliedmet.com\/wp-content\/uploads\/2019\/07\/allied-metal-header-quote-request-1024x623.jpg","contentUrl":"https:\/\/alliedmet.com\/wp-content\/uploads\/2019\/07\/allied-metal-header-quote-request-1024x623.jpg"},{"@type":"BreadcrumbList","@id":"https:\/\/alliedmet.com\/es\/energia\/#breadcrumb","itemListElement":[{"@type":"ListItem","position":1,"name":"Home","item":"https:\/\/alliedmet.com\/es\/"},{"@type":"ListItem","position":2,"name":"ENERG\u00cdA"}]},{"@type":"WebSite","@id":"https:\/\/alliedmet.com\/es\/#website","url":"https:\/\/alliedmet.com\/es\/","name":"Allied Metals Corporation","description":"High Purity Iron and Low Carbon Iron","publisher":{"@id":"https:\/\/alliedmet.com\/es\/#organization"},"potentialAction":[{"@type":"SearchAction","target":{"@type":"EntryPoint","urlTemplate":"https:\/\/alliedmet.com\/es\/?s={search_term_string}"},"query-input":{"@type":"PropertyValueSpecification","valueRequired":true,"valueName":"search_term_string"}}],"inLanguage":"es"},{"@type":"Organization","@id":"https:\/\/alliedmet.com\/es\/#organization","name":"Allied Metals Corporation","url":"https:\/\/alliedmet.com\/es\/","logo":{"@type":"ImageObject","inLanguage":"es","@id":"https:\/\/alliedmet.com\/es\/#\/schema\/logo\/image\/","url":"https:\/\/alliedmet.com\/wp-content\/uploads\/2019\/07\/AMC-English-logo.png","contentUrl":"https:\/\/alliedmet.com\/wp-content\/uploads\/2019\/07\/AMC-English-logo.png","width":1029,"height":317,"caption":"Allied Metals Corporation"},"image":{"@id":"https:\/\/alliedmet.com\/es\/#\/schema\/logo\/image\/"},"sameAs":["https:\/\/www.linkedin.com\/company\/allied-metals"]}]}},"_links":{"self":[{"href":"https:\/\/alliedmet.com\/es\/wp-json\/wp\/v2\/pages\/5199","targetHints":{"allow":["GET"]}}],"collection":[{"href":"https:\/\/alliedmet.com\/es\/wp-json\/wp\/v2\/pages"}],"about":[{"href":"https:\/\/alliedmet.com\/es\/wp-json\/wp\/v2\/types\/page"}],"author":[{"embeddable":true,"href":"https:\/\/alliedmet.com\/es\/wp-json\/wp\/v2\/users\/1"}],"replies":[{"embeddable":true,"href":"https:\/\/alliedmet.com\/es\/wp-json\/wp\/v2\/comments?post=5199"}],"version-history":[{"count":0,"href":"https:\/\/alliedmet.com\/es\/wp-json\/wp\/v2\/pages\/5199\/revisions"}],"wp:attachment":[{"href":"https:\/\/alliedmet.com\/es\/wp-json\/wp\/v2\/media?parent=5199"}],"curies":[{"name":"wp","href":"https:\/\/api.w.org\/{rel}","templated":true}]}}