{"id":5203,"date":"2021-04-17T01:32:46","date_gmt":"2021-04-17T01:32:46","guid":{"rendered":"https:\/\/alliedmet.com\/ferroaleaciones\/"},"modified":"2021-04-22T00:18:47","modified_gmt":"2021-04-22T00:18:47","slug":"ferroaleaciones","status":"publish","type":"page","link":"https:\/\/alliedmet.com\/es\/ferroaleaciones\/","title":{"rendered":"FERROALEACIONES"},"content":{"rendered":"\n<div class=\"wp-block-themeisle-blocks-advanced-columns alignfull has-1-columns has-desktop-equal-layout has-tablet-equal-layout has-mobile-equal-layout has-nogap-gap has-vertical-unset\" id=\"wp-block-themeisle-blocks-advanced-columns-ed68e0b3\"><div class=\"wp-block-themeisle-blocks-advanced-columns-overlay\"><\/div><div class=\"innerblocks-wrap\">\n<div class=\"wp-block-themeisle-blocks-advanced-column\" id=\"wp-block-themeisle-blocks-advanced-column-cb2ab0d5\">\n<div style=\"height:20px\" aria-hidden=\"true\" class=\"wp-block-spacer ticss-d5c866b1\"><\/div>\n<\/div>\n<\/div><\/div>\n\n\n\n<div class=\"wp-block-themeisle-blocks-advanced-columns has-2-columns has-desktop-equal-layout has-tablet-collapsedRows-layout has-mobile-collapsedRows-layout has-default-gap has-vertical-unset\" id=\"wp-block-themeisle-blocks-advanced-columns-8b82298a\"><div class=\"wp-block-themeisle-blocks-advanced-columns-overlay\"><\/div><div class=\"innerblocks-wrap\">\n<div class=\"wp-block-themeisle-blocks-advanced-column\" id=\"wp-block-themeisle-blocks-advanced-column-8f561c14\">\n<h1 class=\"wp-block-heading\" id=\"h-ferroaleaciones\">FERROALEACIONES<\/h1>\n\n\n\n<div class=\"wp-block-image\"><figure class=\"aligncenter size-large\"><img decoding=\"async\" width=\"816\" height=\"383\" data-src=\"https:\/\/alliedmet.com\/wp-content\/uploads\/2019\/09\/allied-metal-products-image-nickel-master-alloy.png\" alt=\"Ferro Alloy mejora la resistencia, la corrosi\u00f3n y la oxidaci\u00f3n en la producci\u00f3n de aceros inoxidables, aleaciones de n\u00edquel, aleaciones de cobre y superaleaciones. \" class=\"wp-image-5205 lazyload\" data-srcset=\"https:\/\/alliedmet.com\/wp-content\/uploads\/2019\/09\/allied-metal-products-image-nickel-master-alloy.png 816w, https:\/\/alliedmet.com\/wp-content\/uploads\/2019\/09\/allied-metal-products-image-nickel-master-alloy-300x141.png 300w, https:\/\/alliedmet.com\/wp-content\/uploads\/2019\/09\/allied-metal-products-image-nickel-master-alloy-768x360.png 768w\" data-sizes=\"(max-width: 816px) 100vw, 816px\" src=\"data:image\/svg+xml;base64,PHN2ZyB3aWR0aD0iMSIgaGVpZ2h0PSIxIiB4bWxucz0iaHR0cDovL3d3dy53My5vcmcvMjAwMC9zdmciPjwvc3ZnPg==\" style=\"--smush-placeholder-width: 816px; --smush-placeholder-aspect-ratio: 816\/383;\" \/><\/figure><\/div>\n\n\n\n<h3 class=\"has-text-align-center ticss-7a1b0812 wp-block-heading\" id=\"h-ferroaleaciones-1\">FERROALEACIONES<\/h3>\n\n\n\n<figure class=\"wp-block-table ticss-f308aa86\"><table><tbody><tr><td class=\"has-text-align-center\" data-align=\"center\">FeCr Low Carbon<\/td><\/tr><tr><td class=\"has-text-align-center\" data-align=\"center\">FeCr High Carbon<\/td><\/tr><tr><td class=\"has-text-align-center\" data-align=\"center\">FeNb (FeCb)<\/td><\/tr><tr><td class=\"has-text-align-center\" data-align=\"center\">FeMo<\/td><\/tr><tr><td class=\"has-text-align-center\" data-align=\"center\">FeSi<\/td><\/tr><tr><td class=\"has-text-align-center\" data-align=\"center\">FeB<\/td><\/tr><tr><td class=\"has-text-align-center\" data-align=\"center\">Chrome Metal<\/td><\/tr><tr><td class=\"has-text-align-center\" data-align=\"center\">Nickel Metal<\/td><\/tr><\/tbody><\/table><\/figure>\n<\/div>\n\n\n\n<div class=\"wp-block-themeisle-blocks-advanced-column\" id=\"wp-block-themeisle-blocks-advanced-column-e797ead7\">\n<p class=\"has-normal-font-size\">Allied Metals abastece agentes de aleaci\u00f3n para mejorar la resistencia a la rotura, a la corrosi\u00f3n y a la oxidaci\u00f3n en la producci\u00f3n de aceros inoxidables, aleaciones de n\u00edquel, aleaciones de cobre y superaleaciones.<\/p>\n\n\n\n<p class=\"has-normal-font-size\"><strong>Forma y tama\u00f1o:<\/strong> Disponible en terrones y en tama\u00f1o para fundici\u00f3n<br><strong>Embalaje:<\/strong> Tambores o supersacos<br><strong>Disponibilidad:<\/strong> Todas las regiones<\/p>\n\n\n\n<div class=\"wp-block-buttons is-layout-flex wp-block-buttons-is-layout-flex\">\n<div class=\"wp-block-button is-style-outline is-style-outline--1\"><a class=\"wp-block-button__link has-neve-link-color-color has-text-color\" href=\"https:\/\/alliedmet.com\/es\/productos\/\">L\u00cdNEA COMPLETA DE PRODUCTOS <\/a><\/div>\n\n\n\n<div class=\"wp-block-button\"><a class=\"wp-block-button__link\" href=\"https:\/\/alliedmet.com\/es\/solicitud-de-cotizacion-de-productos\/\">CONSIGUE UNA COTIZACI\u00d3N<\/a><\/div>\n<\/div>\n<\/div>\n<\/div><\/div>\n","protected":false},"excerpt":{"rendered":"","protected":false},"author":1,"featured_media":0,"parent":0,"menu_order":0,"comment_status":"closed","ping_status":"closed","template":"","meta":{"neve_meta_sidebar":"","neve_meta_container":"","neve_meta_enable_content_width":"off","neve_meta_content_width":0,"neve_meta_title_alignment":"","neve_meta_author_avatar":"","neve_post_elements_order":"","neve_meta_disable_header":"","neve_meta_disable_footer":"","neve_meta_disable_title":"on","_themeisle_gutenberg_block_has_review":false,"footnotes":""},"class_list":["post-5203","page","type-page","status-publish","hentry"],"yoast_head":"<!-- This site is optimized with the Yoast SEO Premium plugin v27.3 (Yoast SEO v27.3) - https:\/\/yoast.com\/product\/yoast-seo-premium-wordpress\/ -->\n<title>FERROALEACIONES - Allied Metals Corporation<\/title>\n<meta name=\"description\" content=\"Allied Metals abastece agentes de aleaci\u00f3n para mejorar la resistencia a la rotura, a la corrosi\u00f3n y a la oxidaci\u00f3n en la producci\u00f3n de aceros inoxidables, aleaciones de n\u00edquel, aleaciones de cobre y superaleaciones.\" \/>\n<meta name=\"robots\" content=\"index, follow, max-snippet:-1, max-image-preview:large, max-video-preview:-1\" \/>\n<link rel=\"canonical\" href=\"https:\/\/alliedmet.com\/es\/ferroaleaciones\/\" \/>\n<meta property=\"og:locale\" content=\"es_ES\" \/>\n<meta property=\"og:type\" content=\"article\" \/>\n<meta property=\"og:title\" content=\"FERROALEACIONES\" \/>\n<meta property=\"og:description\" content=\"Allied Metals abastece agentes de aleaci\u00f3n para mejorar la resistencia a la rotura, a la corrosi\u00f3n y a la oxidaci\u00f3n en la producci\u00f3n de aceros inoxidables, aleaciones de n\u00edquel, aleaciones de cobre y superaleaciones.\" \/>\n<meta property=\"og:url\" content=\"https:\/\/alliedmet.com\/es\/ferroaleaciones\/\" \/>\n<meta property=\"og:site_name\" content=\"Allied Metals Corporation\" \/>\n<meta property=\"article:modified_time\" content=\"2021-04-22T00:18:47+00:00\" \/>\n<meta property=\"og:image\" content=\"https:\/\/alliedmet.com\/wp-content\/uploads\/2019\/09\/allied-metal-products-image-nickel-master-alloy.png\" \/>\n<meta name=\"twitter:card\" content=\"summary_large_image\" \/>\n<meta name=\"twitter:label1\" content=\"Tiempo de lectura\" \/>\n\t<meta name=\"twitter:data1\" content=\"1 minuto\" \/>\n<script type=\"application\/ld+json\" class=\"yoast-schema-graph\">{\"@context\":\"https:\\\/\\\/schema.org\",\"@graph\":[{\"@type\":\"WebPage\",\"@id\":\"https:\\\/\\\/alliedmet.com\\\/es\\\/ferroaleaciones\\\/\",\"url\":\"https:\\\/\\\/alliedmet.com\\\/es\\\/ferroaleaciones\\\/\",\"name\":\"FERROALEACIONES - Allied Metals Corporation\",\"isPartOf\":{\"@id\":\"https:\\\/\\\/alliedmet.com\\\/es\\\/#website\"},\"primaryImageOfPage\":{\"@id\":\"https:\\\/\\\/alliedmet.com\\\/es\\\/ferroaleaciones\\\/#primaryimage\"},\"image\":{\"@id\":\"https:\\\/\\\/alliedmet.com\\\/es\\\/ferroaleaciones\\\/#primaryimage\"},\"thumbnailUrl\":\"https:\\\/\\\/alliedmet.com\\\/wp-content\\\/uploads\\\/2019\\\/09\\\/allied-metal-products-image-nickel-master-alloy.png\",\"datePublished\":\"2021-04-17T01:32:46+00:00\",\"dateModified\":\"2021-04-22T00:18:47+00:00\",\"description\":\"Allied Metals abastece agentes de aleaci\u00f3n para mejorar la resistencia a la rotura, a la corrosi\u00f3n y a la oxidaci\u00f3n en la producci\u00f3n de aceros inoxidables, aleaciones de n\u00edquel, aleaciones de cobre y superaleaciones.\",\"breadcrumb\":{\"@id\":\"https:\\\/\\\/alliedmet.com\\\/es\\\/ferroaleaciones\\\/#breadcrumb\"},\"inLanguage\":\"es\",\"potentialAction\":[{\"@type\":\"ReadAction\",\"target\":[\"https:\\\/\\\/alliedmet.com\\\/es\\\/ferroaleaciones\\\/\"]}]},{\"@type\":\"ImageObject\",\"inLanguage\":\"es\",\"@id\":\"https:\\\/\\\/alliedmet.com\\\/es\\\/ferroaleaciones\\\/#primaryimage\",\"url\":\"https:\\\/\\\/alliedmet.com\\\/wp-content\\\/uploads\\\/2019\\\/09\\\/allied-metal-products-image-nickel-master-alloy.png\",\"contentUrl\":\"https:\\\/\\\/alliedmet.com\\\/wp-content\\\/uploads\\\/2019\\\/09\\\/allied-metal-products-image-nickel-master-alloy.png\"},{\"@type\":\"BreadcrumbList\",\"@id\":\"https:\\\/\\\/alliedmet.com\\\/es\\\/ferroaleaciones\\\/#breadcrumb\",\"itemListElement\":[{\"@type\":\"ListItem\",\"position\":1,\"name\":\"Home\",\"item\":\"https:\\\/\\\/alliedmet.com\\\/es\\\/\"},{\"@type\":\"ListItem\",\"position\":2,\"name\":\"FERROALEACIONES\"}]},{\"@type\":\"WebSite\",\"@id\":\"https:\\\/\\\/alliedmet.com\\\/es\\\/#website\",\"url\":\"https:\\\/\\\/alliedmet.com\\\/es\\\/\",\"name\":\"Allied Metals Corporation\",\"description\":\"High Purity Iron and Low Carbon Iron\",\"publisher\":{\"@id\":\"https:\\\/\\\/alliedmet.com\\\/es\\\/#organization\"},\"potentialAction\":[{\"@type\":\"SearchAction\",\"target\":{\"@type\":\"EntryPoint\",\"urlTemplate\":\"https:\\\/\\\/alliedmet.com\\\/es\\\/?s={search_term_string}\"},\"query-input\":{\"@type\":\"PropertyValueSpecification\",\"valueRequired\":true,\"valueName\":\"search_term_string\"}}],\"inLanguage\":\"es\"},{\"@type\":\"Organization\",\"@id\":\"https:\\\/\\\/alliedmet.com\\\/es\\\/#organization\",\"name\":\"Allied Metals Corporation\",\"url\":\"https:\\\/\\\/alliedmet.com\\\/es\\\/\",\"logo\":{\"@type\":\"ImageObject\",\"inLanguage\":\"es\",\"@id\":\"https:\\\/\\\/alliedmet.com\\\/es\\\/#\\\/schema\\\/logo\\\/image\\\/\",\"url\":\"https:\\\/\\\/alliedmet.com\\\/wp-content\\\/uploads\\\/2019\\\/07\\\/AMC-English-logo.png\",\"contentUrl\":\"https:\\\/\\\/alliedmet.com\\\/wp-content\\\/uploads\\\/2019\\\/07\\\/AMC-English-logo.png\",\"width\":1029,\"height\":317,\"caption\":\"Allied Metals Corporation\"},\"image\":{\"@id\":\"https:\\\/\\\/alliedmet.com\\\/es\\\/#\\\/schema\\\/logo\\\/image\\\/\"},\"sameAs\":[\"https:\\\/\\\/www.linkedin.com\\\/company\\\/allied-metals\"]}]}<\/script>\n<!-- \/ Yoast SEO Premium plugin. -->","yoast_head_json":{"title":"FERROALEACIONES - Allied Metals Corporation","description":"Allied Metals abastece agentes de aleaci\u00f3n para mejorar la resistencia a la rotura, a la corrosi\u00f3n y a la oxidaci\u00f3n en la producci\u00f3n de aceros inoxidables, aleaciones de n\u00edquel, aleaciones de cobre y superaleaciones.","robots":{"index":"index","follow":"follow","max-snippet":"max-snippet:-1","max-image-preview":"max-image-preview:large","max-video-preview":"max-video-preview:-1"},"canonical":"https:\/\/alliedmet.com\/es\/ferroaleaciones\/","og_locale":"es_ES","og_type":"article","og_title":"FERROALEACIONES","og_description":"Allied Metals abastece agentes de aleaci\u00f3n para mejorar la resistencia a la rotura, a la corrosi\u00f3n y a la oxidaci\u00f3n en la producci\u00f3n de aceros inoxidables, aleaciones de n\u00edquel, aleaciones de cobre y superaleaciones.","og_url":"https:\/\/alliedmet.com\/es\/ferroaleaciones\/","og_site_name":"Allied Metals Corporation","article_modified_time":"2021-04-22T00:18:47+00:00","og_image":[{"url":"https:\/\/alliedmet.com\/wp-content\/uploads\/2019\/09\/allied-metal-products-image-nickel-master-alloy.png","type":"","width":"","height":""}],"twitter_card":"summary_large_image","twitter_misc":{"Tiempo de lectura":"1 minuto"},"schema":{"@context":"https:\/\/schema.org","@graph":[{"@type":"WebPage","@id":"https:\/\/alliedmet.com\/es\/ferroaleaciones\/","url":"https:\/\/alliedmet.com\/es\/ferroaleaciones\/","name":"FERROALEACIONES - Allied Metals Corporation","isPartOf":{"@id":"https:\/\/alliedmet.com\/es\/#website"},"primaryImageOfPage":{"@id":"https:\/\/alliedmet.com\/es\/ferroaleaciones\/#primaryimage"},"image":{"@id":"https:\/\/alliedmet.com\/es\/ferroaleaciones\/#primaryimage"},"thumbnailUrl":"https:\/\/alliedmet.com\/wp-content\/uploads\/2019\/09\/allied-metal-products-image-nickel-master-alloy.png","datePublished":"2021-04-17T01:32:46+00:00","dateModified":"2021-04-22T00:18:47+00:00","description":"Allied Metals abastece agentes de aleaci\u00f3n para mejorar la resistencia a la rotura, a la corrosi\u00f3n y a la oxidaci\u00f3n en la producci\u00f3n de aceros inoxidables, aleaciones de n\u00edquel, aleaciones de cobre y superaleaciones.","breadcrumb":{"@id":"https:\/\/alliedmet.com\/es\/ferroaleaciones\/#breadcrumb"},"inLanguage":"es","potentialAction":[{"@type":"ReadAction","target":["https:\/\/alliedmet.com\/es\/ferroaleaciones\/"]}]},{"@type":"ImageObject","inLanguage":"es","@id":"https:\/\/alliedmet.com\/es\/ferroaleaciones\/#primaryimage","url":"https:\/\/alliedmet.com\/wp-content\/uploads\/2019\/09\/allied-metal-products-image-nickel-master-alloy.png","contentUrl":"https:\/\/alliedmet.com\/wp-content\/uploads\/2019\/09\/allied-metal-products-image-nickel-master-alloy.png"},{"@type":"BreadcrumbList","@id":"https:\/\/alliedmet.com\/es\/ferroaleaciones\/#breadcrumb","itemListElement":[{"@type":"ListItem","position":1,"name":"Home","item":"https:\/\/alliedmet.com\/es\/"},{"@type":"ListItem","position":2,"name":"FERROALEACIONES"}]},{"@type":"WebSite","@id":"https:\/\/alliedmet.com\/es\/#website","url":"https:\/\/alliedmet.com\/es\/","name":"Allied Metals Corporation","description":"High Purity Iron and Low Carbon Iron","publisher":{"@id":"https:\/\/alliedmet.com\/es\/#organization"},"potentialAction":[{"@type":"SearchAction","target":{"@type":"EntryPoint","urlTemplate":"https:\/\/alliedmet.com\/es\/?s={search_term_string}"},"query-input":{"@type":"PropertyValueSpecification","valueRequired":true,"valueName":"search_term_string"}}],"inLanguage":"es"},{"@type":"Organization","@id":"https:\/\/alliedmet.com\/es\/#organization","name":"Allied Metals Corporation","url":"https:\/\/alliedmet.com\/es\/","logo":{"@type":"ImageObject","inLanguage":"es","@id":"https:\/\/alliedmet.com\/es\/#\/schema\/logo\/image\/","url":"https:\/\/alliedmet.com\/wp-content\/uploads\/2019\/07\/AMC-English-logo.png","contentUrl":"https:\/\/alliedmet.com\/wp-content\/uploads\/2019\/07\/AMC-English-logo.png","width":1029,"height":317,"caption":"Allied Metals Corporation"},"image":{"@id":"https:\/\/alliedmet.com\/es\/#\/schema\/logo\/image\/"},"sameAs":["https:\/\/www.linkedin.com\/company\/allied-metals"]}]}},"_links":{"self":[{"href":"https:\/\/alliedmet.com\/es\/wp-json\/wp\/v2\/pages\/5203","targetHints":{"allow":["GET"]}}],"collection":[{"href":"https:\/\/alliedmet.com\/es\/wp-json\/wp\/v2\/pages"}],"about":[{"href":"https:\/\/alliedmet.com\/es\/wp-json\/wp\/v2\/types\/page"}],"author":[{"embeddable":true,"href":"https:\/\/alliedmet.com\/es\/wp-json\/wp\/v2\/users\/1"}],"replies":[{"embeddable":true,"href":"https:\/\/alliedmet.com\/es\/wp-json\/wp\/v2\/comments?post=5203"}],"version-history":[{"count":0,"href":"https:\/\/alliedmet.com\/es\/wp-json\/wp\/v2\/pages\/5203\/revisions"}],"wp:attachment":[{"href":"https:\/\/alliedmet.com\/es\/wp-json\/wp\/v2\/media?parent=5203"}],"curies":[{"name":"wp","href":"https:\/\/api.w.org\/{rel}","templated":true}]}}