{"id":5212,"date":"2021-04-17T01:55:50","date_gmt":"2021-04-17T01:55:50","guid":{"rendered":"https:\/\/alliedmet.com\/catodo-de-hierro\/"},"modified":"2021-04-21T23:30:03","modified_gmt":"2021-04-21T23:30:03","slug":"catodo-de-hierro","status":"publish","type":"page","link":"https:\/\/alliedmet.com\/es\/catodo-de-hierro\/","title":{"rendered":"C\u00c1TODO DE HIERRO"},"content":{"rendered":"\n<div class=\"wp-block-themeisle-blocks-advanced-columns alignfull has-1-columns has-desktop-equal-layout has-tablet-equal-layout has-mobile-equal-layout has-nogap-gap has-vertical-unset\" id=\"wp-block-themeisle-blocks-advanced-columns-735a99e7\"><div class=\"wp-block-themeisle-blocks-advanced-columns-overlay\"><\/div><div class=\"innerblocks-wrap\">\n<div class=\"wp-block-themeisle-blocks-advanced-column\" id=\"wp-block-themeisle-blocks-advanced-column-aab021f9\">\n<div style=\"height:20px\" aria-hidden=\"true\" class=\"wp-block-spacer ticss-d5c866b1\"><\/div>\n<\/div>\n<\/div><\/div>\n\n\n\n<div class=\"wp-block-themeisle-blocks-advanced-columns has-2-columns has-desktop-equal-layout has-tablet-collapsedRows-layout has-mobile-collapsedRows-layout has-default-gap has-vertical-unset\" id=\"wp-block-themeisle-blocks-advanced-columns-21035143\"><div class=\"wp-block-themeisle-blocks-advanced-columns-overlay\"><\/div><div class=\"innerblocks-wrap\">\n<div class=\"wp-block-themeisle-blocks-advanced-column\" id=\"wp-block-themeisle-blocks-advanced-column-ad797479\">\n<h1 class=\"wp-block-heading\" id=\"h-c-todo-de-hierro\">C\u00c1TODO DE HIERRO<\/h1>\n\n\n\n<figure class=\"wp-block-image ticss-a81dae54\"><img decoding=\"async\" width=\"689\" height=\"261\" data-src=\"https:\/\/alliedmet.com\/wp-content\/uploads\/2019\/09\/allied-metal-products-image-iron-cathode.png\" alt=\"\" class=\"wp-image-5214 lazyload\" data-srcset=\"https:\/\/alliedmet.com\/wp-content\/uploads\/2019\/09\/allied-metal-products-image-iron-cathode.png 689w, https:\/\/alliedmet.com\/wp-content\/uploads\/2019\/09\/allied-metal-products-image-iron-cathode-300x114.png 300w\" data-sizes=\"(max-width: 689px) 100vw, 689px\" src=\"data:image\/svg+xml;base64,PHN2ZyB3aWR0aD0iMSIgaGVpZ2h0PSIxIiB4bWxucz0iaHR0cDovL3d3dy53My5vcmcvMjAwMC9zdmciPjwvc3ZnPg==\" style=\"--smush-placeholder-width: 689px; --smush-placeholder-aspect-ratio: 689\/261;\" \/><\/figure>\n\n\n\n<h3 class=\"has-text-align-center ticss-17fa66a1 wp-block-heading\" id=\"h-c-todo-de-hierro-1\">C\u00c1TODO DE HIERRO<\/h3>\n\n\n\n<figure class=\"wp-block-table ticss-7b590dbd\"><table class=\"has-fixed-layout\"><tbody><tr><td><strong>Analysis (%)<\/strong><\/td><td>Maximum<\/td><td>Typical<\/td><\/tr><tr><td><strong>C<\/strong><\/td><td>0.03<\/td><td>0.005<\/td><\/tr><tr><td><strong>S<\/strong><\/td><td>0.015<\/td><td>0.008<\/td><\/tr><tr><td><strong>P<\/strong><\/td><td>0.015<\/td><td>0.008<\/td><\/tr><tr><td><strong>Mn<\/strong><\/td><td>0.300<\/td><td>0.130<\/td><\/tr><tr><td><strong>Si<\/strong><\/td><td>0.020<\/td><td>0.010<\/td><\/tr><tr><td><strong>O<\/strong><\/td><td>0.01<\/td><td>0.008<\/td><\/tr><tr><td><strong>N<\/strong><\/td><td>0.01<\/td><td>0.005<\/td><\/tr><tr><td><strong>Fe<\/strong><\/td><td>Balance<\/td><td>Balance<\/td><\/tr><\/tbody><\/table><\/figure>\n<\/div>\n\n\n\n<div class=\"wp-block-themeisle-blocks-advanced-column\" id=\"wp-block-themeisle-blocks-advanced-column-95251806\">\n<p class=\"has-normal-font-size\">El c\u00e1todo de hierro es el hierro b\u00e1sico de fundici\u00f3n de alta pureza de Allied Metals, con bajo contenido de carbono, eficiente y econ\u00f3mico, para uso en hornos de vac\u00edo e inducci\u00f3n. Se trata de un producto certificado para colada con 100% de uniformidad en su composici\u00f3n qu\u00edmica y su forma. Las placas miden aproximadamente 4 pulgadas cuadradas por 3\/16 pulgadas de espesor, o aproximadamente 100 mm cuadrados por 5 mm de espesor. Apto para sistemas autom\u00e1ticos de carga y almacenamiento, y adecuado para producir acero inoxidable con bajo contenido de carbono, fundiciones termorresistentes y no magn\u00e9ticas, aleaciones con alto componente de n\u00edquel y aleaciones magn\u00e9ticas. Nuestro c\u00e1todo de hierro compite en costo con el material de descarte y su an\u00e1lisis confiable permite una mayor reversi\u00f3n de la utilizaci\u00f3n. Este producto no presenta bordes filosos o irregulares, y su tama\u00f1o uniforme facilita su manipulaci\u00f3n.<\/p>\n\n\n\n<p class=\"has-normal-font-size\"><strong>Forma y tama\u00f1o:<\/strong> Placas uniformes de 100 mm x 100 mm x 5 mm (4\u201d x 4\u201d x 3\/16\u201d)<br><strong>Embalaje:<\/strong> Se embala de acuerdo con los requisitos individuales<br><strong>Disponibilidad:<\/strong> Todas las regiones<\/p>\n\n\n\n<div class=\"wp-block-buttons is-content-justification-left is-layout-flex wp-block-buttons-is-layout-flex\">\n<div class=\"wp-block-button is-style-outline is-style-outline--1\"><a class=\"wp-block-button__link has-neve-link-color-color has-white-background-color has-text-color has-background\" href=\"https:\/\/alliedmet.com\/products\/\">L\u00cdNEA COMPLETA DE PRODUCTOS<\/a><\/div>\n\n\n\n<div class=\"wp-block-button is-style-outline is-style-outline--2\"><a class=\"wp-block-button__link has-nv-site-bg-color has-neve-text-color-background-color has-text-color has-background\" href=\"https:\/\/alliedmet.com\/quote-request\/\">Consigue una cotizaci\u00f3n<\/a><\/div>\n<\/div>\n<\/div>\n<\/div><\/div>\n","protected":false},"excerpt":{"rendered":"","protected":false},"author":1,"featured_media":0,"parent":0,"menu_order":0,"comment_status":"closed","ping_status":"closed","template":"","meta":{"neve_meta_sidebar":"","neve_meta_container":"","neve_meta_enable_content_width":"off","neve_meta_content_width":0,"neve_meta_title_alignment":"","neve_meta_author_avatar":"","neve_post_elements_order":"","neve_meta_disable_header":"","neve_meta_disable_footer":"","neve_meta_disable_title":"on","_themeisle_gutenberg_block_has_review":false,"footnotes":""},"class_list":["post-5212","page","type-page","status-publish","hentry"],"yoast_head":"<!-- This site is optimized with the Yoast SEO Premium plugin v27.3 (Yoast SEO v27.3) - https:\/\/yoast.com\/product\/yoast-seo-premium-wordpress\/ -->\n<title>C\u00c1TODO DE HIERRO - Allied Metals Corporation<\/title>\n<meta name=\"description\" content=\"El c\u00e1todo de hierro es el hierro b\u00e1sico de fundici\u00f3n de alta pureza de Allied Metals, con bajo contenido de carbono, eficiente y econ\u00f3mico, para uso en hornos de vac\u00edo e inducci\u00f3n. Se trata de un producto certificado para colada con 100 % de uniformidad en su composici\u00f3n qu\u00edmica y su forma. Las placas miden aproximadamente 4 pulgadas cuadradas por 3\/16 pulgadas de espesor, o aproximadamente 100 mm cuadrados por 5 mm de espesor. Apto para sistemas autom\u00e1ticos de carga y almacenamiento, y adecuado para producir acero inoxidable con bajo contenido de carbono, fundiciones termorresistentes y no magn\u00e9ticas, aleaciones con alto componente de n\u00edquel y aleaciones magn\u00e9ticas. Nuestro c\u00e1todo de hierro compite en costo con el material de descarte y su an\u00e1lisis confiable permite una mayor reversi\u00f3n de la utilizaci\u00f3n. Este producto no presenta bordes filosos o irregulares, y su tama\u00f1o uniforme facilita su manipulaci\u00f3n.\" \/>\n<meta name=\"robots\" content=\"index, follow, max-snippet:-1, max-image-preview:large, max-video-preview:-1\" \/>\n<link rel=\"canonical\" href=\"https:\/\/alliedmet.com\/es\/catodo-de-hierro\/\" \/>\n<meta property=\"og:locale\" content=\"es_ES\" \/>\n<meta property=\"og:type\" content=\"article\" \/>\n<meta property=\"og:title\" content=\"C\u00c1TODO DE HIERRO\" \/>\n<meta property=\"og:description\" content=\"El c\u00e1todo de hierro es el hierro b\u00e1sico de fundici\u00f3n de alta pureza de Allied Metals, con bajo contenido de carbono, eficiente y econ\u00f3mico, para uso en hornos de vac\u00edo e inducci\u00f3n. Se trata de un producto certificado para colada con 100 % de uniformidad en su composici\u00f3n qu\u00edmica y su forma. Las placas miden aproximadamente 4 pulgadas cuadradas por 3\/16 pulgadas de espesor, o aproximadamente 100 mm cuadrados por 5 mm de espesor. Apto para sistemas autom\u00e1ticos de carga y almacenamiento, y adecuado para producir acero inoxidable con bajo contenido de carbono, fundiciones termorresistentes y no magn\u00e9ticas, aleaciones con alto componente de n\u00edquel y aleaciones magn\u00e9ticas. Nuestro c\u00e1todo de hierro compite en costo con el material de descarte y su an\u00e1lisis confiable permite una mayor reversi\u00f3n de la utilizaci\u00f3n. Este producto no presenta bordes filosos o irregulares, y su tama\u00f1o uniforme facilita su manipulaci\u00f3n.\" \/>\n<meta property=\"og:url\" content=\"https:\/\/alliedmet.com\/es\/catodo-de-hierro\/\" \/>\n<meta property=\"og:site_name\" content=\"Allied Metals Corporation\" \/>\n<meta property=\"article:modified_time\" content=\"2021-04-21T23:30:03+00:00\" \/>\n<meta property=\"og:image\" content=\"https:\/\/alliedmet.com\/wp-content\/uploads\/2019\/09\/allied-metal-products-image-iron-cathode.png\" \/>\n<meta name=\"twitter:card\" content=\"summary_large_image\" \/>\n<meta name=\"twitter:label1\" content=\"Tiempo de lectura\" \/>\n\t<meta name=\"twitter:data1\" content=\"2 minutos\" \/>\n<script type=\"application\/ld+json\" class=\"yoast-schema-graph\">{\"@context\":\"https:\\\/\\\/schema.org\",\"@graph\":[{\"@type\":\"WebPage\",\"@id\":\"https:\\\/\\\/alliedmet.com\\\/es\\\/catodo-de-hierro\\\/\",\"url\":\"https:\\\/\\\/alliedmet.com\\\/es\\\/catodo-de-hierro\\\/\",\"name\":\"C\u00c1TODO DE HIERRO - Allied Metals Corporation\",\"isPartOf\":{\"@id\":\"https:\\\/\\\/alliedmet.com\\\/es\\\/#website\"},\"primaryImageOfPage\":{\"@id\":\"https:\\\/\\\/alliedmet.com\\\/es\\\/catodo-de-hierro\\\/#primaryimage\"},\"image\":{\"@id\":\"https:\\\/\\\/alliedmet.com\\\/es\\\/catodo-de-hierro\\\/#primaryimage\"},\"thumbnailUrl\":\"https:\\\/\\\/alliedmet.com\\\/wp-content\\\/uploads\\\/2019\\\/09\\\/allied-metal-products-image-iron-cathode.png\",\"datePublished\":\"2021-04-17T01:55:50+00:00\",\"dateModified\":\"2021-04-21T23:30:03+00:00\",\"description\":\"El c\u00e1todo de hierro es el hierro b\u00e1sico de fundici\u00f3n de alta pureza de Allied Metals, con bajo contenido de carbono, eficiente y econ\u00f3mico, para uso en hornos de vac\u00edo e inducci\u00f3n. Se trata de un producto certificado para colada con 100 % de uniformidad en su composici\u00f3n qu\u00edmica y su forma. Las placas miden aproximadamente 4 pulgadas cuadradas por 3\\\/16 pulgadas de espesor, o aproximadamente 100 mm cuadrados por 5 mm de espesor. Apto para sistemas autom\u00e1ticos de carga y almacenamiento, y adecuado para producir acero inoxidable con bajo contenido de carbono, fundiciones termorresistentes y no magn\u00e9ticas, aleaciones con alto componente de n\u00edquel y aleaciones magn\u00e9ticas. Nuestro c\u00e1todo de hierro compite en costo con el material de descarte y su an\u00e1lisis confiable permite una mayor reversi\u00f3n de la utilizaci\u00f3n. Este producto no presenta bordes filosos o irregulares, y su tama\u00f1o uniforme facilita su manipulaci\u00f3n.\",\"breadcrumb\":{\"@id\":\"https:\\\/\\\/alliedmet.com\\\/es\\\/catodo-de-hierro\\\/#breadcrumb\"},\"inLanguage\":\"es\",\"potentialAction\":[{\"@type\":\"ReadAction\",\"target\":[\"https:\\\/\\\/alliedmet.com\\\/es\\\/catodo-de-hierro\\\/\"]}]},{\"@type\":\"ImageObject\",\"inLanguage\":\"es\",\"@id\":\"https:\\\/\\\/alliedmet.com\\\/es\\\/catodo-de-hierro\\\/#primaryimage\",\"url\":\"https:\\\/\\\/alliedmet.com\\\/wp-content\\\/uploads\\\/2019\\\/09\\\/allied-metal-products-image-iron-cathode.png\",\"contentUrl\":\"https:\\\/\\\/alliedmet.com\\\/wp-content\\\/uploads\\\/2019\\\/09\\\/allied-metal-products-image-iron-cathode.png\"},{\"@type\":\"BreadcrumbList\",\"@id\":\"https:\\\/\\\/alliedmet.com\\\/es\\\/catodo-de-hierro\\\/#breadcrumb\",\"itemListElement\":[{\"@type\":\"ListItem\",\"position\":1,\"name\":\"Home\",\"item\":\"https:\\\/\\\/alliedmet.com\\\/es\\\/\"},{\"@type\":\"ListItem\",\"position\":2,\"name\":\"C\u00c1TODO DE HIERRO\"}]},{\"@type\":\"WebSite\",\"@id\":\"https:\\\/\\\/alliedmet.com\\\/es\\\/#website\",\"url\":\"https:\\\/\\\/alliedmet.com\\\/es\\\/\",\"name\":\"Allied Metals Corporation\",\"description\":\"High Purity Iron and Low Carbon Iron\",\"publisher\":{\"@id\":\"https:\\\/\\\/alliedmet.com\\\/es\\\/#organization\"},\"potentialAction\":[{\"@type\":\"SearchAction\",\"target\":{\"@type\":\"EntryPoint\",\"urlTemplate\":\"https:\\\/\\\/alliedmet.com\\\/es\\\/?s={search_term_string}\"},\"query-input\":{\"@type\":\"PropertyValueSpecification\",\"valueRequired\":true,\"valueName\":\"search_term_string\"}}],\"inLanguage\":\"es\"},{\"@type\":\"Organization\",\"@id\":\"https:\\\/\\\/alliedmet.com\\\/es\\\/#organization\",\"name\":\"Allied Metals Corporation\",\"url\":\"https:\\\/\\\/alliedmet.com\\\/es\\\/\",\"logo\":{\"@type\":\"ImageObject\",\"inLanguage\":\"es\",\"@id\":\"https:\\\/\\\/alliedmet.com\\\/es\\\/#\\\/schema\\\/logo\\\/image\\\/\",\"url\":\"https:\\\/\\\/alliedmet.com\\\/wp-content\\\/uploads\\\/2019\\\/07\\\/AMC-English-logo.png\",\"contentUrl\":\"https:\\\/\\\/alliedmet.com\\\/wp-content\\\/uploads\\\/2019\\\/07\\\/AMC-English-logo.png\",\"width\":1029,\"height\":317,\"caption\":\"Allied Metals Corporation\"},\"image\":{\"@id\":\"https:\\\/\\\/alliedmet.com\\\/es\\\/#\\\/schema\\\/logo\\\/image\\\/\"},\"sameAs\":[\"https:\\\/\\\/www.linkedin.com\\\/company\\\/allied-metals\"]}]}<\/script>\n<!-- \/ Yoast SEO Premium plugin. -->","yoast_head_json":{"title":"C\u00c1TODO DE HIERRO - Allied Metals Corporation","description":"El c\u00e1todo de hierro es el hierro b\u00e1sico de fundici\u00f3n de alta pureza de Allied Metals, con bajo contenido de carbono, eficiente y econ\u00f3mico, para uso en hornos de vac\u00edo e inducci\u00f3n. Se trata de un producto certificado para colada con 100 % de uniformidad en su composici\u00f3n qu\u00edmica y su forma. Las placas miden aproximadamente 4 pulgadas cuadradas por 3\/16 pulgadas de espesor, o aproximadamente 100 mm cuadrados por 5 mm de espesor. Apto para sistemas autom\u00e1ticos de carga y almacenamiento, y adecuado para producir acero inoxidable con bajo contenido de carbono, fundiciones termorresistentes y no magn\u00e9ticas, aleaciones con alto componente de n\u00edquel y aleaciones magn\u00e9ticas. Nuestro c\u00e1todo de hierro compite en costo con el material de descarte y su an\u00e1lisis confiable permite una mayor reversi\u00f3n de la utilizaci\u00f3n. Este producto no presenta bordes filosos o irregulares, y su tama\u00f1o uniforme facilita su manipulaci\u00f3n.","robots":{"index":"index","follow":"follow","max-snippet":"max-snippet:-1","max-image-preview":"max-image-preview:large","max-video-preview":"max-video-preview:-1"},"canonical":"https:\/\/alliedmet.com\/es\/catodo-de-hierro\/","og_locale":"es_ES","og_type":"article","og_title":"C\u00c1TODO DE HIERRO","og_description":"El c\u00e1todo de hierro es el hierro b\u00e1sico de fundici\u00f3n de alta pureza de Allied Metals, con bajo contenido de carbono, eficiente y econ\u00f3mico, para uso en hornos de vac\u00edo e inducci\u00f3n. Se trata de un producto certificado para colada con 100 % de uniformidad en su composici\u00f3n qu\u00edmica y su forma. Las placas miden aproximadamente 4 pulgadas cuadradas por 3\/16 pulgadas de espesor, o aproximadamente 100 mm cuadrados por 5 mm de espesor. Apto para sistemas autom\u00e1ticos de carga y almacenamiento, y adecuado para producir acero inoxidable con bajo contenido de carbono, fundiciones termorresistentes y no magn\u00e9ticas, aleaciones con alto componente de n\u00edquel y aleaciones magn\u00e9ticas. Nuestro c\u00e1todo de hierro compite en costo con el material de descarte y su an\u00e1lisis confiable permite una mayor reversi\u00f3n de la utilizaci\u00f3n. Este producto no presenta bordes filosos o irregulares, y su tama\u00f1o uniforme facilita su manipulaci\u00f3n.","og_url":"https:\/\/alliedmet.com\/es\/catodo-de-hierro\/","og_site_name":"Allied Metals Corporation","article_modified_time":"2021-04-21T23:30:03+00:00","og_image":[{"url":"https:\/\/alliedmet.com\/wp-content\/uploads\/2019\/09\/allied-metal-products-image-iron-cathode.png","type":"","width":"","height":""}],"twitter_card":"summary_large_image","twitter_misc":{"Tiempo de lectura":"2 minutos"},"schema":{"@context":"https:\/\/schema.org","@graph":[{"@type":"WebPage","@id":"https:\/\/alliedmet.com\/es\/catodo-de-hierro\/","url":"https:\/\/alliedmet.com\/es\/catodo-de-hierro\/","name":"C\u00c1TODO DE HIERRO - Allied Metals Corporation","isPartOf":{"@id":"https:\/\/alliedmet.com\/es\/#website"},"primaryImageOfPage":{"@id":"https:\/\/alliedmet.com\/es\/catodo-de-hierro\/#primaryimage"},"image":{"@id":"https:\/\/alliedmet.com\/es\/catodo-de-hierro\/#primaryimage"},"thumbnailUrl":"https:\/\/alliedmet.com\/wp-content\/uploads\/2019\/09\/allied-metal-products-image-iron-cathode.png","datePublished":"2021-04-17T01:55:50+00:00","dateModified":"2021-04-21T23:30:03+00:00","description":"El c\u00e1todo de hierro es el hierro b\u00e1sico de fundici\u00f3n de alta pureza de Allied Metals, con bajo contenido de carbono, eficiente y econ\u00f3mico, para uso en hornos de vac\u00edo e inducci\u00f3n. Se trata de un producto certificado para colada con 100 % de uniformidad en su composici\u00f3n qu\u00edmica y su forma. Las placas miden aproximadamente 4 pulgadas cuadradas por 3\/16 pulgadas de espesor, o aproximadamente 100 mm cuadrados por 5 mm de espesor. Apto para sistemas autom\u00e1ticos de carga y almacenamiento, y adecuado para producir acero inoxidable con bajo contenido de carbono, fundiciones termorresistentes y no magn\u00e9ticas, aleaciones con alto componente de n\u00edquel y aleaciones magn\u00e9ticas. Nuestro c\u00e1todo de hierro compite en costo con el material de descarte y su an\u00e1lisis confiable permite una mayor reversi\u00f3n de la utilizaci\u00f3n. Este producto no presenta bordes filosos o irregulares, y su tama\u00f1o uniforme facilita su manipulaci\u00f3n.","breadcrumb":{"@id":"https:\/\/alliedmet.com\/es\/catodo-de-hierro\/#breadcrumb"},"inLanguage":"es","potentialAction":[{"@type":"ReadAction","target":["https:\/\/alliedmet.com\/es\/catodo-de-hierro\/"]}]},{"@type":"ImageObject","inLanguage":"es","@id":"https:\/\/alliedmet.com\/es\/catodo-de-hierro\/#primaryimage","url":"https:\/\/alliedmet.com\/wp-content\/uploads\/2019\/09\/allied-metal-products-image-iron-cathode.png","contentUrl":"https:\/\/alliedmet.com\/wp-content\/uploads\/2019\/09\/allied-metal-products-image-iron-cathode.png"},{"@type":"BreadcrumbList","@id":"https:\/\/alliedmet.com\/es\/catodo-de-hierro\/#breadcrumb","itemListElement":[{"@type":"ListItem","position":1,"name":"Home","item":"https:\/\/alliedmet.com\/es\/"},{"@type":"ListItem","position":2,"name":"C\u00c1TODO DE HIERRO"}]},{"@type":"WebSite","@id":"https:\/\/alliedmet.com\/es\/#website","url":"https:\/\/alliedmet.com\/es\/","name":"Allied Metals Corporation","description":"High Purity Iron and Low Carbon Iron","publisher":{"@id":"https:\/\/alliedmet.com\/es\/#organization"},"potentialAction":[{"@type":"SearchAction","target":{"@type":"EntryPoint","urlTemplate":"https:\/\/alliedmet.com\/es\/?s={search_term_string}"},"query-input":{"@type":"PropertyValueSpecification","valueRequired":true,"valueName":"search_term_string"}}],"inLanguage":"es"},{"@type":"Organization","@id":"https:\/\/alliedmet.com\/es\/#organization","name":"Allied Metals Corporation","url":"https:\/\/alliedmet.com\/es\/","logo":{"@type":"ImageObject","inLanguage":"es","@id":"https:\/\/alliedmet.com\/es\/#\/schema\/logo\/image\/","url":"https:\/\/alliedmet.com\/wp-content\/uploads\/2019\/07\/AMC-English-logo.png","contentUrl":"https:\/\/alliedmet.com\/wp-content\/uploads\/2019\/07\/AMC-English-logo.png","width":1029,"height":317,"caption":"Allied Metals Corporation"},"image":{"@id":"https:\/\/alliedmet.com\/es\/#\/schema\/logo\/image\/"},"sameAs":["https:\/\/www.linkedin.com\/company\/allied-metals"]}]}},"_links":{"self":[{"href":"https:\/\/alliedmet.com\/es\/wp-json\/wp\/v2\/pages\/5212","targetHints":{"allow":["GET"]}}],"collection":[{"href":"https:\/\/alliedmet.com\/es\/wp-json\/wp\/v2\/pages"}],"about":[{"href":"https:\/\/alliedmet.com\/es\/wp-json\/wp\/v2\/types\/page"}],"author":[{"embeddable":true,"href":"https:\/\/alliedmet.com\/es\/wp-json\/wp\/v2\/users\/1"}],"replies":[{"embeddable":true,"href":"https:\/\/alliedmet.com\/es\/wp-json\/wp\/v2\/comments?post=5212"}],"version-history":[{"count":0,"href":"https:\/\/alliedmet.com\/es\/wp-json\/wp\/v2\/pages\/5212\/revisions"}],"wp:attachment":[{"href":"https:\/\/alliedmet.com\/es\/wp-json\/wp\/v2\/media?parent=5212"}],"curies":[{"name":"wp","href":"https:\/\/api.w.org\/{rel}","templated":true}]}}