{"id":5218,"date":"2021-04-17T02:02:30","date_gmt":"2021-04-17T02:02:30","guid":{"rendered":"https:\/\/alliedmet.com\/lc-44\/"},"modified":"2021-04-21T23:19:15","modified_gmt":"2021-04-21T23:19:15","slug":"lc-44","status":"publish","type":"page","link":"https:\/\/alliedmet.com\/es\/lc-44\/","title":{"rendered":"LC 44"},"content":{"rendered":"\n<div class=\"wp-block-themeisle-blocks-advanced-columns alignfull has-1-columns has-desktop-equal-layout has-tablet-equal-layout has-mobile-equal-layout has-nogap-gap has-vertical-unset\" id=\"wp-block-themeisle-blocks-advanced-columns-2adb81d8\"><div class=\"wp-block-themeisle-blocks-advanced-columns-overlay\"><\/div><div class=\"innerblocks-wrap\">\n<div class=\"wp-block-themeisle-blocks-advanced-column ticss-84b28bb4\" id=\"wp-block-themeisle-blocks-advanced-column-63a58613\">\n<div style=\"height:20px\" aria-hidden=\"true\" class=\"wp-block-spacer ticss-d5c866b1\"><\/div>\n<\/div>\n<\/div><\/div>\n\n\n\n<div class=\"wp-block-themeisle-blocks-advanced-columns has-2-columns has-desktop-equal-layout has-tablet-collapsedRows-layout has-mobile-collapsedRows-layout has-default-gap has-vertical-unset\" id=\"wp-block-themeisle-blocks-advanced-columns-cb71c6c6\"><div class=\"wp-block-themeisle-blocks-advanced-columns-overlay\"><\/div><div class=\"innerblocks-wrap\">\n<div class=\"wp-block-themeisle-blocks-advanced-column ticss-1165c512\" id=\"wp-block-themeisle-blocks-advanced-column-cf0cea85\">\n<h1 class=\"ticss-3c11ccf5 wp-block-heading\" id=\"h-lc44\">LC44<\/h1>\n\n\n\n<figure class=\"wp-block-image size-large ticss-d2d99dc0\"><img decoding=\"async\" width=\"1024\" height=\"579\" data-src=\"https:\/\/alliedmet.com\/wp-content\/uploads\/2019\/12\/LC-44-_large.png\" alt=\"LC-44 Acero bajo en carbono. LC44 viene con un an\u00e1lisis qu\u00edmico garantizado y es una excelente alternativa al control de carbono y azufre en la producci\u00f3n de diversos materiales, como aceros inoxidables con bajo contenido de carbono, aleaciones magn\u00e9ticas, aleaciones no magn\u00e9ticas y aleaciones termorresistentes. Adem\u00e1s, a este producto se lo lava y seca para garantizar una fundici\u00f3n limpia.\" class=\"wp-image-5220 lazyload\" data-srcset=\"https:\/\/alliedmet.com\/wp-content\/uploads\/2019\/12\/LC-44-_large.png 1024w, https:\/\/alliedmet.com\/wp-content\/uploads\/2019\/12\/LC-44-_large-300x170.png 300w, https:\/\/alliedmet.com\/wp-content\/uploads\/2019\/12\/LC-44-_large-768x434.png 768w\" data-sizes=\"(max-width: 1024px) 100vw, 1024px\" src=\"data:image\/svg+xml;base64,PHN2ZyB3aWR0aD0iMSIgaGVpZ2h0PSIxIiB4bWxucz0iaHR0cDovL3d3dy53My5vcmcvMjAwMC9zdmciPjwvc3ZnPg==\" style=\"--smush-placeholder-width: 1024px; --smush-placeholder-aspect-ratio: 1024\/579;\" \/><\/figure>\n\n\n\n<div style=\"height:30px\" aria-hidden=\"true\" class=\"wp-block-spacer ticss-d6ae6074\"><\/div>\n\n\n\n<h3 class=\"has-text-align-center ticss-393ec1b6 wp-block-heading\" id=\"h-lc44-1\">LC44<\/h3>\n\n\n\n<figure class=\"wp-block-table ticss-26e9b406\"><table class=\"has-fixed-layout\"><tbody><tr><td><strong>Analysis (%)<\/strong><\/td><td>Maximum<\/td><td>Typical<\/td><\/tr><tr><td><strong>C<\/strong><\/td><td>0.030<\/td><td>0.0060<\/td><\/tr><tr><td><strong>S<\/strong><\/td><td>0.020<\/td><td>0.0125<\/td><\/tr><tr><td><strong>P<\/strong><\/td><td>0.020<\/td><td>0.0100<\/td><\/tr><tr><td><strong>Mn<\/strong><\/td><td>0.300<\/td><td>0.1300<\/td><\/tr><tr><td><strong>Si<\/strong><\/td><td>0.020<\/td><td>0.0050<\/td><\/tr><\/tbody><\/table><\/figure>\n<\/div>\n\n\n\n<div class=\"wp-block-themeisle-blocks-advanced-column\" id=\"wp-block-themeisle-blocks-advanced-column-d0390325\">\n<p class=\"has-normal-font-size\">Allied Metals comenz\u00f3 originalmente en 1954 como procesador de acero secundario con bajo contenido de carbono para suplantar opciones m\u00e1s costosas. Nuestro producto LC44 fabricado en EE. UU. viene en placas de 6\u201d (150 mm) x menos y en un espesor de aproximadamente 1\/16\u201d (1,5 mm).<\/p>\n\n\n\n<p class=\"has-normal-font-size\">LC44 viene con un an\u00e1lisis qu\u00edmico garantizado y es una excelente alternativa al control de carbono y azufre en la producci\u00f3n de diversos materiales, como aceros inoxidables con bajo contenido de carbono, aleaciones magn\u00e9ticas, aleaciones no magn\u00e9ticas y aleaciones termorresistentes. Adem\u00e1s, a este producto se lo lava y seca para garantizar una fundici\u00f3n limpia.<\/p>\n\n\n\n<p class=\"has-normal-font-size\"><strong>Forma y tama\u00f1o:<\/strong>&nbsp;150 mm (6\u2033) por menos, 1,5 mm (1\/16\u2033) de espesor <br><strong>Embalaje:&nbsp;<\/strong>Se embala de acuerdo con los requisitos individuales <br><strong>Disponibilidad:<\/strong> Continente americano <\/p>\n\n\n\n<div class=\"wp-block-buttons is-layout-flex wp-block-buttons-is-layout-flex\">\n<div class=\"wp-block-button is-style-outline is-style-outline--1\"><a class=\"wp-block-button__link has-neve-link-color-color has-text-color\" href=\"https:\/\/alliedmet.com\/es\/productos\/\">L\u00cdNEA COMPLETA DE PRODUCTOS <\/a><\/div>\n\n\n\n<div class=\"wp-block-button\"><a class=\"wp-block-button__link\" href=\"https:\/\/alliedmet.com\/es\/solicitud-de-cotizacion-de-productos\/\">CONSIGUE UNA COTIZACI\u00d3N<\/a><\/div>\n<\/div>\n<\/div>\n<\/div><\/div>\n","protected":false},"excerpt":{"rendered":"","protected":false},"author":1,"featured_media":0,"parent":0,"menu_order":0,"comment_status":"closed","ping_status":"closed","template":"","meta":{"neve_meta_sidebar":"full-width","neve_meta_container":"","neve_meta_enable_content_width":"on","neve_meta_content_width":100,"neve_meta_title_alignment":"","neve_meta_author_avatar":"","neve_post_elements_order":"","neve_meta_disable_header":"","neve_meta_disable_footer":"","neve_meta_disable_title":"on","_themeisle_gutenberg_block_has_review":false,"footnotes":""},"class_list":["post-5218","page","type-page","status-publish","hentry"],"yoast_head":"<!-- This site is optimized with the Yoast SEO Premium plugin v27.3 (Yoast SEO v27.3) - https:\/\/yoast.com\/product\/yoast-seo-premium-wordpress\/ -->\n<title>LC 44 - Allied Metals Corporation<\/title>\n<meta name=\"description\" content=\"LC44, Acero bajo en carbono es una excelente alternativa al control de carbono y azufre en la producci\u00f3n de diversos materiales, como aceros inoxidables con bajo contenido de carbono, aleaciones magn\u00e9ticas, aleaciones no magn\u00e9ticas y aleaciones termorresistentes\" \/>\n<meta name=\"robots\" content=\"index, follow, max-snippet:-1, max-image-preview:large, max-video-preview:-1\" \/>\n<link rel=\"canonical\" href=\"https:\/\/alliedmet.com\/es\/lc-44\/\" \/>\n<meta property=\"og:locale\" content=\"es_ES\" \/>\n<meta property=\"og:type\" content=\"article\" \/>\n<meta property=\"og:title\" content=\"LC 44\" \/>\n<meta property=\"og:description\" content=\"LC44, Acero bajo en carbono es una excelente alternativa al control de carbono y azufre en la producci\u00f3n de diversos materiales, como aceros inoxidables con bajo contenido de carbono, aleaciones magn\u00e9ticas, aleaciones no magn\u00e9ticas y aleaciones termorresistentes\" \/>\n<meta property=\"og:url\" content=\"https:\/\/alliedmet.com\/es\/lc-44\/\" \/>\n<meta property=\"og:site_name\" content=\"Allied Metals Corporation\" \/>\n<meta property=\"article:modified_time\" content=\"2021-04-21T23:19:15+00:00\" \/>\n<meta property=\"og:image\" content=\"https:\/\/alliedmet.com\/wp-content\/uploads\/2019\/12\/LC-44-_large.png\" \/>\n<meta name=\"twitter:card\" content=\"summary_large_image\" \/>\n<meta name=\"twitter:label1\" content=\"Tiempo de lectura\" \/>\n\t<meta name=\"twitter:data1\" content=\"1 minuto\" \/>\n<script type=\"application\/ld+json\" class=\"yoast-schema-graph\">{\"@context\":\"https:\\\/\\\/schema.org\",\"@graph\":[{\"@type\":\"WebPage\",\"@id\":\"https:\\\/\\\/alliedmet.com\\\/es\\\/lc-44\\\/\",\"url\":\"https:\\\/\\\/alliedmet.com\\\/es\\\/lc-44\\\/\",\"name\":\"LC 44 - Allied Metals Corporation\",\"isPartOf\":{\"@id\":\"https:\\\/\\\/alliedmet.com\\\/es\\\/#website\"},\"primaryImageOfPage\":{\"@id\":\"https:\\\/\\\/alliedmet.com\\\/es\\\/lc-44\\\/#primaryimage\"},\"image\":{\"@id\":\"https:\\\/\\\/alliedmet.com\\\/es\\\/lc-44\\\/#primaryimage\"},\"thumbnailUrl\":\"https:\\\/\\\/alliedmet.com\\\/wp-content\\\/uploads\\\/2019\\\/12\\\/LC-44-_large.png\",\"datePublished\":\"2021-04-17T02:02:30+00:00\",\"dateModified\":\"2021-04-21T23:19:15+00:00\",\"description\":\"LC44, Acero bajo en carbono es una excelente alternativa al control de carbono y azufre en la producci\u00f3n de diversos materiales, como aceros inoxidables con bajo contenido de carbono, aleaciones magn\u00e9ticas, aleaciones no magn\u00e9ticas y aleaciones termorresistentes\",\"breadcrumb\":{\"@id\":\"https:\\\/\\\/alliedmet.com\\\/es\\\/lc-44\\\/#breadcrumb\"},\"inLanguage\":\"es\",\"potentialAction\":[{\"@type\":\"ReadAction\",\"target\":[\"https:\\\/\\\/alliedmet.com\\\/es\\\/lc-44\\\/\"]}]},{\"@type\":\"ImageObject\",\"inLanguage\":\"es\",\"@id\":\"https:\\\/\\\/alliedmet.com\\\/es\\\/lc-44\\\/#primaryimage\",\"url\":\"https:\\\/\\\/alliedmet.com\\\/wp-content\\\/uploads\\\/2019\\\/12\\\/LC-44-_large.png\",\"contentUrl\":\"https:\\\/\\\/alliedmet.com\\\/wp-content\\\/uploads\\\/2019\\\/12\\\/LC-44-_large.png\"},{\"@type\":\"BreadcrumbList\",\"@id\":\"https:\\\/\\\/alliedmet.com\\\/es\\\/lc-44\\\/#breadcrumb\",\"itemListElement\":[{\"@type\":\"ListItem\",\"position\":1,\"name\":\"Home\",\"item\":\"https:\\\/\\\/alliedmet.com\\\/es\\\/\"},{\"@type\":\"ListItem\",\"position\":2,\"name\":\"LC 44\"}]},{\"@type\":\"WebSite\",\"@id\":\"https:\\\/\\\/alliedmet.com\\\/es\\\/#website\",\"url\":\"https:\\\/\\\/alliedmet.com\\\/es\\\/\",\"name\":\"Allied Metals Corporation\",\"description\":\"High Purity Iron and Low Carbon Iron\",\"publisher\":{\"@id\":\"https:\\\/\\\/alliedmet.com\\\/es\\\/#organization\"},\"potentialAction\":[{\"@type\":\"SearchAction\",\"target\":{\"@type\":\"EntryPoint\",\"urlTemplate\":\"https:\\\/\\\/alliedmet.com\\\/es\\\/?s={search_term_string}\"},\"query-input\":{\"@type\":\"PropertyValueSpecification\",\"valueRequired\":true,\"valueName\":\"search_term_string\"}}],\"inLanguage\":\"es\"},{\"@type\":\"Organization\",\"@id\":\"https:\\\/\\\/alliedmet.com\\\/es\\\/#organization\",\"name\":\"Allied Metals Corporation\",\"url\":\"https:\\\/\\\/alliedmet.com\\\/es\\\/\",\"logo\":{\"@type\":\"ImageObject\",\"inLanguage\":\"es\",\"@id\":\"https:\\\/\\\/alliedmet.com\\\/es\\\/#\\\/schema\\\/logo\\\/image\\\/\",\"url\":\"https:\\\/\\\/alliedmet.com\\\/wp-content\\\/uploads\\\/2019\\\/07\\\/AMC-English-logo.png\",\"contentUrl\":\"https:\\\/\\\/alliedmet.com\\\/wp-content\\\/uploads\\\/2019\\\/07\\\/AMC-English-logo.png\",\"width\":1029,\"height\":317,\"caption\":\"Allied Metals Corporation\"},\"image\":{\"@id\":\"https:\\\/\\\/alliedmet.com\\\/es\\\/#\\\/schema\\\/logo\\\/image\\\/\"},\"sameAs\":[\"https:\\\/\\\/www.linkedin.com\\\/company\\\/allied-metals\"]}]}<\/script>\n<!-- \/ Yoast SEO Premium plugin. -->","yoast_head_json":{"title":"LC 44 - Allied Metals Corporation","description":"LC44, Acero bajo en carbono es una excelente alternativa al control de carbono y azufre en la producci\u00f3n de diversos materiales, como aceros inoxidables con bajo contenido de carbono, aleaciones magn\u00e9ticas, aleaciones no magn\u00e9ticas y aleaciones termorresistentes","robots":{"index":"index","follow":"follow","max-snippet":"max-snippet:-1","max-image-preview":"max-image-preview:large","max-video-preview":"max-video-preview:-1"},"canonical":"https:\/\/alliedmet.com\/es\/lc-44\/","og_locale":"es_ES","og_type":"article","og_title":"LC 44","og_description":"LC44, Acero bajo en carbono es una excelente alternativa al control de carbono y azufre en la producci\u00f3n de diversos materiales, como aceros inoxidables con bajo contenido de carbono, aleaciones magn\u00e9ticas, aleaciones no magn\u00e9ticas y aleaciones termorresistentes","og_url":"https:\/\/alliedmet.com\/es\/lc-44\/","og_site_name":"Allied Metals Corporation","article_modified_time":"2021-04-21T23:19:15+00:00","og_image":[{"url":"https:\/\/alliedmet.com\/wp-content\/uploads\/2019\/12\/LC-44-_large.png","type":"","width":"","height":""}],"twitter_card":"summary_large_image","twitter_misc":{"Tiempo de lectura":"1 minuto"},"schema":{"@context":"https:\/\/schema.org","@graph":[{"@type":"WebPage","@id":"https:\/\/alliedmet.com\/es\/lc-44\/","url":"https:\/\/alliedmet.com\/es\/lc-44\/","name":"LC 44 - Allied Metals Corporation","isPartOf":{"@id":"https:\/\/alliedmet.com\/es\/#website"},"primaryImageOfPage":{"@id":"https:\/\/alliedmet.com\/es\/lc-44\/#primaryimage"},"image":{"@id":"https:\/\/alliedmet.com\/es\/lc-44\/#primaryimage"},"thumbnailUrl":"https:\/\/alliedmet.com\/wp-content\/uploads\/2019\/12\/LC-44-_large.png","datePublished":"2021-04-17T02:02:30+00:00","dateModified":"2021-04-21T23:19:15+00:00","description":"LC44, Acero bajo en carbono es una excelente alternativa al control de carbono y azufre en la producci\u00f3n de diversos materiales, como aceros inoxidables con bajo contenido de carbono, aleaciones magn\u00e9ticas, aleaciones no magn\u00e9ticas y aleaciones termorresistentes","breadcrumb":{"@id":"https:\/\/alliedmet.com\/es\/lc-44\/#breadcrumb"},"inLanguage":"es","potentialAction":[{"@type":"ReadAction","target":["https:\/\/alliedmet.com\/es\/lc-44\/"]}]},{"@type":"ImageObject","inLanguage":"es","@id":"https:\/\/alliedmet.com\/es\/lc-44\/#primaryimage","url":"https:\/\/alliedmet.com\/wp-content\/uploads\/2019\/12\/LC-44-_large.png","contentUrl":"https:\/\/alliedmet.com\/wp-content\/uploads\/2019\/12\/LC-44-_large.png"},{"@type":"BreadcrumbList","@id":"https:\/\/alliedmet.com\/es\/lc-44\/#breadcrumb","itemListElement":[{"@type":"ListItem","position":1,"name":"Home","item":"https:\/\/alliedmet.com\/es\/"},{"@type":"ListItem","position":2,"name":"LC 44"}]},{"@type":"WebSite","@id":"https:\/\/alliedmet.com\/es\/#website","url":"https:\/\/alliedmet.com\/es\/","name":"Allied Metals Corporation","description":"High Purity Iron and Low Carbon Iron","publisher":{"@id":"https:\/\/alliedmet.com\/es\/#organization"},"potentialAction":[{"@type":"SearchAction","target":{"@type":"EntryPoint","urlTemplate":"https:\/\/alliedmet.com\/es\/?s={search_term_string}"},"query-input":{"@type":"PropertyValueSpecification","valueRequired":true,"valueName":"search_term_string"}}],"inLanguage":"es"},{"@type":"Organization","@id":"https:\/\/alliedmet.com\/es\/#organization","name":"Allied Metals Corporation","url":"https:\/\/alliedmet.com\/es\/","logo":{"@type":"ImageObject","inLanguage":"es","@id":"https:\/\/alliedmet.com\/es\/#\/schema\/logo\/image\/","url":"https:\/\/alliedmet.com\/wp-content\/uploads\/2019\/07\/AMC-English-logo.png","contentUrl":"https:\/\/alliedmet.com\/wp-content\/uploads\/2019\/07\/AMC-English-logo.png","width":1029,"height":317,"caption":"Allied Metals Corporation"},"image":{"@id":"https:\/\/alliedmet.com\/es\/#\/schema\/logo\/image\/"},"sameAs":["https:\/\/www.linkedin.com\/company\/allied-metals"]}]}},"_links":{"self":[{"href":"https:\/\/alliedmet.com\/es\/wp-json\/wp\/v2\/pages\/5218","targetHints":{"allow":["GET"]}}],"collection":[{"href":"https:\/\/alliedmet.com\/es\/wp-json\/wp\/v2\/pages"}],"about":[{"href":"https:\/\/alliedmet.com\/es\/wp-json\/wp\/v2\/types\/page"}],"author":[{"embeddable":true,"href":"https:\/\/alliedmet.com\/es\/wp-json\/wp\/v2\/users\/1"}],"replies":[{"embeddable":true,"href":"https:\/\/alliedmet.com\/es\/wp-json\/wp\/v2\/comments?post=5218"}],"version-history":[{"count":0,"href":"https:\/\/alliedmet.com\/es\/wp-json\/wp\/v2\/pages\/5218\/revisions"}],"wp:attachment":[{"href":"https:\/\/alliedmet.com\/es\/wp-json\/wp\/v2\/media?parent=5218"}],"curies":[{"name":"wp","href":"https:\/\/api.w.org\/{rel}","templated":true}]}}