{"id":5243,"date":"2021-04-18T00:01:05","date_gmt":"2021-04-18T00:01:05","guid":{"rendered":"https:\/\/alliedmet.com\/?page_id=5243"},"modified":"2021-04-22T00:22:37","modified_gmt":"2021-04-22T00:22:37","slug":"aleaciones-maestras-de-niquel","status":"publish","type":"page","link":"https:\/\/alliedmet.com\/es\/aleaciones-maestras-de-niquel\/","title":{"rendered":"ALEACIONES MAESTRAS DE N\u00cdQUEL"},"content":{"rendered":"\n<div class=\"wp-block-themeisle-blocks-advanced-columns alignfull has-1-columns has-desktop-equal-layout has-tablet-equal-layout has-mobile-equal-layout has-nogap-gap has-vertical-unset\" id=\"wp-block-themeisle-blocks-advanced-columns-10d53830\"><div class=\"wp-block-themeisle-blocks-advanced-columns-overlay\"><\/div><div class=\"innerblocks-wrap\">\n<div class=\"wp-block-themeisle-blocks-advanced-column\" id=\"wp-block-themeisle-blocks-advanced-column-5adc7566\">\n<div style=\"height:20px\" aria-hidden=\"true\" class=\"wp-block-spacer ticss-d5c866b1\"><\/div>\n<\/div>\n<\/div><\/div>\n\n\n\n<div class=\"wp-block-themeisle-blocks-advanced-columns has-2-columns has-desktop-equal-layout has-tablet-collapsedRows-layout has-mobile-collapsedRows-layout has-default-gap has-vertical-unset\" id=\"wp-block-themeisle-blocks-advanced-columns-986cd365\"><div class=\"wp-block-themeisle-blocks-advanced-columns-overlay\"><\/div><div class=\"innerblocks-wrap\">\n<div class=\"wp-block-themeisle-blocks-advanced-column ticss-499290ba\" id=\"wp-block-themeisle-blocks-advanced-column-17d86a60\">\n<h1 class=\"wp-block-heading\" id=\"h-aleaciones-maestras-de-n-quel\">ALEACIONES MAESTRAS DE N\u00cdQUEL<\/h1>\n\n\n\n<figure class=\"wp-block-image size-large ticss-7bc1c2e8\"><img decoding=\"async\" width=\"500\" height=\"234\" data-src=\"https:\/\/alliedmet.com\/wp-content\/uploads\/2019\/11\/Nickel-Alloy.png\" alt=\"Aleaciones maestras de n\u00edquel para aplicaciones de fundici\u00f3n y fusi\u00f3n al vac\u00edo. Las aleaciones maestras de n\u00edquel se utilizan como inoculantes para reducir el ox\u00edgeno y el azufre, as\u00ed como los aditivos met\u00e1licos. \" class=\"wp-image-2717 lazyload\" data-srcset=\"https:\/\/alliedmet.com\/wp-content\/uploads\/2019\/11\/Nickel-Alloy.png 500w, https:\/\/alliedmet.com\/wp-content\/uploads\/2019\/11\/Nickel-Alloy-300x140.png 300w\" data-sizes=\"(max-width: 500px) 100vw, 500px\" src=\"data:image\/svg+xml;base64,PHN2ZyB3aWR0aD0iMSIgaGVpZ2h0PSIxIiB4bWxucz0iaHR0cDovL3d3dy53My5vcmcvMjAwMC9zdmciPjwvc3ZnPg==\" style=\"--smush-placeholder-width: 500px; --smush-placeholder-aspect-ratio: 500\/234;\" \/><\/figure>\n\n\n\n<h3 class=\"has-text-align-center ticss-741f9fda wp-block-heading\" id=\"h-aleaciones-maestras-de-n-quel-1\">ALEACIONES MAESTRAS DE N\u00cdQUEL<\/h3>\n\n\n\n<figure class=\"wp-block-table ticss-cfde46cf\"><table><tbody><tr><td>NiMg 95\/5<\/td><\/tr><tr><td>NiMg 85\/15<\/td><\/tr><tr><td>NiB High Fe (3% Max)<\/td><\/tr><tr><td>NiB Low Fe (0.400% Max)<\/td><\/tr><tr><td>NiMgSi<\/td><\/tr><tr><td>NiFeMg<\/td><\/tr><tr><td>NiZr<\/td><\/tr><tr><td>NiNb (NiCb)<\/td><\/tr><tr><td>NiCa 94\/6<\/td><\/tr><tr><td>CoB<\/td><\/tr><\/tbody><\/table><\/figure>\n<\/div>\n\n\n\n<div class=\"wp-block-themeisle-blocks-advanced-column\" id=\"wp-block-themeisle-blocks-advanced-column-22a2a2e0\">\n<p class=\"has-normal-font-size\">Allied Metals es el agente de ventas de Norteam\u00e9rica para KBM Affilips, B\u00e9lgica, productor de aleaciones maestras de n\u00edquel de calidad suprema para aplicaciones de fundiciones y fundici\u00f3n al vac\u00edo. Las aleaciones maestras de n\u00edquel se utilizan como inoculantes para reducir el ox\u00edgeno y el azufre, adem\u00e1s de como aditivos de metal.<\/p>\n\n\n\n<p class=\"has-normal-font-size\"><strong>Forma y tama\u00f1o:<\/strong> Terrones<br><strong>Embalaje:<\/strong> Tambores<br><strong>Disponibilidad:<\/strong> Continente americano<\/p>\n\n\n\n<div class=\"wp-block-buttons is-layout-flex wp-block-buttons-is-layout-flex\">\n<div class=\"wp-block-button is-style-outline is-style-outline--1\"><a class=\"wp-block-button__link has-neve-link-color-color has-text-color\" href=\"https:\/\/alliedmet.com\/es\/productos\/\">L\u00cdNEA COMPLETA DE PRODUCTOS <\/a><\/div>\n\n\n\n<div class=\"wp-block-button\"><a class=\"wp-block-button__link\" href=\"https:\/\/alliedmet.com\/es\/solicitud-de-cotizacion-de-productos\/\">CONSIGUE UNA COTIZACI\u00d3N<\/a><\/div>\n<\/div>\n<\/div>\n<\/div><\/div>\n","protected":false},"excerpt":{"rendered":"","protected":false},"author":1,"featured_media":0,"parent":0,"menu_order":0,"comment_status":"closed","ping_status":"closed","template":"","meta":{"neve_meta_sidebar":"","neve_meta_container":"","neve_meta_enable_content_width":"off","neve_meta_content_width":0,"neve_meta_title_alignment":"","neve_meta_author_avatar":"","neve_post_elements_order":"","neve_meta_disable_header":"","neve_meta_disable_footer":"","neve_meta_disable_title":"on","_themeisle_gutenberg_block_has_review":false,"footnotes":""},"class_list":["post-5243","page","type-page","status-publish","hentry"],"yoast_head":"<!-- This site is optimized with the Yoast SEO Premium plugin v27.3 (Yoast SEO v27.3) - https:\/\/yoast.com\/product\/yoast-seo-premium-wordpress\/ -->\n<title>ALEACIONES MAESTRAS DE N\u00cdQUEL - Allied Metals Corporation<\/title>\n<meta name=\"description\" content=\"Allied Metals es el agente de ventas de Norteam\u00e9rica para KBM Affilips, B\u00e9lgica, productor de aleaciones maestras de n\u00edquel de calidad suprema para aplicaciones de fundiciones y fundici\u00f3n al vac\u00edo. Las aleaciones maestras de n\u00edquel se utilizan como inoculantes para reducir el ox\u00edgeno y el azufre, adem\u00e1s de como aditivos de metal.\" \/>\n<meta name=\"robots\" content=\"index, follow, max-snippet:-1, max-image-preview:large, max-video-preview:-1\" \/>\n<link rel=\"canonical\" href=\"https:\/\/alliedmet.com\/es\/aleaciones-maestras-de-niquel\/\" \/>\n<meta property=\"og:locale\" content=\"es_ES\" \/>\n<meta property=\"og:type\" content=\"article\" \/>\n<meta property=\"og:title\" content=\"ALEACIONES MAESTRAS DE N\u00cdQUEL\" \/>\n<meta property=\"og:description\" content=\"Allied Metals es el agente de ventas de Norteam\u00e9rica para KBM Affilips, B\u00e9lgica, productor de aleaciones maestras de n\u00edquel de calidad suprema para aplicaciones de fundiciones y fundici\u00f3n al vac\u00edo. Las aleaciones maestras de n\u00edquel se utilizan como inoculantes para reducir el ox\u00edgeno y el azufre, adem\u00e1s de como aditivos de metal.\" \/>\n<meta property=\"og:url\" content=\"https:\/\/alliedmet.com\/es\/aleaciones-maestras-de-niquel\/\" \/>\n<meta property=\"og:site_name\" content=\"Allied Metals Corporation\" \/>\n<meta property=\"article:modified_time\" content=\"2021-04-22T00:22:37+00:00\" \/>\n<meta property=\"og:image\" content=\"https:\/\/alliedmet.com\/wp-content\/uploads\/2019\/11\/Nickel-Alloy.png\" \/>\n<meta name=\"twitter:card\" content=\"summary_large_image\" \/>\n<meta name=\"twitter:label1\" content=\"Tiempo de lectura\" \/>\n\t<meta name=\"twitter:data1\" content=\"1 minuto\" \/>\n<script type=\"application\/ld+json\" class=\"yoast-schema-graph\">{\"@context\":\"https:\\\/\\\/schema.org\",\"@graph\":[{\"@type\":\"WebPage\",\"@id\":\"https:\\\/\\\/alliedmet.com\\\/es\\\/aleaciones-maestras-de-niquel\\\/\",\"url\":\"https:\\\/\\\/alliedmet.com\\\/es\\\/aleaciones-maestras-de-niquel\\\/\",\"name\":\"ALEACIONES MAESTRAS DE N\u00cdQUEL - Allied Metals Corporation\",\"isPartOf\":{\"@id\":\"https:\\\/\\\/alliedmet.com\\\/es\\\/#website\"},\"primaryImageOfPage\":{\"@id\":\"https:\\\/\\\/alliedmet.com\\\/es\\\/aleaciones-maestras-de-niquel\\\/#primaryimage\"},\"image\":{\"@id\":\"https:\\\/\\\/alliedmet.com\\\/es\\\/aleaciones-maestras-de-niquel\\\/#primaryimage\"},\"thumbnailUrl\":\"https:\\\/\\\/alliedmet.com\\\/wp-content\\\/uploads\\\/2019\\\/11\\\/Nickel-Alloy.png\",\"datePublished\":\"2021-04-18T00:01:05+00:00\",\"dateModified\":\"2021-04-22T00:22:37+00:00\",\"description\":\"Allied Metals es el agente de ventas de Norteam\u00e9rica para KBM Affilips, B\u00e9lgica, productor de aleaciones maestras de n\u00edquel de calidad suprema para aplicaciones de fundiciones y fundici\u00f3n al vac\u00edo. Las aleaciones maestras de n\u00edquel se utilizan como inoculantes para reducir el ox\u00edgeno y el azufre, adem\u00e1s de como aditivos de metal.\",\"breadcrumb\":{\"@id\":\"https:\\\/\\\/alliedmet.com\\\/es\\\/aleaciones-maestras-de-niquel\\\/#breadcrumb\"},\"inLanguage\":\"es\",\"potentialAction\":[{\"@type\":\"ReadAction\",\"target\":[\"https:\\\/\\\/alliedmet.com\\\/es\\\/aleaciones-maestras-de-niquel\\\/\"]}]},{\"@type\":\"ImageObject\",\"inLanguage\":\"es\",\"@id\":\"https:\\\/\\\/alliedmet.com\\\/es\\\/aleaciones-maestras-de-niquel\\\/#primaryimage\",\"url\":\"https:\\\/\\\/alliedmet.com\\\/wp-content\\\/uploads\\\/2019\\\/11\\\/Nickel-Alloy.png\",\"contentUrl\":\"https:\\\/\\\/alliedmet.com\\\/wp-content\\\/uploads\\\/2019\\\/11\\\/Nickel-Alloy.png\"},{\"@type\":\"BreadcrumbList\",\"@id\":\"https:\\\/\\\/alliedmet.com\\\/es\\\/aleaciones-maestras-de-niquel\\\/#breadcrumb\",\"itemListElement\":[{\"@type\":\"ListItem\",\"position\":1,\"name\":\"Home\",\"item\":\"https:\\\/\\\/alliedmet.com\\\/es\\\/\"},{\"@type\":\"ListItem\",\"position\":2,\"name\":\"ALEACIONES MAESTRAS DE N\u00cdQUEL\"}]},{\"@type\":\"WebSite\",\"@id\":\"https:\\\/\\\/alliedmet.com\\\/es\\\/#website\",\"url\":\"https:\\\/\\\/alliedmet.com\\\/es\\\/\",\"name\":\"Allied Metals Corporation\",\"description\":\"High Purity Iron and Low Carbon Iron\",\"publisher\":{\"@id\":\"https:\\\/\\\/alliedmet.com\\\/es\\\/#organization\"},\"potentialAction\":[{\"@type\":\"SearchAction\",\"target\":{\"@type\":\"EntryPoint\",\"urlTemplate\":\"https:\\\/\\\/alliedmet.com\\\/es\\\/?s={search_term_string}\"},\"query-input\":{\"@type\":\"PropertyValueSpecification\",\"valueRequired\":true,\"valueName\":\"search_term_string\"}}],\"inLanguage\":\"es\"},{\"@type\":\"Organization\",\"@id\":\"https:\\\/\\\/alliedmet.com\\\/es\\\/#organization\",\"name\":\"Allied Metals Corporation\",\"url\":\"https:\\\/\\\/alliedmet.com\\\/es\\\/\",\"logo\":{\"@type\":\"ImageObject\",\"inLanguage\":\"es\",\"@id\":\"https:\\\/\\\/alliedmet.com\\\/es\\\/#\\\/schema\\\/logo\\\/image\\\/\",\"url\":\"https:\\\/\\\/alliedmet.com\\\/wp-content\\\/uploads\\\/2019\\\/07\\\/AMC-English-logo.png\",\"contentUrl\":\"https:\\\/\\\/alliedmet.com\\\/wp-content\\\/uploads\\\/2019\\\/07\\\/AMC-English-logo.png\",\"width\":1029,\"height\":317,\"caption\":\"Allied Metals Corporation\"},\"image\":{\"@id\":\"https:\\\/\\\/alliedmet.com\\\/es\\\/#\\\/schema\\\/logo\\\/image\\\/\"},\"sameAs\":[\"https:\\\/\\\/www.linkedin.com\\\/company\\\/allied-metals\"]}]}<\/script>\n<!-- \/ Yoast SEO Premium plugin. -->","yoast_head_json":{"title":"ALEACIONES MAESTRAS DE N\u00cdQUEL - Allied Metals Corporation","description":"Allied Metals es el agente de ventas de Norteam\u00e9rica para KBM Affilips, B\u00e9lgica, productor de aleaciones maestras de n\u00edquel de calidad suprema para aplicaciones de fundiciones y fundici\u00f3n al vac\u00edo. Las aleaciones maestras de n\u00edquel se utilizan como inoculantes para reducir el ox\u00edgeno y el azufre, adem\u00e1s de como aditivos de metal.","robots":{"index":"index","follow":"follow","max-snippet":"max-snippet:-1","max-image-preview":"max-image-preview:large","max-video-preview":"max-video-preview:-1"},"canonical":"https:\/\/alliedmet.com\/es\/aleaciones-maestras-de-niquel\/","og_locale":"es_ES","og_type":"article","og_title":"ALEACIONES MAESTRAS DE N\u00cdQUEL","og_description":"Allied Metals es el agente de ventas de Norteam\u00e9rica para KBM Affilips, B\u00e9lgica, productor de aleaciones maestras de n\u00edquel de calidad suprema para aplicaciones de fundiciones y fundici\u00f3n al vac\u00edo. Las aleaciones maestras de n\u00edquel se utilizan como inoculantes para reducir el ox\u00edgeno y el azufre, adem\u00e1s de como aditivos de metal.","og_url":"https:\/\/alliedmet.com\/es\/aleaciones-maestras-de-niquel\/","og_site_name":"Allied Metals Corporation","article_modified_time":"2021-04-22T00:22:37+00:00","og_image":[{"url":"https:\/\/alliedmet.com\/wp-content\/uploads\/2019\/11\/Nickel-Alloy.png","type":"","width":"","height":""}],"twitter_card":"summary_large_image","twitter_misc":{"Tiempo de lectura":"1 minuto"},"schema":{"@context":"https:\/\/schema.org","@graph":[{"@type":"WebPage","@id":"https:\/\/alliedmet.com\/es\/aleaciones-maestras-de-niquel\/","url":"https:\/\/alliedmet.com\/es\/aleaciones-maestras-de-niquel\/","name":"ALEACIONES MAESTRAS DE N\u00cdQUEL - Allied Metals Corporation","isPartOf":{"@id":"https:\/\/alliedmet.com\/es\/#website"},"primaryImageOfPage":{"@id":"https:\/\/alliedmet.com\/es\/aleaciones-maestras-de-niquel\/#primaryimage"},"image":{"@id":"https:\/\/alliedmet.com\/es\/aleaciones-maestras-de-niquel\/#primaryimage"},"thumbnailUrl":"https:\/\/alliedmet.com\/wp-content\/uploads\/2019\/11\/Nickel-Alloy.png","datePublished":"2021-04-18T00:01:05+00:00","dateModified":"2021-04-22T00:22:37+00:00","description":"Allied Metals es el agente de ventas de Norteam\u00e9rica para KBM Affilips, B\u00e9lgica, productor de aleaciones maestras de n\u00edquel de calidad suprema para aplicaciones de fundiciones y fundici\u00f3n al vac\u00edo. Las aleaciones maestras de n\u00edquel se utilizan como inoculantes para reducir el ox\u00edgeno y el azufre, adem\u00e1s de como aditivos de metal.","breadcrumb":{"@id":"https:\/\/alliedmet.com\/es\/aleaciones-maestras-de-niquel\/#breadcrumb"},"inLanguage":"es","potentialAction":[{"@type":"ReadAction","target":["https:\/\/alliedmet.com\/es\/aleaciones-maestras-de-niquel\/"]}]},{"@type":"ImageObject","inLanguage":"es","@id":"https:\/\/alliedmet.com\/es\/aleaciones-maestras-de-niquel\/#primaryimage","url":"https:\/\/alliedmet.com\/wp-content\/uploads\/2019\/11\/Nickel-Alloy.png","contentUrl":"https:\/\/alliedmet.com\/wp-content\/uploads\/2019\/11\/Nickel-Alloy.png"},{"@type":"BreadcrumbList","@id":"https:\/\/alliedmet.com\/es\/aleaciones-maestras-de-niquel\/#breadcrumb","itemListElement":[{"@type":"ListItem","position":1,"name":"Home","item":"https:\/\/alliedmet.com\/es\/"},{"@type":"ListItem","position":2,"name":"ALEACIONES MAESTRAS DE N\u00cdQUEL"}]},{"@type":"WebSite","@id":"https:\/\/alliedmet.com\/es\/#website","url":"https:\/\/alliedmet.com\/es\/","name":"Allied Metals Corporation","description":"High Purity Iron and Low Carbon Iron","publisher":{"@id":"https:\/\/alliedmet.com\/es\/#organization"},"potentialAction":[{"@type":"SearchAction","target":{"@type":"EntryPoint","urlTemplate":"https:\/\/alliedmet.com\/es\/?s={search_term_string}"},"query-input":{"@type":"PropertyValueSpecification","valueRequired":true,"valueName":"search_term_string"}}],"inLanguage":"es"},{"@type":"Organization","@id":"https:\/\/alliedmet.com\/es\/#organization","name":"Allied Metals Corporation","url":"https:\/\/alliedmet.com\/es\/","logo":{"@type":"ImageObject","inLanguage":"es","@id":"https:\/\/alliedmet.com\/es\/#\/schema\/logo\/image\/","url":"https:\/\/alliedmet.com\/wp-content\/uploads\/2019\/07\/AMC-English-logo.png","contentUrl":"https:\/\/alliedmet.com\/wp-content\/uploads\/2019\/07\/AMC-English-logo.png","width":1029,"height":317,"caption":"Allied Metals Corporation"},"image":{"@id":"https:\/\/alliedmet.com\/es\/#\/schema\/logo\/image\/"},"sameAs":["https:\/\/www.linkedin.com\/company\/allied-metals"]}]}},"_links":{"self":[{"href":"https:\/\/alliedmet.com\/es\/wp-json\/wp\/v2\/pages\/5243","targetHints":{"allow":["GET"]}}],"collection":[{"href":"https:\/\/alliedmet.com\/es\/wp-json\/wp\/v2\/pages"}],"about":[{"href":"https:\/\/alliedmet.com\/es\/wp-json\/wp\/v2\/types\/page"}],"author":[{"embeddable":true,"href":"https:\/\/alliedmet.com\/es\/wp-json\/wp\/v2\/users\/1"}],"replies":[{"embeddable":true,"href":"https:\/\/alliedmet.com\/es\/wp-json\/wp\/v2\/comments?post=5243"}],"version-history":[{"count":0,"href":"https:\/\/alliedmet.com\/es\/wp-json\/wp\/v2\/pages\/5243\/revisions"}],"wp:attachment":[{"href":"https:\/\/alliedmet.com\/es\/wp-json\/wp\/v2\/media?parent=5243"}],"curies":[{"name":"wp","href":"https:\/\/api.w.org\/{rel}","templated":true}]}}