{"id":3211,"date":"2020-03-19T05:57:09","date_gmt":"2020-03-19T05:57:09","guid":{"rendered":"https:\/\/alliedmet.com\/?page_id=3211"},"modified":"2023-07-10T04:27:45","modified_gmt":"2023-07-10T04:27:45","slug":"allied-metals-corporation","status":"publish","type":"page","link":"https:\/\/alliedmet.com\/fr\/","title":{"rendered":"ALLIED METALS CORPORATION"},"content":{"rendered":"\n<div id=\"wp-block-themeisle-blocks-advanced-columns-8b8ea810\" class=\"wp-block-themeisle-blocks-advanced-columns alignfull has-1-columns has-desktop-equal-layout has-tablet-equal-layout has-mobile-equal-layout has-vertical-unset ticss-1f45e314\"><div class=\"wp-block-themeisle-blocks-advanced-columns-overlay\"><\/div><div class=\"innerblocks-wrap\">\n<div id=\"wp-block-themeisle-blocks-advanced-column-d5db4a5c\" class=\"wp-block-themeisle-blocks-advanced-column ticss-bfe91581\">\n<div style=\"height:20px\" aria-hidden=\"true\" class=\"wp-block-spacer ticss-70726169\"><\/div>\n<\/div>\n<\/div><\/div>\n\n\n\n<div id=\"wp-block-themeisle-blocks-advanced-columns-af8567c8\" class=\"wp-block-themeisle-blocks-advanced-columns alignfull has-2-columns has-desktop-oneTwo-layout has-tablet-equal-layout has-mobile-collapsedRows-layout has-vertical-unset\"><div class=\"wp-block-themeisle-blocks-advanced-columns-overlay\"><\/div><div class=\"innerblocks-wrap\">\n<div id=\"wp-block-themeisle-blocks-advanced-column-6fc01eb6\" class=\"wp-block-themeisle-blocks-advanced-column ticss-7da5ac06\">\n<h1 id=\"wp-block-themeisle-blocks-advanced-heading-d5f62100\" class=\"wp-block-themeisle-blocks-advanced-heading wp-block-themeisle-blocks-advanced-heading-d5f62100 ticss-c2eafea2\">M\u00c9TAUX<br>DE HAUTE<br>PURET\u00c9<br> <\/h1>\n\n\n\n<p class=\"ticss-839573f7\" style=\"font-size:1.2em\">Allied Metals Corporation jouit d\u2019une position de partenaire industriel mondial depuis plus de 60&nbsp;ans. Nos processus, produits et \u00e9quipes sont pr\u00e9sents sur tout march\u00e9 dans le monde, y compris l\u2019A\u00c9ROSPATIAL, l\u2019\u00c9NERGIE et le MAGN\u00c9TISME.<\/p>\n\n\n\n<div class=\"wp-block-button has-custom-font-size ticss-bef79feb\" style=\"font-size:1.2em\"><a class=\"wp-block-button__link wp-element-button\" href=\"https:\/\/alliedmet.com\/fr\/produits\/\">D\u00c9couvREZ NOS PRODUITS DE HAUTE PURET\u00c9<\/a><\/div>\n<\/div>\n\n\n\n<div id=\"wp-block-themeisle-blocks-advanced-column-bef3aad4\" class=\"wp-block-themeisle-blocks-advanced-column\">\n<figure class=\"wp-block-image size-full ticss-c7654651\"><img decoding=\"async\" width=\"1200\" height=\"788\" data-src=\"https:\/\/alliedmet.com\/wp-content\/uploads\/2020\/04\/Low_allow_steel-1.jpg\" alt=\"Acier \u00e0 faible tol\u00e9rance. Notre gamme de produits \u00e0 partir d'ALLIEDIRON \u2122, de fer \u00e9lectrolytique \u00e0 ultra-haute puret\u00e9 et de fer \u00e0 haute puret\u00e9 et \u00e0 faible teneur en carbone est utilis\u00e9e pour fabriquer une grande vari\u00e9t\u00e9 d'alliages qui doivent r\u00e9pondre \u00e0 des exigences de performance rigoureuses pour une utilisation dans des syst\u00e8mes d'ing\u00e9nierie avanc\u00e9s. Ces syst\u00e8mes fonctionnent dans des conditions de temp\u00e9ratures extr\u00eames et d'atmosph\u00e8res corrosives, notamment dans la fabrication a\u00e9rospatiale et dans tout le spectre de l'exploration, du raffinage, de la distribution, du transport et du stockage d'\u00e9nergie. De plus, nos mat\u00e9riaux sont utilis\u00e9s dans diverses applications de fabrication de produits chimiques environnementaux et ferreux \/ ferriques.\" class=\"wp-image-3721 lazyload\" data-srcset=\"https:\/\/alliedmet.com\/wp-content\/uploads\/2020\/04\/Low_allow_steel-1.jpg 1200w, https:\/\/alliedmet.com\/wp-content\/uploads\/2020\/04\/Low_allow_steel-1-300x197.jpg 300w, https:\/\/alliedmet.com\/wp-content\/uploads\/2020\/04\/Low_allow_steel-1-1024x672.jpg 1024w, https:\/\/alliedmet.com\/wp-content\/uploads\/2020\/04\/Low_allow_steel-1-768x504.jpg 768w\" data-sizes=\"(max-width: 1200px) 100vw, 1200px\" src=\"data:image\/svg+xml;base64,PHN2ZyB3aWR0aD0iMSIgaGVpZ2h0PSIxIiB4bWxucz0iaHR0cDovL3d3dy53My5vcmcvMjAwMC9zdmciPjwvc3ZnPg==\" style=\"--smush-placeholder-width: 1200px; --smush-placeholder-aspect-ratio: 1200\/788;\" \/><\/figure>\n<\/div>\n<\/div><\/div>\n","protected":false},"excerpt":{"rendered":"","protected":false},"author":1,"featured_media":0,"parent":0,"menu_order":0,"comment_status":"closed","ping_status":"closed","template":"","meta":{"neve_meta_sidebar":"","neve_meta_container":"","neve_meta_enable_content_width":"off","neve_meta_content_width":100,"neve_meta_title_alignment":"","neve_meta_author_avatar":"","neve_post_elements_order":"","neve_meta_disable_header":"","neve_meta_disable_footer":"","neve_meta_disable_title":"on","_themeisle_gutenberg_block_has_review":false,"footnotes":""},"class_list":["post-3211","page","type-page","status-publish","hentry"],"yoast_head":"<!-- This site is optimized with the Yoast SEO Premium plugin v27.3 (Yoast SEO v27.3) - https:\/\/yoast.com\/product\/yoast-seo-premium-wordpress\/ -->\n<title>ALLIED METALS CORPORATION - Allied Metals Corporation<\/title>\n<meta name=\"description\" content=\"Allied Metals Corporation est une source mondiale d&#039;une large gamme de m\u00e9taux de haute puret\u00e9, y compris des produits de fer de haute puret\u00e9 et de fer \u00e0 faible teneur en carbone. Notre gamme de produits \u00e0 partir ALLIEDIRON \u2122, de fer \u00e9lectrolytique ultra-haute puret\u00e9 et de fer haute puret\u00e9 et faible teneur en carbone est utilis\u00e9e pour fabriquer une grande vari\u00e9t\u00e9 d&#039;alliages qui doivent r\u00e9pondre \u00e0 des exigences de performance rigoureuses pour une utilisation dans des syst\u00e8mes d&#039;ing\u00e9nierie avanc\u00e9s. Ces syst\u00e8mes fonctionnent dans des conditions de temp\u00e9ratures extr\u00eames et d&#039;atmosph\u00e8res corrosives, notamment dans la fabrication a\u00e9rospatiale, et dans tout le spectre de l&#039;exploration p\u00e9troli\u00e8re et gazi\u00e8re, du raffinage, de la distribution, du transport et du stockage d&#039;\u00e9nergie. En outre, nos mat\u00e9riaux sont utilis\u00e9s dans diverses applications de fabrication de produits chimiques environnementaux et ferreux \/ ferriques. Ces produits sont utilis\u00e9s dans la fabrication d&#039;\u00e9quipements sophistiqu\u00e9s dans l&#039;industrie de la physique des hautes \u00e9nergies, notamment des \u00e9lectroaimants, des aimants supraconducteurs, des assemblages d&#039;aimants permanents, un blindage magn\u00e9tique et divers composants d&#039;acc\u00e9l\u00e9rateurs de particules. Ces produits sont \u00e9galement con\u00e7us pour le blindage magn\u00e9tique des enceintes IRM et des \u00e9quipements \u00e9lectroniques sensibles.\" \/>\n<meta name=\"robots\" content=\"index, follow, max-snippet:-1, max-image-preview:large, max-video-preview:-1\" \/>\n<link rel=\"canonical\" href=\"https:\/\/alliedmet.com\/fr\/\" \/>\n<meta property=\"og:locale\" content=\"fr_FR\" \/>\n<meta property=\"og:type\" content=\"article\" \/>\n<meta property=\"og:title\" content=\"ALLIED METALS CORPORATION\" \/>\n<meta property=\"og:description\" content=\"Allied Metals Corporation est une source mondiale d&#039;une large gamme de m\u00e9taux de haute puret\u00e9, y compris des produits de fer de haute puret\u00e9 et de fer \u00e0 faible teneur en carbone. Notre gamme de produits \u00e0 partir ALLIEDIRON \u2122, de fer \u00e9lectrolytique ultra-haute puret\u00e9 et de fer haute puret\u00e9 et faible teneur en carbone est utilis\u00e9e pour fabriquer une grande vari\u00e9t\u00e9 d&#039;alliages qui doivent r\u00e9pondre \u00e0 des exigences de performance rigoureuses pour une utilisation dans des syst\u00e8mes d&#039;ing\u00e9nierie avanc\u00e9s. Ces syst\u00e8mes fonctionnent dans des conditions de temp\u00e9ratures extr\u00eames et d&#039;atmosph\u00e8res corrosives, notamment dans la fabrication a\u00e9rospatiale, et dans tout le spectre de l&#039;exploration p\u00e9troli\u00e8re et gazi\u00e8re, du raffinage, de la distribution, du transport et du stockage d&#039;\u00e9nergie. En outre, nos mat\u00e9riaux sont utilis\u00e9s dans diverses applications de fabrication de produits chimiques environnementaux et ferreux \/ ferriques. Ces produits sont utilis\u00e9s dans la fabrication d&#039;\u00e9quipements sophistiqu\u00e9s dans l&#039;industrie de la physique des hautes \u00e9nergies, notamment des \u00e9lectroaimants, des aimants supraconducteurs, des assemblages d&#039;aimants permanents, un blindage magn\u00e9tique et divers composants d&#039;acc\u00e9l\u00e9rateurs de particules. Ces produits sont \u00e9galement con\u00e7us pour le blindage magn\u00e9tique des enceintes IRM et des \u00e9quipements \u00e9lectroniques sensibles.\" \/>\n<meta property=\"og:url\" content=\"https:\/\/alliedmet.com\/fr\/\" \/>\n<meta property=\"og:site_name\" content=\"Allied Metals Corporation\" \/>\n<meta property=\"article:modified_time\" content=\"2023-07-10T04:27:45+00:00\" \/>\n<meta property=\"og:image\" content=\"https:\/\/alliedmet.com\/wp-content\/uploads\/2020\/04\/Low_allow_steel-1.jpg\" \/>\n<meta name=\"twitter:card\" content=\"summary_large_image\" \/>\n<meta name=\"twitter:label1\" content=\"Dur\u00e9e de lecture estim\u00e9e\" \/>\n\t<meta name=\"twitter:data1\" content=\"1 minute\" \/>\n<script type=\"application\/ld+json\" class=\"yoast-schema-graph\">{\"@context\":\"https:\\\/\\\/schema.org\",\"@graph\":[{\"@type\":\"WebPage\",\"@id\":\"https:\\\/\\\/alliedmet.com\\\/fr\\\/\",\"url\":\"https:\\\/\\\/alliedmet.com\\\/fr\\\/\",\"name\":\"ALLIED METALS CORPORATION - Allied Metals Corporation\",\"isPartOf\":{\"@id\":\"https:\\\/\\\/alliedmet.com\\\/fr\\\/#website\"},\"primaryImageOfPage\":{\"@id\":\"https:\\\/\\\/alliedmet.com\\\/fr\\\/#primaryimage\"},\"image\":{\"@id\":\"https:\\\/\\\/alliedmet.com\\\/fr\\\/#primaryimage\"},\"thumbnailUrl\":\"https:\\\/\\\/alliedmet.com\\\/wp-content\\\/uploads\\\/2020\\\/04\\\/Low_allow_steel-1.jpg\",\"datePublished\":\"2020-03-19T05:57:09+00:00\",\"dateModified\":\"2023-07-10T04:27:45+00:00\",\"description\":\"Allied Metals Corporation est une source mondiale d'une large gamme de m\u00e9taux de haute puret\u00e9, y compris des produits de fer de haute puret\u00e9 et de fer \u00e0 faible teneur en carbone. Notre gamme de produits \u00e0 partir ALLIEDIRON \u2122, de fer \u00e9lectrolytique ultra-haute puret\u00e9 et de fer haute puret\u00e9 et faible teneur en carbone est utilis\u00e9e pour fabriquer une grande vari\u00e9t\u00e9 d'alliages qui doivent r\u00e9pondre \u00e0 des exigences de performance rigoureuses pour une utilisation dans des syst\u00e8mes d'ing\u00e9nierie avanc\u00e9s. Ces syst\u00e8mes fonctionnent dans des conditions de temp\u00e9ratures extr\u00eames et d'atmosph\u00e8res corrosives, notamment dans la fabrication a\u00e9rospatiale, et dans tout le spectre de l'exploration p\u00e9troli\u00e8re et gazi\u00e8re, du raffinage, de la distribution, du transport et du stockage d'\u00e9nergie. En outre, nos mat\u00e9riaux sont utilis\u00e9s dans diverses applications de fabrication de produits chimiques environnementaux et ferreux \\\/ ferriques. Ces produits sont utilis\u00e9s dans la fabrication d'\u00e9quipements sophistiqu\u00e9s dans l'industrie de la physique des hautes \u00e9nergies, notamment des \u00e9lectroaimants, des aimants supraconducteurs, des assemblages d'aimants permanents, un blindage magn\u00e9tique et divers composants d'acc\u00e9l\u00e9rateurs de particules. Ces produits sont \u00e9galement con\u00e7us pour le blindage magn\u00e9tique des enceintes IRM et des \u00e9quipements \u00e9lectroniques sensibles.\",\"breadcrumb\":{\"@id\":\"https:\\\/\\\/alliedmet.com\\\/fr\\\/#breadcrumb\"},\"inLanguage\":\"fr-FR\",\"potentialAction\":[{\"@type\":\"ReadAction\",\"target\":[\"https:\\\/\\\/alliedmet.com\\\/fr\\\/\"]}]},{\"@type\":\"ImageObject\",\"inLanguage\":\"fr-FR\",\"@id\":\"https:\\\/\\\/alliedmet.com\\\/fr\\\/#primaryimage\",\"url\":\"https:\\\/\\\/alliedmet.com\\\/wp-content\\\/uploads\\\/2020\\\/04\\\/Low_allow_steel-1.jpg\",\"contentUrl\":\"https:\\\/\\\/alliedmet.com\\\/wp-content\\\/uploads\\\/2020\\\/04\\\/Low_allow_steel-1.jpg\"},{\"@type\":\"BreadcrumbList\",\"@id\":\"https:\\\/\\\/alliedmet.com\\\/fr\\\/#breadcrumb\",\"itemListElement\":[{\"@type\":\"ListItem\",\"position\":1,\"name\":\"Home\",\"item\":\"https:\\\/\\\/alliedmet.com\\\/fr\\\/\"},{\"@type\":\"ListItem\",\"position\":2,\"name\":\"ALLIED METALS CORPORATION\"}]},{\"@type\":\"WebSite\",\"@id\":\"https:\\\/\\\/alliedmet.com\\\/fr\\\/#website\",\"url\":\"https:\\\/\\\/alliedmet.com\\\/fr\\\/\",\"name\":\"Allied Metals Corporation\",\"description\":\"High Purity Iron and Low Carbon Iron\",\"publisher\":{\"@id\":\"https:\\\/\\\/alliedmet.com\\\/fr\\\/#organization\"},\"potentialAction\":[{\"@type\":\"SearchAction\",\"target\":{\"@type\":\"EntryPoint\",\"urlTemplate\":\"https:\\\/\\\/alliedmet.com\\\/fr\\\/?s={search_term_string}\"},\"query-input\":{\"@type\":\"PropertyValueSpecification\",\"valueRequired\":true,\"valueName\":\"search_term_string\"}}],\"inLanguage\":\"fr-FR\"},{\"@type\":\"Organization\",\"@id\":\"https:\\\/\\\/alliedmet.com\\\/fr\\\/#organization\",\"name\":\"Allied Metals Corporation\",\"url\":\"https:\\\/\\\/alliedmet.com\\\/fr\\\/\",\"logo\":{\"@type\":\"ImageObject\",\"inLanguage\":\"fr-FR\",\"@id\":\"https:\\\/\\\/alliedmet.com\\\/fr\\\/#\\\/schema\\\/logo\\\/image\\\/\",\"url\":\"https:\\\/\\\/alliedmet.com\\\/wp-content\\\/uploads\\\/2019\\\/07\\\/AMC-English-logo.png\",\"contentUrl\":\"https:\\\/\\\/alliedmet.com\\\/wp-content\\\/uploads\\\/2019\\\/07\\\/AMC-English-logo.png\",\"width\":1029,\"height\":317,\"caption\":\"Allied Metals Corporation\"},\"image\":{\"@id\":\"https:\\\/\\\/alliedmet.com\\\/fr\\\/#\\\/schema\\\/logo\\\/image\\\/\"},\"sameAs\":[\"https:\\\/\\\/www.linkedin.com\\\/company\\\/allied-metals\"]}]}<\/script>\n<!-- \/ Yoast SEO Premium plugin. -->","yoast_head_json":{"title":"ALLIED METALS CORPORATION - Allied Metals Corporation","description":"Allied Metals Corporation est une source mondiale d'une large gamme de m\u00e9taux de haute puret\u00e9, y compris des produits de fer de haute puret\u00e9 et de fer \u00e0 faible teneur en carbone. Notre gamme de produits \u00e0 partir ALLIEDIRON \u2122, de fer \u00e9lectrolytique ultra-haute puret\u00e9 et de fer haute puret\u00e9 et faible teneur en carbone est utilis\u00e9e pour fabriquer une grande vari\u00e9t\u00e9 d'alliages qui doivent r\u00e9pondre \u00e0 des exigences de performance rigoureuses pour une utilisation dans des syst\u00e8mes d'ing\u00e9nierie avanc\u00e9s. Ces syst\u00e8mes fonctionnent dans des conditions de temp\u00e9ratures extr\u00eames et d'atmosph\u00e8res corrosives, notamment dans la fabrication a\u00e9rospatiale, et dans tout le spectre de l'exploration p\u00e9troli\u00e8re et gazi\u00e8re, du raffinage, de la distribution, du transport et du stockage d'\u00e9nergie. En outre, nos mat\u00e9riaux sont utilis\u00e9s dans diverses applications de fabrication de produits chimiques environnementaux et ferreux \/ ferriques. Ces produits sont utilis\u00e9s dans la fabrication d'\u00e9quipements sophistiqu\u00e9s dans l'industrie de la physique des hautes \u00e9nergies, notamment des \u00e9lectroaimants, des aimants supraconducteurs, des assemblages d'aimants permanents, un blindage magn\u00e9tique et divers composants d'acc\u00e9l\u00e9rateurs de particules. Ces produits sont \u00e9galement con\u00e7us pour le blindage magn\u00e9tique des enceintes IRM et des \u00e9quipements \u00e9lectroniques sensibles.","robots":{"index":"index","follow":"follow","max-snippet":"max-snippet:-1","max-image-preview":"max-image-preview:large","max-video-preview":"max-video-preview:-1"},"canonical":"https:\/\/alliedmet.com\/fr\/","og_locale":"fr_FR","og_type":"article","og_title":"ALLIED METALS CORPORATION","og_description":"Allied Metals Corporation est une source mondiale d'une large gamme de m\u00e9taux de haute puret\u00e9, y compris des produits de fer de haute puret\u00e9 et de fer \u00e0 faible teneur en carbone. Notre gamme de produits \u00e0 partir ALLIEDIRON \u2122, de fer \u00e9lectrolytique ultra-haute puret\u00e9 et de fer haute puret\u00e9 et faible teneur en carbone est utilis\u00e9e pour fabriquer une grande vari\u00e9t\u00e9 d'alliages qui doivent r\u00e9pondre \u00e0 des exigences de performance rigoureuses pour une utilisation dans des syst\u00e8mes d'ing\u00e9nierie avanc\u00e9s. Ces syst\u00e8mes fonctionnent dans des conditions de temp\u00e9ratures extr\u00eames et d'atmosph\u00e8res corrosives, notamment dans la fabrication a\u00e9rospatiale, et dans tout le spectre de l'exploration p\u00e9troli\u00e8re et gazi\u00e8re, du raffinage, de la distribution, du transport et du stockage d'\u00e9nergie. En outre, nos mat\u00e9riaux sont utilis\u00e9s dans diverses applications de fabrication de produits chimiques environnementaux et ferreux \/ ferriques. Ces produits sont utilis\u00e9s dans la fabrication d'\u00e9quipements sophistiqu\u00e9s dans l'industrie de la physique des hautes \u00e9nergies, notamment des \u00e9lectroaimants, des aimants supraconducteurs, des assemblages d'aimants permanents, un blindage magn\u00e9tique et divers composants d'acc\u00e9l\u00e9rateurs de particules. Ces produits sont \u00e9galement con\u00e7us pour le blindage magn\u00e9tique des enceintes IRM et des \u00e9quipements \u00e9lectroniques sensibles.","og_url":"https:\/\/alliedmet.com\/fr\/","og_site_name":"Allied Metals Corporation","article_modified_time":"2023-07-10T04:27:45+00:00","og_image":[{"url":"https:\/\/alliedmet.com\/wp-content\/uploads\/2020\/04\/Low_allow_steel-1.jpg","type":"","width":"","height":""}],"twitter_card":"summary_large_image","twitter_misc":{"Dur\u00e9e de lecture estim\u00e9e":"1 minute"},"schema":{"@context":"https:\/\/schema.org","@graph":[{"@type":"WebPage","@id":"https:\/\/alliedmet.com\/fr\/","url":"https:\/\/alliedmet.com\/fr\/","name":"ALLIED METALS CORPORATION - Allied Metals Corporation","isPartOf":{"@id":"https:\/\/alliedmet.com\/fr\/#website"},"primaryImageOfPage":{"@id":"https:\/\/alliedmet.com\/fr\/#primaryimage"},"image":{"@id":"https:\/\/alliedmet.com\/fr\/#primaryimage"},"thumbnailUrl":"https:\/\/alliedmet.com\/wp-content\/uploads\/2020\/04\/Low_allow_steel-1.jpg","datePublished":"2020-03-19T05:57:09+00:00","dateModified":"2023-07-10T04:27:45+00:00","description":"Allied Metals Corporation est une source mondiale d'une large gamme de m\u00e9taux de haute puret\u00e9, y compris des produits de fer de haute puret\u00e9 et de fer \u00e0 faible teneur en carbone. Notre gamme de produits \u00e0 partir ALLIEDIRON \u2122, de fer \u00e9lectrolytique ultra-haute puret\u00e9 et de fer haute puret\u00e9 et faible teneur en carbone est utilis\u00e9e pour fabriquer une grande vari\u00e9t\u00e9 d'alliages qui doivent r\u00e9pondre \u00e0 des exigences de performance rigoureuses pour une utilisation dans des syst\u00e8mes d'ing\u00e9nierie avanc\u00e9s. Ces syst\u00e8mes fonctionnent dans des conditions de temp\u00e9ratures extr\u00eames et d'atmosph\u00e8res corrosives, notamment dans la fabrication a\u00e9rospatiale, et dans tout le spectre de l'exploration p\u00e9troli\u00e8re et gazi\u00e8re, du raffinage, de la distribution, du transport et du stockage d'\u00e9nergie. En outre, nos mat\u00e9riaux sont utilis\u00e9s dans diverses applications de fabrication de produits chimiques environnementaux et ferreux \/ ferriques. Ces produits sont utilis\u00e9s dans la fabrication d'\u00e9quipements sophistiqu\u00e9s dans l'industrie de la physique des hautes \u00e9nergies, notamment des \u00e9lectroaimants, des aimants supraconducteurs, des assemblages d'aimants permanents, un blindage magn\u00e9tique et divers composants d'acc\u00e9l\u00e9rateurs de particules. Ces produits sont \u00e9galement con\u00e7us pour le blindage magn\u00e9tique des enceintes IRM et des \u00e9quipements \u00e9lectroniques sensibles.","breadcrumb":{"@id":"https:\/\/alliedmet.com\/fr\/#breadcrumb"},"inLanguage":"fr-FR","potentialAction":[{"@type":"ReadAction","target":["https:\/\/alliedmet.com\/fr\/"]}]},{"@type":"ImageObject","inLanguage":"fr-FR","@id":"https:\/\/alliedmet.com\/fr\/#primaryimage","url":"https:\/\/alliedmet.com\/wp-content\/uploads\/2020\/04\/Low_allow_steel-1.jpg","contentUrl":"https:\/\/alliedmet.com\/wp-content\/uploads\/2020\/04\/Low_allow_steel-1.jpg"},{"@type":"BreadcrumbList","@id":"https:\/\/alliedmet.com\/fr\/#breadcrumb","itemListElement":[{"@type":"ListItem","position":1,"name":"Home","item":"https:\/\/alliedmet.com\/fr\/"},{"@type":"ListItem","position":2,"name":"ALLIED METALS CORPORATION"}]},{"@type":"WebSite","@id":"https:\/\/alliedmet.com\/fr\/#website","url":"https:\/\/alliedmet.com\/fr\/","name":"Allied Metals Corporation","description":"High Purity Iron and Low Carbon Iron","publisher":{"@id":"https:\/\/alliedmet.com\/fr\/#organization"},"potentialAction":[{"@type":"SearchAction","target":{"@type":"EntryPoint","urlTemplate":"https:\/\/alliedmet.com\/fr\/?s={search_term_string}"},"query-input":{"@type":"PropertyValueSpecification","valueRequired":true,"valueName":"search_term_string"}}],"inLanguage":"fr-FR"},{"@type":"Organization","@id":"https:\/\/alliedmet.com\/fr\/#organization","name":"Allied Metals Corporation","url":"https:\/\/alliedmet.com\/fr\/","logo":{"@type":"ImageObject","inLanguage":"fr-FR","@id":"https:\/\/alliedmet.com\/fr\/#\/schema\/logo\/image\/","url":"https:\/\/alliedmet.com\/wp-content\/uploads\/2019\/07\/AMC-English-logo.png","contentUrl":"https:\/\/alliedmet.com\/wp-content\/uploads\/2019\/07\/AMC-English-logo.png","width":1029,"height":317,"caption":"Allied Metals Corporation"},"image":{"@id":"https:\/\/alliedmet.com\/fr\/#\/schema\/logo\/image\/"},"sameAs":["https:\/\/www.linkedin.com\/company\/allied-metals"]}]}},"_links":{"self":[{"href":"https:\/\/alliedmet.com\/fr\/wp-json\/wp\/v2\/pages\/3211","targetHints":{"allow":["GET"]}}],"collection":[{"href":"https:\/\/alliedmet.com\/fr\/wp-json\/wp\/v2\/pages"}],"about":[{"href":"https:\/\/alliedmet.com\/fr\/wp-json\/wp\/v2\/types\/page"}],"author":[{"embeddable":true,"href":"https:\/\/alliedmet.com\/fr\/wp-json\/wp\/v2\/users\/1"}],"replies":[{"embeddable":true,"href":"https:\/\/alliedmet.com\/fr\/wp-json\/wp\/v2\/comments?post=3211"}],"version-history":[{"count":0,"href":"https:\/\/alliedmet.com\/fr\/wp-json\/wp\/v2\/pages\/3211\/revisions"}],"wp:attachment":[{"href":"https:\/\/alliedmet.com\/fr\/wp-json\/wp\/v2\/media?parent=3211"}],"curies":[{"name":"wp","href":"https:\/\/api.w.org\/{rel}","templated":true}]}}