{"id":3227,"date":"2020-03-19T21:06:03","date_gmt":"2020-03-19T21:06:03","guid":{"rendered":"https:\/\/alliedmet.com\/?page_id=3227"},"modified":"2022-10-21T04:08:38","modified_gmt":"2022-10-21T04:08:38","slug":"aerospatiale","status":"publish","type":"page","link":"https:\/\/alliedmet.com\/fr\/aerospatiale\/","title":{"rendered":"A\u00e9rospatiale"},"content":{"rendered":"\n<div id=\"wp-block-themeisle-blocks-advanced-columns-6b8aa174\" class=\"wp-block-themeisle-blocks-advanced-columns alignfull has-1-columns has-desktop-equal-layout has-tablet-equal-layout has-mobile-equal-layout has-vertical-unset\"><div class=\"wp-block-themeisle-blocks-advanced-columns-overlay\"><\/div><div class=\"innerblocks-wrap\">\n<div id=\"wp-block-themeisle-blocks-advanced-column-83b23983\" class=\"wp-block-themeisle-blocks-advanced-column\">\n<div style=\"height:20px\" aria-hidden=\"true\" class=\"wp-block-spacer ticss-a631a353\"><\/div>\n<\/div>\n<\/div><\/div>\n\n\n\n<div id=\"wp-block-themeisle-blocks-advanced-columns-070c95a7\" class=\"wp-block-themeisle-blocks-advanced-columns has-2-columns has-desktop-equal-layout has-tablet-collapsedRows-layout has-mobile-collapsedRows-layout has-vertical-unset ticss-e5cee56a\"><div class=\"wp-block-themeisle-blocks-advanced-columns-overlay\"><\/div><div class=\"innerblocks-wrap\">\n<div id=\"wp-block-themeisle-blocks-advanced-column-143699f5\" class=\"wp-block-themeisle-blocks-advanced-column\">\n<h1 id=\"wp-block-themeisle-blocks-advanced-heading-be72f94c\" class=\"wp-block-themeisle-blocks-advanced-heading wp-block-themeisle-blocks-advanced-heading-be72f94c\"><strong>A\u00e9rospatiale&nbsp;<\/strong><\/h1>\n\n\n\n<figure class=\"wp-block-image size-large ticss-bdc48abf\"><img decoding=\"async\" width=\"1024\" height=\"623\" data-src=\"https:\/\/alliedmet.com\/wp-content\/uploads\/2019\/07\/allied-metal-header-aerospace-1024x623.jpg\" alt=\"Les superalliages font partie int\u00e9grante du d\u00e9veloppement, de la conception et de la fabrication de composants et de syst\u00e8mes de plus en plus sophistiqu\u00e9s qui sont au c\u0153ur de l\u2019industrie a\u00e9ronautique.\" class=\"wp-image-3555 lazyload\" data-srcset=\"https:\/\/alliedmet.com\/wp-content\/uploads\/2019\/07\/allied-metal-header-aerospace-1024x623.jpg 1024w, https:\/\/alliedmet.com\/wp-content\/uploads\/2019\/07\/allied-metal-header-aerospace-300x183.jpg 300w, https:\/\/alliedmet.com\/wp-content\/uploads\/2019\/07\/allied-metal-header-aerospace-768x467.jpg 768w, https:\/\/alliedmet.com\/wp-content\/uploads\/2019\/07\/allied-metal-header-aerospace.jpg 1200w\" data-sizes=\"(max-width: 1024px) 100vw, 1024px\" src=\"data:image\/svg+xml;base64,PHN2ZyB3aWR0aD0iMSIgaGVpZ2h0PSIxIiB4bWxucz0iaHR0cDovL3d3dy53My5vcmcvMjAwMC9zdmciPjwvc3ZnPg==\" style=\"--smush-placeholder-width: 1024px; --smush-placeholder-aspect-ratio: 1024\/623;\" \/><\/figure>\n\n\n\n<h4 id=\"wp-block-themeisle-blocks-advanced-heading-504c8320\" class=\"wp-block-themeisle-blocks-advanced-heading wp-block-themeisle-blocks-advanced-heading-504c8320\">L\u2019int\u00e9grit\u00e9 de ces syst\u00e8mes hautement sophistiqu\u00e9s, leur force et leur efficacit\u00e9, est directement li\u00e9e \u00e0 la tr\u00e8s grande puret\u00e9 des produits que nous vendons.<\/h4>\n<\/div>\n\n\n\n<div id=\"wp-block-themeisle-blocks-advanced-column-edcd4773\" class=\"wp-block-themeisle-blocks-advanced-column\">\n<p class=\"has-normal-font-size\">Les superalliages font partie int\u00e9grante du d\u00e9veloppement, de la conception et de la fabrication de composants et de syst\u00e8mes de plus en plus sophistiqu\u00e9s qui sont au c\u0153ur de l\u2019industrie a\u00e9ronautique. La r\u00e9sistance \u00e0 la temp\u00e9rature \u00e9lev\u00e9e et \u00e0 la corrosion, les performances optimales ainsi que le co\u00fbt et l\u2019efficacit\u00e9 op\u00e9rationnelle sont parmi les facteurs d\u00e9terminants d\u2019une performance optimale.&nbsp; Nos produits jouent un r\u00f4le central dans le d\u00e9veloppement et l\u2019application de divers alliages.<\/p>\n\n\n\n<p class=\"has-normal-font-size\">Nos produits doivent avoir les performances optimales exig\u00e9es dans les chambres de combustion et de compression des moteurs \u00e0 r\u00e9action, les syst\u00e8mes de commande m\u00e9canique des ailes, ainsi que les trains d\u2019atterrissage et les freins. En fait, pratiquement tous les avions \u00e0 r\u00e9action fabriqu\u00e9s dans le monde, priv\u00e9s, commerciaux et militaires, comprennent des composants critiques fabriqu\u00e9s \u00e0 partir de nos produits.<\/p>\n\n\n\n<p class=\"has-normal-font-size\">Avec l\u2019\u00e9volution de l\u2019aviation, nous esp\u00e9rons pouvoir jouer un r\u00f4le de plus en plus important dans le d\u00e9veloppement des composants d\u2019a\u00e9ronefs qui permettront de relever les d\u00e9fis de demain.<\/p>\n<\/div>\n<\/div><\/div>\n","protected":false},"excerpt":{"rendered":"","protected":false},"author":1,"featured_media":0,"parent":0,"menu_order":0,"comment_status":"closed","ping_status":"closed","template":"","meta":{"neve_meta_sidebar":"","neve_meta_container":"","neve_meta_enable_content_width":"","neve_meta_content_width":0,"neve_meta_title_alignment":"","neve_meta_author_avatar":"","neve_post_elements_order":"","neve_meta_disable_header":"","neve_meta_disable_footer":"","neve_meta_disable_title":"on","_themeisle_gutenberg_block_has_review":false,"footnotes":""},"class_list":["post-3227","page","type-page","status-publish","hentry"],"yoast_head":"<!-- This site is optimized with the Yoast SEO Premium plugin v27.3 (Yoast SEO v27.3) - https:\/\/yoast.com\/product\/yoast-seo-premium-wordpress\/ -->\n<title>A\u00e9rospatiale - Allied Metals Corporation<\/title>\n<meta name=\"description\" content=\"Les superalliages font partie int\u00e9grante du d\u00e9veloppement, de la conception et de la fabrication de composants et de syst\u00e8mes de plus en plus sophistiqu\u00e9s qui sont au c\u0153ur de l\u2019industrie a\u00e9ronautique. La r\u00e9sistance \u00e0 la temp\u00e9rature \u00e9lev\u00e9e et \u00e0 la corrosion, les performances optimales ainsi que le co\u00fbt et l\u2019efficacit\u00e9 op\u00e9rationnelle sont parmi les facteurs d\u00e9terminants d\u2019une performance optimale. Nos produits jouent un r\u00f4le central dans le d\u00e9veloppement et l\u2019application de divers alliages. Nos produits doivent avoir les performances optimales exig\u00e9es dans les chambres de combustion et de compression des moteurs \u00e0 r\u00e9action, les syst\u00e8mes de commande m\u00e9canique des ailes, ainsi que les trains d\u2019atterrissage et les freins. En fait, pratiquement tous les avions \u00e0 r\u00e9action fabriqu\u00e9s dans le monde, priv\u00e9s, commerciaux et militaires, comprennent des composants critiques fabriqu\u00e9s \u00e0 partir de nos produits. Avec l\u2019\u00e9volution de l\u2019aviation, nous esp\u00e9rons pouvoir jouer un r\u00f4le de plus en plus important dans le d\u00e9veloppement des composants d\u2019a\u00e9ronefs qui permettront de relever les d\u00e9fis de demain.\" \/>\n<meta name=\"robots\" content=\"index, follow, max-snippet:-1, max-image-preview:large, max-video-preview:-1\" \/>\n<link rel=\"canonical\" href=\"https:\/\/alliedmet.com\/fr\/aerospatiale\/\" \/>\n<meta property=\"og:locale\" content=\"fr_FR\" \/>\n<meta property=\"og:type\" content=\"article\" \/>\n<meta property=\"og:title\" content=\"A\u00e9rospatiale\" \/>\n<meta property=\"og:description\" content=\"Les superalliages font partie int\u00e9grante du d\u00e9veloppement, de la conception et de la fabrication de composants et de syst\u00e8mes de plus en plus sophistiqu\u00e9s qui sont au c\u0153ur de l\u2019industrie a\u00e9ronautique. La r\u00e9sistance \u00e0 la temp\u00e9rature \u00e9lev\u00e9e et \u00e0 la corrosion, les performances optimales ainsi que le co\u00fbt et l\u2019efficacit\u00e9 op\u00e9rationnelle sont parmi les facteurs d\u00e9terminants d\u2019une performance optimale. Nos produits jouent un r\u00f4le central dans le d\u00e9veloppement et l\u2019application de divers alliages. Nos produits doivent avoir les performances optimales exig\u00e9es dans les chambres de combustion et de compression des moteurs \u00e0 r\u00e9action, les syst\u00e8mes de commande m\u00e9canique des ailes, ainsi que les trains d\u2019atterrissage et les freins. En fait, pratiquement tous les avions \u00e0 r\u00e9action fabriqu\u00e9s dans le monde, priv\u00e9s, commerciaux et militaires, comprennent des composants critiques fabriqu\u00e9s \u00e0 partir de nos produits. Avec l\u2019\u00e9volution de l\u2019aviation, nous esp\u00e9rons pouvoir jouer un r\u00f4le de plus en plus important dans le d\u00e9veloppement des composants d\u2019a\u00e9ronefs qui permettront de relever les d\u00e9fis de demain.\" \/>\n<meta property=\"og:url\" content=\"https:\/\/alliedmet.com\/fr\/aerospatiale\/\" \/>\n<meta property=\"og:site_name\" content=\"Allied Metals Corporation\" \/>\n<meta property=\"article:modified_time\" content=\"2022-10-21T04:08:38+00:00\" \/>\n<meta property=\"og:image\" content=\"https:\/\/alliedmet.com\/wp-content\/uploads\/2019\/07\/allied-metal-header-aerospace-1024x623.jpg\" \/>\n<meta name=\"twitter:card\" content=\"summary_large_image\" \/>\n<meta name=\"twitter:label1\" content=\"Dur\u00e9e de lecture estim\u00e9e\" \/>\n\t<meta name=\"twitter:data1\" content=\"2 minutes\" \/>\n<script type=\"application\/ld+json\" class=\"yoast-schema-graph\">{\"@context\":\"https:\\\/\\\/schema.org\",\"@graph\":[{\"@type\":\"WebPage\",\"@id\":\"https:\\\/\\\/alliedmet.com\\\/fr\\\/aerospatiale\\\/\",\"url\":\"https:\\\/\\\/alliedmet.com\\\/fr\\\/aerospatiale\\\/\",\"name\":\"A\u00e9rospatiale - Allied Metals Corporation\",\"isPartOf\":{\"@id\":\"https:\\\/\\\/alliedmet.com\\\/fr\\\/#website\"},\"primaryImageOfPage\":{\"@id\":\"https:\\\/\\\/alliedmet.com\\\/fr\\\/aerospatiale\\\/#primaryimage\"},\"image\":{\"@id\":\"https:\\\/\\\/alliedmet.com\\\/fr\\\/aerospatiale\\\/#primaryimage\"},\"thumbnailUrl\":\"https:\\\/\\\/alliedmet.com\\\/wp-content\\\/uploads\\\/2019\\\/07\\\/allied-metal-header-aerospace-1024x623.jpg\",\"datePublished\":\"2020-03-19T21:06:03+00:00\",\"dateModified\":\"2022-10-21T04:08:38+00:00\",\"description\":\"Les superalliages font partie int\u00e9grante du d\u00e9veloppement, de la conception et de la fabrication de composants et de syst\u00e8mes de plus en plus sophistiqu\u00e9s qui sont au c\u0153ur de l\u2019industrie a\u00e9ronautique. La r\u00e9sistance \u00e0 la temp\u00e9rature \u00e9lev\u00e9e et \u00e0 la corrosion, les performances optimales ainsi que le co\u00fbt et l\u2019efficacit\u00e9 op\u00e9rationnelle sont parmi les facteurs d\u00e9terminants d\u2019une performance optimale. Nos produits jouent un r\u00f4le central dans le d\u00e9veloppement et l\u2019application de divers alliages. Nos produits doivent avoir les performances optimales exig\u00e9es dans les chambres de combustion et de compression des moteurs \u00e0 r\u00e9action, les syst\u00e8mes de commande m\u00e9canique des ailes, ainsi que les trains d\u2019atterrissage et les freins. En fait, pratiquement tous les avions \u00e0 r\u00e9action fabriqu\u00e9s dans le monde, priv\u00e9s, commerciaux et militaires, comprennent des composants critiques fabriqu\u00e9s \u00e0 partir de nos produits. Avec l\u2019\u00e9volution de l\u2019aviation, nous esp\u00e9rons pouvoir jouer un r\u00f4le de plus en plus important dans le d\u00e9veloppement des composants d\u2019a\u00e9ronefs qui permettront de relever les d\u00e9fis de demain.\",\"breadcrumb\":{\"@id\":\"https:\\\/\\\/alliedmet.com\\\/fr\\\/aerospatiale\\\/#breadcrumb\"},\"inLanguage\":\"fr-FR\",\"potentialAction\":[{\"@type\":\"ReadAction\",\"target\":[\"https:\\\/\\\/alliedmet.com\\\/fr\\\/aerospatiale\\\/\"]}]},{\"@type\":\"ImageObject\",\"inLanguage\":\"fr-FR\",\"@id\":\"https:\\\/\\\/alliedmet.com\\\/fr\\\/aerospatiale\\\/#primaryimage\",\"url\":\"https:\\\/\\\/alliedmet.com\\\/wp-content\\\/uploads\\\/2019\\\/07\\\/allied-metal-header-aerospace-1024x623.jpg\",\"contentUrl\":\"https:\\\/\\\/alliedmet.com\\\/wp-content\\\/uploads\\\/2019\\\/07\\\/allied-metal-header-aerospace-1024x623.jpg\"},{\"@type\":\"BreadcrumbList\",\"@id\":\"https:\\\/\\\/alliedmet.com\\\/fr\\\/aerospatiale\\\/#breadcrumb\",\"itemListElement\":[{\"@type\":\"ListItem\",\"position\":1,\"name\":\"Home\",\"item\":\"https:\\\/\\\/alliedmet.com\\\/fr\\\/\"},{\"@type\":\"ListItem\",\"position\":2,\"name\":\"A\u00e9rospatiale\"}]},{\"@type\":\"WebSite\",\"@id\":\"https:\\\/\\\/alliedmet.com\\\/fr\\\/#website\",\"url\":\"https:\\\/\\\/alliedmet.com\\\/fr\\\/\",\"name\":\"Allied Metals Corporation\",\"description\":\"High Purity Iron and Low Carbon Iron\",\"publisher\":{\"@id\":\"https:\\\/\\\/alliedmet.com\\\/fr\\\/#organization\"},\"potentialAction\":[{\"@type\":\"SearchAction\",\"target\":{\"@type\":\"EntryPoint\",\"urlTemplate\":\"https:\\\/\\\/alliedmet.com\\\/fr\\\/?s={search_term_string}\"},\"query-input\":{\"@type\":\"PropertyValueSpecification\",\"valueRequired\":true,\"valueName\":\"search_term_string\"}}],\"inLanguage\":\"fr-FR\"},{\"@type\":\"Organization\",\"@id\":\"https:\\\/\\\/alliedmet.com\\\/fr\\\/#organization\",\"name\":\"Allied Metals Corporation\",\"url\":\"https:\\\/\\\/alliedmet.com\\\/fr\\\/\",\"logo\":{\"@type\":\"ImageObject\",\"inLanguage\":\"fr-FR\",\"@id\":\"https:\\\/\\\/alliedmet.com\\\/fr\\\/#\\\/schema\\\/logo\\\/image\\\/\",\"url\":\"https:\\\/\\\/alliedmet.com\\\/wp-content\\\/uploads\\\/2019\\\/07\\\/AMC-English-logo.png\",\"contentUrl\":\"https:\\\/\\\/alliedmet.com\\\/wp-content\\\/uploads\\\/2019\\\/07\\\/AMC-English-logo.png\",\"width\":1029,\"height\":317,\"caption\":\"Allied Metals Corporation\"},\"image\":{\"@id\":\"https:\\\/\\\/alliedmet.com\\\/fr\\\/#\\\/schema\\\/logo\\\/image\\\/\"},\"sameAs\":[\"https:\\\/\\\/www.linkedin.com\\\/company\\\/allied-metals\"]}]}<\/script>\n<!-- \/ Yoast SEO Premium plugin. -->","yoast_head_json":{"title":"A\u00e9rospatiale - Allied Metals Corporation","description":"Les superalliages font partie int\u00e9grante du d\u00e9veloppement, de la conception et de la fabrication de composants et de syst\u00e8mes de plus en plus sophistiqu\u00e9s qui sont au c\u0153ur de l\u2019industrie a\u00e9ronautique. La r\u00e9sistance \u00e0 la temp\u00e9rature \u00e9lev\u00e9e et \u00e0 la corrosion, les performances optimales ainsi que le co\u00fbt et l\u2019efficacit\u00e9 op\u00e9rationnelle sont parmi les facteurs d\u00e9terminants d\u2019une performance optimale. Nos produits jouent un r\u00f4le central dans le d\u00e9veloppement et l\u2019application de divers alliages. Nos produits doivent avoir les performances optimales exig\u00e9es dans les chambres de combustion et de compression des moteurs \u00e0 r\u00e9action, les syst\u00e8mes de commande m\u00e9canique des ailes, ainsi que les trains d\u2019atterrissage et les freins. En fait, pratiquement tous les avions \u00e0 r\u00e9action fabriqu\u00e9s dans le monde, priv\u00e9s, commerciaux et militaires, comprennent des composants critiques fabriqu\u00e9s \u00e0 partir de nos produits. Avec l\u2019\u00e9volution de l\u2019aviation, nous esp\u00e9rons pouvoir jouer un r\u00f4le de plus en plus important dans le d\u00e9veloppement des composants d\u2019a\u00e9ronefs qui permettront de relever les d\u00e9fis de demain.","robots":{"index":"index","follow":"follow","max-snippet":"max-snippet:-1","max-image-preview":"max-image-preview:large","max-video-preview":"max-video-preview:-1"},"canonical":"https:\/\/alliedmet.com\/fr\/aerospatiale\/","og_locale":"fr_FR","og_type":"article","og_title":"A\u00e9rospatiale","og_description":"Les superalliages font partie int\u00e9grante du d\u00e9veloppement, de la conception et de la fabrication de composants et de syst\u00e8mes de plus en plus sophistiqu\u00e9s qui sont au c\u0153ur de l\u2019industrie a\u00e9ronautique. La r\u00e9sistance \u00e0 la temp\u00e9rature \u00e9lev\u00e9e et \u00e0 la corrosion, les performances optimales ainsi que le co\u00fbt et l\u2019efficacit\u00e9 op\u00e9rationnelle sont parmi les facteurs d\u00e9terminants d\u2019une performance optimale. Nos produits jouent un r\u00f4le central dans le d\u00e9veloppement et l\u2019application de divers alliages. Nos produits doivent avoir les performances optimales exig\u00e9es dans les chambres de combustion et de compression des moteurs \u00e0 r\u00e9action, les syst\u00e8mes de commande m\u00e9canique des ailes, ainsi que les trains d\u2019atterrissage et les freins. En fait, pratiquement tous les avions \u00e0 r\u00e9action fabriqu\u00e9s dans le monde, priv\u00e9s, commerciaux et militaires, comprennent des composants critiques fabriqu\u00e9s \u00e0 partir de nos produits. Avec l\u2019\u00e9volution de l\u2019aviation, nous esp\u00e9rons pouvoir jouer un r\u00f4le de plus en plus important dans le d\u00e9veloppement des composants d\u2019a\u00e9ronefs qui permettront de relever les d\u00e9fis de demain.","og_url":"https:\/\/alliedmet.com\/fr\/aerospatiale\/","og_site_name":"Allied Metals Corporation","article_modified_time":"2022-10-21T04:08:38+00:00","og_image":[{"url":"https:\/\/alliedmet.com\/wp-content\/uploads\/2019\/07\/allied-metal-header-aerospace-1024x623.jpg","type":"","width":"","height":""}],"twitter_card":"summary_large_image","twitter_misc":{"Dur\u00e9e de lecture estim\u00e9e":"2 minutes"},"schema":{"@context":"https:\/\/schema.org","@graph":[{"@type":"WebPage","@id":"https:\/\/alliedmet.com\/fr\/aerospatiale\/","url":"https:\/\/alliedmet.com\/fr\/aerospatiale\/","name":"A\u00e9rospatiale - Allied Metals Corporation","isPartOf":{"@id":"https:\/\/alliedmet.com\/fr\/#website"},"primaryImageOfPage":{"@id":"https:\/\/alliedmet.com\/fr\/aerospatiale\/#primaryimage"},"image":{"@id":"https:\/\/alliedmet.com\/fr\/aerospatiale\/#primaryimage"},"thumbnailUrl":"https:\/\/alliedmet.com\/wp-content\/uploads\/2019\/07\/allied-metal-header-aerospace-1024x623.jpg","datePublished":"2020-03-19T21:06:03+00:00","dateModified":"2022-10-21T04:08:38+00:00","description":"Les superalliages font partie int\u00e9grante du d\u00e9veloppement, de la conception et de la fabrication de composants et de syst\u00e8mes de plus en plus sophistiqu\u00e9s qui sont au c\u0153ur de l\u2019industrie a\u00e9ronautique. La r\u00e9sistance \u00e0 la temp\u00e9rature \u00e9lev\u00e9e et \u00e0 la corrosion, les performances optimales ainsi que le co\u00fbt et l\u2019efficacit\u00e9 op\u00e9rationnelle sont parmi les facteurs d\u00e9terminants d\u2019une performance optimale. Nos produits jouent un r\u00f4le central dans le d\u00e9veloppement et l\u2019application de divers alliages. Nos produits doivent avoir les performances optimales exig\u00e9es dans les chambres de combustion et de compression des moteurs \u00e0 r\u00e9action, les syst\u00e8mes de commande m\u00e9canique des ailes, ainsi que les trains d\u2019atterrissage et les freins. En fait, pratiquement tous les avions \u00e0 r\u00e9action fabriqu\u00e9s dans le monde, priv\u00e9s, commerciaux et militaires, comprennent des composants critiques fabriqu\u00e9s \u00e0 partir de nos produits. Avec l\u2019\u00e9volution de l\u2019aviation, nous esp\u00e9rons pouvoir jouer un r\u00f4le de plus en plus important dans le d\u00e9veloppement des composants d\u2019a\u00e9ronefs qui permettront de relever les d\u00e9fis de demain.","breadcrumb":{"@id":"https:\/\/alliedmet.com\/fr\/aerospatiale\/#breadcrumb"},"inLanguage":"fr-FR","potentialAction":[{"@type":"ReadAction","target":["https:\/\/alliedmet.com\/fr\/aerospatiale\/"]}]},{"@type":"ImageObject","inLanguage":"fr-FR","@id":"https:\/\/alliedmet.com\/fr\/aerospatiale\/#primaryimage","url":"https:\/\/alliedmet.com\/wp-content\/uploads\/2019\/07\/allied-metal-header-aerospace-1024x623.jpg","contentUrl":"https:\/\/alliedmet.com\/wp-content\/uploads\/2019\/07\/allied-metal-header-aerospace-1024x623.jpg"},{"@type":"BreadcrumbList","@id":"https:\/\/alliedmet.com\/fr\/aerospatiale\/#breadcrumb","itemListElement":[{"@type":"ListItem","position":1,"name":"Home","item":"https:\/\/alliedmet.com\/fr\/"},{"@type":"ListItem","position":2,"name":"A\u00e9rospatiale"}]},{"@type":"WebSite","@id":"https:\/\/alliedmet.com\/fr\/#website","url":"https:\/\/alliedmet.com\/fr\/","name":"Allied Metals Corporation","description":"High Purity Iron and Low Carbon Iron","publisher":{"@id":"https:\/\/alliedmet.com\/fr\/#organization"},"potentialAction":[{"@type":"SearchAction","target":{"@type":"EntryPoint","urlTemplate":"https:\/\/alliedmet.com\/fr\/?s={search_term_string}"},"query-input":{"@type":"PropertyValueSpecification","valueRequired":true,"valueName":"search_term_string"}}],"inLanguage":"fr-FR"},{"@type":"Organization","@id":"https:\/\/alliedmet.com\/fr\/#organization","name":"Allied Metals Corporation","url":"https:\/\/alliedmet.com\/fr\/","logo":{"@type":"ImageObject","inLanguage":"fr-FR","@id":"https:\/\/alliedmet.com\/fr\/#\/schema\/logo\/image\/","url":"https:\/\/alliedmet.com\/wp-content\/uploads\/2019\/07\/AMC-English-logo.png","contentUrl":"https:\/\/alliedmet.com\/wp-content\/uploads\/2019\/07\/AMC-English-logo.png","width":1029,"height":317,"caption":"Allied Metals Corporation"},"image":{"@id":"https:\/\/alliedmet.com\/fr\/#\/schema\/logo\/image\/"},"sameAs":["https:\/\/www.linkedin.com\/company\/allied-metals"]}]}},"_links":{"self":[{"href":"https:\/\/alliedmet.com\/fr\/wp-json\/wp\/v2\/pages\/3227","targetHints":{"allow":["GET"]}}],"collection":[{"href":"https:\/\/alliedmet.com\/fr\/wp-json\/wp\/v2\/pages"}],"about":[{"href":"https:\/\/alliedmet.com\/fr\/wp-json\/wp\/v2\/types\/page"}],"author":[{"embeddable":true,"href":"https:\/\/alliedmet.com\/fr\/wp-json\/wp\/v2\/users\/1"}],"replies":[{"embeddable":true,"href":"https:\/\/alliedmet.com\/fr\/wp-json\/wp\/v2\/comments?post=3227"}],"version-history":[{"count":0,"href":"https:\/\/alliedmet.com\/fr\/wp-json\/wp\/v2\/pages\/3227\/revisions"}],"wp:attachment":[{"href":"https:\/\/alliedmet.com\/fr\/wp-json\/wp\/v2\/media?parent=3227"}],"curies":[{"name":"wp","href":"https:\/\/api.w.org\/{rel}","templated":true}]}}