{"id":3231,"date":"2020-03-19T21:14:23","date_gmt":"2020-03-19T21:14:23","guid":{"rendered":"https:\/\/alliedmet.com\/?page_id=3231"},"modified":"2022-10-21T03:54:59","modified_gmt":"2022-10-21T03:54:59","slug":"energie","status":"publish","type":"page","link":"https:\/\/alliedmet.com\/fr\/energie\/","title":{"rendered":"\u00c9nergie"},"content":{"rendered":"\n<div id=\"wp-block-themeisle-blocks-advanced-columns-205fb937\" class=\"wp-block-themeisle-blocks-advanced-columns alignfull has-1-columns has-desktop-equal-layout has-tablet-equal-layout has-mobile-equal-layout has-vertical-unset\"><div class=\"wp-block-themeisle-blocks-advanced-columns-overlay\"><\/div><div class=\"innerblocks-wrap\">\n<div id=\"wp-block-themeisle-blocks-advanced-column-c72f3f8b\" class=\"wp-block-themeisle-blocks-advanced-column\">\n<div style=\"height:20px\" aria-hidden=\"true\" class=\"wp-block-spacer ticss-a631a353\"><\/div>\n<\/div>\n<\/div><\/div>\n\n\n\n<div id=\"wp-block-themeisle-blocks-advanced-columns-3387c1bb\" class=\"wp-block-themeisle-blocks-advanced-columns has-2-columns has-desktop-equal-layout has-tablet-collapsedRows-layout has-mobile-collapsedRows-layout has-vertical-unset\"><div class=\"wp-block-themeisle-blocks-advanced-columns-overlay\"><\/div><div class=\"innerblocks-wrap\">\n<div id=\"wp-block-themeisle-blocks-advanced-column-dcd134ed\" class=\"wp-block-themeisle-blocks-advanced-column\">\n<h1 id=\"wp-block-themeisle-blocks-advanced-heading-84711bda\" class=\"wp-block-themeisle-blocks-advanced-heading wp-block-themeisle-blocks-advanced-heading-84711bda\"><strong>\u00c9NERGIE<\/strong><\/h1>\n\n\n\n<figure class=\"wp-block-image size-large\"><img decoding=\"async\" width=\"1024\" height=\"623\" data-src=\"https:\/\/alliedmet.com\/wp-content\/uploads\/2019\/07\/allied-metal-header-quote-request-1024x623.jpg\" alt=\"Chaque industrie de composants de toute la cat\u00e9gorie de l\u2019\u00e9nergie doit faire face chaque jour \u00e0 trois probl\u00e8mes permanents : les temp\u00e9ratures \u00e9lev\u00e9es, les atmosph\u00e8res corrosives et le besoin incessant d\u2019une grande efficacit\u00e9. Nos produits jouent un r\u00f4le essentiel dans le d\u00e9veloppement et la fabrication d\u2019alliages pour les \u00e9quipements et technologies qui utilisent des alliages de haute performance pour relever ces d\u00e9fis. Les combustibles liquides, y compris le p\u00e9trole, l\u2019essence et le gaz naturel liqu\u00e9fi\u00e9, sont raffin\u00e9s, transport\u00e9s et stock\u00e9s au moyen de canalisations, de pompes et de r\u00e9servoirs qui doivent r\u00e9sister \u00e0 ces conditions tr\u00e8s rudes. Nos produits sont utilis\u00e9s chaque jour dans tous ces environnements.  La production d\u2019\u00e9lectricit\u00e9 par turbines \u00e0 vapeur, \u00e0 gaz ou \u00e0 cycle combin\u00e9 exige des composants techniques fortement alli\u00e9s pour r\u00e9pondre aux exigences op\u00e9rationnelles. Ces turbines terrestres, comme celles des moteurs des avions, utilisent nos produits dans ces alliages pour r\u00e9pondre \u00e0 ces exigences.  l est clair que l\u2019exploration, l\u2019extraction, la production, la distribution, le transport et le stockage de l\u2019\u00e9nergie repr\u00e9sentent d\u2019importantes opportunit\u00e9s de croissance pour l\u2019avenir de nos industries, de l\u2019environnement et du monde dans lequel nous vivons. \" class=\"wp-image-3631 lazyload\" data-srcset=\"https:\/\/alliedmet.com\/wp-content\/uploads\/2019\/07\/allied-metal-header-quote-request-1024x623.jpg 1024w, https:\/\/alliedmet.com\/wp-content\/uploads\/2019\/07\/allied-metal-header-quote-request-300x183.jpg 300w, https:\/\/alliedmet.com\/wp-content\/uploads\/2019\/07\/allied-metal-header-quote-request-768x467.jpg 768w, https:\/\/alliedmet.com\/wp-content\/uploads\/2019\/07\/allied-metal-header-quote-request.jpg 1200w\" data-sizes=\"(max-width: 1024px) 100vw, 1024px\" src=\"data:image\/svg+xml;base64,PHN2ZyB3aWR0aD0iMSIgaGVpZ2h0PSIxIiB4bWxucz0iaHR0cDovL3d3dy53My5vcmcvMjAwMC9zdmciPjwvc3ZnPg==\" style=\"--smush-placeholder-width: 1024px; --smush-placeholder-aspect-ratio: 1024\/623;\" \/><\/figure>\n\n\n\n<h4 id=\"wp-block-themeisle-blocks-advanced-heading-491dc748\" class=\"wp-block-themeisle-blocks-advanced-heading wp-block-themeisle-blocks-advanced-heading-491dc748\">Environ 75&nbsp;% de notre production est utilis\u00e9e par les constructeurs de syst\u00e8mes d\u2019ing\u00e9nierie avanc\u00e9e, notamment dans les domaines de l\u2019a\u00e9rospatiale et de l\u2019\u00e9nergie.<\/h4>\n<\/div>\n\n\n\n<div id=\"wp-block-themeisle-blocks-advanced-column-d720d127\" class=\"wp-block-themeisle-blocks-advanced-column\">\n<p class=\"has-normal-font-size\">Chaque industrie de composants de toute la cat\u00e9gorie de l\u2019\u00e9nergie doit faire face chaque jour \u00e0 trois probl\u00e8mes permanents&nbsp;: les temp\u00e9ratures \u00e9lev\u00e9es, les atmosph\u00e8res corrosives et le besoin incessant d\u2019une grande efficacit\u00e9. Nos produits jouent un r\u00f4le essentiel dans le d\u00e9veloppement et la fabrication d\u2019alliages pour les \u00e9quipements et technologies qui utilisent des alliages de haute performance pour relever ces d\u00e9fis. Les combustibles liquides, y compris le p\u00e9trole, l\u2019essence et le gaz naturel liqu\u00e9fi\u00e9, sont raffin\u00e9s, transport\u00e9s et stock\u00e9s au moyen de canalisations, de pompes et de r\u00e9servoirs qui doivent r\u00e9sister \u00e0 ces conditions tr\u00e8s rudes. Nos produits sont utilis\u00e9s chaque jour dans tous ces environnements.<\/p>\n\n\n\n<p class=\"has-normal-font-size\">La production d\u2019\u00e9lectricit\u00e9 par turbines \u00e0 vapeur, \u00e0 gaz ou \u00e0 cycle combin\u00e9 exige des composants techniques fortement alli\u00e9s pour r\u00e9pondre aux exigences op\u00e9rationnelles. Ces turbines terrestres, comme celles des moteurs des avions, utilisent nos produits dans ces alliages pour r\u00e9pondre \u00e0 ces exigences.<\/p>\n\n\n\n<p class=\"has-normal-font-size\">Il est clair que l\u2019exploration, l\u2019extraction, la production, la distribution, le transport et le stockage de l\u2019\u00e9nergie repr\u00e9sentent d\u2019importantes opportunit\u00e9s de croissance pour l\u2019avenir de nos industries, de l\u2019environnement et du monde dans lequel nous vivons.<\/p>\n<\/div>\n<\/div><\/div>\n","protected":false},"excerpt":{"rendered":"","protected":false},"author":1,"featured_media":0,"parent":0,"menu_order":0,"comment_status":"closed","ping_status":"closed","template":"","meta":{"neve_meta_sidebar":"full-width","neve_meta_container":"","neve_meta_enable_content_width":"off","neve_meta_content_width":100,"neve_meta_title_alignment":"","neve_meta_author_avatar":"","neve_post_elements_order":"","neve_meta_disable_header":"","neve_meta_disable_footer":"","neve_meta_disable_title":"on","_themeisle_gutenberg_block_has_review":false,"footnotes":""},"class_list":["post-3231","page","type-page","status-publish","hentry"],"yoast_head":"<!-- This site is optimized with the Yoast SEO Premium plugin v27.3 (Yoast SEO v27.3) - https:\/\/yoast.com\/product\/yoast-seo-premium-wordpress\/ -->\n<title>\u00c9nergie - Allied Metals Corporation<\/title>\n<meta name=\"description\" content=\"Chaque industrie de composants de toute la cat\u00e9gorie de l\u2019\u00e9nergie doit faire face chaque jour \u00e0 trois probl\u00e8mes permanents : les temp\u00e9ratures \u00e9lev\u00e9es, les atmosph\u00e8res corrosives et le besoin incessant d\u2019une grande efficacit\u00e9. Nos produits jouent un r\u00f4le essentiel dans le d\u00e9veloppement et la fabrication d\u2019alliages pour les \u00e9quipements et technologies qui utilisent des alliages de haute performance pour relever ces d\u00e9fis. Les combustibles liquides, y compris le p\u00e9trole, l\u2019essence et le gaz naturel liqu\u00e9fi\u00e9, sont raffin\u00e9s, transport\u00e9s et stock\u00e9s au moyen de canalisations, de pompes et de r\u00e9servoirs qui doivent r\u00e9sister \u00e0 ces conditions tr\u00e8s rudes. Nos produits sont utilis\u00e9s chaque jour dans tous ces environnements. La production d\u2019\u00e9lectricit\u00e9 par turbines \u00e0 vapeur, \u00e0 gaz ou \u00e0 cycle combin\u00e9 exige des composants techniques fortement alli\u00e9s pour r\u00e9pondre aux exigences op\u00e9rationnelles. Ces turbines terrestres, comme celles des moteurs des avions, utilisent nos produits dans ces alliages pour r\u00e9pondre \u00e0 ces exigences. Il est clair que l\u2019exploration, l\u2019extraction, la production, la distribution, le transport et le stockage de l\u2019\u00e9nergie repr\u00e9sentent d\u2019importantes opportunit\u00e9s de croissance pour l\u2019avenir de nos industries, de l\u2019environnement et du monde dans lequel nous vivons.\" \/>\n<meta name=\"robots\" content=\"index, follow, max-snippet:-1, max-image-preview:large, max-video-preview:-1\" \/>\n<link rel=\"canonical\" href=\"https:\/\/alliedmet.com\/fr\/energie\/\" \/>\n<meta property=\"og:locale\" content=\"fr_FR\" \/>\n<meta property=\"og:type\" content=\"article\" \/>\n<meta property=\"og:title\" content=\"\u00c9nergie\" \/>\n<meta property=\"og:description\" content=\"Chaque industrie de composants de toute la cat\u00e9gorie de l\u2019\u00e9nergie doit faire face chaque jour \u00e0 trois probl\u00e8mes permanents : les temp\u00e9ratures \u00e9lev\u00e9es, les atmosph\u00e8res corrosives et le besoin incessant d\u2019une grande efficacit\u00e9. Nos produits jouent un r\u00f4le essentiel dans le d\u00e9veloppement et la fabrication d\u2019alliages pour les \u00e9quipements et technologies qui utilisent des alliages de haute performance pour relever ces d\u00e9fis. Les combustibles liquides, y compris le p\u00e9trole, l\u2019essence et le gaz naturel liqu\u00e9fi\u00e9, sont raffin\u00e9s, transport\u00e9s et stock\u00e9s au moyen de canalisations, de pompes et de r\u00e9servoirs qui doivent r\u00e9sister \u00e0 ces conditions tr\u00e8s rudes. Nos produits sont utilis\u00e9s chaque jour dans tous ces environnements. La production d\u2019\u00e9lectricit\u00e9 par turbines \u00e0 vapeur, \u00e0 gaz ou \u00e0 cycle combin\u00e9 exige des composants techniques fortement alli\u00e9s pour r\u00e9pondre aux exigences op\u00e9rationnelles. Ces turbines terrestres, comme celles des moteurs des avions, utilisent nos produits dans ces alliages pour r\u00e9pondre \u00e0 ces exigences. Il est clair que l\u2019exploration, l\u2019extraction, la production, la distribution, le transport et le stockage de l\u2019\u00e9nergie repr\u00e9sentent d\u2019importantes opportunit\u00e9s de croissance pour l\u2019avenir de nos industries, de l\u2019environnement et du monde dans lequel nous vivons.\" \/>\n<meta property=\"og:url\" content=\"https:\/\/alliedmet.com\/fr\/energie\/\" \/>\n<meta property=\"og:site_name\" content=\"Allied Metals Corporation\" \/>\n<meta property=\"article:modified_time\" content=\"2022-10-21T03:54:59+00:00\" \/>\n<meta property=\"og:image\" content=\"https:\/\/alliedmet.com\/wp-content\/uploads\/2019\/07\/allied-metal-header-quote-request-1024x623.jpg\" \/>\n<meta name=\"twitter:card\" content=\"summary_large_image\" \/>\n<meta name=\"twitter:label1\" content=\"Dur\u00e9e de lecture estim\u00e9e\" \/>\n\t<meta name=\"twitter:data1\" content=\"2 minutes\" \/>\n<script type=\"application\/ld+json\" class=\"yoast-schema-graph\">{\"@context\":\"https:\\\/\\\/schema.org\",\"@graph\":[{\"@type\":\"WebPage\",\"@id\":\"https:\\\/\\\/alliedmet.com\\\/fr\\\/energie\\\/\",\"url\":\"https:\\\/\\\/alliedmet.com\\\/fr\\\/energie\\\/\",\"name\":\"\u00c9nergie - Allied Metals Corporation\",\"isPartOf\":{\"@id\":\"https:\\\/\\\/alliedmet.com\\\/fr\\\/#website\"},\"primaryImageOfPage\":{\"@id\":\"https:\\\/\\\/alliedmet.com\\\/fr\\\/energie\\\/#primaryimage\"},\"image\":{\"@id\":\"https:\\\/\\\/alliedmet.com\\\/fr\\\/energie\\\/#primaryimage\"},\"thumbnailUrl\":\"https:\\\/\\\/alliedmet.com\\\/wp-content\\\/uploads\\\/2019\\\/07\\\/allied-metal-header-quote-request-1024x623.jpg\",\"datePublished\":\"2020-03-19T21:14:23+00:00\",\"dateModified\":\"2022-10-21T03:54:59+00:00\",\"description\":\"Chaque industrie de composants de toute la cat\u00e9gorie de l\u2019\u00e9nergie doit faire face chaque jour \u00e0 trois probl\u00e8mes permanents : les temp\u00e9ratures \u00e9lev\u00e9es, les atmosph\u00e8res corrosives et le besoin incessant d\u2019une grande efficacit\u00e9. Nos produits jouent un r\u00f4le essentiel dans le d\u00e9veloppement et la fabrication d\u2019alliages pour les \u00e9quipements et technologies qui utilisent des alliages de haute performance pour relever ces d\u00e9fis. Les combustibles liquides, y compris le p\u00e9trole, l\u2019essence et le gaz naturel liqu\u00e9fi\u00e9, sont raffin\u00e9s, transport\u00e9s et stock\u00e9s au moyen de canalisations, de pompes et de r\u00e9servoirs qui doivent r\u00e9sister \u00e0 ces conditions tr\u00e8s rudes. Nos produits sont utilis\u00e9s chaque jour dans tous ces environnements. La production d\u2019\u00e9lectricit\u00e9 par turbines \u00e0 vapeur, \u00e0 gaz ou \u00e0 cycle combin\u00e9 exige des composants techniques fortement alli\u00e9s pour r\u00e9pondre aux exigences op\u00e9rationnelles. Ces turbines terrestres, comme celles des moteurs des avions, utilisent nos produits dans ces alliages pour r\u00e9pondre \u00e0 ces exigences. Il est clair que l\u2019exploration, l\u2019extraction, la production, la distribution, le transport et le stockage de l\u2019\u00e9nergie repr\u00e9sentent d\u2019importantes opportunit\u00e9s de croissance pour l\u2019avenir de nos industries, de l\u2019environnement et du monde dans lequel nous vivons.\",\"breadcrumb\":{\"@id\":\"https:\\\/\\\/alliedmet.com\\\/fr\\\/energie\\\/#breadcrumb\"},\"inLanguage\":\"fr-FR\",\"potentialAction\":[{\"@type\":\"ReadAction\",\"target\":[\"https:\\\/\\\/alliedmet.com\\\/fr\\\/energie\\\/\"]}]},{\"@type\":\"ImageObject\",\"inLanguage\":\"fr-FR\",\"@id\":\"https:\\\/\\\/alliedmet.com\\\/fr\\\/energie\\\/#primaryimage\",\"url\":\"https:\\\/\\\/alliedmet.com\\\/wp-content\\\/uploads\\\/2019\\\/07\\\/allied-metal-header-quote-request-1024x623.jpg\",\"contentUrl\":\"https:\\\/\\\/alliedmet.com\\\/wp-content\\\/uploads\\\/2019\\\/07\\\/allied-metal-header-quote-request-1024x623.jpg\"},{\"@type\":\"BreadcrumbList\",\"@id\":\"https:\\\/\\\/alliedmet.com\\\/fr\\\/energie\\\/#breadcrumb\",\"itemListElement\":[{\"@type\":\"ListItem\",\"position\":1,\"name\":\"Home\",\"item\":\"https:\\\/\\\/alliedmet.com\\\/fr\\\/\"},{\"@type\":\"ListItem\",\"position\":2,\"name\":\"\u00c9nergie\"}]},{\"@type\":\"WebSite\",\"@id\":\"https:\\\/\\\/alliedmet.com\\\/fr\\\/#website\",\"url\":\"https:\\\/\\\/alliedmet.com\\\/fr\\\/\",\"name\":\"Allied Metals Corporation\",\"description\":\"High Purity Iron and Low Carbon Iron\",\"publisher\":{\"@id\":\"https:\\\/\\\/alliedmet.com\\\/fr\\\/#organization\"},\"potentialAction\":[{\"@type\":\"SearchAction\",\"target\":{\"@type\":\"EntryPoint\",\"urlTemplate\":\"https:\\\/\\\/alliedmet.com\\\/fr\\\/?s={search_term_string}\"},\"query-input\":{\"@type\":\"PropertyValueSpecification\",\"valueRequired\":true,\"valueName\":\"search_term_string\"}}],\"inLanguage\":\"fr-FR\"},{\"@type\":\"Organization\",\"@id\":\"https:\\\/\\\/alliedmet.com\\\/fr\\\/#organization\",\"name\":\"Allied Metals Corporation\",\"url\":\"https:\\\/\\\/alliedmet.com\\\/fr\\\/\",\"logo\":{\"@type\":\"ImageObject\",\"inLanguage\":\"fr-FR\",\"@id\":\"https:\\\/\\\/alliedmet.com\\\/fr\\\/#\\\/schema\\\/logo\\\/image\\\/\",\"url\":\"https:\\\/\\\/alliedmet.com\\\/wp-content\\\/uploads\\\/2019\\\/07\\\/AMC-English-logo.png\",\"contentUrl\":\"https:\\\/\\\/alliedmet.com\\\/wp-content\\\/uploads\\\/2019\\\/07\\\/AMC-English-logo.png\",\"width\":1029,\"height\":317,\"caption\":\"Allied Metals Corporation\"},\"image\":{\"@id\":\"https:\\\/\\\/alliedmet.com\\\/fr\\\/#\\\/schema\\\/logo\\\/image\\\/\"},\"sameAs\":[\"https:\\\/\\\/www.linkedin.com\\\/company\\\/allied-metals\"]}]}<\/script>\n<!-- \/ Yoast SEO Premium plugin. -->","yoast_head_json":{"title":"\u00c9nergie - Allied Metals Corporation","description":"Chaque industrie de composants de toute la cat\u00e9gorie de l\u2019\u00e9nergie doit faire face chaque jour \u00e0 trois probl\u00e8mes permanents : les temp\u00e9ratures \u00e9lev\u00e9es, les atmosph\u00e8res corrosives et le besoin incessant d\u2019une grande efficacit\u00e9. Nos produits jouent un r\u00f4le essentiel dans le d\u00e9veloppement et la fabrication d\u2019alliages pour les \u00e9quipements et technologies qui utilisent des alliages de haute performance pour relever ces d\u00e9fis. Les combustibles liquides, y compris le p\u00e9trole, l\u2019essence et le gaz naturel liqu\u00e9fi\u00e9, sont raffin\u00e9s, transport\u00e9s et stock\u00e9s au moyen de canalisations, de pompes et de r\u00e9servoirs qui doivent r\u00e9sister \u00e0 ces conditions tr\u00e8s rudes. Nos produits sont utilis\u00e9s chaque jour dans tous ces environnements. La production d\u2019\u00e9lectricit\u00e9 par turbines \u00e0 vapeur, \u00e0 gaz ou \u00e0 cycle combin\u00e9 exige des composants techniques fortement alli\u00e9s pour r\u00e9pondre aux exigences op\u00e9rationnelles. Ces turbines terrestres, comme celles des moteurs des avions, utilisent nos produits dans ces alliages pour r\u00e9pondre \u00e0 ces exigences. Il est clair que l\u2019exploration, l\u2019extraction, la production, la distribution, le transport et le stockage de l\u2019\u00e9nergie repr\u00e9sentent d\u2019importantes opportunit\u00e9s de croissance pour l\u2019avenir de nos industries, de l\u2019environnement et du monde dans lequel nous vivons.","robots":{"index":"index","follow":"follow","max-snippet":"max-snippet:-1","max-image-preview":"max-image-preview:large","max-video-preview":"max-video-preview:-1"},"canonical":"https:\/\/alliedmet.com\/fr\/energie\/","og_locale":"fr_FR","og_type":"article","og_title":"\u00c9nergie","og_description":"Chaque industrie de composants de toute la cat\u00e9gorie de l\u2019\u00e9nergie doit faire face chaque jour \u00e0 trois probl\u00e8mes permanents : les temp\u00e9ratures \u00e9lev\u00e9es, les atmosph\u00e8res corrosives et le besoin incessant d\u2019une grande efficacit\u00e9. Nos produits jouent un r\u00f4le essentiel dans le d\u00e9veloppement et la fabrication d\u2019alliages pour les \u00e9quipements et technologies qui utilisent des alliages de haute performance pour relever ces d\u00e9fis. Les combustibles liquides, y compris le p\u00e9trole, l\u2019essence et le gaz naturel liqu\u00e9fi\u00e9, sont raffin\u00e9s, transport\u00e9s et stock\u00e9s au moyen de canalisations, de pompes et de r\u00e9servoirs qui doivent r\u00e9sister \u00e0 ces conditions tr\u00e8s rudes. Nos produits sont utilis\u00e9s chaque jour dans tous ces environnements. La production d\u2019\u00e9lectricit\u00e9 par turbines \u00e0 vapeur, \u00e0 gaz ou \u00e0 cycle combin\u00e9 exige des composants techniques fortement alli\u00e9s pour r\u00e9pondre aux exigences op\u00e9rationnelles. Ces turbines terrestres, comme celles des moteurs des avions, utilisent nos produits dans ces alliages pour r\u00e9pondre \u00e0 ces exigences. Il est clair que l\u2019exploration, l\u2019extraction, la production, la distribution, le transport et le stockage de l\u2019\u00e9nergie repr\u00e9sentent d\u2019importantes opportunit\u00e9s de croissance pour l\u2019avenir de nos industries, de l\u2019environnement et du monde dans lequel nous vivons.","og_url":"https:\/\/alliedmet.com\/fr\/energie\/","og_site_name":"Allied Metals Corporation","article_modified_time":"2022-10-21T03:54:59+00:00","og_image":[{"url":"https:\/\/alliedmet.com\/wp-content\/uploads\/2019\/07\/allied-metal-header-quote-request-1024x623.jpg","type":"","width":"","height":""}],"twitter_card":"summary_large_image","twitter_misc":{"Dur\u00e9e de lecture estim\u00e9e":"2 minutes"},"schema":{"@context":"https:\/\/schema.org","@graph":[{"@type":"WebPage","@id":"https:\/\/alliedmet.com\/fr\/energie\/","url":"https:\/\/alliedmet.com\/fr\/energie\/","name":"\u00c9nergie - Allied Metals Corporation","isPartOf":{"@id":"https:\/\/alliedmet.com\/fr\/#website"},"primaryImageOfPage":{"@id":"https:\/\/alliedmet.com\/fr\/energie\/#primaryimage"},"image":{"@id":"https:\/\/alliedmet.com\/fr\/energie\/#primaryimage"},"thumbnailUrl":"https:\/\/alliedmet.com\/wp-content\/uploads\/2019\/07\/allied-metal-header-quote-request-1024x623.jpg","datePublished":"2020-03-19T21:14:23+00:00","dateModified":"2022-10-21T03:54:59+00:00","description":"Chaque industrie de composants de toute la cat\u00e9gorie de l\u2019\u00e9nergie doit faire face chaque jour \u00e0 trois probl\u00e8mes permanents : les temp\u00e9ratures \u00e9lev\u00e9es, les atmosph\u00e8res corrosives et le besoin incessant d\u2019une grande efficacit\u00e9. Nos produits jouent un r\u00f4le essentiel dans le d\u00e9veloppement et la fabrication d\u2019alliages pour les \u00e9quipements et technologies qui utilisent des alliages de haute performance pour relever ces d\u00e9fis. Les combustibles liquides, y compris le p\u00e9trole, l\u2019essence et le gaz naturel liqu\u00e9fi\u00e9, sont raffin\u00e9s, transport\u00e9s et stock\u00e9s au moyen de canalisations, de pompes et de r\u00e9servoirs qui doivent r\u00e9sister \u00e0 ces conditions tr\u00e8s rudes. Nos produits sont utilis\u00e9s chaque jour dans tous ces environnements. La production d\u2019\u00e9lectricit\u00e9 par turbines \u00e0 vapeur, \u00e0 gaz ou \u00e0 cycle combin\u00e9 exige des composants techniques fortement alli\u00e9s pour r\u00e9pondre aux exigences op\u00e9rationnelles. Ces turbines terrestres, comme celles des moteurs des avions, utilisent nos produits dans ces alliages pour r\u00e9pondre \u00e0 ces exigences. Il est clair que l\u2019exploration, l\u2019extraction, la production, la distribution, le transport et le stockage de l\u2019\u00e9nergie repr\u00e9sentent d\u2019importantes opportunit\u00e9s de croissance pour l\u2019avenir de nos industries, de l\u2019environnement et du monde dans lequel nous vivons.","breadcrumb":{"@id":"https:\/\/alliedmet.com\/fr\/energie\/#breadcrumb"},"inLanguage":"fr-FR","potentialAction":[{"@type":"ReadAction","target":["https:\/\/alliedmet.com\/fr\/energie\/"]}]},{"@type":"ImageObject","inLanguage":"fr-FR","@id":"https:\/\/alliedmet.com\/fr\/energie\/#primaryimage","url":"https:\/\/alliedmet.com\/wp-content\/uploads\/2019\/07\/allied-metal-header-quote-request-1024x623.jpg","contentUrl":"https:\/\/alliedmet.com\/wp-content\/uploads\/2019\/07\/allied-metal-header-quote-request-1024x623.jpg"},{"@type":"BreadcrumbList","@id":"https:\/\/alliedmet.com\/fr\/energie\/#breadcrumb","itemListElement":[{"@type":"ListItem","position":1,"name":"Home","item":"https:\/\/alliedmet.com\/fr\/"},{"@type":"ListItem","position":2,"name":"\u00c9nergie"}]},{"@type":"WebSite","@id":"https:\/\/alliedmet.com\/fr\/#website","url":"https:\/\/alliedmet.com\/fr\/","name":"Allied Metals Corporation","description":"High Purity Iron and Low Carbon Iron","publisher":{"@id":"https:\/\/alliedmet.com\/fr\/#organization"},"potentialAction":[{"@type":"SearchAction","target":{"@type":"EntryPoint","urlTemplate":"https:\/\/alliedmet.com\/fr\/?s={search_term_string}"},"query-input":{"@type":"PropertyValueSpecification","valueRequired":true,"valueName":"search_term_string"}}],"inLanguage":"fr-FR"},{"@type":"Organization","@id":"https:\/\/alliedmet.com\/fr\/#organization","name":"Allied Metals Corporation","url":"https:\/\/alliedmet.com\/fr\/","logo":{"@type":"ImageObject","inLanguage":"fr-FR","@id":"https:\/\/alliedmet.com\/fr\/#\/schema\/logo\/image\/","url":"https:\/\/alliedmet.com\/wp-content\/uploads\/2019\/07\/AMC-English-logo.png","contentUrl":"https:\/\/alliedmet.com\/wp-content\/uploads\/2019\/07\/AMC-English-logo.png","width":1029,"height":317,"caption":"Allied Metals Corporation"},"image":{"@id":"https:\/\/alliedmet.com\/fr\/#\/schema\/logo\/image\/"},"sameAs":["https:\/\/www.linkedin.com\/company\/allied-metals"]}]}},"_links":{"self":[{"href":"https:\/\/alliedmet.com\/fr\/wp-json\/wp\/v2\/pages\/3231","targetHints":{"allow":["GET"]}}],"collection":[{"href":"https:\/\/alliedmet.com\/fr\/wp-json\/wp\/v2\/pages"}],"about":[{"href":"https:\/\/alliedmet.com\/fr\/wp-json\/wp\/v2\/types\/page"}],"author":[{"embeddable":true,"href":"https:\/\/alliedmet.com\/fr\/wp-json\/wp\/v2\/users\/1"}],"replies":[{"embeddable":true,"href":"https:\/\/alliedmet.com\/fr\/wp-json\/wp\/v2\/comments?post=3231"}],"version-history":[{"count":0,"href":"https:\/\/alliedmet.com\/fr\/wp-json\/wp\/v2\/pages\/3231\/revisions"}],"wp:attachment":[{"href":"https:\/\/alliedmet.com\/fr\/wp-json\/wp\/v2\/media?parent=3231"}],"curies":[{"name":"wp","href":"https:\/\/api.w.org\/{rel}","templated":true}]}}