{"id":3243,"date":"2020-03-19T22:42:25","date_gmt":"2020-03-19T22:42:25","guid":{"rendered":"https:\/\/alliedmet.com\/?page_id=3243"},"modified":"2022-10-21T03:58:20","modified_gmt":"2022-10-21T03:58:20","slug":"haute-purete-le-fer","status":"publish","type":"page","link":"https:\/\/alliedmet.com\/fr\/haute-purete-le-fer\/","title":{"rendered":"ALLIEDIRON\u00ae (HAUTE PURET\u00c9 LE FER)"},"content":{"rendered":"\n<div id=\"wp-block-themeisle-blocks-advanced-columns-2fdb2f92\" class=\"wp-block-themeisle-blocks-advanced-columns alignfull has-1-columns has-desktop-equal-layout has-tablet-equal-layout has-mobile-equal-layout has-vertical-unset\"><div class=\"wp-block-themeisle-blocks-advanced-columns-overlay\"><\/div><div class=\"innerblocks-wrap\">\n<div id=\"wp-block-themeisle-blocks-advanced-column-4532207e\" class=\"wp-block-themeisle-blocks-advanced-column\">\n<div style=\"height:20px\" aria-hidden=\"true\" class=\"wp-block-spacer ticss-d5c866b1\"><\/div>\n<\/div>\n<\/div><\/div>\n\n\n\n<div id=\"wp-block-themeisle-blocks-advanced-columns-cd69ccf7\" class=\"wp-block-themeisle-blocks-advanced-columns has-2-columns has-desktop-equal-layout has-tablet-collapsedRows-layout has-mobile-collapsedRows-layout has-vertical-unset ticss-17bd58c7\"><div class=\"wp-block-themeisle-blocks-advanced-columns-overlay\"><\/div><div class=\"innerblocks-wrap\">\n<div id=\"wp-block-themeisle-blocks-advanced-column-a666c66c\" class=\"wp-block-themeisle-blocks-advanced-column ticss-e2a8f308\">\n<h1 class=\"wp-block-heading\" id=\"h-alliediron-haute-purete-le-fer\">ALLIEDIRON\u00ae (HAUTE PURET\u00c9 LE FER)<\/h1>\n\n\n\n<figure class=\"wp-block-image size-large ticss-2b66f1b3\"><img decoding=\"async\" width=\"687\" height=\"293\" data-src=\"https:\/\/alliedmet.com\/wp-content\/uploads\/2019\/08\/allied-metal-products-image-high-purity-iron_cropped.png\" alt=\"ALLIEDIRON\u2122 (HAUTE PURET\u00c9 LE FER) est utilis\u00e9e dans la production d\u2019alliages inoxydables et \u00e0 base de nickel, ainsi que de superalliages coul\u00e9s sous vide. La puret\u00e9 globalement tr\u00e8s \u00e9lev\u00e9ede produits chez Allied Metals \u200boffre une teneur particuli\u00e8rement faible en phosphore et en soufre. \u00c9tant donn\u00e9 le large \u00e9ventail de produits figurant dans cette classification, nous avons \u00e9galement la possibilit\u00e9 de ma\u00eetriser les analyses chimiques en fonction des exigences sp\u00e9cifiques d\u2019une application donn\u00e9e.\" class=\"wp-image-3578 lazyload\" data-srcset=\"https:\/\/alliedmet.com\/wp-content\/uploads\/2019\/08\/allied-metal-products-image-high-purity-iron_cropped.png 687w, https:\/\/alliedmet.com\/wp-content\/uploads\/2019\/08\/allied-metal-products-image-high-purity-iron_cropped-300x128.png 300w\" data-sizes=\"(max-width: 687px) 100vw, 687px\" src=\"data:image\/svg+xml;base64,PHN2ZyB3aWR0aD0iMSIgaGVpZ2h0PSIxIiB4bWxucz0iaHR0cDovL3d3dy53My5vcmcvMjAwMC9zdmciPjwvc3ZnPg==\" style=\"--smush-placeholder-width: 687px; --smush-placeholder-aspect-ratio: 687\/293;\" \/><\/figure>\n\n\n\n<h3 class=\"has-text-align-center ticss-75ace171 wp-block-heading\" id=\"h-alliediron-haute-purete-le-fer\">ALLIEDIRON\u00ae (HAUTE PURET\u00c9 LE FER)<\/h3>\n\n\n\n<figure class=\"wp-block-table ticss-a892ac08\"><table class=\"has-fixed-layout\"><tbody><tr><td class=\"has-text-align-left\" data-align=\"left\"><strong>Typical<\/strong><br><strong>Analysis (%) <\/strong><\/td><td>EFP II<\/td><td>EFP V<\/td><td>EFP IV<\/td><td>EFP C<\/td><td>EFP ULS<\/td><\/tr><tr><td class=\"has-text-align-left\" data-align=\"left\"><strong>C<\/strong><\/td><td>0.005<\/td><td>0.006<\/td><td>0.006<\/td><td>0.004<\/td><td>0.01<\/td><\/tr><tr><td class=\"has-text-align-left\" data-align=\"left\"><strong>S<\/strong><\/td><td>0.005<\/td><td>0.008<\/td><td>0.003<\/td><td>0.002<\/td><td>0.0005<\/td><\/tr><tr><td class=\"has-text-align-left\" data-align=\"left\"><strong>P<\/strong><\/td><td>0.005<\/td><td>0.008<\/td><td>0.004<\/td><td>0.002<\/td><td>0.003<\/td><\/tr><tr><td class=\"has-text-align-left\" data-align=\"left\"><strong>Mn<\/strong><\/td><td>0.05<\/td><td>0.1<\/td><td>0.040<\/td><td>0.040<\/td><td>0.04<\/td><\/tr><tr><td class=\"has-text-align-left\" data-align=\"left\"><strong>Si<\/strong><\/td><td>0.010<\/td><td>0.010<\/td><td>0.020<\/td><td>0.010<\/td><td>0.01<\/td><\/tr><tr><td class=\"has-text-align-left\" data-align=\"left\"><strong>O<\/strong><\/td><td>0.018<\/td><td>0.02<\/td><td>0.017<\/td><td>0.015<\/td><td>0.01<\/td><\/tr><tr><td class=\"has-text-align-left\" data-align=\"left\"><strong>N<\/strong><\/td><td>0.004<\/td><td>0.01<\/td><td>0.004<\/td><td>0.004<\/td><td>0.003<\/td><\/tr><tr><td class=\"has-text-align-left\" data-align=\"left\"><strong>Sn<\/strong><\/td><td>0.001<\/td><td>0.001<\/td><td>0.001<\/td><td>0.001<\/td><td>0.001<\/td><\/tr><tr><td class=\"has-text-align-left\" data-align=\"left\"><strong>Pb<\/strong><\/td><td>0.001<\/td><td>0.001<\/td><td>0.001<\/td><td>0.001<\/td><td>0.001<\/td><\/tr><tr><td class=\"has-text-align-left\" data-align=\"left\"><strong>Fe<\/strong><\/td><td>Balance<\/td><td>Balance<\/td><td>Balance<\/td><td>Balance<\/td><td>Balance<\/td><\/tr><\/tbody><\/table><\/figure>\n<\/div>\n\n\n\n<div id=\"wp-block-themeisle-blocks-advanced-column-0a08d3e8\" class=\"wp-block-themeisle-blocks-advanced-column ticss-883b4422\">\n<p class=\"has-normal-font-size\">Cette gamme de produits est utilis\u00e9e dans la production d\u2019alliages inoxydables et \u00e0 base de nickel, ainsi que de superalliages coul\u00e9s sous vide. La puret\u00e9 globalement tr\u00e8s \u00e9lev\u00e9ede produits chez Allied Metals&nbsp;\u200boffre une teneur particuli\u00e8rement faible en phosphore et en soufre. \u00c9tant donn\u00e9 le large \u00e9ventail de produits figurant dans cette classification, nous avons \u00e9galement la possibilit\u00e9 de ma\u00eetriser les analyses chimiques en fonction des exigences sp\u00e9cifiques d\u2019une application donn\u00e9e. Les coul\u00e9es \u00e0 analyse chimique certifi\u00e9e assurent, lors des grandes coul\u00e9es, l\u2019uniformit\u00e9 et la m\u00e2itrise analytique dans la pr\u00e9paration et tra\u00e7abilit\u00e9 des charges.<\/p>\n\n\n\n<p class=\"has-normal-font-size\">Des analyses chimiques sp\u00e9cifiques sont disponibles pour r\u00e9pondre \u00e0 des besoins pr\u00e9cis. Notre forme de billette \u00e0 haute densit\u00e9 permet une manipulation facile pour l\u2019assemblage de la charge, un excellent couplage, un temps de fusion r\u00e9duit, un co\u00fbt \u00e9nerg\u00e9tique r\u00e9duit et ne n\u00e9cessite qu\u2019un espace de stockage minimal.<\/p>\n\n\n\n<p class=\"has-normal-font-size\"><strong>Forme et dimensions:<\/strong>\u200b&nbsp;Billettes<br><strong>Emballage:<\/strong>\u200b&nbsp;Emball\u00e9 selon les exigences individuelles<br><strong>Disponibilit\u00e9:<\/strong>\u200b&nbsp;Toutes les r\u00e9gions<\/p>\n\n\n\n<div id=\"wp-block-themeisle-blocks-button-group-818c8ec3\" class=\"wp-block-themeisle-blocks-button-group wp-block-buttons\">\n<div id=\"wp-block-themeisle-blocks-button-d5632cfc\" class=\"wp-block-themeisle-blocks-button wp-block-button is-style-outline\"><a href=\"https:\/\/alliedmet.com\/fr\/produits\/\" target=\"_self\" rel=\"noopener noreferrer\" class=\"wp-block-button__link\"><span>GAMME DE PRODUITS COMPL\u00c8TE<\/span><\/a><\/div>\n\n\n\n<div id=\"wp-block-themeisle-blocks-button-db081f86\" class=\"wp-block-themeisle-blocks-button wp-block-button\"><a href=\"https:\/\/alliedmet.com\/fr\/demande-de-devis\/\" target=\"_self\" rel=\"noopener noreferrer\" class=\"wp-block-button__link\"><span>OBTENIR UN DEVIS<\/span><\/a><\/div>\n<\/div>\n<\/div>\n<\/div><\/div>\n","protected":false},"excerpt":{"rendered":"","protected":false},"author":1,"featured_media":0,"parent":0,"menu_order":0,"comment_status":"closed","ping_status":"closed","template":"","meta":{"neve_meta_sidebar":"default","neve_meta_container":"default","neve_meta_enable_content_width":"off","neve_meta_content_width":100,"neve_meta_title_alignment":"","neve_meta_author_avatar":"","neve_post_elements_order":"","neve_meta_disable_header":"off","neve_meta_disable_footer":"off","neve_meta_disable_title":"on","_themeisle_gutenberg_block_has_review":false,"footnotes":""},"class_list":["post-3243","page","type-page","status-publish","hentry"],"yoast_head":"<!-- This site is optimized with the Yoast SEO Premium plugin v27.3 (Yoast SEO v27.3) - https:\/\/yoast.com\/product\/yoast-seo-premium-wordpress\/ -->\n<title>ALLIEDIRON\u00ae (HAUTE PURET\u00c9 LE FER) - Allied Metals Corporation<\/title>\n<meta name=\"description\" content=\"Cette gamme de produits est utilis\u00e9e dans la production d\u2019alliages inoxydables et \u00e0 base de nickel, ainsi que de superalliages coul\u00e9s sous vide. La puret\u00e9 globalement tr\u00e8s \u00e9lev\u00e9ede produits chez Allied Metals \u200boffre une teneur particuli\u00e8rement faible en phosphore et en soufre. \u00c9tant donn\u00e9 le large \u00e9ventail de produits figurant dans cette classification, nous avons \u00e9galement la possibilit\u00e9 de ma\u00eetriser les analyses chimiques en fonction des exigences sp\u00e9cifiques d\u2019une application donn\u00e9e. Les coul\u00e9es \u00e0 analyse chimique certifi\u00e9e assurent, lors des grandes coul\u00e9es, l\u2019uniformit\u00e9 et la m\u00e2itrise analytique dans la pr\u00e9paration et tra\u00e7abilit\u00e9 des charges. Des analyses chimiques sp\u00e9cifiques sont disponibles pour r\u00e9pondre \u00e0 des besoins pr\u00e9cis. Notre forme de billette \u00e0 haute densit\u00e9 permet une manipulation facile pour l\u2019assemblage de la charge, un excellent couplage, un temps de fusion r\u00e9duit, un co\u00fbt \u00e9nerg\u00e9tique r\u00e9duit et ne n\u00e9cessite qu\u2019un espace de stockage minimal.\" \/>\n<meta name=\"robots\" content=\"index, follow, max-snippet:-1, max-image-preview:large, max-video-preview:-1\" \/>\n<link rel=\"canonical\" href=\"https:\/\/alliedmet.com\/fr\/haute-purete-le-fer\/\" \/>\n<meta property=\"og:locale\" content=\"fr_FR\" \/>\n<meta property=\"og:type\" content=\"article\" \/>\n<meta property=\"og:title\" content=\"ALLIEDIRON\u00ae (HAUTE PURET\u00c9 LE FER)\" \/>\n<meta property=\"og:description\" content=\"Cette gamme de produits est utilis\u00e9e dans la production d\u2019alliages inoxydables et \u00e0 base de nickel, ainsi que de superalliages coul\u00e9s sous vide. La puret\u00e9 globalement tr\u00e8s \u00e9lev\u00e9ede produits chez Allied Metals \u200boffre une teneur particuli\u00e8rement faible en phosphore et en soufre. \u00c9tant donn\u00e9 le large \u00e9ventail de produits figurant dans cette classification, nous avons \u00e9galement la possibilit\u00e9 de ma\u00eetriser les analyses chimiques en fonction des exigences sp\u00e9cifiques d\u2019une application donn\u00e9e. Les coul\u00e9es \u00e0 analyse chimique certifi\u00e9e assurent, lors des grandes coul\u00e9es, l\u2019uniformit\u00e9 et la m\u00e2itrise analytique dans la pr\u00e9paration et tra\u00e7abilit\u00e9 des charges. Des analyses chimiques sp\u00e9cifiques sont disponibles pour r\u00e9pondre \u00e0 des besoins pr\u00e9cis. Notre forme de billette \u00e0 haute densit\u00e9 permet une manipulation facile pour l\u2019assemblage de la charge, un excellent couplage, un temps de fusion r\u00e9duit, un co\u00fbt \u00e9nerg\u00e9tique r\u00e9duit et ne n\u00e9cessite qu\u2019un espace de stockage minimal.\" \/>\n<meta property=\"og:url\" content=\"https:\/\/alliedmet.com\/fr\/haute-purete-le-fer\/\" \/>\n<meta property=\"og:site_name\" content=\"Allied Metals Corporation\" \/>\n<meta property=\"article:modified_time\" content=\"2022-10-21T03:58:20+00:00\" \/>\n<meta property=\"og:image\" content=\"https:\/\/alliedmet.com\/wp-content\/uploads\/2019\/08\/allied-metal-products-image-high-purity-iron_cropped.png\" \/>\n<meta name=\"twitter:card\" content=\"summary_large_image\" \/>\n<meta name=\"twitter:label1\" content=\"Dur\u00e9e de lecture estim\u00e9e\" \/>\n\t<meta name=\"twitter:data1\" content=\"2 minutes\" \/>\n<script type=\"application\/ld+json\" class=\"yoast-schema-graph\">{\"@context\":\"https:\\\/\\\/schema.org\",\"@graph\":[{\"@type\":\"WebPage\",\"@id\":\"https:\\\/\\\/alliedmet.com\\\/fr\\\/haute-purete-le-fer\\\/\",\"url\":\"https:\\\/\\\/alliedmet.com\\\/fr\\\/haute-purete-le-fer\\\/\",\"name\":\"ALLIEDIRON\u00ae (HAUTE PURET\u00c9 LE FER) - Allied Metals Corporation\",\"isPartOf\":{\"@id\":\"https:\\\/\\\/alliedmet.com\\\/fr\\\/#website\"},\"primaryImageOfPage\":{\"@id\":\"https:\\\/\\\/alliedmet.com\\\/fr\\\/haute-purete-le-fer\\\/#primaryimage\"},\"image\":{\"@id\":\"https:\\\/\\\/alliedmet.com\\\/fr\\\/haute-purete-le-fer\\\/#primaryimage\"},\"thumbnailUrl\":\"https:\\\/\\\/alliedmet.com\\\/wp-content\\\/uploads\\\/2019\\\/08\\\/allied-metal-products-image-high-purity-iron_cropped.png\",\"datePublished\":\"2020-03-19T22:42:25+00:00\",\"dateModified\":\"2022-10-21T03:58:20+00:00\",\"description\":\"Cette gamme de produits est utilis\u00e9e dans la production d\u2019alliages inoxydables et \u00e0 base de nickel, ainsi que de superalliages coul\u00e9s sous vide. La puret\u00e9 globalement tr\u00e8s \u00e9lev\u00e9ede produits chez Allied Metals \u200boffre une teneur particuli\u00e8rement faible en phosphore et en soufre. \u00c9tant donn\u00e9 le large \u00e9ventail de produits figurant dans cette classification, nous avons \u00e9galement la possibilit\u00e9 de ma\u00eetriser les analyses chimiques en fonction des exigences sp\u00e9cifiques d\u2019une application donn\u00e9e. Les coul\u00e9es \u00e0 analyse chimique certifi\u00e9e assurent, lors des grandes coul\u00e9es, l\u2019uniformit\u00e9 et la m\u00e2itrise analytique dans la pr\u00e9paration et tra\u00e7abilit\u00e9 des charges. Des analyses chimiques sp\u00e9cifiques sont disponibles pour r\u00e9pondre \u00e0 des besoins pr\u00e9cis. Notre forme de billette \u00e0 haute densit\u00e9 permet une manipulation facile pour l\u2019assemblage de la charge, un excellent couplage, un temps de fusion r\u00e9duit, un co\u00fbt \u00e9nerg\u00e9tique r\u00e9duit et ne n\u00e9cessite qu\u2019un espace de stockage minimal.\",\"breadcrumb\":{\"@id\":\"https:\\\/\\\/alliedmet.com\\\/fr\\\/haute-purete-le-fer\\\/#breadcrumb\"},\"inLanguage\":\"fr-FR\",\"potentialAction\":[{\"@type\":\"ReadAction\",\"target\":[\"https:\\\/\\\/alliedmet.com\\\/fr\\\/haute-purete-le-fer\\\/\"]}]},{\"@type\":\"ImageObject\",\"inLanguage\":\"fr-FR\",\"@id\":\"https:\\\/\\\/alliedmet.com\\\/fr\\\/haute-purete-le-fer\\\/#primaryimage\",\"url\":\"https:\\\/\\\/alliedmet.com\\\/wp-content\\\/uploads\\\/2019\\\/08\\\/allied-metal-products-image-high-purity-iron_cropped.png\",\"contentUrl\":\"https:\\\/\\\/alliedmet.com\\\/wp-content\\\/uploads\\\/2019\\\/08\\\/allied-metal-products-image-high-purity-iron_cropped.png\"},{\"@type\":\"BreadcrumbList\",\"@id\":\"https:\\\/\\\/alliedmet.com\\\/fr\\\/haute-purete-le-fer\\\/#breadcrumb\",\"itemListElement\":[{\"@type\":\"ListItem\",\"position\":1,\"name\":\"Home\",\"item\":\"https:\\\/\\\/alliedmet.com\\\/fr\\\/\"},{\"@type\":\"ListItem\",\"position\":2,\"name\":\"ALLIEDIRON\u00ae (HAUTE PURET\u00c9 LE FER)\"}]},{\"@type\":\"WebSite\",\"@id\":\"https:\\\/\\\/alliedmet.com\\\/fr\\\/#website\",\"url\":\"https:\\\/\\\/alliedmet.com\\\/fr\\\/\",\"name\":\"Allied Metals Corporation\",\"description\":\"High Purity Iron and Low Carbon Iron\",\"publisher\":{\"@id\":\"https:\\\/\\\/alliedmet.com\\\/fr\\\/#organization\"},\"potentialAction\":[{\"@type\":\"SearchAction\",\"target\":{\"@type\":\"EntryPoint\",\"urlTemplate\":\"https:\\\/\\\/alliedmet.com\\\/fr\\\/?s={search_term_string}\"},\"query-input\":{\"@type\":\"PropertyValueSpecification\",\"valueRequired\":true,\"valueName\":\"search_term_string\"}}],\"inLanguage\":\"fr-FR\"},{\"@type\":\"Organization\",\"@id\":\"https:\\\/\\\/alliedmet.com\\\/fr\\\/#organization\",\"name\":\"Allied Metals Corporation\",\"url\":\"https:\\\/\\\/alliedmet.com\\\/fr\\\/\",\"logo\":{\"@type\":\"ImageObject\",\"inLanguage\":\"fr-FR\",\"@id\":\"https:\\\/\\\/alliedmet.com\\\/fr\\\/#\\\/schema\\\/logo\\\/image\\\/\",\"url\":\"https:\\\/\\\/alliedmet.com\\\/wp-content\\\/uploads\\\/2019\\\/07\\\/AMC-English-logo.png\",\"contentUrl\":\"https:\\\/\\\/alliedmet.com\\\/wp-content\\\/uploads\\\/2019\\\/07\\\/AMC-English-logo.png\",\"width\":1029,\"height\":317,\"caption\":\"Allied Metals Corporation\"},\"image\":{\"@id\":\"https:\\\/\\\/alliedmet.com\\\/fr\\\/#\\\/schema\\\/logo\\\/image\\\/\"},\"sameAs\":[\"https:\\\/\\\/www.linkedin.com\\\/company\\\/allied-metals\"]}]}<\/script>\n<!-- \/ Yoast SEO Premium plugin. -->","yoast_head_json":{"title":"ALLIEDIRON\u00ae (HAUTE PURET\u00c9 LE FER) - Allied Metals Corporation","description":"Cette gamme de produits est utilis\u00e9e dans la production d\u2019alliages inoxydables et \u00e0 base de nickel, ainsi que de superalliages coul\u00e9s sous vide. La puret\u00e9 globalement tr\u00e8s \u00e9lev\u00e9ede produits chez Allied Metals \u200boffre une teneur particuli\u00e8rement faible en phosphore et en soufre. \u00c9tant donn\u00e9 le large \u00e9ventail de produits figurant dans cette classification, nous avons \u00e9galement la possibilit\u00e9 de ma\u00eetriser les analyses chimiques en fonction des exigences sp\u00e9cifiques d\u2019une application donn\u00e9e. Les coul\u00e9es \u00e0 analyse chimique certifi\u00e9e assurent, lors des grandes coul\u00e9es, l\u2019uniformit\u00e9 et la m\u00e2itrise analytique dans la pr\u00e9paration et tra\u00e7abilit\u00e9 des charges. Des analyses chimiques sp\u00e9cifiques sont disponibles pour r\u00e9pondre \u00e0 des besoins pr\u00e9cis. Notre forme de billette \u00e0 haute densit\u00e9 permet une manipulation facile pour l\u2019assemblage de la charge, un excellent couplage, un temps de fusion r\u00e9duit, un co\u00fbt \u00e9nerg\u00e9tique r\u00e9duit et ne n\u00e9cessite qu\u2019un espace de stockage minimal.","robots":{"index":"index","follow":"follow","max-snippet":"max-snippet:-1","max-image-preview":"max-image-preview:large","max-video-preview":"max-video-preview:-1"},"canonical":"https:\/\/alliedmet.com\/fr\/haute-purete-le-fer\/","og_locale":"fr_FR","og_type":"article","og_title":"ALLIEDIRON\u00ae (HAUTE PURET\u00c9 LE FER)","og_description":"Cette gamme de produits est utilis\u00e9e dans la production d\u2019alliages inoxydables et \u00e0 base de nickel, ainsi que de superalliages coul\u00e9s sous vide. La puret\u00e9 globalement tr\u00e8s \u00e9lev\u00e9ede produits chez Allied Metals \u200boffre une teneur particuli\u00e8rement faible en phosphore et en soufre. \u00c9tant donn\u00e9 le large \u00e9ventail de produits figurant dans cette classification, nous avons \u00e9galement la possibilit\u00e9 de ma\u00eetriser les analyses chimiques en fonction des exigences sp\u00e9cifiques d\u2019une application donn\u00e9e. Les coul\u00e9es \u00e0 analyse chimique certifi\u00e9e assurent, lors des grandes coul\u00e9es, l\u2019uniformit\u00e9 et la m\u00e2itrise analytique dans la pr\u00e9paration et tra\u00e7abilit\u00e9 des charges. Des analyses chimiques sp\u00e9cifiques sont disponibles pour r\u00e9pondre \u00e0 des besoins pr\u00e9cis. Notre forme de billette \u00e0 haute densit\u00e9 permet une manipulation facile pour l\u2019assemblage de la charge, un excellent couplage, un temps de fusion r\u00e9duit, un co\u00fbt \u00e9nerg\u00e9tique r\u00e9duit et ne n\u00e9cessite qu\u2019un espace de stockage minimal.","og_url":"https:\/\/alliedmet.com\/fr\/haute-purete-le-fer\/","og_site_name":"Allied Metals Corporation","article_modified_time":"2022-10-21T03:58:20+00:00","og_image":[{"url":"https:\/\/alliedmet.com\/wp-content\/uploads\/2019\/08\/allied-metal-products-image-high-purity-iron_cropped.png","type":"","width":"","height":""}],"twitter_card":"summary_large_image","twitter_misc":{"Dur\u00e9e de lecture estim\u00e9e":"2 minutes"},"schema":{"@context":"https:\/\/schema.org","@graph":[{"@type":"WebPage","@id":"https:\/\/alliedmet.com\/fr\/haute-purete-le-fer\/","url":"https:\/\/alliedmet.com\/fr\/haute-purete-le-fer\/","name":"ALLIEDIRON\u00ae (HAUTE PURET\u00c9 LE FER) - Allied Metals Corporation","isPartOf":{"@id":"https:\/\/alliedmet.com\/fr\/#website"},"primaryImageOfPage":{"@id":"https:\/\/alliedmet.com\/fr\/haute-purete-le-fer\/#primaryimage"},"image":{"@id":"https:\/\/alliedmet.com\/fr\/haute-purete-le-fer\/#primaryimage"},"thumbnailUrl":"https:\/\/alliedmet.com\/wp-content\/uploads\/2019\/08\/allied-metal-products-image-high-purity-iron_cropped.png","datePublished":"2020-03-19T22:42:25+00:00","dateModified":"2022-10-21T03:58:20+00:00","description":"Cette gamme de produits est utilis\u00e9e dans la production d\u2019alliages inoxydables et \u00e0 base de nickel, ainsi que de superalliages coul\u00e9s sous vide. La puret\u00e9 globalement tr\u00e8s \u00e9lev\u00e9ede produits chez Allied Metals \u200boffre une teneur particuli\u00e8rement faible en phosphore et en soufre. \u00c9tant donn\u00e9 le large \u00e9ventail de produits figurant dans cette classification, nous avons \u00e9galement la possibilit\u00e9 de ma\u00eetriser les analyses chimiques en fonction des exigences sp\u00e9cifiques d\u2019une application donn\u00e9e. Les coul\u00e9es \u00e0 analyse chimique certifi\u00e9e assurent, lors des grandes coul\u00e9es, l\u2019uniformit\u00e9 et la m\u00e2itrise analytique dans la pr\u00e9paration et tra\u00e7abilit\u00e9 des charges. Des analyses chimiques sp\u00e9cifiques sont disponibles pour r\u00e9pondre \u00e0 des besoins pr\u00e9cis. Notre forme de billette \u00e0 haute densit\u00e9 permet une manipulation facile pour l\u2019assemblage de la charge, un excellent couplage, un temps de fusion r\u00e9duit, un co\u00fbt \u00e9nerg\u00e9tique r\u00e9duit et ne n\u00e9cessite qu\u2019un espace de stockage minimal.","breadcrumb":{"@id":"https:\/\/alliedmet.com\/fr\/haute-purete-le-fer\/#breadcrumb"},"inLanguage":"fr-FR","potentialAction":[{"@type":"ReadAction","target":["https:\/\/alliedmet.com\/fr\/haute-purete-le-fer\/"]}]},{"@type":"ImageObject","inLanguage":"fr-FR","@id":"https:\/\/alliedmet.com\/fr\/haute-purete-le-fer\/#primaryimage","url":"https:\/\/alliedmet.com\/wp-content\/uploads\/2019\/08\/allied-metal-products-image-high-purity-iron_cropped.png","contentUrl":"https:\/\/alliedmet.com\/wp-content\/uploads\/2019\/08\/allied-metal-products-image-high-purity-iron_cropped.png"},{"@type":"BreadcrumbList","@id":"https:\/\/alliedmet.com\/fr\/haute-purete-le-fer\/#breadcrumb","itemListElement":[{"@type":"ListItem","position":1,"name":"Home","item":"https:\/\/alliedmet.com\/fr\/"},{"@type":"ListItem","position":2,"name":"ALLIEDIRON\u00ae (HAUTE PURET\u00c9 LE FER)"}]},{"@type":"WebSite","@id":"https:\/\/alliedmet.com\/fr\/#website","url":"https:\/\/alliedmet.com\/fr\/","name":"Allied Metals Corporation","description":"High Purity Iron and Low Carbon Iron","publisher":{"@id":"https:\/\/alliedmet.com\/fr\/#organization"},"potentialAction":[{"@type":"SearchAction","target":{"@type":"EntryPoint","urlTemplate":"https:\/\/alliedmet.com\/fr\/?s={search_term_string}"},"query-input":{"@type":"PropertyValueSpecification","valueRequired":true,"valueName":"search_term_string"}}],"inLanguage":"fr-FR"},{"@type":"Organization","@id":"https:\/\/alliedmet.com\/fr\/#organization","name":"Allied Metals Corporation","url":"https:\/\/alliedmet.com\/fr\/","logo":{"@type":"ImageObject","inLanguage":"fr-FR","@id":"https:\/\/alliedmet.com\/fr\/#\/schema\/logo\/image\/","url":"https:\/\/alliedmet.com\/wp-content\/uploads\/2019\/07\/AMC-English-logo.png","contentUrl":"https:\/\/alliedmet.com\/wp-content\/uploads\/2019\/07\/AMC-English-logo.png","width":1029,"height":317,"caption":"Allied Metals Corporation"},"image":{"@id":"https:\/\/alliedmet.com\/fr\/#\/schema\/logo\/image\/"},"sameAs":["https:\/\/www.linkedin.com\/company\/allied-metals"]}]}},"_links":{"self":[{"href":"https:\/\/alliedmet.com\/fr\/wp-json\/wp\/v2\/pages\/3243","targetHints":{"allow":["GET"]}}],"collection":[{"href":"https:\/\/alliedmet.com\/fr\/wp-json\/wp\/v2\/pages"}],"about":[{"href":"https:\/\/alliedmet.com\/fr\/wp-json\/wp\/v2\/types\/page"}],"author":[{"embeddable":true,"href":"https:\/\/alliedmet.com\/fr\/wp-json\/wp\/v2\/users\/1"}],"replies":[{"embeddable":true,"href":"https:\/\/alliedmet.com\/fr\/wp-json\/wp\/v2\/comments?post=3243"}],"version-history":[{"count":0,"href":"https:\/\/alliedmet.com\/fr\/wp-json\/wp\/v2\/pages\/3243\/revisions"}],"wp:attachment":[{"href":"https:\/\/alliedmet.com\/fr\/wp-json\/wp\/v2\/media?parent=3243"}],"curies":[{"name":"wp","href":"https:\/\/api.w.org\/{rel}","templated":true}]}}