{"id":3258,"date":"2020-03-19T23:04:24","date_gmt":"2020-03-19T23:04:24","guid":{"rendered":"https:\/\/alliedmet.com\/?page_id=3258"},"modified":"2022-10-20T21:26:45","modified_gmt":"2022-10-20T21:26:45","slug":"flocons-de-fer-electrolytique","status":"publish","type":"page","link":"https:\/\/alliedmet.com\/fr\/flocons-de-fer-electrolytique\/","title":{"rendered":"Flocons de fer \u00e9lectrolytique"},"content":{"rendered":"\n<div id=\"wp-block-themeisle-blocks-advanced-columns-68154cec\" class=\"wp-block-themeisle-blocks-advanced-columns alignfull has-1-columns has-desktop-equal-layout has-tablet-equal-layout has-mobile-equal-layout has-vertical-unset\"><div class=\"wp-block-themeisle-blocks-advanced-columns-overlay\"><\/div><div class=\"innerblocks-wrap\">\n<div id=\"wp-block-themeisle-blocks-advanced-column-662991bf\" class=\"wp-block-themeisle-blocks-advanced-column ticss-84b28bb4\">\n<div style=\"height:20px\" aria-hidden=\"true\" class=\"wp-block-spacer ticss-d5c866b1\"><\/div>\n<\/div>\n<\/div><\/div>\n\n\n\n<div id=\"wp-block-themeisle-blocks-advanced-columns-14ed5597\" class=\"wp-block-themeisle-blocks-advanced-columns has-2-columns has-desktop-equal-layout has-tablet-collapsedRows-layout has-mobile-collapsedRows-layout has-vertical-unset\"><div class=\"wp-block-themeisle-blocks-advanced-columns-overlay\"><\/div><div class=\"innerblocks-wrap\">\n<div id=\"wp-block-themeisle-blocks-advanced-column-1a939adb\" class=\"wp-block-themeisle-blocks-advanced-column ticss-1165c512\">\n<h1 class=\"wp-block-heading\" id=\"h-flocons-de-fer-electrolytique\">FLOCONS DE FER \u00c9LECTROLYTIQUE<\/h1>\n\n\n\n<figure class=\"wp-block-image size-large ticss-d2d99dc0\"><img decoding=\"async\" width=\"641\" height=\"276\" data-src=\"https:\/\/alliedmet.com\/wp-content\/uploads\/2019\/08\/allied_metal-products_image_iron_flakes.jpg\" alt=\"Gr\u00e2ce \u00e0 des proc\u00e9d\u00e9s de fabrication innovants, des pratiques de contr\u00f4le de qualit\u00e9 strictes et des ann\u00e9es de d\u00e9veloppement, Allied Metals est fier de produire le fer \u00e9lectrolytique de la plus haute qualit\u00e9 disponible dans le monde entier.\" class=\"wp-image-3585 lazyload\" data-srcset=\"https:\/\/alliedmet.com\/wp-content\/uploads\/2019\/08\/allied_metal-products_image_iron_flakes.jpg 641w, https:\/\/alliedmet.com\/wp-content\/uploads\/2019\/08\/allied_metal-products_image_iron_flakes-300x129.jpg 300w\" data-sizes=\"(max-width: 641px) 100vw, 641px\" src=\"data:image\/svg+xml;base64,PHN2ZyB3aWR0aD0iMSIgaGVpZ2h0PSIxIiB4bWxucz0iaHR0cDovL3d3dy53My5vcmcvMjAwMC9zdmciPjwvc3ZnPg==\" style=\"--smush-placeholder-width: 641px; --smush-placeholder-aspect-ratio: 641\/276;\" \/><\/figure>\n\n\n\n<div style=\"height:30px\" aria-hidden=\"true\" class=\"wp-block-spacer ticss-d6ae6074\"><\/div>\n\n\n\n<h3 class=\"has-text-align-center ticss-393ec1b6 wp-block-heading\" id=\"h-flocons-de-fer-electrolytique-1\"><strong>Flocons de fer \u00e9lectrolytique<\/strong><\/h3>\n\n\n\n<figure class=\"wp-block-table ticss-a7e9b9a3\"><table><tbody><tr><td>&nbsp;&nbsp;&nbsp;&nbsp;&nbsp;&nbsp;&nbsp;&nbsp;&nbsp;&nbsp;&nbsp;&nbsp;&nbsp;&nbsp;<\/td><td class=\"has-text-align-right\" data-align=\"right\"><strong>Ultra-High Purity<\/strong> <\/td><td class=\"has-text-align-right\" data-align=\"right\"><strong>Low Gas Ultra-High Purity <\/strong><\/td><\/tr><\/tbody><\/table><\/figure>\n\n\n\n<figure class=\"wp-block-table ticss-6fdf6b50\"><table class=\"has-fixed-layout\"><tbody><tr><td><strong>Analysis (%)<\/strong><\/td><td>Guaranteed<\/td><td>Typical<\/td><td>Guaranteed<\/td><td>Typical<\/td><\/tr><tr><td><strong>C<\/strong><\/td><td>0.004<\/td><td>&lt; 0.003<\/td><td>0.003<\/td><td>&lt; 0.002<\/td><\/tr><tr><td><strong>S<\/strong><\/td><td>0.002<\/td><td>&lt; 0.001<\/td><td>0.002<\/td><td>&lt; 0.0005<\/td><\/tr><tr><td><strong>N<\/strong><\/td><td>0.003<\/td><td>&lt; 0.002<\/td><td>0.0010<\/td><td>\u2264 0.0005<\/td><\/tr><tr><td><strong>O<\/strong><\/td><td>0.025<\/td><td>0.0150<\/td><td>0.0150<\/td><td>&lt; 0.0150<\/td><\/tr><tr><td><strong>P<\/strong><\/td><td>0.0020<\/td><td>0.001<\/td><td>0.001<\/td><td>&lt; 0.001<\/td><\/tr><tr><td><strong>Mn<\/strong><\/td><td>0.0020<\/td><td>&lt; 0.0010<\/td><td>0.001<\/td><td>&lt; 0.0005<\/td><\/tr><tr><td><strong>Si<\/strong><\/td><td>0.001<\/td><td>&lt; 0.0005<\/td><td>0.001<\/td><td>&lt; 0.0005<\/td><\/tr><\/tbody><\/table><\/figure>\n<\/div>\n\n\n\n<div id=\"wp-block-themeisle-blocks-advanced-column-ae010f02\" class=\"wp-block-themeisle-blocks-advanced-column\">\n<p class=\"has-normal-font-size\">Gr\u00e2ce \u00e0 des proc\u00e9d\u00e9s de fabrication innovants, des pratiques de contr\u00f4le de qualit\u00e9 strictes et des ann\u00e9es de d\u00e9veloppement, Allied Metals est fier de produire le fer \u00e9lectrolytique de la plus haute qualit\u00e9 disponible dans le monde entier. La purification \u00e9lectrochimique complexe permet d\u2019\u00e9liminer les \u00e9l\u00e9ments d\u00e9l\u00e9t\u00e8res afin d\u2019atteindre des niveaux de puret\u00e9 allant jusqu\u2019\u00e0 99,99 % (4N) de fer. Peut-\u00eatre tout aussi important que la puret\u00e9, le haut niveau d\u2019uniformit\u00e9 que notre fer \u00e9lectrolytique offre est le r\u00e9sultat des m\u00e9thodes de production avanc\u00e9es utilis\u00e9es pour le fabriquer.<\/p>\n\n\n\n<p class=\"has-normal-font-size\">En plus de notre qualit\u00e9 standard d\u2019ultra-haute puret\u00e9, nous produisons \u00e9galement une qualit\u00e9 d\u2019ultra-haute puret\u00e9 \u00e0 faible teneur en gaz qui est ensuite raffin\u00e9 pour \u00e9liminer les impuret\u00e9s gazeuses, telles que l\u2019azote, l\u2019oxyg\u00e8ne, le soufre et le carbone. Bien que la grande puret\u00e9 de notre fer \u00e9lectrolytique permette au mat\u00e9riau de r\u00e9pondre \u00e0 la plupart des exigences chimiques, nous pouvons souvent produire un mat\u00e9riau selon vos sp\u00e9cifications individuelles. En outre, nous avons la capacit\u00e9 de produire du fer \u00e9lectrolytique de diff\u00e9rentes tailles et \u00e9paisseurs. Notre expertise dans la production de ce mat\u00e9riau nous permet de r\u00e9pondre \u00e0 la plupart des exigences sp\u00e9cifiques des clients.<\/p>\n\n\n\n<p class=\"has-normal-font-size\"><strong>Forme et dimensions:<\/strong>\u200b&nbsp;Flocons<br><strong>Emballage:<\/strong>\u200b&nbsp;Emball\u00e9 selon les exigences individuelles<br><strong>Disponibilit\u00e9:<\/strong>\u200b&nbsp;Toutes les r\u00e9gions<\/p>\n\n\n\n<div id=\"wp-block-themeisle-blocks-button-group-e30cfb7a\" class=\"wp-block-themeisle-blocks-button-group wp-block-buttons\">\n<div id=\"wp-block-themeisle-blocks-button-8f05cef2\" class=\"wp-block-themeisle-blocks-button wp-block-button is-style-outline\"><a href=\"https:\/\/alliedmet.com\/fr\/produits\/\" target=\"_self\" rel=\"noopener noreferrer\" class=\"wp-block-button__link\"><span>GAMME DE PRODUITS COMPL\u00c8TE<\/span><\/a><\/div>\n\n\n\n<div id=\"wp-block-themeisle-blocks-button-9f4c465b\" class=\"wp-block-themeisle-blocks-button wp-block-button\"><a href=\"https:\/\/alliedmet.com\/fr\/demande-de-devis\/\" target=\"_self\" rel=\"noopener noreferrer\" class=\"wp-block-button__link\"><span>OBTENIR UN DEVIS<\/span><\/a><\/div>\n<\/div>\n<\/div>\n<\/div><\/div>\n","protected":false},"excerpt":{"rendered":"","protected":false},"author":1,"featured_media":0,"parent":0,"menu_order":0,"comment_status":"closed","ping_status":"closed","template":"","meta":{"neve_meta_sidebar":"default","neve_meta_container":"","neve_meta_enable_content_width":"off","neve_meta_content_width":100,"neve_meta_title_alignment":"","neve_meta_author_avatar":"","neve_post_elements_order":"","neve_meta_disable_header":"off","neve_meta_disable_footer":"off","neve_meta_disable_title":"on","_themeisle_gutenberg_block_has_review":false,"footnotes":""},"class_list":["post-3258","page","type-page","status-publish","hentry"],"yoast_head":"<!-- This site is optimized with the Yoast SEO Premium plugin v27.3 (Yoast SEO v27.3) - https:\/\/yoast.com\/product\/yoast-seo-premium-wordpress\/ -->\n<title>Flocons de fer \u00e9lectrolytique - Allied Metals Corporation<\/title>\n<meta name=\"description\" content=\"Gr\u00e2ce \u00e0 des proc\u00e9d\u00e9s de fabrication innovants, des pratiques de contr\u00f4le de qualit\u00e9 strictes et des ann\u00e9es de d\u00e9veloppement, Allied Metals est fier de produire le fer \u00e9lectrolytique de la plus haute qualit\u00e9 disponible dans le monde entier. La purification \u00e9lectrochimique complexe permet d\u2019\u00e9liminer les \u00e9l\u00e9ments d\u00e9l\u00e9t\u00e8res afin d\u2019atteindre des niveaux de puret\u00e9 allant jusqu\u2019\u00e0 99,99 % (4N) de fer. Peut-\u00eatre tout aussi important que la puret\u00e9, le haut niveau d\u2019uniformit\u00e9 que notre fer \u00e9lectrolytique offre est le r\u00e9sultat des m\u00e9thodes de production avanc\u00e9es utilis\u00e9es pour le fabriquer. En plus de notre qualit\u00e9 standard d\u2019ultra-haute puret\u00e9, nous produisons \u00e9galement une qualit\u00e9 d\u2019ultra-haute puret\u00e9 \u00e0 faible teneur en gaz qui est ensuite raffin\u00e9 pour \u00e9liminer les impuret\u00e9s gazeuses, telles que l\u2019azote, l\u2019oxyg\u00e8ne, le soufre et le carbone. Bien que la grande puret\u00e9 de notre fer \u00e9lectrolytique permette au mat\u00e9riau de r\u00e9pondre \u00e0 la plupart des exigences chimiques, nous pouvons souvent produire un mat\u00e9riau selon vos sp\u00e9cifications individuelles. En outre, nous avons la capacit\u00e9 de produire du fer \u00e9lectrolytique de diff\u00e9rentes tailles et \u00e9paisseurs. Notre expertise dans la production de ce mat\u00e9riau nous permet de r\u00e9pondre \u00e0 la plupart des exigences sp\u00e9cifiques des clients.\" \/>\n<meta name=\"robots\" content=\"index, follow, max-snippet:-1, max-image-preview:large, max-video-preview:-1\" \/>\n<link rel=\"canonical\" href=\"https:\/\/alliedmet.com\/fr\/flocons-de-fer-electrolytique\/\" \/>\n<meta property=\"og:locale\" content=\"fr_FR\" \/>\n<meta property=\"og:type\" content=\"article\" \/>\n<meta property=\"og:title\" content=\"Flocons de fer \u00e9lectrolytique\" \/>\n<meta property=\"og:description\" content=\"Gr\u00e2ce \u00e0 des proc\u00e9d\u00e9s de fabrication innovants, des pratiques de contr\u00f4le de qualit\u00e9 strictes et des ann\u00e9es de d\u00e9veloppement, Allied Metals est fier de produire le fer \u00e9lectrolytique de la plus haute qualit\u00e9 disponible dans le monde entier. La purification \u00e9lectrochimique complexe permet d\u2019\u00e9liminer les \u00e9l\u00e9ments d\u00e9l\u00e9t\u00e8res afin d\u2019atteindre des niveaux de puret\u00e9 allant jusqu\u2019\u00e0 99,99 % (4N) de fer. Peut-\u00eatre tout aussi important que la puret\u00e9, le haut niveau d\u2019uniformit\u00e9 que notre fer \u00e9lectrolytique offre est le r\u00e9sultat des m\u00e9thodes de production avanc\u00e9es utilis\u00e9es pour le fabriquer. En plus de notre qualit\u00e9 standard d\u2019ultra-haute puret\u00e9, nous produisons \u00e9galement une qualit\u00e9 d\u2019ultra-haute puret\u00e9 \u00e0 faible teneur en gaz qui est ensuite raffin\u00e9 pour \u00e9liminer les impuret\u00e9s gazeuses, telles que l\u2019azote, l\u2019oxyg\u00e8ne, le soufre et le carbone. Bien que la grande puret\u00e9 de notre fer \u00e9lectrolytique permette au mat\u00e9riau de r\u00e9pondre \u00e0 la plupart des exigences chimiques, nous pouvons souvent produire un mat\u00e9riau selon vos sp\u00e9cifications individuelles. En outre, nous avons la capacit\u00e9 de produire du fer \u00e9lectrolytique de diff\u00e9rentes tailles et \u00e9paisseurs. Notre expertise dans la production de ce mat\u00e9riau nous permet de r\u00e9pondre \u00e0 la plupart des exigences sp\u00e9cifiques des clients.\" \/>\n<meta property=\"og:url\" content=\"https:\/\/alliedmet.com\/fr\/flocons-de-fer-electrolytique\/\" \/>\n<meta property=\"og:site_name\" content=\"Allied Metals Corporation\" \/>\n<meta property=\"article:modified_time\" content=\"2022-10-20T21:26:45+00:00\" \/>\n<meta property=\"og:image\" content=\"https:\/\/alliedmet.com\/wp-content\/uploads\/2019\/08\/allied_metal-products_image_iron_flakes.jpg\" \/>\n<meta name=\"twitter:card\" content=\"summary_large_image\" \/>\n<meta name=\"twitter:label1\" content=\"Dur\u00e9e de lecture estim\u00e9e\" \/>\n\t<meta name=\"twitter:data1\" content=\"2 minutes\" \/>\n<script type=\"application\/ld+json\" class=\"yoast-schema-graph\">{\"@context\":\"https:\\\/\\\/schema.org\",\"@graph\":[{\"@type\":\"WebPage\",\"@id\":\"https:\\\/\\\/alliedmet.com\\\/fr\\\/flocons-de-fer-electrolytique\\\/\",\"url\":\"https:\\\/\\\/alliedmet.com\\\/fr\\\/flocons-de-fer-electrolytique\\\/\",\"name\":\"Flocons de fer \u00e9lectrolytique - Allied Metals Corporation\",\"isPartOf\":{\"@id\":\"https:\\\/\\\/alliedmet.com\\\/fr\\\/#website\"},\"primaryImageOfPage\":{\"@id\":\"https:\\\/\\\/alliedmet.com\\\/fr\\\/flocons-de-fer-electrolytique\\\/#primaryimage\"},\"image\":{\"@id\":\"https:\\\/\\\/alliedmet.com\\\/fr\\\/flocons-de-fer-electrolytique\\\/#primaryimage\"},\"thumbnailUrl\":\"https:\\\/\\\/alliedmet.com\\\/wp-content\\\/uploads\\\/2019\\\/08\\\/allied_metal-products_image_iron_flakes.jpg\",\"datePublished\":\"2020-03-19T23:04:24+00:00\",\"dateModified\":\"2022-10-20T21:26:45+00:00\",\"description\":\"Gr\u00e2ce \u00e0 des proc\u00e9d\u00e9s de fabrication innovants, des pratiques de contr\u00f4le de qualit\u00e9 strictes et des ann\u00e9es de d\u00e9veloppement, Allied Metals est fier de produire le fer \u00e9lectrolytique de la plus haute qualit\u00e9 disponible dans le monde entier. La purification \u00e9lectrochimique complexe permet d\u2019\u00e9liminer les \u00e9l\u00e9ments d\u00e9l\u00e9t\u00e8res afin d\u2019atteindre des niveaux de puret\u00e9 allant jusqu\u2019\u00e0 99,99 % (4N) de fer. Peut-\u00eatre tout aussi important que la puret\u00e9, le haut niveau d\u2019uniformit\u00e9 que notre fer \u00e9lectrolytique offre est le r\u00e9sultat des m\u00e9thodes de production avanc\u00e9es utilis\u00e9es pour le fabriquer. En plus de notre qualit\u00e9 standard d\u2019ultra-haute puret\u00e9, nous produisons \u00e9galement une qualit\u00e9 d\u2019ultra-haute puret\u00e9 \u00e0 faible teneur en gaz qui est ensuite raffin\u00e9 pour \u00e9liminer les impuret\u00e9s gazeuses, telles que l\u2019azote, l\u2019oxyg\u00e8ne, le soufre et le carbone. Bien que la grande puret\u00e9 de notre fer \u00e9lectrolytique permette au mat\u00e9riau de r\u00e9pondre \u00e0 la plupart des exigences chimiques, nous pouvons souvent produire un mat\u00e9riau selon vos sp\u00e9cifications individuelles. En outre, nous avons la capacit\u00e9 de produire du fer \u00e9lectrolytique de diff\u00e9rentes tailles et \u00e9paisseurs. Notre expertise dans la production de ce mat\u00e9riau nous permet de r\u00e9pondre \u00e0 la plupart des exigences sp\u00e9cifiques des clients.\",\"breadcrumb\":{\"@id\":\"https:\\\/\\\/alliedmet.com\\\/fr\\\/flocons-de-fer-electrolytique\\\/#breadcrumb\"},\"inLanguage\":\"fr-FR\",\"potentialAction\":[{\"@type\":\"ReadAction\",\"target\":[\"https:\\\/\\\/alliedmet.com\\\/fr\\\/flocons-de-fer-electrolytique\\\/\"]}]},{\"@type\":\"ImageObject\",\"inLanguage\":\"fr-FR\",\"@id\":\"https:\\\/\\\/alliedmet.com\\\/fr\\\/flocons-de-fer-electrolytique\\\/#primaryimage\",\"url\":\"https:\\\/\\\/alliedmet.com\\\/wp-content\\\/uploads\\\/2019\\\/08\\\/allied_metal-products_image_iron_flakes.jpg\",\"contentUrl\":\"https:\\\/\\\/alliedmet.com\\\/wp-content\\\/uploads\\\/2019\\\/08\\\/allied_metal-products_image_iron_flakes.jpg\"},{\"@type\":\"BreadcrumbList\",\"@id\":\"https:\\\/\\\/alliedmet.com\\\/fr\\\/flocons-de-fer-electrolytique\\\/#breadcrumb\",\"itemListElement\":[{\"@type\":\"ListItem\",\"position\":1,\"name\":\"Home\",\"item\":\"https:\\\/\\\/alliedmet.com\\\/fr\\\/\"},{\"@type\":\"ListItem\",\"position\":2,\"name\":\"Flocons de fer \u00e9lectrolytique\"}]},{\"@type\":\"WebSite\",\"@id\":\"https:\\\/\\\/alliedmet.com\\\/fr\\\/#website\",\"url\":\"https:\\\/\\\/alliedmet.com\\\/fr\\\/\",\"name\":\"Allied Metals Corporation\",\"description\":\"High Purity Iron and Low Carbon Iron\",\"publisher\":{\"@id\":\"https:\\\/\\\/alliedmet.com\\\/fr\\\/#organization\"},\"potentialAction\":[{\"@type\":\"SearchAction\",\"target\":{\"@type\":\"EntryPoint\",\"urlTemplate\":\"https:\\\/\\\/alliedmet.com\\\/fr\\\/?s={search_term_string}\"},\"query-input\":{\"@type\":\"PropertyValueSpecification\",\"valueRequired\":true,\"valueName\":\"search_term_string\"}}],\"inLanguage\":\"fr-FR\"},{\"@type\":\"Organization\",\"@id\":\"https:\\\/\\\/alliedmet.com\\\/fr\\\/#organization\",\"name\":\"Allied Metals Corporation\",\"url\":\"https:\\\/\\\/alliedmet.com\\\/fr\\\/\",\"logo\":{\"@type\":\"ImageObject\",\"inLanguage\":\"fr-FR\",\"@id\":\"https:\\\/\\\/alliedmet.com\\\/fr\\\/#\\\/schema\\\/logo\\\/image\\\/\",\"url\":\"https:\\\/\\\/alliedmet.com\\\/wp-content\\\/uploads\\\/2019\\\/07\\\/AMC-English-logo.png\",\"contentUrl\":\"https:\\\/\\\/alliedmet.com\\\/wp-content\\\/uploads\\\/2019\\\/07\\\/AMC-English-logo.png\",\"width\":1029,\"height\":317,\"caption\":\"Allied Metals Corporation\"},\"image\":{\"@id\":\"https:\\\/\\\/alliedmet.com\\\/fr\\\/#\\\/schema\\\/logo\\\/image\\\/\"},\"sameAs\":[\"https:\\\/\\\/www.linkedin.com\\\/company\\\/allied-metals\"]}]}<\/script>\n<!-- \/ Yoast SEO Premium plugin. -->","yoast_head_json":{"title":"Flocons de fer \u00e9lectrolytique - Allied Metals Corporation","description":"Gr\u00e2ce \u00e0 des proc\u00e9d\u00e9s de fabrication innovants, des pratiques de contr\u00f4le de qualit\u00e9 strictes et des ann\u00e9es de d\u00e9veloppement, Allied Metals est fier de produire le fer \u00e9lectrolytique de la plus haute qualit\u00e9 disponible dans le monde entier. La purification \u00e9lectrochimique complexe permet d\u2019\u00e9liminer les \u00e9l\u00e9ments d\u00e9l\u00e9t\u00e8res afin d\u2019atteindre des niveaux de puret\u00e9 allant jusqu\u2019\u00e0 99,99 % (4N) de fer. Peut-\u00eatre tout aussi important que la puret\u00e9, le haut niveau d\u2019uniformit\u00e9 que notre fer \u00e9lectrolytique offre est le r\u00e9sultat des m\u00e9thodes de production avanc\u00e9es utilis\u00e9es pour le fabriquer. En plus de notre qualit\u00e9 standard d\u2019ultra-haute puret\u00e9, nous produisons \u00e9galement une qualit\u00e9 d\u2019ultra-haute puret\u00e9 \u00e0 faible teneur en gaz qui est ensuite raffin\u00e9 pour \u00e9liminer les impuret\u00e9s gazeuses, telles que l\u2019azote, l\u2019oxyg\u00e8ne, le soufre et le carbone. Bien que la grande puret\u00e9 de notre fer \u00e9lectrolytique permette au mat\u00e9riau de r\u00e9pondre \u00e0 la plupart des exigences chimiques, nous pouvons souvent produire un mat\u00e9riau selon vos sp\u00e9cifications individuelles. En outre, nous avons la capacit\u00e9 de produire du fer \u00e9lectrolytique de diff\u00e9rentes tailles et \u00e9paisseurs. Notre expertise dans la production de ce mat\u00e9riau nous permet de r\u00e9pondre \u00e0 la plupart des exigences sp\u00e9cifiques des clients.","robots":{"index":"index","follow":"follow","max-snippet":"max-snippet:-1","max-image-preview":"max-image-preview:large","max-video-preview":"max-video-preview:-1"},"canonical":"https:\/\/alliedmet.com\/fr\/flocons-de-fer-electrolytique\/","og_locale":"fr_FR","og_type":"article","og_title":"Flocons de fer \u00e9lectrolytique","og_description":"Gr\u00e2ce \u00e0 des proc\u00e9d\u00e9s de fabrication innovants, des pratiques de contr\u00f4le de qualit\u00e9 strictes et des ann\u00e9es de d\u00e9veloppement, Allied Metals est fier de produire le fer \u00e9lectrolytique de la plus haute qualit\u00e9 disponible dans le monde entier. La purification \u00e9lectrochimique complexe permet d\u2019\u00e9liminer les \u00e9l\u00e9ments d\u00e9l\u00e9t\u00e8res afin d\u2019atteindre des niveaux de puret\u00e9 allant jusqu\u2019\u00e0 99,99 % (4N) de fer. Peut-\u00eatre tout aussi important que la puret\u00e9, le haut niveau d\u2019uniformit\u00e9 que notre fer \u00e9lectrolytique offre est le r\u00e9sultat des m\u00e9thodes de production avanc\u00e9es utilis\u00e9es pour le fabriquer. En plus de notre qualit\u00e9 standard d\u2019ultra-haute puret\u00e9, nous produisons \u00e9galement une qualit\u00e9 d\u2019ultra-haute puret\u00e9 \u00e0 faible teneur en gaz qui est ensuite raffin\u00e9 pour \u00e9liminer les impuret\u00e9s gazeuses, telles que l\u2019azote, l\u2019oxyg\u00e8ne, le soufre et le carbone. Bien que la grande puret\u00e9 de notre fer \u00e9lectrolytique permette au mat\u00e9riau de r\u00e9pondre \u00e0 la plupart des exigences chimiques, nous pouvons souvent produire un mat\u00e9riau selon vos sp\u00e9cifications individuelles. En outre, nous avons la capacit\u00e9 de produire du fer \u00e9lectrolytique de diff\u00e9rentes tailles et \u00e9paisseurs. Notre expertise dans la production de ce mat\u00e9riau nous permet de r\u00e9pondre \u00e0 la plupart des exigences sp\u00e9cifiques des clients.","og_url":"https:\/\/alliedmet.com\/fr\/flocons-de-fer-electrolytique\/","og_site_name":"Allied Metals Corporation","article_modified_time":"2022-10-20T21:26:45+00:00","og_image":[{"url":"https:\/\/alliedmet.com\/wp-content\/uploads\/2019\/08\/allied_metal-products_image_iron_flakes.jpg","type":"","width":"","height":""}],"twitter_card":"summary_large_image","twitter_misc":{"Dur\u00e9e de lecture estim\u00e9e":"2 minutes"},"schema":{"@context":"https:\/\/schema.org","@graph":[{"@type":"WebPage","@id":"https:\/\/alliedmet.com\/fr\/flocons-de-fer-electrolytique\/","url":"https:\/\/alliedmet.com\/fr\/flocons-de-fer-electrolytique\/","name":"Flocons de fer \u00e9lectrolytique - Allied Metals Corporation","isPartOf":{"@id":"https:\/\/alliedmet.com\/fr\/#website"},"primaryImageOfPage":{"@id":"https:\/\/alliedmet.com\/fr\/flocons-de-fer-electrolytique\/#primaryimage"},"image":{"@id":"https:\/\/alliedmet.com\/fr\/flocons-de-fer-electrolytique\/#primaryimage"},"thumbnailUrl":"https:\/\/alliedmet.com\/wp-content\/uploads\/2019\/08\/allied_metal-products_image_iron_flakes.jpg","datePublished":"2020-03-19T23:04:24+00:00","dateModified":"2022-10-20T21:26:45+00:00","description":"Gr\u00e2ce \u00e0 des proc\u00e9d\u00e9s de fabrication innovants, des pratiques de contr\u00f4le de qualit\u00e9 strictes et des ann\u00e9es de d\u00e9veloppement, Allied Metals est fier de produire le fer \u00e9lectrolytique de la plus haute qualit\u00e9 disponible dans le monde entier. La purification \u00e9lectrochimique complexe permet d\u2019\u00e9liminer les \u00e9l\u00e9ments d\u00e9l\u00e9t\u00e8res afin d\u2019atteindre des niveaux de puret\u00e9 allant jusqu\u2019\u00e0 99,99 % (4N) de fer. Peut-\u00eatre tout aussi important que la puret\u00e9, le haut niveau d\u2019uniformit\u00e9 que notre fer \u00e9lectrolytique offre est le r\u00e9sultat des m\u00e9thodes de production avanc\u00e9es utilis\u00e9es pour le fabriquer. En plus de notre qualit\u00e9 standard d\u2019ultra-haute puret\u00e9, nous produisons \u00e9galement une qualit\u00e9 d\u2019ultra-haute puret\u00e9 \u00e0 faible teneur en gaz qui est ensuite raffin\u00e9 pour \u00e9liminer les impuret\u00e9s gazeuses, telles que l\u2019azote, l\u2019oxyg\u00e8ne, le soufre et le carbone. Bien que la grande puret\u00e9 de notre fer \u00e9lectrolytique permette au mat\u00e9riau de r\u00e9pondre \u00e0 la plupart des exigences chimiques, nous pouvons souvent produire un mat\u00e9riau selon vos sp\u00e9cifications individuelles. En outre, nous avons la capacit\u00e9 de produire du fer \u00e9lectrolytique de diff\u00e9rentes tailles et \u00e9paisseurs. Notre expertise dans la production de ce mat\u00e9riau nous permet de r\u00e9pondre \u00e0 la plupart des exigences sp\u00e9cifiques des clients.","breadcrumb":{"@id":"https:\/\/alliedmet.com\/fr\/flocons-de-fer-electrolytique\/#breadcrumb"},"inLanguage":"fr-FR","potentialAction":[{"@type":"ReadAction","target":["https:\/\/alliedmet.com\/fr\/flocons-de-fer-electrolytique\/"]}]},{"@type":"ImageObject","inLanguage":"fr-FR","@id":"https:\/\/alliedmet.com\/fr\/flocons-de-fer-electrolytique\/#primaryimage","url":"https:\/\/alliedmet.com\/wp-content\/uploads\/2019\/08\/allied_metal-products_image_iron_flakes.jpg","contentUrl":"https:\/\/alliedmet.com\/wp-content\/uploads\/2019\/08\/allied_metal-products_image_iron_flakes.jpg"},{"@type":"BreadcrumbList","@id":"https:\/\/alliedmet.com\/fr\/flocons-de-fer-electrolytique\/#breadcrumb","itemListElement":[{"@type":"ListItem","position":1,"name":"Home","item":"https:\/\/alliedmet.com\/fr\/"},{"@type":"ListItem","position":2,"name":"Flocons de fer \u00e9lectrolytique"}]},{"@type":"WebSite","@id":"https:\/\/alliedmet.com\/fr\/#website","url":"https:\/\/alliedmet.com\/fr\/","name":"Allied Metals Corporation","description":"High Purity Iron and Low Carbon Iron","publisher":{"@id":"https:\/\/alliedmet.com\/fr\/#organization"},"potentialAction":[{"@type":"SearchAction","target":{"@type":"EntryPoint","urlTemplate":"https:\/\/alliedmet.com\/fr\/?s={search_term_string}"},"query-input":{"@type":"PropertyValueSpecification","valueRequired":true,"valueName":"search_term_string"}}],"inLanguage":"fr-FR"},{"@type":"Organization","@id":"https:\/\/alliedmet.com\/fr\/#organization","name":"Allied Metals Corporation","url":"https:\/\/alliedmet.com\/fr\/","logo":{"@type":"ImageObject","inLanguage":"fr-FR","@id":"https:\/\/alliedmet.com\/fr\/#\/schema\/logo\/image\/","url":"https:\/\/alliedmet.com\/wp-content\/uploads\/2019\/07\/AMC-English-logo.png","contentUrl":"https:\/\/alliedmet.com\/wp-content\/uploads\/2019\/07\/AMC-English-logo.png","width":1029,"height":317,"caption":"Allied Metals Corporation"},"image":{"@id":"https:\/\/alliedmet.com\/fr\/#\/schema\/logo\/image\/"},"sameAs":["https:\/\/www.linkedin.com\/company\/allied-metals"]}]}},"_links":{"self":[{"href":"https:\/\/alliedmet.com\/fr\/wp-json\/wp\/v2\/pages\/3258","targetHints":{"allow":["GET"]}}],"collection":[{"href":"https:\/\/alliedmet.com\/fr\/wp-json\/wp\/v2\/pages"}],"about":[{"href":"https:\/\/alliedmet.com\/fr\/wp-json\/wp\/v2\/types\/page"}],"author":[{"embeddable":true,"href":"https:\/\/alliedmet.com\/fr\/wp-json\/wp\/v2\/users\/1"}],"replies":[{"embeddable":true,"href":"https:\/\/alliedmet.com\/fr\/wp-json\/wp\/v2\/comments?post=3258"}],"version-history":[{"count":0,"href":"https:\/\/alliedmet.com\/fr\/wp-json\/wp\/v2\/pages\/3258\/revisions"}],"wp:attachment":[{"href":"https:\/\/alliedmet.com\/fr\/wp-json\/wp\/v2\/media?parent=3258"}],"curies":[{"name":"wp","href":"https:\/\/api.w.org\/{rel}","templated":true}]}}