{"id":3262,"date":"2020-03-19T23:11:30","date_gmt":"2020-03-19T23:11:30","guid":{"rendered":"https:\/\/alliedmet.com\/?page_id=3262"},"modified":"2022-10-20T21:20:21","modified_gmt":"2022-10-20T21:20:21","slug":"poudre-de-fer-electrolytique","status":"publish","type":"page","link":"https:\/\/alliedmet.com\/fr\/poudre-de-fer-electrolytique\/","title":{"rendered":"Poudre de fer \u00e9lectrolytique"},"content":{"rendered":"\n<div id=\"wp-block-themeisle-blocks-advanced-columns-b9f498c2\" class=\"wp-block-themeisle-blocks-advanced-columns alignfull has-1-columns has-desktop-equal-layout has-tablet-equal-layout has-mobile-equal-layout has-vertical-unset\"><div class=\"wp-block-themeisle-blocks-advanced-columns-overlay\"><\/div><div class=\"innerblocks-wrap\">\n<div id=\"wp-block-themeisle-blocks-advanced-column-4a30e45a\" class=\"wp-block-themeisle-blocks-advanced-column\">\n<div style=\"height:20px\" aria-hidden=\"true\" class=\"wp-block-spacer ticss-d5c866b1\"><\/div>\n<\/div>\n<\/div><\/div>\n\n\n\n<div id=\"wp-block-themeisle-blocks-advanced-columns-55ae7272\" class=\"wp-block-themeisle-blocks-advanced-columns has-2-columns has-desktop-equal-layout has-tablet-collapsedRows-layout has-mobile-collapsedRows-layout has-vertical-unset\"><div class=\"wp-block-themeisle-blocks-advanced-columns-overlay\"><\/div><div class=\"innerblocks-wrap\">\n<div id=\"wp-block-themeisle-blocks-advanced-column-c4888112\" class=\"wp-block-themeisle-blocks-advanced-column\">\n<h1 class=\"wp-block-heading\" id=\"h-poudre-de-fer-electrolytique\">POUDRE DE FER \u00c9LECTROLYTIQUE<\/h1>\n\n\n\n<figure class=\"wp-block-image size-large ticss-918035cc\"><img decoding=\"async\" width=\"620\" height=\"368\" data-src=\"https:\/\/alliedmet.com\/wp-content\/uploads\/2019\/09\/allied-metal-products-image-iron-powder.png\" alt=\"Notre poudre de fer \u00e9lectrolytique peut \u00eatre utilis\u00e9e dans un large \u00e9ventail d\u2019applications, y compris l\u2019assainissement des eaux souterraines et des sols (la poudre de fer \u00e9lectrolytique \u00e0 valence z\u00e9ro offre une r\u00e9activit\u00e9 accrue), les noyaux magn\u00e9tiques en poudre, la fabrication chimique \u00e0 haute puret\u00e9, la fabrication pharmaceutique, les absorbeurs d\u2019oxyg\u00e8ne, les peintures\/pigments, les applications de rev\u00eatement de surface, la fabrication d\u2019additifs, le moulage par injection de m\u00e9taux, les essais non destructifs, etc.\" class=\"wp-image-3265 lazyload\" data-srcset=\"https:\/\/alliedmet.com\/wp-content\/uploads\/2019\/09\/allied-metal-products-image-iron-powder.png 620w, https:\/\/alliedmet.com\/wp-content\/uploads\/2019\/09\/allied-metal-products-image-iron-powder-300x178.png 300w\" data-sizes=\"(max-width: 620px) 100vw, 620px\" src=\"data:image\/svg+xml;base64,PHN2ZyB3aWR0aD0iMSIgaGVpZ2h0PSIxIiB4bWxucz0iaHR0cDovL3d3dy53My5vcmcvMjAwMC9zdmciPjwvc3ZnPg==\" style=\"--smush-placeholder-width: 620px; --smush-placeholder-aspect-ratio: 620\/368;\" \/><\/figure>\n<\/div>\n\n\n\n<div id=\"wp-block-themeisle-blocks-advanced-column-8a3aaf54\" class=\"wp-block-themeisle-blocks-advanced-column\">\n<p class=\"has-normal-font-size\">La poudre de fer \u00e9lectrolytique (99,0 % &#8211; 99,8 % de fer) est produite par un processus de raffinage \u00e9lectrochimique complexe qui assure une composition chimique uniforme et des distributions granulom\u00e9triques serr\u00e9es. Notre poudre de fer \u00e9lectrolytique peut \u00eatre utilis\u00e9e dans un large \u00e9ventail d\u2019applications, y compris l\u2019assainissement des eaux souterraines et des sols (la poudre de fer \u00e9lectrolytique \u00e0 valence z\u00e9ro offre une r\u00e9activit\u00e9 accrue), les noyaux magn\u00e9tiques en poudre, la fabrication chimique \u00e0 haute puret\u00e9, la fabrication pharmaceutique, les absorbeurs d\u2019oxyg\u00e8ne, les peintures\/pigments, les applications de rev\u00eatement de surface, la fabrication d\u2019additifs, le moulage par injection de m\u00e9taux, les essais non destructifs, etc. Diff\u00e9renciant nos poudres de fer des autres, le mat\u00e9riau que nous fournissons n\u2019est pas retrait\u00e9 \u00e0 partir de sources secondaires ou recycl\u00e9es et ne contient pratiquement aucune trace d\u2019huile, de graisse ou d\u2019autres compos\u00e9s nuisibles.<\/p>\n\n\n\n<p class=\"has-normal-font-size\"><strong>Forme et dimensions:&nbsp;<\/strong>\u200b100 \u2013 Mesh, 200 \u2013 Mesh, 300 \u2013 Mesh, 400 \u2013 Mesh, 500 \u2013 Mesh, Ultrafine (D50&nbsp;\u2264&nbsp;10 Micron)<br><strong>Annealing &amp; Custom Recuit et dimensions personnalis\u00e9es disponibles sur demande Emballage:&nbsp;<\/strong>\u200bVeuillez vous en informer<br><strong>Disponibilit\u00e9:<\/strong>\u200b&nbsp;Les Am\u00e9riques, Europe<\/p>\n\n\n\n<div id=\"wp-block-themeisle-blocks-button-group-e30cfb7a\" class=\"wp-block-themeisle-blocks-button-group wp-block-buttons\">\n<div id=\"wp-block-themeisle-blocks-button-8f05cef2\" class=\"wp-block-themeisle-blocks-button wp-block-button is-style-outline\"><a href=\"https:\/\/alliedmet.com\/fr\/produits\/\" target=\"_self\" rel=\"noopener noreferrer\" class=\"wp-block-button__link\"><span>GAMME DE PRODUITS COMPL\u00c8TE<\/span><\/a><\/div>\n\n\n\n<div id=\"wp-block-themeisle-blocks-button-9f4c465b\" class=\"wp-block-themeisle-blocks-button wp-block-button\"><a href=\"https:\/\/alliedmet.com\/fr\/demande-de-devis\/\" target=\"_self\" rel=\"noopener noreferrer\" class=\"wp-block-button__link\"><span>OBTENIR UN DEVIS<\/span><\/a><\/div>\n<\/div>\n<\/div>\n<\/div><\/div>\n","protected":false},"excerpt":{"rendered":"","protected":false},"author":1,"featured_media":0,"parent":0,"menu_order":0,"comment_status":"closed","ping_status":"closed","template":"","meta":{"neve_meta_sidebar":"default","neve_meta_container":"","neve_meta_enable_content_width":"off","neve_meta_content_width":100,"neve_meta_title_alignment":"","neve_meta_author_avatar":"","neve_post_elements_order":"","neve_meta_disable_header":"off","neve_meta_disable_footer":"off","neve_meta_disable_title":"on","_themeisle_gutenberg_block_has_review":false,"footnotes":""},"class_list":["post-3262","page","type-page","status-publish","hentry"],"yoast_head":"<!-- This site is optimized with the Yoast SEO Premium plugin v27.3 (Yoast SEO v27.3) - https:\/\/yoast.com\/product\/yoast-seo-premium-wordpress\/ -->\n<title>Poudre de fer \u00e9lectrolytique - Allied Metals Corporation<\/title>\n<meta name=\"description\" content=\"La poudre de fer \u00e9lectrolytique (99,0 % - 99,8 % de fer) est produite par un processus de raffinage \u00e9lectrochimique complexe qui assure une composition chimique uniforme et des distributions granulom\u00e9triques serr\u00e9es. Notre poudre de fer \u00e9lectrolytique peut \u00eatre utilis\u00e9e dans un large \u00e9ventail d\u2019applications, y compris l\u2019assainissement des eaux souterraines et des sols (la poudre de fer \u00e9lectrolytique \u00e0 valence z\u00e9ro offre une r\u00e9activit\u00e9 accrue), les noyaux magn\u00e9tiques en poudre, la fabrication chimique \u00e0 haute puret\u00e9, la fabrication pharmaceutique, les absorbeurs d\u2019oxyg\u00e8ne, les peintures\/pigments, les applications de rev\u00eatement de surface, la fabrication d\u2019additifs, le moulage par injection de m\u00e9taux, les essais non destructifs, etc. Diff\u00e9renciant nos poudres de fer des autres, le mat\u00e9riau que nous fournissons n\u2019est pas retrait\u00e9 \u00e0 partir de sources secondaires ou recycl\u00e9es et ne contient pratiquement aucune trace d\u2019huile, de graisse ou d\u2019autres compos\u00e9s nuisibles\" \/>\n<meta name=\"robots\" content=\"index, follow, max-snippet:-1, max-image-preview:large, max-video-preview:-1\" \/>\n<link rel=\"canonical\" href=\"https:\/\/alliedmet.com\/fr\/poudre-de-fer-electrolytique\/\" \/>\n<meta property=\"og:locale\" content=\"fr_FR\" \/>\n<meta property=\"og:type\" content=\"article\" \/>\n<meta property=\"og:title\" content=\"Poudre de fer \u00e9lectrolytique\" \/>\n<meta property=\"og:description\" content=\"La poudre de fer \u00e9lectrolytique (99,0 % - 99,8 % de fer) est produite par un processus de raffinage \u00e9lectrochimique complexe qui assure une composition chimique uniforme et des distributions granulom\u00e9triques serr\u00e9es. Notre poudre de fer \u00e9lectrolytique peut \u00eatre utilis\u00e9e dans un large \u00e9ventail d\u2019applications, y compris l\u2019assainissement des eaux souterraines et des sols (la poudre de fer \u00e9lectrolytique \u00e0 valence z\u00e9ro offre une r\u00e9activit\u00e9 accrue), les noyaux magn\u00e9tiques en poudre, la fabrication chimique \u00e0 haute puret\u00e9, la fabrication pharmaceutique, les absorbeurs d\u2019oxyg\u00e8ne, les peintures\/pigments, les applications de rev\u00eatement de surface, la fabrication d\u2019additifs, le moulage par injection de m\u00e9taux, les essais non destructifs, etc. Diff\u00e9renciant nos poudres de fer des autres, le mat\u00e9riau que nous fournissons n\u2019est pas retrait\u00e9 \u00e0 partir de sources secondaires ou recycl\u00e9es et ne contient pratiquement aucune trace d\u2019huile, de graisse ou d\u2019autres compos\u00e9s nuisibles\" \/>\n<meta property=\"og:url\" content=\"https:\/\/alliedmet.com\/fr\/poudre-de-fer-electrolytique\/\" \/>\n<meta property=\"og:site_name\" content=\"Allied Metals Corporation\" \/>\n<meta property=\"article:modified_time\" content=\"2022-10-20T21:20:21+00:00\" \/>\n<meta property=\"og:image\" content=\"https:\/\/alliedmet.com\/wp-content\/uploads\/2019\/09\/allied-metal-products-image-iron-powder.png\" \/>\n<meta name=\"twitter:card\" content=\"summary_large_image\" \/>\n<meta name=\"twitter:label1\" content=\"Dur\u00e9e de lecture estim\u00e9e\" \/>\n\t<meta name=\"twitter:data1\" content=\"2 minutes\" \/>\n<script type=\"application\/ld+json\" class=\"yoast-schema-graph\">{\"@context\":\"https:\\\/\\\/schema.org\",\"@graph\":[{\"@type\":\"WebPage\",\"@id\":\"https:\\\/\\\/alliedmet.com\\\/fr\\\/poudre-de-fer-electrolytique\\\/\",\"url\":\"https:\\\/\\\/alliedmet.com\\\/fr\\\/poudre-de-fer-electrolytique\\\/\",\"name\":\"Poudre de fer \u00e9lectrolytique - Allied Metals Corporation\",\"isPartOf\":{\"@id\":\"https:\\\/\\\/alliedmet.com\\\/fr\\\/#website\"},\"primaryImageOfPage\":{\"@id\":\"https:\\\/\\\/alliedmet.com\\\/fr\\\/poudre-de-fer-electrolytique\\\/#primaryimage\"},\"image\":{\"@id\":\"https:\\\/\\\/alliedmet.com\\\/fr\\\/poudre-de-fer-electrolytique\\\/#primaryimage\"},\"thumbnailUrl\":\"https:\\\/\\\/alliedmet.com\\\/wp-content\\\/uploads\\\/2019\\\/09\\\/allied-metal-products-image-iron-powder.png\",\"datePublished\":\"2020-03-19T23:11:30+00:00\",\"dateModified\":\"2022-10-20T21:20:21+00:00\",\"description\":\"La poudre de fer \u00e9lectrolytique (99,0 % - 99,8 % de fer) est produite par un processus de raffinage \u00e9lectrochimique complexe qui assure une composition chimique uniforme et des distributions granulom\u00e9triques serr\u00e9es. Notre poudre de fer \u00e9lectrolytique peut \u00eatre utilis\u00e9e dans un large \u00e9ventail d\u2019applications, y compris l\u2019assainissement des eaux souterraines et des sols (la poudre de fer \u00e9lectrolytique \u00e0 valence z\u00e9ro offre une r\u00e9activit\u00e9 accrue), les noyaux magn\u00e9tiques en poudre, la fabrication chimique \u00e0 haute puret\u00e9, la fabrication pharmaceutique, les absorbeurs d\u2019oxyg\u00e8ne, les peintures\\\/pigments, les applications de rev\u00eatement de surface, la fabrication d\u2019additifs, le moulage par injection de m\u00e9taux, les essais non destructifs, etc. Diff\u00e9renciant nos poudres de fer des autres, le mat\u00e9riau que nous fournissons n\u2019est pas retrait\u00e9 \u00e0 partir de sources secondaires ou recycl\u00e9es et ne contient pratiquement aucune trace d\u2019huile, de graisse ou d\u2019autres compos\u00e9s nuisibles\",\"breadcrumb\":{\"@id\":\"https:\\\/\\\/alliedmet.com\\\/fr\\\/poudre-de-fer-electrolytique\\\/#breadcrumb\"},\"inLanguage\":\"fr-FR\",\"potentialAction\":[{\"@type\":\"ReadAction\",\"target\":[\"https:\\\/\\\/alliedmet.com\\\/fr\\\/poudre-de-fer-electrolytique\\\/\"]}]},{\"@type\":\"ImageObject\",\"inLanguage\":\"fr-FR\",\"@id\":\"https:\\\/\\\/alliedmet.com\\\/fr\\\/poudre-de-fer-electrolytique\\\/#primaryimage\",\"url\":\"https:\\\/\\\/alliedmet.com\\\/wp-content\\\/uploads\\\/2019\\\/09\\\/allied-metal-products-image-iron-powder.png\",\"contentUrl\":\"https:\\\/\\\/alliedmet.com\\\/wp-content\\\/uploads\\\/2019\\\/09\\\/allied-metal-products-image-iron-powder.png\"},{\"@type\":\"BreadcrumbList\",\"@id\":\"https:\\\/\\\/alliedmet.com\\\/fr\\\/poudre-de-fer-electrolytique\\\/#breadcrumb\",\"itemListElement\":[{\"@type\":\"ListItem\",\"position\":1,\"name\":\"Home\",\"item\":\"https:\\\/\\\/alliedmet.com\\\/fr\\\/\"},{\"@type\":\"ListItem\",\"position\":2,\"name\":\"Poudre de fer \u00e9lectrolytique\"}]},{\"@type\":\"WebSite\",\"@id\":\"https:\\\/\\\/alliedmet.com\\\/fr\\\/#website\",\"url\":\"https:\\\/\\\/alliedmet.com\\\/fr\\\/\",\"name\":\"Allied Metals Corporation\",\"description\":\"High Purity Iron and Low Carbon Iron\",\"publisher\":{\"@id\":\"https:\\\/\\\/alliedmet.com\\\/fr\\\/#organization\"},\"potentialAction\":[{\"@type\":\"SearchAction\",\"target\":{\"@type\":\"EntryPoint\",\"urlTemplate\":\"https:\\\/\\\/alliedmet.com\\\/fr\\\/?s={search_term_string}\"},\"query-input\":{\"@type\":\"PropertyValueSpecification\",\"valueRequired\":true,\"valueName\":\"search_term_string\"}}],\"inLanguage\":\"fr-FR\"},{\"@type\":\"Organization\",\"@id\":\"https:\\\/\\\/alliedmet.com\\\/fr\\\/#organization\",\"name\":\"Allied Metals Corporation\",\"url\":\"https:\\\/\\\/alliedmet.com\\\/fr\\\/\",\"logo\":{\"@type\":\"ImageObject\",\"inLanguage\":\"fr-FR\",\"@id\":\"https:\\\/\\\/alliedmet.com\\\/fr\\\/#\\\/schema\\\/logo\\\/image\\\/\",\"url\":\"https:\\\/\\\/alliedmet.com\\\/wp-content\\\/uploads\\\/2019\\\/07\\\/AMC-English-logo.png\",\"contentUrl\":\"https:\\\/\\\/alliedmet.com\\\/wp-content\\\/uploads\\\/2019\\\/07\\\/AMC-English-logo.png\",\"width\":1029,\"height\":317,\"caption\":\"Allied Metals Corporation\"},\"image\":{\"@id\":\"https:\\\/\\\/alliedmet.com\\\/fr\\\/#\\\/schema\\\/logo\\\/image\\\/\"},\"sameAs\":[\"https:\\\/\\\/www.linkedin.com\\\/company\\\/allied-metals\"]}]}<\/script>\n<!-- \/ Yoast SEO Premium plugin. -->","yoast_head_json":{"title":"Poudre de fer \u00e9lectrolytique - Allied Metals Corporation","description":"La poudre de fer \u00e9lectrolytique (99,0 % - 99,8 % de fer) est produite par un processus de raffinage \u00e9lectrochimique complexe qui assure une composition chimique uniforme et des distributions granulom\u00e9triques serr\u00e9es. Notre poudre de fer \u00e9lectrolytique peut \u00eatre utilis\u00e9e dans un large \u00e9ventail d\u2019applications, y compris l\u2019assainissement des eaux souterraines et des sols (la poudre de fer \u00e9lectrolytique \u00e0 valence z\u00e9ro offre une r\u00e9activit\u00e9 accrue), les noyaux magn\u00e9tiques en poudre, la fabrication chimique \u00e0 haute puret\u00e9, la fabrication pharmaceutique, les absorbeurs d\u2019oxyg\u00e8ne, les peintures\/pigments, les applications de rev\u00eatement de surface, la fabrication d\u2019additifs, le moulage par injection de m\u00e9taux, les essais non destructifs, etc. Diff\u00e9renciant nos poudres de fer des autres, le mat\u00e9riau que nous fournissons n\u2019est pas retrait\u00e9 \u00e0 partir de sources secondaires ou recycl\u00e9es et ne contient pratiquement aucune trace d\u2019huile, de graisse ou d\u2019autres compos\u00e9s nuisibles","robots":{"index":"index","follow":"follow","max-snippet":"max-snippet:-1","max-image-preview":"max-image-preview:large","max-video-preview":"max-video-preview:-1"},"canonical":"https:\/\/alliedmet.com\/fr\/poudre-de-fer-electrolytique\/","og_locale":"fr_FR","og_type":"article","og_title":"Poudre de fer \u00e9lectrolytique","og_description":"La poudre de fer \u00e9lectrolytique (99,0 % - 99,8 % de fer) est produite par un processus de raffinage \u00e9lectrochimique complexe qui assure une composition chimique uniforme et des distributions granulom\u00e9triques serr\u00e9es. Notre poudre de fer \u00e9lectrolytique peut \u00eatre utilis\u00e9e dans un large \u00e9ventail d\u2019applications, y compris l\u2019assainissement des eaux souterraines et des sols (la poudre de fer \u00e9lectrolytique \u00e0 valence z\u00e9ro offre une r\u00e9activit\u00e9 accrue), les noyaux magn\u00e9tiques en poudre, la fabrication chimique \u00e0 haute puret\u00e9, la fabrication pharmaceutique, les absorbeurs d\u2019oxyg\u00e8ne, les peintures\/pigments, les applications de rev\u00eatement de surface, la fabrication d\u2019additifs, le moulage par injection de m\u00e9taux, les essais non destructifs, etc. Diff\u00e9renciant nos poudres de fer des autres, le mat\u00e9riau que nous fournissons n\u2019est pas retrait\u00e9 \u00e0 partir de sources secondaires ou recycl\u00e9es et ne contient pratiquement aucune trace d\u2019huile, de graisse ou d\u2019autres compos\u00e9s nuisibles","og_url":"https:\/\/alliedmet.com\/fr\/poudre-de-fer-electrolytique\/","og_site_name":"Allied Metals Corporation","article_modified_time":"2022-10-20T21:20:21+00:00","og_image":[{"url":"https:\/\/alliedmet.com\/wp-content\/uploads\/2019\/09\/allied-metal-products-image-iron-powder.png","type":"","width":"","height":""}],"twitter_card":"summary_large_image","twitter_misc":{"Dur\u00e9e de lecture estim\u00e9e":"2 minutes"},"schema":{"@context":"https:\/\/schema.org","@graph":[{"@type":"WebPage","@id":"https:\/\/alliedmet.com\/fr\/poudre-de-fer-electrolytique\/","url":"https:\/\/alliedmet.com\/fr\/poudre-de-fer-electrolytique\/","name":"Poudre de fer \u00e9lectrolytique - Allied Metals Corporation","isPartOf":{"@id":"https:\/\/alliedmet.com\/fr\/#website"},"primaryImageOfPage":{"@id":"https:\/\/alliedmet.com\/fr\/poudre-de-fer-electrolytique\/#primaryimage"},"image":{"@id":"https:\/\/alliedmet.com\/fr\/poudre-de-fer-electrolytique\/#primaryimage"},"thumbnailUrl":"https:\/\/alliedmet.com\/wp-content\/uploads\/2019\/09\/allied-metal-products-image-iron-powder.png","datePublished":"2020-03-19T23:11:30+00:00","dateModified":"2022-10-20T21:20:21+00:00","description":"La poudre de fer \u00e9lectrolytique (99,0 % - 99,8 % de fer) est produite par un processus de raffinage \u00e9lectrochimique complexe qui assure une composition chimique uniforme et des distributions granulom\u00e9triques serr\u00e9es. Notre poudre de fer \u00e9lectrolytique peut \u00eatre utilis\u00e9e dans un large \u00e9ventail d\u2019applications, y compris l\u2019assainissement des eaux souterraines et des sols (la poudre de fer \u00e9lectrolytique \u00e0 valence z\u00e9ro offre une r\u00e9activit\u00e9 accrue), les noyaux magn\u00e9tiques en poudre, la fabrication chimique \u00e0 haute puret\u00e9, la fabrication pharmaceutique, les absorbeurs d\u2019oxyg\u00e8ne, les peintures\/pigments, les applications de rev\u00eatement de surface, la fabrication d\u2019additifs, le moulage par injection de m\u00e9taux, les essais non destructifs, etc. Diff\u00e9renciant nos poudres de fer des autres, le mat\u00e9riau que nous fournissons n\u2019est pas retrait\u00e9 \u00e0 partir de sources secondaires ou recycl\u00e9es et ne contient pratiquement aucune trace d\u2019huile, de graisse ou d\u2019autres compos\u00e9s nuisibles","breadcrumb":{"@id":"https:\/\/alliedmet.com\/fr\/poudre-de-fer-electrolytique\/#breadcrumb"},"inLanguage":"fr-FR","potentialAction":[{"@type":"ReadAction","target":["https:\/\/alliedmet.com\/fr\/poudre-de-fer-electrolytique\/"]}]},{"@type":"ImageObject","inLanguage":"fr-FR","@id":"https:\/\/alliedmet.com\/fr\/poudre-de-fer-electrolytique\/#primaryimage","url":"https:\/\/alliedmet.com\/wp-content\/uploads\/2019\/09\/allied-metal-products-image-iron-powder.png","contentUrl":"https:\/\/alliedmet.com\/wp-content\/uploads\/2019\/09\/allied-metal-products-image-iron-powder.png"},{"@type":"BreadcrumbList","@id":"https:\/\/alliedmet.com\/fr\/poudre-de-fer-electrolytique\/#breadcrumb","itemListElement":[{"@type":"ListItem","position":1,"name":"Home","item":"https:\/\/alliedmet.com\/fr\/"},{"@type":"ListItem","position":2,"name":"Poudre de fer \u00e9lectrolytique"}]},{"@type":"WebSite","@id":"https:\/\/alliedmet.com\/fr\/#website","url":"https:\/\/alliedmet.com\/fr\/","name":"Allied Metals Corporation","description":"High Purity Iron and Low Carbon Iron","publisher":{"@id":"https:\/\/alliedmet.com\/fr\/#organization"},"potentialAction":[{"@type":"SearchAction","target":{"@type":"EntryPoint","urlTemplate":"https:\/\/alliedmet.com\/fr\/?s={search_term_string}"},"query-input":{"@type":"PropertyValueSpecification","valueRequired":true,"valueName":"search_term_string"}}],"inLanguage":"fr-FR"},{"@type":"Organization","@id":"https:\/\/alliedmet.com\/fr\/#organization","name":"Allied Metals Corporation","url":"https:\/\/alliedmet.com\/fr\/","logo":{"@type":"ImageObject","inLanguage":"fr-FR","@id":"https:\/\/alliedmet.com\/fr\/#\/schema\/logo\/image\/","url":"https:\/\/alliedmet.com\/wp-content\/uploads\/2019\/07\/AMC-English-logo.png","contentUrl":"https:\/\/alliedmet.com\/wp-content\/uploads\/2019\/07\/AMC-English-logo.png","width":1029,"height":317,"caption":"Allied Metals Corporation"},"image":{"@id":"https:\/\/alliedmet.com\/fr\/#\/schema\/logo\/image\/"},"sameAs":["https:\/\/www.linkedin.com\/company\/allied-metals"]}]}},"_links":{"self":[{"href":"https:\/\/alliedmet.com\/fr\/wp-json\/wp\/v2\/pages\/3262","targetHints":{"allow":["GET"]}}],"collection":[{"href":"https:\/\/alliedmet.com\/fr\/wp-json\/wp\/v2\/pages"}],"about":[{"href":"https:\/\/alliedmet.com\/fr\/wp-json\/wp\/v2\/types\/page"}],"author":[{"embeddable":true,"href":"https:\/\/alliedmet.com\/fr\/wp-json\/wp\/v2\/users\/1"}],"replies":[{"embeddable":true,"href":"https:\/\/alliedmet.com\/fr\/wp-json\/wp\/v2\/comments?post=3262"}],"version-history":[{"count":0,"href":"https:\/\/alliedmet.com\/fr\/wp-json\/wp\/v2\/pages\/3262\/revisions"}],"wp:attachment":[{"href":"https:\/\/alliedmet.com\/fr\/wp-json\/wp\/v2\/media?parent=3262"}],"curies":[{"name":"wp","href":"https:\/\/api.w.org\/{rel}","templated":true}]}}