{"id":3268,"date":"2020-03-19T23:26:08","date_gmt":"2020-03-19T23:26:08","guid":{"rendered":"https:\/\/alliedmet.com\/?page_id=3268"},"modified":"2022-10-20T21:53:01","modified_gmt":"2022-10-20T21:53:01","slug":"efp-14k","status":"publish","type":"page","link":"https:\/\/alliedmet.com\/fr\/efp-14k\/","title":{"rendered":"EFP-14K"},"content":{"rendered":"\n<div id=\"wp-block-themeisle-blocks-advanced-columns-4d302303\" class=\"wp-block-themeisle-blocks-advanced-columns alignfull has-1-columns has-desktop-equal-layout has-tablet-equal-layout has-mobile-equal-layout has-vertical-unset\"><div class=\"wp-block-themeisle-blocks-advanced-columns-overlay\"><\/div><div class=\"innerblocks-wrap\">\n<div id=\"wp-block-themeisle-blocks-advanced-column-2c8347ba\" class=\"wp-block-themeisle-blocks-advanced-column\">\n<div style=\"height:20px\" aria-hidden=\"true\" class=\"wp-block-spacer ticss-d5c866b1\"><\/div>\n<\/div>\n<\/div><\/div>\n\n\n\n<div id=\"wp-block-themeisle-blocks-advanced-columns-cf2ce022\" class=\"wp-block-themeisle-blocks-advanced-columns has-2-columns has-desktop-equal-layout has-tablet-collapsedRows-layout has-mobile-collapsedRows-layout has-vertical-unset\"><div class=\"wp-block-themeisle-blocks-advanced-columns-overlay\"><\/div><div class=\"innerblocks-wrap\">\n<div id=\"wp-block-themeisle-blocks-advanced-column-bc41f0e5\" class=\"wp-block-themeisle-blocks-advanced-column\">\n<h1 class=\"wp-block-heading\" id=\"h-efp-14k\">EFP-14K<\/h1>\n\n\n\n<figure class=\"wp-block-image size-large ticss-4a276a38\"><img decoding=\"async\" width=\"538\" height=\"202\" data-src=\"https:\/\/alliedmet.com\/wp-content\/uploads\/2019\/11\/EFP-14K-1.png\" alt=\"L'EFP-14K est un fer \u00e0 faible teneur en carbone adapt\u00e9 \u00e0 la production d'acier inoxydable \u00e0 faible teneur en carbone, de pi\u00e8ces moul\u00e9es non magn\u00e9tiques et r\u00e9sistantes \u00e0 la chaleur et d'alliages magn\u00e9tiques. Ce produit est exempt de bords coupants ou dentel\u00e9s et sa taille uniforme facilite la manipulation. Les plaques haute densit\u00e9 offrent un excellent couplage, un temps de fusion r\u00e9duit, un co\u00fbt \u00e9nerg\u00e9tique r\u00e9duit et n\u00e9cessitent un espace de stockage minimal.\" class=\"wp-image-3275 lazyload\" data-srcset=\"https:\/\/alliedmet.com\/wp-content\/uploads\/2019\/11\/EFP-14K-1.png 538w, https:\/\/alliedmet.com\/wp-content\/uploads\/2019\/11\/EFP-14K-1-300x113.png 300w\" data-sizes=\"(max-width: 538px) 100vw, 538px\" src=\"data:image\/svg+xml;base64,PHN2ZyB3aWR0aD0iMSIgaGVpZ2h0PSIxIiB4bWxucz0iaHR0cDovL3d3dy53My5vcmcvMjAwMC9zdmciPjwvc3ZnPg==\" style=\"--smush-placeholder-width: 538px; --smush-placeholder-aspect-ratio: 538\/202;\" \/><\/figure>\n\n\n\n<h3 class=\"has-text-align-center ticss-0d97c7a6 wp-block-heading\" id=\"h-efp-14k-1\">EFP-14K<\/h3>\n\n\n\n<figure class=\"wp-block-table ticss-e0987221\"><table class=\"has-fixed-layout\"><tbody><tr><td>Analysis (%)<\/td><td>Maximum<\/td><td>Typical<\/td><\/tr><tr><td>C<\/td><td>0.03<\/td><td>0.005<\/td><\/tr><tr><td>S<\/td><td>0.015<\/td><td>0.008<\/td><\/tr><tr><td>P<\/td><td>0.015<\/td><td>0.008<\/td><\/tr><tr><td>Mn<\/td><td>0.300<\/td><td>0.130<\/td><\/tr><tr><td>Si<\/td><td>0.020<\/td><td>0.010<\/td><\/tr><tr><td>Fe<\/td><td>Balance<\/td><td>Balance<\/td><\/tr><\/tbody><\/table><\/figure>\n<\/div>\n\n\n\n<div id=\"wp-block-themeisle-blocks-advanced-column-da0dfcdd\" class=\"wp-block-themeisle-blocks-advanced-column\">\n<p class=\"has-normal-font-size\">Notre EFP 14K offre une analyse chimique garantie avec des param\u00e8tres pouvant \u00eatre sp\u00e9cifi\u00e9s par le consommateur. Les blocks \u00e0 densit\u00e9 \u00e9lev\u00e9e offrent un excellent couplage, un temps de fusion r\u00e9duit, un co\u00fbt \u00e9nerg\u00e9tique r\u00e9duit et ne n\u00e9cessitent qu\u2019un espace de stockage minimal. <\/p>\n\n\n\n<p class=\"has-normal-font-size\">Comme notre alternative en forme de cathodes, elle est \u00e9galement adapt\u00e9e \u00e0 pour la production d&rsquo;acier inoxydable \u00e0 faible teneur en carbone, aux pi\u00e8ces de fonderie non magn\u00e9tiques et r\u00e9sistantes \u00e0 la chaleur, ainsi qu\u2019aux alliages magn\u00e9tiques. Ce produit est exempt de bords coupants ou irr\u00e9guliers et sa taille uniforme facilite sa manipulation.<\/p>\n\n\n\n<p class=\"has-normal-font-size\"><strong>Forme et dimensions :<\/strong>\u200b&nbsp;127 mm (5 po) et 203 mm (8 po) x 25-76 mm (1-3 po) d\u2019\u00e9paisseur&nbsp;<br><strong>Emballage :<\/strong>\u200b&nbsp;Emball\u00e9 selon les exigences individuelles<br><strong>Disponibilit\u00e9 :&nbsp;<\/strong>\u200bToutes les r\u00e9gions<\/p>\n\n\n\n<div id=\"wp-block-themeisle-blocks-button-group-445dc879\" class=\"wp-block-themeisle-blocks-button-group wp-block-buttons\">\n<div id=\"wp-block-themeisle-blocks-button-5d7e7bcf\" class=\"wp-block-themeisle-blocks-button wp-block-button is-style-outline\"><a href=\"https:\/\/alliedmet.com\/fr\/produits\/\" target=\"_self\" rel=\"noopener noreferrer\" class=\"wp-block-button__link\"><span>GAMME DE PRODUITS COMPL\u00c8TE<\/span><\/a><\/div>\n\n\n\n<div id=\"wp-block-themeisle-blocks-button-b775d0b8\" class=\"wp-block-themeisle-blocks-button wp-block-button\"><a href=\"https:\/\/alliedmet.com\/fr\/demande-de-devis\/\" target=\"_self\" rel=\"noopener noreferrer\" class=\"wp-block-button__link\"><span>OBTENIR UN DEVIS<\/span><\/a><\/div>\n<\/div>\n<\/div>\n<\/div><\/div>\n","protected":false},"excerpt":{"rendered":"","protected":false},"author":1,"featured_media":0,"parent":0,"menu_order":0,"comment_status":"closed","ping_status":"closed","template":"","meta":{"neve_meta_sidebar":"default","neve_meta_container":"default","neve_meta_enable_content_width":"off","neve_meta_content_width":100,"neve_meta_title_alignment":"","neve_meta_author_avatar":"","neve_post_elements_order":"","neve_meta_disable_header":"off","neve_meta_disable_footer":"off","neve_meta_disable_title":"on","_themeisle_gutenberg_block_has_review":false,"footnotes":""},"class_list":["post-3268","page","type-page","status-publish","hentry"],"yoast_head":"<!-- This site is optimized with the Yoast SEO Premium plugin v27.3 (Yoast SEO v27.3) - https:\/\/yoast.com\/product\/yoast-seo-premium-wordpress\/ -->\n<title>EFP-14K - Allied Metals Corporation<\/title>\n<meta name=\"description\" content=\"Notre EFP 14K Fer bas Carbone offre une analyse chimique garantie avec des param\u00e8tres pouvant \u00eatre sp\u00e9cifi\u00e9s par le consommateur. Les blocks \u00e0 densit\u00e9 \u00e9lev\u00e9e offrent un excellent couplage, un temps de fusion r\u00e9duit, un co\u00fbt \u00e9nerg\u00e9tique r\u00e9duit et ne n\u00e9cessitent qu\u2019un espace de stockage minimal. Comme notre alternative en forme de cathodes, elle est \u00e9galement adapt\u00e9e \u00e0 pour la production d&#039;acier inoxydable \u00e0 faible teneur en carbone, aux pi\u00e8ces de fonderie non magn\u00e9tiques et r\u00e9sistantes \u00e0 la chaleur, ainsi qu\u2019aux alliages magn\u00e9tiques. Ce produit est exempt de bords coupants ou irr\u00e9guliers et sa taille uniforme facilite sa manipulation.\" \/>\n<meta name=\"robots\" content=\"index, follow, max-snippet:-1, max-image-preview:large, max-video-preview:-1\" \/>\n<link rel=\"canonical\" href=\"https:\/\/alliedmet.com\/fr\/efp-14k\/\" \/>\n<meta property=\"og:locale\" content=\"fr_FR\" \/>\n<meta property=\"og:type\" content=\"article\" \/>\n<meta property=\"og:title\" content=\"EFP-14K\" \/>\n<meta property=\"og:description\" content=\"Notre EFP 14K Fer bas Carbone offre une analyse chimique garantie avec des param\u00e8tres pouvant \u00eatre sp\u00e9cifi\u00e9s par le consommateur. Les blocks \u00e0 densit\u00e9 \u00e9lev\u00e9e offrent un excellent couplage, un temps de fusion r\u00e9duit, un co\u00fbt \u00e9nerg\u00e9tique r\u00e9duit et ne n\u00e9cessitent qu\u2019un espace de stockage minimal. Comme notre alternative en forme de cathodes, elle est \u00e9galement adapt\u00e9e \u00e0 pour la production d&#039;acier inoxydable \u00e0 faible teneur en carbone, aux pi\u00e8ces de fonderie non magn\u00e9tiques et r\u00e9sistantes \u00e0 la chaleur, ainsi qu\u2019aux alliages magn\u00e9tiques. Ce produit est exempt de bords coupants ou irr\u00e9guliers et sa taille uniforme facilite sa manipulation.\" \/>\n<meta property=\"og:url\" content=\"https:\/\/alliedmet.com\/fr\/efp-14k\/\" \/>\n<meta property=\"og:site_name\" content=\"Allied Metals Corporation\" \/>\n<meta property=\"article:modified_time\" content=\"2022-10-20T21:53:01+00:00\" \/>\n<meta property=\"og:image\" content=\"https:\/\/alliedmet.com\/wp-content\/uploads\/2019\/11\/EFP-14K-1.png\" \/>\n<meta name=\"twitter:card\" content=\"summary_large_image\" \/>\n<meta name=\"twitter:label1\" content=\"Dur\u00e9e de lecture estim\u00e9e\" \/>\n\t<meta name=\"twitter:data1\" content=\"1 minute\" \/>\n<script type=\"application\/ld+json\" class=\"yoast-schema-graph\">{\"@context\":\"https:\\\/\\\/schema.org\",\"@graph\":[{\"@type\":\"WebPage\",\"@id\":\"https:\\\/\\\/alliedmet.com\\\/fr\\\/efp-14k\\\/\",\"url\":\"https:\\\/\\\/alliedmet.com\\\/fr\\\/efp-14k\\\/\",\"name\":\"EFP-14K - Allied Metals Corporation\",\"isPartOf\":{\"@id\":\"https:\\\/\\\/alliedmet.com\\\/fr\\\/#website\"},\"primaryImageOfPage\":{\"@id\":\"https:\\\/\\\/alliedmet.com\\\/fr\\\/efp-14k\\\/#primaryimage\"},\"image\":{\"@id\":\"https:\\\/\\\/alliedmet.com\\\/fr\\\/efp-14k\\\/#primaryimage\"},\"thumbnailUrl\":\"https:\\\/\\\/alliedmet.com\\\/wp-content\\\/uploads\\\/2019\\\/11\\\/EFP-14K-1.png\",\"datePublished\":\"2020-03-19T23:26:08+00:00\",\"dateModified\":\"2022-10-20T21:53:01+00:00\",\"description\":\"Notre EFP 14K Fer bas Carbone offre une analyse chimique garantie avec des param\u00e8tres pouvant \u00eatre sp\u00e9cifi\u00e9s par le consommateur. Les blocks \u00e0 densit\u00e9 \u00e9lev\u00e9e offrent un excellent couplage, un temps de fusion r\u00e9duit, un co\u00fbt \u00e9nerg\u00e9tique r\u00e9duit et ne n\u00e9cessitent qu\u2019un espace de stockage minimal. Comme notre alternative en forme de cathodes, elle est \u00e9galement adapt\u00e9e \u00e0 pour la production d'acier inoxydable \u00e0 faible teneur en carbone, aux pi\u00e8ces de fonderie non magn\u00e9tiques et r\u00e9sistantes \u00e0 la chaleur, ainsi qu\u2019aux alliages magn\u00e9tiques. Ce produit est exempt de bords coupants ou irr\u00e9guliers et sa taille uniforme facilite sa manipulation.\",\"breadcrumb\":{\"@id\":\"https:\\\/\\\/alliedmet.com\\\/fr\\\/efp-14k\\\/#breadcrumb\"},\"inLanguage\":\"fr-FR\",\"potentialAction\":[{\"@type\":\"ReadAction\",\"target\":[\"https:\\\/\\\/alliedmet.com\\\/fr\\\/efp-14k\\\/\"]}]},{\"@type\":\"ImageObject\",\"inLanguage\":\"fr-FR\",\"@id\":\"https:\\\/\\\/alliedmet.com\\\/fr\\\/efp-14k\\\/#primaryimage\",\"url\":\"https:\\\/\\\/alliedmet.com\\\/wp-content\\\/uploads\\\/2019\\\/11\\\/EFP-14K-1.png\",\"contentUrl\":\"https:\\\/\\\/alliedmet.com\\\/wp-content\\\/uploads\\\/2019\\\/11\\\/EFP-14K-1.png\"},{\"@type\":\"BreadcrumbList\",\"@id\":\"https:\\\/\\\/alliedmet.com\\\/fr\\\/efp-14k\\\/#breadcrumb\",\"itemListElement\":[{\"@type\":\"ListItem\",\"position\":1,\"name\":\"Home\",\"item\":\"https:\\\/\\\/alliedmet.com\\\/fr\\\/\"},{\"@type\":\"ListItem\",\"position\":2,\"name\":\"EFP-14K\"}]},{\"@type\":\"WebSite\",\"@id\":\"https:\\\/\\\/alliedmet.com\\\/fr\\\/#website\",\"url\":\"https:\\\/\\\/alliedmet.com\\\/fr\\\/\",\"name\":\"Allied Metals Corporation\",\"description\":\"High Purity Iron and Low Carbon Iron\",\"publisher\":{\"@id\":\"https:\\\/\\\/alliedmet.com\\\/fr\\\/#organization\"},\"potentialAction\":[{\"@type\":\"SearchAction\",\"target\":{\"@type\":\"EntryPoint\",\"urlTemplate\":\"https:\\\/\\\/alliedmet.com\\\/fr\\\/?s={search_term_string}\"},\"query-input\":{\"@type\":\"PropertyValueSpecification\",\"valueRequired\":true,\"valueName\":\"search_term_string\"}}],\"inLanguage\":\"fr-FR\"},{\"@type\":\"Organization\",\"@id\":\"https:\\\/\\\/alliedmet.com\\\/fr\\\/#organization\",\"name\":\"Allied Metals Corporation\",\"url\":\"https:\\\/\\\/alliedmet.com\\\/fr\\\/\",\"logo\":{\"@type\":\"ImageObject\",\"inLanguage\":\"fr-FR\",\"@id\":\"https:\\\/\\\/alliedmet.com\\\/fr\\\/#\\\/schema\\\/logo\\\/image\\\/\",\"url\":\"https:\\\/\\\/alliedmet.com\\\/wp-content\\\/uploads\\\/2019\\\/07\\\/AMC-English-logo.png\",\"contentUrl\":\"https:\\\/\\\/alliedmet.com\\\/wp-content\\\/uploads\\\/2019\\\/07\\\/AMC-English-logo.png\",\"width\":1029,\"height\":317,\"caption\":\"Allied Metals Corporation\"},\"image\":{\"@id\":\"https:\\\/\\\/alliedmet.com\\\/fr\\\/#\\\/schema\\\/logo\\\/image\\\/\"},\"sameAs\":[\"https:\\\/\\\/www.linkedin.com\\\/company\\\/allied-metals\"]}]}<\/script>\n<!-- \/ Yoast SEO Premium plugin. -->","yoast_head_json":{"title":"EFP-14K - Allied Metals Corporation","description":"Notre EFP 14K Fer bas Carbone offre une analyse chimique garantie avec des param\u00e8tres pouvant \u00eatre sp\u00e9cifi\u00e9s par le consommateur. Les blocks \u00e0 densit\u00e9 \u00e9lev\u00e9e offrent un excellent couplage, un temps de fusion r\u00e9duit, un co\u00fbt \u00e9nerg\u00e9tique r\u00e9duit et ne n\u00e9cessitent qu\u2019un espace de stockage minimal. Comme notre alternative en forme de cathodes, elle est \u00e9galement adapt\u00e9e \u00e0 pour la production d'acier inoxydable \u00e0 faible teneur en carbone, aux pi\u00e8ces de fonderie non magn\u00e9tiques et r\u00e9sistantes \u00e0 la chaleur, ainsi qu\u2019aux alliages magn\u00e9tiques. Ce produit est exempt de bords coupants ou irr\u00e9guliers et sa taille uniforme facilite sa manipulation.","robots":{"index":"index","follow":"follow","max-snippet":"max-snippet:-1","max-image-preview":"max-image-preview:large","max-video-preview":"max-video-preview:-1"},"canonical":"https:\/\/alliedmet.com\/fr\/efp-14k\/","og_locale":"fr_FR","og_type":"article","og_title":"EFP-14K","og_description":"Notre EFP 14K Fer bas Carbone offre une analyse chimique garantie avec des param\u00e8tres pouvant \u00eatre sp\u00e9cifi\u00e9s par le consommateur. Les blocks \u00e0 densit\u00e9 \u00e9lev\u00e9e offrent un excellent couplage, un temps de fusion r\u00e9duit, un co\u00fbt \u00e9nerg\u00e9tique r\u00e9duit et ne n\u00e9cessitent qu\u2019un espace de stockage minimal. Comme notre alternative en forme de cathodes, elle est \u00e9galement adapt\u00e9e \u00e0 pour la production d'acier inoxydable \u00e0 faible teneur en carbone, aux pi\u00e8ces de fonderie non magn\u00e9tiques et r\u00e9sistantes \u00e0 la chaleur, ainsi qu\u2019aux alliages magn\u00e9tiques. Ce produit est exempt de bords coupants ou irr\u00e9guliers et sa taille uniforme facilite sa manipulation.","og_url":"https:\/\/alliedmet.com\/fr\/efp-14k\/","og_site_name":"Allied Metals Corporation","article_modified_time":"2022-10-20T21:53:01+00:00","og_image":[{"url":"https:\/\/alliedmet.com\/wp-content\/uploads\/2019\/11\/EFP-14K-1.png","type":"","width":"","height":""}],"twitter_card":"summary_large_image","twitter_misc":{"Dur\u00e9e de lecture estim\u00e9e":"1 minute"},"schema":{"@context":"https:\/\/schema.org","@graph":[{"@type":"WebPage","@id":"https:\/\/alliedmet.com\/fr\/efp-14k\/","url":"https:\/\/alliedmet.com\/fr\/efp-14k\/","name":"EFP-14K - Allied Metals Corporation","isPartOf":{"@id":"https:\/\/alliedmet.com\/fr\/#website"},"primaryImageOfPage":{"@id":"https:\/\/alliedmet.com\/fr\/efp-14k\/#primaryimage"},"image":{"@id":"https:\/\/alliedmet.com\/fr\/efp-14k\/#primaryimage"},"thumbnailUrl":"https:\/\/alliedmet.com\/wp-content\/uploads\/2019\/11\/EFP-14K-1.png","datePublished":"2020-03-19T23:26:08+00:00","dateModified":"2022-10-20T21:53:01+00:00","description":"Notre EFP 14K Fer bas Carbone offre une analyse chimique garantie avec des param\u00e8tres pouvant \u00eatre sp\u00e9cifi\u00e9s par le consommateur. Les blocks \u00e0 densit\u00e9 \u00e9lev\u00e9e offrent un excellent couplage, un temps de fusion r\u00e9duit, un co\u00fbt \u00e9nerg\u00e9tique r\u00e9duit et ne n\u00e9cessitent qu\u2019un espace de stockage minimal. Comme notre alternative en forme de cathodes, elle est \u00e9galement adapt\u00e9e \u00e0 pour la production d'acier inoxydable \u00e0 faible teneur en carbone, aux pi\u00e8ces de fonderie non magn\u00e9tiques et r\u00e9sistantes \u00e0 la chaleur, ainsi qu\u2019aux alliages magn\u00e9tiques. Ce produit est exempt de bords coupants ou irr\u00e9guliers et sa taille uniforme facilite sa manipulation.","breadcrumb":{"@id":"https:\/\/alliedmet.com\/fr\/efp-14k\/#breadcrumb"},"inLanguage":"fr-FR","potentialAction":[{"@type":"ReadAction","target":["https:\/\/alliedmet.com\/fr\/efp-14k\/"]}]},{"@type":"ImageObject","inLanguage":"fr-FR","@id":"https:\/\/alliedmet.com\/fr\/efp-14k\/#primaryimage","url":"https:\/\/alliedmet.com\/wp-content\/uploads\/2019\/11\/EFP-14K-1.png","contentUrl":"https:\/\/alliedmet.com\/wp-content\/uploads\/2019\/11\/EFP-14K-1.png"},{"@type":"BreadcrumbList","@id":"https:\/\/alliedmet.com\/fr\/efp-14k\/#breadcrumb","itemListElement":[{"@type":"ListItem","position":1,"name":"Home","item":"https:\/\/alliedmet.com\/fr\/"},{"@type":"ListItem","position":2,"name":"EFP-14K"}]},{"@type":"WebSite","@id":"https:\/\/alliedmet.com\/fr\/#website","url":"https:\/\/alliedmet.com\/fr\/","name":"Allied Metals Corporation","description":"High Purity Iron and Low Carbon Iron","publisher":{"@id":"https:\/\/alliedmet.com\/fr\/#organization"},"potentialAction":[{"@type":"SearchAction","target":{"@type":"EntryPoint","urlTemplate":"https:\/\/alliedmet.com\/fr\/?s={search_term_string}"},"query-input":{"@type":"PropertyValueSpecification","valueRequired":true,"valueName":"search_term_string"}}],"inLanguage":"fr-FR"},{"@type":"Organization","@id":"https:\/\/alliedmet.com\/fr\/#organization","name":"Allied Metals Corporation","url":"https:\/\/alliedmet.com\/fr\/","logo":{"@type":"ImageObject","inLanguage":"fr-FR","@id":"https:\/\/alliedmet.com\/fr\/#\/schema\/logo\/image\/","url":"https:\/\/alliedmet.com\/wp-content\/uploads\/2019\/07\/AMC-English-logo.png","contentUrl":"https:\/\/alliedmet.com\/wp-content\/uploads\/2019\/07\/AMC-English-logo.png","width":1029,"height":317,"caption":"Allied Metals Corporation"},"image":{"@id":"https:\/\/alliedmet.com\/fr\/#\/schema\/logo\/image\/"},"sameAs":["https:\/\/www.linkedin.com\/company\/allied-metals"]}]}},"_links":{"self":[{"href":"https:\/\/alliedmet.com\/fr\/wp-json\/wp\/v2\/pages\/3268","targetHints":{"allow":["GET"]}}],"collection":[{"href":"https:\/\/alliedmet.com\/fr\/wp-json\/wp\/v2\/pages"}],"about":[{"href":"https:\/\/alliedmet.com\/fr\/wp-json\/wp\/v2\/types\/page"}],"author":[{"embeddable":true,"href":"https:\/\/alliedmet.com\/fr\/wp-json\/wp\/v2\/users\/1"}],"replies":[{"embeddable":true,"href":"https:\/\/alliedmet.com\/fr\/wp-json\/wp\/v2\/comments?post=3268"}],"version-history":[{"count":0,"href":"https:\/\/alliedmet.com\/fr\/wp-json\/wp\/v2\/pages\/3268\/revisions"}],"wp:attachment":[{"href":"https:\/\/alliedmet.com\/fr\/wp-json\/wp\/v2\/media?parent=3268"}],"curies":[{"name":"wp","href":"https:\/\/api.w.org\/{rel}","templated":true}]}}