{"id":3276,"date":"2020-03-19T23:29:30","date_gmt":"2020-03-19T23:29:30","guid":{"rendered":"https:\/\/alliedmet.com\/?page_id=3276"},"modified":"2022-10-20T21:52:47","modified_gmt":"2022-10-20T21:52:47","slug":"efp-14","status":"publish","type":"page","link":"https:\/\/alliedmet.com\/fr\/efp-14\/","title":{"rendered":"EFP-14"},"content":{"rendered":"\n<div id=\"wp-block-themeisle-blocks-advanced-columns-4c1db99e\" class=\"wp-block-themeisle-blocks-advanced-columns alignfull has-1-columns has-desktop-equal-layout has-tablet-equal-layout has-mobile-equal-layout has-vertical-unset\"><div class=\"wp-block-themeisle-blocks-advanced-columns-overlay\"><\/div><div class=\"innerblocks-wrap\">\n<div id=\"wp-block-themeisle-blocks-advanced-column-4801de86\" class=\"wp-block-themeisle-blocks-advanced-column\">\n<div style=\"height:20px\" aria-hidden=\"true\" class=\"wp-block-spacer ticss-70726169\"><\/div>\n<\/div>\n<\/div><\/div>\n\n\n\n<div id=\"wp-block-themeisle-blocks-advanced-columns-58c32ff4\" class=\"wp-block-themeisle-blocks-advanced-columns has-2-columns has-desktop-equal-layout has-tablet-collapsedRows-layout has-mobile-collapsedRows-layout has-vertical-unset ticss-e5cee56a\"><div class=\"wp-block-themeisle-blocks-advanced-columns-overlay\"><\/div><div class=\"innerblocks-wrap\">\n<div id=\"wp-block-themeisle-blocks-advanced-column-3e0a6c4e\" class=\"wp-block-themeisle-blocks-advanced-column\">\n<h1 class=\"ticss-0c254286 wp-block-heading\" id=\"h-efp-14\">EFP-14<\/h1>\n\n\n\n<figure class=\"wp-block-image size-large ticss-20e9763f\"><img decoding=\"async\" width=\"731\" height=\"261\" data-src=\"https:\/\/alliedmet.com\/wp-content\/uploads\/2019\/09\/allied-metal-products-image-efp14-alt.png\" alt=\"L'EFP S est un acier doux qui peut \u00eatre utilis\u00e9 comme base de fusion pour le fer, les aciers faiblement alli\u00e9s et les aciers inoxydables, comme fluide de refroidissement \u00e0 \u00e9coulement libre et comme couvercle. Ce mat\u00e9riau est s\u00e9par\u00e9 selon le grade, la taille et la densit\u00e9.\" class=\"wp-image-3282 lazyload\" data-srcset=\"https:\/\/alliedmet.com\/wp-content\/uploads\/2019\/09\/allied-metal-products-image-efp14-alt.png 731w, https:\/\/alliedmet.com\/wp-content\/uploads\/2019\/09\/allied-metal-products-image-efp14-alt-300x107.png 300w\" data-sizes=\"(max-width: 731px) 100vw, 731px\" src=\"data:image\/svg+xml;base64,PHN2ZyB3aWR0aD0iMSIgaGVpZ2h0PSIxIiB4bWxucz0iaHR0cDovL3d3dy53My5vcmcvMjAwMC9zdmciPjwvc3ZnPg==\" style=\"--smush-placeholder-width: 731px; --smush-placeholder-aspect-ratio: 731\/261;\" \/><\/figure>\n\n\n\n<h3 class=\"has-text-align-center ticss-e0884fd6 wp-block-heading\" id=\"h-efp-14-1\">EFP 14<\/h3>\n\n\n\n<figure class=\"wp-block-table ticss-64f11826\"><table class=\"has-fixed-layout\"><tbody><tr><td>Analysis (%)<\/td><td>Typical<\/td><\/tr><tr><td>C<\/td><td>0.007<\/td><\/tr><tr><td>S<\/td><td>0.012<\/td><\/tr><tr><td>P<\/td><td>0.013<\/td><\/tr><tr><td>Mn<\/td><td>0.270<\/td><\/tr><tr><td>Si<\/td><td>0.005<\/td><\/tr><\/tbody><\/table><\/figure>\n<\/div>\n\n\n\n<div id=\"wp-block-themeisle-blocks-advanced-column-464fc95a\" class=\"wp-block-themeisle-blocks-advanced-column\">\n<p class=\"has-normal-font-size\">Notre EFP 14 est dot\u00e9 d\u2019une composition chimique garantie et convient \u00e0 la production d\u2019alliages d\u2019acier inoxydable \u00e0 faible teneur en carbone, d\u2019alliages magn\u00e9tiques, de mat\u00e9riaux non magn\u00e9tiques et de mat\u00e9riaux r\u00e9sistants \u00e0 la chaleur.<\/p>\n\n\n\n<p class=\"has-normal-font-size\"><strong>Forme et dimensions :<\/strong>\u200b&nbsp;150 mm (6 po) ou 50 mm (2 po) par le bas, 3 mm (1\/8 po) d\u2019\u00e9paisseur minimale<br><strong>Emballage :<\/strong>\u200b&nbsp;Emball\u00e9 selon les exigences individuelles<br><strong>Disponibilit\u00e9 :<\/strong>\u200b&nbsp;Europe<\/p>\n\n\n\n<div id=\"wp-block-themeisle-blocks-button-group-e30cfb7a\" class=\"wp-block-themeisle-blocks-button-group wp-block-buttons\">\n<div id=\"wp-block-themeisle-blocks-button-8f05cef2\" class=\"wp-block-themeisle-blocks-button wp-block-button is-style-outline\"><a href=\"https:\/\/alliedmet.com\/fr\/produits\/\" target=\"_self\" rel=\"noopener noreferrer\" class=\"wp-block-button__link\"><span>GAMME DE PRODUITS COMPL\u00c8TE<\/span><\/a><\/div>\n\n\n\n<div id=\"wp-block-themeisle-blocks-button-9f4c465b\" class=\"wp-block-themeisle-blocks-button wp-block-button\"><a href=\"https:\/\/alliedmet.com\/fr\/demande-de-devis\/\" target=\"_self\" rel=\"noopener noreferrer\" class=\"wp-block-button__link\"><span>OBTENIR UN DEVIS<\/span><\/a><\/div>\n<\/div>\n<\/div>\n<\/div><\/div>\n","protected":false},"excerpt":{"rendered":"","protected":false},"author":1,"featured_media":0,"parent":0,"menu_order":0,"comment_status":"closed","ping_status":"closed","template":"","meta":{"neve_meta_sidebar":"","neve_meta_container":"","neve_meta_enable_content_width":"off","neve_meta_content_width":70,"neve_meta_title_alignment":"","neve_meta_author_avatar":"","neve_post_elements_order":"","neve_meta_disable_header":"","neve_meta_disable_footer":"","neve_meta_disable_title":"on","_themeisle_gutenberg_block_has_review":false,"footnotes":""},"class_list":["post-3276","page","type-page","status-publish","hentry"],"yoast_head":"<!-- This site is optimized with the Yoast SEO Premium plugin v27.3 (Yoast SEO v27.3) - https:\/\/yoast.com\/product\/yoast-seo-premium-wordpress\/ -->\n<title>EFP-14 - Allied Metals Corporation<\/title>\n<meta name=\"description\" content=\"Notre EFP 14 Fer bas Carbone est dot\u00e9 d\u2019une composition chimique garantie et convient \u00e0 la production d\u2019alliages d\u2019acier inoxydable \u00e0 faible teneur en carbone, d\u2019alliages magn\u00e9tiques, de mat\u00e9riaux non magn\u00e9tiques et de mat\u00e9riaux r\u00e9sistants \u00e0 la chaleur.\" \/>\n<meta name=\"robots\" content=\"index, follow, max-snippet:-1, max-image-preview:large, max-video-preview:-1\" \/>\n<link rel=\"canonical\" href=\"https:\/\/alliedmet.com\/fr\/efp-14\/\" \/>\n<meta property=\"og:locale\" content=\"fr_FR\" \/>\n<meta property=\"og:type\" content=\"article\" \/>\n<meta property=\"og:title\" content=\"EFP-14\" \/>\n<meta property=\"og:description\" content=\"Notre EFP 14 Fer bas Carbone est dot\u00e9 d\u2019une composition chimique garantie et convient \u00e0 la production d\u2019alliages d\u2019acier inoxydable \u00e0 faible teneur en carbone, d\u2019alliages magn\u00e9tiques, de mat\u00e9riaux non magn\u00e9tiques et de mat\u00e9riaux r\u00e9sistants \u00e0 la chaleur.\" \/>\n<meta property=\"og:url\" content=\"https:\/\/alliedmet.com\/fr\/efp-14\/\" \/>\n<meta property=\"og:site_name\" content=\"Allied Metals Corporation\" \/>\n<meta property=\"article:modified_time\" content=\"2022-10-20T21:52:47+00:00\" \/>\n<meta property=\"og:image\" content=\"https:\/\/alliedmet.com\/wp-content\/uploads\/2019\/09\/allied-metal-products-image-efp14-alt.png\" \/>\n<meta name=\"twitter:card\" content=\"summary_large_image\" \/>\n<meta name=\"twitter:label1\" content=\"Dur\u00e9e de lecture estim\u00e9e\" \/>\n\t<meta name=\"twitter:data1\" content=\"1 minute\" \/>\n<script type=\"application\/ld+json\" class=\"yoast-schema-graph\">{\"@context\":\"https:\\\/\\\/schema.org\",\"@graph\":[{\"@type\":\"WebPage\",\"@id\":\"https:\\\/\\\/alliedmet.com\\\/fr\\\/efp-14\\\/\",\"url\":\"https:\\\/\\\/alliedmet.com\\\/fr\\\/efp-14\\\/\",\"name\":\"EFP-14 - Allied Metals Corporation\",\"isPartOf\":{\"@id\":\"https:\\\/\\\/alliedmet.com\\\/fr\\\/#website\"},\"primaryImageOfPage\":{\"@id\":\"https:\\\/\\\/alliedmet.com\\\/fr\\\/efp-14\\\/#primaryimage\"},\"image\":{\"@id\":\"https:\\\/\\\/alliedmet.com\\\/fr\\\/efp-14\\\/#primaryimage\"},\"thumbnailUrl\":\"https:\\\/\\\/alliedmet.com\\\/wp-content\\\/uploads\\\/2019\\\/09\\\/allied-metal-products-image-efp14-alt.png\",\"datePublished\":\"2020-03-19T23:29:30+00:00\",\"dateModified\":\"2022-10-20T21:52:47+00:00\",\"description\":\"Notre EFP 14 Fer bas Carbone est dot\u00e9 d\u2019une composition chimique garantie et convient \u00e0 la production d\u2019alliages d\u2019acier inoxydable \u00e0 faible teneur en carbone, d\u2019alliages magn\u00e9tiques, de mat\u00e9riaux non magn\u00e9tiques et de mat\u00e9riaux r\u00e9sistants \u00e0 la chaleur.\",\"breadcrumb\":{\"@id\":\"https:\\\/\\\/alliedmet.com\\\/fr\\\/efp-14\\\/#breadcrumb\"},\"inLanguage\":\"fr-FR\",\"potentialAction\":[{\"@type\":\"ReadAction\",\"target\":[\"https:\\\/\\\/alliedmet.com\\\/fr\\\/efp-14\\\/\"]}]},{\"@type\":\"ImageObject\",\"inLanguage\":\"fr-FR\",\"@id\":\"https:\\\/\\\/alliedmet.com\\\/fr\\\/efp-14\\\/#primaryimage\",\"url\":\"https:\\\/\\\/alliedmet.com\\\/wp-content\\\/uploads\\\/2019\\\/09\\\/allied-metal-products-image-efp14-alt.png\",\"contentUrl\":\"https:\\\/\\\/alliedmet.com\\\/wp-content\\\/uploads\\\/2019\\\/09\\\/allied-metal-products-image-efp14-alt.png\"},{\"@type\":\"BreadcrumbList\",\"@id\":\"https:\\\/\\\/alliedmet.com\\\/fr\\\/efp-14\\\/#breadcrumb\",\"itemListElement\":[{\"@type\":\"ListItem\",\"position\":1,\"name\":\"Home\",\"item\":\"https:\\\/\\\/alliedmet.com\\\/fr\\\/\"},{\"@type\":\"ListItem\",\"position\":2,\"name\":\"EFP-14\"}]},{\"@type\":\"WebSite\",\"@id\":\"https:\\\/\\\/alliedmet.com\\\/fr\\\/#website\",\"url\":\"https:\\\/\\\/alliedmet.com\\\/fr\\\/\",\"name\":\"Allied Metals Corporation\",\"description\":\"High Purity Iron and Low Carbon Iron\",\"publisher\":{\"@id\":\"https:\\\/\\\/alliedmet.com\\\/fr\\\/#organization\"},\"potentialAction\":[{\"@type\":\"SearchAction\",\"target\":{\"@type\":\"EntryPoint\",\"urlTemplate\":\"https:\\\/\\\/alliedmet.com\\\/fr\\\/?s={search_term_string}\"},\"query-input\":{\"@type\":\"PropertyValueSpecification\",\"valueRequired\":true,\"valueName\":\"search_term_string\"}}],\"inLanguage\":\"fr-FR\"},{\"@type\":\"Organization\",\"@id\":\"https:\\\/\\\/alliedmet.com\\\/fr\\\/#organization\",\"name\":\"Allied Metals Corporation\",\"url\":\"https:\\\/\\\/alliedmet.com\\\/fr\\\/\",\"logo\":{\"@type\":\"ImageObject\",\"inLanguage\":\"fr-FR\",\"@id\":\"https:\\\/\\\/alliedmet.com\\\/fr\\\/#\\\/schema\\\/logo\\\/image\\\/\",\"url\":\"https:\\\/\\\/alliedmet.com\\\/wp-content\\\/uploads\\\/2019\\\/07\\\/AMC-English-logo.png\",\"contentUrl\":\"https:\\\/\\\/alliedmet.com\\\/wp-content\\\/uploads\\\/2019\\\/07\\\/AMC-English-logo.png\",\"width\":1029,\"height\":317,\"caption\":\"Allied Metals Corporation\"},\"image\":{\"@id\":\"https:\\\/\\\/alliedmet.com\\\/fr\\\/#\\\/schema\\\/logo\\\/image\\\/\"},\"sameAs\":[\"https:\\\/\\\/www.linkedin.com\\\/company\\\/allied-metals\"]}]}<\/script>\n<!-- \/ Yoast SEO Premium plugin. -->","yoast_head_json":{"title":"EFP-14 - Allied Metals Corporation","description":"Notre EFP 14 Fer bas Carbone est dot\u00e9 d\u2019une composition chimique garantie et convient \u00e0 la production d\u2019alliages d\u2019acier inoxydable \u00e0 faible teneur en carbone, d\u2019alliages magn\u00e9tiques, de mat\u00e9riaux non magn\u00e9tiques et de mat\u00e9riaux r\u00e9sistants \u00e0 la chaleur.","robots":{"index":"index","follow":"follow","max-snippet":"max-snippet:-1","max-image-preview":"max-image-preview:large","max-video-preview":"max-video-preview:-1"},"canonical":"https:\/\/alliedmet.com\/fr\/efp-14\/","og_locale":"fr_FR","og_type":"article","og_title":"EFP-14","og_description":"Notre EFP 14 Fer bas Carbone est dot\u00e9 d\u2019une composition chimique garantie et convient \u00e0 la production d\u2019alliages d\u2019acier inoxydable \u00e0 faible teneur en carbone, d\u2019alliages magn\u00e9tiques, de mat\u00e9riaux non magn\u00e9tiques et de mat\u00e9riaux r\u00e9sistants \u00e0 la chaleur.","og_url":"https:\/\/alliedmet.com\/fr\/efp-14\/","og_site_name":"Allied Metals Corporation","article_modified_time":"2022-10-20T21:52:47+00:00","og_image":[{"url":"https:\/\/alliedmet.com\/wp-content\/uploads\/2019\/09\/allied-metal-products-image-efp14-alt.png","type":"","width":"","height":""}],"twitter_card":"summary_large_image","twitter_misc":{"Dur\u00e9e de lecture estim\u00e9e":"1 minute"},"schema":{"@context":"https:\/\/schema.org","@graph":[{"@type":"WebPage","@id":"https:\/\/alliedmet.com\/fr\/efp-14\/","url":"https:\/\/alliedmet.com\/fr\/efp-14\/","name":"EFP-14 - Allied Metals Corporation","isPartOf":{"@id":"https:\/\/alliedmet.com\/fr\/#website"},"primaryImageOfPage":{"@id":"https:\/\/alliedmet.com\/fr\/efp-14\/#primaryimage"},"image":{"@id":"https:\/\/alliedmet.com\/fr\/efp-14\/#primaryimage"},"thumbnailUrl":"https:\/\/alliedmet.com\/wp-content\/uploads\/2019\/09\/allied-metal-products-image-efp14-alt.png","datePublished":"2020-03-19T23:29:30+00:00","dateModified":"2022-10-20T21:52:47+00:00","description":"Notre EFP 14 Fer bas Carbone est dot\u00e9 d\u2019une composition chimique garantie et convient \u00e0 la production d\u2019alliages d\u2019acier inoxydable \u00e0 faible teneur en carbone, d\u2019alliages magn\u00e9tiques, de mat\u00e9riaux non magn\u00e9tiques et de mat\u00e9riaux r\u00e9sistants \u00e0 la chaleur.","breadcrumb":{"@id":"https:\/\/alliedmet.com\/fr\/efp-14\/#breadcrumb"},"inLanguage":"fr-FR","potentialAction":[{"@type":"ReadAction","target":["https:\/\/alliedmet.com\/fr\/efp-14\/"]}]},{"@type":"ImageObject","inLanguage":"fr-FR","@id":"https:\/\/alliedmet.com\/fr\/efp-14\/#primaryimage","url":"https:\/\/alliedmet.com\/wp-content\/uploads\/2019\/09\/allied-metal-products-image-efp14-alt.png","contentUrl":"https:\/\/alliedmet.com\/wp-content\/uploads\/2019\/09\/allied-metal-products-image-efp14-alt.png"},{"@type":"BreadcrumbList","@id":"https:\/\/alliedmet.com\/fr\/efp-14\/#breadcrumb","itemListElement":[{"@type":"ListItem","position":1,"name":"Home","item":"https:\/\/alliedmet.com\/fr\/"},{"@type":"ListItem","position":2,"name":"EFP-14"}]},{"@type":"WebSite","@id":"https:\/\/alliedmet.com\/fr\/#website","url":"https:\/\/alliedmet.com\/fr\/","name":"Allied Metals Corporation","description":"High Purity Iron and Low Carbon Iron","publisher":{"@id":"https:\/\/alliedmet.com\/fr\/#organization"},"potentialAction":[{"@type":"SearchAction","target":{"@type":"EntryPoint","urlTemplate":"https:\/\/alliedmet.com\/fr\/?s={search_term_string}"},"query-input":{"@type":"PropertyValueSpecification","valueRequired":true,"valueName":"search_term_string"}}],"inLanguage":"fr-FR"},{"@type":"Organization","@id":"https:\/\/alliedmet.com\/fr\/#organization","name":"Allied Metals Corporation","url":"https:\/\/alliedmet.com\/fr\/","logo":{"@type":"ImageObject","inLanguage":"fr-FR","@id":"https:\/\/alliedmet.com\/fr\/#\/schema\/logo\/image\/","url":"https:\/\/alliedmet.com\/wp-content\/uploads\/2019\/07\/AMC-English-logo.png","contentUrl":"https:\/\/alliedmet.com\/wp-content\/uploads\/2019\/07\/AMC-English-logo.png","width":1029,"height":317,"caption":"Allied Metals Corporation"},"image":{"@id":"https:\/\/alliedmet.com\/fr\/#\/schema\/logo\/image\/"},"sameAs":["https:\/\/www.linkedin.com\/company\/allied-metals"]}]}},"_links":{"self":[{"href":"https:\/\/alliedmet.com\/fr\/wp-json\/wp\/v2\/pages\/3276","targetHints":{"allow":["GET"]}}],"collection":[{"href":"https:\/\/alliedmet.com\/fr\/wp-json\/wp\/v2\/pages"}],"about":[{"href":"https:\/\/alliedmet.com\/fr\/wp-json\/wp\/v2\/types\/page"}],"author":[{"embeddable":true,"href":"https:\/\/alliedmet.com\/fr\/wp-json\/wp\/v2\/users\/1"}],"replies":[{"embeddable":true,"href":"https:\/\/alliedmet.com\/fr\/wp-json\/wp\/v2\/comments?post=3276"}],"version-history":[{"count":0,"href":"https:\/\/alliedmet.com\/fr\/wp-json\/wp\/v2\/pages\/3276\/revisions"}],"wp:attachment":[{"href":"https:\/\/alliedmet.com\/fr\/wp-json\/wp\/v2\/media?parent=3276"}],"curies":[{"name":"wp","href":"https:\/\/api.w.org\/{rel}","templated":true}]}}