{"id":3285,"date":"2020-03-19T23:34:57","date_gmt":"2020-03-19T23:34:57","guid":{"rendered":"https:\/\/alliedmet.com\/?page_id=3285"},"modified":"2022-10-20T21:51:47","modified_gmt":"2022-10-20T21:51:47","slug":"cathode-de-fer","status":"publish","type":"page","link":"https:\/\/alliedmet.com\/fr\/cathode-de-fer\/","title":{"rendered":"Cathode de fer"},"content":{"rendered":"\n<div id=\"wp-block-themeisle-blocks-advanced-columns-548d0e6a\" class=\"wp-block-themeisle-blocks-advanced-columns alignfull has-1-columns has-desktop-equal-layout has-tablet-equal-layout has-mobile-equal-layout has-vertical-unset\"><div class=\"wp-block-themeisle-blocks-advanced-columns-overlay\"><\/div><div class=\"innerblocks-wrap\">\n<div id=\"wp-block-themeisle-blocks-advanced-column-f03fda85\" class=\"wp-block-themeisle-blocks-advanced-column\">\n<div style=\"height:20px\" aria-hidden=\"true\" class=\"wp-block-spacer ticss-d5c866b1\"><\/div>\n<\/div>\n<\/div><\/div>\n\n\n\n<div id=\"wp-block-themeisle-blocks-advanced-columns-e11b959d\" class=\"wp-block-themeisle-blocks-advanced-columns has-2-columns has-desktop-equal-layout has-tablet-collapsedRows-layout has-mobile-collapsedRows-layout has-vertical-unset\"><div class=\"wp-block-themeisle-blocks-advanced-columns-overlay\"><\/div><div class=\"innerblocks-wrap\">\n<div id=\"wp-block-themeisle-blocks-advanced-column-45ac4afc\" class=\"wp-block-themeisle-blocks-advanced-column\">\n<h1 class=\"wp-block-heading\" id=\"h-cathode-de-fer\">CATHODE DE FER<\/h1>\n\n\n\n<figure class=\"wp-block-image size-large ticss-a81dae54\"><img decoding=\"async\" width=\"689\" height=\"261\" data-src=\"https:\/\/alliedmet.com\/wp-content\/uploads\/2019\/09\/allied-metal-products-image-iron-cathode.png\" alt=\"Les cathodes de fer \u00e0 faible teneur en carbone et de grande puret\u00e9 sont un produit \u00e9conomique et de haute efficacit\u00e9 chez Allied Metals.\" class=\"wp-image-3288 lazyload\" data-srcset=\"https:\/\/alliedmet.com\/wp-content\/uploads\/2019\/09\/allied-metal-products-image-iron-cathode.png 689w, https:\/\/alliedmet.com\/wp-content\/uploads\/2019\/09\/allied-metal-products-image-iron-cathode-300x114.png 300w\" data-sizes=\"(max-width: 689px) 100vw, 689px\" src=\"data:image\/svg+xml;base64,PHN2ZyB3aWR0aD0iMSIgaGVpZ2h0PSIxIiB4bWxucz0iaHR0cDovL3d3dy53My5vcmcvMjAwMC9zdmciPjwvc3ZnPg==\" style=\"--smush-placeholder-width: 689px; --smush-placeholder-aspect-ratio: 689\/261;\" \/><\/figure>\n\n\n\n<h3 class=\"has-text-align-center ticss-17fa66a1 wp-block-heading\" id=\"h-cathode-de-fer-1\">CATHODE DE FER<\/h3>\n\n\n\n<figure class=\"wp-block-table ticss-7b590dbd\"><table class=\"has-fixed-layout\"><tbody><tr><td><strong>Analysis (%)<\/strong><\/td><td>Maximum<\/td><td>Typical<\/td><\/tr><tr><td><strong>C<\/strong><\/td><td>0.03<\/td><td>0.005<\/td><\/tr><tr><td><strong>S<\/strong><\/td><td>0.015<\/td><td>0.008<\/td><\/tr><tr><td><strong>P<\/strong><\/td><td>0.015<\/td><td>0.008<\/td><\/tr><tr><td><strong>Mn<\/strong><\/td><td>0.300<\/td><td>0.130<\/td><\/tr><tr><td><strong>Si<\/strong><\/td><td>0.020<\/td><td>0.010<\/td><\/tr><tr><td><strong>O<\/strong><\/td><td>0.01<\/td><td>0.008<\/td><\/tr><tr><td><strong>N<\/strong><\/td><td>0.01<\/td><td>0.005<\/td><\/tr><tr><td><strong>Fe<\/strong><\/td><td>Balance<\/td><td>Balance<\/td><\/tr><\/tbody><\/table><\/figure>\n<\/div>\n\n\n\n<div id=\"wp-block-themeisle-blocks-advanced-column-48e55f44\" class=\"wp-block-themeisle-blocks-advanced-column\">\n<p class=\"has-normal-font-size\">Les cathodes de fer \u00e0 faible teneur en carbone et de grande puret\u00e9 sont un produit \u00e9conomique et de haute efficacit\u00e9 chez Allied Metals. Ils sont destin\u00e9s \u00e0 \u00eatre utilis\u00e9s dans des fours \u00e0 induction et sous vide. Il s\u2019agit d\u2019un produit \u00e0 coul\u00e9e certifi\u00e9e avec une uniformit\u00e9 de 100 % dans la composition chimique et la forme. Les plaques font environ 4 pouces carr\u00e9s sur 3\/16 pouces d\u2019\u00e9paisseur, soit environ 100 mm carr\u00e9s sur 5 mm d\u2019\u00e9paisseur. Ce produit est adapt\u00e9 aux syst\u00e8mes de stockage et de chargement automatis\u00e9s, et convient \u00e0 la production d\u2019acier inoxydable \u00e0 faible teneur en carbone, de pi\u00e8ces de fonderie non magn\u00e9tiques et r\u00e9sistantes \u00e0 la chaleur, d\u2019alliages \u00e0 forte teneur en nickel et d\u2019alliages magn\u00e9tiques. Nos cathodes de fer sont comp\u00e9titifs en termes de co\u00fbt par rapport \u00e0 la ferraille et leur analyse fiable permet une utilisation accrue du retour. Ce produit est exempt de bords coupants ou irr\u00e9guliers et sa taille uniforme facilite sa manipulation.<\/p>\n\n\n\n<p class=\"has-normal-font-size\"><strong>Forme et dimensions :&nbsp;<\/strong>\u200bPlaques uniformes de 100 mm x 100 mm x 5 mm (4 po x 4 po x 3\u204416 po)<br><strong>Emballage :&nbsp;<\/strong>\u200bEmball\u00e9 selon les exigences individuelles<br><strong>Disponibilit\u00e9 :<\/strong>\u200b&nbsp;Toutes les r\u00e9gions<\/p>\n\n\n\n<div id=\"wp-block-themeisle-blocks-button-group-e30cfb7a\" class=\"wp-block-themeisle-blocks-button-group wp-block-buttons\">\n<div id=\"wp-block-themeisle-blocks-button-8f05cef2\" class=\"wp-block-themeisle-blocks-button wp-block-button is-style-outline\"><a href=\"https:\/\/alliedmet.com\/fr\/produits\/\" target=\"_self\" rel=\"noopener noreferrer\" class=\"wp-block-button__link\"><span>GAMME DE PRODUITS COMPL\u00c8TE<\/span><\/a><\/div>\n\n\n\n<div id=\"wp-block-themeisle-blocks-button-9f4c465b\" class=\"wp-block-themeisle-blocks-button wp-block-button\"><a href=\"https:\/\/alliedmet.com\/fr\/demande-de-devis\/\" target=\"_self\" rel=\"noopener noreferrer\" class=\"wp-block-button__link\"><span>OBTENIR UN DEVIS<\/span><\/a><\/div>\n<\/div>\n<\/div>\n<\/div><\/div>\n","protected":false},"excerpt":{"rendered":"","protected":false},"author":1,"featured_media":0,"parent":0,"menu_order":0,"comment_status":"closed","ping_status":"closed","template":"","meta":{"neve_meta_sidebar":"","neve_meta_container":"","neve_meta_enable_content_width":"off","neve_meta_content_width":70,"neve_meta_title_alignment":"","neve_meta_author_avatar":"","neve_post_elements_order":"","neve_meta_disable_header":"","neve_meta_disable_footer":"","neve_meta_disable_title":"on","_themeisle_gutenberg_block_has_review":false,"footnotes":""},"class_list":["post-3285","page","type-page","status-publish","hentry"],"yoast_head":"<!-- This site is optimized with the Yoast SEO Premium plugin v27.3 (Yoast SEO v27.3) - https:\/\/yoast.com\/product\/yoast-seo-premium-wordpress\/ -->\n<title>Cathode de fer - Allied Metals Corporation<\/title>\n<meta name=\"description\" content=\"Les cathodes de fer \u00e0 faible teneur en carbone et de grande puret\u00e9 sont un produit \u00e9conomique et de haute efficacit\u00e9 chez Allied Metals. Ils sont destin\u00e9s \u00e0 \u00eatre utilis\u00e9s dans des fours \u00e0 induction et sous vide. Il s\u2019agit d\u2019un produit \u00e0 coul\u00e9e certifi\u00e9e avec une uniformit\u00e9 de 100 % dans la composition chimique et la forme. Les plaques font environ 4 pouces carr\u00e9s sur 3\/16 pouces d\u2019\u00e9paisseur, soit environ 100 mm carr\u00e9s sur 5 mm d\u2019\u00e9paisseur. Ce produit est adapt\u00e9 aux syst\u00e8mes de stockage et de chargement automatis\u00e9s, et convient \u00e0 la production d\u2019acier inoxydable \u00e0 faible teneur en carbone, de pi\u00e8ces de fonderie non magn\u00e9tiques et r\u00e9sistantes \u00e0 la chaleur, d\u2019alliages \u00e0 forte teneur en nickel et d\u2019alliages magn\u00e9tiques. Nos cathodes de fer sont comp\u00e9titifs en termes de co\u00fbt par rapport \u00e0 la ferraille et leur analyse fiable permet une utilisation accrue du retour. Ce produit est exempt de bords coupants ou irr\u00e9guliers et sa taille uniforme facilite sa manipulation.\" \/>\n<meta name=\"robots\" content=\"index, follow, max-snippet:-1, max-image-preview:large, max-video-preview:-1\" \/>\n<link rel=\"canonical\" href=\"https:\/\/alliedmet.com\/fr\/cathode-de-fer\/\" \/>\n<meta property=\"og:locale\" content=\"fr_FR\" \/>\n<meta property=\"og:type\" content=\"article\" \/>\n<meta property=\"og:title\" content=\"Cathode de fer\" \/>\n<meta property=\"og:description\" content=\"Les cathodes de fer \u00e0 faible teneur en carbone et de grande puret\u00e9 sont un produit \u00e9conomique et de haute efficacit\u00e9 chez Allied Metals. Ils sont destin\u00e9s \u00e0 \u00eatre utilis\u00e9s dans des fours \u00e0 induction et sous vide. Il s\u2019agit d\u2019un produit \u00e0 coul\u00e9e certifi\u00e9e avec une uniformit\u00e9 de 100 % dans la composition chimique et la forme. Les plaques font environ 4 pouces carr\u00e9s sur 3\/16 pouces d\u2019\u00e9paisseur, soit environ 100 mm carr\u00e9s sur 5 mm d\u2019\u00e9paisseur. Ce produit est adapt\u00e9 aux syst\u00e8mes de stockage et de chargement automatis\u00e9s, et convient \u00e0 la production d\u2019acier inoxydable \u00e0 faible teneur en carbone, de pi\u00e8ces de fonderie non magn\u00e9tiques et r\u00e9sistantes \u00e0 la chaleur, d\u2019alliages \u00e0 forte teneur en nickel et d\u2019alliages magn\u00e9tiques. Nos cathodes de fer sont comp\u00e9titifs en termes de co\u00fbt par rapport \u00e0 la ferraille et leur analyse fiable permet une utilisation accrue du retour. Ce produit est exempt de bords coupants ou irr\u00e9guliers et sa taille uniforme facilite sa manipulation.\" \/>\n<meta property=\"og:url\" content=\"https:\/\/alliedmet.com\/fr\/cathode-de-fer\/\" \/>\n<meta property=\"og:site_name\" content=\"Allied Metals Corporation\" \/>\n<meta property=\"article:modified_time\" content=\"2022-10-20T21:51:47+00:00\" \/>\n<meta property=\"og:image\" content=\"https:\/\/alliedmet.com\/wp-content\/uploads\/2019\/09\/allied-metal-products-image-iron-cathode.png\" \/>\n<meta name=\"twitter:card\" content=\"summary_large_image\" \/>\n<meta name=\"twitter:label1\" content=\"Dur\u00e9e de lecture estim\u00e9e\" \/>\n\t<meta name=\"twitter:data1\" content=\"2 minutes\" \/>\n<script type=\"application\/ld+json\" class=\"yoast-schema-graph\">{\"@context\":\"https:\\\/\\\/schema.org\",\"@graph\":[{\"@type\":\"WebPage\",\"@id\":\"https:\\\/\\\/alliedmet.com\\\/fr\\\/cathode-de-fer\\\/\",\"url\":\"https:\\\/\\\/alliedmet.com\\\/fr\\\/cathode-de-fer\\\/\",\"name\":\"Cathode de fer - Allied Metals Corporation\",\"isPartOf\":{\"@id\":\"https:\\\/\\\/alliedmet.com\\\/fr\\\/#website\"},\"primaryImageOfPage\":{\"@id\":\"https:\\\/\\\/alliedmet.com\\\/fr\\\/cathode-de-fer\\\/#primaryimage\"},\"image\":{\"@id\":\"https:\\\/\\\/alliedmet.com\\\/fr\\\/cathode-de-fer\\\/#primaryimage\"},\"thumbnailUrl\":\"https:\\\/\\\/alliedmet.com\\\/wp-content\\\/uploads\\\/2019\\\/09\\\/allied-metal-products-image-iron-cathode.png\",\"datePublished\":\"2020-03-19T23:34:57+00:00\",\"dateModified\":\"2022-10-20T21:51:47+00:00\",\"description\":\"Les cathodes de fer \u00e0 faible teneur en carbone et de grande puret\u00e9 sont un produit \u00e9conomique et de haute efficacit\u00e9 chez Allied Metals. Ils sont destin\u00e9s \u00e0 \u00eatre utilis\u00e9s dans des fours \u00e0 induction et sous vide. Il s\u2019agit d\u2019un produit \u00e0 coul\u00e9e certifi\u00e9e avec une uniformit\u00e9 de 100 % dans la composition chimique et la forme. Les plaques font environ 4 pouces carr\u00e9s sur 3\\\/16 pouces d\u2019\u00e9paisseur, soit environ 100 mm carr\u00e9s sur 5 mm d\u2019\u00e9paisseur. Ce produit est adapt\u00e9 aux syst\u00e8mes de stockage et de chargement automatis\u00e9s, et convient \u00e0 la production d\u2019acier inoxydable \u00e0 faible teneur en carbone, de pi\u00e8ces de fonderie non magn\u00e9tiques et r\u00e9sistantes \u00e0 la chaleur, d\u2019alliages \u00e0 forte teneur en nickel et d\u2019alliages magn\u00e9tiques. Nos cathodes de fer sont comp\u00e9titifs en termes de co\u00fbt par rapport \u00e0 la ferraille et leur analyse fiable permet une utilisation accrue du retour. Ce produit est exempt de bords coupants ou irr\u00e9guliers et sa taille uniforme facilite sa manipulation.\",\"breadcrumb\":{\"@id\":\"https:\\\/\\\/alliedmet.com\\\/fr\\\/cathode-de-fer\\\/#breadcrumb\"},\"inLanguage\":\"fr-FR\",\"potentialAction\":[{\"@type\":\"ReadAction\",\"target\":[\"https:\\\/\\\/alliedmet.com\\\/fr\\\/cathode-de-fer\\\/\"]}]},{\"@type\":\"ImageObject\",\"inLanguage\":\"fr-FR\",\"@id\":\"https:\\\/\\\/alliedmet.com\\\/fr\\\/cathode-de-fer\\\/#primaryimage\",\"url\":\"https:\\\/\\\/alliedmet.com\\\/wp-content\\\/uploads\\\/2019\\\/09\\\/allied-metal-products-image-iron-cathode.png\",\"contentUrl\":\"https:\\\/\\\/alliedmet.com\\\/wp-content\\\/uploads\\\/2019\\\/09\\\/allied-metal-products-image-iron-cathode.png\"},{\"@type\":\"BreadcrumbList\",\"@id\":\"https:\\\/\\\/alliedmet.com\\\/fr\\\/cathode-de-fer\\\/#breadcrumb\",\"itemListElement\":[{\"@type\":\"ListItem\",\"position\":1,\"name\":\"Home\",\"item\":\"https:\\\/\\\/alliedmet.com\\\/fr\\\/\"},{\"@type\":\"ListItem\",\"position\":2,\"name\":\"Cathode de fer\"}]},{\"@type\":\"WebSite\",\"@id\":\"https:\\\/\\\/alliedmet.com\\\/fr\\\/#website\",\"url\":\"https:\\\/\\\/alliedmet.com\\\/fr\\\/\",\"name\":\"Allied Metals Corporation\",\"description\":\"High Purity Iron and Low Carbon Iron\",\"publisher\":{\"@id\":\"https:\\\/\\\/alliedmet.com\\\/fr\\\/#organization\"},\"potentialAction\":[{\"@type\":\"SearchAction\",\"target\":{\"@type\":\"EntryPoint\",\"urlTemplate\":\"https:\\\/\\\/alliedmet.com\\\/fr\\\/?s={search_term_string}\"},\"query-input\":{\"@type\":\"PropertyValueSpecification\",\"valueRequired\":true,\"valueName\":\"search_term_string\"}}],\"inLanguage\":\"fr-FR\"},{\"@type\":\"Organization\",\"@id\":\"https:\\\/\\\/alliedmet.com\\\/fr\\\/#organization\",\"name\":\"Allied Metals Corporation\",\"url\":\"https:\\\/\\\/alliedmet.com\\\/fr\\\/\",\"logo\":{\"@type\":\"ImageObject\",\"inLanguage\":\"fr-FR\",\"@id\":\"https:\\\/\\\/alliedmet.com\\\/fr\\\/#\\\/schema\\\/logo\\\/image\\\/\",\"url\":\"https:\\\/\\\/alliedmet.com\\\/wp-content\\\/uploads\\\/2019\\\/07\\\/AMC-English-logo.png\",\"contentUrl\":\"https:\\\/\\\/alliedmet.com\\\/wp-content\\\/uploads\\\/2019\\\/07\\\/AMC-English-logo.png\",\"width\":1029,\"height\":317,\"caption\":\"Allied Metals Corporation\"},\"image\":{\"@id\":\"https:\\\/\\\/alliedmet.com\\\/fr\\\/#\\\/schema\\\/logo\\\/image\\\/\"},\"sameAs\":[\"https:\\\/\\\/www.linkedin.com\\\/company\\\/allied-metals\"]}]}<\/script>\n<!-- \/ Yoast SEO Premium plugin. -->","yoast_head_json":{"title":"Cathode de fer - Allied Metals Corporation","description":"Les cathodes de fer \u00e0 faible teneur en carbone et de grande puret\u00e9 sont un produit \u00e9conomique et de haute efficacit\u00e9 chez Allied Metals. Ils sont destin\u00e9s \u00e0 \u00eatre utilis\u00e9s dans des fours \u00e0 induction et sous vide. Il s\u2019agit d\u2019un produit \u00e0 coul\u00e9e certifi\u00e9e avec une uniformit\u00e9 de 100 % dans la composition chimique et la forme. Les plaques font environ 4 pouces carr\u00e9s sur 3\/16 pouces d\u2019\u00e9paisseur, soit environ 100 mm carr\u00e9s sur 5 mm d\u2019\u00e9paisseur. Ce produit est adapt\u00e9 aux syst\u00e8mes de stockage et de chargement automatis\u00e9s, et convient \u00e0 la production d\u2019acier inoxydable \u00e0 faible teneur en carbone, de pi\u00e8ces de fonderie non magn\u00e9tiques et r\u00e9sistantes \u00e0 la chaleur, d\u2019alliages \u00e0 forte teneur en nickel et d\u2019alliages magn\u00e9tiques. Nos cathodes de fer sont comp\u00e9titifs en termes de co\u00fbt par rapport \u00e0 la ferraille et leur analyse fiable permet une utilisation accrue du retour. Ce produit est exempt de bords coupants ou irr\u00e9guliers et sa taille uniforme facilite sa manipulation.","robots":{"index":"index","follow":"follow","max-snippet":"max-snippet:-1","max-image-preview":"max-image-preview:large","max-video-preview":"max-video-preview:-1"},"canonical":"https:\/\/alliedmet.com\/fr\/cathode-de-fer\/","og_locale":"fr_FR","og_type":"article","og_title":"Cathode de fer","og_description":"Les cathodes de fer \u00e0 faible teneur en carbone et de grande puret\u00e9 sont un produit \u00e9conomique et de haute efficacit\u00e9 chez Allied Metals. Ils sont destin\u00e9s \u00e0 \u00eatre utilis\u00e9s dans des fours \u00e0 induction et sous vide. Il s\u2019agit d\u2019un produit \u00e0 coul\u00e9e certifi\u00e9e avec une uniformit\u00e9 de 100 % dans la composition chimique et la forme. Les plaques font environ 4 pouces carr\u00e9s sur 3\/16 pouces d\u2019\u00e9paisseur, soit environ 100 mm carr\u00e9s sur 5 mm d\u2019\u00e9paisseur. Ce produit est adapt\u00e9 aux syst\u00e8mes de stockage et de chargement automatis\u00e9s, et convient \u00e0 la production d\u2019acier inoxydable \u00e0 faible teneur en carbone, de pi\u00e8ces de fonderie non magn\u00e9tiques et r\u00e9sistantes \u00e0 la chaleur, d\u2019alliages \u00e0 forte teneur en nickel et d\u2019alliages magn\u00e9tiques. Nos cathodes de fer sont comp\u00e9titifs en termes de co\u00fbt par rapport \u00e0 la ferraille et leur analyse fiable permet une utilisation accrue du retour. Ce produit est exempt de bords coupants ou irr\u00e9guliers et sa taille uniforme facilite sa manipulation.","og_url":"https:\/\/alliedmet.com\/fr\/cathode-de-fer\/","og_site_name":"Allied Metals Corporation","article_modified_time":"2022-10-20T21:51:47+00:00","og_image":[{"url":"https:\/\/alliedmet.com\/wp-content\/uploads\/2019\/09\/allied-metal-products-image-iron-cathode.png","type":"","width":"","height":""}],"twitter_card":"summary_large_image","twitter_misc":{"Dur\u00e9e de lecture estim\u00e9e":"2 minutes"},"schema":{"@context":"https:\/\/schema.org","@graph":[{"@type":"WebPage","@id":"https:\/\/alliedmet.com\/fr\/cathode-de-fer\/","url":"https:\/\/alliedmet.com\/fr\/cathode-de-fer\/","name":"Cathode de fer - Allied Metals Corporation","isPartOf":{"@id":"https:\/\/alliedmet.com\/fr\/#website"},"primaryImageOfPage":{"@id":"https:\/\/alliedmet.com\/fr\/cathode-de-fer\/#primaryimage"},"image":{"@id":"https:\/\/alliedmet.com\/fr\/cathode-de-fer\/#primaryimage"},"thumbnailUrl":"https:\/\/alliedmet.com\/wp-content\/uploads\/2019\/09\/allied-metal-products-image-iron-cathode.png","datePublished":"2020-03-19T23:34:57+00:00","dateModified":"2022-10-20T21:51:47+00:00","description":"Les cathodes de fer \u00e0 faible teneur en carbone et de grande puret\u00e9 sont un produit \u00e9conomique et de haute efficacit\u00e9 chez Allied Metals. Ils sont destin\u00e9s \u00e0 \u00eatre utilis\u00e9s dans des fours \u00e0 induction et sous vide. Il s\u2019agit d\u2019un produit \u00e0 coul\u00e9e certifi\u00e9e avec une uniformit\u00e9 de 100 % dans la composition chimique et la forme. Les plaques font environ 4 pouces carr\u00e9s sur 3\/16 pouces d\u2019\u00e9paisseur, soit environ 100 mm carr\u00e9s sur 5 mm d\u2019\u00e9paisseur. Ce produit est adapt\u00e9 aux syst\u00e8mes de stockage et de chargement automatis\u00e9s, et convient \u00e0 la production d\u2019acier inoxydable \u00e0 faible teneur en carbone, de pi\u00e8ces de fonderie non magn\u00e9tiques et r\u00e9sistantes \u00e0 la chaleur, d\u2019alliages \u00e0 forte teneur en nickel et d\u2019alliages magn\u00e9tiques. Nos cathodes de fer sont comp\u00e9titifs en termes de co\u00fbt par rapport \u00e0 la ferraille et leur analyse fiable permet une utilisation accrue du retour. Ce produit est exempt de bords coupants ou irr\u00e9guliers et sa taille uniforme facilite sa manipulation.","breadcrumb":{"@id":"https:\/\/alliedmet.com\/fr\/cathode-de-fer\/#breadcrumb"},"inLanguage":"fr-FR","potentialAction":[{"@type":"ReadAction","target":["https:\/\/alliedmet.com\/fr\/cathode-de-fer\/"]}]},{"@type":"ImageObject","inLanguage":"fr-FR","@id":"https:\/\/alliedmet.com\/fr\/cathode-de-fer\/#primaryimage","url":"https:\/\/alliedmet.com\/wp-content\/uploads\/2019\/09\/allied-metal-products-image-iron-cathode.png","contentUrl":"https:\/\/alliedmet.com\/wp-content\/uploads\/2019\/09\/allied-metal-products-image-iron-cathode.png"},{"@type":"BreadcrumbList","@id":"https:\/\/alliedmet.com\/fr\/cathode-de-fer\/#breadcrumb","itemListElement":[{"@type":"ListItem","position":1,"name":"Home","item":"https:\/\/alliedmet.com\/fr\/"},{"@type":"ListItem","position":2,"name":"Cathode de fer"}]},{"@type":"WebSite","@id":"https:\/\/alliedmet.com\/fr\/#website","url":"https:\/\/alliedmet.com\/fr\/","name":"Allied Metals Corporation","description":"High Purity Iron and Low Carbon Iron","publisher":{"@id":"https:\/\/alliedmet.com\/fr\/#organization"},"potentialAction":[{"@type":"SearchAction","target":{"@type":"EntryPoint","urlTemplate":"https:\/\/alliedmet.com\/fr\/?s={search_term_string}"},"query-input":{"@type":"PropertyValueSpecification","valueRequired":true,"valueName":"search_term_string"}}],"inLanguage":"fr-FR"},{"@type":"Organization","@id":"https:\/\/alliedmet.com\/fr\/#organization","name":"Allied Metals Corporation","url":"https:\/\/alliedmet.com\/fr\/","logo":{"@type":"ImageObject","inLanguage":"fr-FR","@id":"https:\/\/alliedmet.com\/fr\/#\/schema\/logo\/image\/","url":"https:\/\/alliedmet.com\/wp-content\/uploads\/2019\/07\/AMC-English-logo.png","contentUrl":"https:\/\/alliedmet.com\/wp-content\/uploads\/2019\/07\/AMC-English-logo.png","width":1029,"height":317,"caption":"Allied Metals Corporation"},"image":{"@id":"https:\/\/alliedmet.com\/fr\/#\/schema\/logo\/image\/"},"sameAs":["https:\/\/www.linkedin.com\/company\/allied-metals"]}]}},"_links":{"self":[{"href":"https:\/\/alliedmet.com\/fr\/wp-json\/wp\/v2\/pages\/3285","targetHints":{"allow":["GET"]}}],"collection":[{"href":"https:\/\/alliedmet.com\/fr\/wp-json\/wp\/v2\/pages"}],"about":[{"href":"https:\/\/alliedmet.com\/fr\/wp-json\/wp\/v2\/types\/page"}],"author":[{"embeddable":true,"href":"https:\/\/alliedmet.com\/fr\/wp-json\/wp\/v2\/users\/1"}],"replies":[{"embeddable":true,"href":"https:\/\/alliedmet.com\/fr\/wp-json\/wp\/v2\/comments?post=3285"}],"version-history":[{"count":0,"href":"https:\/\/alliedmet.com\/fr\/wp-json\/wp\/v2\/pages\/3285\/revisions"}],"wp:attachment":[{"href":"https:\/\/alliedmet.com\/fr\/wp-json\/wp\/v2\/media?parent=3285"}],"curies":[{"name":"wp","href":"https:\/\/api.w.org\/{rel}","templated":true}]}}