{"id":3295,"date":"2020-03-20T00:03:33","date_gmt":"2020-03-20T00:03:33","guid":{"rendered":"https:\/\/alliedmet.com\/?page_id=3295"},"modified":"2022-10-20T23:45:21","modified_gmt":"2022-10-20T23:45:21","slug":"poincons-1010-laves","status":"publish","type":"page","link":"https:\/\/alliedmet.com\/fr\/poincons-1010-laves\/","title":{"rendered":"Poin\u00e7ons 1010 lav\u00e9s"},"content":{"rendered":"\n<div id=\"wp-block-themeisle-blocks-advanced-columns-8c0612b4\" class=\"wp-block-themeisle-blocks-advanced-columns alignfull has-1-columns has-desktop-equal-layout has-tablet-equal-layout has-mobile-equal-layout has-vertical-unset\"><div class=\"wp-block-themeisle-blocks-advanced-columns-overlay\"><\/div><div class=\"innerblocks-wrap\">\n<div id=\"wp-block-themeisle-blocks-advanced-column-92fd07e2\" class=\"wp-block-themeisle-blocks-advanced-column ticss-0c3cb9f5\">\n<div style=\"height:20px\" aria-hidden=\"true\" class=\"wp-block-spacer ticss-d5c866b1\"><\/div>\n<\/div>\n<\/div><\/div>\n\n\n\n<div id=\"wp-block-themeisle-blocks-advanced-columns-c44147d0\" class=\"wp-block-themeisle-blocks-advanced-columns has-2-columns has-desktop-equal-layout has-tablet-collapsedRows-layout has-mobile-collapsedRows-layout has-vertical-unset\"><div class=\"wp-block-themeisle-blocks-advanced-columns-overlay\"><\/div><div class=\"innerblocks-wrap\">\n<div id=\"wp-block-themeisle-blocks-advanced-column-bb1c6d40\" class=\"wp-block-themeisle-blocks-advanced-column\">\n<h1 class=\"wp-block-heading\" id=\"h-poincons-1010-laves\">POIN\u00c7ONS 1010 LAV\u00c9S<\/h1>\n\n\n\n<figure class=\"wp-block-image size-large ticss-9475543b is-style-default\"><img decoding=\"async\" width=\"667\" height=\"274\" data-src=\"https:\/\/alliedmet.com\/wp-content\/uploads\/2019\/09\/allied-metal-products-image-washed-puching.png\" alt=\"1010 LES POIN\u00c7ONS LAV\u00c9S peuvent \u00eatre utilis\u00e9s comme base de fusion pour le fer, les aciers faiblement alli\u00e9s et les aciers inoxydables, comme liquide de refroidissement \u00e0 \u00e9coulement libre et comme couvercle. Ce mat\u00e9riau est s\u00e9par\u00e9 selon le grade, la taille et la densit\u00e9. La haute densit\u00e9 et la propret\u00e9 de notre mat\u00e9riau r\u00e9duisent la fum\u00e9e et permettent moins d'inclusions et moins de porosit\u00e9, et notre processus de nettoyage et de s\u00e9chage garantit que le mat\u00e9riau est exempt de toute contamination.\" class=\"wp-image-3298 lazyload\" data-srcset=\"https:\/\/alliedmet.com\/wp-content\/uploads\/2019\/09\/allied-metal-products-image-washed-puching.png 667w, https:\/\/alliedmet.com\/wp-content\/uploads\/2019\/09\/allied-metal-products-image-washed-puching-300x123.png 300w\" data-sizes=\"(max-width: 667px) 100vw, 667px\" src=\"data:image\/svg+xml;base64,PHN2ZyB3aWR0aD0iMSIgaGVpZ2h0PSIxIiB4bWxucz0iaHR0cDovL3d3dy53My5vcmcvMjAwMC9zdmciPjwvc3ZnPg==\" style=\"--smush-placeholder-width: 667px; --smush-placeholder-aspect-ratio: 667\/274;\" \/><\/figure>\n\n\n\n<h3 class=\"has-text-align-center ticss-372cafef wp-block-heading\" id=\"h-poincons-1010-laves-1\">Poin\u00e7ons 1010 lav\u00e9s<\/h3>\n\n\n\n<figure class=\"wp-block-table ticss-96bfa389\"><table class=\"has-fixed-layout\"><tbody><tr><td><strong>Analysis (%)<\/strong><\/td><td>Typical<\/td><\/tr><tr><td><strong>C<\/strong><\/td><td>0.07<\/td><\/tr><tr><td><strong>S<\/strong><\/td><td>0.015<\/td><\/tr><tr><td><strong>P<\/strong><\/td><td>0.015<\/td><\/tr><tr><td><strong>Mn<\/strong><\/td><td>0.42<\/td><\/tr><tr><td><strong>Si<\/strong><\/td><td>0.010<\/td><\/tr><\/tbody><\/table><\/figure>\n<\/div>\n\n\n\n<div id=\"wp-block-themeisle-blocks-advanced-column-e11cd439\" class=\"wp-block-themeisle-blocks-advanced-column\">\n<p class=\"has-normal-font-size\">Nos poin\u00e7ons 1010 sont s\u00e9par\u00e9s et test\u00e9s pour assurer la conformit\u00e9 en fonction de la qualit\u00e9, de la taille et de la densit\u00e9. Le mat\u00e9riau est ensuite lav\u00e9, s\u00e9ch\u00e9 et emball\u00e9 pour prot\u00e9ger l\u2019int\u00e9grit\u00e9 du produit. Il convient \u00e0 la production d\u2019une large gamme d\u2019aciers faiblement alli\u00e9s et d\u2019aciers inoxydables produits dans des fours \u00e0 induction et des fours \u00e0 induction sous vide. C\u2019est aussi un liquide de refroidissement \u00e0 \u00e9coulement libre tr\u00e8s efficace, ou comme poin\u00e7onnage de couvercle dans la production de fonte \u00e0 graphite sph\u00e9ro\u00efdal.<\/p>\n\n\n\n<p class=\"has-normal-font-size\">Notre large stock nous permet de vous proposer des options de forme, de taille et de composition chimique pour r\u00e9pondre \u00e0 vos besoins en mati\u00e8re de fusion. La haute densit\u00e9 et la propret\u00e9 de notre mat\u00e9riau r\u00e9duisent la fum\u00e9e, ce qui permet de r\u00e9duire les inclusions et la porosit\u00e9. En outre, nos processus de lavage et de s\u00e9chage garantissent que le mat\u00e9riau est exempt de toute contamination. Allied Metals garantit la composition chimique du produit conform\u00e9ment aux sp\u00e9cifications du client. AISI 1006\/1010 (EN DIN C6\/C10) et 1018\/1020 (EN DIN C15\/C20) sont aussi disponibles sur demande.&nbsp;<\/p>\n\n\n\n<p class=\"has-normal-font-size\"><strong>Forme et dimensions:&nbsp;<\/strong>\u200bDimensions adapt\u00e9es aux sp\u00e9cifications du client 150 mm (6 po) par le bas ou 50 mm (2 po) par le bas, 3 mm (1\/8 po) d\u2019\u00e9paisseur minimale<br><strong>Emballage :&nbsp;<\/strong>\u200bEmball\u00e9 selon les exigences individuelles<br><strong>Disponibilit\u00e9 :&nbsp;<\/strong>\u200bLes Am\u00e9riques<\/p>\n\n\n\n<div id=\"wp-block-themeisle-blocks-button-group-e30cfb7a\" class=\"wp-block-themeisle-blocks-button-group wp-block-buttons\">\n<div id=\"wp-block-themeisle-blocks-button-8f05cef2\" class=\"wp-block-themeisle-blocks-button wp-block-button is-style-outline\"><a href=\"https:\/\/alliedmet.com\/fr\/produits\/\" target=\"_self\" rel=\"noopener noreferrer\" class=\"wp-block-button__link\"><span>GAMME DE PRODUITS COMPL\u00c8TE<\/span><\/a><\/div>\n\n\n\n<div id=\"wp-block-themeisle-blocks-button-9f4c465b\" class=\"wp-block-themeisle-blocks-button wp-block-button\"><a href=\"https:\/\/alliedmet.com\/fr\/demande-de-devis\/\" target=\"_self\" rel=\"noopener noreferrer\" class=\"wp-block-button__link\"><span>OBTENIR UN DEVIS<\/span><\/a><\/div>\n<\/div>\n<\/div>\n<\/div><\/div>\n","protected":false},"excerpt":{"rendered":"","protected":false},"author":1,"featured_media":0,"parent":0,"menu_order":0,"comment_status":"closed","ping_status":"closed","template":"","meta":{"neve_meta_sidebar":"default","neve_meta_container":"default","neve_meta_enable_content_width":"off","neve_meta_content_width":100,"neve_meta_title_alignment":"","neve_meta_author_avatar":"","neve_post_elements_order":"","neve_meta_disable_header":"off","neve_meta_disable_footer":"off","neve_meta_disable_title":"on","_themeisle_gutenberg_block_has_review":false,"footnotes":""},"class_list":["post-3295","page","type-page","status-publish","hentry"],"yoast_head":"<!-- This site is optimized with the Yoast SEO Premium plugin v27.3 (Yoast SEO v27.3) - https:\/\/yoast.com\/product\/yoast-seo-premium-wordpress\/ -->\n<title>Poin\u00e7ons 1010 lav\u00e9s - Allied Metals Corporation<\/title>\n<meta name=\"description\" content=\"Nos poin\u00e7ons 1010 sont s\u00e9par\u00e9s et test\u00e9s pour assurer la conformit\u00e9 en fonction de la qualit\u00e9, de la taille et de la densit\u00e9. Le mat\u00e9riau est ensuite lav\u00e9, s\u00e9ch\u00e9 et emball\u00e9 pour prot\u00e9ger l\u2019int\u00e9grit\u00e9 du produit. Il convient \u00e0 la production d\u2019une large gamme d\u2019aciers faiblement alli\u00e9s et d\u2019aciers inoxydables produits dans des fours \u00e0 induction et des fours \u00e0 induction sous vide. C\u2019est aussi un liquide de refroidissement \u00e0 \u00e9coulement libre tr\u00e8s efficace, ou comme poin\u00e7onnage de couvercle dans la production de fonte \u00e0 graphite sph\u00e9ro\u00efdal. Notre large stock nous permet de vous proposer des options de forme, de taille et de composition chimique pour r\u00e9pondre \u00e0 vos besoins en mati\u00e8re de fusion. La haute densit\u00e9 et la propret\u00e9 de notre mat\u00e9riau r\u00e9duisent la fum\u00e9e, ce qui permet de r\u00e9duire les inclusions et la porosit\u00e9. En outre, nos processus de lavage et de s\u00e9chage garantissent que le mat\u00e9riau est exempt de toute contamination. Allied Metals garantit la composition chimique du produit conform\u00e9ment aux sp\u00e9cifications du client. AISI 1006\/1010 (EN DIN C6\/C10) et 1018\/1020 (EN DIN C15\/C20) sont aussi disponibles sur demande. Pour tous nos produits, nous sommes certifi\u00e9s ISO.\" \/>\n<meta name=\"robots\" content=\"index, follow, max-snippet:-1, max-image-preview:large, max-video-preview:-1\" \/>\n<link rel=\"canonical\" href=\"https:\/\/alliedmet.com\/fr\/poincons-1010-laves\/\" \/>\n<meta property=\"og:locale\" content=\"fr_FR\" \/>\n<meta property=\"og:type\" content=\"article\" \/>\n<meta property=\"og:title\" content=\"Poin\u00e7ons 1010 lav\u00e9s\" \/>\n<meta property=\"og:description\" content=\"Nos poin\u00e7ons 1010 sont s\u00e9par\u00e9s et test\u00e9s pour assurer la conformit\u00e9 en fonction de la qualit\u00e9, de la taille et de la densit\u00e9. Le mat\u00e9riau est ensuite lav\u00e9, s\u00e9ch\u00e9 et emball\u00e9 pour prot\u00e9ger l\u2019int\u00e9grit\u00e9 du produit. Il convient \u00e0 la production d\u2019une large gamme d\u2019aciers faiblement alli\u00e9s et d\u2019aciers inoxydables produits dans des fours \u00e0 induction et des fours \u00e0 induction sous vide. C\u2019est aussi un liquide de refroidissement \u00e0 \u00e9coulement libre tr\u00e8s efficace, ou comme poin\u00e7onnage de couvercle dans la production de fonte \u00e0 graphite sph\u00e9ro\u00efdal. Notre large stock nous permet de vous proposer des options de forme, de taille et de composition chimique pour r\u00e9pondre \u00e0 vos besoins en mati\u00e8re de fusion. La haute densit\u00e9 et la propret\u00e9 de notre mat\u00e9riau r\u00e9duisent la fum\u00e9e, ce qui permet de r\u00e9duire les inclusions et la porosit\u00e9. En outre, nos processus de lavage et de s\u00e9chage garantissent que le mat\u00e9riau est exempt de toute contamination. Allied Metals garantit la composition chimique du produit conform\u00e9ment aux sp\u00e9cifications du client. AISI 1006\/1010 (EN DIN C6\/C10) et 1018\/1020 (EN DIN C15\/C20) sont aussi disponibles sur demande. Pour tous nos produits, nous sommes certifi\u00e9s ISO.\" \/>\n<meta property=\"og:url\" content=\"https:\/\/alliedmet.com\/fr\/poincons-1010-laves\/\" \/>\n<meta property=\"og:site_name\" content=\"Allied Metals Corporation\" \/>\n<meta property=\"article:modified_time\" content=\"2022-10-20T23:45:21+00:00\" \/>\n<meta property=\"og:image\" content=\"https:\/\/alliedmet.com\/wp-content\/uploads\/2019\/09\/allied-metal-products-image-washed-puching.png\" \/>\n<meta name=\"twitter:card\" content=\"summary_large_image\" \/>\n<meta name=\"twitter:label1\" content=\"Dur\u00e9e de lecture estim\u00e9e\" \/>\n\t<meta name=\"twitter:data1\" content=\"2 minutes\" \/>\n<script type=\"application\/ld+json\" class=\"yoast-schema-graph\">{\"@context\":\"https:\\\/\\\/schema.org\",\"@graph\":[{\"@type\":\"WebPage\",\"@id\":\"https:\\\/\\\/alliedmet.com\\\/fr\\\/poincons-1010-laves\\\/\",\"url\":\"https:\\\/\\\/alliedmet.com\\\/fr\\\/poincons-1010-laves\\\/\",\"name\":\"Poin\u00e7ons 1010 lav\u00e9s - Allied Metals Corporation\",\"isPartOf\":{\"@id\":\"https:\\\/\\\/alliedmet.com\\\/fr\\\/#website\"},\"primaryImageOfPage\":{\"@id\":\"https:\\\/\\\/alliedmet.com\\\/fr\\\/poincons-1010-laves\\\/#primaryimage\"},\"image\":{\"@id\":\"https:\\\/\\\/alliedmet.com\\\/fr\\\/poincons-1010-laves\\\/#primaryimage\"},\"thumbnailUrl\":\"https:\\\/\\\/alliedmet.com\\\/wp-content\\\/uploads\\\/2019\\\/09\\\/allied-metal-products-image-washed-puching.png\",\"datePublished\":\"2020-03-20T00:03:33+00:00\",\"dateModified\":\"2022-10-20T23:45:21+00:00\",\"description\":\"Nos poin\u00e7ons 1010 sont s\u00e9par\u00e9s et test\u00e9s pour assurer la conformit\u00e9 en fonction de la qualit\u00e9, de la taille et de la densit\u00e9. Le mat\u00e9riau est ensuite lav\u00e9, s\u00e9ch\u00e9 et emball\u00e9 pour prot\u00e9ger l\u2019int\u00e9grit\u00e9 du produit. Il convient \u00e0 la production d\u2019une large gamme d\u2019aciers faiblement alli\u00e9s et d\u2019aciers inoxydables produits dans des fours \u00e0 induction et des fours \u00e0 induction sous vide. C\u2019est aussi un liquide de refroidissement \u00e0 \u00e9coulement libre tr\u00e8s efficace, ou comme poin\u00e7onnage de couvercle dans la production de fonte \u00e0 graphite sph\u00e9ro\u00efdal. Notre large stock nous permet de vous proposer des options de forme, de taille et de composition chimique pour r\u00e9pondre \u00e0 vos besoins en mati\u00e8re de fusion. La haute densit\u00e9 et la propret\u00e9 de notre mat\u00e9riau r\u00e9duisent la fum\u00e9e, ce qui permet de r\u00e9duire les inclusions et la porosit\u00e9. En outre, nos processus de lavage et de s\u00e9chage garantissent que le mat\u00e9riau est exempt de toute contamination. Allied Metals garantit la composition chimique du produit conform\u00e9ment aux sp\u00e9cifications du client. AISI 1006\\\/1010 (EN DIN C6\\\/C10) et 1018\\\/1020 (EN DIN C15\\\/C20) sont aussi disponibles sur demande. Pour tous nos produits, nous sommes certifi\u00e9s ISO.\",\"breadcrumb\":{\"@id\":\"https:\\\/\\\/alliedmet.com\\\/fr\\\/poincons-1010-laves\\\/#breadcrumb\"},\"inLanguage\":\"fr-FR\",\"potentialAction\":[{\"@type\":\"ReadAction\",\"target\":[\"https:\\\/\\\/alliedmet.com\\\/fr\\\/poincons-1010-laves\\\/\"]}]},{\"@type\":\"ImageObject\",\"inLanguage\":\"fr-FR\",\"@id\":\"https:\\\/\\\/alliedmet.com\\\/fr\\\/poincons-1010-laves\\\/#primaryimage\",\"url\":\"https:\\\/\\\/alliedmet.com\\\/wp-content\\\/uploads\\\/2019\\\/09\\\/allied-metal-products-image-washed-puching.png\",\"contentUrl\":\"https:\\\/\\\/alliedmet.com\\\/wp-content\\\/uploads\\\/2019\\\/09\\\/allied-metal-products-image-washed-puching.png\"},{\"@type\":\"BreadcrumbList\",\"@id\":\"https:\\\/\\\/alliedmet.com\\\/fr\\\/poincons-1010-laves\\\/#breadcrumb\",\"itemListElement\":[{\"@type\":\"ListItem\",\"position\":1,\"name\":\"Home\",\"item\":\"https:\\\/\\\/alliedmet.com\\\/fr\\\/\"},{\"@type\":\"ListItem\",\"position\":2,\"name\":\"Poin\u00e7ons 1010 lav\u00e9s\"}]},{\"@type\":\"WebSite\",\"@id\":\"https:\\\/\\\/alliedmet.com\\\/fr\\\/#website\",\"url\":\"https:\\\/\\\/alliedmet.com\\\/fr\\\/\",\"name\":\"Allied Metals Corporation\",\"description\":\"High Purity Iron and Low Carbon Iron\",\"publisher\":{\"@id\":\"https:\\\/\\\/alliedmet.com\\\/fr\\\/#organization\"},\"potentialAction\":[{\"@type\":\"SearchAction\",\"target\":{\"@type\":\"EntryPoint\",\"urlTemplate\":\"https:\\\/\\\/alliedmet.com\\\/fr\\\/?s={search_term_string}\"},\"query-input\":{\"@type\":\"PropertyValueSpecification\",\"valueRequired\":true,\"valueName\":\"search_term_string\"}}],\"inLanguage\":\"fr-FR\"},{\"@type\":\"Organization\",\"@id\":\"https:\\\/\\\/alliedmet.com\\\/fr\\\/#organization\",\"name\":\"Allied Metals Corporation\",\"url\":\"https:\\\/\\\/alliedmet.com\\\/fr\\\/\",\"logo\":{\"@type\":\"ImageObject\",\"inLanguage\":\"fr-FR\",\"@id\":\"https:\\\/\\\/alliedmet.com\\\/fr\\\/#\\\/schema\\\/logo\\\/image\\\/\",\"url\":\"https:\\\/\\\/alliedmet.com\\\/wp-content\\\/uploads\\\/2019\\\/07\\\/AMC-English-logo.png\",\"contentUrl\":\"https:\\\/\\\/alliedmet.com\\\/wp-content\\\/uploads\\\/2019\\\/07\\\/AMC-English-logo.png\",\"width\":1029,\"height\":317,\"caption\":\"Allied Metals Corporation\"},\"image\":{\"@id\":\"https:\\\/\\\/alliedmet.com\\\/fr\\\/#\\\/schema\\\/logo\\\/image\\\/\"},\"sameAs\":[\"https:\\\/\\\/www.linkedin.com\\\/company\\\/allied-metals\"]}]}<\/script>\n<!-- \/ Yoast SEO Premium plugin. -->","yoast_head_json":{"title":"Poin\u00e7ons 1010 lav\u00e9s - Allied Metals Corporation","description":"Nos poin\u00e7ons 1010 sont s\u00e9par\u00e9s et test\u00e9s pour assurer la conformit\u00e9 en fonction de la qualit\u00e9, de la taille et de la densit\u00e9. Le mat\u00e9riau est ensuite lav\u00e9, s\u00e9ch\u00e9 et emball\u00e9 pour prot\u00e9ger l\u2019int\u00e9grit\u00e9 du produit. Il convient \u00e0 la production d\u2019une large gamme d\u2019aciers faiblement alli\u00e9s et d\u2019aciers inoxydables produits dans des fours \u00e0 induction et des fours \u00e0 induction sous vide. C\u2019est aussi un liquide de refroidissement \u00e0 \u00e9coulement libre tr\u00e8s efficace, ou comme poin\u00e7onnage de couvercle dans la production de fonte \u00e0 graphite sph\u00e9ro\u00efdal. Notre large stock nous permet de vous proposer des options de forme, de taille et de composition chimique pour r\u00e9pondre \u00e0 vos besoins en mati\u00e8re de fusion. La haute densit\u00e9 et la propret\u00e9 de notre mat\u00e9riau r\u00e9duisent la fum\u00e9e, ce qui permet de r\u00e9duire les inclusions et la porosit\u00e9. En outre, nos processus de lavage et de s\u00e9chage garantissent que le mat\u00e9riau est exempt de toute contamination. Allied Metals garantit la composition chimique du produit conform\u00e9ment aux sp\u00e9cifications du client. AISI 1006\/1010 (EN DIN C6\/C10) et 1018\/1020 (EN DIN C15\/C20) sont aussi disponibles sur demande. Pour tous nos produits, nous sommes certifi\u00e9s ISO.","robots":{"index":"index","follow":"follow","max-snippet":"max-snippet:-1","max-image-preview":"max-image-preview:large","max-video-preview":"max-video-preview:-1"},"canonical":"https:\/\/alliedmet.com\/fr\/poincons-1010-laves\/","og_locale":"fr_FR","og_type":"article","og_title":"Poin\u00e7ons 1010 lav\u00e9s","og_description":"Nos poin\u00e7ons 1010 sont s\u00e9par\u00e9s et test\u00e9s pour assurer la conformit\u00e9 en fonction de la qualit\u00e9, de la taille et de la densit\u00e9. Le mat\u00e9riau est ensuite lav\u00e9, s\u00e9ch\u00e9 et emball\u00e9 pour prot\u00e9ger l\u2019int\u00e9grit\u00e9 du produit. Il convient \u00e0 la production d\u2019une large gamme d\u2019aciers faiblement alli\u00e9s et d\u2019aciers inoxydables produits dans des fours \u00e0 induction et des fours \u00e0 induction sous vide. C\u2019est aussi un liquide de refroidissement \u00e0 \u00e9coulement libre tr\u00e8s efficace, ou comme poin\u00e7onnage de couvercle dans la production de fonte \u00e0 graphite sph\u00e9ro\u00efdal. Notre large stock nous permet de vous proposer des options de forme, de taille et de composition chimique pour r\u00e9pondre \u00e0 vos besoins en mati\u00e8re de fusion. La haute densit\u00e9 et la propret\u00e9 de notre mat\u00e9riau r\u00e9duisent la fum\u00e9e, ce qui permet de r\u00e9duire les inclusions et la porosit\u00e9. En outre, nos processus de lavage et de s\u00e9chage garantissent que le mat\u00e9riau est exempt de toute contamination. Allied Metals garantit la composition chimique du produit conform\u00e9ment aux sp\u00e9cifications du client. AISI 1006\/1010 (EN DIN C6\/C10) et 1018\/1020 (EN DIN C15\/C20) sont aussi disponibles sur demande. Pour tous nos produits, nous sommes certifi\u00e9s ISO.","og_url":"https:\/\/alliedmet.com\/fr\/poincons-1010-laves\/","og_site_name":"Allied Metals Corporation","article_modified_time":"2022-10-20T23:45:21+00:00","og_image":[{"url":"https:\/\/alliedmet.com\/wp-content\/uploads\/2019\/09\/allied-metal-products-image-washed-puching.png","type":"","width":"","height":""}],"twitter_card":"summary_large_image","twitter_misc":{"Dur\u00e9e de lecture estim\u00e9e":"2 minutes"},"schema":{"@context":"https:\/\/schema.org","@graph":[{"@type":"WebPage","@id":"https:\/\/alliedmet.com\/fr\/poincons-1010-laves\/","url":"https:\/\/alliedmet.com\/fr\/poincons-1010-laves\/","name":"Poin\u00e7ons 1010 lav\u00e9s - Allied Metals Corporation","isPartOf":{"@id":"https:\/\/alliedmet.com\/fr\/#website"},"primaryImageOfPage":{"@id":"https:\/\/alliedmet.com\/fr\/poincons-1010-laves\/#primaryimage"},"image":{"@id":"https:\/\/alliedmet.com\/fr\/poincons-1010-laves\/#primaryimage"},"thumbnailUrl":"https:\/\/alliedmet.com\/wp-content\/uploads\/2019\/09\/allied-metal-products-image-washed-puching.png","datePublished":"2020-03-20T00:03:33+00:00","dateModified":"2022-10-20T23:45:21+00:00","description":"Nos poin\u00e7ons 1010 sont s\u00e9par\u00e9s et test\u00e9s pour assurer la conformit\u00e9 en fonction de la qualit\u00e9, de la taille et de la densit\u00e9. Le mat\u00e9riau est ensuite lav\u00e9, s\u00e9ch\u00e9 et emball\u00e9 pour prot\u00e9ger l\u2019int\u00e9grit\u00e9 du produit. Il convient \u00e0 la production d\u2019une large gamme d\u2019aciers faiblement alli\u00e9s et d\u2019aciers inoxydables produits dans des fours \u00e0 induction et des fours \u00e0 induction sous vide. C\u2019est aussi un liquide de refroidissement \u00e0 \u00e9coulement libre tr\u00e8s efficace, ou comme poin\u00e7onnage de couvercle dans la production de fonte \u00e0 graphite sph\u00e9ro\u00efdal. Notre large stock nous permet de vous proposer des options de forme, de taille et de composition chimique pour r\u00e9pondre \u00e0 vos besoins en mati\u00e8re de fusion. La haute densit\u00e9 et la propret\u00e9 de notre mat\u00e9riau r\u00e9duisent la fum\u00e9e, ce qui permet de r\u00e9duire les inclusions et la porosit\u00e9. En outre, nos processus de lavage et de s\u00e9chage garantissent que le mat\u00e9riau est exempt de toute contamination. Allied Metals garantit la composition chimique du produit conform\u00e9ment aux sp\u00e9cifications du client. AISI 1006\/1010 (EN DIN C6\/C10) et 1018\/1020 (EN DIN C15\/C20) sont aussi disponibles sur demande. Pour tous nos produits, nous sommes certifi\u00e9s ISO.","breadcrumb":{"@id":"https:\/\/alliedmet.com\/fr\/poincons-1010-laves\/#breadcrumb"},"inLanguage":"fr-FR","potentialAction":[{"@type":"ReadAction","target":["https:\/\/alliedmet.com\/fr\/poincons-1010-laves\/"]}]},{"@type":"ImageObject","inLanguage":"fr-FR","@id":"https:\/\/alliedmet.com\/fr\/poincons-1010-laves\/#primaryimage","url":"https:\/\/alliedmet.com\/wp-content\/uploads\/2019\/09\/allied-metal-products-image-washed-puching.png","contentUrl":"https:\/\/alliedmet.com\/wp-content\/uploads\/2019\/09\/allied-metal-products-image-washed-puching.png"},{"@type":"BreadcrumbList","@id":"https:\/\/alliedmet.com\/fr\/poincons-1010-laves\/#breadcrumb","itemListElement":[{"@type":"ListItem","position":1,"name":"Home","item":"https:\/\/alliedmet.com\/fr\/"},{"@type":"ListItem","position":2,"name":"Poin\u00e7ons 1010 lav\u00e9s"}]},{"@type":"WebSite","@id":"https:\/\/alliedmet.com\/fr\/#website","url":"https:\/\/alliedmet.com\/fr\/","name":"Allied Metals Corporation","description":"High Purity Iron and Low Carbon Iron","publisher":{"@id":"https:\/\/alliedmet.com\/fr\/#organization"},"potentialAction":[{"@type":"SearchAction","target":{"@type":"EntryPoint","urlTemplate":"https:\/\/alliedmet.com\/fr\/?s={search_term_string}"},"query-input":{"@type":"PropertyValueSpecification","valueRequired":true,"valueName":"search_term_string"}}],"inLanguage":"fr-FR"},{"@type":"Organization","@id":"https:\/\/alliedmet.com\/fr\/#organization","name":"Allied Metals Corporation","url":"https:\/\/alliedmet.com\/fr\/","logo":{"@type":"ImageObject","inLanguage":"fr-FR","@id":"https:\/\/alliedmet.com\/fr\/#\/schema\/logo\/image\/","url":"https:\/\/alliedmet.com\/wp-content\/uploads\/2019\/07\/AMC-English-logo.png","contentUrl":"https:\/\/alliedmet.com\/wp-content\/uploads\/2019\/07\/AMC-English-logo.png","width":1029,"height":317,"caption":"Allied Metals Corporation"},"image":{"@id":"https:\/\/alliedmet.com\/fr\/#\/schema\/logo\/image\/"},"sameAs":["https:\/\/www.linkedin.com\/company\/allied-metals"]}]}},"_links":{"self":[{"href":"https:\/\/alliedmet.com\/fr\/wp-json\/wp\/v2\/pages\/3295","targetHints":{"allow":["GET"]}}],"collection":[{"href":"https:\/\/alliedmet.com\/fr\/wp-json\/wp\/v2\/pages"}],"about":[{"href":"https:\/\/alliedmet.com\/fr\/wp-json\/wp\/v2\/types\/page"}],"author":[{"embeddable":true,"href":"https:\/\/alliedmet.com\/fr\/wp-json\/wp\/v2\/users\/1"}],"replies":[{"embeddable":true,"href":"https:\/\/alliedmet.com\/fr\/wp-json\/wp\/v2\/comments?post=3295"}],"version-history":[{"count":0,"href":"https:\/\/alliedmet.com\/fr\/wp-json\/wp\/v2\/pages\/3295\/revisions"}],"wp:attachment":[{"href":"https:\/\/alliedmet.com\/fr\/wp-json\/wp\/v2\/media?parent=3295"}],"curies":[{"name":"wp","href":"https:\/\/api.w.org\/{rel}","templated":true}]}}