{"id":3302,"date":"2020-03-20T02:41:17","date_gmt":"2020-03-20T02:41:17","guid":{"rendered":"https:\/\/alliedmet.com\/?page_id=3302"},"modified":"2022-10-21T04:07:03","modified_gmt":"2022-10-21T04:07:03","slug":"aciers-au-carbone-et-aciers-faiblement-allies","status":"publish","type":"page","link":"https:\/\/alliedmet.com\/fr\/aciers-au-carbone-et-aciers-faiblement-allies\/","title":{"rendered":"Aciers au carbone et aciers faiblement alli\u00e9s"},"content":{"rendered":"\n<div id=\"wp-block-themeisle-blocks-advanced-columns-9b5d645d\" class=\"wp-block-themeisle-blocks-advanced-columns alignfull has-1-columns has-desktop-equal-layout has-tablet-equal-layout has-mobile-equal-layout has-vertical-unset\"><div class=\"wp-block-themeisle-blocks-advanced-columns-overlay\"><\/div><div class=\"innerblocks-wrap\">\n<div id=\"wp-block-themeisle-blocks-advanced-column-18dc2766\" class=\"wp-block-themeisle-blocks-advanced-column\">\n<div style=\"height:20px\" aria-hidden=\"true\" class=\"wp-block-spacer ticss-d5c866b1\"><\/div>\n<\/div>\n<\/div><\/div>\n\n\n\n<div id=\"wp-block-themeisle-blocks-advanced-columns-242f4bc8\" class=\"wp-block-themeisle-blocks-advanced-columns has-2-columns has-desktop-equal-layout has-tablet-collapsedRows-layout has-mobile-collapsedRows-layout has-vertical-unset\"><div class=\"wp-block-themeisle-blocks-advanced-columns-overlay\"><\/div><div class=\"innerblocks-wrap\">\n<div id=\"wp-block-themeisle-blocks-advanced-column-378e7171\" class=\"wp-block-themeisle-blocks-advanced-column\">\n<h1 class=\"wp-block-heading\" id=\"h-aciers-au-carbone-et-aciers-faiblement-alli-s\">ACIERS AU CARBONE ET ACIERS FAIBLEMENT ALLI\u00c9S<\/h1>\n\n\n\n<figure class=\"wp-block-image size-large ticss-6ca815bc\"><img decoding=\"async\" width=\"865\" height=\"309\" data-src=\"https:\/\/alliedmet.com\/wp-content\/uploads\/2019\/11\/image.png\" alt=\"ACIER AU CARBONE et ACIER \u00c0 FAIBLE ALLIAGE utilis\u00e9s comme mati\u00e8re en fusion pour les fonderies \u00e0 induction.\" class=\"wp-image-3580 lazyload\" data-srcset=\"https:\/\/alliedmet.com\/wp-content\/uploads\/2019\/11\/image.png 865w, https:\/\/alliedmet.com\/wp-content\/uploads\/2019\/11\/image-300x107.png 300w, https:\/\/alliedmet.com\/wp-content\/uploads\/2019\/11\/image-768x274.png 768w\" data-sizes=\"(max-width: 865px) 100vw, 865px\" src=\"data:image\/svg+xml;base64,PHN2ZyB3aWR0aD0iMSIgaGVpZ2h0PSIxIiB4bWxucz0iaHR0cDovL3d3dy53My5vcmcvMjAwMC9zdmciPjwvc3ZnPg==\" style=\"--smush-placeholder-width: 865px; --smush-placeholder-aspect-ratio: 865\/309;\" \/><\/figure>\n\n\n\n<h3 class=\"has-text-align-center ticss-d43f2e6d wp-block-heading\" id=\"h-aciers-au-carbone-et-aciers-faiblement-alli-s-1\">ACIERS AU CARBONE ET ACIERS FAIBLEMENT ALLI\u00c9S<\/h3>\n\n\n\n<figure class=\"wp-block-table ticss-aae934a3\"><table><tbody><tr><td>AIAI<\/td><td>EN DIN<\/td><td>AISI<\/td><\/tr><tr><td>1005<\/td><td>C5<\/td><td>4130<\/td><\/tr><tr><td>1010<\/td><td>C15<\/td><td>4140<\/td><\/tr><tr><td>1020<\/td><td>C20<\/td><td>4320<\/td><\/tr><tr><td>1030<\/td><td>C30<\/td><td>4340<\/td><\/tr><tr><td>1040<\/td><td>C40<\/td><td>4615<\/td><\/tr><tr><td>1050<\/td><td>C50<\/td><td>8620<\/td><\/tr><tr><td>1080<\/td><td>C80<\/td><td>8630<\/td><\/tr><\/tbody><\/table><\/figure>\n<\/div>\n\n\n\n<div id=\"wp-block-themeisle-blocks-advanced-column-d61f2a59\" class=\"wp-block-themeisle-blocks-advanced-column\">\n<p class=\"has-normal-font-size\">Allied Metals est un leader dans le domaine de la transformation et de la distribution de mat\u00e9riaux en fusion faiblement alli\u00e9es pour les fonderies par induction. Notre stock assure une livraison rapide pour la plupart des cat\u00e9gories en quantit\u00e9s uniformes. Nous r\u00e9pondons \u00e0 des besoins allant de 500 kg \u00e0 de multiples chargements de camions de mat\u00e9riaux nettoy\u00e9s et grenaill\u00e9s. Nos produits \u00e0 coul\u00e9es certifi\u00e9es sont accompagn\u00e9s de certificats pour la coul\u00e9e et nos options de mati\u00e8res de deuxi\u00e8me choix sont accompagn\u00e9es d\u2019analyses chimiques garanties pour chaque envoi.<\/p>\n\n\n\n<p class=\"has-normal-font-size\"><strong>Forme et dimensions:<\/strong>\u200b&nbsp;Barres de diam\u00e8tre 25 mm \u2013 75 mm (1 po-3 po), 305 mm, (12 po) en longueur<br><strong>Emballage:&nbsp;<\/strong>\u200bEmball\u00e9 selon les exigences individuelles<br><strong>Availability:<\/strong>&nbsp; N America, S America, Europe<\/p>\n\n\n\n<div id=\"wp-block-themeisle-blocks-button-group-e30cfb7a\" class=\"wp-block-themeisle-blocks-button-group wp-block-buttons\">\n<div id=\"wp-block-themeisle-blocks-button-8f05cef2\" class=\"wp-block-themeisle-blocks-button wp-block-button is-style-outline\"><a href=\"https:\/\/alliedmet.com\/fr\/produits\/\" target=\"_self\" rel=\"noopener noreferrer\" class=\"wp-block-button__link\"><span>GAMME DE PRODUITS COMPL\u00c8TE<\/span><\/a><\/div>\n\n\n\n<div id=\"wp-block-themeisle-blocks-button-9f4c465b\" class=\"wp-block-themeisle-blocks-button wp-block-button\"><a href=\"https:\/\/alliedmet.com\/fr\/demande-de-devis\/\" target=\"_self\" rel=\"noopener noreferrer\" class=\"wp-block-button__link\"><span>OBTENIR UN DEVIS<\/span><\/a><\/div>\n<\/div>\n<\/div>\n<\/div><\/div>\n","protected":false},"excerpt":{"rendered":"","protected":false},"author":1,"featured_media":0,"parent":0,"menu_order":0,"comment_status":"closed","ping_status":"closed","template":"","meta":{"neve_meta_sidebar":"default","neve_meta_container":"","neve_meta_enable_content_width":"off","neve_meta_content_width":100,"neve_meta_title_alignment":"","neve_meta_author_avatar":"","neve_post_elements_order":"","neve_meta_disable_header":"","neve_meta_disable_footer":"","neve_meta_disable_title":"on","_themeisle_gutenberg_block_has_review":false,"footnotes":""},"class_list":["post-3302","page","type-page","status-publish","hentry"],"yoast_head":"<!-- This site is optimized with the Yoast SEO Premium plugin v27.3 (Yoast SEO v27.3) - https:\/\/yoast.com\/product\/yoast-seo-premium-wordpress\/ -->\n<title>Aciers au carbone et aciers faiblement alli\u00e9s - Allied Metals Corporation<\/title>\n<meta name=\"description\" content=\"Allied Metals est un leader dans le domaine de la transformation et de la distribution de mat\u00e9riaux en fusion faiblement alli\u00e9es pour les fonderies par induction. Notre stock assure une livraison rapide pour la plupart des cat\u00e9gories en quantit\u00e9s uniformes. Nous r\u00e9pondons \u00e0 des besoins allant de 500 kg \u00e0 de multiples chargements de camions de mat\u00e9riaux nettoy\u00e9s et grenaill\u00e9s. Nos produits \u00e0 coul\u00e9es certifi\u00e9es sont accompagn\u00e9s de certificats pour la coul\u00e9e et nos options de mati\u00e8res de deuxi\u00e8me choix sont accompagn\u00e9es d\u2019analyses chimiques garanties pour chaque envoi.\" \/>\n<meta name=\"robots\" content=\"index, follow, max-snippet:-1, max-image-preview:large, max-video-preview:-1\" \/>\n<link rel=\"canonical\" href=\"https:\/\/alliedmet.com\/fr\/aciers-au-carbone-et-aciers-faiblement-allies\/\" \/>\n<meta property=\"og:locale\" content=\"fr_FR\" \/>\n<meta property=\"og:type\" content=\"article\" \/>\n<meta property=\"og:title\" content=\"Aciers au carbone et aciers faiblement alli\u00e9s\" \/>\n<meta property=\"og:description\" content=\"Allied Metals est un leader dans le domaine de la transformation et de la distribution de mat\u00e9riaux en fusion faiblement alli\u00e9es pour les fonderies par induction. Notre stock assure une livraison rapide pour la plupart des cat\u00e9gories en quantit\u00e9s uniformes. Nous r\u00e9pondons \u00e0 des besoins allant de 500 kg \u00e0 de multiples chargements de camions de mat\u00e9riaux nettoy\u00e9s et grenaill\u00e9s. Nos produits \u00e0 coul\u00e9es certifi\u00e9es sont accompagn\u00e9s de certificats pour la coul\u00e9e et nos options de mati\u00e8res de deuxi\u00e8me choix sont accompagn\u00e9es d\u2019analyses chimiques garanties pour chaque envoi.\" \/>\n<meta property=\"og:url\" content=\"https:\/\/alliedmet.com\/fr\/aciers-au-carbone-et-aciers-faiblement-allies\/\" \/>\n<meta property=\"og:site_name\" content=\"Allied Metals Corporation\" \/>\n<meta property=\"article:modified_time\" content=\"2022-10-21T04:07:03+00:00\" \/>\n<meta property=\"og:image\" content=\"https:\/\/alliedmet.com\/wp-content\/uploads\/2019\/11\/image.png\" \/>\n<meta name=\"twitter:card\" content=\"summary_large_image\" \/>\n<meta name=\"twitter:label1\" content=\"Dur\u00e9e de lecture estim\u00e9e\" \/>\n\t<meta name=\"twitter:data1\" content=\"1 minute\" \/>\n<script type=\"application\/ld+json\" class=\"yoast-schema-graph\">{\"@context\":\"https:\\\/\\\/schema.org\",\"@graph\":[{\"@type\":\"WebPage\",\"@id\":\"https:\\\/\\\/alliedmet.com\\\/fr\\\/aciers-au-carbone-et-aciers-faiblement-allies\\\/\",\"url\":\"https:\\\/\\\/alliedmet.com\\\/fr\\\/aciers-au-carbone-et-aciers-faiblement-allies\\\/\",\"name\":\"Aciers au carbone et aciers faiblement alli\u00e9s - Allied Metals Corporation\",\"isPartOf\":{\"@id\":\"https:\\\/\\\/alliedmet.com\\\/fr\\\/#website\"},\"primaryImageOfPage\":{\"@id\":\"https:\\\/\\\/alliedmet.com\\\/fr\\\/aciers-au-carbone-et-aciers-faiblement-allies\\\/#primaryimage\"},\"image\":{\"@id\":\"https:\\\/\\\/alliedmet.com\\\/fr\\\/aciers-au-carbone-et-aciers-faiblement-allies\\\/#primaryimage\"},\"thumbnailUrl\":\"https:\\\/\\\/alliedmet.com\\\/wp-content\\\/uploads\\\/2019\\\/11\\\/image.png\",\"datePublished\":\"2020-03-20T02:41:17+00:00\",\"dateModified\":\"2022-10-21T04:07:03+00:00\",\"description\":\"Allied Metals est un leader dans le domaine de la transformation et de la distribution de mat\u00e9riaux en fusion faiblement alli\u00e9es pour les fonderies par induction. Notre stock assure une livraison rapide pour la plupart des cat\u00e9gories en quantit\u00e9s uniformes. Nous r\u00e9pondons \u00e0 des besoins allant de 500 kg \u00e0 de multiples chargements de camions de mat\u00e9riaux nettoy\u00e9s et grenaill\u00e9s. Nos produits \u00e0 coul\u00e9es certifi\u00e9es sont accompagn\u00e9s de certificats pour la coul\u00e9e et nos options de mati\u00e8res de deuxi\u00e8me choix sont accompagn\u00e9es d\u2019analyses chimiques garanties pour chaque envoi.\",\"breadcrumb\":{\"@id\":\"https:\\\/\\\/alliedmet.com\\\/fr\\\/aciers-au-carbone-et-aciers-faiblement-allies\\\/#breadcrumb\"},\"inLanguage\":\"fr-FR\",\"potentialAction\":[{\"@type\":\"ReadAction\",\"target\":[\"https:\\\/\\\/alliedmet.com\\\/fr\\\/aciers-au-carbone-et-aciers-faiblement-allies\\\/\"]}]},{\"@type\":\"ImageObject\",\"inLanguage\":\"fr-FR\",\"@id\":\"https:\\\/\\\/alliedmet.com\\\/fr\\\/aciers-au-carbone-et-aciers-faiblement-allies\\\/#primaryimage\",\"url\":\"https:\\\/\\\/alliedmet.com\\\/wp-content\\\/uploads\\\/2019\\\/11\\\/image.png\",\"contentUrl\":\"https:\\\/\\\/alliedmet.com\\\/wp-content\\\/uploads\\\/2019\\\/11\\\/image.png\"},{\"@type\":\"BreadcrumbList\",\"@id\":\"https:\\\/\\\/alliedmet.com\\\/fr\\\/aciers-au-carbone-et-aciers-faiblement-allies\\\/#breadcrumb\",\"itemListElement\":[{\"@type\":\"ListItem\",\"position\":1,\"name\":\"Home\",\"item\":\"https:\\\/\\\/alliedmet.com\\\/fr\\\/\"},{\"@type\":\"ListItem\",\"position\":2,\"name\":\"Aciers au carbone et aciers faiblement alli\u00e9s\"}]},{\"@type\":\"WebSite\",\"@id\":\"https:\\\/\\\/alliedmet.com\\\/fr\\\/#website\",\"url\":\"https:\\\/\\\/alliedmet.com\\\/fr\\\/\",\"name\":\"Allied Metals Corporation\",\"description\":\"High Purity Iron and Low Carbon Iron\",\"publisher\":{\"@id\":\"https:\\\/\\\/alliedmet.com\\\/fr\\\/#organization\"},\"potentialAction\":[{\"@type\":\"SearchAction\",\"target\":{\"@type\":\"EntryPoint\",\"urlTemplate\":\"https:\\\/\\\/alliedmet.com\\\/fr\\\/?s={search_term_string}\"},\"query-input\":{\"@type\":\"PropertyValueSpecification\",\"valueRequired\":true,\"valueName\":\"search_term_string\"}}],\"inLanguage\":\"fr-FR\"},{\"@type\":\"Organization\",\"@id\":\"https:\\\/\\\/alliedmet.com\\\/fr\\\/#organization\",\"name\":\"Allied Metals Corporation\",\"url\":\"https:\\\/\\\/alliedmet.com\\\/fr\\\/\",\"logo\":{\"@type\":\"ImageObject\",\"inLanguage\":\"fr-FR\",\"@id\":\"https:\\\/\\\/alliedmet.com\\\/fr\\\/#\\\/schema\\\/logo\\\/image\\\/\",\"url\":\"https:\\\/\\\/alliedmet.com\\\/wp-content\\\/uploads\\\/2019\\\/07\\\/AMC-English-logo.png\",\"contentUrl\":\"https:\\\/\\\/alliedmet.com\\\/wp-content\\\/uploads\\\/2019\\\/07\\\/AMC-English-logo.png\",\"width\":1029,\"height\":317,\"caption\":\"Allied Metals Corporation\"},\"image\":{\"@id\":\"https:\\\/\\\/alliedmet.com\\\/fr\\\/#\\\/schema\\\/logo\\\/image\\\/\"},\"sameAs\":[\"https:\\\/\\\/www.linkedin.com\\\/company\\\/allied-metals\"]}]}<\/script>\n<!-- \/ Yoast SEO Premium plugin. -->","yoast_head_json":{"title":"Aciers au carbone et aciers faiblement alli\u00e9s - Allied Metals Corporation","description":"Allied Metals est un leader dans le domaine de la transformation et de la distribution de mat\u00e9riaux en fusion faiblement alli\u00e9es pour les fonderies par induction. Notre stock assure une livraison rapide pour la plupart des cat\u00e9gories en quantit\u00e9s uniformes. Nous r\u00e9pondons \u00e0 des besoins allant de 500 kg \u00e0 de multiples chargements de camions de mat\u00e9riaux nettoy\u00e9s et grenaill\u00e9s. Nos produits \u00e0 coul\u00e9es certifi\u00e9es sont accompagn\u00e9s de certificats pour la coul\u00e9e et nos options de mati\u00e8res de deuxi\u00e8me choix sont accompagn\u00e9es d\u2019analyses chimiques garanties pour chaque envoi.","robots":{"index":"index","follow":"follow","max-snippet":"max-snippet:-1","max-image-preview":"max-image-preview:large","max-video-preview":"max-video-preview:-1"},"canonical":"https:\/\/alliedmet.com\/fr\/aciers-au-carbone-et-aciers-faiblement-allies\/","og_locale":"fr_FR","og_type":"article","og_title":"Aciers au carbone et aciers faiblement alli\u00e9s","og_description":"Allied Metals est un leader dans le domaine de la transformation et de la distribution de mat\u00e9riaux en fusion faiblement alli\u00e9es pour les fonderies par induction. Notre stock assure une livraison rapide pour la plupart des cat\u00e9gories en quantit\u00e9s uniformes. Nous r\u00e9pondons \u00e0 des besoins allant de 500 kg \u00e0 de multiples chargements de camions de mat\u00e9riaux nettoy\u00e9s et grenaill\u00e9s. Nos produits \u00e0 coul\u00e9es certifi\u00e9es sont accompagn\u00e9s de certificats pour la coul\u00e9e et nos options de mati\u00e8res de deuxi\u00e8me choix sont accompagn\u00e9es d\u2019analyses chimiques garanties pour chaque envoi.","og_url":"https:\/\/alliedmet.com\/fr\/aciers-au-carbone-et-aciers-faiblement-allies\/","og_site_name":"Allied Metals Corporation","article_modified_time":"2022-10-21T04:07:03+00:00","og_image":[{"url":"https:\/\/alliedmet.com\/wp-content\/uploads\/2019\/11\/image.png","type":"","width":"","height":""}],"twitter_card":"summary_large_image","twitter_misc":{"Dur\u00e9e de lecture estim\u00e9e":"1 minute"},"schema":{"@context":"https:\/\/schema.org","@graph":[{"@type":"WebPage","@id":"https:\/\/alliedmet.com\/fr\/aciers-au-carbone-et-aciers-faiblement-allies\/","url":"https:\/\/alliedmet.com\/fr\/aciers-au-carbone-et-aciers-faiblement-allies\/","name":"Aciers au carbone et aciers faiblement alli\u00e9s - Allied Metals Corporation","isPartOf":{"@id":"https:\/\/alliedmet.com\/fr\/#website"},"primaryImageOfPage":{"@id":"https:\/\/alliedmet.com\/fr\/aciers-au-carbone-et-aciers-faiblement-allies\/#primaryimage"},"image":{"@id":"https:\/\/alliedmet.com\/fr\/aciers-au-carbone-et-aciers-faiblement-allies\/#primaryimage"},"thumbnailUrl":"https:\/\/alliedmet.com\/wp-content\/uploads\/2019\/11\/image.png","datePublished":"2020-03-20T02:41:17+00:00","dateModified":"2022-10-21T04:07:03+00:00","description":"Allied Metals est un leader dans le domaine de la transformation et de la distribution de mat\u00e9riaux en fusion faiblement alli\u00e9es pour les fonderies par induction. Notre stock assure une livraison rapide pour la plupart des cat\u00e9gories en quantit\u00e9s uniformes. Nous r\u00e9pondons \u00e0 des besoins allant de 500 kg \u00e0 de multiples chargements de camions de mat\u00e9riaux nettoy\u00e9s et grenaill\u00e9s. Nos produits \u00e0 coul\u00e9es certifi\u00e9es sont accompagn\u00e9s de certificats pour la coul\u00e9e et nos options de mati\u00e8res de deuxi\u00e8me choix sont accompagn\u00e9es d\u2019analyses chimiques garanties pour chaque envoi.","breadcrumb":{"@id":"https:\/\/alliedmet.com\/fr\/aciers-au-carbone-et-aciers-faiblement-allies\/#breadcrumb"},"inLanguage":"fr-FR","potentialAction":[{"@type":"ReadAction","target":["https:\/\/alliedmet.com\/fr\/aciers-au-carbone-et-aciers-faiblement-allies\/"]}]},{"@type":"ImageObject","inLanguage":"fr-FR","@id":"https:\/\/alliedmet.com\/fr\/aciers-au-carbone-et-aciers-faiblement-allies\/#primaryimage","url":"https:\/\/alliedmet.com\/wp-content\/uploads\/2019\/11\/image.png","contentUrl":"https:\/\/alliedmet.com\/wp-content\/uploads\/2019\/11\/image.png"},{"@type":"BreadcrumbList","@id":"https:\/\/alliedmet.com\/fr\/aciers-au-carbone-et-aciers-faiblement-allies\/#breadcrumb","itemListElement":[{"@type":"ListItem","position":1,"name":"Home","item":"https:\/\/alliedmet.com\/fr\/"},{"@type":"ListItem","position":2,"name":"Aciers au carbone et aciers faiblement alli\u00e9s"}]},{"@type":"WebSite","@id":"https:\/\/alliedmet.com\/fr\/#website","url":"https:\/\/alliedmet.com\/fr\/","name":"Allied Metals Corporation","description":"High Purity Iron and Low Carbon Iron","publisher":{"@id":"https:\/\/alliedmet.com\/fr\/#organization"},"potentialAction":[{"@type":"SearchAction","target":{"@type":"EntryPoint","urlTemplate":"https:\/\/alliedmet.com\/fr\/?s={search_term_string}"},"query-input":{"@type":"PropertyValueSpecification","valueRequired":true,"valueName":"search_term_string"}}],"inLanguage":"fr-FR"},{"@type":"Organization","@id":"https:\/\/alliedmet.com\/fr\/#organization","name":"Allied Metals Corporation","url":"https:\/\/alliedmet.com\/fr\/","logo":{"@type":"ImageObject","inLanguage":"fr-FR","@id":"https:\/\/alliedmet.com\/fr\/#\/schema\/logo\/image\/","url":"https:\/\/alliedmet.com\/wp-content\/uploads\/2019\/07\/AMC-English-logo.png","contentUrl":"https:\/\/alliedmet.com\/wp-content\/uploads\/2019\/07\/AMC-English-logo.png","width":1029,"height":317,"caption":"Allied Metals Corporation"},"image":{"@id":"https:\/\/alliedmet.com\/fr\/#\/schema\/logo\/image\/"},"sameAs":["https:\/\/www.linkedin.com\/company\/allied-metals"]}]}},"_links":{"self":[{"href":"https:\/\/alliedmet.com\/fr\/wp-json\/wp\/v2\/pages\/3302","targetHints":{"allow":["GET"]}}],"collection":[{"href":"https:\/\/alliedmet.com\/fr\/wp-json\/wp\/v2\/pages"}],"about":[{"href":"https:\/\/alliedmet.com\/fr\/wp-json\/wp\/v2\/types\/page"}],"author":[{"embeddable":true,"href":"https:\/\/alliedmet.com\/fr\/wp-json\/wp\/v2\/users\/1"}],"replies":[{"embeddable":true,"href":"https:\/\/alliedmet.com\/fr\/wp-json\/wp\/v2\/comments?post=3302"}],"version-history":[{"count":0,"href":"https:\/\/alliedmet.com\/fr\/wp-json\/wp\/v2\/pages\/3302\/revisions"}],"wp:attachment":[{"href":"https:\/\/alliedmet.com\/fr\/wp-json\/wp\/v2\/media?parent=3302"}],"curies":[{"name":"wp","href":"https:\/\/api.w.org\/{rel}","templated":true}]}}