{"id":3303,"date":"2020-03-20T02:43:09","date_gmt":"2020-03-20T02:43:09","guid":{"rendered":"https:\/\/alliedmet.com\/?page_id=3303"},"modified":"2022-10-21T04:05:00","modified_gmt":"2022-10-21T04:05:00","slug":"ferro-alliages","status":"publish","type":"page","link":"https:\/\/alliedmet.com\/fr\/ferro-alliages\/","title":{"rendered":"Ferro-alliages"},"content":{"rendered":"\n<div id=\"wp-block-themeisle-blocks-advanced-columns-e7200599\" class=\"wp-block-themeisle-blocks-advanced-columns alignfull has-1-columns has-desktop-equal-layout has-tablet-equal-layout has-mobile-equal-layout has-vertical-unset\"><div class=\"wp-block-themeisle-blocks-advanced-columns-overlay\"><\/div><div class=\"innerblocks-wrap\">\n<div id=\"wp-block-themeisle-blocks-advanced-column-db8e495a\" class=\"wp-block-themeisle-blocks-advanced-column\">\n<div style=\"height:20px\" aria-hidden=\"true\" class=\"wp-block-spacer ticss-d5c866b1\"><\/div>\n<\/div>\n<\/div><\/div>\n\n\n\n<div id=\"wp-block-themeisle-blocks-advanced-columns-c110ba2f\" class=\"wp-block-themeisle-blocks-advanced-columns has-2-columns has-desktop-equal-layout has-tablet-collapsedRows-layout has-mobile-collapsedRows-layout has-vertical-unset\"><div class=\"wp-block-themeisle-blocks-advanced-columns-overlay\"><\/div><div class=\"innerblocks-wrap\">\n<div id=\"wp-block-themeisle-blocks-advanced-column-a70975b3\" class=\"wp-block-themeisle-blocks-advanced-column\">\n<h1 class=\"wp-block-heading\" id=\"h-ferro-alliages\">FERRO-ALLIAGES<\/h1>\n\n\n<div class=\"wp-block-image\">\n<figure class=\"aligncenter size-large\"><img decoding=\"async\" width=\"762\" height=\"357\" data-src=\"https:\/\/alliedmet.com\/wp-content\/uploads\/2019\/09\/allied-metal-products-image-feroy-chrome.png\" alt=\"Le ferro-alliage am\u00e9liore la r\u00e9sistance, la corrosion et la r\u00e9sistance \u00e0 l'oxydation dans la production d'aciers inoxydables, d'alliages de nickel, d'alliages de cuivre et de superalliages.\" class=\"wp-image-3595 lazyload\" data-srcset=\"https:\/\/alliedmet.com\/wp-content\/uploads\/2019\/09\/allied-metal-products-image-feroy-chrome.png 762w, https:\/\/alliedmet.com\/wp-content\/uploads\/2019\/09\/allied-metal-products-image-feroy-chrome-300x141.png 300w\" data-sizes=\"(max-width: 762px) 100vw, 762px\" src=\"data:image\/svg+xml;base64,PHN2ZyB3aWR0aD0iMSIgaGVpZ2h0PSIxIiB4bWxucz0iaHR0cDovL3d3dy53My5vcmcvMjAwMC9zdmciPjwvc3ZnPg==\" style=\"--smush-placeholder-width: 762px; --smush-placeholder-aspect-ratio: 762\/357;\" \/><\/figure>\n<\/div>\n\n\n<h3 class=\"has-text-align-center ticss-7a1b0812 wp-block-heading\" id=\"h-ferro-alliages-1\">FERRO-ALLIAGES<\/h3>\n\n\n\n<figure class=\"wp-block-table ticss-f308aa86\"><table><tbody><tr><td class=\"has-text-align-center\" data-align=\"center\">FeCr Low Carbon<\/td><\/tr><tr><td class=\"has-text-align-center\" data-align=\"center\">FeCr High Carbon<\/td><\/tr><tr><td class=\"has-text-align-center\" data-align=\"center\">FeNb (FeCb)<\/td><\/tr><tr><td class=\"has-text-align-center\" data-align=\"center\">FeMo<\/td><\/tr><tr><td class=\"has-text-align-center\" data-align=\"center\">FeSi<\/td><\/tr><tr><td class=\"has-text-align-center\" data-align=\"center\">FeB<\/td><\/tr><tr><td class=\"has-text-align-center\" data-align=\"center\">Chrome Metal<\/td><\/tr><tr><td class=\"has-text-align-center\" data-align=\"center\">Nickel Metal<\/td><\/tr><\/tbody><\/table><\/figure>\n<\/div>\n\n\n\n<div id=\"wp-block-themeisle-blocks-advanced-column-a7682d02\" class=\"wp-block-themeisle-blocks-advanced-column\">\n<p class=\"has-normal-font-size\">Allied Metals d\u00e9tient un stock d\u2019agents d\u2019alliage pour am\u00e9liorer la puissance, la r\u00e9sistance \u00e0 la corrosion et \u00e0 l\u2019oxydation dans la production d\u2019aciers inoxydables, d\u2019alliages de nickel, d\u2019alliages de cuivre et de superalliages.<\/p>\n\n\n\n<p class=\"has-normal-font-size\"><strong>Forme et dimensions:&nbsp;<\/strong>\u200bDimensionnement en morceaux et en fonderie disponible<br><strong>Emballage:&nbsp;<\/strong>\u200bFuts ou super sacs<br><strong>Availability:&nbsp;<\/strong>\u200bToutes les r\u00e9gions<\/p>\n\n\n\n<div id=\"wp-block-themeisle-blocks-button-group-e30cfb7a\" class=\"wp-block-themeisle-blocks-button-group wp-block-buttons\">\n<div id=\"wp-block-themeisle-blocks-button-8f05cef2\" class=\"wp-block-themeisle-blocks-button wp-block-button is-style-outline\"><a href=\"https:\/\/alliedmet.com\/fr\/produits\/\" target=\"_self\" rel=\"noopener noreferrer\" class=\"wp-block-button__link\"><span>GAMME DE PRODUITS COMPL\u00c8TE<\/span><\/a><\/div>\n\n\n\n<div id=\"wp-block-themeisle-blocks-button-9f4c465b\" class=\"wp-block-themeisle-blocks-button wp-block-button\"><a href=\"https:\/\/alliedmet.com\/fr\/demande-de-devis\/\" target=\"_self\" rel=\"noopener noreferrer\" class=\"wp-block-button__link\"><span>OBTENIR UN DEVIS<\/span><\/a><\/div>\n<\/div>\n<\/div>\n<\/div><\/div>\n","protected":false},"excerpt":{"rendered":"","protected":false},"author":1,"featured_media":0,"parent":0,"menu_order":0,"comment_status":"closed","ping_status":"closed","template":"","meta":{"neve_meta_sidebar":"default","neve_meta_container":"default","neve_meta_enable_content_width":"on","neve_meta_content_width":100,"neve_meta_title_alignment":"","neve_meta_author_avatar":"","neve_post_elements_order":"","neve_meta_disable_header":"off","neve_meta_disable_footer":"off","neve_meta_disable_title":"on","_themeisle_gutenberg_block_has_review":false,"footnotes":""},"class_list":["post-3303","page","type-page","status-publish","hentry"],"yoast_head":"<!-- This site is optimized with the Yoast SEO Premium plugin v27.3 (Yoast SEO v27.3) - https:\/\/yoast.com\/product\/yoast-seo-premium-wordpress\/ -->\n<title>Ferro-alliages - Allied Metals Corporation<\/title>\n<meta name=\"description\" content=\"Allied Metals d\u00e9tient un stock d\u2019agents d\u2019alliage pour am\u00e9liorer la puissance, la r\u00e9sistance \u00e0 la corrosion et \u00e0 l\u2019oxydation dans la production d\u2019aciers inoxydables, d\u2019alliages de nickel, d\u2019alliages de cuivre et de superalliages.\" \/>\n<meta name=\"robots\" content=\"index, follow, max-snippet:-1, max-image-preview:large, max-video-preview:-1\" \/>\n<link rel=\"canonical\" href=\"https:\/\/alliedmet.com\/fr\/ferro-alliages\/\" \/>\n<meta property=\"og:locale\" content=\"fr_FR\" \/>\n<meta property=\"og:type\" content=\"article\" \/>\n<meta property=\"og:title\" content=\"Ferro-alliages\" \/>\n<meta property=\"og:description\" content=\"Allied Metals d\u00e9tient un stock d\u2019agents d\u2019alliage pour am\u00e9liorer la puissance, la r\u00e9sistance \u00e0 la corrosion et \u00e0 l\u2019oxydation dans la production d\u2019aciers inoxydables, d\u2019alliages de nickel, d\u2019alliages de cuivre et de superalliages.\" \/>\n<meta property=\"og:url\" content=\"https:\/\/alliedmet.com\/fr\/ferro-alliages\/\" \/>\n<meta property=\"og:site_name\" content=\"Allied Metals Corporation\" \/>\n<meta property=\"article:modified_time\" content=\"2022-10-21T04:05:00+00:00\" \/>\n<meta property=\"og:image\" content=\"https:\/\/alliedmet.com\/wp-content\/uploads\/2019\/09\/allied-metal-products-image-feroy-chrome.png\" \/>\n<meta name=\"twitter:card\" content=\"summary_large_image\" \/>\n<meta name=\"twitter:label1\" content=\"Dur\u00e9e de lecture estim\u00e9e\" \/>\n\t<meta name=\"twitter:data1\" content=\"1 minute\" \/>\n<script type=\"application\/ld+json\" class=\"yoast-schema-graph\">{\"@context\":\"https:\\\/\\\/schema.org\",\"@graph\":[{\"@type\":\"WebPage\",\"@id\":\"https:\\\/\\\/alliedmet.com\\\/fr\\\/ferro-alliages\\\/\",\"url\":\"https:\\\/\\\/alliedmet.com\\\/fr\\\/ferro-alliages\\\/\",\"name\":\"Ferro-alliages - Allied Metals Corporation\",\"isPartOf\":{\"@id\":\"https:\\\/\\\/alliedmet.com\\\/fr\\\/#website\"},\"primaryImageOfPage\":{\"@id\":\"https:\\\/\\\/alliedmet.com\\\/fr\\\/ferro-alliages\\\/#primaryimage\"},\"image\":{\"@id\":\"https:\\\/\\\/alliedmet.com\\\/fr\\\/ferro-alliages\\\/#primaryimage\"},\"thumbnailUrl\":\"https:\\\/\\\/alliedmet.com\\\/wp-content\\\/uploads\\\/2019\\\/09\\\/allied-metal-products-image-feroy-chrome.png\",\"datePublished\":\"2020-03-20T02:43:09+00:00\",\"dateModified\":\"2022-10-21T04:05:00+00:00\",\"description\":\"Allied Metals d\u00e9tient un stock d\u2019agents d\u2019alliage pour am\u00e9liorer la puissance, la r\u00e9sistance \u00e0 la corrosion et \u00e0 l\u2019oxydation dans la production d\u2019aciers inoxydables, d\u2019alliages de nickel, d\u2019alliages de cuivre et de superalliages.\",\"breadcrumb\":{\"@id\":\"https:\\\/\\\/alliedmet.com\\\/fr\\\/ferro-alliages\\\/#breadcrumb\"},\"inLanguage\":\"fr-FR\",\"potentialAction\":[{\"@type\":\"ReadAction\",\"target\":[\"https:\\\/\\\/alliedmet.com\\\/fr\\\/ferro-alliages\\\/\"]}]},{\"@type\":\"ImageObject\",\"inLanguage\":\"fr-FR\",\"@id\":\"https:\\\/\\\/alliedmet.com\\\/fr\\\/ferro-alliages\\\/#primaryimage\",\"url\":\"https:\\\/\\\/alliedmet.com\\\/wp-content\\\/uploads\\\/2019\\\/09\\\/allied-metal-products-image-feroy-chrome.png\",\"contentUrl\":\"https:\\\/\\\/alliedmet.com\\\/wp-content\\\/uploads\\\/2019\\\/09\\\/allied-metal-products-image-feroy-chrome.png\"},{\"@type\":\"BreadcrumbList\",\"@id\":\"https:\\\/\\\/alliedmet.com\\\/fr\\\/ferro-alliages\\\/#breadcrumb\",\"itemListElement\":[{\"@type\":\"ListItem\",\"position\":1,\"name\":\"Home\",\"item\":\"https:\\\/\\\/alliedmet.com\\\/fr\\\/\"},{\"@type\":\"ListItem\",\"position\":2,\"name\":\"Ferro-alliages\"}]},{\"@type\":\"WebSite\",\"@id\":\"https:\\\/\\\/alliedmet.com\\\/fr\\\/#website\",\"url\":\"https:\\\/\\\/alliedmet.com\\\/fr\\\/\",\"name\":\"Allied Metals Corporation\",\"description\":\"High Purity Iron and Low Carbon Iron\",\"publisher\":{\"@id\":\"https:\\\/\\\/alliedmet.com\\\/fr\\\/#organization\"},\"potentialAction\":[{\"@type\":\"SearchAction\",\"target\":{\"@type\":\"EntryPoint\",\"urlTemplate\":\"https:\\\/\\\/alliedmet.com\\\/fr\\\/?s={search_term_string}\"},\"query-input\":{\"@type\":\"PropertyValueSpecification\",\"valueRequired\":true,\"valueName\":\"search_term_string\"}}],\"inLanguage\":\"fr-FR\"},{\"@type\":\"Organization\",\"@id\":\"https:\\\/\\\/alliedmet.com\\\/fr\\\/#organization\",\"name\":\"Allied Metals Corporation\",\"url\":\"https:\\\/\\\/alliedmet.com\\\/fr\\\/\",\"logo\":{\"@type\":\"ImageObject\",\"inLanguage\":\"fr-FR\",\"@id\":\"https:\\\/\\\/alliedmet.com\\\/fr\\\/#\\\/schema\\\/logo\\\/image\\\/\",\"url\":\"https:\\\/\\\/alliedmet.com\\\/wp-content\\\/uploads\\\/2019\\\/07\\\/AMC-English-logo.png\",\"contentUrl\":\"https:\\\/\\\/alliedmet.com\\\/wp-content\\\/uploads\\\/2019\\\/07\\\/AMC-English-logo.png\",\"width\":1029,\"height\":317,\"caption\":\"Allied Metals Corporation\"},\"image\":{\"@id\":\"https:\\\/\\\/alliedmet.com\\\/fr\\\/#\\\/schema\\\/logo\\\/image\\\/\"},\"sameAs\":[\"https:\\\/\\\/www.linkedin.com\\\/company\\\/allied-metals\"]}]}<\/script>\n<!-- \/ Yoast SEO Premium plugin. -->","yoast_head_json":{"title":"Ferro-alliages - Allied Metals Corporation","description":"Allied Metals d\u00e9tient un stock d\u2019agents d\u2019alliage pour am\u00e9liorer la puissance, la r\u00e9sistance \u00e0 la corrosion et \u00e0 l\u2019oxydation dans la production d\u2019aciers inoxydables, d\u2019alliages de nickel, d\u2019alliages de cuivre et de superalliages.","robots":{"index":"index","follow":"follow","max-snippet":"max-snippet:-1","max-image-preview":"max-image-preview:large","max-video-preview":"max-video-preview:-1"},"canonical":"https:\/\/alliedmet.com\/fr\/ferro-alliages\/","og_locale":"fr_FR","og_type":"article","og_title":"Ferro-alliages","og_description":"Allied Metals d\u00e9tient un stock d\u2019agents d\u2019alliage pour am\u00e9liorer la puissance, la r\u00e9sistance \u00e0 la corrosion et \u00e0 l\u2019oxydation dans la production d\u2019aciers inoxydables, d\u2019alliages de nickel, d\u2019alliages de cuivre et de superalliages.","og_url":"https:\/\/alliedmet.com\/fr\/ferro-alliages\/","og_site_name":"Allied Metals Corporation","article_modified_time":"2022-10-21T04:05:00+00:00","og_image":[{"url":"https:\/\/alliedmet.com\/wp-content\/uploads\/2019\/09\/allied-metal-products-image-feroy-chrome.png","type":"","width":"","height":""}],"twitter_card":"summary_large_image","twitter_misc":{"Dur\u00e9e de lecture estim\u00e9e":"1 minute"},"schema":{"@context":"https:\/\/schema.org","@graph":[{"@type":"WebPage","@id":"https:\/\/alliedmet.com\/fr\/ferro-alliages\/","url":"https:\/\/alliedmet.com\/fr\/ferro-alliages\/","name":"Ferro-alliages - Allied Metals Corporation","isPartOf":{"@id":"https:\/\/alliedmet.com\/fr\/#website"},"primaryImageOfPage":{"@id":"https:\/\/alliedmet.com\/fr\/ferro-alliages\/#primaryimage"},"image":{"@id":"https:\/\/alliedmet.com\/fr\/ferro-alliages\/#primaryimage"},"thumbnailUrl":"https:\/\/alliedmet.com\/wp-content\/uploads\/2019\/09\/allied-metal-products-image-feroy-chrome.png","datePublished":"2020-03-20T02:43:09+00:00","dateModified":"2022-10-21T04:05:00+00:00","description":"Allied Metals d\u00e9tient un stock d\u2019agents d\u2019alliage pour am\u00e9liorer la puissance, la r\u00e9sistance \u00e0 la corrosion et \u00e0 l\u2019oxydation dans la production d\u2019aciers inoxydables, d\u2019alliages de nickel, d\u2019alliages de cuivre et de superalliages.","breadcrumb":{"@id":"https:\/\/alliedmet.com\/fr\/ferro-alliages\/#breadcrumb"},"inLanguage":"fr-FR","potentialAction":[{"@type":"ReadAction","target":["https:\/\/alliedmet.com\/fr\/ferro-alliages\/"]}]},{"@type":"ImageObject","inLanguage":"fr-FR","@id":"https:\/\/alliedmet.com\/fr\/ferro-alliages\/#primaryimage","url":"https:\/\/alliedmet.com\/wp-content\/uploads\/2019\/09\/allied-metal-products-image-feroy-chrome.png","contentUrl":"https:\/\/alliedmet.com\/wp-content\/uploads\/2019\/09\/allied-metal-products-image-feroy-chrome.png"},{"@type":"BreadcrumbList","@id":"https:\/\/alliedmet.com\/fr\/ferro-alliages\/#breadcrumb","itemListElement":[{"@type":"ListItem","position":1,"name":"Home","item":"https:\/\/alliedmet.com\/fr\/"},{"@type":"ListItem","position":2,"name":"Ferro-alliages"}]},{"@type":"WebSite","@id":"https:\/\/alliedmet.com\/fr\/#website","url":"https:\/\/alliedmet.com\/fr\/","name":"Allied Metals Corporation","description":"High Purity Iron and Low Carbon Iron","publisher":{"@id":"https:\/\/alliedmet.com\/fr\/#organization"},"potentialAction":[{"@type":"SearchAction","target":{"@type":"EntryPoint","urlTemplate":"https:\/\/alliedmet.com\/fr\/?s={search_term_string}"},"query-input":{"@type":"PropertyValueSpecification","valueRequired":true,"valueName":"search_term_string"}}],"inLanguage":"fr-FR"},{"@type":"Organization","@id":"https:\/\/alliedmet.com\/fr\/#organization","name":"Allied Metals Corporation","url":"https:\/\/alliedmet.com\/fr\/","logo":{"@type":"ImageObject","inLanguage":"fr-FR","@id":"https:\/\/alliedmet.com\/fr\/#\/schema\/logo\/image\/","url":"https:\/\/alliedmet.com\/wp-content\/uploads\/2019\/07\/AMC-English-logo.png","contentUrl":"https:\/\/alliedmet.com\/wp-content\/uploads\/2019\/07\/AMC-English-logo.png","width":1029,"height":317,"caption":"Allied Metals Corporation"},"image":{"@id":"https:\/\/alliedmet.com\/fr\/#\/schema\/logo\/image\/"},"sameAs":["https:\/\/www.linkedin.com\/company\/allied-metals"]}]}},"_links":{"self":[{"href":"https:\/\/alliedmet.com\/fr\/wp-json\/wp\/v2\/pages\/3303","targetHints":{"allow":["GET"]}}],"collection":[{"href":"https:\/\/alliedmet.com\/fr\/wp-json\/wp\/v2\/pages"}],"about":[{"href":"https:\/\/alliedmet.com\/fr\/wp-json\/wp\/v2\/types\/page"}],"author":[{"embeddable":true,"href":"https:\/\/alliedmet.com\/fr\/wp-json\/wp\/v2\/users\/1"}],"replies":[{"embeddable":true,"href":"https:\/\/alliedmet.com\/fr\/wp-json\/wp\/v2\/comments?post=3303"}],"version-history":[{"count":0,"href":"https:\/\/alliedmet.com\/fr\/wp-json\/wp\/v2\/pages\/3303\/revisions"}],"wp:attachment":[{"href":"https:\/\/alliedmet.com\/fr\/wp-json\/wp\/v2\/media?parent=3303"}],"curies":[{"name":"wp","href":"https:\/\/api.w.org\/{rel}","templated":true}]}}