{"id":3304,"date":"2020-03-20T02:44:42","date_gmt":"2020-03-20T02:44:42","guid":{"rendered":"https:\/\/alliedmet.com\/?page_id=3304"},"modified":"2022-10-21T04:08:39","modified_gmt":"2022-10-21T04:08:39","slug":"alliage-mere-a-base-de-nickel","status":"publish","type":"page","link":"https:\/\/alliedmet.com\/fr\/alliage-mere-a-base-de-nickel\/","title":{"rendered":"Alliage m\u00e8re \u00e0 base de Nickel"},"content":{"rendered":"\n<div id=\"wp-block-themeisle-blocks-advanced-columns-171eb06c\" class=\"wp-block-themeisle-blocks-advanced-columns alignfull has-1-columns has-desktop-equal-layout has-tablet-equal-layout has-mobile-equal-layout has-vertical-unset\"><div class=\"wp-block-themeisle-blocks-advanced-columns-overlay\"><\/div><div class=\"innerblocks-wrap\">\n<div id=\"wp-block-themeisle-blocks-advanced-column-ff9c7859\" class=\"wp-block-themeisle-blocks-advanced-column\">\n<div style=\"height:20px\" aria-hidden=\"true\" class=\"wp-block-spacer ticss-d5c866b1\"><\/div>\n<\/div>\n<\/div><\/div>\n\n\n\n<div id=\"wp-block-themeisle-blocks-advanced-columns-c8070a8b\" class=\"wp-block-themeisle-blocks-advanced-columns has-2-columns has-desktop-equal-layout has-tablet-collapsedRows-layout has-mobile-collapsedRows-layout has-vertical-unset\"><div class=\"wp-block-themeisle-blocks-advanced-columns-overlay\"><\/div><div class=\"innerblocks-wrap\">\n<div id=\"wp-block-themeisle-blocks-advanced-column-ce72d443\" class=\"wp-block-themeisle-blocks-advanced-column ticss-499290ba\">\n<h1 class=\"wp-block-heading\" id=\"h-alliage-mere-a-base-de-nickel\">ALLIAGE M\u00c8RE \u00c0 BASE DE NICKEL<\/h1>\n\n\n\n<figure class=\"wp-block-image size-large ticss-7bc1c2e8\"><img decoding=\"async\" width=\"500\" height=\"234\" data-src=\"https:\/\/alliedmet.com\/wp-content\/uploads\/2019\/11\/Nickel-Alloy.png\" alt=\"Alliages ma\u00eetres de nickel pour les applications de fonderie et de fusion sous vide. Les alliages ma\u00eetres de nickel sont utilis\u00e9s comme inoculants pour r\u00e9duire l'oxyg\u00e8ne et le soufre ainsi que comme additifs m\u00e9talliques.\" class=\"wp-image-3598 lazyload\" data-srcset=\"https:\/\/alliedmet.com\/wp-content\/uploads\/2019\/11\/Nickel-Alloy.png 500w, https:\/\/alliedmet.com\/wp-content\/uploads\/2019\/11\/Nickel-Alloy-300x140.png 300w\" data-sizes=\"(max-width: 500px) 100vw, 500px\" src=\"data:image\/svg+xml;base64,PHN2ZyB3aWR0aD0iMSIgaGVpZ2h0PSIxIiB4bWxucz0iaHR0cDovL3d3dy53My5vcmcvMjAwMC9zdmciPjwvc3ZnPg==\" style=\"--smush-placeholder-width: 500px; --smush-placeholder-aspect-ratio: 500\/234;\" \/><\/figure>\n\n\n\n<h3 class=\"has-text-align-center ticss-741f9fda wp-block-heading\" id=\"h-alliage-mere-a-base-de-nickel-1\">ALLIAGE M\u00c8RE \u00c0 BASE DE NICKEL<\/h3>\n\n\n\n<figure class=\"wp-block-table ticss-cfde46cf\"><table><tbody><tr><td>NiMg 95\/5<\/td><\/tr><tr><td>NiMg 85\/15<\/td><\/tr><tr><td>NiB High Fe (3% Max)<\/td><\/tr><tr><td>NiB Low Fe (0.400% Max)<\/td><\/tr><tr><td>NiMgSi<\/td><\/tr><tr><td>NiFeMg<\/td><\/tr><tr><td>NiZr<\/td><\/tr><tr><td>NiNb (NiCb)<\/td><\/tr><tr><td>NiCa 94\/6<\/td><\/tr><tr><td>CoB<\/td><\/tr><\/tbody><\/table><\/figure>\n<\/div>\n\n\n\n<div id=\"wp-block-themeisle-blocks-advanced-column-6e655ad8\" class=\"wp-block-themeisle-blocks-advanced-column\">\n<p class=\"has-normal-font-size\">Allied Metals est l\u2019agent commercial nord-am\u00e9ricain de la soci\u00e9t\u00e9 KBM Affilips  en Belgique, un producteur d\u2019alliages m\u00e8re \u00e0 base de nickel de la plus haute qualit\u00e9 pour les applications de fonderie et de fusion sous vide. Les alliages m\u00e8re \u00e0 base de nickel sont utilis\u00e9s comme inoculant pour r\u00e9duire l\u2019oxyg\u00e8ne et le soufre ainsi que les additifs m\u00e9talliques.<\/p>\n\n\n\n<p class=\"has-normal-font-size\"><strong>Forme et dimensions:&nbsp;<\/strong>\u200bMorceau<br><strong>Emballage :&nbsp;<\/strong>\u200bFuts<br><strong>Disponibilit\u00e9:&nbsp;<\/strong>\u200bLes Am\u00e9riques<\/p>\n\n\n\n<div id=\"wp-block-themeisle-blocks-button-group-e30cfb7a\" class=\"wp-block-themeisle-blocks-button-group wp-block-buttons\">\n<div id=\"wp-block-themeisle-blocks-button-8f05cef2\" class=\"wp-block-themeisle-blocks-button wp-block-button is-style-outline\"><a href=\"https:\/\/alliedmet.com\/fr\/produits\/\" target=\"_self\" rel=\"noopener noreferrer\" class=\"wp-block-button__link\"><span>GAMME DE PRODUITS COMPL\u00c8TE<\/span><\/a><\/div>\n\n\n\n<div id=\"wp-block-themeisle-blocks-button-9f4c465b\" class=\"wp-block-themeisle-blocks-button wp-block-button ticss-1731c431\"><a href=\"https:\/\/alliedmet.com\/fr\/demande-de-devis\/\" target=\"_self\" rel=\"noopener noreferrer\" class=\"wp-block-button__link\"><span>OBTENIR UN DEVIS<\/span><\/a><\/div>\n<\/div>\n<\/div>\n<\/div><\/div>\n","protected":false},"excerpt":{"rendered":"","protected":false},"author":1,"featured_media":0,"parent":0,"menu_order":0,"comment_status":"closed","ping_status":"closed","template":"","meta":{"neve_meta_sidebar":"default","neve_meta_container":"","neve_meta_enable_content_width":"off","neve_meta_content_width":100,"neve_meta_title_alignment":"","neve_meta_author_avatar":"","neve_post_elements_order":"","neve_meta_disable_header":"off","neve_meta_disable_footer":"off","neve_meta_disable_title":"on","_themeisle_gutenberg_block_has_review":false,"footnotes":""},"class_list":["post-3304","page","type-page","status-publish","hentry"],"yoast_head":"<!-- This site is optimized with the Yoast SEO Premium plugin v27.3 (Yoast SEO v27.3) - https:\/\/yoast.com\/product\/yoast-seo-premium-wordpress\/ -->\n<title>Alliage m\u00e8re \u00e0 base de Nickel - Allied Metals Corporation<\/title>\n<meta name=\"description\" content=\"Allied Metals est l\u2019agent commercial nord-am\u00e9ricain de la soci\u00e9t\u00e9 KBM Affilips en Belgique, un producteur d\u2019alliages m\u00e8re \u00e0 base de nickel de la plus haute qualit\u00e9 pour les applications de fonderie et de fusion sous vide. Les alliages m\u00e8re \u00e0 base de nickel sont utilis\u00e9s comme inoculant pour r\u00e9duire l\u2019oxyg\u00e8ne et le soufre ainsi que les additifs m\u00e9talliques.\" \/>\n<meta name=\"robots\" content=\"index, follow, max-snippet:-1, max-image-preview:large, max-video-preview:-1\" \/>\n<link rel=\"canonical\" href=\"https:\/\/alliedmet.com\/fr\/alliage-mere-a-base-de-nickel\/\" \/>\n<meta property=\"og:locale\" content=\"fr_FR\" \/>\n<meta property=\"og:type\" content=\"article\" \/>\n<meta property=\"og:title\" content=\"Alliage m\u00e8re \u00e0 base de Nickel\" \/>\n<meta property=\"og:description\" content=\"Allied Metals est l\u2019agent commercial nord-am\u00e9ricain de la soci\u00e9t\u00e9 KBM Affilips en Belgique, un producteur d\u2019alliages m\u00e8re \u00e0 base de nickel de la plus haute qualit\u00e9 pour les applications de fonderie et de fusion sous vide. Les alliages m\u00e8re \u00e0 base de nickel sont utilis\u00e9s comme inoculant pour r\u00e9duire l\u2019oxyg\u00e8ne et le soufre ainsi que les additifs m\u00e9talliques.\" \/>\n<meta property=\"og:url\" content=\"https:\/\/alliedmet.com\/fr\/alliage-mere-a-base-de-nickel\/\" \/>\n<meta property=\"og:site_name\" content=\"Allied Metals Corporation\" \/>\n<meta property=\"article:modified_time\" content=\"2022-10-21T04:08:39+00:00\" \/>\n<meta property=\"og:image\" content=\"https:\/\/alliedmet.com\/wp-content\/uploads\/2019\/11\/Nickel-Alloy.png\" \/>\n<meta name=\"twitter:card\" content=\"summary_large_image\" \/>\n<meta name=\"twitter:label1\" content=\"Dur\u00e9e de lecture estim\u00e9e\" \/>\n\t<meta name=\"twitter:data1\" content=\"1 minute\" \/>\n<script type=\"application\/ld+json\" class=\"yoast-schema-graph\">{\"@context\":\"https:\\\/\\\/schema.org\",\"@graph\":[{\"@type\":\"WebPage\",\"@id\":\"https:\\\/\\\/alliedmet.com\\\/fr\\\/alliage-mere-a-base-de-nickel\\\/\",\"url\":\"https:\\\/\\\/alliedmet.com\\\/fr\\\/alliage-mere-a-base-de-nickel\\\/\",\"name\":\"Alliage m\u00e8re \u00e0 base de Nickel - Allied Metals Corporation\",\"isPartOf\":{\"@id\":\"https:\\\/\\\/alliedmet.com\\\/fr\\\/#website\"},\"primaryImageOfPage\":{\"@id\":\"https:\\\/\\\/alliedmet.com\\\/fr\\\/alliage-mere-a-base-de-nickel\\\/#primaryimage\"},\"image\":{\"@id\":\"https:\\\/\\\/alliedmet.com\\\/fr\\\/alliage-mere-a-base-de-nickel\\\/#primaryimage\"},\"thumbnailUrl\":\"https:\\\/\\\/alliedmet.com\\\/wp-content\\\/uploads\\\/2019\\\/11\\\/Nickel-Alloy.png\",\"datePublished\":\"2020-03-20T02:44:42+00:00\",\"dateModified\":\"2022-10-21T04:08:39+00:00\",\"description\":\"Allied Metals est l\u2019agent commercial nord-am\u00e9ricain de la soci\u00e9t\u00e9 KBM Affilips en Belgique, un producteur d\u2019alliages m\u00e8re \u00e0 base de nickel de la plus haute qualit\u00e9 pour les applications de fonderie et de fusion sous vide. Les alliages m\u00e8re \u00e0 base de nickel sont utilis\u00e9s comme inoculant pour r\u00e9duire l\u2019oxyg\u00e8ne et le soufre ainsi que les additifs m\u00e9talliques.\",\"breadcrumb\":{\"@id\":\"https:\\\/\\\/alliedmet.com\\\/fr\\\/alliage-mere-a-base-de-nickel\\\/#breadcrumb\"},\"inLanguage\":\"fr-FR\",\"potentialAction\":[{\"@type\":\"ReadAction\",\"target\":[\"https:\\\/\\\/alliedmet.com\\\/fr\\\/alliage-mere-a-base-de-nickel\\\/\"]}]},{\"@type\":\"ImageObject\",\"inLanguage\":\"fr-FR\",\"@id\":\"https:\\\/\\\/alliedmet.com\\\/fr\\\/alliage-mere-a-base-de-nickel\\\/#primaryimage\",\"url\":\"https:\\\/\\\/alliedmet.com\\\/wp-content\\\/uploads\\\/2019\\\/11\\\/Nickel-Alloy.png\",\"contentUrl\":\"https:\\\/\\\/alliedmet.com\\\/wp-content\\\/uploads\\\/2019\\\/11\\\/Nickel-Alloy.png\"},{\"@type\":\"BreadcrumbList\",\"@id\":\"https:\\\/\\\/alliedmet.com\\\/fr\\\/alliage-mere-a-base-de-nickel\\\/#breadcrumb\",\"itemListElement\":[{\"@type\":\"ListItem\",\"position\":1,\"name\":\"Home\",\"item\":\"https:\\\/\\\/alliedmet.com\\\/fr\\\/\"},{\"@type\":\"ListItem\",\"position\":2,\"name\":\"Alliage m\u00e8re \u00e0 base de Nickel\"}]},{\"@type\":\"WebSite\",\"@id\":\"https:\\\/\\\/alliedmet.com\\\/fr\\\/#website\",\"url\":\"https:\\\/\\\/alliedmet.com\\\/fr\\\/\",\"name\":\"Allied Metals Corporation\",\"description\":\"High Purity Iron and Low Carbon Iron\",\"publisher\":{\"@id\":\"https:\\\/\\\/alliedmet.com\\\/fr\\\/#organization\"},\"potentialAction\":[{\"@type\":\"SearchAction\",\"target\":{\"@type\":\"EntryPoint\",\"urlTemplate\":\"https:\\\/\\\/alliedmet.com\\\/fr\\\/?s={search_term_string}\"},\"query-input\":{\"@type\":\"PropertyValueSpecification\",\"valueRequired\":true,\"valueName\":\"search_term_string\"}}],\"inLanguage\":\"fr-FR\"},{\"@type\":\"Organization\",\"@id\":\"https:\\\/\\\/alliedmet.com\\\/fr\\\/#organization\",\"name\":\"Allied Metals Corporation\",\"url\":\"https:\\\/\\\/alliedmet.com\\\/fr\\\/\",\"logo\":{\"@type\":\"ImageObject\",\"inLanguage\":\"fr-FR\",\"@id\":\"https:\\\/\\\/alliedmet.com\\\/fr\\\/#\\\/schema\\\/logo\\\/image\\\/\",\"url\":\"https:\\\/\\\/alliedmet.com\\\/wp-content\\\/uploads\\\/2019\\\/07\\\/AMC-English-logo.png\",\"contentUrl\":\"https:\\\/\\\/alliedmet.com\\\/wp-content\\\/uploads\\\/2019\\\/07\\\/AMC-English-logo.png\",\"width\":1029,\"height\":317,\"caption\":\"Allied Metals Corporation\"},\"image\":{\"@id\":\"https:\\\/\\\/alliedmet.com\\\/fr\\\/#\\\/schema\\\/logo\\\/image\\\/\"},\"sameAs\":[\"https:\\\/\\\/www.linkedin.com\\\/company\\\/allied-metals\"]}]}<\/script>\n<!-- \/ Yoast SEO Premium plugin. -->","yoast_head_json":{"title":"Alliage m\u00e8re \u00e0 base de Nickel - Allied Metals Corporation","description":"Allied Metals est l\u2019agent commercial nord-am\u00e9ricain de la soci\u00e9t\u00e9 KBM Affilips en Belgique, un producteur d\u2019alliages m\u00e8re \u00e0 base de nickel de la plus haute qualit\u00e9 pour les applications de fonderie et de fusion sous vide. Les alliages m\u00e8re \u00e0 base de nickel sont utilis\u00e9s comme inoculant pour r\u00e9duire l\u2019oxyg\u00e8ne et le soufre ainsi que les additifs m\u00e9talliques.","robots":{"index":"index","follow":"follow","max-snippet":"max-snippet:-1","max-image-preview":"max-image-preview:large","max-video-preview":"max-video-preview:-1"},"canonical":"https:\/\/alliedmet.com\/fr\/alliage-mere-a-base-de-nickel\/","og_locale":"fr_FR","og_type":"article","og_title":"Alliage m\u00e8re \u00e0 base de Nickel","og_description":"Allied Metals est l\u2019agent commercial nord-am\u00e9ricain de la soci\u00e9t\u00e9 KBM Affilips en Belgique, un producteur d\u2019alliages m\u00e8re \u00e0 base de nickel de la plus haute qualit\u00e9 pour les applications de fonderie et de fusion sous vide. Les alliages m\u00e8re \u00e0 base de nickel sont utilis\u00e9s comme inoculant pour r\u00e9duire l\u2019oxyg\u00e8ne et le soufre ainsi que les additifs m\u00e9talliques.","og_url":"https:\/\/alliedmet.com\/fr\/alliage-mere-a-base-de-nickel\/","og_site_name":"Allied Metals Corporation","article_modified_time":"2022-10-21T04:08:39+00:00","og_image":[{"url":"https:\/\/alliedmet.com\/wp-content\/uploads\/2019\/11\/Nickel-Alloy.png","type":"","width":"","height":""}],"twitter_card":"summary_large_image","twitter_misc":{"Dur\u00e9e de lecture estim\u00e9e":"1 minute"},"schema":{"@context":"https:\/\/schema.org","@graph":[{"@type":"WebPage","@id":"https:\/\/alliedmet.com\/fr\/alliage-mere-a-base-de-nickel\/","url":"https:\/\/alliedmet.com\/fr\/alliage-mere-a-base-de-nickel\/","name":"Alliage m\u00e8re \u00e0 base de Nickel - Allied Metals Corporation","isPartOf":{"@id":"https:\/\/alliedmet.com\/fr\/#website"},"primaryImageOfPage":{"@id":"https:\/\/alliedmet.com\/fr\/alliage-mere-a-base-de-nickel\/#primaryimage"},"image":{"@id":"https:\/\/alliedmet.com\/fr\/alliage-mere-a-base-de-nickel\/#primaryimage"},"thumbnailUrl":"https:\/\/alliedmet.com\/wp-content\/uploads\/2019\/11\/Nickel-Alloy.png","datePublished":"2020-03-20T02:44:42+00:00","dateModified":"2022-10-21T04:08:39+00:00","description":"Allied Metals est l\u2019agent commercial nord-am\u00e9ricain de la soci\u00e9t\u00e9 KBM Affilips en Belgique, un producteur d\u2019alliages m\u00e8re \u00e0 base de nickel de la plus haute qualit\u00e9 pour les applications de fonderie et de fusion sous vide. Les alliages m\u00e8re \u00e0 base de nickel sont utilis\u00e9s comme inoculant pour r\u00e9duire l\u2019oxyg\u00e8ne et le soufre ainsi que les additifs m\u00e9talliques.","breadcrumb":{"@id":"https:\/\/alliedmet.com\/fr\/alliage-mere-a-base-de-nickel\/#breadcrumb"},"inLanguage":"fr-FR","potentialAction":[{"@type":"ReadAction","target":["https:\/\/alliedmet.com\/fr\/alliage-mere-a-base-de-nickel\/"]}]},{"@type":"ImageObject","inLanguage":"fr-FR","@id":"https:\/\/alliedmet.com\/fr\/alliage-mere-a-base-de-nickel\/#primaryimage","url":"https:\/\/alliedmet.com\/wp-content\/uploads\/2019\/11\/Nickel-Alloy.png","contentUrl":"https:\/\/alliedmet.com\/wp-content\/uploads\/2019\/11\/Nickel-Alloy.png"},{"@type":"BreadcrumbList","@id":"https:\/\/alliedmet.com\/fr\/alliage-mere-a-base-de-nickel\/#breadcrumb","itemListElement":[{"@type":"ListItem","position":1,"name":"Home","item":"https:\/\/alliedmet.com\/fr\/"},{"@type":"ListItem","position":2,"name":"Alliage m\u00e8re \u00e0 base de Nickel"}]},{"@type":"WebSite","@id":"https:\/\/alliedmet.com\/fr\/#website","url":"https:\/\/alliedmet.com\/fr\/","name":"Allied Metals Corporation","description":"High Purity Iron and Low Carbon Iron","publisher":{"@id":"https:\/\/alliedmet.com\/fr\/#organization"},"potentialAction":[{"@type":"SearchAction","target":{"@type":"EntryPoint","urlTemplate":"https:\/\/alliedmet.com\/fr\/?s={search_term_string}"},"query-input":{"@type":"PropertyValueSpecification","valueRequired":true,"valueName":"search_term_string"}}],"inLanguage":"fr-FR"},{"@type":"Organization","@id":"https:\/\/alliedmet.com\/fr\/#organization","name":"Allied Metals Corporation","url":"https:\/\/alliedmet.com\/fr\/","logo":{"@type":"ImageObject","inLanguage":"fr-FR","@id":"https:\/\/alliedmet.com\/fr\/#\/schema\/logo\/image\/","url":"https:\/\/alliedmet.com\/wp-content\/uploads\/2019\/07\/AMC-English-logo.png","contentUrl":"https:\/\/alliedmet.com\/wp-content\/uploads\/2019\/07\/AMC-English-logo.png","width":1029,"height":317,"caption":"Allied Metals Corporation"},"image":{"@id":"https:\/\/alliedmet.com\/fr\/#\/schema\/logo\/image\/"},"sameAs":["https:\/\/www.linkedin.com\/company\/allied-metals"]}]}},"_links":{"self":[{"href":"https:\/\/alliedmet.com\/fr\/wp-json\/wp\/v2\/pages\/3304","targetHints":{"allow":["GET"]}}],"collection":[{"href":"https:\/\/alliedmet.com\/fr\/wp-json\/wp\/v2\/pages"}],"about":[{"href":"https:\/\/alliedmet.com\/fr\/wp-json\/wp\/v2\/types\/page"}],"author":[{"embeddable":true,"href":"https:\/\/alliedmet.com\/fr\/wp-json\/wp\/v2\/users\/1"}],"replies":[{"embeddable":true,"href":"https:\/\/alliedmet.com\/fr\/wp-json\/wp\/v2\/comments?post=3304"}],"version-history":[{"count":0,"href":"https:\/\/alliedmet.com\/fr\/wp-json\/wp\/v2\/pages\/3304\/revisions"}],"wp:attachment":[{"href":"https:\/\/alliedmet.com\/fr\/wp-json\/wp\/v2\/media?parent=3304"}],"curies":[{"name":"wp","href":"https:\/\/api.w.org\/{rel}","templated":true}]}}