{"id":3653,"date":"2020-04-03T19:52:19","date_gmt":"2020-04-03T19:52:19","guid":{"rendered":"https:\/\/alliedmet.com\/?page_id=3653"},"modified":"2022-10-21T06:47:50","modified_gmt":"2022-10-21T06:47:50","slug":"politique-de-confidentialite","status":"publish","type":"page","link":"https:\/\/alliedmet.com\/fr\/politique-de-confidentialite\/","title":{"rendered":"POLITIQUE DE CONFIDENTIALIT\u00c9"},"content":{"rendered":"\n<div id=\"wp-block-themeisle-blocks-advanced-columns-f7a10841\" class=\"wp-block-themeisle-blocks-advanced-columns alignfull has-1-columns has-desktop-equal-layout has-tablet-equal-layout has-mobile-equal-layout has-vertical-unset ticss-e8a1eb50\"><div class=\"wp-block-themeisle-blocks-advanced-columns-overlay\"><\/div><div class=\"innerblocks-wrap\">\n<div id=\"wp-block-themeisle-blocks-advanced-column-7b832527\" class=\"wp-block-themeisle-blocks-advanced-column\">\n<div style=\"height:20px\" aria-hidden=\"true\" class=\"wp-block-spacer ticss-e880b3d7\"><\/div>\n<\/div>\n<\/div><\/div>\n\n\n\n<div id=\"wp-block-themeisle-blocks-advanced-columns-f4c65ec2\" class=\"wp-block-themeisle-blocks-advanced-columns has-1-columns has-desktop-equal-layout has-tablet-equal-layout has-mobile-equal-layout has-vertical-unset\"><div class=\"wp-block-themeisle-blocks-advanced-columns-overlay\"><\/div><div class=\"innerblocks-wrap\">\n<div id=\"wp-block-themeisle-blocks-advanced-column-f69f075b\" class=\"wp-block-themeisle-blocks-advanced-column\">\n<h1 id=\"wp-block-themeisle-blocks-advanced-heading-9b4bd478\" class=\"wp-block-themeisle-blocks-advanced-heading wp-block-themeisle-blocks-advanced-heading-9b4bd478\">POLITIQUE DE CONFIDENTIALIT\u00c9<\/h1>\n\n\n\n<div id=\"wp-block-themeisle-blocks-advanced-columns-ac4ef05d\" class=\"wp-block-themeisle-blocks-advanced-columns has-1-columns has-desktop-equal-layout has-tablet-equal-layout has-mobile-equal-layout has-vertical-unset\"><div class=\"wp-block-themeisle-blocks-advanced-columns-overlay\"><\/div><div class=\"innerblocks-wrap\">\n<div id=\"wp-block-themeisle-blocks-advanced-column-5b490cf2\" class=\"wp-block-themeisle-blocks-advanced-column\">\n<p><strong>Pr\u00e9ambule :<\/strong><\/p>\n\n\n\n<p>La protection des donn\u00e9es est tr\u00e8s importante pour nous. Par cons\u00e9quent, nous collectons et traitons vos donn\u00e9es en respectant la loi, conform\u00e9ment au r\u00e8glement g\u00e9n\u00e9ral de l&rsquo;UE sur la protection des donn\u00e9es (RGPD UE) et \u00e0 la loi allemande sur la protection des donn\u00e9es (BDSG) ainsi qu&rsquo;\u00e0 d&rsquo;autres dispositions l\u00e9gales, par exemple, la loi sur la protection des donn\u00e9es des t\u00e9l\u00e9services dans le domaine des communications \u00e9lectroniques.&nbsp;<\/p>\n\n\n\n<p>Cette d\u00e9claration est consid\u00e9r\u00e9e comme conforme \u00e0 notre obligation d&rsquo;information et de transparence en ce qui concerne la collecte et le traitement de vos donn\u00e9es personnelles.<\/p>\n\n\n\n<p><strong>D\u00e9partement en charge :<\/strong><\/p>\n\n\n\n<p>Allied metals Corporation, 2688 Lapeer Rd, Auburn Hills, MI 48326 \u00c9tats-Unis. T\u00e9l\u00e9phone +001 248 680-2400. E-Mail : <a href=\"mailto:info@alliedmet.com\">info@alliedmet.com<\/a> est responsable du traitement de vos donn\u00e9es personnelles. La soci\u00e9t\u00e9 est repr\u00e9sent\u00e9e par M. Gary Wasserman. Si vous avez des questions ou souhaitez recevoir plus d&rsquo;informations sur la protection des donn\u00e9es, n&rsquo;h\u00e9sitez pas \u00e0 nous contacter.<\/p>\n\n\n\n<p><strong>Responsable de la s\u00e9curit\u00e9 des donn\u00e9es :<\/strong><\/p>\n\n\n\n<p>Notre responsable de la s\u00e9curit\u00e9 des donn\u00e9es est M. Mark Pl\u00fcckthun. Vous pouvez le contacter personnellement \u00e0 Allied Metals Corporation, 2688 Lapeer Rd, Auburn Hills, MI 48236 \u00c9tats-Unis. T\u00e9l\u00e9phone : +001 248 680-2400, E-Mail : <a href=\"mailto:info@alliedmet.de\">info@alliedmet.de<\/a><\/p>\n\n\n\n<p><strong>Type, volume et origine des donn\u00e9es collect\u00e9es.<\/strong><\/p>\n\n\n\n<p>Allied Metals Corporation recueille g\u00e9n\u00e9ralement toutes les donn\u00e9es personnelles directement aupr\u00e8s de vous. Ce faisant, nous n&rsquo;entrons que les donn\u00e9es personnelles n\u00e9cessaires aux fins respectives du contrat (Principe d&rsquo;\u00e9conomie des donn\u00e9es). En outre, les donn\u00e9es fournies sont volontaires. Allied Metals Corporation recueille et traite :<\/p>\n\n\n\n<ul class=\"wp-block-list\"><li>Les donn\u00e9es de base des clients comme le nom, l&rsquo;adresse, etc.<\/li><li>Les donn\u00e9es pour le bon de livraison et la facture (adresse de facture diff\u00e9rente, adresse de livraison, identifiant de taxe sur le chiffre d&rsquo;affaires)<\/li><li>Les donn\u00e9es bancaires pour le traitement des paiements.<\/li><li>Les donn\u00e9es en ligne pour d\u00e9marrer ou maintenir une relation contractuelle par des moyens \u00e9lectroniques tels que l&rsquo;adresse e-mail ou les num\u00e9ros de t\u00e9l\u00e9phone mobile.&nbsp;<\/li><\/ul>\n\n\n\n<p>G\u00e9n\u00e9ralement, vous fournissez vos donn\u00e9es avec votre premier contact. Dans certains cas cependant, nous pouvons recevoir des donn\u00e9es personnelles par le biais de tiers.<\/p>\n\n\n\n<p><strong>Finalit\u00e9s du traitement des donn\u00e9es personnelles, des litiges :<\/strong><\/p>\n\n\n\n<p>La collecte et le traitement de vos donn\u00e9es visent \u00e0 :<\/p>\n\n\n\n<ul class=\"wp-block-list\"><li>g\u00e9n\u00e9rer des offres (ce qui s&rsquo;accompagne du transfert d&rsquo;informations n\u00e9cessaire pour cr\u00e9er l&rsquo;offre)<\/li><li>la conclusion du contrat, l&rsquo;ex\u00e9cution d&rsquo;un contrat et le service client<\/li><li>la v\u00e9rification de cr\u00e9dit avant d&rsquo;entrer dans une relation d&rsquo;affaires.<\/li><li>la collecte d&rsquo;informations sur les produits et services d&rsquo;Allied Metals Corporation<\/li><li>le respect des obligations l\u00e9gales et r\u00e9glementaires.<\/li><\/ul>\n\n\n\n<p>Les donn\u00e9es sont trait\u00e9es selon le nom des dispositions l\u00e9gales dans la premi\u00e8re section. La base juridique du traitement des donn\u00e9es se trouve notamment \u00e0 l&rsquo;art. 6. sec 1b RGPD UE. En cons\u00e9quence, le traitement des donn\u00e9es personnelles est l\u00e9gitime, si ce traitement est n\u00e9cessaire pour remplir les obligations contractuelles ou pour mener \u00e0 bien les actions pr\u00e9contractuelles demand\u00e9es.<\/p>\n\n\n\n<p><strong>M\u00e9thodes de traitement des donn\u00e9es :&nbsp;<\/strong><\/p>\n\n\n\n<p>Allied Metals Corporation garantit que les donn\u00e9es personnelles sont trait\u00e9es de mani\u00e8re \u00e0 assurer la protection de vos donn\u00e9es. Les donn\u00e9es sont trait\u00e9es \u00e0 la fois par voie \u00e9lectronique et sur papier. Ce faisant, nous respectons les normes de s\u00e9curit\u00e9 en ce qui concerne la protection de votre vie priv\u00e9e et le risque d&rsquo;acc\u00e8s par des personnes non autoris\u00e9es. Nous avons pris des pr\u00e9cautions techniques et administratives importantes pour prot\u00e9ger vos donn\u00e9es personnelles fournies contre la perte, la manipulation, la destruction et l&rsquo;acc\u00e8s non autoris\u00e9. Nos mesures de s\u00e9curit\u00e9 sont constamment am\u00e9lior\u00e9es en raison du d\u00e9veloppement technologique et des exigences l\u00e9gales.<\/p>\n\n\n\n<p><strong>R\u00e9cepteur de donn\u00e9es :<\/strong><\/p>\n\n\n\n<p>L&rsquo;autorit\u00e9 de collecte des donn\u00e9es est Allied Metals Corporation. Allied Metals Corporation enregistre toutes les donn\u00e9es n\u00e9cessaires \u00e0 l&rsquo;ex\u00e9cution des contrats et au service client dans ses syst\u00e8mes informatiques. Dans le cadre de l&rsquo;acquisition et de la conservation des clients, vos donn\u00e9es sont collect\u00e9es par les repr\u00e9sentants et le personnel commercial que nous employons.&nbsp;<\/p>\n\n\n\n<p>Pour se conformer \u00e0 nos obligations contractuelles, Allied Metals Corporation fait appel \u00e0 des prestataires de services soigneusement s\u00e9lectionn\u00e9s, qui re\u00e7oivent l&rsquo;acc\u00e8s n\u00e9cessaire \u00e0 vos donn\u00e9es pour ex\u00e9cuter notre commande.<\/p>\n\n\n\n<p><strong>Les r\u00e9cepteurs de donn\u00e9es sont :<\/strong><\/p>\n\n\n\n<ul class=\"wp-block-list\"><li>Les prestataires de services informatiques et les soci\u00e9t\u00e9s de conseil<\/li><li>Les institutions financi\u00e8res<\/li><li>Les repr\u00e9sentants<\/li><li>Les soci\u00e9t\u00e9s externes ainsi que les entreprises et les soci\u00e9t\u00e9s de contr\u00f4le fiscal<\/li><li>Les bureaucraties, entre autres l&rsquo;administration des finances<\/li><\/ul>\n\n\n\n<p>Si cela est n\u00e9cessaire et l\u00e9gal pour v\u00e9rifier votre demande\/commande, vos donn\u00e9es peuvent \u00eatre transf\u00e9r\u00e9es, avant la conclusion d&rsquo;un contrat, \u00e0 une agence de notation pour une v\u00e9rification de cr\u00e9dit et l&rsquo;obtention d&rsquo;informations commerciales. En cas de retard de paiement, nous pouvons transf\u00e9rer vos donn\u00e9es \u00e0 une agence de recouvrement et\/ou \u00e0 des avocats pour encaissement.<\/p>\n\n\n\n<p>Tous les prestataires de services confi\u00e9s par Allied Metals Corporation avant de passer une commande seront v\u00e9rifi\u00e9s au regard de leurs normes de protection des donn\u00e9es et seront tenus de se conformer aux exigences l\u00e9gales en mati\u00e8re de protection des donn\u00e9es. Un transfert de donn\u00e9es pour autoriser des tiers au-del\u00e0 de cela n&rsquo;a pas lieu. Sauf si nous sommes autoris\u00e9s ou tenus par la loi de le faire ou si vous acceptez de le faire au pr\u00e9alable.<\/p>\n\n\n\n<p><strong>P\u00e9riode de collecte des donn\u00e9es :<\/strong><\/p>\n\n\n\n<p>Allied Metals Corporation stocke vos donn\u00e9es pendant la p\u00e9riode contractuelle ou plus longtemps que la relation contractuelle en cas d&rsquo;existence d&rsquo;int\u00e9r\u00eats \u00e9ligibles (par exemple retard de paiement) La p\u00e9riode de collecte des donn\u00e9es est conforme au d\u00e9lai de prescription, par exemple selon \u00a7\u00a7 195 f. code civil (BGB) est g\u00e9n\u00e9ralement de trois ans mais peut \u00eatre \u00e9tendu \u00e0 30 ans. De plus, nous devons respecter plusieurs obligations de documentation et de stockage selon le code de commerce allemand (HGB) et le code g\u00e9n\u00e9ral des imp\u00f4ts (AO). Le d\u00e9lai de prescription selon le HGB et l&rsquo;AO peut durer de 6 \u00e0 10 ans.<\/p>\n\n\n\n<p><strong>Droits des personnes concern\u00e9es :<\/strong><\/p>\n\n\n\n<p>Allied Metals Corporation respecte et prot\u00e8ge vos droits conform\u00e9ment au RGPD de l&rsquo;UE et en particulier, vous avez les droits suivants&nbsp;:&nbsp;<\/p>\n\n\n\n<ul class=\"wp-block-list\"><li>Savoir si nous avons trait\u00e9 vos donn\u00e9es personnelles. Si tel est le cas, vous pouvez obtenir des informations sur les donn\u00e9es personnelles. Si tel est le cas, vous pouvez vous informer sur les donn\u00e9es personnelles collect\u00e9es et sur toutes les finalit\u00e9s et l&rsquo;utilisation de vos donn\u00e9es.<\/li><li>Corriger et supprimer ou restreindre l&rsquo;acc\u00e8s aux donn\u00e9es personnelles trait\u00e9es. S&rsquo;il n&rsquo;y a pas d&rsquo;exigences l\u00e9gales oppos\u00e9es \u00e0 une telle action. Allied Metals Corporation a mis en place un concept de suppression pour prot\u00e9ger (en plus d&rsquo;autres raisons) vos droits l\u00e9gaux.<\/li><li>La fourniture de vos donn\u00e9es, dans un format structur\u00e9, commun et lisible par machine.<\/li><li>R\u00e9voquer votre consentement \u00e0 l&rsquo;utilisation de donn\u00e9es personnelles fournies volontairement comme votre num\u00e9ro de t\u00e9l\u00e9phone, etc.<\/li><li>Retirer l&rsquo;utilisation pour le marketing direct d\u2019Allied Metals Corporation.<\/li><li>Un retrait sp\u00e9cifi\u00e9 par une situation personnelle sp\u00e9cifique pour l&rsquo;utilisation de vos donn\u00e9es personnelles, que nous avons trait\u00e9es dans l&rsquo;int\u00e9r\u00eat l\u00e9gitime (Art. 6. sec. si RGPD UE).<\/li><\/ul>\n\n\n\n<p>Pour faire valoir vos droits, contactez-nous en communiquant par \u00e9crit les donn\u00e9es de votre partenaire commercial \u00e0 Allied Metals Corporation, 2688 Lapeer Rd, Auburn Hills, MI 48326 \u00c9tats-Unis, T\u00e9l\u00e9phone : +001 248 680-2400, E-Mail : <a href=\"mailto:info@alliedmet.com\">info@alliedmet.com<\/a><\/p>\n\n\n\n<p>Si vous craignez que le mode de traitement de vos donn\u00e9es personnelles ne soit pas conforme au RGPD de l&rsquo;UE, vous pouvez d\u00e9poser une plainte aupr\u00e8s d&rsquo;une autorit\u00e9 de contr\u00f4le sur votre lieu de travail ou l\u00e0 o\u00f9 la violation pr\u00e9sum\u00e9e a lieu.<\/p>\n\n\n\n<p>En outre, vous pouvez \u00e9galement contacter notre responsable de la s\u00e9curit\u00e9 des donn\u00e9es pour toute information sur le traitement de vos donn\u00e9es personnelles et toute question concernant vos droits conform\u00e9ment aux lois sur la protection des donn\u00e9es.<\/p>\n\n\n\n<figure class=\"wp-block-image size-large ticss-fa6c5c24\"><img decoding=\"async\" width=\"261\" height=\"161\" data-src=\"https:\/\/alliedmet.com\/wp-content\/uploads\/2020\/03\/signature_gary.jpg\" alt=\"\" class=\"wp-image-3600 lazyload\" src=\"data:image\/svg+xml;base64,PHN2ZyB3aWR0aD0iMSIgaGVpZ2h0PSIxIiB4bWxucz0iaHR0cDovL3d3dy53My5vcmcvMjAwMC9zdmciPjwvc3ZnPg==\" style=\"--smush-placeholder-width: 261px; --smush-placeholder-aspect-ratio: 261\/161;\" \/><\/figure>\n\n\n\n<figure class=\"wp-block-image size-large\"><img decoding=\"async\" width=\"261\" height=\"161\" data-src=\"https:\/\/alliedmet.com\/wp-content\/uploads\/2020\/03\/signature_mark.jpg\" alt=\"\" class=\"wp-image-3604 lazyload\" src=\"data:image\/svg+xml;base64,PHN2ZyB3aWR0aD0iMSIgaGVpZ2h0PSIxIiB4bWxucz0iaHR0cDovL3d3dy53My5vcmcvMjAwMC9zdmciPjwvc3ZnPg==\" style=\"--smush-placeholder-width: 261px; --smush-placeholder-aspect-ratio: 261\/161;\" \/><\/figure>\n\n\n\n<p><\/p>\n<\/div>\n<\/div><\/div>\n<\/div>\n<\/div><\/div>\n","protected":false},"excerpt":{"rendered":"","protected":false},"author":1,"featured_media":0,"parent":0,"menu_order":0,"comment_status":"closed","ping_status":"closed","template":"","meta":{"neve_meta_sidebar":"","neve_meta_container":"","neve_meta_enable_content_width":"","neve_meta_content_width":0,"neve_meta_title_alignment":"","neve_meta_author_avatar":"","neve_post_elements_order":"","neve_meta_disable_header":"","neve_meta_disable_footer":"","neve_meta_disable_title":"on","_themeisle_gutenberg_block_has_review":false,"footnotes":""},"class_list":["post-3653","page","type-page","status-publish","hentry"],"yoast_head":"<!-- This site is optimized with the Yoast SEO Premium plugin v27.3 (Yoast SEO v27.3) - https:\/\/yoast.com\/product\/yoast-seo-premium-wordpress\/ -->\n<title>POLITIQUE DE CONFIDENTIALIT\u00c9 - Allied Metals Corporation<\/title>\n<meta name=\"robots\" content=\"index, follow, max-snippet:-1, max-image-preview:large, max-video-preview:-1\" \/>\n<link rel=\"canonical\" href=\"https:\/\/alliedmet.com\/fr\/politique-de-confidentialite\/\" \/>\n<meta property=\"og:locale\" content=\"fr_FR\" \/>\n<meta property=\"og:type\" content=\"article\" \/>\n<meta property=\"og:title\" content=\"POLITIQUE DE CONFIDENTIALIT\u00c9\" \/>\n<meta property=\"og:url\" content=\"https:\/\/alliedmet.com\/fr\/politique-de-confidentialite\/\" \/>\n<meta property=\"og:site_name\" content=\"Allied Metals Corporation\" \/>\n<meta property=\"article:modified_time\" content=\"2022-10-21T06:47:50+00:00\" \/>\n<meta property=\"og:image\" content=\"https:\/\/alliedmet.com\/wp-content\/uploads\/2020\/03\/signature_gary.jpg\" \/>\n<meta name=\"twitter:card\" content=\"summary_large_image\" \/>\n<meta name=\"twitter:label1\" content=\"Dur\u00e9e de lecture estim\u00e9e\" \/>\n\t<meta name=\"twitter:data1\" content=\"6 minutes\" \/>\n<script type=\"application\/ld+json\" class=\"yoast-schema-graph\">{\"@context\":\"https:\\\/\\\/schema.org\",\"@graph\":[{\"@type\":\"WebPage\",\"@id\":\"https:\\\/\\\/alliedmet.com\\\/fr\\\/politique-de-confidentialite\\\/\",\"url\":\"https:\\\/\\\/alliedmet.com\\\/fr\\\/politique-de-confidentialite\\\/\",\"name\":\"POLITIQUE DE CONFIDENTIALIT\u00c9 - Allied Metals Corporation\",\"isPartOf\":{\"@id\":\"https:\\\/\\\/alliedmet.com\\\/fr\\\/#website\"},\"primaryImageOfPage\":{\"@id\":\"https:\\\/\\\/alliedmet.com\\\/fr\\\/politique-de-confidentialite\\\/#primaryimage\"},\"image\":{\"@id\":\"https:\\\/\\\/alliedmet.com\\\/fr\\\/politique-de-confidentialite\\\/#primaryimage\"},\"thumbnailUrl\":\"https:\\\/\\\/alliedmet.com\\\/wp-content\\\/uploads\\\/2020\\\/03\\\/signature_gary.jpg\",\"datePublished\":\"2020-04-03T19:52:19+00:00\",\"dateModified\":\"2022-10-21T06:47:50+00:00\",\"breadcrumb\":{\"@id\":\"https:\\\/\\\/alliedmet.com\\\/fr\\\/politique-de-confidentialite\\\/#breadcrumb\"},\"inLanguage\":\"fr-FR\",\"potentialAction\":[{\"@type\":\"ReadAction\",\"target\":[\"https:\\\/\\\/alliedmet.com\\\/fr\\\/politique-de-confidentialite\\\/\"]}]},{\"@type\":\"ImageObject\",\"inLanguage\":\"fr-FR\",\"@id\":\"https:\\\/\\\/alliedmet.com\\\/fr\\\/politique-de-confidentialite\\\/#primaryimage\",\"url\":\"https:\\\/\\\/alliedmet.com\\\/wp-content\\\/uploads\\\/2020\\\/03\\\/signature_gary.jpg\",\"contentUrl\":\"https:\\\/\\\/alliedmet.com\\\/wp-content\\\/uploads\\\/2020\\\/03\\\/signature_gary.jpg\"},{\"@type\":\"BreadcrumbList\",\"@id\":\"https:\\\/\\\/alliedmet.com\\\/fr\\\/politique-de-confidentialite\\\/#breadcrumb\",\"itemListElement\":[{\"@type\":\"ListItem\",\"position\":1,\"name\":\"Home\",\"item\":\"https:\\\/\\\/alliedmet.com\\\/fr\\\/\"},{\"@type\":\"ListItem\",\"position\":2,\"name\":\"POLITIQUE DE CONFIDENTIALIT\u00c9\"}]},{\"@type\":\"WebSite\",\"@id\":\"https:\\\/\\\/alliedmet.com\\\/fr\\\/#website\",\"url\":\"https:\\\/\\\/alliedmet.com\\\/fr\\\/\",\"name\":\"Allied Metals Corporation\",\"description\":\"High Purity Iron and Low Carbon Iron\",\"publisher\":{\"@id\":\"https:\\\/\\\/alliedmet.com\\\/fr\\\/#organization\"},\"potentialAction\":[{\"@type\":\"SearchAction\",\"target\":{\"@type\":\"EntryPoint\",\"urlTemplate\":\"https:\\\/\\\/alliedmet.com\\\/fr\\\/?s={search_term_string}\"},\"query-input\":{\"@type\":\"PropertyValueSpecification\",\"valueRequired\":true,\"valueName\":\"search_term_string\"}}],\"inLanguage\":\"fr-FR\"},{\"@type\":\"Organization\",\"@id\":\"https:\\\/\\\/alliedmet.com\\\/fr\\\/#organization\",\"name\":\"Allied Metals Corporation\",\"url\":\"https:\\\/\\\/alliedmet.com\\\/fr\\\/\",\"logo\":{\"@type\":\"ImageObject\",\"inLanguage\":\"fr-FR\",\"@id\":\"https:\\\/\\\/alliedmet.com\\\/fr\\\/#\\\/schema\\\/logo\\\/image\\\/\",\"url\":\"https:\\\/\\\/alliedmet.com\\\/wp-content\\\/uploads\\\/2019\\\/07\\\/AMC-English-logo.png\",\"contentUrl\":\"https:\\\/\\\/alliedmet.com\\\/wp-content\\\/uploads\\\/2019\\\/07\\\/AMC-English-logo.png\",\"width\":1029,\"height\":317,\"caption\":\"Allied Metals Corporation\"},\"image\":{\"@id\":\"https:\\\/\\\/alliedmet.com\\\/fr\\\/#\\\/schema\\\/logo\\\/image\\\/\"},\"sameAs\":[\"https:\\\/\\\/www.linkedin.com\\\/company\\\/allied-metals\"]}]}<\/script>\n<!-- \/ Yoast SEO Premium plugin. -->","yoast_head_json":{"title":"POLITIQUE DE CONFIDENTIALIT\u00c9 - Allied Metals Corporation","robots":{"index":"index","follow":"follow","max-snippet":"max-snippet:-1","max-image-preview":"max-image-preview:large","max-video-preview":"max-video-preview:-1"},"canonical":"https:\/\/alliedmet.com\/fr\/politique-de-confidentialite\/","og_locale":"fr_FR","og_type":"article","og_title":"POLITIQUE DE CONFIDENTIALIT\u00c9","og_url":"https:\/\/alliedmet.com\/fr\/politique-de-confidentialite\/","og_site_name":"Allied Metals Corporation","article_modified_time":"2022-10-21T06:47:50+00:00","og_image":[{"url":"https:\/\/alliedmet.com\/wp-content\/uploads\/2020\/03\/signature_gary.jpg","type":"","width":"","height":""}],"twitter_card":"summary_large_image","twitter_misc":{"Dur\u00e9e de lecture estim\u00e9e":"6 minutes"},"schema":{"@context":"https:\/\/schema.org","@graph":[{"@type":"WebPage","@id":"https:\/\/alliedmet.com\/fr\/politique-de-confidentialite\/","url":"https:\/\/alliedmet.com\/fr\/politique-de-confidentialite\/","name":"POLITIQUE DE CONFIDENTIALIT\u00c9 - Allied Metals Corporation","isPartOf":{"@id":"https:\/\/alliedmet.com\/fr\/#website"},"primaryImageOfPage":{"@id":"https:\/\/alliedmet.com\/fr\/politique-de-confidentialite\/#primaryimage"},"image":{"@id":"https:\/\/alliedmet.com\/fr\/politique-de-confidentialite\/#primaryimage"},"thumbnailUrl":"https:\/\/alliedmet.com\/wp-content\/uploads\/2020\/03\/signature_gary.jpg","datePublished":"2020-04-03T19:52:19+00:00","dateModified":"2022-10-21T06:47:50+00:00","breadcrumb":{"@id":"https:\/\/alliedmet.com\/fr\/politique-de-confidentialite\/#breadcrumb"},"inLanguage":"fr-FR","potentialAction":[{"@type":"ReadAction","target":["https:\/\/alliedmet.com\/fr\/politique-de-confidentialite\/"]}]},{"@type":"ImageObject","inLanguage":"fr-FR","@id":"https:\/\/alliedmet.com\/fr\/politique-de-confidentialite\/#primaryimage","url":"https:\/\/alliedmet.com\/wp-content\/uploads\/2020\/03\/signature_gary.jpg","contentUrl":"https:\/\/alliedmet.com\/wp-content\/uploads\/2020\/03\/signature_gary.jpg"},{"@type":"BreadcrumbList","@id":"https:\/\/alliedmet.com\/fr\/politique-de-confidentialite\/#breadcrumb","itemListElement":[{"@type":"ListItem","position":1,"name":"Home","item":"https:\/\/alliedmet.com\/fr\/"},{"@type":"ListItem","position":2,"name":"POLITIQUE DE CONFIDENTIALIT\u00c9"}]},{"@type":"WebSite","@id":"https:\/\/alliedmet.com\/fr\/#website","url":"https:\/\/alliedmet.com\/fr\/","name":"Allied Metals Corporation","description":"High Purity Iron and Low Carbon Iron","publisher":{"@id":"https:\/\/alliedmet.com\/fr\/#organization"},"potentialAction":[{"@type":"SearchAction","target":{"@type":"EntryPoint","urlTemplate":"https:\/\/alliedmet.com\/fr\/?s={search_term_string}"},"query-input":{"@type":"PropertyValueSpecification","valueRequired":true,"valueName":"search_term_string"}}],"inLanguage":"fr-FR"},{"@type":"Organization","@id":"https:\/\/alliedmet.com\/fr\/#organization","name":"Allied Metals Corporation","url":"https:\/\/alliedmet.com\/fr\/","logo":{"@type":"ImageObject","inLanguage":"fr-FR","@id":"https:\/\/alliedmet.com\/fr\/#\/schema\/logo\/image\/","url":"https:\/\/alliedmet.com\/wp-content\/uploads\/2019\/07\/AMC-English-logo.png","contentUrl":"https:\/\/alliedmet.com\/wp-content\/uploads\/2019\/07\/AMC-English-logo.png","width":1029,"height":317,"caption":"Allied Metals Corporation"},"image":{"@id":"https:\/\/alliedmet.com\/fr\/#\/schema\/logo\/image\/"},"sameAs":["https:\/\/www.linkedin.com\/company\/allied-metals"]}]}},"_links":{"self":[{"href":"https:\/\/alliedmet.com\/fr\/wp-json\/wp\/v2\/pages\/3653","targetHints":{"allow":["GET"]}}],"collection":[{"href":"https:\/\/alliedmet.com\/fr\/wp-json\/wp\/v2\/pages"}],"about":[{"href":"https:\/\/alliedmet.com\/fr\/wp-json\/wp\/v2\/types\/page"}],"author":[{"embeddable":true,"href":"https:\/\/alliedmet.com\/fr\/wp-json\/wp\/v2\/users\/1"}],"replies":[{"embeddable":true,"href":"https:\/\/alliedmet.com\/fr\/wp-json\/wp\/v2\/comments?post=3653"}],"version-history":[{"count":0,"href":"https:\/\/alliedmet.com\/fr\/wp-json\/wp\/v2\/pages\/3653\/revisions"}],"wp:attachment":[{"href":"https:\/\/alliedmet.com\/fr\/wp-json\/wp\/v2\/media?parent=3653"}],"curies":[{"name":"wp","href":"https:\/\/api.w.org\/{rel}","templated":true}]}}